{"id":78752,"date":"2024-10-24T04:51:41","date_gmt":"2024-10-24T08:51:41","guid":{"rendered":"https:\/\/www.assent.com\/?page_id=78752"},"modified":"2025-07-23T16:51:24","modified_gmt":"2025-07-23T20:51:24","slug":"dott-ssa-roxy-swails","status":"publish","type":"page","link":"https:\/\/www.assent.com\/it\/funzionalita\/competenza\/dottssa-roxy-swails\/","title":{"rendered":"Dott.ssa Roxy Swails"},"content":{"rendered":"\n<div style=\"height:75px\" aria-hidden=\"true\" class=\"wp-block-spacer\"><\/div>\n\n\n\r\n<!-- WYSIWYG -->\r\n        <section class=\"wysiwyg-section\">\r\n            <div class=\"container\"><h1><b>Dr. Roxy Swails<\/b><\/h1>\n<h6>Esperta senior di normative<\/h6>\n<p><img decoding=\"async\" class=\"size-medium wp-image-43259 alignright\" src=\"https:\/\/www.assent.com\/wp-content\/uploads\/2024\/10\/Roxy-Swails-2024.jpg\" alt=\"\" width=\"300\" height=\"300\" \/><\/p>\n<p>Grazie alla sua esperienza pratica nel settore della promozione di iniziative di prodotti sostenibili e pi\u00f9 di otto anni come docente di chimica verde, Roxy aiuta i clienti di Assent a migliorare i propri programmi di conformit\u00e0 e sostenibilit\u00e0. Guida le risposte dei produttori agli obblighi legati al REACH, RoHS, Proposition 65 e TSCA. Nella sua carriera di esperta di gestione responsabile dei prodotti e sostenibilit\u00e0 a livello globale, ha contribuito alla realizzazione di iniziative per l\u2019eliminazione delle sostanze PFAS, per l\u2019analisi del ciclo di vita e per programmi di gestione del rischio. Roxy ha conseguito un dottorato di ricerca in chimica organometallica presso l\u2019Universit\u00e0 della Florida.<\/p>\n<p><!--a href=\"https:\/\/www.linkedin.com\/in\/roxy-swails\" target=\"_blank\" rel=\"noopener\">Connect with Noah on LinkedIn<\/a>\n\n<a href=\"mailto:roxy.swails@assentcompliance.com\">Email Roxy<\/a--><\/p>\n<p>&nbsp;<\/p>\n<\/div>    \r\n        <\/section>\n\n\n<div style=\"height:100px\" aria-hidden=\"true\" class=\"wp-block-spacer\"><\/div>\n\n\n\n<p><\/p>\n","protected":false},"excerpt":{"rendered":"<p>Ti presentiamo la Dott.ssa Roxy Swails, esperta di conformit\u00e0 normativa di Assent.<\/p>\n","protected":false},"author":21,"featured_media":0,"parent":0,"menu_order":0,"comment_status":"closed","ping_status":"closed","template":"","meta":{"_acf_changed":false,"footnotes":"","_links_to":"","_links_to_target":""},"categories":[],"class_list":["post-78752","page","type-page","status-publish","hentry"],"acf":[],"yoast_head":"<!-- This site is optimized with the Yoast SEO Premium plugin v26.6 (Yoast SEO v27.0) - https:\/\/yoast.com\/product\/yoast-seo-premium-wordpress\/ -->\n<title>Dr. Roxy Swails | Esperta senior di normative | Assent<\/title>\n<meta name=\"description\" content=\"Ti presentiamo la Dott.ssa Roxy Swails, esperta di conformit\u00e0 normativa di Assent.\" \/>\n<meta name=\"robots\" content=\"index, follow, max-snippet:-1, max-image-preview:large, max-video-preview:-1\" \/>\n<link rel=\"canonical\" href=\"https:\/\/www.assent.com\/it\/funzionalita\/competenza\/dottssa-roxy-swails\/\" \/>\n<meta property=\"og:locale\" content=\"it_IT\" \/>\n<meta property=\"og:type\" content=\"article\" \/>\n<meta property=\"og:title\" content=\"Dott.ssa Roxy Swails\" \/>\n<meta property=\"og:description\" content=\"Ti presentiamo la Dott.ssa Roxy Swails, esperta di conformit\u00e0 normativa di Assent.\" \/>\n<meta property=\"og:url\" content=\"https:\/\/www.assent.com\/it\/funzionalita\/competenza\/dottssa-roxy-swails\/\" \/>\n<meta property=\"og:site_name\" content=\"Assent\" \/>\n<meta property=\"article:publisher\" content=\"https:\/\/www.facebook.com\/AssentCompliance\/\" \/>\n<meta property=\"article:modified_time\" content=\"2025-07-23T20:51:24+00:00\" \/>\n<meta name=\"twitter:card\" content=\"summary_large_image\" \/>\n<meta name=\"twitter:site\" content=\"@AssentGlobal\" \/>\n<script type=\"application\/ld+json\" class=\"yoast-schema-graph\">{\"@context\":\"https:\/\/schema.org\",\"@graph\":[{\"@type\":\"WebPage\",\"@id\":\"https:\/\/www.assent.com\/it\/funzionalita\/competenza\/dottssa-roxy-swails\/\",\"url\":\"https:\/\/www.assent.com\/it\/funzionalita\/competenza\/dottssa-roxy-swails\/\",\"name\":\"Dr. Roxy Swails | Esperta senior di normative | Assent\",\"isPartOf\":{\"@id\":\"https:\/\/www.assent.com\/it\/#website\"},\"datePublished\":\"2024-10-24T08:51:41+00:00\",\"dateModified\":\"2025-07-23T20:51:24+00:00\",\"description\":\"Ti presentiamo la Dott.ssa Roxy Swails, esperta di conformit\u00e0 normativa di Assent.\",\"breadcrumb\":{\"@id\":\"https:\/\/www.assent.com\/it\/funzionalita\/competenza\/dottssa-roxy-swails\/#breadcrumb\"},\"inLanguage\":\"it-IT\",\"potentialAction\":[{\"@type\":\"ReadAction\",\"target\":[\"https:\/\/www.assent.com\/it\/funzionalita\/competenza\/dottssa-roxy-swails\/\"]}]},{\"@type\":\"BreadcrumbList\",\"@id\":\"https:\/\/www.assent.com\/it\/funzionalita\/competenza\/dottssa-roxy-swails\/#breadcrumb\",\"itemListElement\":[{\"@type\":\"ListItem\",\"position\":1,\"name\":\"Home\",\"item\":\"https:\/\/www.assent.com\/it\/\"},{\"@type\":\"ListItem\",\"position\":2,\"name\":\"Dott.ssa Roxy Swails\"}]},{\"@type\":\"WebSite\",\"@id\":\"https:\/\/www.assent.com\/it\/#website\",\"url\":\"https:\/\/www.assent.com\/it\/\",\"name\":\"Assent\",\"description\":\"\",\"publisher\":{\"@id\":\"https:\/\/www.assent.com\/it\/#organization\"},\"potentialAction\":[{\"@type\":\"SearchAction\",\"target\":{\"@type\":\"EntryPoint\",\"urlTemplate\":\"https:\/\/www.assent.com\/it\/?s={search_term_string}\"},\"query-input\":{\"@type\":\"PropertyValueSpecification\",\"valueRequired\":true,\"valueName\":\"search_term_string\"}}],\"inLanguage\":\"it-IT\"},{\"@type\":\"Organization\",\"@id\":\"https:\/\/www.assent.com\/it\/#organization\",\"name\":\"Assent\",\"url\":\"https:\/\/www.assent.com\/it\/\",\"logo\":{\"@type\":\"ImageObject\",\"inLanguage\":\"it-IT\",\"@id\":\"https:\/\/www.assent.com\/it\/#\/schema\/logo\/image\/\",\"url\":\"https:\/\/www.assent.com\/wp-content\/uploads\/2022\/01\/logo.svg\",\"contentUrl\":\"https:\/\/www.assent.com\/wp-content\/uploads\/2022\/01\/logo.svg\",\"width\":1,\"height\":1,\"caption\":\"Assent\"},\"image\":{\"@id\":\"https:\/\/www.assent.com\/it\/#\/schema\/logo\/image\/\"},\"sameAs\":[\"https:\/\/www.facebook.com\/AssentCompliance\/\",\"https:\/\/x.com\/AssentGlobal\",\"https:\/\/www.linkedin.com\/company\/assent-compliance-inc\"]}]}<\/script>\n<!-- \/ Yoast SEO Premium plugin. -->","yoast_head_json":{"title":"Dr. Roxy Swails | Esperta senior di normative | Assent","description":"Ti presentiamo la Dott.ssa Roxy Swails, esperta di conformit\u00e0 normativa di Assent.","robots":{"index":"index","follow":"follow","max-snippet":"max-snippet:-1","max-image-preview":"max-image-preview:large","max-video-preview":"max-video-preview:-1"},"canonical":"https:\/\/www.assent.com\/it\/funzionalita\/competenza\/dottssa-roxy-swails\/","og_locale":"it_IT","og_type":"article","og_title":"Dott.ssa Roxy Swails","og_description":"Ti presentiamo la Dott.ssa Roxy Swails, esperta di conformit\u00e0 normativa di Assent.","og_url":"https:\/\/www.assent.com\/it\/funzionalita\/competenza\/dottssa-roxy-swails\/","og_site_name":"Assent","article_publisher":"https:\/\/www.facebook.com\/AssentCompliance\/","article_modified_time":"2025-07-23T20:51:24+00:00","twitter_card":"summary_large_image","twitter_site":"@AssentGlobal","schema":{"@context":"https:\/\/schema.org","@graph":[{"@type":"WebPage","@id":"https:\/\/www.assent.com\/it\/funzionalita\/competenza\/dottssa-roxy-swails\/","url":"https:\/\/www.assent.com\/it\/funzionalita\/competenza\/dottssa-roxy-swails\/","name":"Dr. Roxy Swails | Esperta senior di normative | Assent","isPartOf":{"@id":"https:\/\/www.assent.com\/it\/#website"},"datePublished":"2024-10-24T08:51:41+00:00","dateModified":"2025-07-23T20:51:24+00:00","description":"Ti presentiamo la Dott.ssa Roxy Swails, esperta di conformit\u00e0 normativa di Assent.","breadcrumb":{"@id":"https:\/\/www.assent.com\/it\/funzionalita\/competenza\/dottssa-roxy-swails\/#breadcrumb"},"inLanguage":"it-IT","potentialAction":[{"@type":"ReadAction","target":["https:\/\/www.assent.com\/it\/funzionalita\/competenza\/dottssa-roxy-swails\/"]}]},{"@type":"BreadcrumbList","@id":"https:\/\/www.assent.com\/it\/funzionalita\/competenza\/dottssa-roxy-swails\/#breadcrumb","itemListElement":[{"@type":"ListItem","position":1,"name":"Home","item":"https:\/\/www.assent.com\/it\/"},{"@type":"ListItem","position":2,"name":"Dott.ssa Roxy Swails"}]},{"@type":"WebSite","@id":"https:\/\/www.assent.com\/it\/#website","url":"https:\/\/www.assent.com\/it\/","name":"Assent","description":"","publisher":{"@id":"https:\/\/www.assent.com\/it\/#organization"},"potentialAction":[{"@type":"SearchAction","target":{"@type":"EntryPoint","urlTemplate":"https:\/\/www.assent.com\/it\/?s={search_term_string}"},"query-input":{"@type":"PropertyValueSpecification","valueRequired":true,"valueName":"search_term_string"}}],"inLanguage":"it-IT"},{"@type":"Organization","@id":"https:\/\/www.assent.com\/it\/#organization","name":"Assent","url":"https:\/\/www.assent.com\/it\/","logo":{"@type":"ImageObject","inLanguage":"it-IT","@id":"https:\/\/www.assent.com\/it\/#\/schema\/logo\/image\/","url":"https:\/\/www.assent.com\/wp-content\/uploads\/2022\/01\/logo.svg","contentUrl":"https:\/\/www.assent.com\/wp-content\/uploads\/2022\/01\/logo.svg","width":1,"height":1,"caption":"Assent"},"image":{"@id":"https:\/\/www.assent.com\/it\/#\/schema\/logo\/image\/"},"sameAs":["https:\/\/www.facebook.com\/AssentCompliance\/","https:\/\/x.com\/AssentGlobal","https:\/\/www.linkedin.com\/company\/assent-compliance-inc"]}]}},"_links":{"self":[{"href":"https:\/\/www.assent.com\/it\/wp-json\/wp\/v2\/pages\/78752","targetHints":{"allow":["GET"]}}],"collection":[{"href":"https:\/\/www.assent.com\/it\/wp-json\/wp\/v2\/pages"}],"about":[{"href":"https:\/\/www.assent.com\/it\/wp-json\/wp\/v2\/types\/page"}],"author":[{"embeddable":true,"href":"https:\/\/www.assent.com\/it\/wp-json\/wp\/v2\/users\/21"}],"replies":[{"embeddable":true,"href":"https:\/\/www.assent.com\/it\/wp-json\/wp\/v2\/comments?post=78752"}],"version-history":[{"count":3,"href":"https:\/\/www.assent.com\/it\/wp-json\/wp\/v2\/pages\/78752\/revisions"}],"predecessor-version":[{"id":94216,"href":"https:\/\/www.assent.com\/it\/wp-json\/wp\/v2\/pages\/78752\/revisions\/94216"}],"wp:attachment":[{"href":"https:\/\/www.assent.com\/it\/wp-json\/wp\/v2\/media?parent=78752"}],"wp:term":[{"taxonomy":"category","embeddable":true,"href":"https:\/\/www.assent.com\/it\/wp-json\/wp\/v2\/categories?post=78752"}],"curies":[{"name":"wp","href":"https:\/\/api.w.org\/{rel}","templated":true}]}}