{"id":59653,"date":"2022-11-13T05:04:02","date_gmt":"2022-11-13T10:04:02","guid":{"rendered":"https:\/\/www.assent.com\/devin-oherron\/"},"modified":"2025-04-11T10:10:34","modified_gmt":"2025-04-11T14:10:34","slug":"devin-oherron","status":"publish","type":"page","link":"https:\/\/www.assent.com\/it\/funzionalita\/competenza\/devin-oherron\/","title":{"rendered":"Devin O\u2019Herron &#8211; IT"},"content":{"rendered":"\n<div style=\"height:64px\" aria-hidden=\"true\" class=\"wp-block-spacer\"><\/div>\n\n\n\r\n<!-- WYSIWYG -->\r\n        <section class=\"wysiwyg-section\">\r\n            <div class=\"container\"><h1>Devin O\u2019Herron<\/h1>\n<h6>Esperto di normative e sostenibilit\u00e0, ESG e approvvigionamento responsabile<\/h6>\n<p><span style=\"font-weight: 400;\"><img decoding=\"async\" class=\"size-medium wp-image-43219 alignright\" src=\"https:\/\/www.assent.com\/wp-content\/uploads\/2025\/03\/B0A3727.webp\" alt=\"\" width=\"300\" height=\"300\" \/>Devin \u00e8 un esperto in materia, specializzato sui temi della sostenibilit\u00e0 della supply chain e dell\u2019approvvigionamento responsabile. In qualit\u00e0 di membro del team normativo di Assent, Devin mette a disposizione di Assent e dei suoi clienti oltre 12 anni di esperienza in materia di sostenibilit\u00e0, maturata in diversi settori e aziende manifatturiere. \u00c8 un ex allievo del pi\u00f9 antico corso di laurea in economia sostenibile negli Stati Uniti. Concentrandosi sulla fornitura di consulenza e competenza in materia di approvvigionamento responsabile, conformit\u00e0 ambientale e sociale e rendicontazione della sostenibilit\u00e0, Devin aiuta i produttori globali a districarsi tra le normative emergenti come il CBAM, a mitigare i rischi della supply chain e a sfruttare i principi di sostenibilit\u00e0 per creare programmi che offrono un valore economico tangibile. <\/span><\/p>\n<p><a href=\"https:\/\/www.linkedin.com\/in\/devin-o-herron-3a366b48\" target=\"_blank\" rel=\"noopener\">Connettiti con Devin su LinkedIn<\/a><\/p>\n<p><a href=\"mailto:devin.oherron@assentcompliance.com\">Invia un\u2019e-mail a Devin<\/a><\/p>\n<p>&nbsp;<\/p>\n<\/div>    \r\n        <\/section>\n\n\n<div style=\"height:100px\" aria-hidden=\"true\" class=\"wp-block-spacer\"><\/div>\n","protected":false},"excerpt":{"rendered":"<p>Meet Assent\u2019s regulatory compliance expert, Devin O\u2019Herron<\/p>\n","protected":false},"author":21,"featured_media":0,"parent":0,"menu_order":0,"comment_status":"closed","ping_status":"closed","template":"","meta":{"_acf_changed":false,"footnotes":"","_links_to":"","_links_to_target":""},"categories":[],"class_list":["post-59653","page","type-page","status-publish","hentry"],"acf":[],"yoast_head":"<!-- This site is optimized with the Yoast SEO Premium plugin v26.6 (Yoast SEO v27.0) - https:\/\/yoast.com\/product\/yoast-seo-premium-wordpress\/ -->\n<title>Devin O\u2019Herron | Esperto di normative | Assent<\/title>\n<meta name=\"description\" content=\"Ti presentiamo Devin O\u2019Herron, esperto di conformit\u00e0 normativa di Assent.\" \/>\n<meta name=\"robots\" content=\"index, follow, max-snippet:-1, max-image-preview:large, max-video-preview:-1\" \/>\n<link rel=\"canonical\" href=\"https:\/\/www.assent.com\/it\/funzionalita\/competenza\/devin-oherron\/\" \/>\n<meta property=\"og:locale\" content=\"it_IT\" \/>\n<meta property=\"og:type\" content=\"article\" \/>\n<meta property=\"og:title\" content=\"Devin O\u2019Herron - IT\" \/>\n<meta property=\"og:description\" content=\"Ti presentiamo Devin O\u2019Herron, esperto di conformit\u00e0 normativa di Assent.\" \/>\n<meta property=\"og:url\" content=\"https:\/\/www.assent.com\/it\/funzionalita\/competenza\/devin-oherron\/\" \/>\n<meta property=\"og:site_name\" content=\"Assent\" \/>\n<meta property=\"article:publisher\" content=\"https:\/\/www.facebook.com\/AssentCompliance\/\" \/>\n<meta property=\"article:modified_time\" content=\"2025-04-11T14:10:34+00:00\" \/>\n<meta name=\"twitter:card\" content=\"summary_large_image\" \/>\n<meta name=\"twitter:site\" content=\"@AssentGlobal\" \/>\n<script type=\"application\/ld+json\" class=\"yoast-schema-graph\">{\"@context\":\"https:\/\/schema.org\",\"@graph\":[{\"@type\":\"WebPage\",\"@id\":\"https:\/\/www.assent.com\/it\/funzionalita\/competenza\/devin-oherron\/\",\"url\":\"https:\/\/www.assent.com\/it\/funzionalita\/competenza\/devin-oherron\/\",\"name\":\"Devin O\u2019Herron | Esperto di normative | Assent\",\"isPartOf\":{\"@id\":\"https:\/\/www.assent.com\/it\/#website\"},\"datePublished\":\"2022-11-13T10:04:02+00:00\",\"dateModified\":\"2025-04-11T14:10:34+00:00\",\"description\":\"Ti presentiamo Devin O\u2019Herron, esperto di conformit\u00e0 normativa di Assent.\",\"breadcrumb\":{\"@id\":\"https:\/\/www.assent.com\/it\/funzionalita\/competenza\/devin-oherron\/#breadcrumb\"},\"inLanguage\":\"it-IT\",\"potentialAction\":[{\"@type\":\"ReadAction\",\"target\":[\"https:\/\/www.assent.com\/it\/funzionalita\/competenza\/devin-oherron\/\"]}]},{\"@type\":\"BreadcrumbList\",\"@id\":\"https:\/\/www.assent.com\/it\/funzionalita\/competenza\/devin-oherron\/#breadcrumb\",\"itemListElement\":[{\"@type\":\"ListItem\",\"position\":1,\"name\":\"Home\",\"item\":\"https:\/\/www.assent.com\/it\/\"},{\"@type\":\"ListItem\",\"position\":2,\"name\":\"Devin O\u2019Herron &#8211; IT\"}]},{\"@type\":\"WebSite\",\"@id\":\"https:\/\/www.assent.com\/it\/#website\",\"url\":\"https:\/\/www.assent.com\/it\/\",\"name\":\"Assent\",\"description\":\"\",\"publisher\":{\"@id\":\"https:\/\/www.assent.com\/it\/#organization\"},\"potentialAction\":[{\"@type\":\"SearchAction\",\"target\":{\"@type\":\"EntryPoint\",\"urlTemplate\":\"https:\/\/www.assent.com\/it\/?s={search_term_string}\"},\"query-input\":{\"@type\":\"PropertyValueSpecification\",\"valueRequired\":true,\"valueName\":\"search_term_string\"}}],\"inLanguage\":\"it-IT\"},{\"@type\":\"Organization\",\"@id\":\"https:\/\/www.assent.com\/it\/#organization\",\"name\":\"Assent\",\"url\":\"https:\/\/www.assent.com\/it\/\",\"logo\":{\"@type\":\"ImageObject\",\"inLanguage\":\"it-IT\",\"@id\":\"https:\/\/www.assent.com\/it\/#\/schema\/logo\/image\/\",\"url\":\"https:\/\/www.assent.com\/wp-content\/uploads\/2022\/01\/logo.svg\",\"contentUrl\":\"https:\/\/www.assent.com\/wp-content\/uploads\/2022\/01\/logo.svg\",\"width\":1,\"height\":1,\"caption\":\"Assent\"},\"image\":{\"@id\":\"https:\/\/www.assent.com\/it\/#\/schema\/logo\/image\/\"},\"sameAs\":[\"https:\/\/www.facebook.com\/AssentCompliance\/\",\"https:\/\/x.com\/AssentGlobal\",\"https:\/\/www.linkedin.com\/company\/assent-compliance-inc\"]}]}<\/script>\n<!-- \/ Yoast SEO Premium plugin. -->","yoast_head_json":{"title":"Devin O\u2019Herron | Esperto di normative | Assent","description":"Ti presentiamo Devin O\u2019Herron, esperto di conformit\u00e0 normativa di Assent.","robots":{"index":"index","follow":"follow","max-snippet":"max-snippet:-1","max-image-preview":"max-image-preview:large","max-video-preview":"max-video-preview:-1"},"canonical":"https:\/\/www.assent.com\/it\/funzionalita\/competenza\/devin-oherron\/","og_locale":"it_IT","og_type":"article","og_title":"Devin O\u2019Herron - IT","og_description":"Ti presentiamo Devin O\u2019Herron, esperto di conformit\u00e0 normativa di Assent.","og_url":"https:\/\/www.assent.com\/it\/funzionalita\/competenza\/devin-oherron\/","og_site_name":"Assent","article_publisher":"https:\/\/www.facebook.com\/AssentCompliance\/","article_modified_time":"2025-04-11T14:10:34+00:00","twitter_card":"summary_large_image","twitter_site":"@AssentGlobal","schema":{"@context":"https:\/\/schema.org","@graph":[{"@type":"WebPage","@id":"https:\/\/www.assent.com\/it\/funzionalita\/competenza\/devin-oherron\/","url":"https:\/\/www.assent.com\/it\/funzionalita\/competenza\/devin-oherron\/","name":"Devin O\u2019Herron | Esperto di normative | Assent","isPartOf":{"@id":"https:\/\/www.assent.com\/it\/#website"},"datePublished":"2022-11-13T10:04:02+00:00","dateModified":"2025-04-11T14:10:34+00:00","description":"Ti presentiamo Devin O\u2019Herron, esperto di conformit\u00e0 normativa di Assent.","breadcrumb":{"@id":"https:\/\/www.assent.com\/it\/funzionalita\/competenza\/devin-oherron\/#breadcrumb"},"inLanguage":"it-IT","potentialAction":[{"@type":"ReadAction","target":["https:\/\/www.assent.com\/it\/funzionalita\/competenza\/devin-oherron\/"]}]},{"@type":"BreadcrumbList","@id":"https:\/\/www.assent.com\/it\/funzionalita\/competenza\/devin-oherron\/#breadcrumb","itemListElement":[{"@type":"ListItem","position":1,"name":"Home","item":"https:\/\/www.assent.com\/it\/"},{"@type":"ListItem","position":2,"name":"Devin O\u2019Herron &#8211; IT"}]},{"@type":"WebSite","@id":"https:\/\/www.assent.com\/it\/#website","url":"https:\/\/www.assent.com\/it\/","name":"Assent","description":"","publisher":{"@id":"https:\/\/www.assent.com\/it\/#organization"},"potentialAction":[{"@type":"SearchAction","target":{"@type":"EntryPoint","urlTemplate":"https:\/\/www.assent.com\/it\/?s={search_term_string}"},"query-input":{"@type":"PropertyValueSpecification","valueRequired":true,"valueName":"search_term_string"}}],"inLanguage":"it-IT"},{"@type":"Organization","@id":"https:\/\/www.assent.com\/it\/#organization","name":"Assent","url":"https:\/\/www.assent.com\/it\/","logo":{"@type":"ImageObject","inLanguage":"it-IT","@id":"https:\/\/www.assent.com\/it\/#\/schema\/logo\/image\/","url":"https:\/\/www.assent.com\/wp-content\/uploads\/2022\/01\/logo.svg","contentUrl":"https:\/\/www.assent.com\/wp-content\/uploads\/2022\/01\/logo.svg","width":1,"height":1,"caption":"Assent"},"image":{"@id":"https:\/\/www.assent.com\/it\/#\/schema\/logo\/image\/"},"sameAs":["https:\/\/www.facebook.com\/AssentCompliance\/","https:\/\/x.com\/AssentGlobal","https:\/\/www.linkedin.com\/company\/assent-compliance-inc"]}]}},"_links":{"self":[{"href":"https:\/\/www.assent.com\/it\/wp-json\/wp\/v2\/pages\/59653","targetHints":{"allow":["GET"]}}],"collection":[{"href":"https:\/\/www.assent.com\/it\/wp-json\/wp\/v2\/pages"}],"about":[{"href":"https:\/\/www.assent.com\/it\/wp-json\/wp\/v2\/types\/page"}],"author":[{"embeddable":true,"href":"https:\/\/www.assent.com\/it\/wp-json\/wp\/v2\/users\/21"}],"replies":[{"embeddable":true,"href":"https:\/\/www.assent.com\/it\/wp-json\/wp\/v2\/comments?post=59653"}],"version-history":[{"count":2,"href":"https:\/\/www.assent.com\/it\/wp-json\/wp\/v2\/pages\/59653\/revisions"}],"predecessor-version":[{"id":87135,"href":"https:\/\/www.assent.com\/it\/wp-json\/wp\/v2\/pages\/59653\/revisions\/87135"}],"wp:attachment":[{"href":"https:\/\/www.assent.com\/it\/wp-json\/wp\/v2\/media?parent=59653"}],"wp:term":[{"taxonomy":"category","embeddable":true,"href":"https:\/\/www.assent.com\/it\/wp-json\/wp\/v2\/categories?post=59653"}],"curies":[{"name":"wp","href":"https:\/\/api.w.org\/{rel}","templated":true}]}}