{"id":59635,"date":"2022-11-13T05:16:37","date_gmt":"2022-11-13T10:16:37","guid":{"rendered":"https:\/\/www.assent.com\/noah-taetle\/"},"modified":"2025-07-23T16:49:26","modified_gmt":"2025-07-23T20:49:26","slug":"noah-taetle","status":"publish","type":"page","link":"https:\/\/www.assent.com\/it\/funzionalita\/competenza\/noah-taetle\/","title":{"rendered":"Noah Taetle &#8211; IT"},"content":{"rendered":"\n<div style=\"height:75px\" aria-hidden=\"true\" class=\"wp-block-spacer\"><\/div>\n\n\n\r\n<!-- WYSIWYG -->\r\n        <section class=\"wysiwyg-section\">\r\n            <div class=\"container\"><h1><b>Noah Taetle<\/b><\/h1>\n<h6>Analista di normative e sostenibilit\u00e0, ESG e approvvigionamento responsabile<\/h6>\n<p><img decoding=\"async\" class=\"size-medium wp-image-43259 alignright\" src=\"https:\/\/www.assent.com\/wp-content\/uploads\/2025\/04\/Noah-Taetle-Headshot-Square.jpg\" alt=\"\" width=\"300\" height=\"300\" \/>L\u2019attenzione di Noah si focalizza su questioni legate ad ESG, sostenibilit\u00e0 e diligenza richiesta. Il suo lavoro \u00e8 incentrato sullo screening avanzato dei fornitori. Ha studiato sostenibilit\u00e0 presso l\u2019Arizona State University, concentrandosi su energia e politiche, laureandosi al Barrett the Honors College dell\u2019ASU.<\/p>\n<p><a href=\"https:\/\/www.linkedin.com\/in\/noah-taetle\" target=\"_blank\" rel=\"noopener\">Connettiti con Noah su LinkedIn<\/a><\/p>\n<p><a href=\"mailto:noah.taetle@assentcompliance.com\">Invia un\u2019email a Noah<\/a><\/p>\n<\/div>    \r\n        <\/section>\n\n\n<div style=\"height:100px\" aria-hidden=\"true\" class=\"wp-block-spacer\"><\/div>\n","protected":false},"excerpt":{"rendered":"<p>Ti presentiamo Noah Taetle, esperto di conformit\u00e0 normativa di Assent.<\/p>\n","protected":false},"author":21,"featured_media":0,"parent":0,"menu_order":0,"comment_status":"closed","ping_status":"closed","template":"","meta":{"_acf_changed":false,"footnotes":"","_links_to":"","_links_to_target":""},"categories":[],"class_list":["post-59635","page","type-page","status-publish","hentry"],"acf":[],"yoast_head":"<!-- This site is optimized with the Yoast SEO Premium plugin v26.6 (Yoast SEO v27.0) - https:\/\/yoast.com\/product\/yoast-seo-premium-wordpress\/ -->\n<title>Noah Taetle - IT | Regulatory Expert | Assent<\/title>\n<meta name=\"description\" content=\"Ti presentiamo Noah Taetle, esperto di conformit\u00e0 normativa di Assent.\" \/>\n<meta name=\"robots\" content=\"index, follow, max-snippet:-1, max-image-preview:large, max-video-preview:-1\" \/>\n<link rel=\"canonical\" href=\"https:\/\/www.assent.com\/it\/funzionalita\/competenza\/noah-taetle\/\" \/>\n<meta property=\"og:locale\" content=\"it_IT\" \/>\n<meta property=\"og:type\" content=\"article\" \/>\n<meta property=\"og:title\" content=\"Noah Taetle - IT\" \/>\n<meta property=\"og:description\" content=\"Ti presentiamo Noah Taetle, esperto di conformit\u00e0 normativa di Assent.\" \/>\n<meta property=\"og:url\" content=\"https:\/\/www.assent.com\/it\/funzionalita\/competenza\/noah-taetle\/\" \/>\n<meta property=\"og:site_name\" content=\"Assent\" \/>\n<meta property=\"article:publisher\" content=\"https:\/\/www.facebook.com\/AssentCompliance\/\" \/>\n<meta property=\"article:modified_time\" content=\"2025-07-23T20:49:26+00:00\" \/>\n<meta name=\"twitter:card\" content=\"summary_large_image\" \/>\n<meta name=\"twitter:site\" content=\"@AssentGlobal\" \/>\n<script type=\"application\/ld+json\" class=\"yoast-schema-graph\">{\"@context\":\"https:\/\/schema.org\",\"@graph\":[{\"@type\":\"WebPage\",\"@id\":\"https:\/\/www.assent.com\/it\/funzionalita\/competenza\/noah-taetle\/\",\"url\":\"https:\/\/www.assent.com\/it\/funzionalita\/competenza\/noah-taetle\/\",\"name\":\"Noah Taetle - IT | Regulatory Expert | Assent\",\"isPartOf\":{\"@id\":\"https:\/\/www.assent.com\/it\/#website\"},\"datePublished\":\"2022-11-13T10:16:37+00:00\",\"dateModified\":\"2025-07-23T20:49:26+00:00\",\"description\":\"Ti presentiamo Noah Taetle, esperto di conformit\u00e0 normativa di Assent.\",\"breadcrumb\":{\"@id\":\"https:\/\/www.assent.com\/it\/funzionalita\/competenza\/noah-taetle\/#breadcrumb\"},\"inLanguage\":\"it-IT\",\"potentialAction\":[{\"@type\":\"ReadAction\",\"target\":[\"https:\/\/www.assent.com\/it\/funzionalita\/competenza\/noah-taetle\/\"]}]},{\"@type\":\"BreadcrumbList\",\"@id\":\"https:\/\/www.assent.com\/it\/funzionalita\/competenza\/noah-taetle\/#breadcrumb\",\"itemListElement\":[{\"@type\":\"ListItem\",\"position\":1,\"name\":\"Home\",\"item\":\"https:\/\/www.assent.com\/it\/\"},{\"@type\":\"ListItem\",\"position\":2,\"name\":\"Noah Taetle &#8211; IT\"}]},{\"@type\":\"WebSite\",\"@id\":\"https:\/\/www.assent.com\/it\/#website\",\"url\":\"https:\/\/www.assent.com\/it\/\",\"name\":\"Assent\",\"description\":\"\",\"publisher\":{\"@id\":\"https:\/\/www.assent.com\/it\/#organization\"},\"potentialAction\":[{\"@type\":\"SearchAction\",\"target\":{\"@type\":\"EntryPoint\",\"urlTemplate\":\"https:\/\/www.assent.com\/it\/?s={search_term_string}\"},\"query-input\":{\"@type\":\"PropertyValueSpecification\",\"valueRequired\":true,\"valueName\":\"search_term_string\"}}],\"inLanguage\":\"it-IT\"},{\"@type\":\"Organization\",\"@id\":\"https:\/\/www.assent.com\/it\/#organization\",\"name\":\"Assent\",\"url\":\"https:\/\/www.assent.com\/it\/\",\"logo\":{\"@type\":\"ImageObject\",\"inLanguage\":\"it-IT\",\"@id\":\"https:\/\/www.assent.com\/it\/#\/schema\/logo\/image\/\",\"url\":\"https:\/\/www.assent.com\/wp-content\/uploads\/2022\/01\/logo.svg\",\"contentUrl\":\"https:\/\/www.assent.com\/wp-content\/uploads\/2022\/01\/logo.svg\",\"width\":1,\"height\":1,\"caption\":\"Assent\"},\"image\":{\"@id\":\"https:\/\/www.assent.com\/it\/#\/schema\/logo\/image\/\"},\"sameAs\":[\"https:\/\/www.facebook.com\/AssentCompliance\/\",\"https:\/\/x.com\/AssentGlobal\",\"https:\/\/www.linkedin.com\/company\/assent-compliance-inc\"]}]}<\/script>\n<!-- \/ Yoast SEO Premium plugin. -->","yoast_head_json":{"title":"Noah Taetle - IT | Regulatory Expert | Assent","description":"Ti presentiamo Noah Taetle, esperto di conformit\u00e0 normativa di Assent.","robots":{"index":"index","follow":"follow","max-snippet":"max-snippet:-1","max-image-preview":"max-image-preview:large","max-video-preview":"max-video-preview:-1"},"canonical":"https:\/\/www.assent.com\/it\/funzionalita\/competenza\/noah-taetle\/","og_locale":"it_IT","og_type":"article","og_title":"Noah Taetle - IT","og_description":"Ti presentiamo Noah Taetle, esperto di conformit\u00e0 normativa di Assent.","og_url":"https:\/\/www.assent.com\/it\/funzionalita\/competenza\/noah-taetle\/","og_site_name":"Assent","article_publisher":"https:\/\/www.facebook.com\/AssentCompliance\/","article_modified_time":"2025-07-23T20:49:26+00:00","twitter_card":"summary_large_image","twitter_site":"@AssentGlobal","schema":{"@context":"https:\/\/schema.org","@graph":[{"@type":"WebPage","@id":"https:\/\/www.assent.com\/it\/funzionalita\/competenza\/noah-taetle\/","url":"https:\/\/www.assent.com\/it\/funzionalita\/competenza\/noah-taetle\/","name":"Noah Taetle - IT | Regulatory Expert | Assent","isPartOf":{"@id":"https:\/\/www.assent.com\/it\/#website"},"datePublished":"2022-11-13T10:16:37+00:00","dateModified":"2025-07-23T20:49:26+00:00","description":"Ti presentiamo Noah Taetle, esperto di conformit\u00e0 normativa di Assent.","breadcrumb":{"@id":"https:\/\/www.assent.com\/it\/funzionalita\/competenza\/noah-taetle\/#breadcrumb"},"inLanguage":"it-IT","potentialAction":[{"@type":"ReadAction","target":["https:\/\/www.assent.com\/it\/funzionalita\/competenza\/noah-taetle\/"]}]},{"@type":"BreadcrumbList","@id":"https:\/\/www.assent.com\/it\/funzionalita\/competenza\/noah-taetle\/#breadcrumb","itemListElement":[{"@type":"ListItem","position":1,"name":"Home","item":"https:\/\/www.assent.com\/it\/"},{"@type":"ListItem","position":2,"name":"Noah Taetle &#8211; IT"}]},{"@type":"WebSite","@id":"https:\/\/www.assent.com\/it\/#website","url":"https:\/\/www.assent.com\/it\/","name":"Assent","description":"","publisher":{"@id":"https:\/\/www.assent.com\/it\/#organization"},"potentialAction":[{"@type":"SearchAction","target":{"@type":"EntryPoint","urlTemplate":"https:\/\/www.assent.com\/it\/?s={search_term_string}"},"query-input":{"@type":"PropertyValueSpecification","valueRequired":true,"valueName":"search_term_string"}}],"inLanguage":"it-IT"},{"@type":"Organization","@id":"https:\/\/www.assent.com\/it\/#organization","name":"Assent","url":"https:\/\/www.assent.com\/it\/","logo":{"@type":"ImageObject","inLanguage":"it-IT","@id":"https:\/\/www.assent.com\/it\/#\/schema\/logo\/image\/","url":"https:\/\/www.assent.com\/wp-content\/uploads\/2022\/01\/logo.svg","contentUrl":"https:\/\/www.assent.com\/wp-content\/uploads\/2022\/01\/logo.svg","width":1,"height":1,"caption":"Assent"},"image":{"@id":"https:\/\/www.assent.com\/it\/#\/schema\/logo\/image\/"},"sameAs":["https:\/\/www.facebook.com\/AssentCompliance\/","https:\/\/x.com\/AssentGlobal","https:\/\/www.linkedin.com\/company\/assent-compliance-inc"]}]}},"_links":{"self":[{"href":"https:\/\/www.assent.com\/it\/wp-json\/wp\/v2\/pages\/59635","targetHints":{"allow":["GET"]}}],"collection":[{"href":"https:\/\/www.assent.com\/it\/wp-json\/wp\/v2\/pages"}],"about":[{"href":"https:\/\/www.assent.com\/it\/wp-json\/wp\/v2\/types\/page"}],"author":[{"embeddable":true,"href":"https:\/\/www.assent.com\/it\/wp-json\/wp\/v2\/users\/21"}],"replies":[{"embeddable":true,"href":"https:\/\/www.assent.com\/it\/wp-json\/wp\/v2\/comments?post=59635"}],"version-history":[{"count":3,"href":"https:\/\/www.assent.com\/it\/wp-json\/wp\/v2\/pages\/59635\/revisions"}],"predecessor-version":[{"id":94206,"href":"https:\/\/www.assent.com\/it\/wp-json\/wp\/v2\/pages\/59635\/revisions\/94206"}],"wp:attachment":[{"href":"https:\/\/www.assent.com\/it\/wp-json\/wp\/v2\/media?parent=59635"}],"wp:term":[{"taxonomy":"category","embeddable":true,"href":"https:\/\/www.assent.com\/it\/wp-json\/wp\/v2\/categories?post=59635"}],"curies":[{"name":"wp","href":"https:\/\/api.w.org\/{rel}","templated":true}]}}