{"id":33047,"date":"2022-01-28T22:21:34","date_gmt":"2022-01-29T03:21:34","guid":{"rendered":"https:\/\/www.assent.com\/piattaforma-e-funzionalita\/la-nostra-competenza\/mark-schneider\/"},"modified":"2026-03-19T09:41:27","modified_gmt":"2026-03-19T13:41:27","slug":"mark-schneider","status":"publish","type":"page","link":"https:\/\/www.assent.com\/it\/funzionalita\/competenza\/marcus-schneider\/","title":{"rendered":"Marcus Schneider"},"content":{"rendered":"\n<div style=\"height:75px\" aria-hidden=\"true\" class=\"wp-block-spacer\"><\/div>\n\n\n\r\n<!-- WYSIWYG -->\r\n        <section class=\"wysiwyg-section\">\r\n            <div class=\"container\"><h1>Marcus Schneider<\/h1>\n<h6>Esperto senior in materia di Conformit\u00e0 dei prodotti<\/h6>\n<p><img decoding=\"async\" class=\"alignright size-medium wp-image-113847\" src=\"https:\/\/www.assent.com\/wp-content\/uploads\/2022\/01\/Faceshot-MarcusSchneider-300x300.webp\" alt=\"\" width=\"300\" height=\"300\" srcset=\"https:\/\/www.assent.com\/wp-content\/uploads\/2022\/01\/Faceshot-MarcusSchneider-300x300.webp 300w, https:\/\/www.assent.com\/wp-content\/uploads\/2022\/01\/Faceshot-MarcusSchneider-1024x1024.webp 1024w, https:\/\/www.assent.com\/wp-content\/uploads\/2022\/01\/Faceshot-MarcusSchneider-150x150.webp 150w, https:\/\/www.assent.com\/wp-content\/uploads\/2022\/01\/Faceshot-MarcusSchneider-768x768.webp 768w, https:\/\/www.assent.com\/wp-content\/uploads\/2022\/01\/Faceshot-MarcusSchneider-1536x1536.webp 1536w, https:\/\/www.assent.com\/wp-content\/uploads\/2022\/01\/Faceshot-MarcusSchneider.webp 1600w\" sizes=\"(max-width: 300px) 100vw, 300px\" \/>Marcus \u00e8 un professionista esperto in conformit\u00e0 dei prodotti con una vasta esperienza tecnica nei programmi di reportistica e analisi dei dati. \u00c8 impegnato ad aiutare le aziende a comprendere i dati al fine di sfruttarli come risorsa strategica per migliorare l&#8217;attivit\u00e0, oltre che per soddisfare i requisiti legali. Prima di entrare a far parte di Assent, Marcus ha ricoperto il ruolo di consulente senior, creando un solido programma di conformit\u00e0 presso DXC Technology. Ha trascorso pi\u00f9 di 20 anni presso Electronic Data Systems, Hewlett Packard Enterprise Company e DXC, supportando i clienti nella digitalizzazione dei processi di conformit\u00e0 dei prodotti e lavorando con organismi normativi come l&#8217;IPC e varie associazioni del settore.<\/p>\n<p><a href=\"https:\/\/www.linkedin.com\/in\/marcus-schneider-2a932860\/\" target=\"_blank\" rel=\"noopener\">Contatta Marcus su LinkedIn<\/a><\/p>\n<p><a href=\"mailto:marcus.schneider@assentcompliance.com\">Invia un&#8217;e-mail a Marcus<\/a><\/p>\n<p>&nbsp;<\/p>\n<\/div>    \r\n        <\/section>\n\n\n<div style=\"height:75px\" aria-hidden=\"true\" class=\"wp-block-spacer\"><\/div>\n","protected":false},"excerpt":{"rendered":"<p>Incontra Magnus Piotrowski, esperto di conformit\u00e0 normativa di Assent<\/p>\n","protected":false},"author":21,"featured_media":0,"parent":32679,"menu_order":0,"comment_status":"closed","ping_status":"closed","template":"","meta":{"_acf_changed":false,"footnotes":"","_links_to":"","_links_to_target":""},"categories":[],"class_list":["post-33047","page","type-page","status-publish","hentry"],"acf":[],"yoast_head":"<!-- This site is optimized with the Yoast SEO Premium plugin v26.6 (Yoast SEO v27.0) - https:\/\/yoast.com\/product\/yoast-seo-premium-wordpress\/ -->\n<title>Marcus Schneider | Esperto normativo | Assent<\/title>\n<meta name=\"description\" content=\"Incontra Marcus Schneider, esperto di conformit\u00e0 normativa di Assent\" \/>\n<meta name=\"robots\" content=\"index, follow, max-snippet:-1, max-image-preview:large, max-video-preview:-1\" \/>\n<link rel=\"canonical\" href=\"https:\/\/www.assent.com\/it\/funzionalita\/competenza\/marcus-schneider\/\" \/>\n<meta property=\"og:locale\" content=\"it_IT\" \/>\n<meta property=\"og:type\" content=\"article\" \/>\n<meta property=\"og:title\" content=\"Marcus Schneider\" \/>\n<meta property=\"og:description\" content=\"Incontra Marcus Schneider, esperto di conformit\u00e0 normativa di Assent\" \/>\n<meta property=\"og:url\" content=\"https:\/\/www.assent.com\/it\/funzionalita\/competenza\/marcus-schneider\/\" \/>\n<meta property=\"og:site_name\" content=\"Assent\" \/>\n<meta property=\"article:publisher\" content=\"https:\/\/www.facebook.com\/AssentCompliance\/\" \/>\n<meta property=\"article:modified_time\" content=\"2026-03-19T13:41:27+00:00\" \/>\n<meta name=\"twitter:card\" content=\"summary_large_image\" \/>\n<meta name=\"twitter:site\" content=\"@AssentGlobal\" \/>\n<script type=\"application\/ld+json\" class=\"yoast-schema-graph\">{\"@context\":\"https:\/\/schema.org\",\"@graph\":[{\"@type\":\"WebPage\",\"@id\":\"https:\/\/www.assent.com\/it\/funzionalita\/competenza\/marcus-schneider\/\",\"url\":\"https:\/\/www.assent.com\/it\/funzionalita\/competenza\/marcus-schneider\/\",\"name\":\"Marcus Schneider | Esperto normativo | Assent\",\"isPartOf\":{\"@id\":\"https:\/\/www.assent.com\/it\/#website\"},\"datePublished\":\"2022-01-29T03:21:34+00:00\",\"dateModified\":\"2026-03-19T13:41:27+00:00\",\"description\":\"Incontra Marcus Schneider, esperto di conformit\u00e0 normativa di Assent\",\"breadcrumb\":{\"@id\":\"https:\/\/www.assent.com\/it\/funzionalita\/competenza\/marcus-schneider\/#breadcrumb\"},\"inLanguage\":\"it-IT\",\"potentialAction\":[{\"@type\":\"ReadAction\",\"target\":[\"https:\/\/www.assent.com\/it\/funzionalita\/competenza\/marcus-schneider\/\"]}]},{\"@type\":\"BreadcrumbList\",\"@id\":\"https:\/\/www.assent.com\/it\/funzionalita\/competenza\/marcus-schneider\/#breadcrumb\",\"itemListElement\":[{\"@type\":\"ListItem\",\"position\":1,\"name\":\"Home\",\"item\":\"https:\/\/www.assent.com\/it\/\"},{\"@type\":\"ListItem\",\"position\":2,\"name\":\"Piattaforma e funzionalit\u00e0\",\"item\":\"https:\/\/www.assent.com\/it\/funzionalita\/\"},{\"@type\":\"ListItem\",\"position\":3,\"name\":\"La nostra competenza\",\"item\":\"https:\/\/www.assent.com\/it\/funzionalita\/competenza\/\"},{\"@type\":\"ListItem\",\"position\":4,\"name\":\"Marcus Schneider\"}]},{\"@type\":\"WebSite\",\"@id\":\"https:\/\/www.assent.com\/it\/#website\",\"url\":\"https:\/\/www.assent.com\/it\/\",\"name\":\"Assent\",\"description\":\"\",\"publisher\":{\"@id\":\"https:\/\/www.assent.com\/it\/#organization\"},\"potentialAction\":[{\"@type\":\"SearchAction\",\"target\":{\"@type\":\"EntryPoint\",\"urlTemplate\":\"https:\/\/www.assent.com\/it\/?s={search_term_string}\"},\"query-input\":{\"@type\":\"PropertyValueSpecification\",\"valueRequired\":true,\"valueName\":\"search_term_string\"}}],\"inLanguage\":\"it-IT\"},{\"@type\":\"Organization\",\"@id\":\"https:\/\/www.assent.com\/it\/#organization\",\"name\":\"Assent\",\"url\":\"https:\/\/www.assent.com\/it\/\",\"logo\":{\"@type\":\"ImageObject\",\"inLanguage\":\"it-IT\",\"@id\":\"https:\/\/www.assent.com\/it\/#\/schema\/logo\/image\/\",\"url\":\"https:\/\/www.assent.com\/wp-content\/uploads\/2022\/01\/logo.svg\",\"contentUrl\":\"https:\/\/www.assent.com\/wp-content\/uploads\/2022\/01\/logo.svg\",\"width\":1,\"height\":1,\"caption\":\"Assent\"},\"image\":{\"@id\":\"https:\/\/www.assent.com\/it\/#\/schema\/logo\/image\/\"},\"sameAs\":[\"https:\/\/www.facebook.com\/AssentCompliance\/\",\"https:\/\/x.com\/AssentGlobal\",\"https:\/\/www.linkedin.com\/company\/assent-compliance-inc\"]}]}<\/script>\n<!-- \/ Yoast SEO Premium plugin. -->","yoast_head_json":{"title":"Marcus Schneider | Esperto normativo | Assent","description":"Incontra Marcus Schneider, esperto di conformit\u00e0 normativa di Assent","robots":{"index":"index","follow":"follow","max-snippet":"max-snippet:-1","max-image-preview":"max-image-preview:large","max-video-preview":"max-video-preview:-1"},"canonical":"https:\/\/www.assent.com\/it\/funzionalita\/competenza\/marcus-schneider\/","og_locale":"it_IT","og_type":"article","og_title":"Marcus Schneider","og_description":"Incontra Marcus Schneider, esperto di conformit\u00e0 normativa di Assent","og_url":"https:\/\/www.assent.com\/it\/funzionalita\/competenza\/marcus-schneider\/","og_site_name":"Assent","article_publisher":"https:\/\/www.facebook.com\/AssentCompliance\/","article_modified_time":"2026-03-19T13:41:27+00:00","twitter_card":"summary_large_image","twitter_site":"@AssentGlobal","schema":{"@context":"https:\/\/schema.org","@graph":[{"@type":"WebPage","@id":"https:\/\/www.assent.com\/it\/funzionalita\/competenza\/marcus-schneider\/","url":"https:\/\/www.assent.com\/it\/funzionalita\/competenza\/marcus-schneider\/","name":"Marcus Schneider | Esperto normativo | Assent","isPartOf":{"@id":"https:\/\/www.assent.com\/it\/#website"},"datePublished":"2022-01-29T03:21:34+00:00","dateModified":"2026-03-19T13:41:27+00:00","description":"Incontra Marcus Schneider, esperto di conformit\u00e0 normativa di Assent","breadcrumb":{"@id":"https:\/\/www.assent.com\/it\/funzionalita\/competenza\/marcus-schneider\/#breadcrumb"},"inLanguage":"it-IT","potentialAction":[{"@type":"ReadAction","target":["https:\/\/www.assent.com\/it\/funzionalita\/competenza\/marcus-schneider\/"]}]},{"@type":"BreadcrumbList","@id":"https:\/\/www.assent.com\/it\/funzionalita\/competenza\/marcus-schneider\/#breadcrumb","itemListElement":[{"@type":"ListItem","position":1,"name":"Home","item":"https:\/\/www.assent.com\/it\/"},{"@type":"ListItem","position":2,"name":"Piattaforma e funzionalit\u00e0","item":"https:\/\/www.assent.com\/it\/funzionalita\/"},{"@type":"ListItem","position":3,"name":"La nostra competenza","item":"https:\/\/www.assent.com\/it\/funzionalita\/competenza\/"},{"@type":"ListItem","position":4,"name":"Marcus Schneider"}]},{"@type":"WebSite","@id":"https:\/\/www.assent.com\/it\/#website","url":"https:\/\/www.assent.com\/it\/","name":"Assent","description":"","publisher":{"@id":"https:\/\/www.assent.com\/it\/#organization"},"potentialAction":[{"@type":"SearchAction","target":{"@type":"EntryPoint","urlTemplate":"https:\/\/www.assent.com\/it\/?s={search_term_string}"},"query-input":{"@type":"PropertyValueSpecification","valueRequired":true,"valueName":"search_term_string"}}],"inLanguage":"it-IT"},{"@type":"Organization","@id":"https:\/\/www.assent.com\/it\/#organization","name":"Assent","url":"https:\/\/www.assent.com\/it\/","logo":{"@type":"ImageObject","inLanguage":"it-IT","@id":"https:\/\/www.assent.com\/it\/#\/schema\/logo\/image\/","url":"https:\/\/www.assent.com\/wp-content\/uploads\/2022\/01\/logo.svg","contentUrl":"https:\/\/www.assent.com\/wp-content\/uploads\/2022\/01\/logo.svg","width":1,"height":1,"caption":"Assent"},"image":{"@id":"https:\/\/www.assent.com\/it\/#\/schema\/logo\/image\/"},"sameAs":["https:\/\/www.facebook.com\/AssentCompliance\/","https:\/\/x.com\/AssentGlobal","https:\/\/www.linkedin.com\/company\/assent-compliance-inc"]}]}},"_links":{"self":[{"href":"https:\/\/www.assent.com\/it\/wp-json\/wp\/v2\/pages\/33047","targetHints":{"allow":["GET"]}}],"collection":[{"href":"https:\/\/www.assent.com\/it\/wp-json\/wp\/v2\/pages"}],"about":[{"href":"https:\/\/www.assent.com\/it\/wp-json\/wp\/v2\/types\/page"}],"author":[{"embeddable":true,"href":"https:\/\/www.assent.com\/it\/wp-json\/wp\/v2\/users\/21"}],"replies":[{"embeddable":true,"href":"https:\/\/www.assent.com\/it\/wp-json\/wp\/v2\/comments?post=33047"}],"version-history":[{"count":4,"href":"https:\/\/www.assent.com\/it\/wp-json\/wp\/v2\/pages\/33047\/revisions"}],"predecessor-version":[{"id":113871,"href":"https:\/\/www.assent.com\/it\/wp-json\/wp\/v2\/pages\/33047\/revisions\/113871"}],"up":[{"embeddable":true,"href":"https:\/\/www.assent.com\/it\/wp-json\/wp\/v2\/pages\/32679"}],"wp:attachment":[{"href":"https:\/\/www.assent.com\/it\/wp-json\/wp\/v2\/media?parent=33047"}],"wp:term":[{"taxonomy":"category","embeddable":true,"href":"https:\/\/www.assent.com\/it\/wp-json\/wp\/v2\/categories?post=33047"}],"curies":[{"name":"wp","href":"https:\/\/api.w.org\/{rel}","templated":true}]}}