{"id":32262,"date":"2022-02-18T23:11:45","date_gmt":"2022-02-19T04:11:45","guid":{"rendered":"https:\/\/www.assent.com\/azienda\/certifications\/"},"modified":"2025-07-18T09:56:35","modified_gmt":"2025-07-18T13:56:35","slug":"certificazioni","status":"publish","type":"page","link":"https:\/\/www.assent.com\/it\/azienda\/certificazioni\/","title":{"rendered":"Certificazioni"},"content":{"rendered":"<!-- banner area part -->\n        <section class=\"generic-hero  navy   \" ><div class=\"gh-right-triangles\"><\/div><div class=\"row hero-wrap\">\n                <div class=\"cell-7 hero-left\"><div class=\"hero-left-inner d-flex align-items-center\"><div class=\"breadcrumbs\">\n                                    <ul><\/ul>\n                                <\/div><div class=\"gh-content\"><h1 class=\"h1\">Certificazioni di Assent<\/h1><p>Assent \u00e8 un esperto certificato di dati, riconosciuto da leader globali come ISO (International Standards Organization), IPC e altri.<\/p>\n<div class=\"btn-wrap\"><\/div><\/div><\/div>\n                <\/div><\/div>\n        <\/section>\n\n\n<div style=\"height:75px\" aria-hidden=\"true\" class=\"wp-block-spacer\"><\/div>\n\n\n<!-- Fifty Fifty Promo -->\n        <section class=\"fifty-fifty-promo elem-viewport \"><div class=\"container simple\"><div class=\"row \"><div class=\"cell-lg-6\"><div class=\"promo-media\"><div class=\"promo-image\">\n                                        <img decoding=\"async\" src=\"https:\/\/www.assent.com\/wp-content\/uploads\/2022\/02\/ISO-9001-badge-1.png\" alt=\"\">\n                                    <\/div><\/div><\/div>\n                    <div class=\"cell-lg-6\"><div class=\"promo-content\"><h2 class=\"h2\">Eccellenza dei processi<\/h2><div class=\"promo-wysiwyg default\"><p>La sede generale di Assent ad Ottawa \u00e8 certificata da T\u00dcV S\u00dcD: i suoi processi esemplari garantiscono miglioramenti coerenti, affidabili e continui che soddisfano o superano tutti i requisiti dellanorma ISO 9001:2015. Per ottenere questa certificazione, Assent ha fornito prove oggettive della conformit\u00e0 dei processi attraverso revisioni e audit.<\/p>\n<\/div><a href=\"\/blog\/iso9001-certification\/\" target=\"_blank\" class=\"btn\">Maggiori informazioni sul nostro blog<\/a><\/div><\/div>\n                <\/div><\/div>\n        <\/section>\n\n\n<div style=\"height:75px\" aria-hidden=\"true\" class=\"wp-block-spacer\"><\/div>\n\n\n<!-- Fifty Fifty Promo -->\n        <section class=\"fifty-fifty-promo elem-viewport \"><div class=\"container simple\"><div class=\"row media-right\"><div class=\"cell-lg-6\"><div class=\"promo-media\"><div class=\"promo-image\">\n                                        <img decoding=\"async\" src=\"https:\/\/www.assent.com\/wp-content\/uploads\/2022\/02\/Assent_stockImage_SocialImpact-woman-armscrossed.jpeg\" alt=\"\">\n                                    <\/div><\/div><\/div>\n                    <div class=\"cell-lg-6\"><div class=\"promo-content\"><h2 class=\"h2\">Sicurezza dei dati<\/h2><div class=\"promo-wysiwyg default\"><p>Assent \u00e8 certificata SOC 2 Tipo II e si sottopone a test annuali per garantire che i propri processi di sicurezza siano sempre all&#8217;altezza di questo rigoroso parametro di riferimento. I dati sono protetti grazie a protocolli rigorosi, crittografie all&#8217;avanguardie a processi convalidati da soggetti terzi che garantiscono la costante protezione delle tue informazioni.<\/p>\n<\/div><a href=\"https:\/\/www.assent.com\/it\/funzionalita\/piattaforma\/informazioni-e-sicurezza-dei-dati\/\" target=\"\" class=\"btn\">Scopri in che modo Assent tiene al sicuro i tuoi dati<\/a><\/div><\/div>\n                <\/div><\/div>\n        <\/section>\n\n\n<div style=\"height:75px\" aria-hidden=\"true\" class=\"wp-block-spacer\"><\/div>\n\n\n<!-- Fifty Fifty Promo -->\n        <section class=\"fifty-fifty-promo elem-viewport \"><div class=\"container simple\"><div class=\"row \"><div class=\"cell-lg-6\"><div class=\"promo-media\"><div class=\"promo-image\">\n                                        <img decoding=\"async\" src=\"https:\/\/www.assent.com\/wp-content\/uploads\/2022\/02\/eudamed-database-delayed-to-2022-scaled-1.jpg\" alt=\"Medical professionals discussing the EU Medical Device Regulation (MDR).\">\n                                    <\/div><\/div><\/div>\n                    <div class=\"cell-lg-6\"><div class=\"promo-content\"><h2 class=\"h2\">Scambi di dati<\/h2><div class=\"promo-wysiwyg default\"><p>Per ottenere i dati approfonditi necessari per una crescita sostenibile, Assent usa standard di scambio dati del settore, come IPC-1752A e IPC-1754. Questi standard sono stati progettati da IPC, un gruppo influente del settore dell&#8217;elettronica, e migliorano drasticamente l&#8217;efficienza dei programmi per la sostenibilit\u00e0 della catena di approvvigionamento.<\/p>\n<\/div><\/div><\/div>\n                <\/div><\/div>\n        <\/section>\n\n\n<div style=\"height:75px\" aria-hidden=\"true\" class=\"wp-block-spacer\"><\/div>\n\n\n\r\n<!-- CTA Banner --><section class=\"cta-banner elem-viewport center-aligned gradient3\">\r\n                <div class=\"container\">\r\n                    <div class=\"cta-banner-wrap\"  >\r\n                        <div class=\"row text-center\">\r\n                            <div class=\"cell-12\">\r\n                                <div class=\"cta-banner-content\"><h2 class=\"h2\">Osserva pi\u00f9 a fondo, prendi decisioni pi\u00f9 intelligenti e cresci al meglio<\/h2><p>Scopri in che modo la soluzione per la sostenibilit\u00e0 della catena di approvvigionamento di Assent sfrutta processi, capacit\u00e0 e strategie comprovati per acquisire dati significativi, ridurre i rischi e agevolare il successo delle pi\u00f9 grandi aziende al mondo.<\/p>\n<\/div>\r\n                            <\/div>\r\n                            <div class=\"cell-12\"><a href=\"https:\/\/www.assent.com\/it\/funzionalita\/\" class=\"btn -white \" target=\"\">Scopri la piattaforma di Assent<\/a><\/div>\r\n                        <\/div>\r\n                    <\/div>\r\n                <\/div>\r\n            <\/section>\r\n<style>\r\n    @media (max-width: 991px) {\r\n        .cta-banner.image-on-right {\r\n            text-align: center;\r\n        }\r\n\r\n        .cta-banner.gradient2 .align-items-center.justify-content-center {\r\n            justify-content: center;\r\n        }\r\n\r\n        .cta-banner.gradient3 .align-items-center.justify-content-center {\r\n            justify-content: center;\r\n        }\r\n    }\r\n<\/style>\n\n\n<div style=\"height:75px\" aria-hidden=\"true\" class=\"wp-block-spacer\"><\/div>\n","protected":false},"excerpt":{"rendered":"","protected":false},"author":21,"featured_media":0,"parent":32220,"menu_order":0,"comment_status":"closed","ping_status":"closed","template":"","meta":{"_acf_changed":false,"footnotes":"","_links_to":"","_links_to_target":""},"categories":[],"class_list":["post-32262","page","type-page","status-publish","hentry"],"acf":[],"yoast_head":"<!-- This site is optimized with the Yoast SEO Premium plugin v26.6 (Yoast SEO v27.0) - https:\/\/yoast.com\/product\/yoast-seo-premium-wordpress\/ -->\n<title>Certificazioni di Assent | Assent<\/title>\n<meta name=\"description\" content=\"Assent si impegna per la qualit\u00e0 in tutti i settori e ha ottenuto numerose certificazioni che dimostrano il nostro impegno per l&#039;eccellenza.\" \/>\n<meta name=\"robots\" content=\"index, follow, max-snippet:-1, max-image-preview:large, max-video-preview:-1\" \/>\n<link rel=\"canonical\" href=\"https:\/\/www.assent.com\/it\/azienda\/certificazioni\/\" \/>\n<meta property=\"og:locale\" content=\"it_IT\" \/>\n<meta property=\"og:type\" content=\"article\" \/>\n<meta property=\"og:title\" content=\"Certificazioni\" \/>\n<meta property=\"og:description\" content=\"Assent si impegna per la qualit\u00e0 in tutti i settori e ha ottenuto numerose certificazioni che dimostrano il nostro impegno per l&#039;eccellenza.\" \/>\n<meta property=\"og:url\" content=\"https:\/\/www.assent.com\/it\/azienda\/certificazioni\/\" \/>\n<meta property=\"og:site_name\" content=\"Assent\" \/>\n<meta property=\"article:publisher\" content=\"https:\/\/www.facebook.com\/AssentCompliance\/\" \/>\n<meta property=\"article:modified_time\" content=\"2025-07-18T13:56:35+00:00\" \/>\n<meta name=\"twitter:card\" content=\"summary_large_image\" \/>\n<meta name=\"twitter:site\" content=\"@AssentGlobal\" \/>\n<script type=\"application\/ld+json\" class=\"yoast-schema-graph\">{\"@context\":\"https:\/\/schema.org\",\"@graph\":[{\"@type\":\"WebPage\",\"@id\":\"https:\/\/www.assent.com\/it\/azienda\/certificazioni\/\",\"url\":\"https:\/\/www.assent.com\/it\/azienda\/certificazioni\/\",\"name\":\"Certificazioni di Assent | Assent\",\"isPartOf\":{\"@id\":\"https:\/\/www.assent.com\/it\/#website\"},\"datePublished\":\"2022-02-19T04:11:45+00:00\",\"dateModified\":\"2025-07-18T13:56:35+00:00\",\"description\":\"Assent si impegna per la qualit\u00e0 in tutti i settori e ha ottenuto numerose certificazioni che dimostrano il nostro impegno per l'eccellenza.\",\"breadcrumb\":{\"@id\":\"https:\/\/www.assent.com\/it\/azienda\/certificazioni\/#breadcrumb\"},\"inLanguage\":\"it-IT\",\"potentialAction\":[{\"@type\":\"ReadAction\",\"target\":[\"https:\/\/www.assent.com\/it\/azienda\/certificazioni\/\"]}]},{\"@type\":\"BreadcrumbList\",\"@id\":\"https:\/\/www.assent.com\/it\/azienda\/certificazioni\/#breadcrumb\",\"itemListElement\":[{\"@type\":\"ListItem\",\"position\":1,\"name\":\"Home\",\"item\":\"https:\/\/www.assent.com\/it\/\"},{\"@type\":\"ListItem\",\"position\":2,\"name\":\"Company\",\"item\":\"https:\/\/www.assent.com\/it\/company\/\"},{\"@type\":\"ListItem\",\"position\":3,\"name\":\"Certificazioni\"}]},{\"@type\":\"WebSite\",\"@id\":\"https:\/\/www.assent.com\/it\/#website\",\"url\":\"https:\/\/www.assent.com\/it\/\",\"name\":\"Assent\",\"description\":\"\",\"publisher\":{\"@id\":\"https:\/\/www.assent.com\/it\/#organization\"},\"potentialAction\":[{\"@type\":\"SearchAction\",\"target\":{\"@type\":\"EntryPoint\",\"urlTemplate\":\"https:\/\/www.assent.com\/it\/?s={search_term_string}\"},\"query-input\":{\"@type\":\"PropertyValueSpecification\",\"valueRequired\":true,\"valueName\":\"search_term_string\"}}],\"inLanguage\":\"it-IT\"},{\"@type\":\"Organization\",\"@id\":\"https:\/\/www.assent.com\/it\/#organization\",\"name\":\"Assent\",\"url\":\"https:\/\/www.assent.com\/it\/\",\"logo\":{\"@type\":\"ImageObject\",\"inLanguage\":\"it-IT\",\"@id\":\"https:\/\/www.assent.com\/it\/#\/schema\/logo\/image\/\",\"url\":\"https:\/\/www.assent.com\/wp-content\/uploads\/2022\/01\/logo.svg\",\"contentUrl\":\"https:\/\/www.assent.com\/wp-content\/uploads\/2022\/01\/logo.svg\",\"width\":1,\"height\":1,\"caption\":\"Assent\"},\"image\":{\"@id\":\"https:\/\/www.assent.com\/it\/#\/schema\/logo\/image\/\"},\"sameAs\":[\"https:\/\/www.facebook.com\/AssentCompliance\/\",\"https:\/\/x.com\/AssentGlobal\",\"https:\/\/www.linkedin.com\/company\/assent-compliance-inc\"]}]}<\/script>\n<!-- \/ Yoast SEO Premium plugin. -->","yoast_head_json":{"title":"Certificazioni di Assent | Assent","description":"Assent si impegna per la qualit\u00e0 in tutti i settori e ha ottenuto numerose certificazioni che dimostrano il nostro impegno per l'eccellenza.","robots":{"index":"index","follow":"follow","max-snippet":"max-snippet:-1","max-image-preview":"max-image-preview:large","max-video-preview":"max-video-preview:-1"},"canonical":"https:\/\/www.assent.com\/it\/azienda\/certificazioni\/","og_locale":"it_IT","og_type":"article","og_title":"Certificazioni","og_description":"Assent si impegna per la qualit\u00e0 in tutti i settori e ha ottenuto numerose certificazioni che dimostrano il nostro impegno per l'eccellenza.","og_url":"https:\/\/www.assent.com\/it\/azienda\/certificazioni\/","og_site_name":"Assent","article_publisher":"https:\/\/www.facebook.com\/AssentCompliance\/","article_modified_time":"2025-07-18T13:56:35+00:00","twitter_card":"summary_large_image","twitter_site":"@AssentGlobal","schema":{"@context":"https:\/\/schema.org","@graph":[{"@type":"WebPage","@id":"https:\/\/www.assent.com\/it\/azienda\/certificazioni\/","url":"https:\/\/www.assent.com\/it\/azienda\/certificazioni\/","name":"Certificazioni di Assent | Assent","isPartOf":{"@id":"https:\/\/www.assent.com\/it\/#website"},"datePublished":"2022-02-19T04:11:45+00:00","dateModified":"2025-07-18T13:56:35+00:00","description":"Assent si impegna per la qualit\u00e0 in tutti i settori e ha ottenuto numerose certificazioni che dimostrano il nostro impegno per l'eccellenza.","breadcrumb":{"@id":"https:\/\/www.assent.com\/it\/azienda\/certificazioni\/#breadcrumb"},"inLanguage":"it-IT","potentialAction":[{"@type":"ReadAction","target":["https:\/\/www.assent.com\/it\/azienda\/certificazioni\/"]}]},{"@type":"BreadcrumbList","@id":"https:\/\/www.assent.com\/it\/azienda\/certificazioni\/#breadcrumb","itemListElement":[{"@type":"ListItem","position":1,"name":"Home","item":"https:\/\/www.assent.com\/it\/"},{"@type":"ListItem","position":2,"name":"Company","item":"https:\/\/www.assent.com\/it\/company\/"},{"@type":"ListItem","position":3,"name":"Certificazioni"}]},{"@type":"WebSite","@id":"https:\/\/www.assent.com\/it\/#website","url":"https:\/\/www.assent.com\/it\/","name":"Assent","description":"","publisher":{"@id":"https:\/\/www.assent.com\/it\/#organization"},"potentialAction":[{"@type":"SearchAction","target":{"@type":"EntryPoint","urlTemplate":"https:\/\/www.assent.com\/it\/?s={search_term_string}"},"query-input":{"@type":"PropertyValueSpecification","valueRequired":true,"valueName":"search_term_string"}}],"inLanguage":"it-IT"},{"@type":"Organization","@id":"https:\/\/www.assent.com\/it\/#organization","name":"Assent","url":"https:\/\/www.assent.com\/it\/","logo":{"@type":"ImageObject","inLanguage":"it-IT","@id":"https:\/\/www.assent.com\/it\/#\/schema\/logo\/image\/","url":"https:\/\/www.assent.com\/wp-content\/uploads\/2022\/01\/logo.svg","contentUrl":"https:\/\/www.assent.com\/wp-content\/uploads\/2022\/01\/logo.svg","width":1,"height":1,"caption":"Assent"},"image":{"@id":"https:\/\/www.assent.com\/it\/#\/schema\/logo\/image\/"},"sameAs":["https:\/\/www.facebook.com\/AssentCompliance\/","https:\/\/x.com\/AssentGlobal","https:\/\/www.linkedin.com\/company\/assent-compliance-inc"]}]}},"_links":{"self":[{"href":"https:\/\/www.assent.com\/it\/wp-json\/wp\/v2\/pages\/32262","targetHints":{"allow":["GET"]}}],"collection":[{"href":"https:\/\/www.assent.com\/it\/wp-json\/wp\/v2\/pages"}],"about":[{"href":"https:\/\/www.assent.com\/it\/wp-json\/wp\/v2\/types\/page"}],"author":[{"embeddable":true,"href":"https:\/\/www.assent.com\/it\/wp-json\/wp\/v2\/users\/21"}],"replies":[{"embeddable":true,"href":"https:\/\/www.assent.com\/it\/wp-json\/wp\/v2\/comments?post=32262"}],"version-history":[{"count":1,"href":"https:\/\/www.assent.com\/it\/wp-json\/wp\/v2\/pages\/32262\/revisions"}],"predecessor-version":[{"id":93931,"href":"https:\/\/www.assent.com\/it\/wp-json\/wp\/v2\/pages\/32262\/revisions\/93931"}],"up":[{"embeddable":true,"href":"https:\/\/www.assent.com\/it\/wp-json\/wp\/v2\/pages\/32220"}],"wp:attachment":[{"href":"https:\/\/www.assent.com\/it\/wp-json\/wp\/v2\/media?parent=32262"}],"wp:term":[{"taxonomy":"category","embeddable":true,"href":"https:\/\/www.assent.com\/it\/wp-json\/wp\/v2\/categories?post=32262"}],"curies":[{"name":"wp","href":"https:\/\/api.w.org\/{rel}","templated":true}]}}