{"id":32043,"date":"2022-01-27T18:09:11","date_gmt":"2022-01-27T23:09:11","guid":{"rendered":"https:\/\/www.assent.com\/solutions\/industry\/"},"modified":"2026-01-23T00:19:16","modified_gmt":"2026-01-23T05:19:16","slug":"per-industria","status":"publish","type":"page","link":"https:\/\/www.assent.com\/it\/soluzioni\/per-industria\/","title":{"rendered":"Per industria"},"content":{"rendered":"<!-- banner area part -->\n        <section class=\"generic-hero  navy   \" ><div class=\"gh-right-triangles\"><\/div><div class=\"row hero-wrap\">\n                <div class=\"cell-7 hero-left\"><div class=\"hero-left-inner d-flex align-items-center\"><div class=\"gh-content\"><h1 class=\"h1\">Soluzioni Assent per settore<\/h1><p>Scopri come le nostre soluzioni automatizzate di gestione della sostenibilit\u00e0 della catena di approvvigionamento aiutano le aziende di prodotti complessi a osservare pi\u00f9 a fondo, prendere decisioni pi\u00f9 intelligenti e crescere al meglio.<\/p>\n<div class=\"btn-wrap\"><\/div><\/div><\/div>\n                <\/div><\/div>\n        <\/section>\n\n\n<div style=\"height:75px\" aria-hidden=\"true\" class=\"wp-block-spacer\"><\/div>\n\n\n<!-- Fifty Fifty Promo -->\n        <section class=\"fifty-fifty-promo elem-viewport \"><div class=\"container simple\"><div class=\"row media-right\"><div class=\"cell-lg-6\"><div class=\"promo-media\"><div class=\"promo-image\">\n                                        <img decoding=\"async\" src=\"https:\/\/www.assent.com\/wp-content\/uploads\/2022\/02\/Assent_stockImage_CustomerImpact_medical-heart-monitors-machines-e1652375220418.jpg\" alt=\"File di dispositivi medici per il monitoraggio cardiaco\">\n                                    <\/div><\/div><\/div>\n                    <div class=\"cell-lg-6\"><div class=\"promo-content\"><div class=\"eyebrow-text\">Soluzione<\/div><h2 class=\"h2\">Settore dei dispositivi medici<\/h2><div class=\"promo-wysiwyg default\"><p>Il settore dei dispositivi medici \u00e8 sottoposto a un attento monitoraggio, quindi i suoi programmi di conformit\u00e0 ambientale, sociale e di governance (ESG) devono essere rigorosi e affidabili.<\/p>\n<\/div><a href=\"https:\/\/www.assent.com\/it\/soluzioni\/per-industria\/catena-approvvigionamento-dispositivi-medici\/\" target=\"\" class=\"btn\">Scopri le nostre soluzioni<\/a><\/div><\/div>\n                <\/div><\/div>\n        <\/section>\n\n\n<div style=\"height:75px\" aria-hidden=\"true\" class=\"wp-block-spacer\"><\/div>\n\n\n<!-- Fifty Fifty Promo -->\n        <section class=\"fifty-fifty-promo elem-viewport \"><div class=\"container simple\"><div class=\"row \"><div class=\"cell-lg-6\"><div class=\"promo-media\"><div class=\"promo-image\">\n                                        <img decoding=\"async\" src=\"https:\/\/www.assent.com\/wp-content\/uploads\/2022\/02\/Assent_stockImage_CustomerImpact_electronics-microchips-stacked-e1652375198760.jpg\" alt=\"File di microchip\">\n                                    <\/div><\/div><\/div>\n                    <div class=\"cell-lg-6\"><div class=\"promo-content\"><div class=\"eyebrow-text\">Soluzione<\/div><h2 class=\"h2\">Settore elettronico<\/h2><div class=\"promo-wysiwyg default\"><p>I produttori di elettronica sono fortemente regolamentati e operano in una molteplicit\u00e0 di mercati verticali. La soluzione di sostenibilit\u00e0 della catena di approvvigionamento di Assent pu\u00f2 aiutarti a comprendere pi\u00f9 a fondo e a migliorare la crescita per raggiungere il successo aziendale.<\/p>\n<\/div><a href=\"https:\/\/www.assent.com\/it\/soluzioni\/per-industria\/catena-approvvigionamento-settore-elettronico\/\" target=\"\" class=\"btn\">Scopri le nostre soluzioni<\/a><\/div><\/div>\n                <\/div><\/div>\n        <\/section>\n\n\n<div style=\"height:75px\" aria-hidden=\"true\" class=\"wp-block-spacer\"><\/div>\n\n\n<!-- Fifty Fifty Promo -->\n        <section class=\"fifty-fifty-promo elem-viewport \"><div class=\"container simple\"><div class=\"row media-right\"><div class=\"cell-lg-6\"><div class=\"promo-media\"><div class=\"promo-image\">\n                                        <img decoding=\"async\" src=\"https:\/\/www.assent.com\/wp-content\/uploads\/2022\/02\/Assent_stockImage_CustomerImpact-silver-rings.jpeg\" alt=\"Primo piano di una scatola di rondelle in argento\">\n                                    <\/div><\/div><\/div>\n                    <div class=\"cell-lg-6\"><div class=\"promo-content\"><div class=\"eyebrow-text\">Soluzione<\/div><h2 class=\"h2\">Settore delle apparecchiature industriali<\/h2><div class=\"promo-wysiwyg default\"><p>Le catene di approvvigionamento industriali sono complesse, ma ci\u00f2 non significa che anche la tua soluzione per la sostenibilit\u00e0 della catena di approvvigionamento debba esserlo. Scopri come Assent ti pu\u00f2 aiutare a osservare pi\u00f9 a fondo, prendere decisioni pi\u00f9 intelligenti e crescere pi\u00f9 rapidamente.<\/p>\n<\/div><a href=\"https:\/\/www.assent.com\/it\/soluzioni\/per-industria\/equipaggiamento-industriale\/\" target=\"\" class=\"btn\">Scopri le nostre soluzioni<\/a><\/div><\/div>\n                <\/div><\/div>\n        <\/section>\n\n\n<div style=\"height:75px\" aria-hidden=\"true\" class=\"wp-block-spacer\"><\/div>\n\n\n<!-- Fifty Fifty Promo -->\n        <section class=\"fifty-fifty-promo elem-viewport \"><div class=\"container simple\"><div class=\"row \"><div class=\"cell-lg-6\"><div class=\"promo-media\"><div class=\"promo-image\">\n                                        <img decoding=\"async\" src=\"https:\/\/www.assent.com\/wp-content\/uploads\/2022\/02\/Assent_stockImage_CustomerImpact-cars-parkinglot.jpeg\" alt=\"File di auto in un parcheggio\">\n                                    <\/div><\/div><\/div>\n                    <div class=\"cell-lg-6\"><div class=\"promo-content\"><div class=\"eyebrow-text\">Soluzione<\/div><h2 class=\"h2\">Settore automotive<\/h2><div class=\"promo-wysiwyg default\"><p>La catena di approvvigionamento del settore automotive \u00e8 complessa. Assent aiuta i produttori a comprenderla, cos\u00ec che possano osservare pi\u00f9 a fondo, prendere decisioni pi\u00f9 intelligenti e crescere al meglio.<\/p>\n<\/div><a href=\"https:\/\/www.assent.com\/it\/soluzioni\/per-industria\/catena-approvvigionamento-settore-automotive\/\" target=\"\" class=\"btn\">Scopri le nostre soluzioni<\/a><\/div><\/div>\n                <\/div><\/div>\n        <\/section>\n\n\n<div style=\"height:75px\" aria-hidden=\"true\" class=\"wp-block-spacer\"><\/div>\n\n\n<!-- Fifty Fifty Promo -->\n        <section class=\"fifty-fifty-promo elem-viewport \"><div class=\"container simple\"><div class=\"row media-right\"><div class=\"cell-lg-6\"><div class=\"promo-media\"><div class=\"promo-image\">\n                                        <img decoding=\"async\" src=\"https:\/\/www.assent.com\/wp-content\/uploads\/2022\/02\/Assent_stockImage_CustomerImpact-propeller-closeup-\u2013-2.jpeg\" alt=\"Primo piano dell'elica di un aereo\">\n                                    <\/div><\/div><\/div>\n                    <div class=\"cell-lg-6\"><div class=\"promo-content\"><div class=\"eyebrow-text\">Soluzione<\/div><h2 class=\"h2\">Settore aerospaziale e della difesa<\/h2><div class=\"promo-wysiwyg default\"><p>Il settore aerospaziale e della difesa ha catene di approvvigionamento incredibilmente complesse. Solo Assent ha la competenza necessaria per far decollare i tuoi programmi di sostenibilit\u00e0 e conformit\u00e0.<\/p>\n<\/div><a href=\"https:\/\/www.assent.com\/it\/soluzioni\/per-industria\/it-soluzioni-settore-catena-approvvigionamento-settore-aerospaziale\/\" target=\"\" class=\"btn\">Scopri le nostre soluzioni<\/a><\/div><\/div>\n                <\/div><\/div>\n        <\/section>\n\n\n<div style=\"height:75px\" aria-hidden=\"true\" class=\"wp-block-spacer\"><\/div>\n","protected":false},"excerpt":{"rendered":"<p>Visualizza le soluzioni Assent per la conformit\u00e0 dei prodotti e per l\u2019ESG a seconda del settore.<\/p>\n","protected":false},"author":21,"featured_media":0,"parent":32041,"menu_order":0,"comment_status":"closed","ping_status":"closed","template":"","meta":{"_acf_changed":false,"footnotes":"","_links_to":"","_links_to_target":""},"categories":[],"class_list":["post-32043","page","type-page","status-publish","hentry"],"acf":[],"yoast_head":"<!-- This site is optimized with the Yoast SEO Premium plugin v26.6 (Yoast SEO v27.0) - https:\/\/yoast.com\/product\/yoast-seo-premium-wordpress\/ -->\n<title>Per industria | Assent<\/title>\n<meta name=\"description\" content=\"Visualizza le soluzioni Assent per la conformit\u00e0 dei prodotti e per l\u2019ESG a seconda del settore.\" \/>\n<meta name=\"robots\" content=\"index, follow, max-snippet:-1, max-image-preview:large, max-video-preview:-1\" \/>\n<link rel=\"canonical\" href=\"https:\/\/www.assent.com\/it\/soluzioni\/per-industria\/\" \/>\n<meta property=\"og:locale\" content=\"it_IT\" \/>\n<meta property=\"og:type\" content=\"article\" \/>\n<meta property=\"og:title\" content=\"Per industria\" \/>\n<meta property=\"og:description\" content=\"Visualizza le soluzioni Assent per la conformit\u00e0 dei prodotti e per l\u2019ESG a seconda del settore.\" \/>\n<meta property=\"og:url\" content=\"https:\/\/www.assent.com\/it\/soluzioni\/per-industria\/\" \/>\n<meta property=\"og:site_name\" content=\"Assent\" \/>\n<meta property=\"article:publisher\" content=\"https:\/\/www.facebook.com\/AssentCompliance\/\" \/>\n<meta property=\"article:modified_time\" content=\"2026-01-23T05:19:16+00:00\" \/>\n<meta name=\"twitter:card\" content=\"summary_large_image\" \/>\n<meta name=\"twitter:site\" content=\"@AssentGlobal\" \/>\n<script type=\"application\/ld+json\" class=\"yoast-schema-graph\">{\"@context\":\"https:\/\/schema.org\",\"@graph\":[{\"@type\":\"WebPage\",\"@id\":\"https:\/\/www.assent.com\/it\/soluzioni\/per-industria\/\",\"url\":\"https:\/\/www.assent.com\/it\/soluzioni\/per-industria\/\",\"name\":\"Per industria | Assent\",\"isPartOf\":{\"@id\":\"https:\/\/www.assent.com\/it\/#website\"},\"datePublished\":\"2022-01-27T23:09:11+00:00\",\"dateModified\":\"2026-01-23T05:19:16+00:00\",\"description\":\"Visualizza le soluzioni Assent per la conformit\u00e0 dei prodotti e per l\u2019ESG a seconda del settore.\",\"breadcrumb\":{\"@id\":\"https:\/\/www.assent.com\/it\/soluzioni\/per-industria\/#breadcrumb\"},\"inLanguage\":\"it-IT\",\"potentialAction\":[{\"@type\":\"ReadAction\",\"target\":[\"https:\/\/www.assent.com\/it\/soluzioni\/per-industria\/\"]}]},{\"@type\":\"BreadcrumbList\",\"@id\":\"https:\/\/www.assent.com\/it\/soluzioni\/per-industria\/#breadcrumb\",\"itemListElement\":[{\"@type\":\"ListItem\",\"position\":1,\"name\":\"Home\",\"item\":\"https:\/\/www.assent.com\/it\/\"},{\"@type\":\"ListItem\",\"position\":2,\"name\":\"Soluzioni\",\"item\":\"https:\/\/www.assent.com\/it\/soluzioni\/\"},{\"@type\":\"ListItem\",\"position\":3,\"name\":\"Per industria\"}]},{\"@type\":\"WebSite\",\"@id\":\"https:\/\/www.assent.com\/it\/#website\",\"url\":\"https:\/\/www.assent.com\/it\/\",\"name\":\"Assent\",\"description\":\"\",\"publisher\":{\"@id\":\"https:\/\/www.assent.com\/it\/#organization\"},\"potentialAction\":[{\"@type\":\"SearchAction\",\"target\":{\"@type\":\"EntryPoint\",\"urlTemplate\":\"https:\/\/www.assent.com\/it\/?s={search_term_string}\"},\"query-input\":{\"@type\":\"PropertyValueSpecification\",\"valueRequired\":true,\"valueName\":\"search_term_string\"}}],\"inLanguage\":\"it-IT\"},{\"@type\":\"Organization\",\"@id\":\"https:\/\/www.assent.com\/it\/#organization\",\"name\":\"Assent\",\"url\":\"https:\/\/www.assent.com\/it\/\",\"logo\":{\"@type\":\"ImageObject\",\"inLanguage\":\"it-IT\",\"@id\":\"https:\/\/www.assent.com\/it\/#\/schema\/logo\/image\/\",\"url\":\"https:\/\/www.assent.com\/wp-content\/uploads\/2022\/01\/logo.svg\",\"contentUrl\":\"https:\/\/www.assent.com\/wp-content\/uploads\/2022\/01\/logo.svg\",\"width\":1,\"height\":1,\"caption\":\"Assent\"},\"image\":{\"@id\":\"https:\/\/www.assent.com\/it\/#\/schema\/logo\/image\/\"},\"sameAs\":[\"https:\/\/www.facebook.com\/AssentCompliance\/\",\"https:\/\/x.com\/AssentGlobal\",\"https:\/\/www.linkedin.com\/company\/assent-compliance-inc\"]}]}<\/script>\n<!-- \/ Yoast SEO Premium plugin. -->","yoast_head_json":{"title":"Per industria | Assent","description":"Visualizza le soluzioni Assent per la conformit\u00e0 dei prodotti e per l\u2019ESG a seconda del settore.","robots":{"index":"index","follow":"follow","max-snippet":"max-snippet:-1","max-image-preview":"max-image-preview:large","max-video-preview":"max-video-preview:-1"},"canonical":"https:\/\/www.assent.com\/it\/soluzioni\/per-industria\/","og_locale":"it_IT","og_type":"article","og_title":"Per industria","og_description":"Visualizza le soluzioni Assent per la conformit\u00e0 dei prodotti e per l\u2019ESG a seconda del settore.","og_url":"https:\/\/www.assent.com\/it\/soluzioni\/per-industria\/","og_site_name":"Assent","article_publisher":"https:\/\/www.facebook.com\/AssentCompliance\/","article_modified_time":"2026-01-23T05:19:16+00:00","twitter_card":"summary_large_image","twitter_site":"@AssentGlobal","schema":{"@context":"https:\/\/schema.org","@graph":[{"@type":"WebPage","@id":"https:\/\/www.assent.com\/it\/soluzioni\/per-industria\/","url":"https:\/\/www.assent.com\/it\/soluzioni\/per-industria\/","name":"Per industria | Assent","isPartOf":{"@id":"https:\/\/www.assent.com\/it\/#website"},"datePublished":"2022-01-27T23:09:11+00:00","dateModified":"2026-01-23T05:19:16+00:00","description":"Visualizza le soluzioni Assent per la conformit\u00e0 dei prodotti e per l\u2019ESG a seconda del settore.","breadcrumb":{"@id":"https:\/\/www.assent.com\/it\/soluzioni\/per-industria\/#breadcrumb"},"inLanguage":"it-IT","potentialAction":[{"@type":"ReadAction","target":["https:\/\/www.assent.com\/it\/soluzioni\/per-industria\/"]}]},{"@type":"BreadcrumbList","@id":"https:\/\/www.assent.com\/it\/soluzioni\/per-industria\/#breadcrumb","itemListElement":[{"@type":"ListItem","position":1,"name":"Home","item":"https:\/\/www.assent.com\/it\/"},{"@type":"ListItem","position":2,"name":"Soluzioni","item":"https:\/\/www.assent.com\/it\/soluzioni\/"},{"@type":"ListItem","position":3,"name":"Per industria"}]},{"@type":"WebSite","@id":"https:\/\/www.assent.com\/it\/#website","url":"https:\/\/www.assent.com\/it\/","name":"Assent","description":"","publisher":{"@id":"https:\/\/www.assent.com\/it\/#organization"},"potentialAction":[{"@type":"SearchAction","target":{"@type":"EntryPoint","urlTemplate":"https:\/\/www.assent.com\/it\/?s={search_term_string}"},"query-input":{"@type":"PropertyValueSpecification","valueRequired":true,"valueName":"search_term_string"}}],"inLanguage":"it-IT"},{"@type":"Organization","@id":"https:\/\/www.assent.com\/it\/#organization","name":"Assent","url":"https:\/\/www.assent.com\/it\/","logo":{"@type":"ImageObject","inLanguage":"it-IT","@id":"https:\/\/www.assent.com\/it\/#\/schema\/logo\/image\/","url":"https:\/\/www.assent.com\/wp-content\/uploads\/2022\/01\/logo.svg","contentUrl":"https:\/\/www.assent.com\/wp-content\/uploads\/2022\/01\/logo.svg","width":1,"height":1,"caption":"Assent"},"image":{"@id":"https:\/\/www.assent.com\/it\/#\/schema\/logo\/image\/"},"sameAs":["https:\/\/www.facebook.com\/AssentCompliance\/","https:\/\/x.com\/AssentGlobal","https:\/\/www.linkedin.com\/company\/assent-compliance-inc"]}]}},"_links":{"self":[{"href":"https:\/\/www.assent.com\/it\/wp-json\/wp\/v2\/pages\/32043","targetHints":{"allow":["GET"]}}],"collection":[{"href":"https:\/\/www.assent.com\/it\/wp-json\/wp\/v2\/pages"}],"about":[{"href":"https:\/\/www.assent.com\/it\/wp-json\/wp\/v2\/types\/page"}],"author":[{"embeddable":true,"href":"https:\/\/www.assent.com\/it\/wp-json\/wp\/v2\/users\/21"}],"replies":[{"embeddable":true,"href":"https:\/\/www.assent.com\/it\/wp-json\/wp\/v2\/comments?post=32043"}],"version-history":[{"count":2,"href":"https:\/\/www.assent.com\/it\/wp-json\/wp\/v2\/pages\/32043\/revisions"}],"predecessor-version":[{"id":107898,"href":"https:\/\/www.assent.com\/it\/wp-json\/wp\/v2\/pages\/32043\/revisions\/107898"}],"up":[{"embeddable":true,"href":"https:\/\/www.assent.com\/it\/wp-json\/wp\/v2\/pages\/32041"}],"wp:attachment":[{"href":"https:\/\/www.assent.com\/it\/wp-json\/wp\/v2\/media?parent=32043"}],"wp:term":[{"taxonomy":"category","embeddable":true,"href":"https:\/\/www.assent.com\/it\/wp-json\/wp\/v2\/categories?post=32043"}],"curies":[{"name":"wp","href":"https:\/\/api.w.org\/{rel}","templated":true}]}}