{"id":176892,"date":"2026-04-14T14:51:31","date_gmt":"2026-04-14T18:51:31","guid":{"rendered":"https:\/\/www.assent.com\/?page_id=176892"},"modified":"2026-04-14T14:51:32","modified_gmt":"2026-04-14T18:51:32","slug":"kyle-erickson","status":"publish","type":"page","link":"https:\/\/www.assent.com\/it\/funzionalita\/competenza\/kyle-erickson\/","title":{"rendered":"Kyle Erickson"},"content":{"rendered":"\n<div style=\"height:75px\" aria-hidden=\"true\" class=\"wp-block-spacer\"><\/div>\n\n\n\r\n<!-- WYSIWYG -->\r\n        <section class=\"wysiwyg-section\">\r\n            <div class=\"container\"><h1>Kyle Erickson<\/h1>\n<h6>Esperto senior di normative<\/h6>\n<p><img decoding=\"async\" class=\"alignright wp-image-110548 size-medium\" src=\"https:\/\/www.assent.com\/wp-content\/uploads\/2026\/03\/Kyle-Erickson-300x300.webp\" alt=\"Kyle Erickson\" width=\"300\" height=\"300\" srcset=\"https:\/\/www.assent.com\/wp-content\/uploads\/2026\/03\/Kyle-Erickson-300x300.webp 300w, https:\/\/www.assent.com\/wp-content\/uploads\/2026\/03\/Kyle-Erickson-1024x1024.webp 1024w, https:\/\/www.assent.com\/wp-content\/uploads\/2026\/03\/Kyle-Erickson-150x150.webp 150w, https:\/\/www.assent.com\/wp-content\/uploads\/2026\/03\/Kyle-Erickson-768x768.webp 768w, https:\/\/www.assent.com\/wp-content\/uploads\/2026\/03\/Kyle-Erickson-1536x1536.webp 1536w, https:\/\/www.assent.com\/wp-content\/uploads\/2026\/03\/Kyle-Erickson-2048x2048.webp 2048w\" sizes=\"(max-width: 300px) 100vw, 300px\" \/><br \/>\nKyle vanta 17 anni di esperienza nei settori aerospaziale, automotive, della microbiologia e della refrigerazione commerciale. Grazie a un decennio di esperienza nella gestione responsabile dei prodotti e nella conformit\u00e0 dei materiali, privilegia soluzioni pragmatiche e scalabili in risposta al panorama normativo globale in rapida evoluzione. I ruoli complementari ricoperti nei settori della ricerca e sviluppo, della produzione e dell\u2019EHS hanno influenzato la sua prospettiva e il suo approccio alla gestione dei prodotti. Ha implementato programmi globali di gestione responsabile dei prodotti nell\u2019ambito di molteplici trasformazioni aziendali legate a fusioni e acquisizioni. Kyle si \u00e8 laureato presso il College of Biological Sciences dell\u2019Universit\u00e0 del Minnesota e, prima di entrare in Assent, ha lavorato presso 3M, Neogen e Refrigerated Solutions Group.<\/p>\n<p><a href=\"https:\/\/www.linkedin.com\/in\/kyle-e-139b6456\/\">Connettiti con Kyle su LinkedIn<\/a><\/p>\n<p><a href=\"mailto:kyle.erickson@assent.com\">Invia un\u2019e-mail a Kyle<\/a><\/p>\n<\/div>    \r\n        <\/section>","protected":false},"excerpt":{"rendered":"<p>Vi presentiamo Kyle Erickson, esperto di conformit\u00e0 normativa, specializzato in gestione della responsabilit\u00e0 del prodotto e conformit\u00e0 dei materiali.<\/p>\n","protected":false},"author":57,"featured_media":110551,"parent":32679,"menu_order":0,"comment_status":"closed","ping_status":"closed","template":"","meta":{"_acf_changed":false,"footnotes":"","_links_to":"","_links_to_target":""},"categories":[],"class_list":["post-176892","page","type-page","status-publish","has-post-thumbnail","hentry"],"acf":[],"yoast_head":"<!-- This site is optimized with the Yoast SEO Premium plugin v26.6 (Yoast SEO v27.0) - https:\/\/yoast.com\/product\/yoast-seo-premium-wordpress\/ -->\n<title>Kyle Erickson | Esperto senior di normative | Assent<\/title>\n<meta name=\"description\" content=\"Vi presentiamo Kyle Erickson, esperto di conformit\u00e0 normativa, specializzato in gestione della responsabilit\u00e0 del prodotto e conformit\u00e0 dei materiali.\" \/>\n<meta name=\"robots\" content=\"index, follow, max-snippet:-1, max-image-preview:large, max-video-preview:-1\" \/>\n<link rel=\"canonical\" href=\"https:\/\/www.assent.com\/it\/funzionalita\/competenza\/kyle-erickson\/\" \/>\n<meta property=\"og:locale\" content=\"it_IT\" \/>\n<meta property=\"og:type\" content=\"article\" \/>\n<meta property=\"og:title\" content=\"Kyle Erickson\" \/>\n<meta property=\"og:description\" content=\"Vi presentiamo Kyle Erickson, esperto di conformit\u00e0 normativa, specializzato in gestione della responsabilit\u00e0 del prodotto e conformit\u00e0 dei materiali.\" \/>\n<meta property=\"og:url\" content=\"https:\/\/www.assent.com\/it\/funzionalita\/competenza\/kyle-erickson\/\" \/>\n<meta property=\"og:site_name\" content=\"Assent\" \/>\n<meta property=\"article:publisher\" content=\"https:\/\/www.facebook.com\/AssentCompliance\/\" \/>\n<meta property=\"article:modified_time\" content=\"2026-04-14T18:51:32+00:00\" \/>\n<meta property=\"og:image\" content=\"https:\/\/www.assent.com\/wp-content\/uploads\/2026\/03\/Kyle-Erickson.webp\" \/>\n\t<meta property=\"og:image:width\" content=\"2700\" \/>\n\t<meta property=\"og:image:height\" content=\"2700\" \/>\n\t<meta property=\"og:image:type\" content=\"image\/webp\" \/>\n<meta name=\"twitter:card\" content=\"summary_large_image\" \/>\n<meta name=\"twitter:site\" content=\"@AssentGlobal\" \/>\n<script type=\"application\/ld+json\" class=\"yoast-schema-graph\">{\"@context\":\"https:\/\/schema.org\",\"@graph\":[{\"@type\":\"WebPage\",\"@id\":\"https:\/\/www.assent.com\/it\/funzionalita\/competenza\/kyle-erickson\/\",\"url\":\"https:\/\/www.assent.com\/it\/funzionalita\/competenza\/kyle-erickson\/\",\"name\":\"Kyle Erickson | Esperto senior di normative | Assent\",\"isPartOf\":{\"@id\":\"https:\/\/www.assent.com\/it\/#website\"},\"primaryImageOfPage\":{\"@id\":\"https:\/\/www.assent.com\/it\/funzionalita\/competenza\/kyle-erickson\/#primaryimage\"},\"image\":{\"@id\":\"https:\/\/www.assent.com\/it\/funzionalita\/competenza\/kyle-erickson\/#primaryimage\"},\"thumbnailUrl\":\"https:\/\/www.assent.com\/wp-content\/uploads\/2026\/03\/Kyle-Erickson.webp\",\"datePublished\":\"2026-04-14T18:51:31+00:00\",\"dateModified\":\"2026-04-14T18:51:32+00:00\",\"description\":\"Vi presentiamo Kyle Erickson, esperto di conformit\u00e0 normativa, specializzato in gestione della responsabilit\u00e0 del prodotto e conformit\u00e0 dei materiali.\",\"breadcrumb\":{\"@id\":\"https:\/\/www.assent.com\/it\/funzionalita\/competenza\/kyle-erickson\/#breadcrumb\"},\"inLanguage\":\"it-IT\",\"potentialAction\":[{\"@type\":\"ReadAction\",\"target\":[\"https:\/\/www.assent.com\/it\/funzionalita\/competenza\/kyle-erickson\/\"]}]},{\"@type\":\"ImageObject\",\"inLanguage\":\"it-IT\",\"@id\":\"https:\/\/www.assent.com\/it\/funzionalita\/competenza\/kyle-erickson\/#primaryimage\",\"url\":\"https:\/\/www.assent.com\/wp-content\/uploads\/2026\/03\/Kyle-Erickson.webp\",\"contentUrl\":\"https:\/\/www.assent.com\/wp-content\/uploads\/2026\/03\/Kyle-Erickson.webp\",\"width\":2700,\"height\":2700,\"caption\":\"Kyle Erickson\"},{\"@type\":\"BreadcrumbList\",\"@id\":\"https:\/\/www.assent.com\/it\/funzionalita\/competenza\/kyle-erickson\/#breadcrumb\",\"itemListElement\":[{\"@type\":\"ListItem\",\"position\":1,\"name\":\"Home\",\"item\":\"https:\/\/www.assent.com\/it\/\"},{\"@type\":\"ListItem\",\"position\":2,\"name\":\"Piattaforma e funzionalit\u00e0\",\"item\":\"https:\/\/www.assent.com\/it\/funzionalita\/\"},{\"@type\":\"ListItem\",\"position\":3,\"name\":\"La nostra competenza\",\"item\":\"https:\/\/www.assent.com\/it\/funzionalita\/competenza\/\"},{\"@type\":\"ListItem\",\"position\":4,\"name\":\"Kyle Erickson\"}]},{\"@type\":\"WebSite\",\"@id\":\"https:\/\/www.assent.com\/it\/#website\",\"url\":\"https:\/\/www.assent.com\/it\/\",\"name\":\"Assent\",\"description\":\"\",\"publisher\":{\"@id\":\"https:\/\/www.assent.com\/it\/#organization\"},\"potentialAction\":[{\"@type\":\"SearchAction\",\"target\":{\"@type\":\"EntryPoint\",\"urlTemplate\":\"https:\/\/www.assent.com\/it\/?s={search_term_string}\"},\"query-input\":{\"@type\":\"PropertyValueSpecification\",\"valueRequired\":true,\"valueName\":\"search_term_string\"}}],\"inLanguage\":\"it-IT\"},{\"@type\":\"Organization\",\"@id\":\"https:\/\/www.assent.com\/it\/#organization\",\"name\":\"Assent\",\"url\":\"https:\/\/www.assent.com\/it\/\",\"logo\":{\"@type\":\"ImageObject\",\"inLanguage\":\"it-IT\",\"@id\":\"https:\/\/www.assent.com\/it\/#\/schema\/logo\/image\/\",\"url\":\"https:\/\/www.assent.com\/wp-content\/uploads\/2022\/01\/logo.svg\",\"contentUrl\":\"https:\/\/www.assent.com\/wp-content\/uploads\/2022\/01\/logo.svg\",\"width\":1,\"height\":1,\"caption\":\"Assent\"},\"image\":{\"@id\":\"https:\/\/www.assent.com\/it\/#\/schema\/logo\/image\/\"},\"sameAs\":[\"https:\/\/www.facebook.com\/AssentCompliance\/\",\"https:\/\/x.com\/AssentGlobal\",\"https:\/\/www.linkedin.com\/company\/assent-compliance-inc\"]}]}<\/script>\n<!-- \/ Yoast SEO Premium plugin. -->","yoast_head_json":{"title":"Kyle Erickson | Esperto senior di normative | Assent","description":"Vi presentiamo Kyle Erickson, esperto di conformit\u00e0 normativa, specializzato in gestione della responsabilit\u00e0 del prodotto e conformit\u00e0 dei materiali.","robots":{"index":"index","follow":"follow","max-snippet":"max-snippet:-1","max-image-preview":"max-image-preview:large","max-video-preview":"max-video-preview:-1"},"canonical":"https:\/\/www.assent.com\/it\/funzionalita\/competenza\/kyle-erickson\/","og_locale":"it_IT","og_type":"article","og_title":"Kyle Erickson","og_description":"Vi presentiamo Kyle Erickson, esperto di conformit\u00e0 normativa, specializzato in gestione della responsabilit\u00e0 del prodotto e conformit\u00e0 dei materiali.","og_url":"https:\/\/www.assent.com\/it\/funzionalita\/competenza\/kyle-erickson\/","og_site_name":"Assent","article_publisher":"https:\/\/www.facebook.com\/AssentCompliance\/","article_modified_time":"2026-04-14T18:51:32+00:00","og_image":[{"width":2700,"height":2700,"url":"https:\/\/www.assent.com\/wp-content\/uploads\/2026\/03\/Kyle-Erickson.webp","type":"image\/webp"}],"twitter_card":"summary_large_image","twitter_site":"@AssentGlobal","schema":{"@context":"https:\/\/schema.org","@graph":[{"@type":"WebPage","@id":"https:\/\/www.assent.com\/it\/funzionalita\/competenza\/kyle-erickson\/","url":"https:\/\/www.assent.com\/it\/funzionalita\/competenza\/kyle-erickson\/","name":"Kyle Erickson | Esperto senior di normative | Assent","isPartOf":{"@id":"https:\/\/www.assent.com\/it\/#website"},"primaryImageOfPage":{"@id":"https:\/\/www.assent.com\/it\/funzionalita\/competenza\/kyle-erickson\/#primaryimage"},"image":{"@id":"https:\/\/www.assent.com\/it\/funzionalita\/competenza\/kyle-erickson\/#primaryimage"},"thumbnailUrl":"https:\/\/www.assent.com\/wp-content\/uploads\/2026\/03\/Kyle-Erickson.webp","datePublished":"2026-04-14T18:51:31+00:00","dateModified":"2026-04-14T18:51:32+00:00","description":"Vi presentiamo Kyle Erickson, esperto di conformit\u00e0 normativa, specializzato in gestione della responsabilit\u00e0 del prodotto e conformit\u00e0 dei materiali.","breadcrumb":{"@id":"https:\/\/www.assent.com\/it\/funzionalita\/competenza\/kyle-erickson\/#breadcrumb"},"inLanguage":"it-IT","potentialAction":[{"@type":"ReadAction","target":["https:\/\/www.assent.com\/it\/funzionalita\/competenza\/kyle-erickson\/"]}]},{"@type":"ImageObject","inLanguage":"it-IT","@id":"https:\/\/www.assent.com\/it\/funzionalita\/competenza\/kyle-erickson\/#primaryimage","url":"https:\/\/www.assent.com\/wp-content\/uploads\/2026\/03\/Kyle-Erickson.webp","contentUrl":"https:\/\/www.assent.com\/wp-content\/uploads\/2026\/03\/Kyle-Erickson.webp","width":2700,"height":2700,"caption":"Kyle Erickson"},{"@type":"BreadcrumbList","@id":"https:\/\/www.assent.com\/it\/funzionalita\/competenza\/kyle-erickson\/#breadcrumb","itemListElement":[{"@type":"ListItem","position":1,"name":"Home","item":"https:\/\/www.assent.com\/it\/"},{"@type":"ListItem","position":2,"name":"Piattaforma e funzionalit\u00e0","item":"https:\/\/www.assent.com\/it\/funzionalita\/"},{"@type":"ListItem","position":3,"name":"La nostra competenza","item":"https:\/\/www.assent.com\/it\/funzionalita\/competenza\/"},{"@type":"ListItem","position":4,"name":"Kyle Erickson"}]},{"@type":"WebSite","@id":"https:\/\/www.assent.com\/it\/#website","url":"https:\/\/www.assent.com\/it\/","name":"Assent","description":"","publisher":{"@id":"https:\/\/www.assent.com\/it\/#organization"},"potentialAction":[{"@type":"SearchAction","target":{"@type":"EntryPoint","urlTemplate":"https:\/\/www.assent.com\/it\/?s={search_term_string}"},"query-input":{"@type":"PropertyValueSpecification","valueRequired":true,"valueName":"search_term_string"}}],"inLanguage":"it-IT"},{"@type":"Organization","@id":"https:\/\/www.assent.com\/it\/#organization","name":"Assent","url":"https:\/\/www.assent.com\/it\/","logo":{"@type":"ImageObject","inLanguage":"it-IT","@id":"https:\/\/www.assent.com\/it\/#\/schema\/logo\/image\/","url":"https:\/\/www.assent.com\/wp-content\/uploads\/2022\/01\/logo.svg","contentUrl":"https:\/\/www.assent.com\/wp-content\/uploads\/2022\/01\/logo.svg","width":1,"height":1,"caption":"Assent"},"image":{"@id":"https:\/\/www.assent.com\/it\/#\/schema\/logo\/image\/"},"sameAs":["https:\/\/www.facebook.com\/AssentCompliance\/","https:\/\/x.com\/AssentGlobal","https:\/\/www.linkedin.com\/company\/assent-compliance-inc"]}]}},"_links":{"self":[{"href":"https:\/\/www.assent.com\/it\/wp-json\/wp\/v2\/pages\/176892","targetHints":{"allow":["GET"]}}],"collection":[{"href":"https:\/\/www.assent.com\/it\/wp-json\/wp\/v2\/pages"}],"about":[{"href":"https:\/\/www.assent.com\/it\/wp-json\/wp\/v2\/types\/page"}],"author":[{"embeddable":true,"href":"https:\/\/www.assent.com\/it\/wp-json\/wp\/v2\/users\/57"}],"replies":[{"embeddable":true,"href":"https:\/\/www.assent.com\/it\/wp-json\/wp\/v2\/comments?post=176892"}],"version-history":[{"count":2,"href":"https:\/\/www.assent.com\/it\/wp-json\/wp\/v2\/pages\/176892\/revisions"}],"predecessor-version":[{"id":177053,"href":"https:\/\/www.assent.com\/it\/wp-json\/wp\/v2\/pages\/176892\/revisions\/177053"}],"up":[{"embeddable":true,"href":"https:\/\/www.assent.com\/it\/wp-json\/wp\/v2\/pages\/32679"}],"wp:featuredmedia":[{"embeddable":true,"href":"https:\/\/www.assent.com\/it\/wp-json\/wp\/v2\/media\/110551"}],"wp:attachment":[{"href":"https:\/\/www.assent.com\/it\/wp-json\/wp\/v2\/media?parent=176892"}],"wp:term":[{"taxonomy":"category","embeddable":true,"href":"https:\/\/www.assent.com\/it\/wp-json\/wp\/v2\/categories?post=176892"}],"curies":[{"name":"wp","href":"https:\/\/api.w.org\/{rel}","templated":true}]}}