{"id":108828,"date":"2026-01-29T17:00:50","date_gmt":"2026-01-29T22:00:50","guid":{"rendered":"https:\/\/www.assent.com\/funzionalita\/competenza\/carrie-chambers\/"},"modified":"2026-02-04T16:58:14","modified_gmt":"2026-02-04T21:58:14","slug":"carrie-chambers","status":"publish","type":"page","link":"https:\/\/www.assent.com\/it\/funzionalita\/competenza\/carrie-chambers\/","title":{"rendered":"Carrie Chambers"},"content":{"rendered":"\n<div style=\"height:75px\" aria-hidden=\"true\" class=\"wp-block-spacer\"><\/div>\n\n\n\r\n<!-- WYSIWYG -->\r\n        <section class=\"wysiwyg-section\" id=\"cally_edgren\">\r\n            <div class=\"container\"><h1>Carrie Chambers<\/h1>\n<h6>Esperta senior di normative<\/h6>\n<p><img decoding=\"async\" class=\"size-medium wp-image-43228 alignright\" src=\"https:\/\/www.assent.com\/wp-content\/uploads\/2026\/01\/Carrie-Chambers.webp\" alt=\"Carrie Chambers\" width=\"300\" height=\"300\" data-wp-editing=\"1\" \/><br \/>\nCarrie \u00e8 una professionista specializzata in strategie di conformit\u00e0 e normative, con una solida esperienza nella guida delle organizzazioni attraverso complesse sfide operative, di qualit\u00e0 e di gestione dei rischi. Il suo background include lo sviluppo e l\u2019implementazione di programmi di conformit\u00e0, il rafforzamento dei quadri di governance e la traduzione degli obblighi normativi in soluzioni pratiche e allineate alle esigenze aziendali. Carrie ha una vasta esperienza in materia di conformit\u00e0 chimica nel settore industriale e della produzione chimica. Ha conseguito un master in biologia molecolare e un MBA presso la Wichita State University.<\/p>\n<p><a href=\"https:\/\/www.linkedin.com\/in\/carrie-chambers-509740b2\/\" target=\"_blank\" rel=\"noopener\">Connettiti con Carrie su LinkedIn<\/a><\/p>\n<p><a href=\"mailto:carrie.chambers@assent.com\">Invia un\u2019e-mail a Carrie<\/a><\/p>\n<\/div>    \r\n        <\/section>","protected":false},"excerpt":{"rendered":"<p>Carrie \u00e8 una professionista specializzata in strategie di conformit\u00e0 e normative, con una solida esperienza nella guida delle organizzazioni attraverso complesse sfide operative, di qualit\u00e0 e di gestione dei rischi.<\/p>\n","protected":false},"author":52,"featured_media":110571,"parent":32679,"menu_order":0,"comment_status":"closed","ping_status":"closed","template":"","meta":{"_acf_changed":false,"footnotes":"","_links_to":"","_links_to_target":""},"categories":[],"class_list":["post-108828","page","type-page","status-publish","has-post-thumbnail","hentry"],"acf":[],"yoast_head":"<!-- This site is optimized with the Yoast SEO Premium plugin v26.6 (Yoast SEO v27.0) - https:\/\/yoast.com\/product\/yoast-seo-premium-wordpress\/ -->\n<title>Carrie Chambers | Esperta senior di normative | Assent<\/title>\n<meta name=\"description\" content=\"Carrie \u00e8 una professionista specializzata in strategie di conformit\u00e0 e normative, con una solida esperienza nella guida delle organizzazioni attraverso complesse sfide operative, di qualit\u00e0 e di gestione dei rischi.\" \/>\n<meta name=\"robots\" content=\"index, follow, max-snippet:-1, max-image-preview:large, max-video-preview:-1\" \/>\n<link rel=\"canonical\" href=\"https:\/\/www.assent.com\/it\/funzionalita\/competenza\/carrie-chambers\/\" \/>\n<meta property=\"og:locale\" content=\"it_IT\" \/>\n<meta property=\"og:type\" content=\"article\" \/>\n<meta property=\"og:title\" content=\"Carrie Chambers\" \/>\n<meta property=\"og:description\" content=\"Carrie \u00e8 una professionista specializzata in strategie di conformit\u00e0 e normative, con una solida esperienza nella guida delle organizzazioni attraverso complesse sfide operative, di qualit\u00e0 e di gestione dei rischi.\" \/>\n<meta property=\"og:url\" content=\"https:\/\/www.assent.com\/it\/funzionalita\/competenza\/carrie-chambers\/\" \/>\n<meta property=\"og:site_name\" content=\"Assent\" \/>\n<meta property=\"article:publisher\" content=\"https:\/\/www.facebook.com\/AssentCompliance\/\" \/>\n<meta property=\"article:modified_time\" content=\"2026-02-04T21:58:14+00:00\" \/>\n<meta name=\"twitter:card\" content=\"summary_large_image\" \/>\n<meta name=\"twitter:site\" content=\"@AssentGlobal\" \/>\n<script type=\"application\/ld+json\" class=\"yoast-schema-graph\">{\"@context\":\"https:\/\/schema.org\",\"@graph\":[{\"@type\":\"WebPage\",\"@id\":\"https:\/\/www.assent.com\/it\/funzionalita\/competenza\/carrie-chambers\/\",\"url\":\"https:\/\/www.assent.com\/it\/funzionalita\/competenza\/carrie-chambers\/\",\"name\":\"Carrie Chambers | Esperta senior di normative | Assent\",\"isPartOf\":{\"@id\":\"https:\/\/www.assent.com\/it\/#website\"},\"primaryImageOfPage\":{\"@id\":\"https:\/\/www.assent.com\/it\/funzionalita\/competenza\/carrie-chambers\/#primaryimage\"},\"image\":{\"@id\":\"https:\/\/www.assent.com\/it\/funzionalita\/competenza\/carrie-chambers\/#primaryimage\"},\"thumbnailUrl\":\"https:\/\/www.assent.com\/wp-content\/uploads\/2026\/03\/Carrie-Chambers-Headshot-NEW.png\",\"datePublished\":\"2026-01-29T22:00:50+00:00\",\"dateModified\":\"2026-02-04T21:58:14+00:00\",\"description\":\"Carrie \u00e8 una professionista specializzata in strategie di conformit\u00e0 e normative, con una solida esperienza nella guida delle organizzazioni attraverso complesse sfide operative, di qualit\u00e0 e di gestione dei rischi.\",\"breadcrumb\":{\"@id\":\"https:\/\/www.assent.com\/it\/funzionalita\/competenza\/carrie-chambers\/#breadcrumb\"},\"inLanguage\":\"it-IT\",\"potentialAction\":[{\"@type\":\"ReadAction\",\"target\":[\"https:\/\/www.assent.com\/it\/funzionalita\/competenza\/carrie-chambers\/\"]}]},{\"@type\":\"ImageObject\",\"inLanguage\":\"it-IT\",\"@id\":\"https:\/\/www.assent.com\/it\/funzionalita\/competenza\/carrie-chambers\/#primaryimage\",\"url\":\"https:\/\/www.assent.com\/wp-content\/uploads\/2026\/03\/Carrie-Chambers-Headshot-NEW.png\",\"contentUrl\":\"https:\/\/www.assent.com\/wp-content\/uploads\/2026\/03\/Carrie-Chambers-Headshot-NEW.png\",\"width\":999,\"height\":999,\"caption\":\"Carrie Chambers, Assent supply chain risk management\"},{\"@type\":\"BreadcrumbList\",\"@id\":\"https:\/\/www.assent.com\/it\/funzionalita\/competenza\/carrie-chambers\/#breadcrumb\",\"itemListElement\":[{\"@type\":\"ListItem\",\"position\":1,\"name\":\"Home\",\"item\":\"https:\/\/www.assent.com\/it\/\"},{\"@type\":\"ListItem\",\"position\":2,\"name\":\"Piattaforma e funzionalit\u00e0\",\"item\":\"https:\/\/www.assent.com\/it\/funzionalita\/\"},{\"@type\":\"ListItem\",\"position\":3,\"name\":\"La nostra competenza\",\"item\":\"https:\/\/www.assent.com\/it\/funzionalita\/competenza\/\"},{\"@type\":\"ListItem\",\"position\":4,\"name\":\"Carrie Chambers\"}]},{\"@type\":\"WebSite\",\"@id\":\"https:\/\/www.assent.com\/it\/#website\",\"url\":\"https:\/\/www.assent.com\/it\/\",\"name\":\"Assent\",\"description\":\"\",\"publisher\":{\"@id\":\"https:\/\/www.assent.com\/it\/#organization\"},\"potentialAction\":[{\"@type\":\"SearchAction\",\"target\":{\"@type\":\"EntryPoint\",\"urlTemplate\":\"https:\/\/www.assent.com\/it\/?s={search_term_string}\"},\"query-input\":{\"@type\":\"PropertyValueSpecification\",\"valueRequired\":true,\"valueName\":\"search_term_string\"}}],\"inLanguage\":\"it-IT\"},{\"@type\":\"Organization\",\"@id\":\"https:\/\/www.assent.com\/it\/#organization\",\"name\":\"Assent\",\"url\":\"https:\/\/www.assent.com\/it\/\",\"logo\":{\"@type\":\"ImageObject\",\"inLanguage\":\"it-IT\",\"@id\":\"https:\/\/www.assent.com\/it\/#\/schema\/logo\/image\/\",\"url\":\"https:\/\/www.assent.com\/wp-content\/uploads\/2022\/01\/logo.svg\",\"contentUrl\":\"https:\/\/www.assent.com\/wp-content\/uploads\/2022\/01\/logo.svg\",\"width\":1,\"height\":1,\"caption\":\"Assent\"},\"image\":{\"@id\":\"https:\/\/www.assent.com\/it\/#\/schema\/logo\/image\/\"},\"sameAs\":[\"https:\/\/www.facebook.com\/AssentCompliance\/\",\"https:\/\/x.com\/AssentGlobal\",\"https:\/\/www.linkedin.com\/company\/assent-compliance-inc\"]}]}<\/script>\n<!-- \/ Yoast SEO Premium plugin. -->","yoast_head_json":{"title":"Carrie Chambers | Esperta senior di normative | Assent","description":"Carrie \u00e8 una professionista specializzata in strategie di conformit\u00e0 e normative, con una solida esperienza nella guida delle organizzazioni attraverso complesse sfide operative, di qualit\u00e0 e di gestione dei rischi.","robots":{"index":"index","follow":"follow","max-snippet":"max-snippet:-1","max-image-preview":"max-image-preview:large","max-video-preview":"max-video-preview:-1"},"canonical":"https:\/\/www.assent.com\/it\/funzionalita\/competenza\/carrie-chambers\/","og_locale":"it_IT","og_type":"article","og_title":"Carrie Chambers","og_description":"Carrie \u00e8 una professionista specializzata in strategie di conformit\u00e0 e normative, con una solida esperienza nella guida delle organizzazioni attraverso complesse sfide operative, di qualit\u00e0 e di gestione dei rischi.","og_url":"https:\/\/www.assent.com\/it\/funzionalita\/competenza\/carrie-chambers\/","og_site_name":"Assent","article_publisher":"https:\/\/www.facebook.com\/AssentCompliance\/","article_modified_time":"2026-02-04T21:58:14+00:00","twitter_card":"summary_large_image","twitter_site":"@AssentGlobal","schema":{"@context":"https:\/\/schema.org","@graph":[{"@type":"WebPage","@id":"https:\/\/www.assent.com\/it\/funzionalita\/competenza\/carrie-chambers\/","url":"https:\/\/www.assent.com\/it\/funzionalita\/competenza\/carrie-chambers\/","name":"Carrie Chambers | Esperta senior di normative | Assent","isPartOf":{"@id":"https:\/\/www.assent.com\/it\/#website"},"primaryImageOfPage":{"@id":"https:\/\/www.assent.com\/it\/funzionalita\/competenza\/carrie-chambers\/#primaryimage"},"image":{"@id":"https:\/\/www.assent.com\/it\/funzionalita\/competenza\/carrie-chambers\/#primaryimage"},"thumbnailUrl":"https:\/\/www.assent.com\/wp-content\/uploads\/2026\/03\/Carrie-Chambers-Headshot-NEW.png","datePublished":"2026-01-29T22:00:50+00:00","dateModified":"2026-02-04T21:58:14+00:00","description":"Carrie \u00e8 una professionista specializzata in strategie di conformit\u00e0 e normative, con una solida esperienza nella guida delle organizzazioni attraverso complesse sfide operative, di qualit\u00e0 e di gestione dei rischi.","breadcrumb":{"@id":"https:\/\/www.assent.com\/it\/funzionalita\/competenza\/carrie-chambers\/#breadcrumb"},"inLanguage":"it-IT","potentialAction":[{"@type":"ReadAction","target":["https:\/\/www.assent.com\/it\/funzionalita\/competenza\/carrie-chambers\/"]}]},{"@type":"ImageObject","inLanguage":"it-IT","@id":"https:\/\/www.assent.com\/it\/funzionalita\/competenza\/carrie-chambers\/#primaryimage","url":"https:\/\/www.assent.com\/wp-content\/uploads\/2026\/03\/Carrie-Chambers-Headshot-NEW.png","contentUrl":"https:\/\/www.assent.com\/wp-content\/uploads\/2026\/03\/Carrie-Chambers-Headshot-NEW.png","width":999,"height":999,"caption":"Carrie Chambers, Assent supply chain risk management"},{"@type":"BreadcrumbList","@id":"https:\/\/www.assent.com\/it\/funzionalita\/competenza\/carrie-chambers\/#breadcrumb","itemListElement":[{"@type":"ListItem","position":1,"name":"Home","item":"https:\/\/www.assent.com\/it\/"},{"@type":"ListItem","position":2,"name":"Piattaforma e funzionalit\u00e0","item":"https:\/\/www.assent.com\/it\/funzionalita\/"},{"@type":"ListItem","position":3,"name":"La nostra competenza","item":"https:\/\/www.assent.com\/it\/funzionalita\/competenza\/"},{"@type":"ListItem","position":4,"name":"Carrie Chambers"}]},{"@type":"WebSite","@id":"https:\/\/www.assent.com\/it\/#website","url":"https:\/\/www.assent.com\/it\/","name":"Assent","description":"","publisher":{"@id":"https:\/\/www.assent.com\/it\/#organization"},"potentialAction":[{"@type":"SearchAction","target":{"@type":"EntryPoint","urlTemplate":"https:\/\/www.assent.com\/it\/?s={search_term_string}"},"query-input":{"@type":"PropertyValueSpecification","valueRequired":true,"valueName":"search_term_string"}}],"inLanguage":"it-IT"},{"@type":"Organization","@id":"https:\/\/www.assent.com\/it\/#organization","name":"Assent","url":"https:\/\/www.assent.com\/it\/","logo":{"@type":"ImageObject","inLanguage":"it-IT","@id":"https:\/\/www.assent.com\/it\/#\/schema\/logo\/image\/","url":"https:\/\/www.assent.com\/wp-content\/uploads\/2022\/01\/logo.svg","contentUrl":"https:\/\/www.assent.com\/wp-content\/uploads\/2022\/01\/logo.svg","width":1,"height":1,"caption":"Assent"},"image":{"@id":"https:\/\/www.assent.com\/it\/#\/schema\/logo\/image\/"},"sameAs":["https:\/\/www.facebook.com\/AssentCompliance\/","https:\/\/x.com\/AssentGlobal","https:\/\/www.linkedin.com\/company\/assent-compliance-inc"]}]}},"_links":{"self":[{"href":"https:\/\/www.assent.com\/it\/wp-json\/wp\/v2\/pages\/108828","targetHints":{"allow":["GET"]}}],"collection":[{"href":"https:\/\/www.assent.com\/it\/wp-json\/wp\/v2\/pages"}],"about":[{"href":"https:\/\/www.assent.com\/it\/wp-json\/wp\/v2\/types\/page"}],"author":[{"embeddable":true,"href":"https:\/\/www.assent.com\/it\/wp-json\/wp\/v2\/users\/52"}],"replies":[{"embeddable":true,"href":"https:\/\/www.assent.com\/it\/wp-json\/wp\/v2\/comments?post=108828"}],"version-history":[{"count":2,"href":"https:\/\/www.assent.com\/it\/wp-json\/wp\/v2\/pages\/108828\/revisions"}],"predecessor-version":[{"id":108844,"href":"https:\/\/www.assent.com\/it\/wp-json\/wp\/v2\/pages\/108828\/revisions\/108844"}],"up":[{"embeddable":true,"href":"https:\/\/www.assent.com\/it\/wp-json\/wp\/v2\/pages\/32679"}],"wp:featuredmedia":[{"embeddable":true,"href":"https:\/\/www.assent.com\/it\/wp-json\/wp\/v2\/media\/110571"}],"wp:attachment":[{"href":"https:\/\/www.assent.com\/it\/wp-json\/wp\/v2\/media?parent=108828"}],"wp:term":[{"taxonomy":"category","embeddable":true,"href":"https:\/\/www.assent.com\/it\/wp-json\/wp\/v2\/categories?post=108828"}],"curies":[{"name":"wp","href":"https:\/\/api.w.org\/{rel}","templated":true}]}}