{"id":91755,"date":"2025-05-27T14:39:50","date_gmt":"2025-05-27T18:39:50","guid":{"rendered":"https:\/\/www.assent.com\/?page_id=91755"},"modified":"2025-07-11T15:25:30","modified_gmt":"2025-07-11T19:25:30","slug":"michael-southworth","status":"publish","type":"page","link":"https:\/\/www.assent.com\/fr\/entreprise\/equipe-direction\/michael-southworth\/","title":{"rendered":"Michael Southworth"},"content":{"rendered":"\n<section  class=\"team-bio-hero\">\n    <div class=\"team-bio-hero__wrapper\">\n    <div class=\"container\">\n        <div class=\"team-bio-hero__left\">\n            <div class=\"breadcrumbs\">\n                <ul>\n                                    <\/ul>\n            <\/div>\n            <div class=\"team-bio-hero__content\">\n                <div class=\"team-bio-hero__header\">\n                                            <h1 class=\"team-bio-hero__name\">\n                            Michael Southworth                        <\/h1>\n                    \n                                            <div>\n                            <a href=\"https:\/\/www.linkedin.com\/in\/michael-southworth-627408\/\" target=\"_blank\" rel=\"noopener noreferrer\" class=\"team-bio-hero__linkedin\">\n                                <svg xmlns=\"http:\/\/www.w3.org\/2000\/svg\" width=\"24\" height=\"24\" viewBox=\"0 0 24 24\" fill=\"none\">\n                                    <path d=\"M22.2283 0H1.77167C1.30179 0 0.851161 0.186657 0.518909 0.518909C0.186657 0.851161 0 1.30179 0 1.77167V22.2283C0 22.6982 0.186657 23.1488 0.518909 23.4811C0.851161 23.8133 1.30179 24 1.77167 24H22.2283C22.6982 24 23.1488 23.8133 23.4811 23.4811C23.8133 23.1488 24 22.6982 24 22.2283V1.77167C24 1.30179 23.8133 0.851161 23.4811 0.518909C23.1488 0.186657 22.6982 0 22.2283 0ZM7.15333 20.445H3.545V8.98333H7.15333V20.445ZM5.34667 7.395C4.93736 7.3927 4.53792 7.2692 4.19873 7.04009C3.85955 6.81098 3.59584 6.48653 3.44088 6.10769C3.28591 5.72885 3.24665 5.31259 3.32803 4.91145C3.40941 4.51032 3.6078 4.14228 3.89816 3.85378C4.18851 3.56529 4.55782 3.36927 4.95947 3.29046C5.36112 3.21165 5.77711 3.25359 6.15495 3.41099C6.53279 3.56838 6.85554 3.83417 7.08247 4.17481C7.30939 4.51546 7.43032 4.91569 7.43 5.325C7.43386 5.59903 7.38251 5.87104 7.27901 6.1248C7.17551 6.37857 7.02198 6.6089 6.82757 6.80207C6.63316 6.99523 6.40185 7.14728 6.14742 7.24915C5.893 7.35102 5.62067 7.40062 5.34667 7.395ZM20.4533 20.455H16.8467V14.1933C16.8467 12.3467 16.0617 11.7767 15.0483 11.7767C13.9783 11.7767 12.9283 12.5833 12.9283 14.24V20.455H9.32V8.99167H12.79V10.58H12.8367C13.185 9.875 14.405 8.67 16.2667 8.67C18.28 8.67 20.455 9.865 20.455 13.365L20.4533 20.455Z\" fill=\"currentColor\"\/>\n                                <\/svg>\n                            <\/a>\n                        <\/div>\n                                    <\/div>\n\n                                    <p class=\"team-bio-hero__title\">\n                        Directeur g\u00e9n\u00e9ral                    <\/p>\n                            <\/div>\n        <\/div>\n        <div>\n            <img decoding=\"async\" src=\"https:\/\/www.assent.com\/wp-content\/uploads\/2025\/07\/Michael-Southworth_large.webp\" alt=\"Michael Southworth\" width=\"528\" height=\"574\">\n        <\/div>\n    <\/div>\n\n<\/div><\/section>\n\n\n\n\n<div style=\"height:42px\" aria-hidden=\"true\" class=\"wp-block-spacer\"><\/div>\n\n\n\r\n<!-- WYSIWYG -->\r\n        <section class=\"wysiwyg-section\">\r\n            <div class=\"container\"><p>Michael Southworth est un innovateur de longue date. Tout au long de sa carri\u00e8re, Michael a fait preuve d\u2019un engagement fort en faveur de la transformation de l\u2019entreprise, du d\u00e9veloppement des \u00e9quipes et de la valeur des parties prenantes. En tant que PDG d\u2019Assent, il apporte plus de 20\u00a0ans d\u2019exp\u00e9rience dans des entreprises technologiques performantes, et ce, afin de soutenir la croissance rapide d\u2019Assent, de favoriser une culture ax\u00e9e sur la performance et de constituer notre \u00e9quipe mondiale d\u2019experts en supply chain.<\/p>\n<p>Avant de rejoindre Assent, Michael \u00e9tait PDG de Babel Street, une soci\u00e9t\u00e9 leader dans l\u2019analyse de donn\u00e9es aliment\u00e9e par l\u2019IA. Il a \u00e9galement occup\u00e9 des postes de direction dans plusieurs entreprises technologiques prosp\u00e8res. En tant que pr\u00e9sident de Transflo, il a dirig\u00e9 une transformation num\u00e9rique qui a acc\u00e9l\u00e9r\u00e9 la croissance de l\u2019entreprise sur le march\u00e9 des technologies de transport. En tant que vice-pr\u00e9sident et directeur g\u00e9n\u00e9ral de Verint Systems, il a supervis\u00e9 l\u2019unit\u00e9 commerciale ax\u00e9e sur l\u2019IA conversationnelle et les solutions d\u2019analyse avanc\u00e9e.<\/p>\n<p>Il a \u00e9galement apport\u00e9 son expertise en tant que membre du conseil d\u2019administration de l\u2019organisation \u00e0 but non lucratif Quality of Life Plus Program, qui travaille au service des v\u00e9t\u00e9rans bless\u00e9s et des premiers intervenants aux \u00c9tats-Unis.<\/p>\n<p><a href=\"mailto:Michael.Southworth@assent.com\">Contacter Michael par mail<\/a><\/p>\n<\/div>    \r\n        <\/section>\n\n\n<div style=\"height:84px\" aria-hidden=\"true\" class=\"wp-block-spacer\"><\/div>\n","protected":false},"excerpt":{"rendered":"<p>Michael Southworth est un innovateur de longue date. Tout au long de sa carri\u00e8re, Michael a fait preuve d\u2019un engagement fort en faveur de la transformation de l\u2019entreprise, du d\u00e9veloppement des \u00e9quipes et de la valeur des parties prenantes. En tant que PDG d\u2019Assent, il apporte plus de 20\u00a0ans d\u2019exp\u00e9rience dans des entreprises technologiques performantes, et ce, afin de soutenir la croissance rapide d\u2019Assent, de favoriser une culture ax\u00e9e sur la performance et de constituer notre \u00e9quipe mondiale d\u2019experts en supply chain.<\/p>\n","protected":false},"author":47,"featured_media":91469,"parent":30757,"menu_order":0,"comment_status":"closed","ping_status":"closed","template":"","meta":{"_acf_changed":false,"footnotes":"","_links_to":"","_links_to_target":""},"categories":[],"class_list":["post-91755","page","type-page","status-publish","has-post-thumbnail","hentry"],"acf":[],"yoast_head":"<!-- This site is optimized with the Yoast SEO Premium plugin v26.6 (Yoast SEO v27.0) - https:\/\/yoast.com\/product\/yoast-seo-premium-wordpress\/ -->\n<title>Michael Southworth | Assent<\/title>\n<meta name=\"description\" content=\"Michael Southworth est un innovateur de longue date. Tout au long de sa carri\u00e8re, Michael a fait preuve d\u2019un engagement fort en faveur de la transformation de l\u2019entreprise, du d\u00e9veloppement des \u00e9quipes et de la valeur des parties prenantes. En tant que PDG d\u2019Assent, il apporte plus de 20\u00a0ans d\u2019exp\u00e9rience dans des entreprises technologiques performantes, et ce, afin de soutenir la croissance rapide d\u2019Assent, de favoriser une culture ax\u00e9e sur la performance et de constituer notre \u00e9quipe mondiale d\u2019experts en supply chain.\" \/>\n<meta name=\"robots\" content=\"index, follow, max-snippet:-1, max-image-preview:large, max-video-preview:-1\" \/>\n<link rel=\"canonical\" href=\"https:\/\/www.assent.com\/fr\/entreprise\/equipe-direction\/michael-southworth\/\" \/>\n<meta property=\"og:locale\" content=\"fr_FR\" \/>\n<meta property=\"og:type\" content=\"article\" \/>\n<meta property=\"og:title\" content=\"Michael Southworth\" \/>\n<meta property=\"og:description\" content=\"Michael Southworth est un innovateur de longue date. Tout au long de sa carri\u00e8re, Michael a fait preuve d\u2019un engagement fort en faveur de la transformation de l\u2019entreprise, du d\u00e9veloppement des \u00e9quipes et de la valeur des parties prenantes. En tant que PDG d\u2019Assent, il apporte plus de 20\u00a0ans d\u2019exp\u00e9rience dans des entreprises technologiques performantes, et ce, afin de soutenir la croissance rapide d\u2019Assent, de favoriser une culture ax\u00e9e sur la performance et de constituer notre \u00e9quipe mondiale d\u2019experts en supply chain.\" \/>\n<meta property=\"og:url\" content=\"https:\/\/www.assent.com\/fr\/entreprise\/equipe-direction\/michael-southworth\/\" \/>\n<meta property=\"og:site_name\" content=\"Assent\" \/>\n<meta property=\"article:publisher\" content=\"https:\/\/www.facebook.com\/AssentCompliance\/\" \/>\n<meta property=\"article:modified_time\" content=\"2025-07-11T19:25:30+00:00\" \/>\n<meta property=\"og:image\" content=\"https:\/\/www.assent.com\/wp-content\/uploads\/2025\/05\/Michael_Southworth-Headshot-250530.jpg\" \/>\n\t<meta property=\"og:image:width\" content=\"800\" \/>\n\t<meta property=\"og:image:height\" content=\"800\" \/>\n\t<meta property=\"og:image:type\" content=\"image\/jpeg\" \/>\n<meta name=\"twitter:card\" content=\"summary_large_image\" \/>\n<meta name=\"twitter:site\" content=\"@AssentGlobal\" \/>\n<script type=\"application\/ld+json\" class=\"yoast-schema-graph\">{\"@context\":\"https:\/\/schema.org\",\"@graph\":[{\"@type\":\"WebPage\",\"@id\":\"https:\/\/www.assent.com\/fr\/entreprise\/equipe-direction\/michael-southworth\/\",\"url\":\"https:\/\/www.assent.com\/fr\/entreprise\/equipe-direction\/michael-southworth\/\",\"name\":\"Michael Southworth | Assent\",\"isPartOf\":{\"@id\":\"https:\/\/www.assent.com\/fr\/#website\"},\"primaryImageOfPage\":{\"@id\":\"https:\/\/www.assent.com\/fr\/entreprise\/equipe-direction\/michael-southworth\/#primaryimage\"},\"image\":{\"@id\":\"https:\/\/www.assent.com\/fr\/entreprise\/equipe-direction\/michael-southworth\/#primaryimage\"},\"thumbnailUrl\":\"https:\/\/www.assent.com\/wp-content\/uploads\/2025\/05\/Michael_Southworth-Headshot-250530.jpg\",\"datePublished\":\"2025-05-27T18:39:50+00:00\",\"dateModified\":\"2025-07-11T19:25:30+00:00\",\"description\":\"Michael Southworth est un innovateur de longue date. Tout au long de sa carri\u00e8re, Michael a fait preuve d\u2019un engagement fort en faveur de la transformation de l\u2019entreprise, du d\u00e9veloppement des \u00e9quipes et de la valeur des parties prenantes. En tant que PDG d\u2019Assent, il apporte plus de 20\u00a0ans d\u2019exp\u00e9rience dans des entreprises technologiques performantes, et ce, afin de soutenir la croissance rapide d\u2019Assent, de favoriser une culture ax\u00e9e sur la performance et de constituer notre \u00e9quipe mondiale d\u2019experts en supply chain.\",\"breadcrumb\":{\"@id\":\"https:\/\/www.assent.com\/fr\/entreprise\/equipe-direction\/michael-southworth\/#breadcrumb\"},\"inLanguage\":\"fr-FR\",\"potentialAction\":[{\"@type\":\"ReadAction\",\"target\":[\"https:\/\/www.assent.com\/fr\/entreprise\/equipe-direction\/michael-southworth\/\"]}]},{\"@type\":\"ImageObject\",\"inLanguage\":\"fr-FR\",\"@id\":\"https:\/\/www.assent.com\/fr\/entreprise\/equipe-direction\/michael-southworth\/#primaryimage\",\"url\":\"https:\/\/www.assent.com\/wp-content\/uploads\/2025\/05\/Michael_Southworth-Headshot-250530.jpg\",\"contentUrl\":\"https:\/\/www.assent.com\/wp-content\/uploads\/2025\/05\/Michael_Southworth-Headshot-250530.jpg\",\"width\":800,\"height\":800,\"caption\":\"Michael Southworth\"},{\"@type\":\"BreadcrumbList\",\"@id\":\"https:\/\/www.assent.com\/fr\/entreprise\/equipe-direction\/michael-southworth\/#breadcrumb\",\"itemListElement\":[{\"@type\":\"ListItem\",\"position\":1,\"name\":\"Home\",\"item\":\"https:\/\/www.assent.com\/fr\/\"},{\"@type\":\"ListItem\",\"position\":2,\"name\":\"Entreprise\",\"item\":\"https:\/\/www.assent.com\/fr\/entreprise\/\"},{\"@type\":\"ListItem\",\"position\":3,\"name\":\"\u00c9quipe de direction\",\"item\":\"https:\/\/www.assent.com\/fr\/entreprise\/equipe-direction\/\"},{\"@type\":\"ListItem\",\"position\":4,\"name\":\"Michael Southworth\"}]},{\"@type\":\"WebSite\",\"@id\":\"https:\/\/www.assent.com\/fr\/#website\",\"url\":\"https:\/\/www.assent.com\/fr\/\",\"name\":\"Assent\",\"description\":\"\",\"publisher\":{\"@id\":\"https:\/\/www.assent.com\/fr\/#organization\"},\"potentialAction\":[{\"@type\":\"SearchAction\",\"target\":{\"@type\":\"EntryPoint\",\"urlTemplate\":\"https:\/\/www.assent.com\/fr\/?s={search_term_string}\"},\"query-input\":{\"@type\":\"PropertyValueSpecification\",\"valueRequired\":true,\"valueName\":\"search_term_string\"}}],\"inLanguage\":\"fr-FR\"},{\"@type\":\"Organization\",\"@id\":\"https:\/\/www.assent.com\/fr\/#organization\",\"name\":\"Assent\",\"url\":\"https:\/\/www.assent.com\/fr\/\",\"logo\":{\"@type\":\"ImageObject\",\"inLanguage\":\"fr-FR\",\"@id\":\"https:\/\/www.assent.com\/fr\/#\/schema\/logo\/image\/\",\"url\":\"https:\/\/www.assent.com\/wp-content\/uploads\/2022\/01\/logo.svg\",\"contentUrl\":\"https:\/\/www.assent.com\/wp-content\/uploads\/2022\/01\/logo.svg\",\"width\":1,\"height\":1,\"caption\":\"Assent\"},\"image\":{\"@id\":\"https:\/\/www.assent.com\/fr\/#\/schema\/logo\/image\/\"},\"sameAs\":[\"https:\/\/www.facebook.com\/AssentCompliance\/\",\"https:\/\/x.com\/AssentGlobal\",\"https:\/\/www.linkedin.com\/company\/assent-compliance-inc\"]}]}<\/script>\n<!-- \/ Yoast SEO Premium plugin. -->","yoast_head_json":{"title":"Michael Southworth | Assent","description":"Michael Southworth est un innovateur de longue date. Tout au long de sa carri\u00e8re, Michael a fait preuve d\u2019un engagement fort en faveur de la transformation de l\u2019entreprise, du d\u00e9veloppement des \u00e9quipes et de la valeur des parties prenantes. En tant que PDG d\u2019Assent, il apporte plus de 20\u00a0ans d\u2019exp\u00e9rience dans des entreprises technologiques performantes, et ce, afin de soutenir la croissance rapide d\u2019Assent, de favoriser une culture ax\u00e9e sur la performance et de constituer notre \u00e9quipe mondiale d\u2019experts en supply chain.","robots":{"index":"index","follow":"follow","max-snippet":"max-snippet:-1","max-image-preview":"max-image-preview:large","max-video-preview":"max-video-preview:-1"},"canonical":"https:\/\/www.assent.com\/fr\/entreprise\/equipe-direction\/michael-southworth\/","og_locale":"fr_FR","og_type":"article","og_title":"Michael Southworth","og_description":"Michael Southworth est un innovateur de longue date. Tout au long de sa carri\u00e8re, Michael a fait preuve d\u2019un engagement fort en faveur de la transformation de l\u2019entreprise, du d\u00e9veloppement des \u00e9quipes et de la valeur des parties prenantes. En tant que PDG d\u2019Assent, il apporte plus de 20\u00a0ans d\u2019exp\u00e9rience dans des entreprises technologiques performantes, et ce, afin de soutenir la croissance rapide d\u2019Assent, de favoriser une culture ax\u00e9e sur la performance et de constituer notre \u00e9quipe mondiale d\u2019experts en supply chain.","og_url":"https:\/\/www.assent.com\/fr\/entreprise\/equipe-direction\/michael-southworth\/","og_site_name":"Assent","article_publisher":"https:\/\/www.facebook.com\/AssentCompliance\/","article_modified_time":"2025-07-11T19:25:30+00:00","og_image":[{"width":800,"height":800,"url":"https:\/\/www.assent.com\/wp-content\/uploads\/2025\/05\/Michael_Southworth-Headshot-250530.jpg","type":"image\/jpeg"}],"twitter_card":"summary_large_image","twitter_site":"@AssentGlobal","schema":{"@context":"https:\/\/schema.org","@graph":[{"@type":"WebPage","@id":"https:\/\/www.assent.com\/fr\/entreprise\/equipe-direction\/michael-southworth\/","url":"https:\/\/www.assent.com\/fr\/entreprise\/equipe-direction\/michael-southworth\/","name":"Michael Southworth | Assent","isPartOf":{"@id":"https:\/\/www.assent.com\/fr\/#website"},"primaryImageOfPage":{"@id":"https:\/\/www.assent.com\/fr\/entreprise\/equipe-direction\/michael-southworth\/#primaryimage"},"image":{"@id":"https:\/\/www.assent.com\/fr\/entreprise\/equipe-direction\/michael-southworth\/#primaryimage"},"thumbnailUrl":"https:\/\/www.assent.com\/wp-content\/uploads\/2025\/05\/Michael_Southworth-Headshot-250530.jpg","datePublished":"2025-05-27T18:39:50+00:00","dateModified":"2025-07-11T19:25:30+00:00","description":"Michael Southworth est un innovateur de longue date. Tout au long de sa carri\u00e8re, Michael a fait preuve d\u2019un engagement fort en faveur de la transformation de l\u2019entreprise, du d\u00e9veloppement des \u00e9quipes et de la valeur des parties prenantes. En tant que PDG d\u2019Assent, il apporte plus de 20\u00a0ans d\u2019exp\u00e9rience dans des entreprises technologiques performantes, et ce, afin de soutenir la croissance rapide d\u2019Assent, de favoriser une culture ax\u00e9e sur la performance et de constituer notre \u00e9quipe mondiale d\u2019experts en supply chain.","breadcrumb":{"@id":"https:\/\/www.assent.com\/fr\/entreprise\/equipe-direction\/michael-southworth\/#breadcrumb"},"inLanguage":"fr-FR","potentialAction":[{"@type":"ReadAction","target":["https:\/\/www.assent.com\/fr\/entreprise\/equipe-direction\/michael-southworth\/"]}]},{"@type":"ImageObject","inLanguage":"fr-FR","@id":"https:\/\/www.assent.com\/fr\/entreprise\/equipe-direction\/michael-southworth\/#primaryimage","url":"https:\/\/www.assent.com\/wp-content\/uploads\/2025\/05\/Michael_Southworth-Headshot-250530.jpg","contentUrl":"https:\/\/www.assent.com\/wp-content\/uploads\/2025\/05\/Michael_Southworth-Headshot-250530.jpg","width":800,"height":800,"caption":"Michael Southworth"},{"@type":"BreadcrumbList","@id":"https:\/\/www.assent.com\/fr\/entreprise\/equipe-direction\/michael-southworth\/#breadcrumb","itemListElement":[{"@type":"ListItem","position":1,"name":"Home","item":"https:\/\/www.assent.com\/fr\/"},{"@type":"ListItem","position":2,"name":"Entreprise","item":"https:\/\/www.assent.com\/fr\/entreprise\/"},{"@type":"ListItem","position":3,"name":"\u00c9quipe de direction","item":"https:\/\/www.assent.com\/fr\/entreprise\/equipe-direction\/"},{"@type":"ListItem","position":4,"name":"Michael Southworth"}]},{"@type":"WebSite","@id":"https:\/\/www.assent.com\/fr\/#website","url":"https:\/\/www.assent.com\/fr\/","name":"Assent","description":"","publisher":{"@id":"https:\/\/www.assent.com\/fr\/#organization"},"potentialAction":[{"@type":"SearchAction","target":{"@type":"EntryPoint","urlTemplate":"https:\/\/www.assent.com\/fr\/?s={search_term_string}"},"query-input":{"@type":"PropertyValueSpecification","valueRequired":true,"valueName":"search_term_string"}}],"inLanguage":"fr-FR"},{"@type":"Organization","@id":"https:\/\/www.assent.com\/fr\/#organization","name":"Assent","url":"https:\/\/www.assent.com\/fr\/","logo":{"@type":"ImageObject","inLanguage":"fr-FR","@id":"https:\/\/www.assent.com\/fr\/#\/schema\/logo\/image\/","url":"https:\/\/www.assent.com\/wp-content\/uploads\/2022\/01\/logo.svg","contentUrl":"https:\/\/www.assent.com\/wp-content\/uploads\/2022\/01\/logo.svg","width":1,"height":1,"caption":"Assent"},"image":{"@id":"https:\/\/www.assent.com\/fr\/#\/schema\/logo\/image\/"},"sameAs":["https:\/\/www.facebook.com\/AssentCompliance\/","https:\/\/x.com\/AssentGlobal","https:\/\/www.linkedin.com\/company\/assent-compliance-inc"]}]}},"_links":{"self":[{"href":"https:\/\/www.assent.com\/fr\/wp-json\/wp\/v2\/pages\/91755","targetHints":{"allow":["GET"]}}],"collection":[{"href":"https:\/\/www.assent.com\/fr\/wp-json\/wp\/v2\/pages"}],"about":[{"href":"https:\/\/www.assent.com\/fr\/wp-json\/wp\/v2\/types\/page"}],"author":[{"embeddable":true,"href":"https:\/\/www.assent.com\/fr\/wp-json\/wp\/v2\/users\/47"}],"replies":[{"embeddable":true,"href":"https:\/\/www.assent.com\/fr\/wp-json\/wp\/v2\/comments?post=91755"}],"version-history":[{"count":2,"href":"https:\/\/www.assent.com\/fr\/wp-json\/wp\/v2\/pages\/91755\/revisions"}],"predecessor-version":[{"id":93577,"href":"https:\/\/www.assent.com\/fr\/wp-json\/wp\/v2\/pages\/91755\/revisions\/93577"}],"up":[{"embeddable":true,"href":"https:\/\/www.assent.com\/fr\/wp-json\/wp\/v2\/pages\/30757"}],"wp:featuredmedia":[{"embeddable":true,"href":"https:\/\/www.assent.com\/fr\/wp-json\/wp\/v2\/media\/91469"}],"wp:attachment":[{"href":"https:\/\/www.assent.com\/fr\/wp-json\/wp\/v2\/media?parent=91755"}],"wp:term":[{"taxonomy":"category","embeddable":true,"href":"https:\/\/www.assent.com\/fr\/wp-json\/wp\/v2\/categories?post=91755"}],"curies":[{"name":"wp","href":"https:\/\/api.w.org\/{rel}","templated":true}]}}