{"id":78751,"date":"2024-10-24T04:51:41","date_gmt":"2024-10-24T08:51:41","guid":{"rendered":"https:\/\/www.assent.com\/?page_id=78751"},"modified":"2025-07-23T16:51:51","modified_gmt":"2025-07-23T20:51:51","slug":"roxy-swails","status":"publish","type":"page","link":"https:\/\/www.assent.com\/fr\/capacites\/expertise\/dr-roxy-swails\/","title":{"rendered":"Roxy Swails"},"content":{"rendered":"\n<div style=\"height:75px\" aria-hidden=\"true\" class=\"wp-block-spacer\"><\/div>\n\n\n\r\n<!-- WYSIWYG -->\r\n        <section class=\"wysiwyg-section\">\r\n            <div class=\"container\"><h1><b>Dr. Roxy Swails<\/b><\/h1>\n<h6>Experte r\u00e9glementaire senior<\/h6>\n<p><img decoding=\"async\" class=\"size-medium wp-image-43259 alignright\" src=\"https:\/\/www.assent.com\/wp-content\/uploads\/2024\/10\/Roxy-Swails-2024.jpg\" alt=\"\" width=\"300\" height=\"300\" \/><\/p>\n<p>Gr\u00e2ce \u00e0 son exp\u00e9rience pratique dans l\u2019industrie en mati\u00e8re d\u2019initiatives de produits durables, et \u00e0 ses huit\u202fann\u00e9es d\u2019enseignement de la chimie verte, Roxy aide les clients d\u2019Assent \u00e0 am\u00e9liorer leurs programmes de conformit\u00e9 et de durabilit\u00e9. Elle oriente les r\u00e9ponses des fabricants aux obligations d\u00e9coulant de REACH, de la directive\u00a0RoHS, de la proposition\u202f65 et du TSCA. Au cours de sa carri\u00e8re en tant qu\u2019experte de la durabilit\u00e9 et de la gestion de produits \u00e0 l\u2019\u00e9chelle mondiale, elle a dirig\u00e9 des efforts d\u2019\u00e9limination des PFAS, des analyses de cycles de vie et des programmes de gestion des risques. Roxy est titulaire d\u2019un doctorat en chimie organom\u00e9tallique de l\u2019universit\u00e9 de Floride.<\/p>\n<p><!--a href=\"https:\/\/www.linkedin.com\/in\/roxy-swails\" target=\"_blank\" rel=\"noopener\">Connect with Noah on LinkedIn<\/a>\n\n<a href=\"mailto:roxy.swails@assentcompliance.com\">Email Roxy<\/a--><\/p>\n<p>&nbsp;<\/p>\n<\/div>    \r\n        <\/section>\n\n\n<div style=\"height:100px\" aria-hidden=\"true\" class=\"wp-block-spacer\"><\/div>\n","protected":false},"excerpt":{"rendered":"<p>Rencontrez la Dr. Roxy Swails, experte en conformit\u00e9 r\u00e9glementaire chez Assent.<\/p>\n","protected":false},"author":21,"featured_media":0,"parent":0,"menu_order":0,"comment_status":"closed","ping_status":"closed","template":"","meta":{"_acf_changed":false,"footnotes":"","_links_to":"","_links_to_target":""},"categories":[],"class_list":["post-78751","page","type-page","status-publish","hentry"],"acf":[],"yoast_head":"<!-- This site is optimized with the Yoast SEO Premium plugin v26.6 (Yoast SEO v27.0) - https:\/\/yoast.com\/product\/yoast-seo-premium-wordpress\/ -->\n<title>Dr. Roxy Swails | Experte r\u00e9glementaire senior | Assent<\/title>\n<meta name=\"description\" content=\"Rencontrez la Dr. Roxy Swails, experte en conformit\u00e9 r\u00e9glementaire chez Assent.\" \/>\n<meta name=\"robots\" content=\"index, follow, max-snippet:-1, max-image-preview:large, max-video-preview:-1\" \/>\n<link rel=\"canonical\" href=\"https:\/\/www.assent.com\/fr\/capacites\/expertise\/dr-roxy-swails\/\" \/>\n<meta property=\"og:locale\" content=\"fr_FR\" \/>\n<meta property=\"og:type\" content=\"article\" \/>\n<meta property=\"og:title\" content=\"Roxy Swails\" \/>\n<meta property=\"og:description\" content=\"Rencontrez la Dr. Roxy Swails, experte en conformit\u00e9 r\u00e9glementaire chez Assent.\" \/>\n<meta property=\"og:url\" content=\"https:\/\/www.assent.com\/fr\/capacites\/expertise\/dr-roxy-swails\/\" \/>\n<meta property=\"og:site_name\" content=\"Assent\" \/>\n<meta property=\"article:publisher\" content=\"https:\/\/www.facebook.com\/AssentCompliance\/\" \/>\n<meta property=\"article:modified_time\" content=\"2025-07-23T20:51:51+00:00\" \/>\n<meta name=\"twitter:card\" content=\"summary_large_image\" \/>\n<meta name=\"twitter:site\" content=\"@AssentGlobal\" \/>\n<script type=\"application\/ld+json\" class=\"yoast-schema-graph\">{\"@context\":\"https:\/\/schema.org\",\"@graph\":[{\"@type\":\"WebPage\",\"@id\":\"https:\/\/www.assent.com\/fr\/capacites\/expertise\/dr-roxy-swails\/\",\"url\":\"https:\/\/www.assent.com\/fr\/capacites\/expertise\/dr-roxy-swails\/\",\"name\":\"Dr. Roxy Swails | Experte r\u00e9glementaire senior | Assent\",\"isPartOf\":{\"@id\":\"https:\/\/www.assent.com\/fr\/#website\"},\"datePublished\":\"2024-10-24T08:51:41+00:00\",\"dateModified\":\"2025-07-23T20:51:51+00:00\",\"description\":\"Rencontrez la Dr. Roxy Swails, experte en conformit\u00e9 r\u00e9glementaire chez Assent.\",\"breadcrumb\":{\"@id\":\"https:\/\/www.assent.com\/fr\/capacites\/expertise\/dr-roxy-swails\/#breadcrumb\"},\"inLanguage\":\"fr-FR\",\"potentialAction\":[{\"@type\":\"ReadAction\",\"target\":[\"https:\/\/www.assent.com\/fr\/capacites\/expertise\/dr-roxy-swails\/\"]}]},{\"@type\":\"BreadcrumbList\",\"@id\":\"https:\/\/www.assent.com\/fr\/capacites\/expertise\/dr-roxy-swails\/#breadcrumb\",\"itemListElement\":[{\"@type\":\"ListItem\",\"position\":1,\"name\":\"Home\",\"item\":\"https:\/\/www.assent.com\/fr\/\"},{\"@type\":\"ListItem\",\"position\":2,\"name\":\"Roxy Swails\"}]},{\"@type\":\"WebSite\",\"@id\":\"https:\/\/www.assent.com\/fr\/#website\",\"url\":\"https:\/\/www.assent.com\/fr\/\",\"name\":\"Assent\",\"description\":\"\",\"publisher\":{\"@id\":\"https:\/\/www.assent.com\/fr\/#organization\"},\"potentialAction\":[{\"@type\":\"SearchAction\",\"target\":{\"@type\":\"EntryPoint\",\"urlTemplate\":\"https:\/\/www.assent.com\/fr\/?s={search_term_string}\"},\"query-input\":{\"@type\":\"PropertyValueSpecification\",\"valueRequired\":true,\"valueName\":\"search_term_string\"}}],\"inLanguage\":\"fr-FR\"},{\"@type\":\"Organization\",\"@id\":\"https:\/\/www.assent.com\/fr\/#organization\",\"name\":\"Assent\",\"url\":\"https:\/\/www.assent.com\/fr\/\",\"logo\":{\"@type\":\"ImageObject\",\"inLanguage\":\"fr-FR\",\"@id\":\"https:\/\/www.assent.com\/fr\/#\/schema\/logo\/image\/\",\"url\":\"https:\/\/www.assent.com\/wp-content\/uploads\/2022\/01\/logo.svg\",\"contentUrl\":\"https:\/\/www.assent.com\/wp-content\/uploads\/2022\/01\/logo.svg\",\"width\":1,\"height\":1,\"caption\":\"Assent\"},\"image\":{\"@id\":\"https:\/\/www.assent.com\/fr\/#\/schema\/logo\/image\/\"},\"sameAs\":[\"https:\/\/www.facebook.com\/AssentCompliance\/\",\"https:\/\/x.com\/AssentGlobal\",\"https:\/\/www.linkedin.com\/company\/assent-compliance-inc\"]}]}<\/script>\n<!-- \/ Yoast SEO Premium plugin. -->","yoast_head_json":{"title":"Dr. Roxy Swails | Experte r\u00e9glementaire senior | Assent","description":"Rencontrez la Dr. Roxy Swails, experte en conformit\u00e9 r\u00e9glementaire chez Assent.","robots":{"index":"index","follow":"follow","max-snippet":"max-snippet:-1","max-image-preview":"max-image-preview:large","max-video-preview":"max-video-preview:-1"},"canonical":"https:\/\/www.assent.com\/fr\/capacites\/expertise\/dr-roxy-swails\/","og_locale":"fr_FR","og_type":"article","og_title":"Roxy Swails","og_description":"Rencontrez la Dr. Roxy Swails, experte en conformit\u00e9 r\u00e9glementaire chez Assent.","og_url":"https:\/\/www.assent.com\/fr\/capacites\/expertise\/dr-roxy-swails\/","og_site_name":"Assent","article_publisher":"https:\/\/www.facebook.com\/AssentCompliance\/","article_modified_time":"2025-07-23T20:51:51+00:00","twitter_card":"summary_large_image","twitter_site":"@AssentGlobal","schema":{"@context":"https:\/\/schema.org","@graph":[{"@type":"WebPage","@id":"https:\/\/www.assent.com\/fr\/capacites\/expertise\/dr-roxy-swails\/","url":"https:\/\/www.assent.com\/fr\/capacites\/expertise\/dr-roxy-swails\/","name":"Dr. Roxy Swails | Experte r\u00e9glementaire senior | Assent","isPartOf":{"@id":"https:\/\/www.assent.com\/fr\/#website"},"datePublished":"2024-10-24T08:51:41+00:00","dateModified":"2025-07-23T20:51:51+00:00","description":"Rencontrez la Dr. Roxy Swails, experte en conformit\u00e9 r\u00e9glementaire chez Assent.","breadcrumb":{"@id":"https:\/\/www.assent.com\/fr\/capacites\/expertise\/dr-roxy-swails\/#breadcrumb"},"inLanguage":"fr-FR","potentialAction":[{"@type":"ReadAction","target":["https:\/\/www.assent.com\/fr\/capacites\/expertise\/dr-roxy-swails\/"]}]},{"@type":"BreadcrumbList","@id":"https:\/\/www.assent.com\/fr\/capacites\/expertise\/dr-roxy-swails\/#breadcrumb","itemListElement":[{"@type":"ListItem","position":1,"name":"Home","item":"https:\/\/www.assent.com\/fr\/"},{"@type":"ListItem","position":2,"name":"Roxy Swails"}]},{"@type":"WebSite","@id":"https:\/\/www.assent.com\/fr\/#website","url":"https:\/\/www.assent.com\/fr\/","name":"Assent","description":"","publisher":{"@id":"https:\/\/www.assent.com\/fr\/#organization"},"potentialAction":[{"@type":"SearchAction","target":{"@type":"EntryPoint","urlTemplate":"https:\/\/www.assent.com\/fr\/?s={search_term_string}"},"query-input":{"@type":"PropertyValueSpecification","valueRequired":true,"valueName":"search_term_string"}}],"inLanguage":"fr-FR"},{"@type":"Organization","@id":"https:\/\/www.assent.com\/fr\/#organization","name":"Assent","url":"https:\/\/www.assent.com\/fr\/","logo":{"@type":"ImageObject","inLanguage":"fr-FR","@id":"https:\/\/www.assent.com\/fr\/#\/schema\/logo\/image\/","url":"https:\/\/www.assent.com\/wp-content\/uploads\/2022\/01\/logo.svg","contentUrl":"https:\/\/www.assent.com\/wp-content\/uploads\/2022\/01\/logo.svg","width":1,"height":1,"caption":"Assent"},"image":{"@id":"https:\/\/www.assent.com\/fr\/#\/schema\/logo\/image\/"},"sameAs":["https:\/\/www.facebook.com\/AssentCompliance\/","https:\/\/x.com\/AssentGlobal","https:\/\/www.linkedin.com\/company\/assent-compliance-inc"]}]}},"_links":{"self":[{"href":"https:\/\/www.assent.com\/fr\/wp-json\/wp\/v2\/pages\/78751","targetHints":{"allow":["GET"]}}],"collection":[{"href":"https:\/\/www.assent.com\/fr\/wp-json\/wp\/v2\/pages"}],"about":[{"href":"https:\/\/www.assent.com\/fr\/wp-json\/wp\/v2\/types\/page"}],"author":[{"embeddable":true,"href":"https:\/\/www.assent.com\/fr\/wp-json\/wp\/v2\/users\/21"}],"replies":[{"embeddable":true,"href":"https:\/\/www.assent.com\/fr\/wp-json\/wp\/v2\/comments?post=78751"}],"version-history":[{"count":3,"href":"https:\/\/www.assent.com\/fr\/wp-json\/wp\/v2\/pages\/78751\/revisions"}],"predecessor-version":[{"id":94217,"href":"https:\/\/www.assent.com\/fr\/wp-json\/wp\/v2\/pages\/78751\/revisions\/94217"}],"wp:attachment":[{"href":"https:\/\/www.assent.com\/fr\/wp-json\/wp\/v2\/media?parent=78751"}],"wp:term":[{"taxonomy":"category","embeddable":true,"href":"https:\/\/www.assent.com\/fr\/wp-json\/wp\/v2\/categories?post=78751"}],"curies":[{"name":"wp","href":"https:\/\/api.w.org\/{rel}","templated":true}]}}