{"id":78735,"date":"2024-10-24T02:38:02","date_gmt":"2024-10-24T06:38:02","guid":{"rendered":"https:\/\/www.assent.com\/?page_id=78735"},"modified":"2026-01-29T17:40:49","modified_gmt":"2026-01-29T22:40:49","slug":"ann-schober","status":"publish","type":"page","link":"https:\/\/www.assent.com\/fr\/capacites\/expertise\/ann-schober\/","title":{"rendered":"Ann Schober &#8211; FR"},"content":{"rendered":"\n<div style=\"height:75px\" aria-hidden=\"true\" class=\"wp-block-spacer\"><\/div>\n\n\n\r\n<!-- WYSIWYG -->\r\n        <section class=\"wysiwyg-section\">\r\n            <div class=\"container\"><h1><b>Ann Schober<\/b><\/h1>\n<h6>Experte durabilit\u00e9<\/h6>\n<p><img decoding=\"async\" class=\"size-medium wp-image-43259 alignright\" src=\"https:\/\/www.assent.com\/wp-content\/uploads\/2024\/10\/Ann-Schober-Headshot-sq-300x300.webp\" alt=\"Ann Schober\" width=\"300\" height=\"300\" \/><br \/>\nGr\u00e2ce \u00e0 sa vaste exp\u00e9rience en durabilit\u00e9 et en gestion de projet dans les secteurs priv\u00e9 et \u00e0 but non lucratif, Ann offre des conseils strat\u00e9giques aux entreprises \u00e9voluant dans des environnements r\u00e9glementaires complexes en se focalisant particuli\u00e8rement sur les minerais de conflit et les aspects environnementaux, sociaux et de gouvernance (ESG). Elle excelle \u00e0 traduire des obligations complexes en mati\u00e8re de durabilit\u00e9 en strat\u00e9gies concr\u00e8tes, assurant la conformit\u00e9 tout en promouvant des pratiques d\u2019approvisionnement \u00e9thiques. Dot\u00e9e d\u2019une formation universitaire en sciences agricoles et en \u00e9tudes du Moyen-Orient, Ann a approfondi son expertise gr\u00e2ce \u00e0 une exp\u00e9rience pratique dans la gestion des programmes\u202fESG, la promotion d\u2019initiatives de diversit\u00e9 et la conduite d\u2019efforts d\u2019approvisionnement responsable au sein de diff\u00e9rents groupes de travail sectoriels. Bas\u00e9e \u00e0 Amsterdam, elle contribue activement au d\u00e9veloppement de pratiques durables dans toute l\u2019Europe.<\/p>\n<p><!--a href=\"https:\/\/www.linkedin.com\/in\/ann-schober\" target=\"_blank\" rel=\"noopener\">Connect with Ann on LinkedIn<\/a>\n\n<a href=\"mailto:ann.schober@assentcompliance.com\">Email Ann<\/a--><\/p>\n<p>&nbsp;<\/p>\n<\/div>    \r\n        <\/section>\n\n\n<div style=\"height:100px\" aria-hidden=\"true\" class=\"wp-block-spacer\"><\/div>\n","protected":false},"excerpt":{"rendered":"<p>Rencontrez Ann Schober, experte en conformit\u00e9 r\u00e9glementaire chez Assent.<\/p>\n","protected":false},"author":21,"featured_media":0,"parent":0,"menu_order":0,"comment_status":"closed","ping_status":"closed","template":"","meta":{"_acf_changed":false,"footnotes":"","_links_to":"","_links_to_target":""},"categories":[],"class_list":["post-78735","page","type-page","status-publish","hentry"],"acf":[],"yoast_head":"<!-- This site is optimized with the Yoast SEO Premium plugin v26.6 (Yoast SEO v27.0) - https:\/\/yoast.com\/product\/yoast-seo-premium-wordpress\/ -->\n<title>Ann Schober | Experte durabilit\u00e9 | Assent<\/title>\n<meta name=\"description\" content=\"Rencontrez Ann Schober, experte en conformit\u00e9 r\u00e9glementaire chez Assent.\" \/>\n<meta name=\"robots\" content=\"index, follow, max-snippet:-1, max-image-preview:large, max-video-preview:-1\" \/>\n<link rel=\"canonical\" href=\"https:\/\/www.assent.com\/fr\/capacites\/expertise\/ann-schober\/\" \/>\n<meta property=\"og:locale\" content=\"fr_FR\" \/>\n<meta property=\"og:type\" content=\"article\" \/>\n<meta property=\"og:title\" content=\"Ann Schober - FR\" \/>\n<meta property=\"og:description\" content=\"Rencontrez Ann Schober, experte en conformit\u00e9 r\u00e9glementaire chez Assent.\" \/>\n<meta property=\"og:url\" content=\"https:\/\/www.assent.com\/fr\/capacites\/expertise\/ann-schober\/\" \/>\n<meta property=\"og:site_name\" content=\"Assent\" \/>\n<meta property=\"article:publisher\" content=\"https:\/\/www.facebook.com\/AssentCompliance\/\" \/>\n<meta property=\"article:modified_time\" content=\"2026-01-29T22:40:49+00:00\" \/>\n<meta name=\"twitter:card\" content=\"summary_large_image\" \/>\n<meta name=\"twitter:site\" content=\"@AssentGlobal\" \/>\n<script type=\"application\/ld+json\" class=\"yoast-schema-graph\">{\"@context\":\"https:\/\/schema.org\",\"@graph\":[{\"@type\":\"WebPage\",\"@id\":\"https:\/\/www.assent.com\/fr\/capacites\/expertise\/ann-schober\/\",\"url\":\"https:\/\/www.assent.com\/fr\/capacites\/expertise\/ann-schober\/\",\"name\":\"Ann Schober | Experte durabilit\u00e9 | Assent\",\"isPartOf\":{\"@id\":\"https:\/\/www.assent.com\/fr\/#website\"},\"datePublished\":\"2024-10-24T06:38:02+00:00\",\"dateModified\":\"2026-01-29T22:40:49+00:00\",\"description\":\"Rencontrez Ann Schober, experte en conformit\u00e9 r\u00e9glementaire chez Assent.\",\"breadcrumb\":{\"@id\":\"https:\/\/www.assent.com\/fr\/capacites\/expertise\/ann-schober\/#breadcrumb\"},\"inLanguage\":\"fr-FR\",\"potentialAction\":[{\"@type\":\"ReadAction\",\"target\":[\"https:\/\/www.assent.com\/fr\/capacites\/expertise\/ann-schober\/\"]}]},{\"@type\":\"BreadcrumbList\",\"@id\":\"https:\/\/www.assent.com\/fr\/capacites\/expertise\/ann-schober\/#breadcrumb\",\"itemListElement\":[{\"@type\":\"ListItem\",\"position\":1,\"name\":\"Home\",\"item\":\"https:\/\/www.assent.com\/fr\/\"},{\"@type\":\"ListItem\",\"position\":2,\"name\":\"Ann Schober &#8211; FR\"}]},{\"@type\":\"WebSite\",\"@id\":\"https:\/\/www.assent.com\/fr\/#website\",\"url\":\"https:\/\/www.assent.com\/fr\/\",\"name\":\"Assent\",\"description\":\"\",\"publisher\":{\"@id\":\"https:\/\/www.assent.com\/fr\/#organization\"},\"potentialAction\":[{\"@type\":\"SearchAction\",\"target\":{\"@type\":\"EntryPoint\",\"urlTemplate\":\"https:\/\/www.assent.com\/fr\/?s={search_term_string}\"},\"query-input\":{\"@type\":\"PropertyValueSpecification\",\"valueRequired\":true,\"valueName\":\"search_term_string\"}}],\"inLanguage\":\"fr-FR\"},{\"@type\":\"Organization\",\"@id\":\"https:\/\/www.assent.com\/fr\/#organization\",\"name\":\"Assent\",\"url\":\"https:\/\/www.assent.com\/fr\/\",\"logo\":{\"@type\":\"ImageObject\",\"inLanguage\":\"fr-FR\",\"@id\":\"https:\/\/www.assent.com\/fr\/#\/schema\/logo\/image\/\",\"url\":\"https:\/\/www.assent.com\/wp-content\/uploads\/2022\/01\/logo.svg\",\"contentUrl\":\"https:\/\/www.assent.com\/wp-content\/uploads\/2022\/01\/logo.svg\",\"width\":1,\"height\":1,\"caption\":\"Assent\"},\"image\":{\"@id\":\"https:\/\/www.assent.com\/fr\/#\/schema\/logo\/image\/\"},\"sameAs\":[\"https:\/\/www.facebook.com\/AssentCompliance\/\",\"https:\/\/x.com\/AssentGlobal\",\"https:\/\/www.linkedin.com\/company\/assent-compliance-inc\"]}]}<\/script>\n<!-- \/ Yoast SEO Premium plugin. -->","yoast_head_json":{"title":"Ann Schober | Experte durabilit\u00e9 | Assent","description":"Rencontrez Ann Schober, experte en conformit\u00e9 r\u00e9glementaire chez Assent.","robots":{"index":"index","follow":"follow","max-snippet":"max-snippet:-1","max-image-preview":"max-image-preview:large","max-video-preview":"max-video-preview:-1"},"canonical":"https:\/\/www.assent.com\/fr\/capacites\/expertise\/ann-schober\/","og_locale":"fr_FR","og_type":"article","og_title":"Ann Schober - FR","og_description":"Rencontrez Ann Schober, experte en conformit\u00e9 r\u00e9glementaire chez Assent.","og_url":"https:\/\/www.assent.com\/fr\/capacites\/expertise\/ann-schober\/","og_site_name":"Assent","article_publisher":"https:\/\/www.facebook.com\/AssentCompliance\/","article_modified_time":"2026-01-29T22:40:49+00:00","twitter_card":"summary_large_image","twitter_site":"@AssentGlobal","schema":{"@context":"https:\/\/schema.org","@graph":[{"@type":"WebPage","@id":"https:\/\/www.assent.com\/fr\/capacites\/expertise\/ann-schober\/","url":"https:\/\/www.assent.com\/fr\/capacites\/expertise\/ann-schober\/","name":"Ann Schober | Experte durabilit\u00e9 | Assent","isPartOf":{"@id":"https:\/\/www.assent.com\/fr\/#website"},"datePublished":"2024-10-24T06:38:02+00:00","dateModified":"2026-01-29T22:40:49+00:00","description":"Rencontrez Ann Schober, experte en conformit\u00e9 r\u00e9glementaire chez Assent.","breadcrumb":{"@id":"https:\/\/www.assent.com\/fr\/capacites\/expertise\/ann-schober\/#breadcrumb"},"inLanguage":"fr-FR","potentialAction":[{"@type":"ReadAction","target":["https:\/\/www.assent.com\/fr\/capacites\/expertise\/ann-schober\/"]}]},{"@type":"BreadcrumbList","@id":"https:\/\/www.assent.com\/fr\/capacites\/expertise\/ann-schober\/#breadcrumb","itemListElement":[{"@type":"ListItem","position":1,"name":"Home","item":"https:\/\/www.assent.com\/fr\/"},{"@type":"ListItem","position":2,"name":"Ann Schober &#8211; FR"}]},{"@type":"WebSite","@id":"https:\/\/www.assent.com\/fr\/#website","url":"https:\/\/www.assent.com\/fr\/","name":"Assent","description":"","publisher":{"@id":"https:\/\/www.assent.com\/fr\/#organization"},"potentialAction":[{"@type":"SearchAction","target":{"@type":"EntryPoint","urlTemplate":"https:\/\/www.assent.com\/fr\/?s={search_term_string}"},"query-input":{"@type":"PropertyValueSpecification","valueRequired":true,"valueName":"search_term_string"}}],"inLanguage":"fr-FR"},{"@type":"Organization","@id":"https:\/\/www.assent.com\/fr\/#organization","name":"Assent","url":"https:\/\/www.assent.com\/fr\/","logo":{"@type":"ImageObject","inLanguage":"fr-FR","@id":"https:\/\/www.assent.com\/fr\/#\/schema\/logo\/image\/","url":"https:\/\/www.assent.com\/wp-content\/uploads\/2022\/01\/logo.svg","contentUrl":"https:\/\/www.assent.com\/wp-content\/uploads\/2022\/01\/logo.svg","width":1,"height":1,"caption":"Assent"},"image":{"@id":"https:\/\/www.assent.com\/fr\/#\/schema\/logo\/image\/"},"sameAs":["https:\/\/www.facebook.com\/AssentCompliance\/","https:\/\/x.com\/AssentGlobal","https:\/\/www.linkedin.com\/company\/assent-compliance-inc"]}]}},"_links":{"self":[{"href":"https:\/\/www.assent.com\/fr\/wp-json\/wp\/v2\/pages\/78735","targetHints":{"allow":["GET"]}}],"collection":[{"href":"https:\/\/www.assent.com\/fr\/wp-json\/wp\/v2\/pages"}],"about":[{"href":"https:\/\/www.assent.com\/fr\/wp-json\/wp\/v2\/types\/page"}],"author":[{"embeddable":true,"href":"https:\/\/www.assent.com\/fr\/wp-json\/wp\/v2\/users\/21"}],"replies":[{"embeddable":true,"href":"https:\/\/www.assent.com\/fr\/wp-json\/wp\/v2\/comments?post=78735"}],"version-history":[{"count":8,"href":"https:\/\/www.assent.com\/fr\/wp-json\/wp\/v2\/pages\/78735\/revisions"}],"predecessor-version":[{"id":108552,"href":"https:\/\/www.assent.com\/fr\/wp-json\/wp\/v2\/pages\/78735\/revisions\/108552"}],"wp:attachment":[{"href":"https:\/\/www.assent.com\/fr\/wp-json\/wp\/v2\/media?parent=78735"}],"wp:term":[{"taxonomy":"category","embeddable":true,"href":"https:\/\/www.assent.com\/fr\/wp-json\/wp\/v2\/categories?post=78735"}],"curies":[{"name":"wp","href":"https:\/\/api.w.org\/{rel}","templated":true}]}}