{"id":59873,"date":"2023-10-30T03:02:15","date_gmt":"2023-10-30T07:02:15","guid":{"rendered":"https:\/\/www.assent.com\/emma-owens\/"},"modified":"2024-07-22T03:17:42","modified_gmt":"2024-07-22T07:17:42","slug":"emma-owens","status":"publish","type":"page","link":"https:\/\/www.assent.com\/fr\/capacites\/expertise\/emma-owens\/","title":{"rendered":"Emma Owens &#8211; FR"},"content":{"rendered":"\n<div style=\"height:47px\" aria-hidden=\"true\" class=\"wp-block-spacer\"><\/div>\n\n\n\r\n<!-- WYSIWYG -->\r\n        <section class=\"wysiwyg-section\">\r\n            <div class=\"container\"><h1>Emma Owens<\/h1>\n<h6>Expert en r\u00e9glementation et en d\u00e9veloppement durable, Durabilit\u00e9 des produits<\/h6>\n<p><img decoding=\"async\" class=\"wp-image-59013 size-medium alignright\" src=\"https:\/\/www.assent.com\/wp-content\/uploads\/2023\/10\/1654074978130-300x300.jpg\" alt=\"\" width=\"300\" height=\"300\" srcset=\"https:\/\/www.assent.com\/wp-content\/uploads\/2023\/10\/1654074978130-300x300.jpg 300w, https:\/\/www.assent.com\/wp-content\/uploads\/2023\/10\/1654074978130-150x150.jpg 150w, https:\/\/www.assent.com\/wp-content\/uploads\/2023\/10\/1654074978130-768x768.jpg 768w, https:\/\/www.assent.com\/wp-content\/uploads\/2023\/10\/1654074978130.jpg 800w\" sizes=\"(max-width: 300px) 100vw, 300px\" \/>Emma est une experte en la mati\u00e8re, sp\u00e9cialis\u00e9e dans la conformit\u00e9 des produits. Sa formation en Sciences de l\u2019environnement compl\u00e8te son exp\u00e9rience professionnelle en mati\u00e8re d\u2019assistance aux fabricants dans l\u2019\u00e9laboration et la mise en \u0153uvre de programmes r\u00e9glementaires. Emma est titulaire d\u2019une ma\u00eetrise en Toxicologie environnementale et en surveillance de la pollution de l\u2019universit\u00e9 d\u2019Ulster, o\u00f9 sa th\u00e8se portait sur l\u2019utilisation de la base de donn\u00e9es SCIP pour classer par ordre de priorit\u00e9 les substances extr\u00eamement pr\u00e9occupantes \u00e0 inclure dans l\u2019annexe XIV du r\u00e8glement REACH.<\/p>\n<p><a href=\"https:\/\/www.linkedin.com\/in\/emmamowens\/?originalSubdomain=uk\" target=\"_blank\" rel=\"noopener\">Se connecter avec Emma sur LinkedIn<\/a><\/p>\n<p><a href=\"mailto:emma.owens@assent.com\">Contacter Emma par e-mail<\/a><\/p>\n<p>&nbsp;<\/p>\n<\/div>    \r\n        <\/section>\n\n\n<div style=\"height:152px\" aria-hidden=\"true\" class=\"wp-block-spacer\"><\/div>\n","protected":false},"excerpt":{"rendered":"<p>Meet Assent\u2019s Expert en r\u00e9glementation et en d\u00e9veloppement durable, Durabilit\u00e9 des produits<\/p>\n","protected":false},"author":21,"featured_media":0,"parent":0,"menu_order":0,"comment_status":"closed","ping_status":"closed","template":"","meta":{"_acf_changed":false,"footnotes":"","_links_to":"","_links_to_target":""},"categories":[],"class_list":["post-59873","page","type-page","status-publish","hentry"],"acf":[],"yoast_head":"<!-- This site is optimized with the Yoast SEO Premium plugin v26.6 (Yoast SEO v27.0) - https:\/\/yoast.com\/product\/yoast-seo-premium-wordpress\/ -->\n<title>Emma Owens | Expert en r\u00e9glementation | Assent<\/title>\n<meta name=\"description\" content=\"Meet Assent\u2019s Expert en r\u00e9glementation et en d\u00e9veloppement durable, Durabilit\u00e9 des produits\" \/>\n<meta name=\"robots\" content=\"index, follow, max-snippet:-1, max-image-preview:large, max-video-preview:-1\" \/>\n<link rel=\"canonical\" href=\"https:\/\/www.assent.com\/fr\/capacites\/expertise\/emma-owens\/\" \/>\n<meta property=\"og:locale\" content=\"fr_FR\" \/>\n<meta property=\"og:type\" content=\"article\" \/>\n<meta property=\"og:title\" content=\"Emma Owens - FR\" \/>\n<meta property=\"og:description\" content=\"Meet Assent\u2019s Expert en r\u00e9glementation et en d\u00e9veloppement durable, Durabilit\u00e9 des produits\" \/>\n<meta property=\"og:url\" content=\"https:\/\/www.assent.com\/fr\/capacites\/expertise\/emma-owens\/\" \/>\n<meta property=\"og:site_name\" content=\"Assent\" \/>\n<meta property=\"article:publisher\" content=\"https:\/\/www.facebook.com\/AssentCompliance\/\" \/>\n<meta property=\"article:modified_time\" content=\"2024-07-22T07:17:42+00:00\" \/>\n<meta name=\"twitter:card\" content=\"summary_large_image\" \/>\n<meta name=\"twitter:site\" content=\"@AssentGlobal\" \/>\n<script type=\"application\/ld+json\" class=\"yoast-schema-graph\">{\"@context\":\"https:\/\/schema.org\",\"@graph\":[{\"@type\":\"WebPage\",\"@id\":\"https:\/\/www.assent.com\/fr\/capacites\/expertise\/emma-owens\/\",\"url\":\"https:\/\/www.assent.com\/fr\/capacites\/expertise\/emma-owens\/\",\"name\":\"Emma Owens | Expert en r\u00e9glementation | Assent\",\"isPartOf\":{\"@id\":\"https:\/\/www.assent.com\/fr\/#website\"},\"datePublished\":\"2023-10-30T07:02:15+00:00\",\"dateModified\":\"2024-07-22T07:17:42+00:00\",\"description\":\"Meet Assent\u2019s Expert en r\u00e9glementation et en d\u00e9veloppement durable, Durabilit\u00e9 des produits\",\"breadcrumb\":{\"@id\":\"https:\/\/www.assent.com\/fr\/capacites\/expertise\/emma-owens\/#breadcrumb\"},\"inLanguage\":\"fr-FR\",\"potentialAction\":[{\"@type\":\"ReadAction\",\"target\":[\"https:\/\/www.assent.com\/fr\/capacites\/expertise\/emma-owens\/\"]}]},{\"@type\":\"BreadcrumbList\",\"@id\":\"https:\/\/www.assent.com\/fr\/capacites\/expertise\/emma-owens\/#breadcrumb\",\"itemListElement\":[{\"@type\":\"ListItem\",\"position\":1,\"name\":\"Home\",\"item\":\"https:\/\/www.assent.com\/fr\/\"},{\"@type\":\"ListItem\",\"position\":2,\"name\":\"Emma Owens &#8211; FR\"}]},{\"@type\":\"WebSite\",\"@id\":\"https:\/\/www.assent.com\/fr\/#website\",\"url\":\"https:\/\/www.assent.com\/fr\/\",\"name\":\"Assent\",\"description\":\"\",\"publisher\":{\"@id\":\"https:\/\/www.assent.com\/fr\/#organization\"},\"potentialAction\":[{\"@type\":\"SearchAction\",\"target\":{\"@type\":\"EntryPoint\",\"urlTemplate\":\"https:\/\/www.assent.com\/fr\/?s={search_term_string}\"},\"query-input\":{\"@type\":\"PropertyValueSpecification\",\"valueRequired\":true,\"valueName\":\"search_term_string\"}}],\"inLanguage\":\"fr-FR\"},{\"@type\":\"Organization\",\"@id\":\"https:\/\/www.assent.com\/fr\/#organization\",\"name\":\"Assent\",\"url\":\"https:\/\/www.assent.com\/fr\/\",\"logo\":{\"@type\":\"ImageObject\",\"inLanguage\":\"fr-FR\",\"@id\":\"https:\/\/www.assent.com\/fr\/#\/schema\/logo\/image\/\",\"url\":\"https:\/\/www.assent.com\/wp-content\/uploads\/2022\/01\/logo.svg\",\"contentUrl\":\"https:\/\/www.assent.com\/wp-content\/uploads\/2022\/01\/logo.svg\",\"width\":1,\"height\":1,\"caption\":\"Assent\"},\"image\":{\"@id\":\"https:\/\/www.assent.com\/fr\/#\/schema\/logo\/image\/\"},\"sameAs\":[\"https:\/\/www.facebook.com\/AssentCompliance\/\",\"https:\/\/x.com\/AssentGlobal\",\"https:\/\/www.linkedin.com\/company\/assent-compliance-inc\"]}]}<\/script>\n<!-- \/ Yoast SEO Premium plugin. -->","yoast_head_json":{"title":"Emma Owens | Expert en r\u00e9glementation | Assent","description":"Meet Assent\u2019s Expert en r\u00e9glementation et en d\u00e9veloppement durable, Durabilit\u00e9 des produits","robots":{"index":"index","follow":"follow","max-snippet":"max-snippet:-1","max-image-preview":"max-image-preview:large","max-video-preview":"max-video-preview:-1"},"canonical":"https:\/\/www.assent.com\/fr\/capacites\/expertise\/emma-owens\/","og_locale":"fr_FR","og_type":"article","og_title":"Emma Owens - FR","og_description":"Meet Assent\u2019s Expert en r\u00e9glementation et en d\u00e9veloppement durable, Durabilit\u00e9 des produits","og_url":"https:\/\/www.assent.com\/fr\/capacites\/expertise\/emma-owens\/","og_site_name":"Assent","article_publisher":"https:\/\/www.facebook.com\/AssentCompliance\/","article_modified_time":"2024-07-22T07:17:42+00:00","twitter_card":"summary_large_image","twitter_site":"@AssentGlobal","schema":{"@context":"https:\/\/schema.org","@graph":[{"@type":"WebPage","@id":"https:\/\/www.assent.com\/fr\/capacites\/expertise\/emma-owens\/","url":"https:\/\/www.assent.com\/fr\/capacites\/expertise\/emma-owens\/","name":"Emma Owens | Expert en r\u00e9glementation | Assent","isPartOf":{"@id":"https:\/\/www.assent.com\/fr\/#website"},"datePublished":"2023-10-30T07:02:15+00:00","dateModified":"2024-07-22T07:17:42+00:00","description":"Meet Assent\u2019s Expert en r\u00e9glementation et en d\u00e9veloppement durable, Durabilit\u00e9 des produits","breadcrumb":{"@id":"https:\/\/www.assent.com\/fr\/capacites\/expertise\/emma-owens\/#breadcrumb"},"inLanguage":"fr-FR","potentialAction":[{"@type":"ReadAction","target":["https:\/\/www.assent.com\/fr\/capacites\/expertise\/emma-owens\/"]}]},{"@type":"BreadcrumbList","@id":"https:\/\/www.assent.com\/fr\/capacites\/expertise\/emma-owens\/#breadcrumb","itemListElement":[{"@type":"ListItem","position":1,"name":"Home","item":"https:\/\/www.assent.com\/fr\/"},{"@type":"ListItem","position":2,"name":"Emma Owens &#8211; FR"}]},{"@type":"WebSite","@id":"https:\/\/www.assent.com\/fr\/#website","url":"https:\/\/www.assent.com\/fr\/","name":"Assent","description":"","publisher":{"@id":"https:\/\/www.assent.com\/fr\/#organization"},"potentialAction":[{"@type":"SearchAction","target":{"@type":"EntryPoint","urlTemplate":"https:\/\/www.assent.com\/fr\/?s={search_term_string}"},"query-input":{"@type":"PropertyValueSpecification","valueRequired":true,"valueName":"search_term_string"}}],"inLanguage":"fr-FR"},{"@type":"Organization","@id":"https:\/\/www.assent.com\/fr\/#organization","name":"Assent","url":"https:\/\/www.assent.com\/fr\/","logo":{"@type":"ImageObject","inLanguage":"fr-FR","@id":"https:\/\/www.assent.com\/fr\/#\/schema\/logo\/image\/","url":"https:\/\/www.assent.com\/wp-content\/uploads\/2022\/01\/logo.svg","contentUrl":"https:\/\/www.assent.com\/wp-content\/uploads\/2022\/01\/logo.svg","width":1,"height":1,"caption":"Assent"},"image":{"@id":"https:\/\/www.assent.com\/fr\/#\/schema\/logo\/image\/"},"sameAs":["https:\/\/www.facebook.com\/AssentCompliance\/","https:\/\/x.com\/AssentGlobal","https:\/\/www.linkedin.com\/company\/assent-compliance-inc"]}]}},"_links":{"self":[{"href":"https:\/\/www.assent.com\/fr\/wp-json\/wp\/v2\/pages\/59873","targetHints":{"allow":["GET"]}}],"collection":[{"href":"https:\/\/www.assent.com\/fr\/wp-json\/wp\/v2\/pages"}],"about":[{"href":"https:\/\/www.assent.com\/fr\/wp-json\/wp\/v2\/types\/page"}],"author":[{"embeddable":true,"href":"https:\/\/www.assent.com\/fr\/wp-json\/wp\/v2\/users\/21"}],"replies":[{"embeddable":true,"href":"https:\/\/www.assent.com\/fr\/wp-json\/wp\/v2\/comments?post=59873"}],"version-history":[{"count":0,"href":"https:\/\/www.assent.com\/fr\/wp-json\/wp\/v2\/pages\/59873\/revisions"}],"wp:attachment":[{"href":"https:\/\/www.assent.com\/fr\/wp-json\/wp\/v2\/media?parent=59873"}],"wp:term":[{"taxonomy":"category","embeddable":true,"href":"https:\/\/www.assent.com\/fr\/wp-json\/wp\/v2\/categories?post=59873"}],"curies":[{"name":"wp","href":"https:\/\/api.w.org\/{rel}","templated":true}]}}