{"id":59651,"date":"2022-11-13T05:04:02","date_gmt":"2022-11-13T10:04:02","guid":{"rendered":"https:\/\/www.assent.com\/devin-oherron\/"},"modified":"2025-04-11T10:05:34","modified_gmt":"2025-04-11T14:05:34","slug":"devin-oherron","status":"publish","type":"page","link":"https:\/\/www.assent.com\/fr\/capacites\/expertise\/devin-oherron\/","title":{"rendered":"Devin O\u2019Herron &#8211; FR"},"content":{"rendered":"\n<div style=\"height:64px\" aria-hidden=\"true\" class=\"wp-block-spacer\"><\/div>\n\n\n\r\n<!-- WYSIWYG -->\r\n        <section class=\"wysiwyg-section\">\r\n            <div class=\"container\"><h1>Devin O\u2019Herron<\/h1>\n<h6>Expert en D\u00e9veloppement Durable &amp; R\u00e9glementation, ESG et Approvisionnement Responsable<\/h6>\n<p><span style=\"font-weight: 400;\"><img decoding=\"async\" class=\"size-medium wp-image-43219 alignright\" src=\"https:\/\/www.assent.com\/wp-content\/uploads\/2025\/03\/B0A3727.webp\" alt=\"\" width=\"300\" height=\"300\" \/>Devin est un expert sp\u00e9cialis\u00e9 dans la durabilit\u00e9 de la cha\u00eene d\u2019approvisionnement et l\u2019approvisionnement responsable. En tant que membre de notre \u00e9quipe r\u00e9glementaire, Devin fait b\u00e9n\u00e9ficier Assent et ses clients de plus de 12 ans d\u2019expertise en durabilit\u00e9, acquise dans divers secteurs et aupr\u00e8s de diff\u00e9rents fabricants. Il est dipl\u00f4m\u00e9 du plus ancien programme de premier cycle en commerce responsable aux \u00c9tats-Unis. Gr\u00e2ce \u00e0 ses conseils et \u00e0 son expertise en mati\u00e8re d\u2019approvisionnement responsable, de conformit\u00e9 environnementale et sociale et de reporting de durabilit\u00e9, Devin permet aux fabricants mondiaux de mieux appr\u00e9hender les r\u00e9glementations \u00e9mergentes telles que le MACF, d\u2019att\u00e9nuer les risques de supply chain et de tirer parti des principes de durabilit\u00e9 pour construire des programmes pertinents qui apportent une valeur commerciale tangible. <\/span><\/p>\n<p><a href=\"https:\/\/www.linkedin.com\/in\/devin-o-herron-3a366b48\" target=\"_blank\" rel=\"noopener\">Contacter Devin sur LinkedIn<\/a><\/p>\n<p><a href=\"mailto:devin.oherron@assentcompliance.com\">Contacter Devin par e-mail<\/a><\/p>\n<p>&nbsp;<\/p>\n<\/div>    \r\n        <\/section>\n\n\n<div style=\"height:100px\" aria-hidden=\"true\" class=\"wp-block-spacer\"><\/div>\n","protected":false},"excerpt":{"rendered":"<p>Meet Assent\u2019s regulatory compliance expert, Devin O\u2019Herron<\/p>\n","protected":false},"author":21,"featured_media":0,"parent":0,"menu_order":0,"comment_status":"closed","ping_status":"closed","template":"","meta":{"_acf_changed":false,"footnotes":"","_links_to":"","_links_to_target":""},"categories":[],"class_list":["post-59651","page","type-page","status-publish","hentry"],"acf":[],"yoast_head":"<!-- This site is optimized with the Yoast SEO Premium plugin v26.6 (Yoast SEO v27.0) - https:\/\/yoast.com\/product\/yoast-seo-premium-wordpress\/ -->\n<title>Devin O\u2019Herron | Expert r\u00e9glementaire | Assent<\/title>\n<meta name=\"description\" content=\"Voici Devin O\u2019Herron, expert en conformit\u00e9 r\u00e9glementaire chez Assent\" \/>\n<meta name=\"robots\" content=\"index, follow, max-snippet:-1, max-image-preview:large, max-video-preview:-1\" \/>\n<link rel=\"canonical\" href=\"https:\/\/www.assent.com\/fr\/capacites\/expertise\/devin-oherron\/\" \/>\n<meta property=\"og:locale\" content=\"fr_FR\" \/>\n<meta property=\"og:type\" content=\"article\" \/>\n<meta property=\"og:title\" content=\"Devin O\u2019Herron - FR\" \/>\n<meta property=\"og:description\" content=\"Voici Devin O\u2019Herron, expert en conformit\u00e9 r\u00e9glementaire chez Assent\" \/>\n<meta property=\"og:url\" content=\"https:\/\/www.assent.com\/fr\/capacites\/expertise\/devin-oherron\/\" \/>\n<meta property=\"og:site_name\" content=\"Assent\" \/>\n<meta property=\"article:publisher\" content=\"https:\/\/www.facebook.com\/AssentCompliance\/\" \/>\n<meta property=\"article:modified_time\" content=\"2025-04-11T14:05:34+00:00\" \/>\n<meta name=\"twitter:card\" content=\"summary_large_image\" \/>\n<meta name=\"twitter:site\" content=\"@AssentGlobal\" \/>\n<script type=\"application\/ld+json\" class=\"yoast-schema-graph\">{\"@context\":\"https:\/\/schema.org\",\"@graph\":[{\"@type\":\"WebPage\",\"@id\":\"https:\/\/www.assent.com\/fr\/capacites\/expertise\/devin-oherron\/\",\"url\":\"https:\/\/www.assent.com\/fr\/capacites\/expertise\/devin-oherron\/\",\"name\":\"Devin O\u2019Herron | Expert r\u00e9glementaire | Assent\",\"isPartOf\":{\"@id\":\"https:\/\/www.assent.com\/fr\/#website\"},\"datePublished\":\"2022-11-13T10:04:02+00:00\",\"dateModified\":\"2025-04-11T14:05:34+00:00\",\"description\":\"Voici Devin O\u2019Herron, expert en conformit\u00e9 r\u00e9glementaire chez Assent\",\"breadcrumb\":{\"@id\":\"https:\/\/www.assent.com\/fr\/capacites\/expertise\/devin-oherron\/#breadcrumb\"},\"inLanguage\":\"fr-FR\",\"potentialAction\":[{\"@type\":\"ReadAction\",\"target\":[\"https:\/\/www.assent.com\/fr\/capacites\/expertise\/devin-oherron\/\"]}]},{\"@type\":\"BreadcrumbList\",\"@id\":\"https:\/\/www.assent.com\/fr\/capacites\/expertise\/devin-oherron\/#breadcrumb\",\"itemListElement\":[{\"@type\":\"ListItem\",\"position\":1,\"name\":\"Home\",\"item\":\"https:\/\/www.assent.com\/fr\/\"},{\"@type\":\"ListItem\",\"position\":2,\"name\":\"Devin O\u2019Herron &#8211; FR\"}]},{\"@type\":\"WebSite\",\"@id\":\"https:\/\/www.assent.com\/fr\/#website\",\"url\":\"https:\/\/www.assent.com\/fr\/\",\"name\":\"Assent\",\"description\":\"\",\"publisher\":{\"@id\":\"https:\/\/www.assent.com\/fr\/#organization\"},\"potentialAction\":[{\"@type\":\"SearchAction\",\"target\":{\"@type\":\"EntryPoint\",\"urlTemplate\":\"https:\/\/www.assent.com\/fr\/?s={search_term_string}\"},\"query-input\":{\"@type\":\"PropertyValueSpecification\",\"valueRequired\":true,\"valueName\":\"search_term_string\"}}],\"inLanguage\":\"fr-FR\"},{\"@type\":\"Organization\",\"@id\":\"https:\/\/www.assent.com\/fr\/#organization\",\"name\":\"Assent\",\"url\":\"https:\/\/www.assent.com\/fr\/\",\"logo\":{\"@type\":\"ImageObject\",\"inLanguage\":\"fr-FR\",\"@id\":\"https:\/\/www.assent.com\/fr\/#\/schema\/logo\/image\/\",\"url\":\"https:\/\/www.assent.com\/wp-content\/uploads\/2022\/01\/logo.svg\",\"contentUrl\":\"https:\/\/www.assent.com\/wp-content\/uploads\/2022\/01\/logo.svg\",\"width\":1,\"height\":1,\"caption\":\"Assent\"},\"image\":{\"@id\":\"https:\/\/www.assent.com\/fr\/#\/schema\/logo\/image\/\"},\"sameAs\":[\"https:\/\/www.facebook.com\/AssentCompliance\/\",\"https:\/\/x.com\/AssentGlobal\",\"https:\/\/www.linkedin.com\/company\/assent-compliance-inc\"]}]}<\/script>\n<!-- \/ Yoast SEO Premium plugin. -->","yoast_head_json":{"title":"Devin O\u2019Herron | Expert r\u00e9glementaire | Assent","description":"Voici Devin O\u2019Herron, expert en conformit\u00e9 r\u00e9glementaire chez Assent","robots":{"index":"index","follow":"follow","max-snippet":"max-snippet:-1","max-image-preview":"max-image-preview:large","max-video-preview":"max-video-preview:-1"},"canonical":"https:\/\/www.assent.com\/fr\/capacites\/expertise\/devin-oherron\/","og_locale":"fr_FR","og_type":"article","og_title":"Devin O\u2019Herron - FR","og_description":"Voici Devin O\u2019Herron, expert en conformit\u00e9 r\u00e9glementaire chez Assent","og_url":"https:\/\/www.assent.com\/fr\/capacites\/expertise\/devin-oherron\/","og_site_name":"Assent","article_publisher":"https:\/\/www.facebook.com\/AssentCompliance\/","article_modified_time":"2025-04-11T14:05:34+00:00","twitter_card":"summary_large_image","twitter_site":"@AssentGlobal","schema":{"@context":"https:\/\/schema.org","@graph":[{"@type":"WebPage","@id":"https:\/\/www.assent.com\/fr\/capacites\/expertise\/devin-oherron\/","url":"https:\/\/www.assent.com\/fr\/capacites\/expertise\/devin-oherron\/","name":"Devin O\u2019Herron | Expert r\u00e9glementaire | Assent","isPartOf":{"@id":"https:\/\/www.assent.com\/fr\/#website"},"datePublished":"2022-11-13T10:04:02+00:00","dateModified":"2025-04-11T14:05:34+00:00","description":"Voici Devin O\u2019Herron, expert en conformit\u00e9 r\u00e9glementaire chez Assent","breadcrumb":{"@id":"https:\/\/www.assent.com\/fr\/capacites\/expertise\/devin-oherron\/#breadcrumb"},"inLanguage":"fr-FR","potentialAction":[{"@type":"ReadAction","target":["https:\/\/www.assent.com\/fr\/capacites\/expertise\/devin-oherron\/"]}]},{"@type":"BreadcrumbList","@id":"https:\/\/www.assent.com\/fr\/capacites\/expertise\/devin-oherron\/#breadcrumb","itemListElement":[{"@type":"ListItem","position":1,"name":"Home","item":"https:\/\/www.assent.com\/fr\/"},{"@type":"ListItem","position":2,"name":"Devin O\u2019Herron &#8211; FR"}]},{"@type":"WebSite","@id":"https:\/\/www.assent.com\/fr\/#website","url":"https:\/\/www.assent.com\/fr\/","name":"Assent","description":"","publisher":{"@id":"https:\/\/www.assent.com\/fr\/#organization"},"potentialAction":[{"@type":"SearchAction","target":{"@type":"EntryPoint","urlTemplate":"https:\/\/www.assent.com\/fr\/?s={search_term_string}"},"query-input":{"@type":"PropertyValueSpecification","valueRequired":true,"valueName":"search_term_string"}}],"inLanguage":"fr-FR"},{"@type":"Organization","@id":"https:\/\/www.assent.com\/fr\/#organization","name":"Assent","url":"https:\/\/www.assent.com\/fr\/","logo":{"@type":"ImageObject","inLanguage":"fr-FR","@id":"https:\/\/www.assent.com\/fr\/#\/schema\/logo\/image\/","url":"https:\/\/www.assent.com\/wp-content\/uploads\/2022\/01\/logo.svg","contentUrl":"https:\/\/www.assent.com\/wp-content\/uploads\/2022\/01\/logo.svg","width":1,"height":1,"caption":"Assent"},"image":{"@id":"https:\/\/www.assent.com\/fr\/#\/schema\/logo\/image\/"},"sameAs":["https:\/\/www.facebook.com\/AssentCompliance\/","https:\/\/x.com\/AssentGlobal","https:\/\/www.linkedin.com\/company\/assent-compliance-inc"]}]}},"_links":{"self":[{"href":"https:\/\/www.assent.com\/fr\/wp-json\/wp\/v2\/pages\/59651","targetHints":{"allow":["GET"]}}],"collection":[{"href":"https:\/\/www.assent.com\/fr\/wp-json\/wp\/v2\/pages"}],"about":[{"href":"https:\/\/www.assent.com\/fr\/wp-json\/wp\/v2\/types\/page"}],"author":[{"embeddable":true,"href":"https:\/\/www.assent.com\/fr\/wp-json\/wp\/v2\/users\/21"}],"replies":[{"embeddable":true,"href":"https:\/\/www.assent.com\/fr\/wp-json\/wp\/v2\/comments?post=59651"}],"version-history":[{"count":2,"href":"https:\/\/www.assent.com\/fr\/wp-json\/wp\/v2\/pages\/59651\/revisions"}],"predecessor-version":[{"id":87132,"href":"https:\/\/www.assent.com\/fr\/wp-json\/wp\/v2\/pages\/59651\/revisions\/87132"}],"wp:attachment":[{"href":"https:\/\/www.assent.com\/fr\/wp-json\/wp\/v2\/media?parent=59651"}],"wp:term":[{"taxonomy":"category","embeddable":true,"href":"https:\/\/www.assent.com\/fr\/wp-json\/wp\/v2\/categories?post=59651"}],"curies":[{"name":"wp","href":"https:\/\/api.w.org\/{rel}","templated":true}]}}