{"id":50936,"date":"2023-05-12T13:56:36","date_gmt":"2023-05-12T17:56:36","guid":{"rendered":"https:\/\/www.assent.com\/?page_id=50936"},"modified":"2023-12-01T00:54:00","modified_gmt":"2023-12-01T05:54:00","slug":"jamie-wallisch-3","status":"publish","type":"page","link":"https:\/\/www.assent.com\/fr\/capacites\/expertise\/jamie-wallisch\/","title":{"rendered":"Jamie Wallisch"},"content":{"rendered":"\n<div style=\"height:75px\" aria-hidden=\"true\" class=\"wp-block-spacer\"><\/div>\n\n\n\r\n<!-- WYSIWYG -->\r\n        <section class=\"wysiwyg-section\">\r\n            <div class=\"container\"><h1>Jamie Wallisch<\/h1>\n<p><img decoding=\"async\" class=\"wp-image-48178 size-medium alignright\" src=\"https:\/\/www.assent.com\/wp-content\/uploads\/2023\/03\/20230110_Assent_Headshots-Jamie-Wallisch-square-300x300.jpg\" alt=\"\" width=\"300\" height=\"300\" srcset=\"https:\/\/www.assent.com\/wp-content\/uploads\/2023\/03\/20230110_Assent_Headshots-Jamie-Wallisch-square-300x300.jpg 300w, https:\/\/www.assent.com\/wp-content\/uploads\/2023\/03\/20230110_Assent_Headshots-Jamie-Wallisch-square-150x150.jpg 150w, https:\/\/www.assent.com\/wp-content\/uploads\/2023\/03\/20230110_Assent_Headshots-Jamie-Wallisch-square-768x768.jpg 768w, https:\/\/www.assent.com\/wp-content\/uploads\/2023\/03\/20230110_Assent_Headshots-Jamie-Wallisch-square.jpg 900w\" sizes=\"(max-width: 300px) 100vw, 300px\" \/><\/p>\n<h6>Experte r\u00e9glementation et durabilit\u00e9, service ESG et approvisionnement responsable<\/h6>\n<p>Jamie aide les clients d\u2019Assent \u00e0 \u00e9valuer proactivement leurs supply chains quant aux questions de durabilit\u00e9, et les guide dans l\u2019application des r\u00e9glementations ESG en am\u00e9liorant la s\u00e9lection des fournisseurs. Elle met \u00e0 profit son exp\u00e9rience approfondie dans le domaine de l\u2019approvisionnement responsable, notamment son \u00e9troite collaboration avec le minist\u00e8re du Travail des \u00c9tats-Unis, pour apporter un \u00e9clairage sur les aspects ESG tels que les droits de l\u2019homme et le droit du travail, l\u2019impact sur le climat, les pr\u00e9occupations \u00e9thiques, l\u2019approvisionnement responsable et les tendances commerciales. Son travail chez Assent l\u2019a m\u00eame amen\u00e9e \u00e0 se rendre en R\u00e9publique d\u00e9mocratique du Congo pour comprendre l\u2019impact en aval sur les clients. Jamie a \u00e9galement \u00e9t\u00e9 nomm\u00e9e finaliste du prix Next Generation Leadership Award d\u00e9cern\u00e9 par le Manufacturing Leadership Council et est copr\u00e9sidente de la Social Responsibility Alliance pour 2024.<\/p>\n<p><a href=\"https:\/\/www.linkedin.com\/in\/jamie-wallisch-2863051b2\/\" target=\"_blank\" rel=\"noopener\">Se connecter avec Jamie sur LinkedIn<\/a><\/p>\n<p><a href=\"mailto:jamie.wallisch@assentcompliance.com\">Contactez Jamie par e-mail<\/a><\/p>\n<\/div>    \r\n        <\/section>\n\n\n<div style=\"height:75px\" aria-hidden=\"true\" class=\"wp-block-spacer\"><\/div>\n","protected":false},"excerpt":{"rendered":"<p>Meet Assent\u2019s regulatory compliance expert, Jamie Wallisch, Subject Matter Expert, Screening Solutions Analyst, CSR &#038; ESG.<\/p>\n","protected":false},"author":21,"featured_media":0,"parent":31083,"menu_order":0,"comment_status":"closed","ping_status":"closed","template":"","meta":{"_acf_changed":false,"footnotes":"","_links_to":"","_links_to_target":""},"categories":[],"class_list":["post-50936","page","type-page","status-publish","hentry"],"acf":[],"yoast_head":"<!-- This site is optimized with the Yoast SEO Premium plugin v26.6 (Yoast SEO v27.0) - https:\/\/yoast.com\/product\/yoast-seo-premium-wordpress\/ -->\n<title>Jamie Wallisch | Experte en r\u00e9glementation | Assent<\/title>\n<meta name=\"description\" content=\"Rencontrez Jamie Wallisch, Experte en RSE et crit\u00e8res ESG, et analyste de solutions de filtrage\" \/>\n<meta name=\"robots\" content=\"noindex, nofollow\" \/>\n<meta property=\"og:locale\" content=\"fr_FR\" \/>\n<meta property=\"og:type\" content=\"article\" \/>\n<meta property=\"og:title\" content=\"Jamie Wallisch\" \/>\n<meta property=\"og:description\" content=\"Rencontrez Jamie Wallisch, Experte en RSE et crit\u00e8res ESG, et analyste de solutions de filtrage\" \/>\n<meta property=\"og:url\" content=\"https:\/\/www.assent.com\/fr\/capacites\/expertise\/jamie-wallisch\/\" \/>\n<meta property=\"og:site_name\" content=\"Assent\" \/>\n<meta property=\"article:publisher\" content=\"https:\/\/www.facebook.com\/AssentCompliance\/\" \/>\n<meta property=\"article:modified_time\" content=\"2023-12-01T05:54:00+00:00\" \/>\n<meta name=\"twitter:card\" content=\"summary_large_image\" \/>\n<meta name=\"twitter:site\" content=\"@AssentGlobal\" \/>\n<script type=\"application\/ld+json\" class=\"yoast-schema-graph\">{\"@context\":\"https:\/\/schema.org\",\"@graph\":[{\"@type\":\"WebPage\",\"@id\":\"https:\/\/www.assent.com\/fr\/capacites\/expertise\/jamie-wallisch\/\",\"url\":\"https:\/\/www.assent.com\/fr\/capacites\/expertise\/jamie-wallisch\/\",\"name\":\"Jamie Wallisch | Experte en r\u00e9glementation | Assent\",\"isPartOf\":{\"@id\":\"https:\/\/www.assent.com\/fr\/#website\"},\"datePublished\":\"2023-05-12T17:56:36+00:00\",\"dateModified\":\"2023-12-01T05:54:00+00:00\",\"description\":\"Rencontrez Jamie Wallisch, Experte en RSE et crit\u00e8res ESG, et analyste de solutions de filtrage\",\"breadcrumb\":{\"@id\":\"https:\/\/www.assent.com\/fr\/capacites\/expertise\/jamie-wallisch\/#breadcrumb\"},\"inLanguage\":\"fr-FR\",\"potentialAction\":[{\"@type\":\"ReadAction\",\"target\":[\"https:\/\/www.assent.com\/fr\/capacites\/expertise\/jamie-wallisch\/\"]}]},{\"@type\":\"BreadcrumbList\",\"@id\":\"https:\/\/www.assent.com\/fr\/capacites\/expertise\/jamie-wallisch\/#breadcrumb\",\"itemListElement\":[{\"@type\":\"ListItem\",\"position\":1,\"name\":\"Home\",\"item\":\"https:\/\/www.assent.com\/fr\/\"},{\"@type\":\"ListItem\",\"position\":2,\"name\":\"Plateforme et Capacit\u00e9s\",\"item\":\"https:\/\/www.assent.com\/fr\/capacites\/\"},{\"@type\":\"ListItem\",\"position\":3,\"name\":\"Notre Expertise\",\"item\":\"https:\/\/www.assent.com\/fr\/capacites\/expertise\/\"},{\"@type\":\"ListItem\",\"position\":4,\"name\":\"Jamie Wallisch\"}]},{\"@type\":\"WebSite\",\"@id\":\"https:\/\/www.assent.com\/fr\/#website\",\"url\":\"https:\/\/www.assent.com\/fr\/\",\"name\":\"Assent\",\"description\":\"\",\"publisher\":{\"@id\":\"https:\/\/www.assent.com\/fr\/#organization\"},\"potentialAction\":[{\"@type\":\"SearchAction\",\"target\":{\"@type\":\"EntryPoint\",\"urlTemplate\":\"https:\/\/www.assent.com\/fr\/?s={search_term_string}\"},\"query-input\":{\"@type\":\"PropertyValueSpecification\",\"valueRequired\":true,\"valueName\":\"search_term_string\"}}],\"inLanguage\":\"fr-FR\"},{\"@type\":\"Organization\",\"@id\":\"https:\/\/www.assent.com\/fr\/#organization\",\"name\":\"Assent\",\"url\":\"https:\/\/www.assent.com\/fr\/\",\"logo\":{\"@type\":\"ImageObject\",\"inLanguage\":\"fr-FR\",\"@id\":\"https:\/\/www.assent.com\/fr\/#\/schema\/logo\/image\/\",\"url\":\"https:\/\/www.assent.com\/wp-content\/uploads\/2022\/01\/logo.svg\",\"contentUrl\":\"https:\/\/www.assent.com\/wp-content\/uploads\/2022\/01\/logo.svg\",\"width\":1,\"height\":1,\"caption\":\"Assent\"},\"image\":{\"@id\":\"https:\/\/www.assent.com\/fr\/#\/schema\/logo\/image\/\"},\"sameAs\":[\"https:\/\/www.facebook.com\/AssentCompliance\/\",\"https:\/\/x.com\/AssentGlobal\",\"https:\/\/www.linkedin.com\/company\/assent-compliance-inc\"]}]}<\/script>\n<!-- \/ Yoast SEO Premium plugin. -->","yoast_head_json":{"title":"Jamie Wallisch | Experte en r\u00e9glementation | Assent","description":"Rencontrez Jamie Wallisch, Experte en RSE et crit\u00e8res ESG, et analyste de solutions de filtrage","robots":{"index":"noindex","follow":"nofollow"},"og_locale":"fr_FR","og_type":"article","og_title":"Jamie Wallisch","og_description":"Rencontrez Jamie Wallisch, Experte en RSE et crit\u00e8res ESG, et analyste de solutions de filtrage","og_url":"https:\/\/www.assent.com\/fr\/capacites\/expertise\/jamie-wallisch\/","og_site_name":"Assent","article_publisher":"https:\/\/www.facebook.com\/AssentCompliance\/","article_modified_time":"2023-12-01T05:54:00+00:00","twitter_card":"summary_large_image","twitter_site":"@AssentGlobal","schema":{"@context":"https:\/\/schema.org","@graph":[{"@type":"WebPage","@id":"https:\/\/www.assent.com\/fr\/capacites\/expertise\/jamie-wallisch\/","url":"https:\/\/www.assent.com\/fr\/capacites\/expertise\/jamie-wallisch\/","name":"Jamie Wallisch | Experte en r\u00e9glementation | Assent","isPartOf":{"@id":"https:\/\/www.assent.com\/fr\/#website"},"datePublished":"2023-05-12T17:56:36+00:00","dateModified":"2023-12-01T05:54:00+00:00","description":"Rencontrez Jamie Wallisch, Experte en RSE et crit\u00e8res ESG, et analyste de solutions de filtrage","breadcrumb":{"@id":"https:\/\/www.assent.com\/fr\/capacites\/expertise\/jamie-wallisch\/#breadcrumb"},"inLanguage":"fr-FR","potentialAction":[{"@type":"ReadAction","target":["https:\/\/www.assent.com\/fr\/capacites\/expertise\/jamie-wallisch\/"]}]},{"@type":"BreadcrumbList","@id":"https:\/\/www.assent.com\/fr\/capacites\/expertise\/jamie-wallisch\/#breadcrumb","itemListElement":[{"@type":"ListItem","position":1,"name":"Home","item":"https:\/\/www.assent.com\/fr\/"},{"@type":"ListItem","position":2,"name":"Plateforme et Capacit\u00e9s","item":"https:\/\/www.assent.com\/fr\/capacites\/"},{"@type":"ListItem","position":3,"name":"Notre Expertise","item":"https:\/\/www.assent.com\/fr\/capacites\/expertise\/"},{"@type":"ListItem","position":4,"name":"Jamie Wallisch"}]},{"@type":"WebSite","@id":"https:\/\/www.assent.com\/fr\/#website","url":"https:\/\/www.assent.com\/fr\/","name":"Assent","description":"","publisher":{"@id":"https:\/\/www.assent.com\/fr\/#organization"},"potentialAction":[{"@type":"SearchAction","target":{"@type":"EntryPoint","urlTemplate":"https:\/\/www.assent.com\/fr\/?s={search_term_string}"},"query-input":{"@type":"PropertyValueSpecification","valueRequired":true,"valueName":"search_term_string"}}],"inLanguage":"fr-FR"},{"@type":"Organization","@id":"https:\/\/www.assent.com\/fr\/#organization","name":"Assent","url":"https:\/\/www.assent.com\/fr\/","logo":{"@type":"ImageObject","inLanguage":"fr-FR","@id":"https:\/\/www.assent.com\/fr\/#\/schema\/logo\/image\/","url":"https:\/\/www.assent.com\/wp-content\/uploads\/2022\/01\/logo.svg","contentUrl":"https:\/\/www.assent.com\/wp-content\/uploads\/2022\/01\/logo.svg","width":1,"height":1,"caption":"Assent"},"image":{"@id":"https:\/\/www.assent.com\/fr\/#\/schema\/logo\/image\/"},"sameAs":["https:\/\/www.facebook.com\/AssentCompliance\/","https:\/\/x.com\/AssentGlobal","https:\/\/www.linkedin.com\/company\/assent-compliance-inc"]}]}},"_links":{"self":[{"href":"https:\/\/www.assent.com\/fr\/wp-json\/wp\/v2\/pages\/50936","targetHints":{"allow":["GET"]}}],"collection":[{"href":"https:\/\/www.assent.com\/fr\/wp-json\/wp\/v2\/pages"}],"about":[{"href":"https:\/\/www.assent.com\/fr\/wp-json\/wp\/v2\/types\/page"}],"author":[{"embeddable":true,"href":"https:\/\/www.assent.com\/fr\/wp-json\/wp\/v2\/users\/21"}],"replies":[{"embeddable":true,"href":"https:\/\/www.assent.com\/fr\/wp-json\/wp\/v2\/comments?post=50936"}],"version-history":[{"count":0,"href":"https:\/\/www.assent.com\/fr\/wp-json\/wp\/v2\/pages\/50936\/revisions"}],"up":[{"embeddable":true,"href":"https:\/\/www.assent.com\/fr\/wp-json\/wp\/v2\/pages\/31083"}],"wp:attachment":[{"href":"https:\/\/www.assent.com\/fr\/wp-json\/wp\/v2\/media?parent=50936"}],"wp:term":[{"taxonomy":"category","embeddable":true,"href":"https:\/\/www.assent.com\/fr\/wp-json\/wp\/v2\/categories?post=50936"}],"curies":[{"name":"wp","href":"https:\/\/api.w.org\/{rel}","templated":true}]}}