{"id":39521,"date":"2022-09-14T11:14:16","date_gmt":"2022-09-14T15:14:16","guid":{"rendered":"https:\/\/www.assent.com\/?page_id=39521"},"modified":"2022-09-14T12:22:43","modified_gmt":"2022-09-14T16:22:43","slug":"demandez-une-demonstration-personnalisee-en-direct","status":"publish","type":"page","link":"https:\/\/www.assent.com\/fr\/demandez-une-demonstration-personnalisee-en-direct\/","title":{"rendered":"Demandez une d\u00e9monstration personnalis\u00e9e en direct"},"content":{"rendered":"\n<div style=\"height:100px\" aria-hidden=\"true\" class=\"wp-block-spacer\"><\/div>\n\n\n\r\n<!-- WYSIWYG -->\r\n        <section class=\"wysiwyg-section\">\r\n            <div class=\"container\"><h1 style=\"text-align: center;\">Demandez une d\u00e9monstration personnalis\u00e9e en direct<\/h1>\n<\/div>    \r\n        <\/section>\n\n\t<section class=\"two-column-form elem-viewport default  blue  \" >\n\t\t\n\t\t\t\t\n\t\t<div class=\"container\">\n\t\t\t<div class=\"row\">\n\t\t\t\t<div class=\"cell-lg-7 mb-lg-0 mb-30\">\n\t\t\t\t\t<div class=\"tcf-content bullet-check pr-xxl-90 pr-lg-30\">\n\t\t\t\t\t\t\t\t\t\t\t\t<H2>Pr\u00eats \u00e0 atteindre un niveau de durabilit\u00e9 \u00e9lev\u00e9 ? Parlez-en \u00e0 un expert.<\/H2>\t\t\t\t\t\t<div class=\"tcf-content-desc\"><p>Contactez-nous pour programmer une d\u00e9monstration personnalis\u00e9e de notre solution de durabilit\u00e9 de la supply chain. \u00c9changez avec un expert sur les solutions d&rsquo;Assent en mati\u00e8re d&rsquo;ESG, de conformit\u00e9 des produits et de conformit\u00e9 commerciale.<\/p>\n<\/div>\t\t\t\t\t\t\t\t\t\t\t<\/div>\n\t\t\t\t<\/div>\n\t\t\t\t<div class=\"cell-lg-5 d-lg-flex align-items-center\"> \n\t\t\t\t\t<div class=\"tcf-wrap pl-xl-50\">\n\t\t\t\t\t\t\t\t\t\t\t\t<input type=\"hidden\" id=\"form_nonce\" name=\"form_nonce\" value=\"a87728b97b\" \/><input type=\"hidden\" name=\"_wp_http_referer\" value=\"\/fr\/wp-json\/wp\/v2\/pages\/39521\" \/><!-- General Demo -->\r\n<style>\r\n.general-demo .form-field.city,\r\n.form--wrap .form-field.city{\r\n   position:absolute; \r\n   left:-9999px; \r\n   top: -9999px; \r\n   display:none;\r\n}\r\n<\/style>\r\n<form name=\"demoForm\" action=\"\/form-handler\" class=\"form--wrap general-demo\" data-handler=\"pardotForm3\" method=\"post\" data-formtype=\"demo\" onsubmit = \"return demoFunction(this);\" class=\"general-demo\" id=\"generaldemo\">\r\n  <p class=\"form-field  first_name pd-text required half\">      \r\n    <label class=\"field-label\" for=\"FirstName\">Pr\u00e9nom*<\/label>\r\n    <input type=\"text\" name=\"FirstName\" id=\"pardot_firstname\" value=\"\" class=\"text\" size=\"30\" maxlength=\"40\" onchange=\"\" onfocus=\"\" required=\"\"> \r\n  <\/p>\r\n      \r\n  <p class=\"form-field  last_name pd-text required half\">\r\n    <label class=\"field-label\" for=\"LastName\">Nom*<\/label>\r\n    <input type=\"text\" name=\"LastName\" id=\"pardot_lastname\" value=\"\" class=\"text\" size=\"30\" maxlength=\"80\" onchange=\"\" onfocus=\"\" required=\"\">\r\n  <\/p>\r\n\r\n  <p class=\"form-field  email pd-text required half\">\r\n    <label class=\"field-label\" for=\"Email\">E-mail professionnelle*<\/label>\r\n    <input type=\"email\" name=\"Email\" id=\"pardot_email\" value=\"\" class=\"text\" size=\"30\" maxlength=\"255\" onchange=\"\" onfocus=\"\" required=\"\">\r\n  <\/p>\r\n    \r\n  <p class=\"form-field  company pd-text required half\">\r\n    <label class=\"field-label\" for=\"Company\">Entreprise*<\/label>\r\n    <input type=\"text\" name=\"Company\" id=\"pardot_company\" value=\"\" class=\"text\" size=\"30\" maxlength=\"255\" onchange=\"\" onfocus=\"\" required=\"\">\r\n  <\/p>\r\n\r\n  <p class=\"form-field phone pd-text half\">\r\n    <label class=\"field-label\" for=\"Phone\">Num\u00e9ro de t\u00e9l\u00e9phone<\/label>\r\n    <input type=\"text\" name=\"Phone\" id=\"pardot_phone\" value=\"\" class=\"text\" size=\"30\" maxlength=\"255\" onchange=\"\" onfocus=\"\">\r\n  <\/p>\r\n\r\n  <p class=\"form-field  role pd-text required  half\">\r\n    <!-- <label class=\"field-label\" for=\"Job_Function\">Poste<\/label> -->\r\n    <select name=\"Job_Level__c\" id=\"pardot_role\" required>\r\n      <option value=\"\" selected disabled>Poste*<\/option>\r\n      <option value=\"Executive\">Ex\u00e9cutif<\/option>\r\n      <option value=\"C-Level\">Niveau C<\/option>\r\n      <option value=\"VP-Level\">Niveau VP<\/option>\r\n      <option value=\"Director\">Directeur<\/option>\r\n      <option value=\"Manager\">Gestionnaire<\/option>\r\n      <option value=\"Individual Contributor\">Contributeur individuel<\/option>\r\n      <option value=\"Other\">Autre<\/option>\r\n      <option value=\"Non-Manager\">Non-G\u00e9rant<\/option>\r\n    <\/select>\r\n  <\/p>\r\n\r\n  <p class=\"form-field  job_title pd-text required   half\">\r\n    <label class=\"field-label\" for=\"Title\">Intitul\u00e9 du post*<\/label>\r\n    <input type=\"text\" name=\"Title\" id=\"pardot_job_title\" value=\"\" class=\"text\" size=\"30\" maxlength=\"255\" onchange=\"\" onfocus=\"\" required=\"\">\r\n  <\/p>\r\n    \r\n  <p class=\"form-field  country pd-text form-field-primary half\">\r\n    <!-- <label class=\"field-label\" for=\"Country_L\">Pays<\/label> -->\r\n    <select name=\"Country\" id=\"pardot_country\" required>\r\n      <option value=\"\" selected disabled>Pays*<\/option>\r\n      <option value='Afghanistan'>Afghanistan<\/option>\r\n      <option value='Algeria'>Alg\u00e9rie<\/option>\r\n      <option value='Angola'>Angola<\/option>\r\n      <option value='Argentina'>Argentine<\/option>\r\n      <option value='Armenia'>Arm\u00e9nie<\/option>\r\n      <option value='Australia'>Australie<\/option>\r\n      <option value='Austria'>Autriche<\/option>\r\n      <option value='Bahamas'>Bahamas<\/option>\r\n      <option value='Bangladesh'>Bangladesh<\/option>\r\n      <option value='Belgium'>Belgique<\/option>\r\n      <option value='Belize'>Belize<\/option>\r\n      <option value='Benin'>B\u00e9nin<\/option>\r\n      <option value='Bermuda'>Bermudes<\/option>\r\n      <option value='Bolivia'>Bolivie<\/option>\r\n      <option value='Brazil'>Br\u00e9sil<\/option>\r\n      <option value='Bulgaria'>Bulgarie<\/option>\r\n      <option value='Cameroon'>Cameroun<\/option>\r\n      <option value='Canada'>Canada<\/option>\r\n      <option value='Chile'>Chili<\/option>\r\n      <option value='China'>Chine<\/option>\r\n      <option value='Colombia'>Colombie<\/option>\r\n      <option value='Congo'>Congo<\/option>\r\n      <option value='Costa Rica'>Costa Rica<\/option>\r\n      <option value='Croatia'>Croatie<\/option>\r\n      <option value='Cuba'>Cuba<\/option>\r\n      <option value='Cyprus'>Chypre<\/option>\r\n      <option value='Czech Republic'>R\u00e9publique tch\u00e8que<\/option>\r\n      <option value='Czechia'>Tch\u00e9quie<\/option>\r\n      <option value='Denmark'>Danemark<\/option>\r\n      <option value='Ecuador'>\u00c9quateur<\/option>\r\n      <option value='Egypt'>\u00c9gypte<\/option>\r\n      <option value='El Salvador'>Salvador<\/option>\r\n      <option value='Estonia'>Estonie<\/option>\r\n      <option value='Finland'>Finlande<\/option>\r\n      <option value='France'>France<\/option>\r\n      <option value='Germany'>Allemagne<\/option>\r\n      <option value='Ghana'>Ghana<\/option>\r\n      <option value='Greece'>Gr\u00e8ce<\/option>\r\n      <option value='Guatemala'>Guatemala<\/option>\r\n      <option value='Haiti'>Ha\u00efti<\/option>\r\n      <option value='Hong Kong'>Hong Kong<\/option>\r\n      <option value='Hungary'>Hongrie<\/option>\r\n      <option value='Iceland'>Islande<\/option>\r\n      <option value='India'>Inde<\/option>\r\n      <option value='Indonesia'>Indon\u00e9sie<\/option>\r\n      <option value='Iran'>Iran<\/option>\r\n      <option value='Ireland'>Irlande<\/option>\r\n      <option value='Israel'>Isra\u00ebl<\/option>\r\n      <option value='Italy'>Italie<\/option>\r\n      <option value='Jamaica'>Jama\u00efque<\/option>\r\n      <option value='Japan'>Japon<\/option>\r\n      <option value='Kazakhstan'>Kazakhstan<\/option>\r\n      <option value='Kenya'>Kenya<\/option>\r\n      <option value='Kuala Lumpur'>Kuala Lumpur<\/option>\r\n      <option value='Kuwait'>Kowe\u00eft<\/option>\r\n      <option value='Latvia'>Lettonie<\/option>\r\n      <option value='Lebanon'>Liban<\/option>\r\n      <option value='Libya'>Libye<\/option>\r\n      <option value='Liechtenstein'>Liechtenstein<\/option>\r\n      <option value='Lithuania'>Lituanie<\/option>\r\n      <option value='London'>Londres<\/option>\r\n      <option value='Luxembourg'>Luxembourg<\/option>\r\n      <option value='Macao'>Macao<\/option>\r\n      <option value='Madagascar'>Madagascar<\/option>\r\n      <option value='Malawi'>Malawi<\/option>\r\n      <option value='Malaysia'>Malaisie<\/option>\r\n      <option value='Mauritius'>\u00cele Maurice<\/option>\r\n      <option value='Mexico'>Mexique<\/option>\r\n      <option value='Mongolia'>Mongolie<\/option>\r\n      <option value='Morocco'>Maroc<\/option>\r\n      <option value='Netherlands'>Pays-Bas<\/option>\r\n      <option value='New Zealand'>Nouvelle-Z\u00e9lande<\/option>\r\n      <option value='Nicaragua'>Nicaragua<\/option>\r\n      <option value='Nigeria'>Nigeria<\/option>\r\n      <option value='Norway'>Norv\u00e8ge<\/option>\r\n      <option value='Oman'>Oman<\/option>\r\n      <option value='Pakistan'>Pakistan<\/option>\r\n      <option value='Panama'>Panama<\/option>\r\n      <option value='Papua New Guinea'>Papouasie-Nouvelle-Guin\u00e9e<\/option>\r\n      <option value='Paraguay'>Paraguay<\/option>\r\n      <option value='Peru'>P\u00e9rou<\/option>\r\n      <option value='Philippines'>Philippines<\/option>\r\n      <option value='Poland'>Pologne<\/option>\r\n      <option value='Portugal'>Portugal<\/option>\r\n      <option value='Qatar'>Qatar<\/option>\r\n      <option value='Romania'>Roumanie<\/option>\r\n      <option value='Russia'>Russie<\/option>\r\n      <option value='Russian Federation'>F\u00e9d\u00e9ration de Russie<\/option>\r\n      <option value='Saint Kitts and Nevis'>Saint-Christophe-et-Ni\u00e9v\u00e8s<\/option>\r\n      <option value='Saudi Arabia'>Arabie saoudite<\/option>\r\n      <option value='Senegal'>S\u00e9n\u00e9gal<\/option>\r\n      <option value='Slovakia'>Slovaquie<\/option>\r\n      <option value='Slovenia'>Slov\u00e9nie<\/option>\r\n      <option value='South Africa'>Afrique du Sud<\/option>\r\n      <option value='South Korea'>Cor\u00e9e du Sud<\/option>\r\n      <option value='Spain'>Espagne<\/option>\r\n      <option value='Sri Lanka'>Sri Lanka<\/option>\r\n      <option value='Suriname'>Suriname<\/option>\r\n      <option value='Sweden'>Su\u00e8de<\/option>\r\n      <option value='Switzerland'>Suisse<\/option>\r\n      <option value='Syria'>Syrie<\/option>\r\n      <option value='Taiwan'>Ta\u00efwan<\/option>\r\n      <option value='Tanzania'>Tanzanie<\/option>\r\n      <option value='Thailand'>Tha\u00eflande<\/option>\r\n      <option value='Trinidad and Tobago'>Trinit\u00e9-et-Tobago<\/option>\r\n      <option value='Tunisia'>Tunisie<\/option>\r\n      <option value='Turkey'>Turquie<\/option>\r\n      <option value='Uganda'>Ouganda<\/option>\r\n      <option value='Ukraine'>Ukraine<\/option>\r\n      <option value='United Arab Emirates'>\u00c9mirats arabes unis<\/option>\r\n      <option value='United Kingdom'>Royaume-Uni<\/option>\r\n      <option value='United States of America'>\u00c9tats-Unis d&rsquo;Am\u00e9rique<\/option>\r\n      <option value='Uzbekistan'>Ouzb\u00e9kistan<\/option>\r\n      <option value='Vietnam'>Vietnam<\/option>\r\n      <option value='Zambia'>Zambie<\/option>\r\n      <option value='Zimbabwe'>Zimbabwe<\/option>\r\n    <\/select>\r\n  <\/p>\r\n<p class=\"form-field city\">\r\n    <label class=\"field-label\" for=\"pardot_extra_field\">City<\/label>\r\n    <input class=\"text\" type=\"text\" id=\"pardot_extra_field\" name=\"pardot_extra_field\">\r\n<\/p>\r\n      \r\n  <p class=\"form-field  utm_campaign pd-hidden  hidden   \">\r\n    <input type=\"hidden\" name=\"utm_campaign\" id=\"pardot_utm_campaign\" value=\"\">\r\n  <\/p>\r\n      \r\n  <p class=\"form-field  utm_medium pd-hidden  hidden   \">\r\n    <input type=\"hidden\" name=\"utm_medium\" id=\"pardot_utm_medium\" value=\"\">\r\n  <\/p>\r\n      \r\n  <p class=\"form-field  utm_source pd-hidden  hidden   \">\r\n    <input type=\"hidden\" name=\"utm_source\" id=\"pardot_utm_source\" value=\"\">\r\n  <\/p>\r\n\r\n  <p class=\"form-field  utm_term pd-hidden  hidden   \">\r\n    <input type=\"hidden\" name=\"utm_term\" id=\"pardot_utm_term\" value=\"\">\r\n  <\/p>\r\n\r\n  <p class=\"form-field  utm_region pd-hidden  hidden   \">\r\n    <input type=\"hidden\" name=\"utm_region\" id=\"pardot_utm_region\" value=\"\">\r\n  <\/p>\r\n\r\n  <p class=\"form-field  utm_channel pd-hidden  hidden   \">\r\n    <input type=\"hidden\" name=\"utm_channel\" id=\"pardot_utm_channel\" value=\"\">\r\n  <\/p>\r\n\r\n  <p class=\"form-field  utm_content pd-hidden  hidden   \">\r\n    <input type=\"hidden\" name=\"utm_content\" id=\"pardot_utm_content\" value=\"\">\r\n  <\/p>\r\n\r\n  <p class=\"form-field  referring-page pd-hidden  hidden   \">\r\n    <input type=\"hidden\" name=\"ReferringPage\" id=\"pardot_referring_page\" value=\"\">\r\n  <\/p>\r\n\r\n  <p class=\"form-field consent-stmt\">\r\n    <span>En envoyant ce formulaire, j\u2019accepte d\u2019\u00eatre contact\u00e9(e) par Assent, ce qui implique la r\u00e9ception de son newsletter et d\u2019autres messages promotionnels par e-mail, conform\u00e9ment \u00e0 la <a href=\"https:\/\/www.assent.com\/fr\/confidentialite\/\" target=\"_blank\">Politique de confidentialit\u00e9 d\u2019Assent<\/a>.<\/span>\r\n  <\/p>\r\n    \r\n  <!-- forces IE5-8 to correctly submit UTF8 content  -->\r\n  <input name=\"_utf8\" type=\"hidden\" value=\"\u2603\">\r\n  <p class=\"submit\">\r\n    <input type=\"submit\" accesskey=\"s\" value=\"Envoyer\" id=\"btn-submit\">\r\n  <\/p>\r\n  \r\n<input type=\"hidden\" name=\"form_validation\" value=\"WjlVbG52ckhoeGo4RVN4UjdYYythZWp5eVVoc3FuMWlYQVo5Zm0zQzNCdnBwZlFtUjcwczQwcjMvTS92TlpnQnVtUFVVQnBmUUU5empDK204OGVYSGc9PTo6qjhLmXvPczp9X8dY6YrtgA==\" \/><input type=\"hidden\" id=\"form_nonce\" name=\"form_nonce\" value=\"a87728b97b\" \/><input type=\"hidden\" name=\"_wp_http_referer\" value=\"\/fr\/wp-json\/wp\/v2\/pages\/39521\" \/><\/form>\t\t\t\t\t<\/div> \n\t\t\t\t\t\n\t\t\t\t\t\t\t\t\t<\/div>\n\t\t\t<\/div>\n\t\t<\/div>\n\t<\/section>\n\n<script type=\"text\/javascript\">\n    (function() {\n        \/\/ Retrieve the form action URL parameter from the query string\n        const urlParams = new URLSearchParams(window.location.search);\n        const formActionParam = urlParams.get('form_action');\n        const form = document.querySelector('.two-column-form.book-a-demo');\n\n        \/\/ Update the action attribute of the forms on this page\n        if (form && formActionParam) {\n            const formHandler = form.querySelector('input[name=\"form_validation\"]');\n\n            if (formHandler) {\n                formHandler.value = formActionParam;\n            }\n        }\n    }());\n<\/script>\n","protected":false},"excerpt":{"rendered":"","protected":false},"author":21,"featured_media":0,"parent":0,"menu_order":0,"comment_status":"closed","ping_status":"closed","template":"","meta":{"_acf_changed":false,"footnotes":"","_links_to":"","_links_to_target":""},"categories":[],"class_list":["post-39521","page","type-page","status-publish","hentry"],"acf":[],"yoast_head":"<!-- This site is optimized with the Yoast SEO Premium plugin v26.6 (Yoast SEO v27.0) - https:\/\/yoast.com\/product\/yoast-seo-premium-wordpress\/ -->\n<title>Demandez une d\u00e9monstration personnalis\u00e9e en direct | Assent<\/title>\n<meta name=\"robots\" content=\"index, follow, max-snippet:-1, max-image-preview:large, max-video-preview:-1\" \/>\n<link rel=\"canonical\" href=\"https:\/\/www.assent.com\/fr\/demandez-une-demonstration-personnalisee-en-direct\/\" \/>\n<meta property=\"og:locale\" content=\"fr_FR\" \/>\n<meta property=\"og:type\" content=\"article\" \/>\n<meta property=\"og:title\" content=\"Demandez une d\u00e9monstration personnalis\u00e9e en direct\" \/>\n<meta property=\"og:url\" content=\"https:\/\/www.assent.com\/fr\/demandez-une-demonstration-personnalisee-en-direct\/\" \/>\n<meta property=\"og:site_name\" content=\"Assent\" \/>\n<meta property=\"article:publisher\" content=\"https:\/\/www.facebook.com\/AssentCompliance\/\" \/>\n<meta property=\"article:modified_time\" content=\"2022-09-14T16:22:43+00:00\" \/>\n<meta name=\"twitter:card\" content=\"summary_large_image\" \/>\n<meta name=\"twitter:site\" content=\"@AssentGlobal\" \/>\n<script type=\"application\/ld+json\" class=\"yoast-schema-graph\">{\"@context\":\"https:\/\/schema.org\",\"@graph\":[{\"@type\":\"WebPage\",\"@id\":\"https:\/\/www.assent.com\/fr\/demandez-une-demonstration-personnalisee-en-direct\/\",\"url\":\"https:\/\/www.assent.com\/fr\/demandez-une-demonstration-personnalisee-en-direct\/\",\"name\":\"Demandez une d\u00e9monstration personnalis\u00e9e en direct | Assent\",\"isPartOf\":{\"@id\":\"https:\/\/www.assent.com\/fr\/#website\"},\"datePublished\":\"2022-09-14T15:14:16+00:00\",\"dateModified\":\"2022-09-14T16:22:43+00:00\",\"breadcrumb\":{\"@id\":\"https:\/\/www.assent.com\/fr\/demandez-une-demonstration-personnalisee-en-direct\/#breadcrumb\"},\"inLanguage\":\"fr-FR\",\"potentialAction\":[{\"@type\":\"ReadAction\",\"target\":[\"https:\/\/www.assent.com\/fr\/demandez-une-demonstration-personnalisee-en-direct\/\"]}]},{\"@type\":\"BreadcrumbList\",\"@id\":\"https:\/\/www.assent.com\/fr\/demandez-une-demonstration-personnalisee-en-direct\/#breadcrumb\",\"itemListElement\":[{\"@type\":\"ListItem\",\"position\":1,\"name\":\"Home\",\"item\":\"https:\/\/www.assent.com\/fr\/\"},{\"@type\":\"ListItem\",\"position\":2,\"name\":\"Demandez une d\u00e9monstration personnalis\u00e9e en direct\"}]},{\"@type\":\"WebSite\",\"@id\":\"https:\/\/www.assent.com\/fr\/#website\",\"url\":\"https:\/\/www.assent.com\/fr\/\",\"name\":\"Assent\",\"description\":\"\",\"publisher\":{\"@id\":\"https:\/\/www.assent.com\/fr\/#organization\"},\"potentialAction\":[{\"@type\":\"SearchAction\",\"target\":{\"@type\":\"EntryPoint\",\"urlTemplate\":\"https:\/\/www.assent.com\/fr\/?s={search_term_string}\"},\"query-input\":{\"@type\":\"PropertyValueSpecification\",\"valueRequired\":true,\"valueName\":\"search_term_string\"}}],\"inLanguage\":\"fr-FR\"},{\"@type\":\"Organization\",\"@id\":\"https:\/\/www.assent.com\/fr\/#organization\",\"name\":\"Assent\",\"url\":\"https:\/\/www.assent.com\/fr\/\",\"logo\":{\"@type\":\"ImageObject\",\"inLanguage\":\"fr-FR\",\"@id\":\"https:\/\/www.assent.com\/fr\/#\/schema\/logo\/image\/\",\"url\":\"https:\/\/www.assent.com\/wp-content\/uploads\/2022\/01\/logo.svg\",\"contentUrl\":\"https:\/\/www.assent.com\/wp-content\/uploads\/2022\/01\/logo.svg\",\"width\":1,\"height\":1,\"caption\":\"Assent\"},\"image\":{\"@id\":\"https:\/\/www.assent.com\/fr\/#\/schema\/logo\/image\/\"},\"sameAs\":[\"https:\/\/www.facebook.com\/AssentCompliance\/\",\"https:\/\/x.com\/AssentGlobal\",\"https:\/\/www.linkedin.com\/company\/assent-compliance-inc\"]}]}<\/script>\n<!-- \/ Yoast SEO Premium plugin. -->","yoast_head_json":{"title":"Demandez une d\u00e9monstration personnalis\u00e9e en direct | Assent","robots":{"index":"index","follow":"follow","max-snippet":"max-snippet:-1","max-image-preview":"max-image-preview:large","max-video-preview":"max-video-preview:-1"},"canonical":"https:\/\/www.assent.com\/fr\/demandez-une-demonstration-personnalisee-en-direct\/","og_locale":"fr_FR","og_type":"article","og_title":"Demandez une d\u00e9monstration personnalis\u00e9e en direct","og_url":"https:\/\/www.assent.com\/fr\/demandez-une-demonstration-personnalisee-en-direct\/","og_site_name":"Assent","article_publisher":"https:\/\/www.facebook.com\/AssentCompliance\/","article_modified_time":"2022-09-14T16:22:43+00:00","twitter_card":"summary_large_image","twitter_site":"@AssentGlobal","schema":{"@context":"https:\/\/schema.org","@graph":[{"@type":"WebPage","@id":"https:\/\/www.assent.com\/fr\/demandez-une-demonstration-personnalisee-en-direct\/","url":"https:\/\/www.assent.com\/fr\/demandez-une-demonstration-personnalisee-en-direct\/","name":"Demandez une d\u00e9monstration personnalis\u00e9e en direct | Assent","isPartOf":{"@id":"https:\/\/www.assent.com\/fr\/#website"},"datePublished":"2022-09-14T15:14:16+00:00","dateModified":"2022-09-14T16:22:43+00:00","breadcrumb":{"@id":"https:\/\/www.assent.com\/fr\/demandez-une-demonstration-personnalisee-en-direct\/#breadcrumb"},"inLanguage":"fr-FR","potentialAction":[{"@type":"ReadAction","target":["https:\/\/www.assent.com\/fr\/demandez-une-demonstration-personnalisee-en-direct\/"]}]},{"@type":"BreadcrumbList","@id":"https:\/\/www.assent.com\/fr\/demandez-une-demonstration-personnalisee-en-direct\/#breadcrumb","itemListElement":[{"@type":"ListItem","position":1,"name":"Home","item":"https:\/\/www.assent.com\/fr\/"},{"@type":"ListItem","position":2,"name":"Demandez une d\u00e9monstration personnalis\u00e9e en direct"}]},{"@type":"WebSite","@id":"https:\/\/www.assent.com\/fr\/#website","url":"https:\/\/www.assent.com\/fr\/","name":"Assent","description":"","publisher":{"@id":"https:\/\/www.assent.com\/fr\/#organization"},"potentialAction":[{"@type":"SearchAction","target":{"@type":"EntryPoint","urlTemplate":"https:\/\/www.assent.com\/fr\/?s={search_term_string}"},"query-input":{"@type":"PropertyValueSpecification","valueRequired":true,"valueName":"search_term_string"}}],"inLanguage":"fr-FR"},{"@type":"Organization","@id":"https:\/\/www.assent.com\/fr\/#organization","name":"Assent","url":"https:\/\/www.assent.com\/fr\/","logo":{"@type":"ImageObject","inLanguage":"fr-FR","@id":"https:\/\/www.assent.com\/fr\/#\/schema\/logo\/image\/","url":"https:\/\/www.assent.com\/wp-content\/uploads\/2022\/01\/logo.svg","contentUrl":"https:\/\/www.assent.com\/wp-content\/uploads\/2022\/01\/logo.svg","width":1,"height":1,"caption":"Assent"},"image":{"@id":"https:\/\/www.assent.com\/fr\/#\/schema\/logo\/image\/"},"sameAs":["https:\/\/www.facebook.com\/AssentCompliance\/","https:\/\/x.com\/AssentGlobal","https:\/\/www.linkedin.com\/company\/assent-compliance-inc"]}]}},"_links":{"self":[{"href":"https:\/\/www.assent.com\/fr\/wp-json\/wp\/v2\/pages\/39521","targetHints":{"allow":["GET"]}}],"collection":[{"href":"https:\/\/www.assent.com\/fr\/wp-json\/wp\/v2\/pages"}],"about":[{"href":"https:\/\/www.assent.com\/fr\/wp-json\/wp\/v2\/types\/page"}],"author":[{"embeddable":true,"href":"https:\/\/www.assent.com\/fr\/wp-json\/wp\/v2\/users\/21"}],"replies":[{"embeddable":true,"href":"https:\/\/www.assent.com\/fr\/wp-json\/wp\/v2\/comments?post=39521"}],"version-history":[{"count":0,"href":"https:\/\/www.assent.com\/fr\/wp-json\/wp\/v2\/pages\/39521\/revisions"}],"wp:attachment":[{"href":"https:\/\/www.assent.com\/fr\/wp-json\/wp\/v2\/media?parent=39521"}],"wp:term":[{"taxonomy":"category","embeddable":true,"href":"https:\/\/www.assent.com\/fr\/wp-json\/wp\/v2\/categories?post=39521"}],"curies":[{"name":"wp","href":"https:\/\/api.w.org\/{rel}","templated":true}]}}