{"id":35996,"date":"2022-07-18T17:44:21","date_gmt":"2022-07-18T21:44:21","guid":{"rendered":"https:\/\/www.assent.com\/?page_id=35996"},"modified":"2022-08-10T11:55:30","modified_gmt":"2022-08-10T15:55:30","slug":"contact-remerciements","status":"publish","type":"page","link":"https:\/\/www.assent.com\/fr\/contact-remerciements\/","title":{"rendered":"Contact Remerciements"},"content":{"rendered":"<!-- banner area part -->\n        <section class=\"generic-hero  fog   \" ><div class=\"gh-right-triangles\"><\/div><div class=\"row hero-wrap\">\n                <div class=\"cell-7 hero-left\"><div class=\"hero-left-inner d-flex align-items-center\"><div class=\"gh-content\"><h1 class=\"h1\">Merci de nous avoir contact\u00e9s<\/h1><p>Nous avons bien re\u00e7u vos coordonn\u00e9es et vous contacterons sous peu.<\/p>\n<div class=\"btn-wrap\"><a href=\"\/fr\/\" class=\"btn \" target=\"\">Revenir \u00e0 la page d&rsquo;accueil<\/a><\/div><\/div><\/div>\n                <\/div><\/div>\n        <\/section>\n\n\n<div style=\"height:75px\" aria-hidden=\"true\" class=\"wp-block-spacer\"><\/div>\n\n\n<section class=\"related-resource-comp classic\" >\n    <div class=\"container\">\n        <div class=\"sec-heading text-center\"><h2>Derni\u00e8res informations<\/h2><div class=\"desc\">D\u00e9couvrez les derni\u00e8res nouvelles, ressources et nouveaux webinaires de notre \u00e9quipe d&rsquo;experts en r\u00e9glementation.<\/div><\/div><div class=\"row-wrapper\"><div class=\"row justify-content-center\"><div class=\"cell-lg-4 cell-sm-6 resource\"><div class=\"resource-inner\"><figure><a href=\"https:\/\/www.assent.com\/fr\/resources\/quatre-nouveaux-phtalates\/\" aria-label=\"Quatre nouveaux phtalates\"><img decoding=\"async\" src=\"https:\/\/www.assent.com\/wp-content\/uploads\/2022\/07\/Four-New-Phthalates-img-1.jpg\" alt=\"\"><\/a><\/figure><div class=\"desc\"><div class=\"desc-inner\"><div class=\"cat-and-name\"><span class=\"cat\"><a class=\"cat-link\" href=\"https:\/\/www.assent.com\/fr\/category\/livre-blanc\/\">Livre blanc<\/a><\/span><\/div><h4><a href=\"https:\/\/www.assent.com\/fr\/resources\/quatre-nouveaux-phtalates\/\">Quatre nouveaux phtalates<\/a><\/h4><p>Pour en savoir plus sur la fa\u00e7on dont ces quatre nouvelles substances affectent les exigences de conformit\u00e9 de la directive RoHS, t\u00e9l\u00e9chargez notre livre bl &#8230;<\/p><p class=\"resource-cta-wrapper\"><a href=\"https:\/\/www.assent.com\/fr\/resources\/quatre-nouveaux-phtalates\/\">En savoir plus<\/a><\/p><\/div><\/div><\/div><\/div><div class=\"cell-lg-4 cell-sm-6 resource\"><div class=\"resource-inner\"><figure><a href=\"https:\/\/www.assent.com\/fr\/ressources\/manuel\/surmonter-le-defi-des-donnees-de-la-chaine-dapprovisionnement\/\" aria-label=\"Surmonter le d\u00e9fi des donn\u00e9es de la cha\u00eene d&rsquo;approvisionnement\"><img decoding=\"async\" src=\"https:\/\/www.assent.com\/wp-content\/uploads\/2022\/02\/Responsible-Minerals-Tools-for-Compliance-With-the-EU-Conflict-Minerals-Regulation.jpeg\" alt=\"\"><\/a><\/figure><div class=\"desc\"><div class=\"desc-inner\"><div class=\"cat-and-name\"><span class=\"cat\"><a class=\"cat-link\" href=\"https:\/\/www.assent.com\/fr\/category\/manuel\/\">Manuel<\/a><\/span><\/div><h4><a href=\"https:\/\/www.assent.com\/fr\/ressources\/manuel\/surmonter-le-defi-des-donnees-de-la-chaine-dapprovisionnement\/\">Surmonter le d\u00e9fi des donn\u00e9es de la cha\u00eene d&rsquo;approvisionnement<\/a><\/h4><p>Pour g\u00e9rer les donn\u00e9es de la supply chain dans un environnement r\u00e9glementaire dynamique, il est n\u00e9cessaire de faire appel \u00e0 un programme capable de s&rsquo;adapt &#8230;<\/p><p class=\"resource-cta-wrapper\"><a href=\"https:\/\/www.assent.com\/fr\/ressources\/manuel\/surmonter-le-defi-des-donnees-de-la-chaine-dapprovisionnement\/\">En savoir plus<\/a><\/p><\/div><\/div><\/div><\/div><div class=\"cell-lg-4 cell-sm-6 resource\"><div class=\"resource-inner\"><figure><a href=\"https:\/\/www.assent.com\/fr\/resources\/le-manuel-sur-les-minerais-de-conflit-votre-guide-vers-la-conformite\/\" aria-label=\"Le manuel sur les minerais de conflit\u00a0: Votre guide vers la conformit\u00e9\"><img decoding=\"async\" src=\"https:\/\/www.assent.com\/wp-content\/uploads\/2022\/07\/Responsible-Due-Diligence-Meeting-Your-EU-Conflict-Minerals-Requirements-150x150-1.jpeg\" alt=\"\"><\/a><\/figure><div class=\"desc\"><div class=\"desc-inner\"><div class=\"cat-and-name\"><span class=\"cat\"><a class=\"cat-link\" href=\"https:\/\/www.assent.com\/fr\/category\/guide-fr\/\">Guide<\/a><\/span><\/div><h4><a href=\"https:\/\/www.assent.com\/fr\/resources\/le-manuel-sur-les-minerais-de-conflit-votre-guide-vers-la-conformite\/\">Le manuel sur les minerais de conflit\u00a0: Votre guide vers la conformit\u00e9<\/a><\/h4><p>La conformit\u00e9 en mati\u00e8re de minerais de conflit n\u2019est pas seulement motiv\u00e9e par des obligations l\u00e9gales. Outre la loi Dodd-Frank et le r\u00e8glement UE sur l &#8230;<\/p><p class=\"resource-cta-wrapper\"><a href=\"https:\/\/www.assent.com\/fr\/resources\/le-manuel-sur-les-minerais-de-conflit-votre-guide-vers-la-conformite\/\">En savoir plus<\/a><\/p><\/div><\/div><\/div><\/div><\/div><\/div><\/div>\n<\/section>\n\n\n<div style=\"height:75px\" aria-hidden=\"true\" class=\"wp-block-spacer\"><\/div>\n","protected":false},"excerpt":{"rendered":"","protected":false},"author":21,"featured_media":0,"parent":0,"menu_order":0,"comment_status":"closed","ping_status":"closed","template":"","meta":{"_acf_changed":false,"footnotes":"","_links_to":"","_links_to_target":""},"categories":[],"class_list":["post-35996","page","type-page","status-publish","hentry"],"acf":[],"yoast_head":"<!-- This site is optimized with the Yoast SEO Premium plugin v26.6 (Yoast SEO v27.0) - https:\/\/yoast.com\/product\/yoast-seo-premium-wordpress\/ -->\n<title>Contact Remerciements | Assent<\/title>\n<meta name=\"robots\" content=\"index, follow, max-snippet:-1, max-image-preview:large, max-video-preview:-1\" \/>\n<link rel=\"canonical\" href=\"https:\/\/www.assent.com\/fr\/contact-remerciements\/\" \/>\n<meta property=\"og:locale\" content=\"fr_FR\" \/>\n<meta property=\"og:type\" content=\"article\" \/>\n<meta property=\"og:title\" content=\"Contact Remerciements\" \/>\n<meta property=\"og:url\" content=\"https:\/\/www.assent.com\/fr\/contact-remerciements\/\" \/>\n<meta property=\"og:site_name\" content=\"Assent\" \/>\n<meta property=\"article:publisher\" content=\"https:\/\/www.facebook.com\/AssentCompliance\/\" \/>\n<meta property=\"article:modified_time\" content=\"2022-08-10T15:55:30+00:00\" \/>\n<meta name=\"twitter:card\" content=\"summary_large_image\" \/>\n<meta name=\"twitter:site\" content=\"@AssentGlobal\" \/>\n<script type=\"application\/ld+json\" class=\"yoast-schema-graph\">{\"@context\":\"https:\/\/schema.org\",\"@graph\":[{\"@type\":\"WebPage\",\"@id\":\"https:\/\/www.assent.com\/fr\/contact-remerciements\/\",\"url\":\"https:\/\/www.assent.com\/fr\/contact-remerciements\/\",\"name\":\"Contact Remerciements | Assent\",\"isPartOf\":{\"@id\":\"https:\/\/www.assent.com\/fr\/#website\"},\"datePublished\":\"2022-07-18T21:44:21+00:00\",\"dateModified\":\"2022-08-10T15:55:30+00:00\",\"breadcrumb\":{\"@id\":\"https:\/\/www.assent.com\/fr\/contact-remerciements\/#breadcrumb\"},\"inLanguage\":\"fr-FR\",\"potentialAction\":[{\"@type\":\"ReadAction\",\"target\":[\"https:\/\/www.assent.com\/fr\/contact-remerciements\/\"]}]},{\"@type\":\"BreadcrumbList\",\"@id\":\"https:\/\/www.assent.com\/fr\/contact-remerciements\/#breadcrumb\",\"itemListElement\":[{\"@type\":\"ListItem\",\"position\":1,\"name\":\"Home\",\"item\":\"https:\/\/www.assent.com\/fr\/accueil\/\"},{\"@type\":\"ListItem\",\"position\":2,\"name\":\"Contact Remerciements\"}]},{\"@type\":\"WebSite\",\"@id\":\"https:\/\/www.assent.com\/fr\/#website\",\"url\":\"https:\/\/www.assent.com\/fr\/\",\"name\":\"Assent\",\"description\":\"\",\"publisher\":{\"@id\":\"https:\/\/www.assent.com\/fr\/#organization\"},\"potentialAction\":[{\"@type\":\"SearchAction\",\"target\":{\"@type\":\"EntryPoint\",\"urlTemplate\":\"https:\/\/www.assent.com\/fr\/?s={search_term_string}\"},\"query-input\":{\"@type\":\"PropertyValueSpecification\",\"valueRequired\":true,\"valueName\":\"search_term_string\"}}],\"inLanguage\":\"fr-FR\"},{\"@type\":\"Organization\",\"@id\":\"https:\/\/www.assent.com\/fr\/#organization\",\"name\":\"Assent\",\"url\":\"https:\/\/www.assent.com\/fr\/\",\"logo\":{\"@type\":\"ImageObject\",\"inLanguage\":\"fr-FR\",\"@id\":\"https:\/\/www.assent.com\/fr\/#\/schema\/logo\/image\/\",\"url\":\"https:\/\/www.assent.com\/wp-content\/uploads\/2022\/01\/logo.svg\",\"contentUrl\":\"https:\/\/www.assent.com\/wp-content\/uploads\/2022\/01\/logo.svg\",\"width\":1,\"height\":1,\"caption\":\"Assent\"},\"image\":{\"@id\":\"https:\/\/www.assent.com\/fr\/#\/schema\/logo\/image\/\"},\"sameAs\":[\"https:\/\/www.facebook.com\/AssentCompliance\/\",\"https:\/\/x.com\/AssentGlobal\",\"https:\/\/www.linkedin.com\/company\/assent-compliance-inc\"]}]}<\/script>\n<!-- \/ Yoast SEO Premium plugin. -->","yoast_head_json":{"title":"Contact Remerciements | Assent","robots":{"index":"index","follow":"follow","max-snippet":"max-snippet:-1","max-image-preview":"max-image-preview:large","max-video-preview":"max-video-preview:-1"},"canonical":"https:\/\/www.assent.com\/fr\/contact-remerciements\/","og_locale":"fr_FR","og_type":"article","og_title":"Contact Remerciements","og_url":"https:\/\/www.assent.com\/fr\/contact-remerciements\/","og_site_name":"Assent","article_publisher":"https:\/\/www.facebook.com\/AssentCompliance\/","article_modified_time":"2022-08-10T15:55:30+00:00","twitter_card":"summary_large_image","twitter_site":"@AssentGlobal","schema":{"@context":"https:\/\/schema.org","@graph":[{"@type":"WebPage","@id":"https:\/\/www.assent.com\/fr\/contact-remerciements\/","url":"https:\/\/www.assent.com\/fr\/contact-remerciements\/","name":"Contact Remerciements | Assent","isPartOf":{"@id":"https:\/\/www.assent.com\/fr\/#website"},"datePublished":"2022-07-18T21:44:21+00:00","dateModified":"2022-08-10T15:55:30+00:00","breadcrumb":{"@id":"https:\/\/www.assent.com\/fr\/contact-remerciements\/#breadcrumb"},"inLanguage":"fr-FR","potentialAction":[{"@type":"ReadAction","target":["https:\/\/www.assent.com\/fr\/contact-remerciements\/"]}]},{"@type":"BreadcrumbList","@id":"https:\/\/www.assent.com\/fr\/contact-remerciements\/#breadcrumb","itemListElement":[{"@type":"ListItem","position":1,"name":"Home","item":"https:\/\/www.assent.com\/fr\/accueil\/"},{"@type":"ListItem","position":2,"name":"Contact Remerciements"}]},{"@type":"WebSite","@id":"https:\/\/www.assent.com\/fr\/#website","url":"https:\/\/www.assent.com\/fr\/","name":"Assent","description":"","publisher":{"@id":"https:\/\/www.assent.com\/fr\/#organization"},"potentialAction":[{"@type":"SearchAction","target":{"@type":"EntryPoint","urlTemplate":"https:\/\/www.assent.com\/fr\/?s={search_term_string}"},"query-input":{"@type":"PropertyValueSpecification","valueRequired":true,"valueName":"search_term_string"}}],"inLanguage":"fr-FR"},{"@type":"Organization","@id":"https:\/\/www.assent.com\/fr\/#organization","name":"Assent","url":"https:\/\/www.assent.com\/fr\/","logo":{"@type":"ImageObject","inLanguage":"fr-FR","@id":"https:\/\/www.assent.com\/fr\/#\/schema\/logo\/image\/","url":"https:\/\/www.assent.com\/wp-content\/uploads\/2022\/01\/logo.svg","contentUrl":"https:\/\/www.assent.com\/wp-content\/uploads\/2022\/01\/logo.svg","width":1,"height":1,"caption":"Assent"},"image":{"@id":"https:\/\/www.assent.com\/fr\/#\/schema\/logo\/image\/"},"sameAs":["https:\/\/www.facebook.com\/AssentCompliance\/","https:\/\/x.com\/AssentGlobal","https:\/\/www.linkedin.com\/company\/assent-compliance-inc"]}]}},"_links":{"self":[{"href":"https:\/\/www.assent.com\/fr\/wp-json\/wp\/v2\/pages\/35996","targetHints":{"allow":["GET"]}}],"collection":[{"href":"https:\/\/www.assent.com\/fr\/wp-json\/wp\/v2\/pages"}],"about":[{"href":"https:\/\/www.assent.com\/fr\/wp-json\/wp\/v2\/types\/page"}],"author":[{"embeddable":true,"href":"https:\/\/www.assent.com\/fr\/wp-json\/wp\/v2\/users\/21"}],"replies":[{"embeddable":true,"href":"https:\/\/www.assent.com\/fr\/wp-json\/wp\/v2\/comments?post=35996"}],"version-history":[{"count":0,"href":"https:\/\/www.assent.com\/fr\/wp-json\/wp\/v2\/pages\/35996\/revisions"}],"wp:attachment":[{"href":"https:\/\/www.assent.com\/fr\/wp-json\/wp\/v2\/media?parent=35996"}],"wp:term":[{"taxonomy":"category","embeddable":true,"href":"https:\/\/www.assent.com\/fr\/wp-json\/wp\/v2\/categories?post=35996"}],"curies":[{"name":"wp","href":"https:\/\/api.w.org\/{rel}","templated":true}]}}