{"id":35969,"date":"2022-04-13T18:19:41","date_gmt":"2022-04-13T22:19:41","guid":{"rendered":"https:\/\/www.assent.com\/?page_id=35969"},"modified":"2022-08-10T11:55:41","modified_gmt":"2022-08-10T15:55:41","slug":"evenement-remerciements","status":"publish","type":"page","link":"https:\/\/www.assent.com\/fr\/evenement-remerciements\/","title":{"rendered":"Evenement Remerciements"},"content":{"rendered":"<!-- banner area part -->\n        <section class=\"generic-hero  fog   \" ><div class=\"gh-right-triangles\"><\/div><div class=\"row hero-wrap\">\n                <div class=\"cell-7 hero-left\"><div class=\"hero-left-inner d-flex align-items-center\"><div class=\"gh-content\"><h1 class=\"h1\">Merci de votre inscription<\/h1><p>Vous recevrez sous peu un e-mail contenant les informations dont vous avez besoin pour rejoindre l&rsquo;\u00e9v\u00e9nement.<\/p>\n<div class=\"btn-wrap\"><a href=\"\/fr\/\" class=\"btn \" target=\"\">Revenir \u00e0 la page d&rsquo;accueil<\/a><\/div><\/div><\/div>\n                <\/div><\/div>\n        <\/section>\n\n\n<div style=\"height:70px\" aria-hidden=\"true\" class=\"wp-block-spacer\"><\/div>\n\n\n<section class=\"related-resource-comp classic\" >\n    <div class=\"container\">\n        <div class=\"sec-heading text-center\"><h2>Derni\u00e8res informations<\/h2><div class=\"desc\">D\u00e9couvrez les derni\u00e8res nouvelles, ressources et nouveaux webinaires de notre \u00e9quipe d&rsquo;experts en r\u00e9glementation.<\/div><\/div><div class=\"row-wrapper\"><div class=\"row justify-content-center\"><div class=\"cell-lg-4 cell-sm-6 resource\"><div class=\"resource-inner\"><figure><a href=\"https:\/\/www.assent.com\/fr\/resources\/elaboration-dun-programme-efficace-de-soumission-a-la-base-de-donnees-scip\/\" aria-label=\"\u00c9laboration d\u2019un programme efficace de soumission \u00e0 la base de donn\u00e9es SCIP\"><img decoding=\"async\" src=\"https:\/\/www.assent.com\/wp-content\/uploads\/2022\/07\/DE-EU-WFD-building-a-scip-program-img@2x.jpg\" alt=\"\"><\/a><\/figure><div class=\"desc\"><div class=\"desc-inner\"><div class=\"cat-and-name\"><span class=\"cat\"><a class=\"cat-link\" href=\"https:\/\/www.assent.com\/fr\/category\/guide-fr\/\">Guide<\/a><\/span><\/div><h4><a href=\"https:\/\/www.assent.com\/fr\/resources\/elaboration-dun-programme-efficace-de-soumission-a-la-base-de-donnees-scip\/\">\u00c9laboration d\u2019un programme efficace de soumission \u00e0 la base de donn\u00e9es SCIP<\/a><\/h4><p>Apprenez comment \u00e9laborer un programme de soumission \u00e0 la base de donn\u00e9es SCIP avant les \u00e9ch\u00e9ances gr\u00e2ce au guide d\u2019Assent.<\/p><\/div><div class=\"tag-wrap\"><a rel=\"nofollow\" class=\"tag-link\" href=\"?pager=1&#038;filter=1&#038;tag[]=scip-4&#038;search_text=&#038;filter_order=\">SCIP<\/a><\/div><\/div><\/div><\/div><div class=\"cell-lg-4 cell-sm-6 resource\"><div class=\"resource-inner\"><figure><a href=\"https:\/\/www.assent.com\/fr\/ressources\/knowledge-article-fr\/faq-ue-dcd\/\" aria-label=\"Foire aux questions sur la directive-cadre de l&rsquo;UE sur les d\u00e9chets\"><img decoding=\"async\" src=\"https:\/\/www.assent.com\/wp-content\/uploads\/2022\/02\/Blog-Image-PFAS-Substances.jpg\" alt=\"\"><\/a><\/figure><div class=\"desc\"><div class=\"desc-inner\"><div class=\"cat-and-name\"><span class=\"cat\"><a class=\"cat-link\" href=\"https:\/\/www.assent.com\/fr\/category\/article-dinformation\/\">Article d&rsquo;information<\/a><\/span><\/div><h4><a href=\"https:\/\/www.assent.com\/fr\/ressources\/knowledge-article-fr\/faq-ue-dcd\/\">Foire aux questions sur la directive-cadre de l&rsquo;UE sur les d\u00e9chets<\/a><\/h4><p>In 2018, the European Union (EU) Waste Framework Directive (WFD) was amended to promote a circular economy and better communicate the presence of substances of  &#8230;<\/p><\/div><div class=\"tag-wrap\"><a rel=\"nofollow\" class=\"tag-link\" href=\"?pager=1&#038;filter=1&#038;tag[]=scip-fr&#038;search_text=&#038;filter_order=\">SCIP<\/a><\/div><\/div><\/div><\/div><\/div><\/div><\/div>\n<\/section>\n\n\n<div style=\"height:70px\" aria-hidden=\"true\" class=\"wp-block-spacer\"><\/div>\n","protected":false},"excerpt":{"rendered":"","protected":false},"author":21,"featured_media":0,"parent":0,"menu_order":0,"comment_status":"closed","ping_status":"closed","template":"","meta":{"_acf_changed":false,"footnotes":"","_links_to":"","_links_to_target":""},"categories":[],"class_list":["post-35969","page","type-page","status-publish","hentry"],"acf":[],"yoast_head":"<!-- This site is optimized with the Yoast SEO Premium plugin v26.6 (Yoast SEO v27.0) - https:\/\/yoast.com\/product\/yoast-seo-premium-wordpress\/ -->\n<title>Evenement Remerciements | Assent<\/title>\n<meta name=\"robots\" content=\"index, follow, max-snippet:-1, max-image-preview:large, max-video-preview:-1\" \/>\n<link rel=\"canonical\" href=\"https:\/\/www.assent.com\/fr\/evenement-remerciements\/\" \/>\n<meta property=\"og:locale\" content=\"fr_FR\" \/>\n<meta property=\"og:type\" content=\"article\" \/>\n<meta property=\"og:title\" content=\"Evenement Remerciements\" \/>\n<meta property=\"og:url\" content=\"https:\/\/www.assent.com\/fr\/evenement-remerciements\/\" \/>\n<meta property=\"og:site_name\" content=\"Assent\" \/>\n<meta property=\"article:publisher\" content=\"https:\/\/www.facebook.com\/AssentCompliance\/\" \/>\n<meta property=\"article:modified_time\" content=\"2022-08-10T15:55:41+00:00\" \/>\n<meta name=\"twitter:card\" content=\"summary_large_image\" \/>\n<meta name=\"twitter:site\" content=\"@AssentGlobal\" \/>\n<script type=\"application\/ld+json\" class=\"yoast-schema-graph\">{\"@context\":\"https:\/\/schema.org\",\"@graph\":[{\"@type\":\"WebPage\",\"@id\":\"https:\/\/www.assent.com\/fr\/evenement-remerciements\/\",\"url\":\"https:\/\/www.assent.com\/fr\/evenement-remerciements\/\",\"name\":\"Evenement Remerciements | Assent\",\"isPartOf\":{\"@id\":\"https:\/\/www.assent.com\/fr\/#website\"},\"datePublished\":\"2022-04-13T22:19:41+00:00\",\"dateModified\":\"2022-08-10T15:55:41+00:00\",\"breadcrumb\":{\"@id\":\"https:\/\/www.assent.com\/fr\/evenement-remerciements\/#breadcrumb\"},\"inLanguage\":\"fr-FR\",\"potentialAction\":[{\"@type\":\"ReadAction\",\"target\":[\"https:\/\/www.assent.com\/fr\/evenement-remerciements\/\"]}]},{\"@type\":\"BreadcrumbList\",\"@id\":\"https:\/\/www.assent.com\/fr\/evenement-remerciements\/#breadcrumb\",\"itemListElement\":[{\"@type\":\"ListItem\",\"position\":1,\"name\":\"Home\",\"item\":\"https:\/\/www.assent.com\/fr\/\"},{\"@type\":\"ListItem\",\"position\":2,\"name\":\"Evenement Remerciements\"}]},{\"@type\":\"WebSite\",\"@id\":\"https:\/\/www.assent.com\/fr\/#website\",\"url\":\"https:\/\/www.assent.com\/fr\/\",\"name\":\"Assent\",\"description\":\"\",\"publisher\":{\"@id\":\"https:\/\/www.assent.com\/fr\/#organization\"},\"potentialAction\":[{\"@type\":\"SearchAction\",\"target\":{\"@type\":\"EntryPoint\",\"urlTemplate\":\"https:\/\/www.assent.com\/fr\/?s={search_term_string}\"},\"query-input\":{\"@type\":\"PropertyValueSpecification\",\"valueRequired\":true,\"valueName\":\"search_term_string\"}}],\"inLanguage\":\"fr-FR\"},{\"@type\":\"Organization\",\"@id\":\"https:\/\/www.assent.com\/fr\/#organization\",\"name\":\"Assent\",\"url\":\"https:\/\/www.assent.com\/fr\/\",\"logo\":{\"@type\":\"ImageObject\",\"inLanguage\":\"fr-FR\",\"@id\":\"https:\/\/www.assent.com\/fr\/#\/schema\/logo\/image\/\",\"url\":\"https:\/\/www.assent.com\/wp-content\/uploads\/2022\/01\/logo.svg\",\"contentUrl\":\"https:\/\/www.assent.com\/wp-content\/uploads\/2022\/01\/logo.svg\",\"width\":1,\"height\":1,\"caption\":\"Assent\"},\"image\":{\"@id\":\"https:\/\/www.assent.com\/fr\/#\/schema\/logo\/image\/\"},\"sameAs\":[\"https:\/\/www.facebook.com\/AssentCompliance\/\",\"https:\/\/x.com\/AssentGlobal\",\"https:\/\/www.linkedin.com\/company\/assent-compliance-inc\"]}]}<\/script>\n<!-- \/ Yoast SEO Premium plugin. -->","yoast_head_json":{"title":"Evenement Remerciements | Assent","robots":{"index":"index","follow":"follow","max-snippet":"max-snippet:-1","max-image-preview":"max-image-preview:large","max-video-preview":"max-video-preview:-1"},"canonical":"https:\/\/www.assent.com\/fr\/evenement-remerciements\/","og_locale":"fr_FR","og_type":"article","og_title":"Evenement Remerciements","og_url":"https:\/\/www.assent.com\/fr\/evenement-remerciements\/","og_site_name":"Assent","article_publisher":"https:\/\/www.facebook.com\/AssentCompliance\/","article_modified_time":"2022-08-10T15:55:41+00:00","twitter_card":"summary_large_image","twitter_site":"@AssentGlobal","schema":{"@context":"https:\/\/schema.org","@graph":[{"@type":"WebPage","@id":"https:\/\/www.assent.com\/fr\/evenement-remerciements\/","url":"https:\/\/www.assent.com\/fr\/evenement-remerciements\/","name":"Evenement Remerciements | Assent","isPartOf":{"@id":"https:\/\/www.assent.com\/fr\/#website"},"datePublished":"2022-04-13T22:19:41+00:00","dateModified":"2022-08-10T15:55:41+00:00","breadcrumb":{"@id":"https:\/\/www.assent.com\/fr\/evenement-remerciements\/#breadcrumb"},"inLanguage":"fr-FR","potentialAction":[{"@type":"ReadAction","target":["https:\/\/www.assent.com\/fr\/evenement-remerciements\/"]}]},{"@type":"BreadcrumbList","@id":"https:\/\/www.assent.com\/fr\/evenement-remerciements\/#breadcrumb","itemListElement":[{"@type":"ListItem","position":1,"name":"Home","item":"https:\/\/www.assent.com\/fr\/"},{"@type":"ListItem","position":2,"name":"Evenement Remerciements"}]},{"@type":"WebSite","@id":"https:\/\/www.assent.com\/fr\/#website","url":"https:\/\/www.assent.com\/fr\/","name":"Assent","description":"","publisher":{"@id":"https:\/\/www.assent.com\/fr\/#organization"},"potentialAction":[{"@type":"SearchAction","target":{"@type":"EntryPoint","urlTemplate":"https:\/\/www.assent.com\/fr\/?s={search_term_string}"},"query-input":{"@type":"PropertyValueSpecification","valueRequired":true,"valueName":"search_term_string"}}],"inLanguage":"fr-FR"},{"@type":"Organization","@id":"https:\/\/www.assent.com\/fr\/#organization","name":"Assent","url":"https:\/\/www.assent.com\/fr\/","logo":{"@type":"ImageObject","inLanguage":"fr-FR","@id":"https:\/\/www.assent.com\/fr\/#\/schema\/logo\/image\/","url":"https:\/\/www.assent.com\/wp-content\/uploads\/2022\/01\/logo.svg","contentUrl":"https:\/\/www.assent.com\/wp-content\/uploads\/2022\/01\/logo.svg","width":1,"height":1,"caption":"Assent"},"image":{"@id":"https:\/\/www.assent.com\/fr\/#\/schema\/logo\/image\/"},"sameAs":["https:\/\/www.facebook.com\/AssentCompliance\/","https:\/\/x.com\/AssentGlobal","https:\/\/www.linkedin.com\/company\/assent-compliance-inc"]}]}},"_links":{"self":[{"href":"https:\/\/www.assent.com\/fr\/wp-json\/wp\/v2\/pages\/35969","targetHints":{"allow":["GET"]}}],"collection":[{"href":"https:\/\/www.assent.com\/fr\/wp-json\/wp\/v2\/pages"}],"about":[{"href":"https:\/\/www.assent.com\/fr\/wp-json\/wp\/v2\/types\/page"}],"author":[{"embeddable":true,"href":"https:\/\/www.assent.com\/fr\/wp-json\/wp\/v2\/users\/21"}],"replies":[{"embeddable":true,"href":"https:\/\/www.assent.com\/fr\/wp-json\/wp\/v2\/comments?post=35969"}],"version-history":[{"count":0,"href":"https:\/\/www.assent.com\/fr\/wp-json\/wp\/v2\/pages\/35969\/revisions"}],"wp:attachment":[{"href":"https:\/\/www.assent.com\/fr\/wp-json\/wp\/v2\/media?parent=35969"}],"wp:term":[{"taxonomy":"category","embeddable":true,"href":"https:\/\/www.assent.com\/fr\/wp-json\/wp\/v2\/categories?post=35969"}],"curies":[{"name":"wp","href":"https:\/\/api.w.org\/{rel}","templated":true}]}}