{"id":31789,"date":"2022-02-21T22:25:56","date_gmt":"2022-02-22T03:25:56","guid":{"rendered":"https:\/\/www.assent.com\/training-courses\/"},"modified":"2026-01-23T00:06:30","modified_gmt":"2026-01-23T05:06:30","slug":"formations","status":"publish","type":"page","link":"https:\/\/www.assent.com\/fr\/formations\/","title":{"rendered":"Cours de formation"},"content":{"rendered":"<!-- banner area part -->\n        <section class=\"generic-hero  purple   \" ><div class=\"gh-right-triangles\"><\/div><div class=\"row hero-wrap\">\n                <div class=\"cell-7 hero-left\"><div class=\"hero-left-inner d-flex align-items-center\"><div class=\"gh-content\"><h1 class=\"h1\">Comprendre votre programme de gestion des donn\u00e9es de la supply chain<\/h1><p>Acc\u00e9dez \u00e0 des ressources \u00e9ducatives compl\u00e8tes con\u00e7ues pour vous aider \u00e0 mieux comprendre les exigences et r\u00e9glementation relatives \u00e0 votre activit\u00e9, et \u00e0 d\u00e9terminer comment \u00e9laborer vos programmes pour att\u00e9nuer efficacement les risques li\u00e9s \u00e0 votre supply chain.<\/p>\n<div class=\"btn-wrap\"><\/div><\/div><\/div>\n                <\/div><\/div>\n        <\/section>\n\n\n<div style=\"height:75px\" aria-hidden=\"true\" class=\"wp-block-spacer\"><\/div>\n\n\n<!-- Fifty Fifty Promo -->\n        <section class=\"fifty-fifty-promo elem-viewport \"><div class=\"container simple\"><div class=\"row \"><div class=\"cell-lg-6\"><div class=\"promo-media\"><div class=\"promo-image\">\n                                        <img decoding=\"async\" src=\"https:\/\/www.assent.com\/wp-content\/uploads\/2022\/02\/au-access-img@2x.png\" alt=\"\">\n                                    <\/div><\/div><\/div>\n                    <div class=\"cell-lg-6\"><div class=\"promo-content\"><h2 class=\"h2\">Assent University<\/h2><div class=\"promo-wysiwyg default\"><p>Assent propose des cours de formation approfondis et des parcours d&rsquo;apprentissage aux clients et \u00e0 leurs fournisseurs par le biais du syst\u00e8me de gestion de l&rsquo;apprentissage (LMS) Assent University. Nous veillons \u00e0 ce que vous b\u00e9n\u00e9ficiez de toutes les informations, formations et outils n\u00e9cessaires \u00e0 la mise en \u0153uvre de vos programmes de gestion des donn\u00e9es via notre plateforme Assent Compliance Platform. Ces cours vous montreront comment utiliser au mieux notre produit, vous aideront \u00e0 comprendre les r\u00e9glementations qui impactent votre activit\u00e9 et vous indiqueront ce que vous devez faire pour r\u00e9pondre aux exigences en mati\u00e8re de gestion de donn\u00e9es r\u00e9glementaires et de supply chain.<\/p>\n<p>Vos identifiants pour acc\u00e9der au LMS Assent University vous sont envoy\u00e9s par e-mail dans les sept jours suivant l&rsquo;activation du compte Assent de votre entreprise. Notez que votre responsable de la r\u00e9ussite client peut vous les communiquer \u00e0 tout moment.<\/p>\n<\/div><a href=\"https:\/\/learningportal.assentu.assentcompliance.com\/\" target=\"\" class=\"btn\">Lancer Assent University<\/a><\/div><\/div>\n                <\/div><\/div>\n        <\/section>\n\n\n<div style=\"height:75px\" aria-hidden=\"true\" class=\"wp-block-spacer\"><\/div>\n\n\n\r\n<!-- WYSIWYG -->\r\n        <section class=\"wysiwyg-section\">\r\n            <div class=\"container\"><h2 style=\"text-align: center;\">Choisir votre parcours<\/h2>\n<p style=\"text-align: center;\">Une fois que vous disposez de votre acc\u00e8s au LMS Assent University, vous pouvez choisir le parcours qui correspond le mieux \u00e0 votre r\u00f4le, et ainsi b\u00e9n\u00e9ficier des cours les mieux adapt\u00e9s \u00e0 vos besoins. Si vous n&rsquo;avez pas re\u00e7u vos identifiants et que le compte Assent de votre entreprise a \u00e9t\u00e9 activ\u00e9 depuis plus de sept jours, il vous est possible de demander l&rsquo;acc\u00e8s en suivant le lien ci-dessous. Si vous \u00eates un client Assent, veuillez contacter votre responsable de la r\u00e9ussite client pour toute question ou tout probl\u00e8me.<\/p>\n<\/div>    \r\n        <\/section>\n\n<section class=\"tabbed-content \" >\n    <div class=\"container\"><div class=\"sec-heading text-center\"><h2> <\/h2><\/div><div class=\"tc-wrap\">\n            <div class=\"row\">\n                <div class=\"cell-md-6 pr-xl-50\"><div class=\"tc-links d-md-block d-none\"><div class=\"tc-tab-title d-flex flex-nowrap align-items-center\"><h5 class=\"h5\">Reporting seul<\/h5><\/div><div class=\"tc-tab-title d-flex flex-nowrap align-items-center\"><h5 class=\"h5\">Responsable du programme de donn\u00e9es<\/h5><\/div><div class=\"tc-tab-title d-flex flex-nowrap align-items-center\"><h5 class=\"h5\">Ressource sur l&rsquo;implication des fournisseurs<\/h5><\/div><div class=\"tc-tab-title d-flex flex-nowrap align-items-center\"><h5 class=\"h5\">Ing\u00e9nieur<\/h5><\/div><\/div><div class=\"tc-links-mobile d-md-none d-block\">\n                        <div class=\"tc-slider\"><div class=\"tc-tab-title d-flex flex-nowrap align-items-center\"><h5 class=\"h5\">Reporting seul<\/h5><\/div><div class=\"tc-tab-title d-flex flex-nowrap align-items-center\"><h5 class=\"h5\">Responsable du programme de donn\u00e9es<\/h5><\/div><div class=\"tc-tab-title d-flex flex-nowrap align-items-center\"><h5 class=\"h5\">Ressource sur l&rsquo;implication des fournisseurs<\/h5><\/div><div class=\"tc-tab-title d-flex flex-nowrap align-items-center\"><h5 class=\"h5\">Ing\u00e9nieur<\/h5><\/div><\/div>\n                    <\/div><\/div>\n                <div class=\"cell-md-6 pr-xl-50\"><div class=\"tc-right-wrap\"><div class=\"tc-right pl-xl-50\" id=\"tc-tab1\"><h4 class=\"h4\">Reporting seul<\/h4><div class=\"tc-content\"><p>Vous devez interpr\u00e9ter les taux de r\u00e9ponse de la collecte de donn\u00e9es et acc\u00e9der \u00e0 des synth\u00e8ses pour pouvoir \u00e9valuer le niveau d&rsquo;avancement du programme.<\/p>\n<p><strong>Qu&rsquo;est-ce qui est inclus ?<\/strong><\/p>\n<p>Ce parcours vous pr\u00e9sente Assent Sustainability Manager et explique comment t\u00e9l\u00e9charger des rapports \u00e0 des fins d&rsquo;analyse. Am\u00e9liorez les notions que vous avez des rapports en suivant des cours sp\u00e9cialis\u00e9s portant sur les demandes des clients ou les d\u00e9tails des fournisseurs. Vous d\u00e9couvrirez comment exploiter au mieux les rapports pour obtenir les d\u00e9tails dont vous avez besoin et comment structurer les rapports pour maximiser leur pertinence.<\/p>\n<p>Environ 20-30 minutes<\/p>\n<p><strong>Ressources suppl\u00e9mentaires et mod\u00e8les de reporting<\/strong><\/p>\n<p>Assent propose une multitude de ressources et d&rsquo;outils pour vous aider \u00e0 r\u00e9ussir, tels qu&rsquo;Assent University et l&rsquo;outil de d\u00e9claration des mat\u00e9riaux d&rsquo;Assent, qui vous permet de g\u00e9n\u00e9rer et de modifier des fichiers XML IPC-1752A ou IPC-1754. Pour obtenir de l&rsquo;aide sur des fonctions syst\u00e8me sp\u00e9cifiques, y compris des articles pratiques et des aides vid\u00e9o, consultez notre centre de service client.<\/p>\n<\/div><a href=\"https:\/\/learningportal.assentu.assentcompliance.com\/\" class=\"btn \" target=\"_blank\">Commencer<\/a><\/div><div class=\"tc-right pl-xl-50\" id=\"tc-tab2\"><h4 class=\"h4\">Responsable du programme de donn\u00e9es<\/h4><div class=\"tc-content\"><p>Vous participez \u00e0 l&rsquo;administration du programme de collecte de donn\u00e9es de votre entreprise. Vous g\u00e9rez les communications avec les fournisseurs, y compris les demandes de donn\u00e9es, et interpr\u00e9tez les donn\u00e9es des r\u00e9ponses pour analyser les r\u00e9sultats du programme.<\/p>\n<p><strong>Qu&rsquo;est-ce qui est inclus ?<\/strong><\/p>\n<p>Le parcours d\u00e9di\u00e9 aux gestionnaires de programme de donn\u00e9es pr\u00e9sente Assent Sustainability Manager aux utilisateurs et leur fournit des informations de base pour d\u00e9montrer comment exploiter au mieux les rapports, les champs personnalis\u00e9s et les r\u00e8gles m\u00e9tier, le tout, pour un programme plus efficace. Les utilisateurs re\u00e7oivent des instructions d\u00e9taill\u00e9es sur la sensibilisation des fournisseurs, le t\u00e9l\u00e9chargement de documents, l&rsquo;analyse des rapports, et plus encore.<\/p>\n<p>Environ 155-205 minutes<\/p>\n<p><strong>Ressources suppl\u00e9mentaires et mod\u00e8les de reporting<\/strong><\/p>\n<p>Assent propose une multitude de ressources et d&rsquo;outils pour vous aider \u00e0 r\u00e9ussir, tels qu&rsquo;Assent University et l&rsquo;outil de d\u00e9claration des mat\u00e9riaux d&rsquo;Assent, qui vous permet de g\u00e9n\u00e9rer et de modifier des fichiers XML IPC-1752A ou IPC-1754. Pour obtenir de l&rsquo;aide sur des fonctions syst\u00e8me sp\u00e9cifiques, y compris des articles pratiques et des aides vid\u00e9o, consultez notre centre de service client.<\/p>\n<\/div><a href=\"https:\/\/learningportal.assentu.assentcompliance.com\/\" class=\"btn \" target=\"_blank\">Commencer<\/a><\/div><div class=\"tc-right pl-xl-50\" id=\"tc-tab3\"><h4 class=\"h4\">Ressource sur l&rsquo;implication des fournisseurs<\/h4><div class=\"tc-content\"><p>Vous soutenez les fournisseurs qui cherchent \u00e0 fournir la documentation demand\u00e9e par votre entreprise et vous \u00eates l&rsquo;interlocuteur principal lorsqu&rsquo;ils ont des questions ou des pr\u00e9occupations.<\/p>\n<p><strong>Qu&rsquo;est-ce qui est inclus ?<\/strong><\/p>\n<p>Le parcours d&rsquo;apprentissage permet aux utilisateurs ax\u00e9s sur l&rsquo;implication des fournisseurs de se familiariser avec Assent Sustainability Manager. Vous recevrez des instructions sur la meilleure fa\u00e7on de t\u00e9l\u00e9charger et de configurer vos rapports, de suivre les retours des fournisseurs, de t\u00e9l\u00e9charger la documentation qu&rsquo;ils vous envoient, de leur fournir des supports de formation, et bien plus encore.<\/p>\n<p>Environ 145-175 minutes<\/p>\n<\/div><a href=\"https:\/\/learningportal.assentu.assentcompliance.com\/\" class=\"btn \" target=\"_blank\">Commencer<\/a><\/div><div class=\"tc-right pl-xl-50\" id=\"tc-tab4\"><h4 class=\"h4\">Ing\u00e9nieur<\/h4><div class=\"tc-content\"><p>Vous interpr\u00e9tez les donn\u00e9es relatives \u00e0 la supply chain qui ont \u00e9t\u00e9 collect\u00e9es afin de prendre des d\u00e9cisions en mati\u00e8re de conception. Vous avez besoin d&rsquo;un acc\u00e8s rapide \u00e0 l&rsquo;\u00e9tat des r\u00e9ponses des fournisseurs ou des produits, et pouvez avoir besoin d&rsquo;examiner les documents justificatifs fournis par les fournisseurs.<\/p>\n<p><strong>Qu&rsquo;est-ce qui est inclus ?<\/strong><\/p>\n<p>Ce parcours fournit des informations essentielles sur Assent Sustainability Manager et les fonctionnalit\u00e9s qui permettent aux clients d&rsquo;analyser rapidement les informations vitales. D\u00e9couvrez comment trouver rapidement le statut d&rsquo;un fournisseur et les d\u00e9tails d&rsquo;une pi\u00e8ce ou d&rsquo;un produit, et comment cr\u00e9er des notifications dans le gestionnaire, afin de pouvoir traiter les donn\u00e9es imm\u00e9diatement.<\/p>\n<p>Environ 135-175 minutes<\/p>\n<\/div><a href=\"https:\/\/learningportal.assentu.assentcompliance.com\/\" class=\"btn \" target=\"_blank\">Commencer<\/a><\/div><\/div><\/div>                \n            <\/div>                \n        <\/div>\n\n    <\/div>\n<\/section>\n\n\n<div style=\"height:75px\" aria-hidden=\"true\" class=\"wp-block-spacer\"><\/div>\n\n\n\r\n<!-- CTA Banner --><section class=\"cta-banner elem-viewport gradient3\">\r\n                <div class=\"container\">\r\n                    <div class=\"cta-banner-wrap\"  >\r\n                        <div class=\"row\">\r\n                            <div class=\"cell-lg-9\">\r\n                                <div class=\"cta-banner-content\"><h2 class=\"h2\">Programmer un rendez-vous avec un instructeur<\/h2><p>Recevez des instructions pratiques d&rsquo;un repr\u00e9sentant Assent lors d&rsquo;une s\u00e9ance de formation guid\u00e9e. Il vous expliquera les diff\u00e9rents processus et vous donnera la base dont vous avez besoin pour prosp\u00e9rer.<\/p>\n<\/div>\r\n                            <\/div>\r\n                            <div class=\"cell-lg-3 d-flex align-items-center justify-content-center\"><a href=\"https:\/\/www.assent.com\/fr\/entreprise\/nous-contacter\/\" class=\"btn -white \" target=\"\">Programmer un rendez-vous avec un instructeur<\/a><\/div>\r\n                        <\/div>\r\n                    <\/div>\r\n                <\/div>\r\n            <\/section>\r\n<style>\r\n    @media (max-width: 991px) {\r\n        .cta-banner.image-on-right {\r\n            text-align: center;\r\n        }\r\n\r\n        .cta-banner.gradient2 .align-items-center.justify-content-center {\r\n            justify-content: center;\r\n        }\r\n\r\n        .cta-banner.gradient3 .align-items-center.justify-content-center {\r\n            justify-content: center;\r\n        }\r\n    }\r\n<\/style>\n\n\n<div style=\"height:75px\" aria-hidden=\"true\" class=\"wp-block-spacer\"><\/div>\n\n\n<!-- Fifty Fifty Promo -->\n        <section class=\"fifty-fifty-promo elem-viewport \"><div class=\"container simple\"><div class=\"row \"><div class=\"cell-lg-6\"><div class=\"promo-media\"><div class=\"promo-image\">\n                                        <img decoding=\"async\" src=\"https:\/\/www.assent.com\/wp-content\/uploads\/2022\/02\/help-center-img@2x.png\" alt=\"\">\n                                    <\/div><\/div><\/div>\n                    <div class=\"cell-lg-6\"><div class=\"promo-content\"><h2 class=\"h2\">Centre d&rsquo;aide<\/h2><div class=\"promo-wysiwyg default\"><p>Assent fournit une assistance compl\u00e8te \u00e0 ses clients et \u00e0 leurs fournisseurs. Consultez notre centre d&rsquo;aide : vous y trouverez les r\u00e9ponses aux questions les plus courantes, pourrez acc\u00e9der aux supports d&rsquo;apprentissage ou contacter notre \u00e9quipe d&rsquo;assistance.<\/p>\n<\/div><a href=\"https:\/\/www.assent.com\/fr\/assistance-client\/\" target=\"\" class=\"btn\">Assistance Assent<\/a><\/div><\/div>\n                <\/div><\/div>\n        <\/section>\n\n\n<div style=\"height:75px\" aria-hidden=\"true\" class=\"wp-block-spacer\"><\/div>\n","protected":false},"excerpt":{"rendered":"","protected":false},"author":21,"featured_media":0,"parent":0,"menu_order":0,"comment_status":"closed","ping_status":"closed","template":"","meta":{"_acf_changed":false,"footnotes":"","_links_to":"","_links_to_target":""},"categories":[],"class_list":["post-31789","page","type-page","status-publish","hentry"],"acf":[],"yoast_head":"<!-- This site is optimized with the Yoast SEO Premium plugin v26.6 (Yoast SEO v27.0) - https:\/\/yoast.com\/product\/yoast-seo-premium-wordpress\/ -->\n<title>Cours de formation | Assent<\/title>\n<meta name=\"description\" content=\"Acc\u00e9dez \u00e0 des ressources \u00e9ducatives compl\u00e8tes con\u00e7ues pour vous aider \u00e0 mieux comprendre les exigences et r\u00e9glementation relatives \u00e0 votre activit\u00e9, et \u00e0 d\u00e9terminer comment \u00e9laborer vos programmes pour att\u00e9nuer efficacement les risques li\u00e9s \u00e0 votre supply chain.\" \/>\n<meta name=\"robots\" content=\"index, follow, max-snippet:-1, max-image-preview:large, max-video-preview:-1\" \/>\n<link rel=\"canonical\" href=\"https:\/\/www.assent.com\/fr\/formations\/\" \/>\n<meta property=\"og:locale\" content=\"fr_FR\" \/>\n<meta property=\"og:type\" content=\"article\" \/>\n<meta property=\"og:title\" content=\"Cours de formation\" \/>\n<meta property=\"og:description\" content=\"Acc\u00e9dez \u00e0 des ressources \u00e9ducatives compl\u00e8tes con\u00e7ues pour vous aider \u00e0 mieux comprendre les exigences et r\u00e9glementation relatives \u00e0 votre activit\u00e9, et \u00e0 d\u00e9terminer comment \u00e9laborer vos programmes pour att\u00e9nuer efficacement les risques li\u00e9s \u00e0 votre supply chain.\" \/>\n<meta property=\"og:url\" content=\"https:\/\/www.assent.com\/fr\/formations\/\" \/>\n<meta property=\"og:site_name\" content=\"Assent\" \/>\n<meta property=\"article:publisher\" content=\"https:\/\/www.facebook.com\/AssentCompliance\/\" \/>\n<meta property=\"article:modified_time\" content=\"2026-01-23T05:06:30+00:00\" \/>\n<meta name=\"twitter:card\" content=\"summary_large_image\" \/>\n<meta name=\"twitter:site\" content=\"@AssentGlobal\" \/>\n<script type=\"application\/ld+json\" class=\"yoast-schema-graph\">{\"@context\":\"https:\/\/schema.org\",\"@graph\":[{\"@type\":\"WebPage\",\"@id\":\"https:\/\/www.assent.com\/fr\/formations\/\",\"url\":\"https:\/\/www.assent.com\/fr\/formations\/\",\"name\":\"Cours de formation | Assent\",\"isPartOf\":{\"@id\":\"https:\/\/www.assent.com\/fr\/#website\"},\"datePublished\":\"2022-02-22T03:25:56+00:00\",\"dateModified\":\"2026-01-23T05:06:30+00:00\",\"description\":\"Acc\u00e9dez \u00e0 des ressources \u00e9ducatives compl\u00e8tes con\u00e7ues pour vous aider \u00e0 mieux comprendre les exigences et r\u00e9glementation relatives \u00e0 votre activit\u00e9, et \u00e0 d\u00e9terminer comment \u00e9laborer vos programmes pour att\u00e9nuer efficacement les risques li\u00e9s \u00e0 votre supply chain.\",\"breadcrumb\":{\"@id\":\"https:\/\/www.assent.com\/fr\/formations\/#breadcrumb\"},\"inLanguage\":\"fr-FR\",\"potentialAction\":[{\"@type\":\"ReadAction\",\"target\":[\"https:\/\/www.assent.com\/fr\/formations\/\"]}]},{\"@type\":\"BreadcrumbList\",\"@id\":\"https:\/\/www.assent.com\/fr\/formations\/#breadcrumb\",\"itemListElement\":[{\"@type\":\"ListItem\",\"position\":1,\"name\":\"Home\",\"item\":\"https:\/\/www.assent.com\/fr\/\"},{\"@type\":\"ListItem\",\"position\":2,\"name\":\"Cours de formation\"}]},{\"@type\":\"WebSite\",\"@id\":\"https:\/\/www.assent.com\/fr\/#website\",\"url\":\"https:\/\/www.assent.com\/fr\/\",\"name\":\"Assent\",\"description\":\"\",\"publisher\":{\"@id\":\"https:\/\/www.assent.com\/fr\/#organization\"},\"potentialAction\":[{\"@type\":\"SearchAction\",\"target\":{\"@type\":\"EntryPoint\",\"urlTemplate\":\"https:\/\/www.assent.com\/fr\/?s={search_term_string}\"},\"query-input\":{\"@type\":\"PropertyValueSpecification\",\"valueRequired\":true,\"valueName\":\"search_term_string\"}}],\"inLanguage\":\"fr-FR\"},{\"@type\":\"Organization\",\"@id\":\"https:\/\/www.assent.com\/fr\/#organization\",\"name\":\"Assent\",\"url\":\"https:\/\/www.assent.com\/fr\/\",\"logo\":{\"@type\":\"ImageObject\",\"inLanguage\":\"fr-FR\",\"@id\":\"https:\/\/www.assent.com\/fr\/#\/schema\/logo\/image\/\",\"url\":\"https:\/\/www.assent.com\/wp-content\/uploads\/2022\/01\/logo.svg\",\"contentUrl\":\"https:\/\/www.assent.com\/wp-content\/uploads\/2022\/01\/logo.svg\",\"width\":1,\"height\":1,\"caption\":\"Assent\"},\"image\":{\"@id\":\"https:\/\/www.assent.com\/fr\/#\/schema\/logo\/image\/\"},\"sameAs\":[\"https:\/\/www.facebook.com\/AssentCompliance\/\",\"https:\/\/x.com\/AssentGlobal\",\"https:\/\/www.linkedin.com\/company\/assent-compliance-inc\"]}]}<\/script>\n<!-- \/ Yoast SEO Premium plugin. -->","yoast_head_json":{"title":"Cours de formation | Assent","description":"Acc\u00e9dez \u00e0 des ressources \u00e9ducatives compl\u00e8tes con\u00e7ues pour vous aider \u00e0 mieux comprendre les exigences et r\u00e9glementation relatives \u00e0 votre activit\u00e9, et \u00e0 d\u00e9terminer comment \u00e9laborer vos programmes pour att\u00e9nuer efficacement les risques li\u00e9s \u00e0 votre supply chain.","robots":{"index":"index","follow":"follow","max-snippet":"max-snippet:-1","max-image-preview":"max-image-preview:large","max-video-preview":"max-video-preview:-1"},"canonical":"https:\/\/www.assent.com\/fr\/formations\/","og_locale":"fr_FR","og_type":"article","og_title":"Cours de formation","og_description":"Acc\u00e9dez \u00e0 des ressources \u00e9ducatives compl\u00e8tes con\u00e7ues pour vous aider \u00e0 mieux comprendre les exigences et r\u00e9glementation relatives \u00e0 votre activit\u00e9, et \u00e0 d\u00e9terminer comment \u00e9laborer vos programmes pour att\u00e9nuer efficacement les risques li\u00e9s \u00e0 votre supply chain.","og_url":"https:\/\/www.assent.com\/fr\/formations\/","og_site_name":"Assent","article_publisher":"https:\/\/www.facebook.com\/AssentCompliance\/","article_modified_time":"2026-01-23T05:06:30+00:00","twitter_card":"summary_large_image","twitter_site":"@AssentGlobal","schema":{"@context":"https:\/\/schema.org","@graph":[{"@type":"WebPage","@id":"https:\/\/www.assent.com\/fr\/formations\/","url":"https:\/\/www.assent.com\/fr\/formations\/","name":"Cours de formation | Assent","isPartOf":{"@id":"https:\/\/www.assent.com\/fr\/#website"},"datePublished":"2022-02-22T03:25:56+00:00","dateModified":"2026-01-23T05:06:30+00:00","description":"Acc\u00e9dez \u00e0 des ressources \u00e9ducatives compl\u00e8tes con\u00e7ues pour vous aider \u00e0 mieux comprendre les exigences et r\u00e9glementation relatives \u00e0 votre activit\u00e9, et \u00e0 d\u00e9terminer comment \u00e9laborer vos programmes pour att\u00e9nuer efficacement les risques li\u00e9s \u00e0 votre supply chain.","breadcrumb":{"@id":"https:\/\/www.assent.com\/fr\/formations\/#breadcrumb"},"inLanguage":"fr-FR","potentialAction":[{"@type":"ReadAction","target":["https:\/\/www.assent.com\/fr\/formations\/"]}]},{"@type":"BreadcrumbList","@id":"https:\/\/www.assent.com\/fr\/formations\/#breadcrumb","itemListElement":[{"@type":"ListItem","position":1,"name":"Home","item":"https:\/\/www.assent.com\/fr\/"},{"@type":"ListItem","position":2,"name":"Cours de formation"}]},{"@type":"WebSite","@id":"https:\/\/www.assent.com\/fr\/#website","url":"https:\/\/www.assent.com\/fr\/","name":"Assent","description":"","publisher":{"@id":"https:\/\/www.assent.com\/fr\/#organization"},"potentialAction":[{"@type":"SearchAction","target":{"@type":"EntryPoint","urlTemplate":"https:\/\/www.assent.com\/fr\/?s={search_term_string}"},"query-input":{"@type":"PropertyValueSpecification","valueRequired":true,"valueName":"search_term_string"}}],"inLanguage":"fr-FR"},{"@type":"Organization","@id":"https:\/\/www.assent.com\/fr\/#organization","name":"Assent","url":"https:\/\/www.assent.com\/fr\/","logo":{"@type":"ImageObject","inLanguage":"fr-FR","@id":"https:\/\/www.assent.com\/fr\/#\/schema\/logo\/image\/","url":"https:\/\/www.assent.com\/wp-content\/uploads\/2022\/01\/logo.svg","contentUrl":"https:\/\/www.assent.com\/wp-content\/uploads\/2022\/01\/logo.svg","width":1,"height":1,"caption":"Assent"},"image":{"@id":"https:\/\/www.assent.com\/fr\/#\/schema\/logo\/image\/"},"sameAs":["https:\/\/www.facebook.com\/AssentCompliance\/","https:\/\/x.com\/AssentGlobal","https:\/\/www.linkedin.com\/company\/assent-compliance-inc"]}]}},"_links":{"self":[{"href":"https:\/\/www.assent.com\/fr\/wp-json\/wp\/v2\/pages\/31789","targetHints":{"allow":["GET"]}}],"collection":[{"href":"https:\/\/www.assent.com\/fr\/wp-json\/wp\/v2\/pages"}],"about":[{"href":"https:\/\/www.assent.com\/fr\/wp-json\/wp\/v2\/types\/page"}],"author":[{"embeddable":true,"href":"https:\/\/www.assent.com\/fr\/wp-json\/wp\/v2\/users\/21"}],"replies":[{"embeddable":true,"href":"https:\/\/www.assent.com\/fr\/wp-json\/wp\/v2\/comments?post=31789"}],"version-history":[{"count":1,"href":"https:\/\/www.assent.com\/fr\/wp-json\/wp\/v2\/pages\/31789\/revisions"}],"predecessor-version":[{"id":107869,"href":"https:\/\/www.assent.com\/fr\/wp-json\/wp\/v2\/pages\/31789\/revisions\/107869"}],"wp:attachment":[{"href":"https:\/\/www.assent.com\/fr\/wp-json\/wp\/v2\/media?parent=31789"}],"wp:term":[{"taxonomy":"category","embeddable":true,"href":"https:\/\/www.assent.com\/fr\/wp-json\/wp\/v2\/categories?post=31789"}],"curies":[{"name":"wp","href":"https:\/\/api.w.org\/{rel}","templated":true}]}}