{"id":31208,"date":"2022-01-28T19:40:02","date_gmt":"2022-01-29T00:40:02","guid":{"rendered":"https:\/\/www.assent.com\/capacites\/competence\/valerie-kuntz\/"},"modified":"2024-06-28T17:49:27","modified_gmt":"2024-06-28T21:49:27","slug":"valerie-kuntz","status":"publish","type":"page","link":"https:\/\/www.assent.com\/fr\/capacites\/expertise\/valerie-kuntz\/","title":{"rendered":"Valerie Kuntz"},"content":{"rendered":"\n<div style=\"height:75px\" aria-hidden=\"true\" class=\"wp-block-spacer\"><\/div>\n\n\n\r\n<!-- WYSIWYG -->\r\n        <section class=\"wysiwyg-section\">\r\n            <div class=\"container\"><h1>Valerie Kuntz<\/h1>\n<h6>Faites la connaissance de Valerie Kuntz, experte en conformit\u00e9 r\u00e9glementaire chez Assent<\/h6>\n<p><img decoding=\"async\" class=\"size-medium wp-image-1618 alignright\" src=\"https:\/\/assent.com\/wp-content\/uploads\/2022\/01\/Assent_TeamMember_ValerieKuntz_headshot2-300x300.jpeg\" alt=\"\" width=\"300\" height=\"300\" srcset=\"https:\/\/www.assent.com\/wp-content\/uploads\/2022\/01\/Assent_TeamMember_ValerieKuntz_headshot2-300x300.jpeg 300w, https:\/\/www.assent.com\/wp-content\/uploads\/2022\/01\/Assent_TeamMember_ValerieKuntz_headshot2-150x150.jpeg 150w, https:\/\/www.assent.com\/wp-content\/uploads\/2022\/01\/Assent_TeamMember_ValerieKuntz_headshot2.jpeg 660w\" sizes=\"(max-width: 300px) 100vw, 300px\" \/>La mission de Valerie Kuntz consiste \u00e0 instaurer des processus de mise en \u0153uvre de la directive RoHS (limitation de l&rsquo;utilisation de substances dangereuses) et du r\u00e8glement REACH (Registration, Evaluation, Authorisation and Restriction of Chemicals) dans des grandes entreprises, ainsi qu&rsquo;\u00e0 \u00e9tablir des processus avanc\u00e9s relatifs \u00e0 la responsabilit\u00e9 du producteur et aux min\u00e9raux de conflits. Elle s&rsquo;engage \u00e0 d\u00e9velopper et am\u00e9liorer les normes de d\u00e9claration et a m\u00eame dirig\u00e9 le groupe de travail du projet pilote de liste des substances d\u00e9clarables de l&rsquo;International Aerospace Environmental Group (IAEG).<\/p>\n<p>Avant de rejoindre Assent, Valerie Kuntz a travaill\u00e9 pendant 20 ans chez Intel Corporation, o\u00f9 elle a d\u00e9marr\u00e9 dans le domaine des mat\u00e9riaux, puis est devenue responsable du programme international de conformit\u00e9 des produits de l&rsquo;entreprise.<\/p>\n<p><a href=\"https:\/\/www.linkedin.com\/in\/valerie-kuntz-b4539518\/\" target=\"_blank\" rel=\"noopener\">Entrer en contact avec Valerie Kuntz sur LinkedIn<\/a><\/p>\n<p><a href=\"mailto:valerie.kuntz@assent.com\">Envoyer un e-mail \u00e0 Valerie Kuntz<\/a><\/p>\n<\/div>    \r\n        <\/section>\n\n\n<div style=\"height:75px\" aria-hidden=\"true\" class=\"wp-block-spacer\"><\/div>\n","protected":false},"excerpt":{"rendered":"<p>Faites la connaissance de Valerie Kuntz, experte en conformit\u00e9 r\u00e9glementaire chez Assent<\/p>\n","protected":false},"author":21,"featured_media":0,"parent":31083,"menu_order":0,"comment_status":"closed","ping_status":"closed","template":"","meta":{"_acf_changed":false,"footnotes":"","_links_to":"","_links_to_target":""},"categories":[],"class_list":["post-31208","page","type-page","status-publish","hentry"],"acf":[],"yoast_head":"<!-- This site is optimized with the Yoast SEO Premium plugin v26.6 (Yoast SEO v27.0) - https:\/\/yoast.com\/product\/yoast-seo-premium-wordpress\/ -->\n<title>Valerie Kuntz | Experte en r\u00e9glementation | Assent<\/title>\n<meta name=\"description\" content=\"Faites la connaissance de Valerie Kuntz, experte en conformit\u00e9 r\u00e9glementaire chez Assent\" \/>\n<meta name=\"robots\" content=\"index, follow, max-snippet:-1, max-image-preview:large, max-video-preview:-1\" \/>\n<link rel=\"canonical\" href=\"https:\/\/www.assent.com\/fr\/capacites\/expertise\/valerie-kuntz\/\" \/>\n<meta property=\"og:locale\" content=\"fr_FR\" \/>\n<meta property=\"og:type\" content=\"article\" \/>\n<meta property=\"og:title\" content=\"Valerie Kuntz\" \/>\n<meta property=\"og:description\" content=\"Faites la connaissance de Valerie Kuntz, experte en conformit\u00e9 r\u00e9glementaire chez Assent\" \/>\n<meta property=\"og:url\" content=\"https:\/\/www.assent.com\/fr\/capacites\/expertise\/valerie-kuntz\/\" \/>\n<meta property=\"og:site_name\" content=\"Assent\" \/>\n<meta property=\"article:publisher\" content=\"https:\/\/www.facebook.com\/AssentCompliance\/\" \/>\n<meta property=\"article:modified_time\" content=\"2024-06-28T21:49:27+00:00\" \/>\n<meta name=\"twitter:card\" content=\"summary_large_image\" \/>\n<meta name=\"twitter:site\" content=\"@AssentGlobal\" \/>\n<script type=\"application\/ld+json\" class=\"yoast-schema-graph\">{\"@context\":\"https:\/\/schema.org\",\"@graph\":[{\"@type\":\"WebPage\",\"@id\":\"https:\/\/www.assent.com\/fr\/capacites\/expertise\/valerie-kuntz\/\",\"url\":\"https:\/\/www.assent.com\/fr\/capacites\/expertise\/valerie-kuntz\/\",\"name\":\"Valerie Kuntz | Experte en r\u00e9glementation | Assent\",\"isPartOf\":{\"@id\":\"https:\/\/www.assent.com\/fr\/#website\"},\"datePublished\":\"2022-01-29T00:40:02+00:00\",\"dateModified\":\"2024-06-28T21:49:27+00:00\",\"description\":\"Faites la connaissance de Valerie Kuntz, experte en conformit\u00e9 r\u00e9glementaire chez Assent\",\"breadcrumb\":{\"@id\":\"https:\/\/www.assent.com\/fr\/capacites\/expertise\/valerie-kuntz\/#breadcrumb\"},\"inLanguage\":\"fr-FR\",\"potentialAction\":[{\"@type\":\"ReadAction\",\"target\":[\"https:\/\/www.assent.com\/fr\/capacites\/expertise\/valerie-kuntz\/\"]}]},{\"@type\":\"BreadcrumbList\",\"@id\":\"https:\/\/www.assent.com\/fr\/capacites\/expertise\/valerie-kuntz\/#breadcrumb\",\"itemListElement\":[{\"@type\":\"ListItem\",\"position\":1,\"name\":\"Home\",\"item\":\"https:\/\/www.assent.com\/fr\/\"},{\"@type\":\"ListItem\",\"position\":2,\"name\":\"Plateforme et Capacit\u00e9s\",\"item\":\"https:\/\/www.assent.com\/fr\/capacites\/\"},{\"@type\":\"ListItem\",\"position\":3,\"name\":\"Notre Expertise\",\"item\":\"https:\/\/www.assent.com\/fr\/capacites\/expertise\/\"},{\"@type\":\"ListItem\",\"position\":4,\"name\":\"Valerie Kuntz\"}]},{\"@type\":\"WebSite\",\"@id\":\"https:\/\/www.assent.com\/fr\/#website\",\"url\":\"https:\/\/www.assent.com\/fr\/\",\"name\":\"Assent\",\"description\":\"\",\"publisher\":{\"@id\":\"https:\/\/www.assent.com\/fr\/#organization\"},\"potentialAction\":[{\"@type\":\"SearchAction\",\"target\":{\"@type\":\"EntryPoint\",\"urlTemplate\":\"https:\/\/www.assent.com\/fr\/?s={search_term_string}\"},\"query-input\":{\"@type\":\"PropertyValueSpecification\",\"valueRequired\":true,\"valueName\":\"search_term_string\"}}],\"inLanguage\":\"fr-FR\"},{\"@type\":\"Organization\",\"@id\":\"https:\/\/www.assent.com\/fr\/#organization\",\"name\":\"Assent\",\"url\":\"https:\/\/www.assent.com\/fr\/\",\"logo\":{\"@type\":\"ImageObject\",\"inLanguage\":\"fr-FR\",\"@id\":\"https:\/\/www.assent.com\/fr\/#\/schema\/logo\/image\/\",\"url\":\"https:\/\/www.assent.com\/wp-content\/uploads\/2022\/01\/logo.svg\",\"contentUrl\":\"https:\/\/www.assent.com\/wp-content\/uploads\/2022\/01\/logo.svg\",\"width\":1,\"height\":1,\"caption\":\"Assent\"},\"image\":{\"@id\":\"https:\/\/www.assent.com\/fr\/#\/schema\/logo\/image\/\"},\"sameAs\":[\"https:\/\/www.facebook.com\/AssentCompliance\/\",\"https:\/\/x.com\/AssentGlobal\",\"https:\/\/www.linkedin.com\/company\/assent-compliance-inc\"]}]}<\/script>\n<!-- \/ Yoast SEO Premium plugin. -->","yoast_head_json":{"title":"Valerie Kuntz | Experte en r\u00e9glementation | Assent","description":"Faites la connaissance de Valerie Kuntz, experte en conformit\u00e9 r\u00e9glementaire chez Assent","robots":{"index":"index","follow":"follow","max-snippet":"max-snippet:-1","max-image-preview":"max-image-preview:large","max-video-preview":"max-video-preview:-1"},"canonical":"https:\/\/www.assent.com\/fr\/capacites\/expertise\/valerie-kuntz\/","og_locale":"fr_FR","og_type":"article","og_title":"Valerie Kuntz","og_description":"Faites la connaissance de Valerie Kuntz, experte en conformit\u00e9 r\u00e9glementaire chez Assent","og_url":"https:\/\/www.assent.com\/fr\/capacites\/expertise\/valerie-kuntz\/","og_site_name":"Assent","article_publisher":"https:\/\/www.facebook.com\/AssentCompliance\/","article_modified_time":"2024-06-28T21:49:27+00:00","twitter_card":"summary_large_image","twitter_site":"@AssentGlobal","schema":{"@context":"https:\/\/schema.org","@graph":[{"@type":"WebPage","@id":"https:\/\/www.assent.com\/fr\/capacites\/expertise\/valerie-kuntz\/","url":"https:\/\/www.assent.com\/fr\/capacites\/expertise\/valerie-kuntz\/","name":"Valerie Kuntz | Experte en r\u00e9glementation | Assent","isPartOf":{"@id":"https:\/\/www.assent.com\/fr\/#website"},"datePublished":"2022-01-29T00:40:02+00:00","dateModified":"2024-06-28T21:49:27+00:00","description":"Faites la connaissance de Valerie Kuntz, experte en conformit\u00e9 r\u00e9glementaire chez Assent","breadcrumb":{"@id":"https:\/\/www.assent.com\/fr\/capacites\/expertise\/valerie-kuntz\/#breadcrumb"},"inLanguage":"fr-FR","potentialAction":[{"@type":"ReadAction","target":["https:\/\/www.assent.com\/fr\/capacites\/expertise\/valerie-kuntz\/"]}]},{"@type":"BreadcrumbList","@id":"https:\/\/www.assent.com\/fr\/capacites\/expertise\/valerie-kuntz\/#breadcrumb","itemListElement":[{"@type":"ListItem","position":1,"name":"Home","item":"https:\/\/www.assent.com\/fr\/"},{"@type":"ListItem","position":2,"name":"Plateforme et Capacit\u00e9s","item":"https:\/\/www.assent.com\/fr\/capacites\/"},{"@type":"ListItem","position":3,"name":"Notre Expertise","item":"https:\/\/www.assent.com\/fr\/capacites\/expertise\/"},{"@type":"ListItem","position":4,"name":"Valerie Kuntz"}]},{"@type":"WebSite","@id":"https:\/\/www.assent.com\/fr\/#website","url":"https:\/\/www.assent.com\/fr\/","name":"Assent","description":"","publisher":{"@id":"https:\/\/www.assent.com\/fr\/#organization"},"potentialAction":[{"@type":"SearchAction","target":{"@type":"EntryPoint","urlTemplate":"https:\/\/www.assent.com\/fr\/?s={search_term_string}"},"query-input":{"@type":"PropertyValueSpecification","valueRequired":true,"valueName":"search_term_string"}}],"inLanguage":"fr-FR"},{"@type":"Organization","@id":"https:\/\/www.assent.com\/fr\/#organization","name":"Assent","url":"https:\/\/www.assent.com\/fr\/","logo":{"@type":"ImageObject","inLanguage":"fr-FR","@id":"https:\/\/www.assent.com\/fr\/#\/schema\/logo\/image\/","url":"https:\/\/www.assent.com\/wp-content\/uploads\/2022\/01\/logo.svg","contentUrl":"https:\/\/www.assent.com\/wp-content\/uploads\/2022\/01\/logo.svg","width":1,"height":1,"caption":"Assent"},"image":{"@id":"https:\/\/www.assent.com\/fr\/#\/schema\/logo\/image\/"},"sameAs":["https:\/\/www.facebook.com\/AssentCompliance\/","https:\/\/x.com\/AssentGlobal","https:\/\/www.linkedin.com\/company\/assent-compliance-inc"]}]}},"_links":{"self":[{"href":"https:\/\/www.assent.com\/fr\/wp-json\/wp\/v2\/pages\/31208","targetHints":{"allow":["GET"]}}],"collection":[{"href":"https:\/\/www.assent.com\/fr\/wp-json\/wp\/v2\/pages"}],"about":[{"href":"https:\/\/www.assent.com\/fr\/wp-json\/wp\/v2\/types\/page"}],"author":[{"embeddable":true,"href":"https:\/\/www.assent.com\/fr\/wp-json\/wp\/v2\/users\/21"}],"replies":[{"embeddable":true,"href":"https:\/\/www.assent.com\/fr\/wp-json\/wp\/v2\/comments?post=31208"}],"version-history":[{"count":0,"href":"https:\/\/www.assent.com\/fr\/wp-json\/wp\/v2\/pages\/31208\/revisions"}],"up":[{"embeddable":true,"href":"https:\/\/www.assent.com\/fr\/wp-json\/wp\/v2\/pages\/31083"}],"wp:attachment":[{"href":"https:\/\/www.assent.com\/fr\/wp-json\/wp\/v2\/media?parent=31208"}],"wp:term":[{"taxonomy":"category","embeddable":true,"href":"https:\/\/www.assent.com\/fr\/wp-json\/wp\/v2\/categories?post=31208"}],"curies":[{"name":"wp","href":"https:\/\/api.w.org\/{rel}","templated":true}]}}