{"id":31198,"date":"2022-01-26T21:47:06","date_gmt":"2022-01-27T02:47:06","guid":{"rendered":"https:\/\/www.assent.com\/capacites\/competence\/travis-miller\/"},"modified":"2022-08-10T11:55:52","modified_gmt":"2022-08-10T15:55:52","slug":"travis-miller","status":"publish","type":"page","link":"https:\/\/www.assent.com\/fr\/capacites\/expertise\/travis-miller\/","title":{"rendered":"Travis Miller"},"content":{"rendered":"\n<div style=\"height:50px\" aria-hidden=\"true\" class=\"wp-block-spacer\"><\/div>\n\n\n\r\n<!-- WYSIWYG -->\r\n        <section class=\"wysiwyg-section\">\r\n            <div class=\"container\"><h1>Travis Miller<\/h1>\n<h6>Rencontrez Travis Miller, Assent\u2019s Directeur juridique<\/h6>\n<p><img decoding=\"async\" class=\"size-medium wp-image-1264 alignright\" src=\"https:\/\/www.assent.com\/wp-content\/uploads\/2022\/01\/Assent_TeamMember_TravisMiller_headshot-300x300.jpeg\" alt=\"\" width=\"300\" height=\"300\" srcset=\"https:\/\/www.assent.com\/wp-content\/uploads\/2022\/01\/Assent_TeamMember_TravisMiller_headshot-300x300.jpeg 300w, https:\/\/www.assent.com\/wp-content\/uploads\/2022\/01\/Assent_TeamMember_TravisMiller_headshot-150x150.jpeg 150w, https:\/\/www.assent.com\/wp-content\/uploads\/2022\/01\/Assent_TeamMember_TravisMiller_headshot.jpeg 660w\" sizes=\"(max-width: 300px) 100vw, 300px\" \/><\/p>\n<p>Travis Miller est un avocat sp\u00e9cialis\u00e9 dans le commerce international et la conformit\u00e9 qui se consacre aux r\u00e9glementations ITAR et EAR, ainsi qu&rsquo;aux sanctions, \u00e0 la lutte mondiale contre la corruption et l\u2019esclavage, aux codes de conduite, \u00e0 l&rsquo;environnement, la sant\u00e9 et la s\u00e9curit\u00e9, \u00e0 la gestion des produits et \u00e0 la responsabilit\u00e9 sociale des entreprises.<\/p>\n<p>Travis Miller g\u00e8re les activit\u00e9s juridiques mondiales d\u2019Assent, conseille le conseil d\u2019administration sur les questions juridiques et supervise la conformit\u00e9 de l\u2019entreprise, les initiatives de gouvernance ainsi que d\u2019autres transactions commerciales. Avant de rejoindre Assent, il a occup\u00e9 plusieurs postes de conseiller de haut niveau au sein de soci\u00e9t\u00e9s telles que Microchip Technology, Foresite Group et St. Jude Medical.<\/p>\n<p><a href=\"https:\/\/www.linkedin.com\/in\/travis-miller-7134ba11\/\" target=\"_blank\" rel=\"noopener\">Entrer en contact avec Travis Miller sur LinkedIn<\/a><\/p>\n<p><a href=\"mailto:travis.miller@assentcompliance.com\">Envoyer un e-mail \u00e0 Travis Miller<\/a><\/p>\n<p>&nbsp;<\/p>\n<\/div>    \r\n        <\/section>\n\n\n<div style=\"height:75px\" aria-hidden=\"true\" class=\"wp-block-spacer\"><\/div>\n","protected":false},"excerpt":{"rendered":"<p>Meet Travis Miller, Assent\u2019s General Counsel.<\/p>\n","protected":false},"author":21,"featured_media":0,"parent":31083,"menu_order":0,"comment_status":"closed","ping_status":"closed","template":"","meta":{"_acf_changed":false,"footnotes":"","_links_to":"","_links_to_target":""},"categories":[],"class_list":["post-31198","page","type-page","status-publish","hentry"],"acf":[],"yoast_head":"<!-- This site is optimized with the Yoast SEO Premium plugin v26.6 (Yoast SEO v27.0) - https:\/\/yoast.com\/product\/yoast-seo-premium-wordpress\/ -->\n<title>Travis Miller | Unternehmensleitung | Assent<\/title>\n<meta name=\"description\" content=\"Faites la connaissance de Travis Miller, directeur juridique d&#039;Assent\" \/>\n<meta name=\"robots\" content=\"index, follow, max-snippet:-1, max-image-preview:large, max-video-preview:-1\" \/>\n<link rel=\"canonical\" href=\"https:\/\/www.assent.com\/fr\/capacites\/expertise\/travis-miller\/\" \/>\n<meta property=\"og:locale\" content=\"fr_FR\" \/>\n<meta property=\"og:type\" content=\"article\" \/>\n<meta property=\"og:title\" content=\"Travis Miller\" \/>\n<meta property=\"og:description\" content=\"Faites la connaissance de Travis Miller, directeur juridique d&#039;Assent\" \/>\n<meta property=\"og:url\" content=\"https:\/\/www.assent.com\/fr\/capacites\/expertise\/travis-miller\/\" \/>\n<meta property=\"og:site_name\" content=\"Assent\" \/>\n<meta property=\"article:publisher\" content=\"https:\/\/www.facebook.com\/AssentCompliance\/\" \/>\n<meta property=\"article:modified_time\" content=\"2022-08-10T15:55:52+00:00\" \/>\n<meta name=\"twitter:card\" content=\"summary_large_image\" \/>\n<meta name=\"twitter:site\" content=\"@AssentGlobal\" \/>\n<script type=\"application\/ld+json\" class=\"yoast-schema-graph\">{\"@context\":\"https:\/\/schema.org\",\"@graph\":[{\"@type\":\"WebPage\",\"@id\":\"https:\/\/www.assent.com\/fr\/capacites\/expertise\/travis-miller\/\",\"url\":\"https:\/\/www.assent.com\/fr\/capacites\/expertise\/travis-miller\/\",\"name\":\"Travis Miller | Unternehmensleitung | Assent\",\"isPartOf\":{\"@id\":\"https:\/\/www.assent.com\/fr\/#website\"},\"datePublished\":\"2022-01-27T02:47:06+00:00\",\"dateModified\":\"2022-08-10T15:55:52+00:00\",\"description\":\"Faites la connaissance de Travis Miller, directeur juridique d'Assent\",\"breadcrumb\":{\"@id\":\"https:\/\/www.assent.com\/fr\/capacites\/expertise\/travis-miller\/#breadcrumb\"},\"inLanguage\":\"fr-FR\",\"potentialAction\":[{\"@type\":\"ReadAction\",\"target\":[\"https:\/\/www.assent.com\/fr\/capacites\/expertise\/travis-miller\/\"]}]},{\"@type\":\"BreadcrumbList\",\"@id\":\"https:\/\/www.assent.com\/fr\/capacites\/expertise\/travis-miller\/#breadcrumb\",\"itemListElement\":[{\"@type\":\"ListItem\",\"position\":1,\"name\":\"Home\",\"item\":\"https:\/\/www.assent.com\/fr\/\"},{\"@type\":\"ListItem\",\"position\":2,\"name\":\"Plateforme et Capacit\u00e9s\",\"item\":\"https:\/\/www.assent.com\/fr\/capacites\/\"},{\"@type\":\"ListItem\",\"position\":3,\"name\":\"Notre Expertise\",\"item\":\"https:\/\/www.assent.com\/fr\/capacites\/expertise\/\"},{\"@type\":\"ListItem\",\"position\":4,\"name\":\"Travis Miller\"}]},{\"@type\":\"WebSite\",\"@id\":\"https:\/\/www.assent.com\/fr\/#website\",\"url\":\"https:\/\/www.assent.com\/fr\/\",\"name\":\"Assent\",\"description\":\"\",\"publisher\":{\"@id\":\"https:\/\/www.assent.com\/fr\/#organization\"},\"potentialAction\":[{\"@type\":\"SearchAction\",\"target\":{\"@type\":\"EntryPoint\",\"urlTemplate\":\"https:\/\/www.assent.com\/fr\/?s={search_term_string}\"},\"query-input\":{\"@type\":\"PropertyValueSpecification\",\"valueRequired\":true,\"valueName\":\"search_term_string\"}}],\"inLanguage\":\"fr-FR\"},{\"@type\":\"Organization\",\"@id\":\"https:\/\/www.assent.com\/fr\/#organization\",\"name\":\"Assent\",\"url\":\"https:\/\/www.assent.com\/fr\/\",\"logo\":{\"@type\":\"ImageObject\",\"inLanguage\":\"fr-FR\",\"@id\":\"https:\/\/www.assent.com\/fr\/#\/schema\/logo\/image\/\",\"url\":\"https:\/\/www.assent.com\/wp-content\/uploads\/2022\/01\/logo.svg\",\"contentUrl\":\"https:\/\/www.assent.com\/wp-content\/uploads\/2022\/01\/logo.svg\",\"width\":1,\"height\":1,\"caption\":\"Assent\"},\"image\":{\"@id\":\"https:\/\/www.assent.com\/fr\/#\/schema\/logo\/image\/\"},\"sameAs\":[\"https:\/\/www.facebook.com\/AssentCompliance\/\",\"https:\/\/x.com\/AssentGlobal\",\"https:\/\/www.linkedin.com\/company\/assent-compliance-inc\"]}]}<\/script>\n<!-- \/ Yoast SEO Premium plugin. -->","yoast_head_json":{"title":"Travis Miller | Unternehmensleitung | Assent","description":"Faites la connaissance de Travis Miller, directeur juridique d'Assent","robots":{"index":"index","follow":"follow","max-snippet":"max-snippet:-1","max-image-preview":"max-image-preview:large","max-video-preview":"max-video-preview:-1"},"canonical":"https:\/\/www.assent.com\/fr\/capacites\/expertise\/travis-miller\/","og_locale":"fr_FR","og_type":"article","og_title":"Travis Miller","og_description":"Faites la connaissance de Travis Miller, directeur juridique d'Assent","og_url":"https:\/\/www.assent.com\/fr\/capacites\/expertise\/travis-miller\/","og_site_name":"Assent","article_publisher":"https:\/\/www.facebook.com\/AssentCompliance\/","article_modified_time":"2022-08-10T15:55:52+00:00","twitter_card":"summary_large_image","twitter_site":"@AssentGlobal","schema":{"@context":"https:\/\/schema.org","@graph":[{"@type":"WebPage","@id":"https:\/\/www.assent.com\/fr\/capacites\/expertise\/travis-miller\/","url":"https:\/\/www.assent.com\/fr\/capacites\/expertise\/travis-miller\/","name":"Travis Miller | Unternehmensleitung | Assent","isPartOf":{"@id":"https:\/\/www.assent.com\/fr\/#website"},"datePublished":"2022-01-27T02:47:06+00:00","dateModified":"2022-08-10T15:55:52+00:00","description":"Faites la connaissance de Travis Miller, directeur juridique d'Assent","breadcrumb":{"@id":"https:\/\/www.assent.com\/fr\/capacites\/expertise\/travis-miller\/#breadcrumb"},"inLanguage":"fr-FR","potentialAction":[{"@type":"ReadAction","target":["https:\/\/www.assent.com\/fr\/capacites\/expertise\/travis-miller\/"]}]},{"@type":"BreadcrumbList","@id":"https:\/\/www.assent.com\/fr\/capacites\/expertise\/travis-miller\/#breadcrumb","itemListElement":[{"@type":"ListItem","position":1,"name":"Home","item":"https:\/\/www.assent.com\/fr\/"},{"@type":"ListItem","position":2,"name":"Plateforme et Capacit\u00e9s","item":"https:\/\/www.assent.com\/fr\/capacites\/"},{"@type":"ListItem","position":3,"name":"Notre Expertise","item":"https:\/\/www.assent.com\/fr\/capacites\/expertise\/"},{"@type":"ListItem","position":4,"name":"Travis Miller"}]},{"@type":"WebSite","@id":"https:\/\/www.assent.com\/fr\/#website","url":"https:\/\/www.assent.com\/fr\/","name":"Assent","description":"","publisher":{"@id":"https:\/\/www.assent.com\/fr\/#organization"},"potentialAction":[{"@type":"SearchAction","target":{"@type":"EntryPoint","urlTemplate":"https:\/\/www.assent.com\/fr\/?s={search_term_string}"},"query-input":{"@type":"PropertyValueSpecification","valueRequired":true,"valueName":"search_term_string"}}],"inLanguage":"fr-FR"},{"@type":"Organization","@id":"https:\/\/www.assent.com\/fr\/#organization","name":"Assent","url":"https:\/\/www.assent.com\/fr\/","logo":{"@type":"ImageObject","inLanguage":"fr-FR","@id":"https:\/\/www.assent.com\/fr\/#\/schema\/logo\/image\/","url":"https:\/\/www.assent.com\/wp-content\/uploads\/2022\/01\/logo.svg","contentUrl":"https:\/\/www.assent.com\/wp-content\/uploads\/2022\/01\/logo.svg","width":1,"height":1,"caption":"Assent"},"image":{"@id":"https:\/\/www.assent.com\/fr\/#\/schema\/logo\/image\/"},"sameAs":["https:\/\/www.facebook.com\/AssentCompliance\/","https:\/\/x.com\/AssentGlobal","https:\/\/www.linkedin.com\/company\/assent-compliance-inc"]}]}},"_links":{"self":[{"href":"https:\/\/www.assent.com\/fr\/wp-json\/wp\/v2\/pages\/31198","targetHints":{"allow":["GET"]}}],"collection":[{"href":"https:\/\/www.assent.com\/fr\/wp-json\/wp\/v2\/pages"}],"about":[{"href":"https:\/\/www.assent.com\/fr\/wp-json\/wp\/v2\/types\/page"}],"author":[{"embeddable":true,"href":"https:\/\/www.assent.com\/fr\/wp-json\/wp\/v2\/users\/21"}],"replies":[{"embeddable":true,"href":"https:\/\/www.assent.com\/fr\/wp-json\/wp\/v2\/comments?post=31198"}],"version-history":[{"count":0,"href":"https:\/\/www.assent.com\/fr\/wp-json\/wp\/v2\/pages\/31198\/revisions"}],"up":[{"embeddable":true,"href":"https:\/\/www.assent.com\/fr\/wp-json\/wp\/v2\/pages\/31083"}],"wp:attachment":[{"href":"https:\/\/www.assent.com\/fr\/wp-json\/wp\/v2\/media?parent=31198"}],"wp:term":[{"taxonomy":"category","embeddable":true,"href":"https:\/\/www.assent.com\/fr\/wp-json\/wp\/v2\/categories?post=31198"}],"curies":[{"name":"wp","href":"https:\/\/api.w.org\/{rel}","templated":true}]}}