{"id":31190,"date":"2022-01-28T22:01:50","date_gmt":"2022-01-29T03:01:50","guid":{"rendered":"https:\/\/www.assent.com\/capacites\/competence\/sue-fortunato-esbach\/"},"modified":"2023-11-09T22:41:00","modified_gmt":"2023-11-10T03:41:00","slug":"sue-fortunato-esbach","status":"publish","type":"page","link":"https:\/\/www.assent.com\/fr\/capacites\/expertise\/sue-fortunato-esbach\/","title":{"rendered":"Sue Fortunato-Esbach"},"content":{"rendered":"\n<div style=\"height:75px\" aria-hidden=\"true\" class=\"wp-block-spacer\"><\/div>\n\n\n\r\n<!-- WYSIWYG -->\r\n        <section class=\"wysiwyg-section\">\r\n            <div class=\"container\"><h1>Sue Fortunato-Esbach<\/h1>\n<h6>Responsable, D\u00e9veloppement Durable<\/h6>\n<p><img decoding=\"async\" class=\"size-medium wp-image-1599 alignright\" src=\"https:\/\/www.assent.com\/wp-content\/uploads\/2022\/01\/Assent_TeamMember_Sue-Fortunato-Esbach_headshot-300x300.jpeg\" alt=\"\" width=\"300\" height=\"300\" srcset=\"https:\/\/www.assent.com\/wp-content\/uploads\/2022\/01\/Assent_TeamMember_Sue-Fortunato-Esbach_headshot-300x300.jpeg 300w, https:\/\/www.assent.com\/wp-content\/uploads\/2022\/01\/Assent_TeamMember_Sue-Fortunato-Esbach_headshot-150x150.jpeg 150w, https:\/\/www.assent.com\/wp-content\/uploads\/2022\/01\/Assent_TeamMember_Sue-Fortunato-Esbach_headshot.jpeg 400w\" sizes=\"(max-width: 300px) 100vw, 300px\" \/>Sue Fortunato-Esbach a \u00e0 c\u0153ur d&rsquo;aider les entreprises \u00e0 respecter leurs exigences juridiques en transformant toute complexit\u00e9 en efficacit\u00e9 technique. Bas\u00e9e \u00e0 Francfort, en Allemagne, elle met sa riche exp\u00e9rience dans les secteurs de l&rsquo;\u00e9lectronique et de la production industrielle au service de ses clients. Elle est dot\u00e9e de nombreuses comp\u00e9tences dans le domaine de la conformit\u00e9 des produits et de l&rsquo;environnement, la sant\u00e9 et la s\u00e9curit\u00e9 (EHS), auxquelles viennent s&rsquo;ajouter une connaissance approfondie des exigences r\u00e9glementaires li\u00e9es aux directives RoHS (limitation de l&rsquo;utilisation de substances dangereuses), DEEE (d\u00e9chets d&rsquo;\u00e9quipements \u00e9lectriques et \u00e9lectroniques) et LVD (directive basse tension), au r\u00e8glement REACH (enregistrement, \u00e9valuation, autorisation et restriction des substances chimiques), au conditionnement et \u00e0 l&rsquo;\u00e9coconception. Avant de rejoindre Assent, Sue Fortunato-Esbach dirigeait l&rsquo;\u00e9quipe charg\u00e9e de la conformit\u00e9 des produits chez Heraeus Noblelight GmbH.<\/p>\n<p><a href=\"https:\/\/www.linkedin.com\/in\/sue-fortunato-esbach-245b75a9\/\" target=\"_blank\" rel=\"noopener\">Entrer en contact avec Sue Fortunato-Esbach sur LinkedIn<\/a><\/p>\n<p><a href=\"mailto:sue.fortunato-esbach@assent.com\">Envoyer un e-mail \u00e0 Sue Fortunato-Esbach<\/a><\/p>\n<\/div>    \r\n        <\/section>\n\n\n<div style=\"height:75px\" aria-hidden=\"true\" class=\"wp-block-spacer\"><\/div>\n","protected":false},"excerpt":{"rendered":"<p>Faites la connaissance de Sue Fortunato-Esbach, experte en conformit\u00e9 r\u00e9glementaire chez Assent<\/p>\n","protected":false},"author":21,"featured_media":0,"parent":31083,"menu_order":0,"comment_status":"closed","ping_status":"closed","template":"","meta":{"_acf_changed":false,"footnotes":"","_links_to":"","_links_to_target":""},"categories":[],"class_list":["post-31190","page","type-page","status-publish","hentry"],"acf":[],"yoast_head":"<!-- This site is optimized with the Yoast SEO Premium plugin v26.6 (Yoast SEO v27.0) - https:\/\/yoast.com\/product\/yoast-seo-premium-wordpress\/ -->\n<title>Sue Fortunato-Esbach | Experte en r\u00e9glementation | Assent<\/title>\n<meta name=\"description\" content=\"Faites la connaissance de Sue Fortunato-Esbach, experte en conformit\u00e9 r\u00e9glementaire chez Assent\" \/>\n<meta name=\"robots\" content=\"index, follow, max-snippet:-1, max-image-preview:large, max-video-preview:-1\" \/>\n<link rel=\"canonical\" href=\"https:\/\/www.assent.com\/fr\/capacites\/expertise\/sue-fortunato-esbach\/\" \/>\n<meta property=\"og:locale\" content=\"fr_FR\" \/>\n<meta property=\"og:type\" content=\"article\" \/>\n<meta property=\"og:title\" content=\"Sue Fortunato-Esbach\" \/>\n<meta property=\"og:description\" content=\"Faites la connaissance de Sue Fortunato-Esbach, experte en conformit\u00e9 r\u00e9glementaire chez Assent\" \/>\n<meta property=\"og:url\" content=\"https:\/\/www.assent.com\/fr\/capacites\/expertise\/sue-fortunato-esbach\/\" \/>\n<meta property=\"og:site_name\" content=\"Assent\" \/>\n<meta property=\"article:publisher\" content=\"https:\/\/www.facebook.com\/AssentCompliance\/\" \/>\n<meta property=\"article:modified_time\" content=\"2023-11-10T03:41:00+00:00\" \/>\n<meta name=\"twitter:card\" content=\"summary_large_image\" \/>\n<meta name=\"twitter:site\" content=\"@AssentGlobal\" \/>\n<script type=\"application\/ld+json\" class=\"yoast-schema-graph\">{\"@context\":\"https:\/\/schema.org\",\"@graph\":[{\"@type\":\"WebPage\",\"@id\":\"https:\/\/www.assent.com\/fr\/capacites\/expertise\/sue-fortunato-esbach\/\",\"url\":\"https:\/\/www.assent.com\/fr\/capacites\/expertise\/sue-fortunato-esbach\/\",\"name\":\"Sue Fortunato-Esbach | Experte en r\u00e9glementation | Assent\",\"isPartOf\":{\"@id\":\"https:\/\/www.assent.com\/fr\/#website\"},\"datePublished\":\"2022-01-29T03:01:50+00:00\",\"dateModified\":\"2023-11-10T03:41:00+00:00\",\"description\":\"Faites la connaissance de Sue Fortunato-Esbach, experte en conformit\u00e9 r\u00e9glementaire chez Assent\",\"breadcrumb\":{\"@id\":\"https:\/\/www.assent.com\/fr\/capacites\/expertise\/sue-fortunato-esbach\/#breadcrumb\"},\"inLanguage\":\"fr-FR\",\"potentialAction\":[{\"@type\":\"ReadAction\",\"target\":[\"https:\/\/www.assent.com\/fr\/capacites\/expertise\/sue-fortunato-esbach\/\"]}]},{\"@type\":\"BreadcrumbList\",\"@id\":\"https:\/\/www.assent.com\/fr\/capacites\/expertise\/sue-fortunato-esbach\/#breadcrumb\",\"itemListElement\":[{\"@type\":\"ListItem\",\"position\":1,\"name\":\"Home\",\"item\":\"https:\/\/www.assent.com\/fr\/\"},{\"@type\":\"ListItem\",\"position\":2,\"name\":\"Plateforme et Capacit\u00e9s\",\"item\":\"https:\/\/www.assent.com\/fr\/capacites\/\"},{\"@type\":\"ListItem\",\"position\":3,\"name\":\"Notre Expertise\",\"item\":\"https:\/\/www.assent.com\/fr\/capacites\/expertise\/\"},{\"@type\":\"ListItem\",\"position\":4,\"name\":\"Sue Fortunato-Esbach\"}]},{\"@type\":\"WebSite\",\"@id\":\"https:\/\/www.assent.com\/fr\/#website\",\"url\":\"https:\/\/www.assent.com\/fr\/\",\"name\":\"Assent\",\"description\":\"\",\"publisher\":{\"@id\":\"https:\/\/www.assent.com\/fr\/#organization\"},\"potentialAction\":[{\"@type\":\"SearchAction\",\"target\":{\"@type\":\"EntryPoint\",\"urlTemplate\":\"https:\/\/www.assent.com\/fr\/?s={search_term_string}\"},\"query-input\":{\"@type\":\"PropertyValueSpecification\",\"valueRequired\":true,\"valueName\":\"search_term_string\"}}],\"inLanguage\":\"fr-FR\"},{\"@type\":\"Organization\",\"@id\":\"https:\/\/www.assent.com\/fr\/#organization\",\"name\":\"Assent\",\"url\":\"https:\/\/www.assent.com\/fr\/\",\"logo\":{\"@type\":\"ImageObject\",\"inLanguage\":\"fr-FR\",\"@id\":\"https:\/\/www.assent.com\/fr\/#\/schema\/logo\/image\/\",\"url\":\"https:\/\/www.assent.com\/wp-content\/uploads\/2022\/01\/logo.svg\",\"contentUrl\":\"https:\/\/www.assent.com\/wp-content\/uploads\/2022\/01\/logo.svg\",\"width\":1,\"height\":1,\"caption\":\"Assent\"},\"image\":{\"@id\":\"https:\/\/www.assent.com\/fr\/#\/schema\/logo\/image\/\"},\"sameAs\":[\"https:\/\/www.facebook.com\/AssentCompliance\/\",\"https:\/\/x.com\/AssentGlobal\",\"https:\/\/www.linkedin.com\/company\/assent-compliance-inc\"]}]}<\/script>\n<!-- \/ Yoast SEO Premium plugin. -->","yoast_head_json":{"title":"Sue Fortunato-Esbach | Experte en r\u00e9glementation | Assent","description":"Faites la connaissance de Sue Fortunato-Esbach, experte en conformit\u00e9 r\u00e9glementaire chez Assent","robots":{"index":"index","follow":"follow","max-snippet":"max-snippet:-1","max-image-preview":"max-image-preview:large","max-video-preview":"max-video-preview:-1"},"canonical":"https:\/\/www.assent.com\/fr\/capacites\/expertise\/sue-fortunato-esbach\/","og_locale":"fr_FR","og_type":"article","og_title":"Sue Fortunato-Esbach","og_description":"Faites la connaissance de Sue Fortunato-Esbach, experte en conformit\u00e9 r\u00e9glementaire chez Assent","og_url":"https:\/\/www.assent.com\/fr\/capacites\/expertise\/sue-fortunato-esbach\/","og_site_name":"Assent","article_publisher":"https:\/\/www.facebook.com\/AssentCompliance\/","article_modified_time":"2023-11-10T03:41:00+00:00","twitter_card":"summary_large_image","twitter_site":"@AssentGlobal","schema":{"@context":"https:\/\/schema.org","@graph":[{"@type":"WebPage","@id":"https:\/\/www.assent.com\/fr\/capacites\/expertise\/sue-fortunato-esbach\/","url":"https:\/\/www.assent.com\/fr\/capacites\/expertise\/sue-fortunato-esbach\/","name":"Sue Fortunato-Esbach | Experte en r\u00e9glementation | Assent","isPartOf":{"@id":"https:\/\/www.assent.com\/fr\/#website"},"datePublished":"2022-01-29T03:01:50+00:00","dateModified":"2023-11-10T03:41:00+00:00","description":"Faites la connaissance de Sue Fortunato-Esbach, experte en conformit\u00e9 r\u00e9glementaire chez Assent","breadcrumb":{"@id":"https:\/\/www.assent.com\/fr\/capacites\/expertise\/sue-fortunato-esbach\/#breadcrumb"},"inLanguage":"fr-FR","potentialAction":[{"@type":"ReadAction","target":["https:\/\/www.assent.com\/fr\/capacites\/expertise\/sue-fortunato-esbach\/"]}]},{"@type":"BreadcrumbList","@id":"https:\/\/www.assent.com\/fr\/capacites\/expertise\/sue-fortunato-esbach\/#breadcrumb","itemListElement":[{"@type":"ListItem","position":1,"name":"Home","item":"https:\/\/www.assent.com\/fr\/"},{"@type":"ListItem","position":2,"name":"Plateforme et Capacit\u00e9s","item":"https:\/\/www.assent.com\/fr\/capacites\/"},{"@type":"ListItem","position":3,"name":"Notre Expertise","item":"https:\/\/www.assent.com\/fr\/capacites\/expertise\/"},{"@type":"ListItem","position":4,"name":"Sue Fortunato-Esbach"}]},{"@type":"WebSite","@id":"https:\/\/www.assent.com\/fr\/#website","url":"https:\/\/www.assent.com\/fr\/","name":"Assent","description":"","publisher":{"@id":"https:\/\/www.assent.com\/fr\/#organization"},"potentialAction":[{"@type":"SearchAction","target":{"@type":"EntryPoint","urlTemplate":"https:\/\/www.assent.com\/fr\/?s={search_term_string}"},"query-input":{"@type":"PropertyValueSpecification","valueRequired":true,"valueName":"search_term_string"}}],"inLanguage":"fr-FR"},{"@type":"Organization","@id":"https:\/\/www.assent.com\/fr\/#organization","name":"Assent","url":"https:\/\/www.assent.com\/fr\/","logo":{"@type":"ImageObject","inLanguage":"fr-FR","@id":"https:\/\/www.assent.com\/fr\/#\/schema\/logo\/image\/","url":"https:\/\/www.assent.com\/wp-content\/uploads\/2022\/01\/logo.svg","contentUrl":"https:\/\/www.assent.com\/wp-content\/uploads\/2022\/01\/logo.svg","width":1,"height":1,"caption":"Assent"},"image":{"@id":"https:\/\/www.assent.com\/fr\/#\/schema\/logo\/image\/"},"sameAs":["https:\/\/www.facebook.com\/AssentCompliance\/","https:\/\/x.com\/AssentGlobal","https:\/\/www.linkedin.com\/company\/assent-compliance-inc"]}]}},"_links":{"self":[{"href":"https:\/\/www.assent.com\/fr\/wp-json\/wp\/v2\/pages\/31190","targetHints":{"allow":["GET"]}}],"collection":[{"href":"https:\/\/www.assent.com\/fr\/wp-json\/wp\/v2\/pages"}],"about":[{"href":"https:\/\/www.assent.com\/fr\/wp-json\/wp\/v2\/types\/page"}],"author":[{"embeddable":true,"href":"https:\/\/www.assent.com\/fr\/wp-json\/wp\/v2\/users\/21"}],"replies":[{"embeddable":true,"href":"https:\/\/www.assent.com\/fr\/wp-json\/wp\/v2\/comments?post=31190"}],"version-history":[{"count":0,"href":"https:\/\/www.assent.com\/fr\/wp-json\/wp\/v2\/pages\/31190\/revisions"}],"up":[{"embeddable":true,"href":"https:\/\/www.assent.com\/fr\/wp-json\/wp\/v2\/pages\/31083"}],"wp:attachment":[{"href":"https:\/\/www.assent.com\/fr\/wp-json\/wp\/v2\/media?parent=31190"}],"wp:term":[{"taxonomy":"category","embeddable":true,"href":"https:\/\/www.assent.com\/fr\/wp-json\/wp\/v2\/categories?post=31190"}],"curies":[{"name":"wp","href":"https:\/\/api.w.org\/{rel}","templated":true}]}}