{"id":31155,"date":"2022-01-28T22:21:34","date_gmt":"2022-01-29T03:21:34","guid":{"rendered":"https:\/\/www.assent.com\/capacites\/competence\/mark-schneider\/"},"modified":"2026-03-19T09:40:05","modified_gmt":"2026-03-19T13:40:05","slug":"mark-schneider","status":"publish","type":"page","link":"https:\/\/www.assent.com\/fr\/capacites\/expertise\/marcus-schneider\/","title":{"rendered":"Marcus Schneider"},"content":{"rendered":"\n<div style=\"height:75px\" aria-hidden=\"true\" class=\"wp-block-spacer\"><\/div>\n\n\n\r\n<!-- WYSIWYG -->\r\n        <section class=\"wysiwyg-section\">\r\n            <div class=\"container\"><h1>Marcus Schneider<\/h1>\n<h6>Expert senior en conformit\u00e9 des produits<\/h6>\n<p><img decoding=\"async\" src=\"https:\/\/www.assent.com\/wp-content\/uploads\/2022\/01\/Faceshot-MarcusSchneider-300x300.webp\" alt=\"\" width=\"300\" height=\"300\" class=\"alignright size-medium wp-image-113847\" srcset=\"https:\/\/www.assent.com\/wp-content\/uploads\/2022\/01\/Faceshot-MarcusSchneider-300x300.webp 300w, https:\/\/www.assent.com\/wp-content\/uploads\/2022\/01\/Faceshot-MarcusSchneider-1024x1024.webp 1024w, https:\/\/www.assent.com\/wp-content\/uploads\/2022\/01\/Faceshot-MarcusSchneider-150x150.webp 150w, https:\/\/www.assent.com\/wp-content\/uploads\/2022\/01\/Faceshot-MarcusSchneider-768x768.webp 768w, https:\/\/www.assent.com\/wp-content\/uploads\/2022\/01\/Faceshot-MarcusSchneider-1536x1536.webp 1536w, https:\/\/www.assent.com\/wp-content\/uploads\/2022\/01\/Faceshot-MarcusSchneider.webp 1600w\" sizes=\"(max-width: 300px) 100vw, 300px\" \/>Marcus Schneider poss\u00e8de une solide expertise dans le domaine de la conformit\u00e9 des mat\u00e9riaux, renforc\u00e9e par une vaste exp\u00e9rience des programmes de reporting et d&rsquo;analyse des donn\u00e9es. Il a \u00e0 c\u0153ur d&rsquo;aider les entreprises \u00e0 interpr\u00e9ter leurs donn\u00e9es pour qu&rsquo;elles puissent non seulement satisfaire \u00e0 leurs exigences juridiques, mais \u00e9galement exploiter ces donn\u00e9es en tant que ressources strat\u00e9giques en vue d&rsquo;am\u00e9liorer leur activit\u00e9. Avant de rejoindre Assent, Marcus Schneider occupait le poste de consultant senior chez DXC Technology, pour laquelle il a \u00e9labor\u00e9 un programme de conformit\u00e9 solide. Il a \u00e9galement travaill\u00e9 pendant plus de 20 ans pour Electronic Data Systems, Hewlett Packard Enterprise Company et DXC, \u00e0 accompagner les clients dans la num\u00e9risation de leurs processus de conformit\u00e9 des mat\u00e9riaux et \u00e0 collaborer avec des organismes de normalisation tels qu&rsquo;IPC et d&rsquo;autres groupes du secteur.<\/p>\n<p><a href=\"https:\/\/www.linkedin.com\/in\/marcus-schneider-2a932860\/\" target=\"_blank\" rel=\"noopener\">Entrer en contact avec Marcus Schneider sur LinkedIn<\/a><\/p>\n<p><a href=\"mailto:marcus.schneider@assentcompliance.com\">Envoyer un e-mail \u00e0 Marcus Schneider<\/a><\/p>\n<\/div>    \r\n        <\/section>\n\n\n<div style=\"height:75px\" aria-hidden=\"true\" class=\"wp-block-spacer\"><\/div>\n","protected":false},"excerpt":{"rendered":"<p>Meet Assent\u2019s Regulatory Compliance Expert Marcus Schneider, Senior Subject Matter Expert, Corporate Social Responsibility.<\/p>\n","protected":false},"author":21,"featured_media":0,"parent":31083,"menu_order":0,"comment_status":"closed","ping_status":"closed","template":"","meta":{"_acf_changed":false,"footnotes":"","_links_to":"","_links_to_target":""},"categories":[],"class_list":["post-31155","page","type-page","status-publish","hentry"],"acf":[],"yoast_head":"<!-- This site is optimized with the Yoast SEO Premium plugin v26.6 (Yoast SEO v27.0) - https:\/\/yoast.com\/product\/yoast-seo-premium-wordpress\/ -->\n<title>Marcus Schneider | Experte en r\u00e9glementation | Assent<\/title>\n<meta name=\"description\" content=\"Rencontrez Marcus Schneider, expert senior en conformit\u00e9 des produits\" \/>\n<meta name=\"robots\" content=\"index, follow, max-snippet:-1, max-image-preview:large, max-video-preview:-1\" \/>\n<link rel=\"canonical\" href=\"https:\/\/www.assent.com\/fr\/capacites\/expertise\/marcus-schneider\/\" \/>\n<meta property=\"og:locale\" content=\"fr_FR\" \/>\n<meta property=\"og:type\" content=\"article\" \/>\n<meta property=\"og:title\" content=\"Marcus Schneider\" \/>\n<meta property=\"og:description\" content=\"Rencontrez Marcus Schneider, expert senior en conformit\u00e9 des produits\" \/>\n<meta property=\"og:url\" content=\"https:\/\/www.assent.com\/fr\/capacites\/expertise\/marcus-schneider\/\" \/>\n<meta property=\"og:site_name\" content=\"Assent\" \/>\n<meta property=\"article:publisher\" content=\"https:\/\/www.facebook.com\/AssentCompliance\/\" \/>\n<meta property=\"article:modified_time\" content=\"2026-03-19T13:40:05+00:00\" \/>\n<meta name=\"twitter:card\" content=\"summary_large_image\" \/>\n<meta name=\"twitter:site\" content=\"@AssentGlobal\" \/>\n<script type=\"application\/ld+json\" class=\"yoast-schema-graph\">{\"@context\":\"https:\/\/schema.org\",\"@graph\":[{\"@type\":\"WebPage\",\"@id\":\"https:\/\/www.assent.com\/fr\/capacites\/expertise\/marcus-schneider\/\",\"url\":\"https:\/\/www.assent.com\/fr\/capacites\/expertise\/marcus-schneider\/\",\"name\":\"Marcus Schneider | Experte en r\u00e9glementation | Assent\",\"isPartOf\":{\"@id\":\"https:\/\/www.assent.com\/fr\/#website\"},\"datePublished\":\"2022-01-29T03:21:34+00:00\",\"dateModified\":\"2026-03-19T13:40:05+00:00\",\"description\":\"Rencontrez Marcus Schneider, expert senior en conformit\u00e9 des produits\",\"breadcrumb\":{\"@id\":\"https:\/\/www.assent.com\/fr\/capacites\/expertise\/marcus-schneider\/#breadcrumb\"},\"inLanguage\":\"fr-FR\",\"potentialAction\":[{\"@type\":\"ReadAction\",\"target\":[\"https:\/\/www.assent.com\/fr\/capacites\/expertise\/marcus-schneider\/\"]}]},{\"@type\":\"BreadcrumbList\",\"@id\":\"https:\/\/www.assent.com\/fr\/capacites\/expertise\/marcus-schneider\/#breadcrumb\",\"itemListElement\":[{\"@type\":\"ListItem\",\"position\":1,\"name\":\"Home\",\"item\":\"https:\/\/www.assent.com\/fr\/\"},{\"@type\":\"ListItem\",\"position\":2,\"name\":\"Plateforme et Capacit\u00e9s\",\"item\":\"https:\/\/www.assent.com\/fr\/capacites\/\"},{\"@type\":\"ListItem\",\"position\":3,\"name\":\"Notre Expertise\",\"item\":\"https:\/\/www.assent.com\/fr\/capacites\/expertise\/\"},{\"@type\":\"ListItem\",\"position\":4,\"name\":\"Marcus Schneider\"}]},{\"@type\":\"WebSite\",\"@id\":\"https:\/\/www.assent.com\/fr\/#website\",\"url\":\"https:\/\/www.assent.com\/fr\/\",\"name\":\"Assent\",\"description\":\"\",\"publisher\":{\"@id\":\"https:\/\/www.assent.com\/fr\/#organization\"},\"potentialAction\":[{\"@type\":\"SearchAction\",\"target\":{\"@type\":\"EntryPoint\",\"urlTemplate\":\"https:\/\/www.assent.com\/fr\/?s={search_term_string}\"},\"query-input\":{\"@type\":\"PropertyValueSpecification\",\"valueRequired\":true,\"valueName\":\"search_term_string\"}}],\"inLanguage\":\"fr-FR\"},{\"@type\":\"Organization\",\"@id\":\"https:\/\/www.assent.com\/fr\/#organization\",\"name\":\"Assent\",\"url\":\"https:\/\/www.assent.com\/fr\/\",\"logo\":{\"@type\":\"ImageObject\",\"inLanguage\":\"fr-FR\",\"@id\":\"https:\/\/www.assent.com\/fr\/#\/schema\/logo\/image\/\",\"url\":\"https:\/\/www.assent.com\/wp-content\/uploads\/2022\/01\/logo.svg\",\"contentUrl\":\"https:\/\/www.assent.com\/wp-content\/uploads\/2022\/01\/logo.svg\",\"width\":1,\"height\":1,\"caption\":\"Assent\"},\"image\":{\"@id\":\"https:\/\/www.assent.com\/fr\/#\/schema\/logo\/image\/\"},\"sameAs\":[\"https:\/\/www.facebook.com\/AssentCompliance\/\",\"https:\/\/x.com\/AssentGlobal\",\"https:\/\/www.linkedin.com\/company\/assent-compliance-inc\"]}]}<\/script>\n<!-- \/ Yoast SEO Premium plugin. -->","yoast_head_json":{"title":"Marcus Schneider | Experte en r\u00e9glementation | Assent","description":"Rencontrez Marcus Schneider, expert senior en conformit\u00e9 des produits","robots":{"index":"index","follow":"follow","max-snippet":"max-snippet:-1","max-image-preview":"max-image-preview:large","max-video-preview":"max-video-preview:-1"},"canonical":"https:\/\/www.assent.com\/fr\/capacites\/expertise\/marcus-schneider\/","og_locale":"fr_FR","og_type":"article","og_title":"Marcus Schneider","og_description":"Rencontrez Marcus Schneider, expert senior en conformit\u00e9 des produits","og_url":"https:\/\/www.assent.com\/fr\/capacites\/expertise\/marcus-schneider\/","og_site_name":"Assent","article_publisher":"https:\/\/www.facebook.com\/AssentCompliance\/","article_modified_time":"2026-03-19T13:40:05+00:00","twitter_card":"summary_large_image","twitter_site":"@AssentGlobal","schema":{"@context":"https:\/\/schema.org","@graph":[{"@type":"WebPage","@id":"https:\/\/www.assent.com\/fr\/capacites\/expertise\/marcus-schneider\/","url":"https:\/\/www.assent.com\/fr\/capacites\/expertise\/marcus-schneider\/","name":"Marcus Schneider | Experte en r\u00e9glementation | Assent","isPartOf":{"@id":"https:\/\/www.assent.com\/fr\/#website"},"datePublished":"2022-01-29T03:21:34+00:00","dateModified":"2026-03-19T13:40:05+00:00","description":"Rencontrez Marcus Schneider, expert senior en conformit\u00e9 des produits","breadcrumb":{"@id":"https:\/\/www.assent.com\/fr\/capacites\/expertise\/marcus-schneider\/#breadcrumb"},"inLanguage":"fr-FR","potentialAction":[{"@type":"ReadAction","target":["https:\/\/www.assent.com\/fr\/capacites\/expertise\/marcus-schneider\/"]}]},{"@type":"BreadcrumbList","@id":"https:\/\/www.assent.com\/fr\/capacites\/expertise\/marcus-schneider\/#breadcrumb","itemListElement":[{"@type":"ListItem","position":1,"name":"Home","item":"https:\/\/www.assent.com\/fr\/"},{"@type":"ListItem","position":2,"name":"Plateforme et Capacit\u00e9s","item":"https:\/\/www.assent.com\/fr\/capacites\/"},{"@type":"ListItem","position":3,"name":"Notre Expertise","item":"https:\/\/www.assent.com\/fr\/capacites\/expertise\/"},{"@type":"ListItem","position":4,"name":"Marcus Schneider"}]},{"@type":"WebSite","@id":"https:\/\/www.assent.com\/fr\/#website","url":"https:\/\/www.assent.com\/fr\/","name":"Assent","description":"","publisher":{"@id":"https:\/\/www.assent.com\/fr\/#organization"},"potentialAction":[{"@type":"SearchAction","target":{"@type":"EntryPoint","urlTemplate":"https:\/\/www.assent.com\/fr\/?s={search_term_string}"},"query-input":{"@type":"PropertyValueSpecification","valueRequired":true,"valueName":"search_term_string"}}],"inLanguage":"fr-FR"},{"@type":"Organization","@id":"https:\/\/www.assent.com\/fr\/#organization","name":"Assent","url":"https:\/\/www.assent.com\/fr\/","logo":{"@type":"ImageObject","inLanguage":"fr-FR","@id":"https:\/\/www.assent.com\/fr\/#\/schema\/logo\/image\/","url":"https:\/\/www.assent.com\/wp-content\/uploads\/2022\/01\/logo.svg","contentUrl":"https:\/\/www.assent.com\/wp-content\/uploads\/2022\/01\/logo.svg","width":1,"height":1,"caption":"Assent"},"image":{"@id":"https:\/\/www.assent.com\/fr\/#\/schema\/logo\/image\/"},"sameAs":["https:\/\/www.facebook.com\/AssentCompliance\/","https:\/\/x.com\/AssentGlobal","https:\/\/www.linkedin.com\/company\/assent-compliance-inc"]}]}},"_links":{"self":[{"href":"https:\/\/www.assent.com\/fr\/wp-json\/wp\/v2\/pages\/31155","targetHints":{"allow":["GET"]}}],"collection":[{"href":"https:\/\/www.assent.com\/fr\/wp-json\/wp\/v2\/pages"}],"about":[{"href":"https:\/\/www.assent.com\/fr\/wp-json\/wp\/v2\/types\/page"}],"author":[{"embeddable":true,"href":"https:\/\/www.assent.com\/fr\/wp-json\/wp\/v2\/users\/21"}],"replies":[{"embeddable":true,"href":"https:\/\/www.assent.com\/fr\/wp-json\/wp\/v2\/comments?post=31155"}],"version-history":[{"count":2,"href":"https:\/\/www.assent.com\/fr\/wp-json\/wp\/v2\/pages\/31155\/revisions"}],"predecessor-version":[{"id":113862,"href":"https:\/\/www.assent.com\/fr\/wp-json\/wp\/v2\/pages\/31155\/revisions\/113862"}],"up":[{"embeddable":true,"href":"https:\/\/www.assent.com\/fr\/wp-json\/wp\/v2\/pages\/31083"}],"wp:attachment":[{"href":"https:\/\/www.assent.com\/fr\/wp-json\/wp\/v2\/media?parent=31155"}],"wp:term":[{"taxonomy":"category","embeddable":true,"href":"https:\/\/www.assent.com\/fr\/wp-json\/wp\/v2\/categories?post=31155"}],"curies":[{"name":"wp","href":"https:\/\/api.w.org\/{rel}","templated":true}]}}