{"id":31072,"date":"2022-05-04T17:06:00","date_gmt":"2022-05-04T21:06:00","guid":{"rendered":"https:\/\/www.assent.com\/evenements-webinaires\/assent-evoluer\/haut-parleurs\/ben-gross\/"},"modified":"2022-08-10T11:55:42","modified_gmt":"2022-08-10T15:55:42","slug":"ben-gross","status":"publish","type":"page","link":"https:\/\/www.assent.com\/fr\/evenements-webinaires\/assent-evolve\/haut-parleurs\/ben-gross\/","title":{"rendered":"Ben Gross"},"content":{"rendered":"\n<div style=\"height:75px\" aria-hidden=\"true\" class=\"wp-block-spacer\"><\/div>\n\n\n\r\n<!-- WYSIWYG -->\r\n        <section class=\"wysiwyg-section\" id=\"ben_gross\">\r\n            <div class=\"container\"><h1>Ben Gross<\/h1>\n<h6>Conseiller juridique dans le domaine de la conformit\u00e9 commerciale<\/h6>\n<p><img decoding=\"async\" class=\"alignnone size-medium wp-image-14654 alignright\" src=\"https:\/\/www.assent.com\/wp-content\/uploads\/2022\/01\/Assent_TeamMember_BenGross_headshot.jpeg\" alt=\"Ben Gross\" width=\"300\" height=\"300\" \/><br \/>\nProfessionnel du domaine de la conformit\u00e9 commerciale, Ben Gross s&rsquo;est sp\u00e9cialis\u00e9 dans les r\u00e9glementations du commerce international, la classification des exportations, les d\u00e9clarations gouvernementales et l&rsquo;audit. Il a \u00e9labor\u00e9 et financ\u00e9 des programmes de conformit\u00e9 pour le commerce international destin\u00e9s aux entreprises pr\u00e9sentes dans le monde entier. Membre associ\u00e9 du corps enseignant de Sandra Day O\u2019Connor College of Law, il a par le pass\u00e9 occup\u00e9 divers postes d&rsquo;aide juridique et de conseil pour EY, Honeywell International Inc. et Microchip Technology Inc.<\/p>\n<p><a href=\"https:\/\/www.linkedin.com\/in\/bgross1031\">Entrer en contact avec Ben Gross sur LinkedIn<\/a><\/p>\n<p><a href=\"mailto:ben.gross@assent.com\">Envoyer un e-mail \u00e0 Ben Gross<\/a><\/p>\n<\/div>    \r\n        <\/section>\n\n\n<div style=\"height:75px\" aria-hidden=\"true\" class=\"wp-block-spacer\"><\/div>\n","protected":false},"excerpt":{"rendered":"","protected":false},"author":21,"featured_media":0,"parent":31070,"menu_order":0,"comment_status":"closed","ping_status":"closed","template":"","meta":{"_acf_changed":false,"footnotes":"","_links_to":"","_links_to_target":""},"categories":[],"class_list":["post-31072","page","type-page","status-publish","hentry"],"acf":[],"yoast_head":"<!-- This site is optimized with the Yoast SEO Premium plugin v26.6 (Yoast SEO v27.0) - https:\/\/yoast.com\/product\/yoast-seo-premium-wordpress\/ -->\n<title>Ben Gross | Expert en r\u00e9glementation | Assent<\/title>\n<meta name=\"description\" content=\"Faites la connaissance de Ben Gross, expert en conformit\u00e9 r\u00e9glementaire chez Assent\" \/>\n<meta name=\"robots\" content=\"index, follow, max-snippet:-1, max-image-preview:large, max-video-preview:-1\" \/>\n<link rel=\"canonical\" href=\"https:\/\/www.assent.com\/fr\/evenements-webinaires\/assent-evolve\/haut-parleurs\/ben-gross\/\" \/>\n<meta property=\"og:locale\" content=\"fr_FR\" \/>\n<meta property=\"og:type\" content=\"article\" \/>\n<meta property=\"og:title\" content=\"Ben Gross\" \/>\n<meta property=\"og:description\" content=\"Faites la connaissance de Ben Gross, expert en conformit\u00e9 r\u00e9glementaire chez Assent\" \/>\n<meta property=\"og:url\" content=\"https:\/\/www.assent.com\/fr\/evenements-webinaires\/assent-evolve\/haut-parleurs\/ben-gross\/\" \/>\n<meta property=\"og:site_name\" content=\"Assent\" \/>\n<meta property=\"article:publisher\" content=\"https:\/\/www.facebook.com\/AssentCompliance\/\" \/>\n<meta property=\"article:modified_time\" content=\"2022-08-10T15:55:42+00:00\" \/>\n<meta name=\"twitter:card\" content=\"summary_large_image\" \/>\n<meta name=\"twitter:site\" content=\"@AssentGlobal\" \/>\n<script type=\"application\/ld+json\" class=\"yoast-schema-graph\">{\"@context\":\"https:\/\/schema.org\",\"@graph\":[{\"@type\":\"WebPage\",\"@id\":\"https:\/\/www.assent.com\/fr\/evenements-webinaires\/assent-evolve\/haut-parleurs\/ben-gross\/\",\"url\":\"https:\/\/www.assent.com\/fr\/evenements-webinaires\/assent-evolve\/haut-parleurs\/ben-gross\/\",\"name\":\"Ben Gross | Expert en r\u00e9glementation | Assent\",\"isPartOf\":{\"@id\":\"https:\/\/www.assent.com\/fr\/#website\"},\"datePublished\":\"2022-05-04T21:06:00+00:00\",\"dateModified\":\"2022-08-10T15:55:42+00:00\",\"description\":\"Faites la connaissance de Ben Gross, expert en conformit\u00e9 r\u00e9glementaire chez Assent\",\"breadcrumb\":{\"@id\":\"https:\/\/www.assent.com\/fr\/evenements-webinaires\/assent-evolve\/haut-parleurs\/ben-gross\/#breadcrumb\"},\"inLanguage\":\"fr-FR\",\"potentialAction\":[{\"@type\":\"ReadAction\",\"target\":[\"https:\/\/www.assent.com\/fr\/evenements-webinaires\/assent-evolve\/haut-parleurs\/ben-gross\/\"]}]},{\"@type\":\"BreadcrumbList\",\"@id\":\"https:\/\/www.assent.com\/fr\/evenements-webinaires\/assent-evolve\/haut-parleurs\/ben-gross\/#breadcrumb\",\"itemListElement\":[{\"@type\":\"ListItem\",\"position\":1,\"name\":\"Home\",\"item\":\"https:\/\/www.assent.com\/fr\/\"},{\"@type\":\"ListItem\",\"position\":2,\"name\":\"\u00c9v\u00e9nements et webinaires\",\"item\":\"https:\/\/www.assent.com\/fr\/evenements-webinaires\/\"},{\"@type\":\"ListItem\",\"position\":3,\"name\":\"Priv\u00e9\u00a0: Assent Evolve\",\"item\":\"https:\/\/www.assent.com\/fr\/?page_id=31068\"},{\"@type\":\"ListItem\",\"position\":4,\"name\":\"Haut-parleurs\",\"item\":\"https:\/\/www.assent.com\/fr\/evenements-webinaires\/assent-evolve\/haut-parleurs\/\"},{\"@type\":\"ListItem\",\"position\":5,\"name\":\"Ben Gross\"}]},{\"@type\":\"WebSite\",\"@id\":\"https:\/\/www.assent.com\/fr\/#website\",\"url\":\"https:\/\/www.assent.com\/fr\/\",\"name\":\"Assent\",\"description\":\"\",\"publisher\":{\"@id\":\"https:\/\/www.assent.com\/fr\/#organization\"},\"potentialAction\":[{\"@type\":\"SearchAction\",\"target\":{\"@type\":\"EntryPoint\",\"urlTemplate\":\"https:\/\/www.assent.com\/fr\/?s={search_term_string}\"},\"query-input\":{\"@type\":\"PropertyValueSpecification\",\"valueRequired\":true,\"valueName\":\"search_term_string\"}}],\"inLanguage\":\"fr-FR\"},{\"@type\":\"Organization\",\"@id\":\"https:\/\/www.assent.com\/fr\/#organization\",\"name\":\"Assent\",\"url\":\"https:\/\/www.assent.com\/fr\/\",\"logo\":{\"@type\":\"ImageObject\",\"inLanguage\":\"fr-FR\",\"@id\":\"https:\/\/www.assent.com\/fr\/#\/schema\/logo\/image\/\",\"url\":\"https:\/\/www.assent.com\/wp-content\/uploads\/2022\/01\/logo.svg\",\"contentUrl\":\"https:\/\/www.assent.com\/wp-content\/uploads\/2022\/01\/logo.svg\",\"width\":1,\"height\":1,\"caption\":\"Assent\"},\"image\":{\"@id\":\"https:\/\/www.assent.com\/fr\/#\/schema\/logo\/image\/\"},\"sameAs\":[\"https:\/\/www.facebook.com\/AssentCompliance\/\",\"https:\/\/x.com\/AssentGlobal\",\"https:\/\/www.linkedin.com\/company\/assent-compliance-inc\"]}]}<\/script>\n<!-- \/ Yoast SEO Premium plugin. -->","yoast_head_json":{"title":"Ben Gross | Expert en r\u00e9glementation | Assent","description":"Faites la connaissance de Ben Gross, expert en conformit\u00e9 r\u00e9glementaire chez Assent","robots":{"index":"index","follow":"follow","max-snippet":"max-snippet:-1","max-image-preview":"max-image-preview:large","max-video-preview":"max-video-preview:-1"},"canonical":"https:\/\/www.assent.com\/fr\/evenements-webinaires\/assent-evolve\/haut-parleurs\/ben-gross\/","og_locale":"fr_FR","og_type":"article","og_title":"Ben Gross","og_description":"Faites la connaissance de Ben Gross, expert en conformit\u00e9 r\u00e9glementaire chez Assent","og_url":"https:\/\/www.assent.com\/fr\/evenements-webinaires\/assent-evolve\/haut-parleurs\/ben-gross\/","og_site_name":"Assent","article_publisher":"https:\/\/www.facebook.com\/AssentCompliance\/","article_modified_time":"2022-08-10T15:55:42+00:00","twitter_card":"summary_large_image","twitter_site":"@AssentGlobal","schema":{"@context":"https:\/\/schema.org","@graph":[{"@type":"WebPage","@id":"https:\/\/www.assent.com\/fr\/evenements-webinaires\/assent-evolve\/haut-parleurs\/ben-gross\/","url":"https:\/\/www.assent.com\/fr\/evenements-webinaires\/assent-evolve\/haut-parleurs\/ben-gross\/","name":"Ben Gross | Expert en r\u00e9glementation | Assent","isPartOf":{"@id":"https:\/\/www.assent.com\/fr\/#website"},"datePublished":"2022-05-04T21:06:00+00:00","dateModified":"2022-08-10T15:55:42+00:00","description":"Faites la connaissance de Ben Gross, expert en conformit\u00e9 r\u00e9glementaire chez Assent","breadcrumb":{"@id":"https:\/\/www.assent.com\/fr\/evenements-webinaires\/assent-evolve\/haut-parleurs\/ben-gross\/#breadcrumb"},"inLanguage":"fr-FR","potentialAction":[{"@type":"ReadAction","target":["https:\/\/www.assent.com\/fr\/evenements-webinaires\/assent-evolve\/haut-parleurs\/ben-gross\/"]}]},{"@type":"BreadcrumbList","@id":"https:\/\/www.assent.com\/fr\/evenements-webinaires\/assent-evolve\/haut-parleurs\/ben-gross\/#breadcrumb","itemListElement":[{"@type":"ListItem","position":1,"name":"Home","item":"https:\/\/www.assent.com\/fr\/"},{"@type":"ListItem","position":2,"name":"\u00c9v\u00e9nements et webinaires","item":"https:\/\/www.assent.com\/fr\/evenements-webinaires\/"},{"@type":"ListItem","position":3,"name":"Priv\u00e9\u00a0: Assent Evolve","item":"https:\/\/www.assent.com\/fr\/?page_id=31068"},{"@type":"ListItem","position":4,"name":"Haut-parleurs","item":"https:\/\/www.assent.com\/fr\/evenements-webinaires\/assent-evolve\/haut-parleurs\/"},{"@type":"ListItem","position":5,"name":"Ben Gross"}]},{"@type":"WebSite","@id":"https:\/\/www.assent.com\/fr\/#website","url":"https:\/\/www.assent.com\/fr\/","name":"Assent","description":"","publisher":{"@id":"https:\/\/www.assent.com\/fr\/#organization"},"potentialAction":[{"@type":"SearchAction","target":{"@type":"EntryPoint","urlTemplate":"https:\/\/www.assent.com\/fr\/?s={search_term_string}"},"query-input":{"@type":"PropertyValueSpecification","valueRequired":true,"valueName":"search_term_string"}}],"inLanguage":"fr-FR"},{"@type":"Organization","@id":"https:\/\/www.assent.com\/fr\/#organization","name":"Assent","url":"https:\/\/www.assent.com\/fr\/","logo":{"@type":"ImageObject","inLanguage":"fr-FR","@id":"https:\/\/www.assent.com\/fr\/#\/schema\/logo\/image\/","url":"https:\/\/www.assent.com\/wp-content\/uploads\/2022\/01\/logo.svg","contentUrl":"https:\/\/www.assent.com\/wp-content\/uploads\/2022\/01\/logo.svg","width":1,"height":1,"caption":"Assent"},"image":{"@id":"https:\/\/www.assent.com\/fr\/#\/schema\/logo\/image\/"},"sameAs":["https:\/\/www.facebook.com\/AssentCompliance\/","https:\/\/x.com\/AssentGlobal","https:\/\/www.linkedin.com\/company\/assent-compliance-inc"]}]}},"_links":{"self":[{"href":"https:\/\/www.assent.com\/fr\/wp-json\/wp\/v2\/pages\/31072","targetHints":{"allow":["GET"]}}],"collection":[{"href":"https:\/\/www.assent.com\/fr\/wp-json\/wp\/v2\/pages"}],"about":[{"href":"https:\/\/www.assent.com\/fr\/wp-json\/wp\/v2\/types\/page"}],"author":[{"embeddable":true,"href":"https:\/\/www.assent.com\/fr\/wp-json\/wp\/v2\/users\/21"}],"replies":[{"embeddable":true,"href":"https:\/\/www.assent.com\/fr\/wp-json\/wp\/v2\/comments?post=31072"}],"version-history":[{"count":0,"href":"https:\/\/www.assent.com\/fr\/wp-json\/wp\/v2\/pages\/31072\/revisions"}],"up":[{"embeddable":true,"href":"https:\/\/www.assent.com\/fr\/wp-json\/wp\/v2\/pages\/31070"}],"wp:attachment":[{"href":"https:\/\/www.assent.com\/fr\/wp-json\/wp\/v2\/media?parent=31072"}],"wp:term":[{"taxonomy":"category","embeddable":true,"href":"https:\/\/www.assent.com\/fr\/wp-json\/wp\/v2\/categories?post=31072"}],"curies":[{"name":"wp","href":"https:\/\/api.w.org\/{rel}","templated":true}]}}