{"id":31008,"date":"2022-01-26T21:17:44","date_gmt":"2022-01-27T02:17:44","guid":{"rendered":"https:\/\/www.assent.com\/compagnie\/equipe-de-direction\/dave-curley\/"},"modified":"2025-07-22T17:32:52","modified_gmt":"2025-07-22T21:32:52","slug":"dave-curley","status":"publish","type":"page","link":"https:\/\/www.assent.com\/fr\/entreprise\/equipe-direction\/dave-curley\/","title":{"rendered":"Dave Curley"},"content":{"rendered":"\n<div style=\"height:50px\" aria-hidden=\"true\" class=\"wp-block-spacer\"><\/div>\n\n\n\r\n<!-- WYSIWYG -->\r\n        <section class=\"wysiwyg-section\">\r\n            <div class=\"container\"><h1>Dave Curley<\/h1>\n<h6>Rencontrez Dave Curley, directeur des revenus d&rsquo;Assent.<\/h6>\n<p><img decoding=\"async\" class=\"size-medium wp-image-1260 alignright\" src=\"https:\/\/assent.com\/wp-content\/uploads\/2022\/01\/Assent_TeamMember_DaveCurley_headshot-300x300.jpeg\" alt=\"\" width=\"300\" height=\"300\" srcset=\"https:\/\/www.assent.com\/wp-content\/uploads\/2022\/01\/Assent_TeamMember_DaveCurley_headshot-300x300.jpeg 300w, https:\/\/www.assent.com\/wp-content\/uploads\/2022\/01\/Assent_TeamMember_DaveCurley_headshot-150x150.jpeg 150w, https:\/\/www.assent.com\/wp-content\/uploads\/2022\/01\/Assent_TeamMember_DaveCurley_headshot.jpeg 660w\" sizes=\"(max-width: 300px) 100vw, 300px\" \/>Dave Curley s&rsquo;appuie sur ses nombreuses connaissances et ses 25 ans d&rsquo;exp\u00e9rience pour aider les \u00e9quipes en charge des ventes et du marketing \u00e0 atteindre de nouveaux sommets.<\/p>\n<p>Gr\u00e2ce aux postes de direction qu&rsquo;il a occup\u00e9s chez Mxi Technologies, QNX Software Systems ou encore Mitel, et son exp\u00e9rience internationale dans les secteurs de l&rsquo;a\u00e9rospatiale, de l&rsquo;automobile et des dispositifs m\u00e9dicaux, Dave s&rsquo;est cr\u00e9\u00e9 un bagage unique dans lequel il puise pour trouver des solutions innovantes \u00e0 chaque nouveau d\u00e9fi. Cadre et mentor passionn\u00e9, il inspire ceux qui l&rsquo;entourent par ses id\u00e9es et son humour.<\/p>\n<p>&nbsp;<\/p>\n<p><a href=\"https:\/\/www.linkedin.com\/in\/dave-curley-977a76\/\" target=\"_blank\" rel=\"noopener\">Entrer en contact avec Dave Curley sur LinkedIn<\/a><\/p>\n<p><a href=\"mailto:dave.curley@assentcompliance.com\" target=\"_blank\" rel=\"noopener\">Envoyer un e-mail \u00e0 Dave Curley<\/a><\/p>\n<\/div>    \r\n        <\/section>\n\n\n<div style=\"height:50px\" aria-hidden=\"true\" class=\"wp-block-spacer\"><\/div>\n","protected":false},"excerpt":{"rendered":"<p>Meet Dave Curley, Assent\u2019s Chief Revenue Officer.<\/p>\n","protected":false},"author":21,"featured_media":0,"parent":30757,"menu_order":0,"comment_status":"closed","ping_status":"closed","template":"","meta":{"_acf_changed":false,"footnotes":"","_links_to":"","_links_to_target":""},"categories":[],"class_list":["post-31008","page","type-page","status-publish","hentry"],"acf":[],"yoast_head":"<!-- This site is optimized with the Yoast SEO Premium plugin v26.6 (Yoast SEO v27.0) - https:\/\/yoast.com\/product\/yoast-seo-premium-wordpress\/ -->\n<title>Dave Curley - FR | Leadership | Assent<\/title>\n<meta name=\"description\" content=\"Rencontrez Dave Curley, directeur des revenus d&#039;Assent.\" \/>\n<meta name=\"robots\" content=\"index, follow, max-snippet:-1, max-image-preview:large, max-video-preview:-1\" \/>\n<link rel=\"canonical\" href=\"https:\/\/www.assent.com\/fr\/entreprise\/equipe-direction\/dave-curley\/\" \/>\n<meta property=\"og:locale\" content=\"fr_FR\" \/>\n<meta property=\"og:type\" content=\"article\" \/>\n<meta property=\"og:title\" content=\"Dave Curley\" \/>\n<meta property=\"og:description\" content=\"Rencontrez Dave Curley, directeur des revenus d&#039;Assent.\" \/>\n<meta property=\"og:url\" content=\"https:\/\/www.assent.com\/fr\/entreprise\/equipe-direction\/dave-curley\/\" \/>\n<meta property=\"og:site_name\" content=\"Assent\" \/>\n<meta property=\"article:publisher\" content=\"https:\/\/www.facebook.com\/AssentCompliance\/\" \/>\n<meta property=\"article:modified_time\" content=\"2025-07-22T21:32:52+00:00\" \/>\n<meta name=\"twitter:card\" content=\"summary_large_image\" \/>\n<meta name=\"twitter:site\" content=\"@AssentGlobal\" \/>\n<script type=\"application\/ld+json\" class=\"yoast-schema-graph\">{\"@context\":\"https:\/\/schema.org\",\"@graph\":[{\"@type\":\"WebPage\",\"@id\":\"https:\/\/www.assent.com\/fr\/entreprise\/equipe-direction\/dave-curley\/\",\"url\":\"https:\/\/www.assent.com\/fr\/entreprise\/equipe-direction\/dave-curley\/\",\"name\":\"Dave Curley - FR | Leadership | Assent\",\"isPartOf\":{\"@id\":\"https:\/\/www.assent.com\/fr\/#website\"},\"datePublished\":\"2022-01-27T02:17:44+00:00\",\"dateModified\":\"2025-07-22T21:32:52+00:00\",\"description\":\"Rencontrez Dave Curley, directeur des revenus d'Assent.\",\"breadcrumb\":{\"@id\":\"https:\/\/www.assent.com\/fr\/entreprise\/equipe-direction\/dave-curley\/#breadcrumb\"},\"inLanguage\":\"fr-FR\",\"potentialAction\":[{\"@type\":\"ReadAction\",\"target\":[\"https:\/\/www.assent.com\/fr\/entreprise\/equipe-direction\/dave-curley\/\"]}]},{\"@type\":\"BreadcrumbList\",\"@id\":\"https:\/\/www.assent.com\/fr\/entreprise\/equipe-direction\/dave-curley\/#breadcrumb\",\"itemListElement\":[{\"@type\":\"ListItem\",\"position\":1,\"name\":\"Home\",\"item\":\"https:\/\/www.assent.com\/fr\/\"},{\"@type\":\"ListItem\",\"position\":2,\"name\":\"Entreprise\",\"item\":\"https:\/\/www.assent.com\/fr\/entreprise\/\"},{\"@type\":\"ListItem\",\"position\":3,\"name\":\"\u00c9quipe de direction\",\"item\":\"https:\/\/www.assent.com\/fr\/entreprise\/equipe-direction\/\"},{\"@type\":\"ListItem\",\"position\":4,\"name\":\"Dave Curley\"}]},{\"@type\":\"WebSite\",\"@id\":\"https:\/\/www.assent.com\/fr\/#website\",\"url\":\"https:\/\/www.assent.com\/fr\/\",\"name\":\"Assent\",\"description\":\"\",\"publisher\":{\"@id\":\"https:\/\/www.assent.com\/fr\/#organization\"},\"potentialAction\":[{\"@type\":\"SearchAction\",\"target\":{\"@type\":\"EntryPoint\",\"urlTemplate\":\"https:\/\/www.assent.com\/fr\/?s={search_term_string}\"},\"query-input\":{\"@type\":\"PropertyValueSpecification\",\"valueRequired\":true,\"valueName\":\"search_term_string\"}}],\"inLanguage\":\"fr-FR\"},{\"@type\":\"Organization\",\"@id\":\"https:\/\/www.assent.com\/fr\/#organization\",\"name\":\"Assent\",\"url\":\"https:\/\/www.assent.com\/fr\/\",\"logo\":{\"@type\":\"ImageObject\",\"inLanguage\":\"fr-FR\",\"@id\":\"https:\/\/www.assent.com\/fr\/#\/schema\/logo\/image\/\",\"url\":\"https:\/\/www.assent.com\/wp-content\/uploads\/2022\/01\/logo.svg\",\"contentUrl\":\"https:\/\/www.assent.com\/wp-content\/uploads\/2022\/01\/logo.svg\",\"width\":1,\"height\":1,\"caption\":\"Assent\"},\"image\":{\"@id\":\"https:\/\/www.assent.com\/fr\/#\/schema\/logo\/image\/\"},\"sameAs\":[\"https:\/\/www.facebook.com\/AssentCompliance\/\",\"https:\/\/x.com\/AssentGlobal\",\"https:\/\/www.linkedin.com\/company\/assent-compliance-inc\"]}]}<\/script>\n<!-- \/ Yoast SEO Premium plugin. -->","yoast_head_json":{"title":"Dave Curley - FR | Leadership | Assent","description":"Rencontrez Dave Curley, directeur des revenus d'Assent.","robots":{"index":"index","follow":"follow","max-snippet":"max-snippet:-1","max-image-preview":"max-image-preview:large","max-video-preview":"max-video-preview:-1"},"canonical":"https:\/\/www.assent.com\/fr\/entreprise\/equipe-direction\/dave-curley\/","og_locale":"fr_FR","og_type":"article","og_title":"Dave Curley","og_description":"Rencontrez Dave Curley, directeur des revenus d'Assent.","og_url":"https:\/\/www.assent.com\/fr\/entreprise\/equipe-direction\/dave-curley\/","og_site_name":"Assent","article_publisher":"https:\/\/www.facebook.com\/AssentCompliance\/","article_modified_time":"2025-07-22T21:32:52+00:00","twitter_card":"summary_large_image","twitter_site":"@AssentGlobal","schema":{"@context":"https:\/\/schema.org","@graph":[{"@type":"WebPage","@id":"https:\/\/www.assent.com\/fr\/entreprise\/equipe-direction\/dave-curley\/","url":"https:\/\/www.assent.com\/fr\/entreprise\/equipe-direction\/dave-curley\/","name":"Dave Curley - FR | Leadership | Assent","isPartOf":{"@id":"https:\/\/www.assent.com\/fr\/#website"},"datePublished":"2022-01-27T02:17:44+00:00","dateModified":"2025-07-22T21:32:52+00:00","description":"Rencontrez Dave Curley, directeur des revenus d'Assent.","breadcrumb":{"@id":"https:\/\/www.assent.com\/fr\/entreprise\/equipe-direction\/dave-curley\/#breadcrumb"},"inLanguage":"fr-FR","potentialAction":[{"@type":"ReadAction","target":["https:\/\/www.assent.com\/fr\/entreprise\/equipe-direction\/dave-curley\/"]}]},{"@type":"BreadcrumbList","@id":"https:\/\/www.assent.com\/fr\/entreprise\/equipe-direction\/dave-curley\/#breadcrumb","itemListElement":[{"@type":"ListItem","position":1,"name":"Home","item":"https:\/\/www.assent.com\/fr\/"},{"@type":"ListItem","position":2,"name":"Entreprise","item":"https:\/\/www.assent.com\/fr\/entreprise\/"},{"@type":"ListItem","position":3,"name":"\u00c9quipe de direction","item":"https:\/\/www.assent.com\/fr\/entreprise\/equipe-direction\/"},{"@type":"ListItem","position":4,"name":"Dave Curley"}]},{"@type":"WebSite","@id":"https:\/\/www.assent.com\/fr\/#website","url":"https:\/\/www.assent.com\/fr\/","name":"Assent","description":"","publisher":{"@id":"https:\/\/www.assent.com\/fr\/#organization"},"potentialAction":[{"@type":"SearchAction","target":{"@type":"EntryPoint","urlTemplate":"https:\/\/www.assent.com\/fr\/?s={search_term_string}"},"query-input":{"@type":"PropertyValueSpecification","valueRequired":true,"valueName":"search_term_string"}}],"inLanguage":"fr-FR"},{"@type":"Organization","@id":"https:\/\/www.assent.com\/fr\/#organization","name":"Assent","url":"https:\/\/www.assent.com\/fr\/","logo":{"@type":"ImageObject","inLanguage":"fr-FR","@id":"https:\/\/www.assent.com\/fr\/#\/schema\/logo\/image\/","url":"https:\/\/www.assent.com\/wp-content\/uploads\/2022\/01\/logo.svg","contentUrl":"https:\/\/www.assent.com\/wp-content\/uploads\/2022\/01\/logo.svg","width":1,"height":1,"caption":"Assent"},"image":{"@id":"https:\/\/www.assent.com\/fr\/#\/schema\/logo\/image\/"},"sameAs":["https:\/\/www.facebook.com\/AssentCompliance\/","https:\/\/x.com\/AssentGlobal","https:\/\/www.linkedin.com\/company\/assent-compliance-inc"]}]}},"_links":{"self":[{"href":"https:\/\/www.assent.com\/fr\/wp-json\/wp\/v2\/pages\/31008","targetHints":{"allow":["GET"]}}],"collection":[{"href":"https:\/\/www.assent.com\/fr\/wp-json\/wp\/v2\/pages"}],"about":[{"href":"https:\/\/www.assent.com\/fr\/wp-json\/wp\/v2\/types\/page"}],"author":[{"embeddable":true,"href":"https:\/\/www.assent.com\/fr\/wp-json\/wp\/v2\/users\/21"}],"replies":[{"embeddable":true,"href":"https:\/\/www.assent.com\/fr\/wp-json\/wp\/v2\/comments?post=31008"}],"version-history":[{"count":1,"href":"https:\/\/www.assent.com\/fr\/wp-json\/wp\/v2\/pages\/31008\/revisions"}],"predecessor-version":[{"id":94106,"href":"https:\/\/www.assent.com\/fr\/wp-json\/wp\/v2\/pages\/31008\/revisions\/94106"}],"up":[{"embeddable":true,"href":"https:\/\/www.assent.com\/fr\/wp-json\/wp\/v2\/pages\/30757"}],"wp:attachment":[{"href":"https:\/\/www.assent.com\/fr\/wp-json\/wp\/v2\/media?parent=31008"}],"wp:term":[{"taxonomy":"category","embeddable":true,"href":"https:\/\/www.assent.com\/fr\/wp-json\/wp\/v2\/categories?post=31008"}],"curies":[{"name":"wp","href":"https:\/\/api.w.org\/{rel}","templated":true}]}}