{"id":30797,"date":"2022-01-26T20:39:50","date_gmt":"2022-01-27T01:39:50","guid":{"rendered":"https:\/\/www.assent.com\/compagnie\/equipe-de-direction\/andrew-waitman\/"},"modified":"2025-07-14T11:19:47","modified_gmt":"2025-07-14T15:19:47","slug":"andrew-waitman","status":"publish","type":"page","link":"https:\/\/www.assent.com\/fr\/entreprise\/equipe-direction\/andrew-waitman\/","title":{"rendered":"Andrew Waitman"},"content":{"rendered":"\n<section  class=\"team-bio-hero\">\n    <div class=\"team-bio-hero__wrapper\">\n    <div class=\"container\">\n        <div class=\"team-bio-hero__left\">\n            <div class=\"breadcrumbs\">\n                <ul>\n                                    <\/ul>\n            <\/div>\n            <div class=\"team-bio-hero__content\">\n                <div class=\"team-bio-hero__header\">\n                                            <h1 class=\"team-bio-hero__name\">\n                            Andrew Waitman                        <\/h1>\n                    \n                                            <div>\n                            <a href=\"https:\/\/www.linkedin.com\/in\/andrew-w-333322\/\" target=\"_blank\" rel=\"noopener noreferrer\" class=\"team-bio-hero__linkedin\">\n                                <svg xmlns=\"http:\/\/www.w3.org\/2000\/svg\" width=\"24\" height=\"24\" viewBox=\"0 0 24 24\" fill=\"none\">\n                                    <path d=\"M22.2283 0H1.77167C1.30179 0 0.851161 0.186657 0.518909 0.518909C0.186657 0.851161 0 1.30179 0 1.77167V22.2283C0 22.6982 0.186657 23.1488 0.518909 23.4811C0.851161 23.8133 1.30179 24 1.77167 24H22.2283C22.6982 24 23.1488 23.8133 23.4811 23.4811C23.8133 23.1488 24 22.6982 24 22.2283V1.77167C24 1.30179 23.8133 0.851161 23.4811 0.518909C23.1488 0.186657 22.6982 0 22.2283 0ZM7.15333 20.445H3.545V8.98333H7.15333V20.445ZM5.34667 7.395C4.93736 7.3927 4.53792 7.2692 4.19873 7.04009C3.85955 6.81098 3.59584 6.48653 3.44088 6.10769C3.28591 5.72885 3.24665 5.31259 3.32803 4.91145C3.40941 4.51032 3.6078 4.14228 3.89816 3.85378C4.18851 3.56529 4.55782 3.36927 4.95947 3.29046C5.36112 3.21165 5.77711 3.25359 6.15495 3.41099C6.53279 3.56838 6.85554 3.83417 7.08247 4.17481C7.30939 4.51546 7.43032 4.91569 7.43 5.325C7.43386 5.59903 7.38251 5.87104 7.27901 6.1248C7.17551 6.37857 7.02198 6.6089 6.82757 6.80207C6.63316 6.99523 6.40185 7.14728 6.14742 7.24915C5.893 7.35102 5.62067 7.40062 5.34667 7.395ZM20.4533 20.455H16.8467V14.1933C16.8467 12.3467 16.0617 11.7767 15.0483 11.7767C13.9783 11.7767 12.9283 12.5833 12.9283 14.24V20.455H9.32V8.99167H12.79V10.58H12.8367C13.185 9.875 14.405 8.67 16.2667 8.67C18.28 8.67 20.455 9.865 20.455 13.365L20.4533 20.455Z\" fill=\"currentColor\"\/>\n                                <\/svg>\n                            <\/a>\n                        <\/div>\n                                    <\/div>\n\n                                    <p class=\"team-bio-hero__title\">\n                        Directeur g\u00e9n\u00e9ral                    <\/p>\n                            <\/div>\n        <\/div>\n        <div>\n            <img decoding=\"async\" src=\"https:\/\/www.assent.com\/wp-content\/uploads\/2025\/07\/Andrew-Waitman_large.webp\" alt=\"Andrew Waitman\" width=\"528\" height=\"574\">\n        <\/div>\n    <\/div>\n\n<\/div><\/section>\n\n\n\n\n<div style=\"height:42px\" aria-hidden=\"true\" class=\"wp-block-spacer\"><\/div>\n\n\n\r\n<!-- WYSIWYG -->\r\n        <section class=\"wysiwyg-section\">\r\n            <div class=\"container\"><p>Faites la connaissance d&rsquo;Andrew Waitman, le directeur g\u00e9n\u00e9ral d&rsquo;Assent. Son exp\u00e9rience accumul\u00e9e dans plus de 30 soci\u00e9t\u00e9s technologiques a jou\u00e9 un r\u00f4le essentiel dans la croissance de l&rsquo;entreprise.<\/p>\n<p>Poste apr\u00e8s poste, son objectif reste le m\u00eame : aider les entreprises \u00e0 aller de l&rsquo;avant. Depuis qu&rsquo;il est \u00e0 la t\u00eate d&rsquo;Assent, Andrew Waitman a jou\u00e9 un r\u00f4le pr\u00e9pond\u00e9rant dans la croissance de l&rsquo;entreprise. En effet, c&rsquo;est notamment gr\u00e2ce \u00e0 son travail que nous avons pu rejoindre la liste Narwhal des entreprises \u00e0 fort potentiel.<\/p>\n<p>Avant cela, Andrew \u00e9tait PDG de Pythian et a supervis\u00e9 la transformation de cette petite entreprise en l&rsquo;un des plus grands prestataires de services professionnels du Canada qui enregistre une croissance significative. Il a \u00e9galement occup\u00e9 le poste d&rsquo;associ\u00e9 directeur chez Celtic House Venture Partners pendant les ann\u00e9es les plus prosp\u00e8res de l&rsquo;entreprise, lorsqu&rsquo;un fonds a produit l&rsquo;un des 10 meilleurs rendements de fonds de capital-risque au monde.<\/p>\n<p>Andrew Waitman a si\u00e9g\u00e9 au conseil d&rsquo;administration de plus de 30 entreprises technologiques. Aujourd&rsquo;hui, il est membre des conseils d&rsquo;administration d&rsquo;Assent et de Fidus Systems, et si\u00e8ge \u00e0 la commission consultative de Genesys Capital.<\/p>\n<p><strong>Il aide les entreprises \u00e0 :<\/strong><\/p>\n<ul>\n<li>Attirer de nouveaux investisseurs ;<\/li>\n<li>G\u00e9n\u00e9rer une croissance durable de leurs revenus ;<\/li>\n<li>Cr\u00e9er un programme ESG ;<\/li>\n<li>Limiter les risques li\u00e9s au commerce international.<\/li>\n<\/ul>\n<p><a href=\"mailto:andrew.waitman@assent.com\">Envoyer un e-mail \u00e0 Andrew Waitman<\/a><\/p>\n<\/div>    \r\n        <\/section>\n\n\n<div style=\"height:84px\" aria-hidden=\"true\" class=\"wp-block-spacer\"><\/div>\n\n\n<section class=\"card-grid-comp elem-viewport \"  data-theme=\"light\">\n        <div class=\"container\">\n            <div class=\"sec-heading text-center \"><h2>\u00c9couter le point de vue d&rsquo;Andrew<\/h2> <\/div><div class=\"row justify-content-center card-box-wrap\"><div class=\"cell-lg-6 card-box\"><a href=\"https:\/\/fellow.app\/supermanagers\/andrew-waitman-assent-running-leadership-meetings-with-purpose\/\" target=\"_blank\" class=\"card-box-inner\"><div class=\"desc\"><div class=\"eyebrow-text\">Podcast<\/div><h5 class=\"title\">Podcast Supermanagers<\/h5><p>Dans ce podcast, Andrew Waitman parle de l&rsquo;\u00e9volution de ses m\u00e9thodes de gestion, et explique comment l&rsquo;\u00e9quilibre entre structure et flexibilit\u00e9 peut vous aider \u00e0 animer des r\u00e9unions de direction plus fructueuses.<\/p>\n<span class=\"btn-link\">\u00c9coutez le podcast<\/span><\/div><figure>\n                                <img decoding=\"async\" src=\"https:\/\/www.assent.com\/wp-content\/uploads\/2022\/01\/Assent_AndrewWaitman_PodcastPromo-min.png\" alt=\"\">\n                            <\/figure><\/a><\/div><div class=\"cell-lg-6 card-box\"><a href=\"https:\/\/www.troops.ai\/podcasts\/37-assent-compliance-ceo-andrew-waitman\" target=\"_blank\" class=\"card-box-inner\"><div class=\"desc\"><div class=\"eyebrow-text\">Podcast<\/div><h5 class=\"title\">L&rsquo;humain au c\u0153ur de l&rsquo;entreprise<\/h5><p>Faire passer son activit\u00e9 au niveau sup\u00e9rieur requiert une organisation soign\u00e9e et une \u00e9quipe de direction ad\u00e9quate. Dans ce podcast, Andrew Waitman \u00e9voque les aspects humains n\u00e9cessaires \u00e0 la r\u00e9ussite d&rsquo;une entreprise.<\/p>\n<span class=\"btn-link\">\u00c9coutez le podcast<\/span><\/div><figure>\n                                <img decoding=\"async\" src=\"https:\/\/www.assent.com\/wp-content\/uploads\/2022\/01\/Assent_AndrewWaitman_PodcastPromo_BuiltByHumans-min.jpeg\" alt=\"\">\n                            <\/figure><\/a><\/div><div class=\"cell-lg-6 card-box\"><a href=\"https:\/\/metadata.io\/resources\/podcasts\/episode-17-todd-olson-and-andrew-waitman\/\" target=\"_blank\" class=\"card-box-inner\"><div class=\"desc\"><div class=\"eyebrow-text\">Podcast<\/div><h5 class=\"title\">Cr\u00e9ateurs de cat\u00e9gories B2B<\/h5><p>La cr\u00e9ation de cat\u00e9gories est souvent laborieuse, mais certaines \u00e9tapes permettent de vous faciliter la t\u00e2che. Andrew Waitman explique l&rsquo;importance des r\u00f4les que jouent le calcul du march\u00e9 adressable total (TAM), l&rsquo;ing\u00e9nierie de qualit\u00e9 et une strat\u00e9gie de marque solide dans la d\u00e9finition de votre cat\u00e9gorie.<\/p>\n<span class=\"btn-link\">\u00c9coutez le podcast<\/span><\/div><figure>\n                                <img decoding=\"async\" src=\"https:\/\/www.assent.com\/wp-content\/uploads\/2022\/01\/Assent_AndrewWaitman_PodcastProomo_B2BCategoryCreators-min.png\" alt=\"\">\n                            <\/figure><\/a><\/div><\/div><\/div>\n    <\/section>","protected":false},"excerpt":{"rendered":"<p>Faites la connaissance d&rsquo;Andrew Waitman, le directeur g\u00e9n\u00e9ral d&rsquo;Assent. Son exp\u00e9rience accumul\u00e9e dans plus de 30 soci\u00e9t\u00e9s technologiques a jou\u00e9 un r\u00f4le essentiel dans la croissance de l&rsquo;entreprise.<\/p>\n","protected":false},"author":21,"featured_media":0,"parent":30757,"menu_order":0,"comment_status":"closed","ping_status":"closed","template":"","meta":{"_acf_changed":false,"footnotes":"","_links_to":"","_links_to_target":""},"categories":[],"class_list":["post-30797","page","type-page","status-publish","hentry"],"acf":[],"yoast_head":"<!-- This site is optimized with the Yoast SEO Premium plugin v26.6 (Yoast SEO v27.0) - https:\/\/yoast.com\/product\/yoast-seo-premium-wordpress\/ -->\n<title>Andrew Waitman | Direction | Assent<\/title>\n<meta name=\"description\" content=\"Faites la connaissance d&#039;Andrew Waitman, le directeur g\u00e9n\u00e9ral d&#039;Assent. Son exp\u00e9rience accumul\u00e9e dans plus de 30 soci\u00e9t\u00e9s technologiques a jou\u00e9 un r\u00f4le essentiel dans la croissance de l&#039;entreprise.\" \/>\n<meta name=\"robots\" content=\"index, follow, max-snippet:-1, max-image-preview:large, max-video-preview:-1\" \/>\n<link rel=\"canonical\" href=\"https:\/\/www.assent.com\/fr\/entreprise\/equipe-direction\/andrew-waitman\/\" \/>\n<meta property=\"og:locale\" content=\"fr_FR\" \/>\n<meta property=\"og:type\" content=\"article\" \/>\n<meta property=\"og:title\" content=\"Andrew Waitman\" \/>\n<meta property=\"og:description\" content=\"Faites la connaissance d&#039;Andrew Waitman, le directeur g\u00e9n\u00e9ral d&#039;Assent. Son exp\u00e9rience accumul\u00e9e dans plus de 30 soci\u00e9t\u00e9s technologiques a jou\u00e9 un r\u00f4le essentiel dans la croissance de l&#039;entreprise.\" \/>\n<meta property=\"og:url\" content=\"https:\/\/www.assent.com\/fr\/entreprise\/equipe-direction\/andrew-waitman\/\" \/>\n<meta property=\"og:site_name\" content=\"Assent\" \/>\n<meta property=\"article:publisher\" content=\"https:\/\/www.facebook.com\/AssentCompliance\/\" \/>\n<meta property=\"article:modified_time\" content=\"2025-07-14T15:19:47+00:00\" \/>\n<meta name=\"twitter:card\" content=\"summary_large_image\" \/>\n<meta name=\"twitter:site\" content=\"@AssentGlobal\" \/>\n<script type=\"application\/ld+json\" class=\"yoast-schema-graph\">{\"@context\":\"https:\/\/schema.org\",\"@graph\":[{\"@type\":\"WebPage\",\"@id\":\"https:\/\/www.assent.com\/fr\/entreprise\/equipe-direction\/andrew-waitman\/\",\"url\":\"https:\/\/www.assent.com\/fr\/entreprise\/equipe-direction\/andrew-waitman\/\",\"name\":\"Andrew Waitman | Direction | Assent\",\"isPartOf\":{\"@id\":\"https:\/\/www.assent.com\/fr\/#website\"},\"datePublished\":\"2022-01-27T01:39:50+00:00\",\"dateModified\":\"2025-07-14T15:19:47+00:00\",\"description\":\"Faites la connaissance d'Andrew Waitman, le directeur g\u00e9n\u00e9ral d'Assent. Son exp\u00e9rience accumul\u00e9e dans plus de 30 soci\u00e9t\u00e9s technologiques a jou\u00e9 un r\u00f4le essentiel dans la croissance de l'entreprise.\",\"breadcrumb\":{\"@id\":\"https:\/\/www.assent.com\/fr\/entreprise\/equipe-direction\/andrew-waitman\/#breadcrumb\"},\"inLanguage\":\"fr-FR\",\"potentialAction\":[{\"@type\":\"ReadAction\",\"target\":[\"https:\/\/www.assent.com\/fr\/entreprise\/equipe-direction\/andrew-waitman\/\"]}]},{\"@type\":\"BreadcrumbList\",\"@id\":\"https:\/\/www.assent.com\/fr\/entreprise\/equipe-direction\/andrew-waitman\/#breadcrumb\",\"itemListElement\":[{\"@type\":\"ListItem\",\"position\":1,\"name\":\"Home\",\"item\":\"https:\/\/www.assent.com\/fr\/\"},{\"@type\":\"ListItem\",\"position\":2,\"name\":\"Entreprise\",\"item\":\"https:\/\/www.assent.com\/fr\/entreprise\/\"},{\"@type\":\"ListItem\",\"position\":3,\"name\":\"\u00c9quipe de direction\",\"item\":\"https:\/\/www.assent.com\/fr\/entreprise\/equipe-direction\/\"},{\"@type\":\"ListItem\",\"position\":4,\"name\":\"Andrew Waitman\"}]},{\"@type\":\"WebSite\",\"@id\":\"https:\/\/www.assent.com\/fr\/#website\",\"url\":\"https:\/\/www.assent.com\/fr\/\",\"name\":\"Assent\",\"description\":\"\",\"publisher\":{\"@id\":\"https:\/\/www.assent.com\/fr\/#organization\"},\"potentialAction\":[{\"@type\":\"SearchAction\",\"target\":{\"@type\":\"EntryPoint\",\"urlTemplate\":\"https:\/\/www.assent.com\/fr\/?s={search_term_string}\"},\"query-input\":{\"@type\":\"PropertyValueSpecification\",\"valueRequired\":true,\"valueName\":\"search_term_string\"}}],\"inLanguage\":\"fr-FR\"},{\"@type\":\"Organization\",\"@id\":\"https:\/\/www.assent.com\/fr\/#organization\",\"name\":\"Assent\",\"url\":\"https:\/\/www.assent.com\/fr\/\",\"logo\":{\"@type\":\"ImageObject\",\"inLanguage\":\"fr-FR\",\"@id\":\"https:\/\/www.assent.com\/fr\/#\/schema\/logo\/image\/\",\"url\":\"https:\/\/www.assent.com\/wp-content\/uploads\/2022\/01\/logo.svg\",\"contentUrl\":\"https:\/\/www.assent.com\/wp-content\/uploads\/2022\/01\/logo.svg\",\"width\":1,\"height\":1,\"caption\":\"Assent\"},\"image\":{\"@id\":\"https:\/\/www.assent.com\/fr\/#\/schema\/logo\/image\/\"},\"sameAs\":[\"https:\/\/www.facebook.com\/AssentCompliance\/\",\"https:\/\/x.com\/AssentGlobal\",\"https:\/\/www.linkedin.com\/company\/assent-compliance-inc\"]}]}<\/script>\n<!-- \/ Yoast SEO Premium plugin. -->","yoast_head_json":{"title":"Andrew Waitman | Direction | Assent","description":"Faites la connaissance d'Andrew Waitman, le directeur g\u00e9n\u00e9ral d'Assent. Son exp\u00e9rience accumul\u00e9e dans plus de 30 soci\u00e9t\u00e9s technologiques a jou\u00e9 un r\u00f4le essentiel dans la croissance de l'entreprise.","robots":{"index":"index","follow":"follow","max-snippet":"max-snippet:-1","max-image-preview":"max-image-preview:large","max-video-preview":"max-video-preview:-1"},"canonical":"https:\/\/www.assent.com\/fr\/entreprise\/equipe-direction\/andrew-waitman\/","og_locale":"fr_FR","og_type":"article","og_title":"Andrew Waitman","og_description":"Faites la connaissance d'Andrew Waitman, le directeur g\u00e9n\u00e9ral d'Assent. Son exp\u00e9rience accumul\u00e9e dans plus de 30 soci\u00e9t\u00e9s technologiques a jou\u00e9 un r\u00f4le essentiel dans la croissance de l'entreprise.","og_url":"https:\/\/www.assent.com\/fr\/entreprise\/equipe-direction\/andrew-waitman\/","og_site_name":"Assent","article_publisher":"https:\/\/www.facebook.com\/AssentCompliance\/","article_modified_time":"2025-07-14T15:19:47+00:00","twitter_card":"summary_large_image","twitter_site":"@AssentGlobal","schema":{"@context":"https:\/\/schema.org","@graph":[{"@type":"WebPage","@id":"https:\/\/www.assent.com\/fr\/entreprise\/equipe-direction\/andrew-waitman\/","url":"https:\/\/www.assent.com\/fr\/entreprise\/equipe-direction\/andrew-waitman\/","name":"Andrew Waitman | Direction | Assent","isPartOf":{"@id":"https:\/\/www.assent.com\/fr\/#website"},"datePublished":"2022-01-27T01:39:50+00:00","dateModified":"2025-07-14T15:19:47+00:00","description":"Faites la connaissance d'Andrew Waitman, le directeur g\u00e9n\u00e9ral d'Assent. Son exp\u00e9rience accumul\u00e9e dans plus de 30 soci\u00e9t\u00e9s technologiques a jou\u00e9 un r\u00f4le essentiel dans la croissance de l'entreprise.","breadcrumb":{"@id":"https:\/\/www.assent.com\/fr\/entreprise\/equipe-direction\/andrew-waitman\/#breadcrumb"},"inLanguage":"fr-FR","potentialAction":[{"@type":"ReadAction","target":["https:\/\/www.assent.com\/fr\/entreprise\/equipe-direction\/andrew-waitman\/"]}]},{"@type":"BreadcrumbList","@id":"https:\/\/www.assent.com\/fr\/entreprise\/equipe-direction\/andrew-waitman\/#breadcrumb","itemListElement":[{"@type":"ListItem","position":1,"name":"Home","item":"https:\/\/www.assent.com\/fr\/"},{"@type":"ListItem","position":2,"name":"Entreprise","item":"https:\/\/www.assent.com\/fr\/entreprise\/"},{"@type":"ListItem","position":3,"name":"\u00c9quipe de direction","item":"https:\/\/www.assent.com\/fr\/entreprise\/equipe-direction\/"},{"@type":"ListItem","position":4,"name":"Andrew Waitman"}]},{"@type":"WebSite","@id":"https:\/\/www.assent.com\/fr\/#website","url":"https:\/\/www.assent.com\/fr\/","name":"Assent","description":"","publisher":{"@id":"https:\/\/www.assent.com\/fr\/#organization"},"potentialAction":[{"@type":"SearchAction","target":{"@type":"EntryPoint","urlTemplate":"https:\/\/www.assent.com\/fr\/?s={search_term_string}"},"query-input":{"@type":"PropertyValueSpecification","valueRequired":true,"valueName":"search_term_string"}}],"inLanguage":"fr-FR"},{"@type":"Organization","@id":"https:\/\/www.assent.com\/fr\/#organization","name":"Assent","url":"https:\/\/www.assent.com\/fr\/","logo":{"@type":"ImageObject","inLanguage":"fr-FR","@id":"https:\/\/www.assent.com\/fr\/#\/schema\/logo\/image\/","url":"https:\/\/www.assent.com\/wp-content\/uploads\/2022\/01\/logo.svg","contentUrl":"https:\/\/www.assent.com\/wp-content\/uploads\/2022\/01\/logo.svg","width":1,"height":1,"caption":"Assent"},"image":{"@id":"https:\/\/www.assent.com\/fr\/#\/schema\/logo\/image\/"},"sameAs":["https:\/\/www.facebook.com\/AssentCompliance\/","https:\/\/x.com\/AssentGlobal","https:\/\/www.linkedin.com\/company\/assent-compliance-inc"]}]}},"_links":{"self":[{"href":"https:\/\/www.assent.com\/fr\/wp-json\/wp\/v2\/pages\/30797","targetHints":{"allow":["GET"]}}],"collection":[{"href":"https:\/\/www.assent.com\/fr\/wp-json\/wp\/v2\/pages"}],"about":[{"href":"https:\/\/www.assent.com\/fr\/wp-json\/wp\/v2\/types\/page"}],"author":[{"embeddable":true,"href":"https:\/\/www.assent.com\/fr\/wp-json\/wp\/v2\/users\/21"}],"replies":[{"embeddable":true,"href":"https:\/\/www.assent.com\/fr\/wp-json\/wp\/v2\/comments?post=30797"}],"version-history":[{"count":3,"href":"https:\/\/www.assent.com\/fr\/wp-json\/wp\/v2\/pages\/30797\/revisions"}],"predecessor-version":[{"id":93696,"href":"https:\/\/www.assent.com\/fr\/wp-json\/wp\/v2\/pages\/30797\/revisions\/93696"}],"up":[{"embeddable":true,"href":"https:\/\/www.assent.com\/fr\/wp-json\/wp\/v2\/pages\/30757"}],"wp:attachment":[{"href":"https:\/\/www.assent.com\/fr\/wp-json\/wp\/v2\/media?parent=30797"}],"wp:term":[{"taxonomy":"category","embeddable":true,"href":"https:\/\/www.assent.com\/fr\/wp-json\/wp\/v2\/categories?post=30797"}],"curies":[{"name":"wp","href":"https:\/\/api.w.org\/{rel}","templated":true}]}}