{"id":30659,"date":"2022-02-18T23:11:45","date_gmt":"2022-02-19T04:11:45","guid":{"rendered":"https:\/\/www.assent.com\/compagnie\/certifications\/"},"modified":"2025-07-23T16:24:17","modified_gmt":"2025-07-23T20:24:17","slug":"certificats","status":"publish","type":"page","link":"https:\/\/www.assent.com\/fr\/entreprise\/certificats\/","title":{"rendered":"Certificats"},"content":{"rendered":"<!-- banner area part -->\n        <section class=\"generic-hero  navy   \" ><div class=\"gh-right-triangles\"><\/div><div class=\"row hero-wrap\">\n                <div class=\"cell-7 hero-left\"><div class=\"hero-left-inner d-flex align-items-center\"><div class=\"breadcrumbs\">\n                                    <ul><\/ul>\n                                <\/div><div class=\"gh-content\"><h1 class=\"h1\">Certifications Assent<\/h1><p>Assent est une soci\u00e9t\u00e9 experte certifi\u00e9e en donn\u00e9es et reconnue par des leaders mondiaux tels que l&rsquo;Organisation internationale de normalisation (ISO), IPC et bien d&rsquo;autres.<\/p>\n<div class=\"btn-wrap\"><\/div><\/div><\/div>\n                <\/div><\/div>\n        <\/section>\n\n\n<div style=\"height:75px\" aria-hidden=\"true\" class=\"wp-block-spacer\"><\/div>\n\n\n<!-- Fifty Fifty Promo -->\n        <section class=\"fifty-fifty-promo elem-viewport \"><div class=\"container simple\"><div class=\"row \"><div class=\"cell-lg-6\"><div class=\"promo-media\"><div class=\"promo-image\">\n                                        <img decoding=\"async\" src=\"https:\/\/www.assent.com\/wp-content\/uploads\/2022\/02\/ISO-9001-badge-1.png\" alt=\"\">\n                                    <\/div><\/div><\/div>\n                    <div class=\"cell-lg-6\"><div class=\"promo-content\"><h2 class=\"h2\">Excellence des processus<\/h2><div class=\"promo-wysiwyg default\"><p>Le si\u00e8ge social d\u2019Assent \u00e0 Ottawa est certifi\u00e9 par T\u00dcV S\u00dcD pour ses processus exemplaires qui assurent des am\u00e9liorations constantes, fiables et continues, tout en respectant ou d\u00e9passant toutes les obligations de la norme ISO 9001:2015. Pour obtenir cette certification, Assent a apport\u00e9 des preuves objectives de la conformit\u00e9 de ses processus dans le cadre d\u2019examens et d\u2019audits.<\/p>\n<\/div><a href=\"\/blog\/iso9001-certification\/\" target=\"\" class=\"btn\">En savoir plus sur notre blog<\/a><\/div><\/div>\n                <\/div><\/div>\n        <\/section>\n\n\n<div style=\"height:75px\" aria-hidden=\"true\" class=\"wp-block-spacer\"><\/div>\n\n\n<!-- Fifty Fifty Promo -->\n        <section class=\"fifty-fifty-promo elem-viewport \"><div class=\"container simple\"><div class=\"row media-right\"><div class=\"cell-lg-6\"><div class=\"promo-media\"><div class=\"promo-image\">\n                                        <img decoding=\"async\" src=\"https:\/\/www.assent.com\/wp-content\/uploads\/2022\/02\/Assent_stockImage_SocialImpact-woman-armscrossed.jpeg\" alt=\"\">\n                                    <\/div><\/div><\/div>\n                    <div class=\"cell-lg-6\"><div class=\"promo-content\"><h2 class=\"h2\">S\u00e9curit\u00e9 des donn\u00e9es<\/h2><div class=\"promo-wysiwyg default\"><p>Assent est conforme \u00e0 la norme SOC 2, type II, et subit des tests chaque ann\u00e9e pour v\u00e9rifier que ses processus de s\u00e9curit\u00e9 r\u00e9pondent toujours \u00e0 cette r\u00e9f\u00e9rence exigeante. Les donn\u00e9es sont s\u00e9curis\u00e9es gr\u00e2ce \u00e0 des protocoles stricts, des chiffrements derni\u00e8re g\u00e9n\u00e9ration ainsi que des processus tiers valid\u00e9s qui garantissent la protection de vos informations.<\/p>\n<\/div><a href=\"https:\/\/www.assent.com\/fr\/capacites\/plateforme\/informations-et-securite-des-donnees\/\" target=\"\" class=\"btn\">D\u00e9couvrir comment Assent prot\u00e8ge vos donn\u00e9es<\/a><\/div><\/div>\n                <\/div><\/div>\n        <\/section>\n\n\n<div style=\"height:75px\" aria-hidden=\"true\" class=\"wp-block-spacer\"><\/div>\n\n\n<!-- Fifty Fifty Promo -->\n        <section class=\"fifty-fifty-promo elem-viewport \"><div class=\"container simple\"><div class=\"row \"><div class=\"cell-lg-6\"><div class=\"promo-media\"><div class=\"promo-image\">\n                                        <img decoding=\"async\" src=\"https:\/\/www.assent.com\/wp-content\/uploads\/2022\/02\/eudamed-database-delayed-to-2022-scaled-1.jpg\" alt=\"Medical professionals discussing the EU Medical Device Regulation (MDR).\">\n                                    <\/div><\/div><\/div>\n                    <div class=\"cell-lg-6\"><div class=\"promo-content\"><h2 class=\"h2\">\u00c9changes de donn\u00e9es<\/h2><div class=\"promo-wysiwyg default\"><p>Pour obtenir les donn\u00e9es n\u00e9cessaires \u00e0 une croissance durable, Assent utilise les normes d&rsquo;\u00e9change de donn\u00e9es du secteur telles qu&rsquo;IPC-1752A et IPC-1754. Con\u00e7ues par IPC, un groupe influent dans le secteur de l&rsquo;\u00e9lectronique, ces normes am\u00e9liorent consid\u00e9rablement l&rsquo;efficacit\u00e9 des programmes de durabilit\u00e9 de la supply chain.<\/p>\n<\/div><\/div><\/div>\n                <\/div><\/div>\n        <\/section>\n\n\n<div style=\"height:75px\" aria-hidden=\"true\" class=\"wp-block-spacer\"><\/div>\n\n\n\r\n<!-- CTA Banner --><section class=\"cta-banner elem-viewport center-aligned gradient3\">\r\n                <div class=\"container\">\r\n                    <div class=\"cta-banner-wrap\"  >\r\n                        <div class=\"row text-center\">\r\n                            <div class=\"cell-12\">\r\n                                <div class=\"cta-banner-content\"><h2 class=\"h2\">Gagnez en visibilit\u00e9, prenez de meilleures d\u00e9cisions et d\u00e9veloppez-vous plus efficacement<\/h2><p>D\u00e9couvrez comment la solution de durabilit\u00e9 de la supply chain d&rsquo;Assent utilise des processus, des fonctionnalit\u00e9s et des strat\u00e9gies \u00e9prouv\u00e9s pour obtenir des donn\u00e9es pertinentes, r\u00e9duire les risques et \u00e9pauler les plus grandes entreprises du monde.<\/p>\n<\/div>\r\n                            <\/div>\r\n                            <div class=\"cell-12\"><a href=\"https:\/\/www.assent.com\/fr\/capacites\/\" class=\"btn -white \" target=\"\">D\u00e9couvrir la plateforme Assent<\/a><\/div>\r\n                        <\/div>\r\n                    <\/div>\r\n                <\/div>\r\n            <\/section>\r\n<style>\r\n    @media (max-width: 991px) {\r\n        .cta-banner.image-on-right {\r\n            text-align: center;\r\n        }\r\n\r\n        .cta-banner.gradient2 .align-items-center.justify-content-center {\r\n            justify-content: center;\r\n        }\r\n\r\n        .cta-banner.gradient3 .align-items-center.justify-content-center {\r\n            justify-content: center;\r\n        }\r\n    }\r\n<\/style>\n\n\n<div style=\"height:75px\" aria-hidden=\"true\" class=\"wp-block-spacer\"><\/div>\n","protected":false},"excerpt":{"rendered":"<p>Assent s\u2019engage \u00e0 fournir un service de qualit\u00e9 dans tous les domaines et ces nombreuses certifications t\u00e9moignent de son exigence d\u2019excellence.<\/p>\n","protected":false},"author":21,"featured_media":0,"parent":30602,"menu_order":0,"comment_status":"closed","ping_status":"closed","template":"","meta":{"_acf_changed":false,"footnotes":"","_links_to":"","_links_to_target":""},"categories":[],"class_list":["post-30659","page","type-page","status-publish","hentry"],"acf":[],"yoast_head":"<!-- This site is optimized with the Yoast SEO Premium plugin v26.6 (Yoast SEO v27.0) - https:\/\/yoast.com\/product\/yoast-seo-premium-wordpress\/ -->\n<title>Certificats | Assent<\/title>\n<meta name=\"description\" content=\"Assent s\u2019engage \u00e0 fournir un service de qualit\u00e9 dans tous les domaines et ces nombreuses certifications t\u00e9moignent de son exigence d\u2019excellence.\" \/>\n<meta name=\"robots\" content=\"index, follow, max-snippet:-1, max-image-preview:large, max-video-preview:-1\" \/>\n<link rel=\"canonical\" href=\"https:\/\/www.assent.com\/fr\/entreprise\/certificats\/\" \/>\n<meta property=\"og:locale\" content=\"fr_FR\" \/>\n<meta property=\"og:type\" content=\"article\" \/>\n<meta property=\"og:title\" content=\"Certificats\" \/>\n<meta property=\"og:description\" content=\"Assent s\u2019engage \u00e0 fournir un service de qualit\u00e9 dans tous les domaines et ces nombreuses certifications t\u00e9moignent de son exigence d\u2019excellence.\" \/>\n<meta property=\"og:url\" content=\"https:\/\/www.assent.com\/fr\/entreprise\/certificats\/\" \/>\n<meta property=\"og:site_name\" content=\"Assent\" \/>\n<meta property=\"article:publisher\" content=\"https:\/\/www.facebook.com\/AssentCompliance\/\" \/>\n<meta property=\"article:modified_time\" content=\"2025-07-23T20:24:17+00:00\" \/>\n<meta name=\"twitter:card\" content=\"summary_large_image\" \/>\n<meta name=\"twitter:site\" content=\"@AssentGlobal\" \/>\n<script type=\"application\/ld+json\" class=\"yoast-schema-graph\">{\"@context\":\"https:\/\/schema.org\",\"@graph\":[{\"@type\":\"WebPage\",\"@id\":\"https:\/\/www.assent.com\/fr\/entreprise\/certificats\/\",\"url\":\"https:\/\/www.assent.com\/fr\/entreprise\/certificats\/\",\"name\":\"Certificats | Assent\",\"isPartOf\":{\"@id\":\"https:\/\/www.assent.com\/fr\/#website\"},\"datePublished\":\"2022-02-19T04:11:45+00:00\",\"dateModified\":\"2025-07-23T20:24:17+00:00\",\"description\":\"Assent s\u2019engage \u00e0 fournir un service de qualit\u00e9 dans tous les domaines et ces nombreuses certifications t\u00e9moignent de son exigence d\u2019excellence.\",\"breadcrumb\":{\"@id\":\"https:\/\/www.assent.com\/fr\/entreprise\/certificats\/#breadcrumb\"},\"inLanguage\":\"fr-FR\",\"potentialAction\":[{\"@type\":\"ReadAction\",\"target\":[\"https:\/\/www.assent.com\/fr\/entreprise\/certificats\/\"]}]},{\"@type\":\"BreadcrumbList\",\"@id\":\"https:\/\/www.assent.com\/fr\/entreprise\/certificats\/#breadcrumb\",\"itemListElement\":[{\"@type\":\"ListItem\",\"position\":1,\"name\":\"Home\",\"item\":\"https:\/\/www.assent.com\/fr\/\"},{\"@type\":\"ListItem\",\"position\":2,\"name\":\"Entreprise\",\"item\":\"https:\/\/www.assent.com\/fr\/entreprise\/\"},{\"@type\":\"ListItem\",\"position\":3,\"name\":\"Certificats\"}]},{\"@type\":\"WebSite\",\"@id\":\"https:\/\/www.assent.com\/fr\/#website\",\"url\":\"https:\/\/www.assent.com\/fr\/\",\"name\":\"Assent\",\"description\":\"\",\"publisher\":{\"@id\":\"https:\/\/www.assent.com\/fr\/#organization\"},\"potentialAction\":[{\"@type\":\"SearchAction\",\"target\":{\"@type\":\"EntryPoint\",\"urlTemplate\":\"https:\/\/www.assent.com\/fr\/?s={search_term_string}\"},\"query-input\":{\"@type\":\"PropertyValueSpecification\",\"valueRequired\":true,\"valueName\":\"search_term_string\"}}],\"inLanguage\":\"fr-FR\"},{\"@type\":\"Organization\",\"@id\":\"https:\/\/www.assent.com\/fr\/#organization\",\"name\":\"Assent\",\"url\":\"https:\/\/www.assent.com\/fr\/\",\"logo\":{\"@type\":\"ImageObject\",\"inLanguage\":\"fr-FR\",\"@id\":\"https:\/\/www.assent.com\/fr\/#\/schema\/logo\/image\/\",\"url\":\"https:\/\/www.assent.com\/wp-content\/uploads\/2022\/01\/logo.svg\",\"contentUrl\":\"https:\/\/www.assent.com\/wp-content\/uploads\/2022\/01\/logo.svg\",\"width\":1,\"height\":1,\"caption\":\"Assent\"},\"image\":{\"@id\":\"https:\/\/www.assent.com\/fr\/#\/schema\/logo\/image\/\"},\"sameAs\":[\"https:\/\/www.facebook.com\/AssentCompliance\/\",\"https:\/\/x.com\/AssentGlobal\",\"https:\/\/www.linkedin.com\/company\/assent-compliance-inc\"]}]}<\/script>\n<!-- \/ Yoast SEO Premium plugin. -->","yoast_head_json":{"title":"Certificats | Assent","description":"Assent s\u2019engage \u00e0 fournir un service de qualit\u00e9 dans tous les domaines et ces nombreuses certifications t\u00e9moignent de son exigence d\u2019excellence.","robots":{"index":"index","follow":"follow","max-snippet":"max-snippet:-1","max-image-preview":"max-image-preview:large","max-video-preview":"max-video-preview:-1"},"canonical":"https:\/\/www.assent.com\/fr\/entreprise\/certificats\/","og_locale":"fr_FR","og_type":"article","og_title":"Certificats","og_description":"Assent s\u2019engage \u00e0 fournir un service de qualit\u00e9 dans tous les domaines et ces nombreuses certifications t\u00e9moignent de son exigence d\u2019excellence.","og_url":"https:\/\/www.assent.com\/fr\/entreprise\/certificats\/","og_site_name":"Assent","article_publisher":"https:\/\/www.facebook.com\/AssentCompliance\/","article_modified_time":"2025-07-23T20:24:17+00:00","twitter_card":"summary_large_image","twitter_site":"@AssentGlobal","schema":{"@context":"https:\/\/schema.org","@graph":[{"@type":"WebPage","@id":"https:\/\/www.assent.com\/fr\/entreprise\/certificats\/","url":"https:\/\/www.assent.com\/fr\/entreprise\/certificats\/","name":"Certificats | Assent","isPartOf":{"@id":"https:\/\/www.assent.com\/fr\/#website"},"datePublished":"2022-02-19T04:11:45+00:00","dateModified":"2025-07-23T20:24:17+00:00","description":"Assent s\u2019engage \u00e0 fournir un service de qualit\u00e9 dans tous les domaines et ces nombreuses certifications t\u00e9moignent de son exigence d\u2019excellence.","breadcrumb":{"@id":"https:\/\/www.assent.com\/fr\/entreprise\/certificats\/#breadcrumb"},"inLanguage":"fr-FR","potentialAction":[{"@type":"ReadAction","target":["https:\/\/www.assent.com\/fr\/entreprise\/certificats\/"]}]},{"@type":"BreadcrumbList","@id":"https:\/\/www.assent.com\/fr\/entreprise\/certificats\/#breadcrumb","itemListElement":[{"@type":"ListItem","position":1,"name":"Home","item":"https:\/\/www.assent.com\/fr\/"},{"@type":"ListItem","position":2,"name":"Entreprise","item":"https:\/\/www.assent.com\/fr\/entreprise\/"},{"@type":"ListItem","position":3,"name":"Certificats"}]},{"@type":"WebSite","@id":"https:\/\/www.assent.com\/fr\/#website","url":"https:\/\/www.assent.com\/fr\/","name":"Assent","description":"","publisher":{"@id":"https:\/\/www.assent.com\/fr\/#organization"},"potentialAction":[{"@type":"SearchAction","target":{"@type":"EntryPoint","urlTemplate":"https:\/\/www.assent.com\/fr\/?s={search_term_string}"},"query-input":{"@type":"PropertyValueSpecification","valueRequired":true,"valueName":"search_term_string"}}],"inLanguage":"fr-FR"},{"@type":"Organization","@id":"https:\/\/www.assent.com\/fr\/#organization","name":"Assent","url":"https:\/\/www.assent.com\/fr\/","logo":{"@type":"ImageObject","inLanguage":"fr-FR","@id":"https:\/\/www.assent.com\/fr\/#\/schema\/logo\/image\/","url":"https:\/\/www.assent.com\/wp-content\/uploads\/2022\/01\/logo.svg","contentUrl":"https:\/\/www.assent.com\/wp-content\/uploads\/2022\/01\/logo.svg","width":1,"height":1,"caption":"Assent"},"image":{"@id":"https:\/\/www.assent.com\/fr\/#\/schema\/logo\/image\/"},"sameAs":["https:\/\/www.facebook.com\/AssentCompliance\/","https:\/\/x.com\/AssentGlobal","https:\/\/www.linkedin.com\/company\/assent-compliance-inc"]}]}},"_links":{"self":[{"href":"https:\/\/www.assent.com\/fr\/wp-json\/wp\/v2\/pages\/30659","targetHints":{"allow":["GET"]}}],"collection":[{"href":"https:\/\/www.assent.com\/fr\/wp-json\/wp\/v2\/pages"}],"about":[{"href":"https:\/\/www.assent.com\/fr\/wp-json\/wp\/v2\/types\/page"}],"author":[{"embeddable":true,"href":"https:\/\/www.assent.com\/fr\/wp-json\/wp\/v2\/users\/21"}],"replies":[{"embeddable":true,"href":"https:\/\/www.assent.com\/fr\/wp-json\/wp\/v2\/comments?post=30659"}],"version-history":[{"count":1,"href":"https:\/\/www.assent.com\/fr\/wp-json\/wp\/v2\/pages\/30659\/revisions"}],"predecessor-version":[{"id":94181,"href":"https:\/\/www.assent.com\/fr\/wp-json\/wp\/v2\/pages\/30659\/revisions\/94181"}],"up":[{"embeddable":true,"href":"https:\/\/www.assent.com\/fr\/wp-json\/wp\/v2\/pages\/30602"}],"wp:attachment":[{"href":"https:\/\/www.assent.com\/fr\/wp-json\/wp\/v2\/media?parent=30659"}],"wp:term":[{"taxonomy":"category","embeddable":true,"href":"https:\/\/www.assent.com\/fr\/wp-json\/wp\/v2\/categories?post=30659"}],"curies":[{"name":"wp","href":"https:\/\/api.w.org\/{rel}","templated":true}]}}