{"id":30652,"date":"2022-02-23T16:58:30","date_gmt":"2022-02-23T21:58:30","guid":{"rendered":"https:\/\/www.assent.com\/compagnie\/carrieres\/search\/"},"modified":"2025-08-28T17:44:05","modified_gmt":"2025-08-28T21:44:05","slug":"recherche","status":"publish","type":"page","link":"https:\/\/www.assent.com\/fr\/entreprise\/carrieres\/recherche\/","title":{"rendered":"Recherche"},"content":{"rendered":"<!-- banner area part -->\n        <section class=\"generic-hero with-media blue-to-green-gradient   \" ><div class=\"row hero-wrap\">\n                <div class=\"cell-7 hero-left\"><div class=\"hero-left-bg\"><\/div><div class=\"hero-left-inner d-flex align-items-center\"><div class=\"breadcrumbs\">\n                                    <ul><\/ul>\n                                <\/div><div class=\"gh-content\"><h1 class=\"h1\">Rejoignez-nous !<\/h1><p>Nous sommes continuellement \u00e0 la recherche de nouveaux talents \u00e0 accueillir dans notre \u00e9quipe. Parcourez toutes nos offres d&#8217;emploi et trouvez le poste fait pour vous.<\/p>\n<div class=\"btn-wrap\"><\/div><\/div><\/div>\n                <\/div><div class=\"cell-5 hero-right\"><div class=\"hero-image\">\n                                <img decoding=\"async\" src=\"https:\/\/www.assent.com\/wp-content\/uploads\/2022\/02\/0408-due-dilligence.jpg\" alt=\"\">\n                            <\/div><\/div><\/div>\n        <\/section>\n\n\n<div style=\"height:100px\" aria-hidden=\"true\" class=\"wp-block-spacer\"><\/div>\n\n\n\n<style>\n\/* smart recruiter *\/\n#smart_recruiters{\n\n}\n.srSearchOptionListElement, .srSearchOptionListElementChecked {\n    width: 198px;\n}\n.srSearchOptionListElement{\nwidth:100%!important;\n}\n\n#smart_recruiters h2{\nmargin-bottom: 40px;\n}\n\n.filter-label { margin-bottom: -10px; }\n\ninput[type=\"text\"]{\n      font-size: 1.13rem !important;\n    font-weight: normal !important;\n  border: none;\n}\ntr.srJobListJobOdd td{\n border-bottom: 1px solid      #d7d7d7 !important;\n}\ntd.srJobListJobTitle {\n    width: 50%;\n}\n\ntr.srJobListJobEven td{\n border-bottom: 1px solid #d7d7d7 !important;\n    border-spacing:0 10px !important;\n}\n#smartWidget0 .srJobList .srJobListJobOdd td{\nbackground: none !important; \npadding: 30px 0;\n}\n#smartWidget0 .srJobList .srJobListJobEven td{\nbackground: none !important; \npadding: 30px 0;\n}\n\n.srSearch{\n    background-color: transparent!important;\n    background-color:none;\n    border: none !important;\n\t    justify-content: flex-start;\n}\n.srSearchForm {\n    padding-right: 0px !important;\n}\n.srSearchOptionText{\n    border: 1px solid #d2d6da;\n    border-radius: 0.19rem;\n}\n.srSearchOptionText{\nwidth: 100% !important;\n}\n.srSearchOption, .srSearchForm{\n    border: 1px solid #d2d6da;\n    border-radius: 0.19rem;\n}\n.srSearchOptionText:before{\nborder-left: none !important;\n}\n.srSearchOption:after{\n    border-right: none !important;\n}\n\ninput[type=\"url\"], input[type=\"text\"], input[type=\"password\"], input[type=\"email\"], input[type=\"tel\"], input[type=\"search\"], input[type=\"number\"], input[type=\"date\"], textarea{\n    color: #215273 !important;\n    font-size: 1.13rem !important;\n    font-weight: normal !important;\n    line-height: 1.9em !important;\n    font-family: 'Nunito', 'Arial', sans-serif !important;\nheight: 4.13rem !important;\n}\n.srSearchOptionText, .srPagesText, .srFilterRemote{\n    color: #215273 !important;\n    font-size: 14px !important;\n    font-weight: bold !important;\n    font-family: 'Nunito', 'Arial', sans-serif !important;\n}\n\nspan.srSearchOptionText{\n    color: #215273 !important;\n    font-size: 1.13rem !important;\n    font-weight: normal !important;\n    font-family: 'Nunito', 'Arial', sans-serif !important;\n}\n.srSearchOptionListElementText{\n    color: #215273 !important;\n    font-size: 1.13rem !important;\n    font-weight: normal !important;\n    font-family: 'Nunito', 'Arial', sans-serif !important;\nwidth: 198px !important;\n}\nul.srSearchOptionList{\n    width: 101% !important;\n    top: 52px !important;\n}\n.srSearchOptionList{\nleft: -1px !important;\n}\n.srSearchOptionListElementText{\n    line-height: 21px !important;\n    width: 198px !important;\n}\n\nlabel.srFilterRemoteElementText{\n    color: #215273 !important;\n    font-size: 1.13rem !important;\n    font-weight: normal !important;\n    font-family: 'Nunito', 'Arial', sans-serif !important;\n}\n\nth.srJobListLocation{\ndisplay: none;\n}\n\n#smartWidget0 .srJobList{\n    padding: 10px 45px !important;\n}\n\ntd.srJobListDepartment{\n    padding: 0 !important;\n}\n.srJobListLocation .srRemoteLocation{\ntext-align: right !important;\n}\ntd.srJobListLocation {\n    text-align: right !important;\n}\n.srJobListJobOdd{\n    border: 1px solid #dfdfdf !important;\n}\n\nnobr{\n    text-decoration: none !important;\n}\ntr.srJobListTitles{\n    padding-bottom: 9px !important;\n    margin: 0 !important;\n    text-align: left !important;}\n#smartWidget0 .srJobList .srJobListJobOdd * {\n    background-color: transparent!important;\n    padding: 30px 0px!important;\n}\n#smartWidget0 .srJobList .srJobListJobEven * {\n    background-color: transparent!important;\n    padding: 30px 0px!important;\n}\n.srJobList .srJobListJobEven *{\n    background-color: transparent !important;\n}\n#smartWidget0 .srJobList .srJobListJobOdd td{\n\n    border-bottom: 1px solid #d7d7d7 !important;\n    margin-bottom: 10px !important;\n}\n.srJobListJobTitle{\n color: #215273 !important;\nfont-size: 16px !important;\n    font-weight: bold !important;\n    line-height: 1.9em !important;\n    text-decoration: underline !important;\n    font-family: 'Nunito', 'Arial', sans-serif !important;\n    margin-left: 20px !important;\n\n}\n.srJobListLocation, .srRemoteLocation{\nfont-size: 12px !important;\n    padding-top: 9px !important;\ncolor: #777 !important;\n\n}\na#st-apply{\n    font-size: 1rem;\n    line-height: 1.5;\n    text-align: center;\n    font-family: 'Roboto', 'Arial', sans-serif;\n    text-decoration: none;\n    border: none;\n    border-radius: 0.38rem;\n    font-weight: 500;\n    background-color: #813679 !important;\n    transition: background-color 0.3s ease 0s, color 0.3s ease 0s, border-color 0.3s ease 0s;\n    outline-offset: 0.13rem;\n}\n.button--primary{\n    background-color: #813679 !important;\n}\nform.srSearchForm {\n    width: 40%;\n    margin-right: 15px;\n    border-radius: 0.19rem;\n    min-height: 3.44rem !important;\n}\ninput[type=\"button\"]{\npadding: 0.44rem 3.07rem 0.44rem 2.25rem;\n    min-height: 3.44rem !important;\nborder-radius: 0.38rem !important;\n}\ndiv#facet_location {\n    width: 15%;\n    margin-right: 15px;\n    min-height: 3.44rem !important;\n    display: flex;\n    align-items: center;\n}\ndiv#facet_department {\n    width: 15%;\n    margin-right: 15px;\n    min-height: 3.44rem !important;\n    display: flex;\n    align-items: center;\n}\n.srFilterRemote {\n    display: flex !important;\n    align-items: center !important;\npadding-left: 0 !important;\npadding-right: 0 !important;\n}\n\n#smart_recruiters .container { max-width: 90.25rem; }\n@media (max-width: 1599px) {\n#smart_recruiters .container { max-width: 90.25rem; }\n@media (max-width: 782px){\n.srJobListJobTitle{\n    font-weight: bold !important;\n    line-height: 1.5em !important;\n\t}\n\n\t\t.srSearch {\n    display: flex;\n    justify-content: flex-start;\n    flex-direction: column;\n\t  align-content: center;\n}\n\tform.srSearchForm{\n\t\twidth: 100%;\n\t}\n\tdiv#facet_location{\n\t\t\t\twidth: 100%;\n\t}\n\tdiv#facet_department{\n\t\twidth: 100%;\n\t}\n#smartWidget0 .srJobList{\n    padding: 0 !important;\n}\n\tinput[type=\"text\"]{\n\tpadding: 0 0.6rem;\n}\ntd.srJobListJobTitle{\n    width: 33%;\n}\nul.srSearchOptionList {\n    width: 101% !important;\n}\n.srSearchOptionListElement{\n    width: 100%!important;\n}\n.srSearchOptionListElementChecked{\n    width: 200px !important;\n}\ninput[type=\"button\"]{\n    padding: 0.44rem 1.07rem 0.44rem 1.07rem;\n}\nlabel.srFilterRemoteElementText{\n    font-size: 1rem !important;\n}\n}\n\n<\/style>\n\n\n\r\n<!-- WYSIWYG -->\r\n        <section class=\"wysiwyg-section\" id=\"smart_recruiters\">\r\n            <div class=\"container\"><h2>Nos offres<\/h2>\n<h5 class=\"h5 filter-label\">Filtrer par\u00a0:<\/h5>\n<p><script type=\"text\/javascript\" src=\"https:\/\/static.smartrecruiters.com\/job-widget\/1.6.1\/script\/smart_widget.js\"><\/script><br \/>\n<script type=\"text\/javascript\" class=\"job_widget\">\nwidget({\n    \"company_code\": \"Assent\",\n    \"bg_color_widget\": \"#FFFFFF\",\n    \"bg_color_headers\": \"#969696\",\n    \"bg_color_links\": \"#55DD88\",\n    \"txt_color_headers\": \"#ffffff\",\n    \"txt_color_job\": \"#3D3D3D\",\n    \"bg_color_even_row\": \"#E0E0E0\",\n    \"bg_color_odd_row\": \"#F7F7F7\",\n    \"auto_width\": \"auto\",\n    \"auto_height\": \"auto\",\n    \"number\": \"on\",\n    \"job_title\": \"true\",\n    \"location\": \"true\",\n    \"department\": \"true\",\n    \"dateFormat\": \"us\",\n    \"remove_headers\": \"true\",\n    \"add_search\": \"true\",\n    \"departments_field_id\": \"61b36a1d11320c44d36eca66\",\n    \"trid\": \"\",\n    \"api_url\": \"https:\/\/www.smartrecruiters.com\",\n    \"custom_css_url\": \"https:\/\/static.smartrecruiters.com\/job-widget\/1.6.1\/css\/smart_widget.css\"\n});\n<\/script><\/p>\n<\/div>    \r\n        <\/section>\n\n\n<div style=\"height:100px\" aria-hidden=\"true\" class=\"wp-block-spacer\"><\/div>\n\n\n","protected":false},"excerpt":{"rendered":"<p>D\u00e9couvrez les opportunit\u00e9s de carri\u00e8re chez Assent dans les domaines de la durabilit\u00e9 de la supply chain et de la conformit\u00e9 des produits.<\/p>\n","protected":false},"author":3,"featured_media":22040,"parent":30609,"menu_order":0,"comment_status":"closed","ping_status":"closed","template":"","meta":{"_acf_changed":false,"footnotes":"","_links_to":"","_links_to_target":""},"categories":[],"class_list":["post-30652","page","type-page","status-publish","has-post-thumbnail","hentry"],"acf":[],"yoast_head":"<!-- This site is optimized with the Yoast SEO Premium plugin v26.6 (Yoast SEO v27.0) - https:\/\/yoast.com\/product\/yoast-seo-premium-wordpress\/ -->\n<title>Recherche | Assent<\/title>\n<meta name=\"description\" content=\"D\u00e9couvrez les opportunit\u00e9s de carri\u00e8re chez Assent dans les domaines de la durabilit\u00e9 de la supply chain et de la conformit\u00e9 des produits.\" \/>\n<meta name=\"robots\" content=\"index, follow, max-snippet:-1, max-image-preview:large, max-video-preview:-1\" \/>\n<link rel=\"canonical\" href=\"https:\/\/www.assent.com\/fr\/entreprise\/carrieres\/recherche\/\" \/>\n<meta property=\"og:locale\" content=\"fr_FR\" \/>\n<meta property=\"og:type\" content=\"article\" \/>\n<meta property=\"og:title\" content=\"Recherche\" \/>\n<meta property=\"og:description\" content=\"D\u00e9couvrez les opportunit\u00e9s de carri\u00e8re chez Assent dans les domaines de la durabilit\u00e9 de la supply chain et de la conformit\u00e9 des produits.\" \/>\n<meta property=\"og:url\" content=\"https:\/\/www.assent.com\/fr\/entreprise\/carrieres\/recherche\/\" \/>\n<meta property=\"og:site_name\" content=\"Assent\" \/>\n<meta property=\"article:publisher\" content=\"https:\/\/www.facebook.com\/AssentCompliance\/\" \/>\n<meta property=\"article:modified_time\" content=\"2025-08-28T21:44:05+00:00\" \/>\n<meta property=\"og:image\" content=\"https:\/\/www.assent.com\/wp-content\/uploads\/2022\/02\/0408-due-dilligence.jpg\" \/>\n\t<meta property=\"og:image:width\" content=\"924\" \/>\n\t<meta property=\"og:image:height\" content=\"628\" \/>\n\t<meta property=\"og:image:type\" content=\"image\/jpeg\" \/>\n<meta name=\"twitter:card\" content=\"summary_large_image\" \/>\n<meta name=\"twitter:site\" content=\"@AssentGlobal\" \/>\n<script type=\"application\/ld+json\" class=\"yoast-schema-graph\">{\"@context\":\"https:\/\/schema.org\",\"@graph\":[{\"@type\":\"WebPage\",\"@id\":\"https:\/\/www.assent.com\/fr\/entreprise\/carrieres\/recherche\/\",\"url\":\"https:\/\/www.assent.com\/fr\/entreprise\/carrieres\/recherche\/\",\"name\":\"Recherche | Assent\",\"isPartOf\":{\"@id\":\"https:\/\/www.assent.com\/fr\/#website\"},\"primaryImageOfPage\":{\"@id\":\"https:\/\/www.assent.com\/fr\/entreprise\/carrieres\/recherche\/#primaryimage\"},\"image\":{\"@id\":\"https:\/\/www.assent.com\/fr\/entreprise\/carrieres\/recherche\/#primaryimage\"},\"thumbnailUrl\":\"https:\/\/www.assent.com\/wp-content\/uploads\/2022\/02\/0408-due-dilligence.jpg\",\"datePublished\":\"2022-02-23T21:58:30+00:00\",\"dateModified\":\"2025-08-28T21:44:05+00:00\",\"description\":\"D\u00e9couvrez les opportunit\u00e9s de carri\u00e8re chez Assent dans les domaines de la durabilit\u00e9 de la supply chain et de la conformit\u00e9 des produits.\",\"breadcrumb\":{\"@id\":\"https:\/\/www.assent.com\/fr\/entreprise\/carrieres\/recherche\/#breadcrumb\"},\"inLanguage\":\"fr-FR\",\"potentialAction\":[{\"@type\":\"ReadAction\",\"target\":[\"https:\/\/www.assent.com\/fr\/entreprise\/carrieres\/recherche\/\"]}]},{\"@type\":\"ImageObject\",\"inLanguage\":\"fr-FR\",\"@id\":\"https:\/\/www.assent.com\/fr\/entreprise\/carrieres\/recherche\/#primaryimage\",\"url\":\"https:\/\/www.assent.com\/wp-content\/uploads\/2022\/02\/0408-due-dilligence.jpg\",\"contentUrl\":\"https:\/\/www.assent.com\/wp-content\/uploads\/2022\/02\/0408-due-dilligence.jpg\",\"width\":924,\"height\":628},{\"@type\":\"BreadcrumbList\",\"@id\":\"https:\/\/www.assent.com\/fr\/entreprise\/carrieres\/recherche\/#breadcrumb\",\"itemListElement\":[{\"@type\":\"ListItem\",\"position\":1,\"name\":\"Home\",\"item\":\"https:\/\/www.assent.com\/fr\/\"},{\"@type\":\"ListItem\",\"position\":2,\"name\":\"Entreprise\",\"item\":\"https:\/\/www.assent.com\/fr\/entreprise\/\"},{\"@type\":\"ListItem\",\"position\":3,\"name\":\"Carri\u00e8res\",\"item\":\"https:\/\/www.assent.com\/fr\/entreprise\/carrieres\/\"},{\"@type\":\"ListItem\",\"position\":4,\"name\":\"Recherche\"}]},{\"@type\":\"WebSite\",\"@id\":\"https:\/\/www.assent.com\/fr\/#website\",\"url\":\"https:\/\/www.assent.com\/fr\/\",\"name\":\"Assent\",\"description\":\"\",\"publisher\":{\"@id\":\"https:\/\/www.assent.com\/fr\/#organization\"},\"potentialAction\":[{\"@type\":\"SearchAction\",\"target\":{\"@type\":\"EntryPoint\",\"urlTemplate\":\"https:\/\/www.assent.com\/fr\/?s={search_term_string}\"},\"query-input\":{\"@type\":\"PropertyValueSpecification\",\"valueRequired\":true,\"valueName\":\"search_term_string\"}}],\"inLanguage\":\"fr-FR\"},{\"@type\":\"Organization\",\"@id\":\"https:\/\/www.assent.com\/fr\/#organization\",\"name\":\"Assent\",\"url\":\"https:\/\/www.assent.com\/fr\/\",\"logo\":{\"@type\":\"ImageObject\",\"inLanguage\":\"fr-FR\",\"@id\":\"https:\/\/www.assent.com\/fr\/#\/schema\/logo\/image\/\",\"url\":\"https:\/\/www.assent.com\/wp-content\/uploads\/2022\/01\/logo.svg\",\"contentUrl\":\"https:\/\/www.assent.com\/wp-content\/uploads\/2022\/01\/logo.svg\",\"width\":1,\"height\":1,\"caption\":\"Assent\"},\"image\":{\"@id\":\"https:\/\/www.assent.com\/fr\/#\/schema\/logo\/image\/\"},\"sameAs\":[\"https:\/\/www.facebook.com\/AssentCompliance\/\",\"https:\/\/x.com\/AssentGlobal\",\"https:\/\/www.linkedin.com\/company\/assent-compliance-inc\"]}]}<\/script>\n<!-- \/ Yoast SEO Premium plugin. -->","yoast_head_json":{"title":"Recherche | Assent","description":"D\u00e9couvrez les opportunit\u00e9s de carri\u00e8re chez Assent dans les domaines de la durabilit\u00e9 de la supply chain et de la conformit\u00e9 des produits.","robots":{"index":"index","follow":"follow","max-snippet":"max-snippet:-1","max-image-preview":"max-image-preview:large","max-video-preview":"max-video-preview:-1"},"canonical":"https:\/\/www.assent.com\/fr\/entreprise\/carrieres\/recherche\/","og_locale":"fr_FR","og_type":"article","og_title":"Recherche","og_description":"D\u00e9couvrez les opportunit\u00e9s de carri\u00e8re chez Assent dans les domaines de la durabilit\u00e9 de la supply chain et de la conformit\u00e9 des produits.","og_url":"https:\/\/www.assent.com\/fr\/entreprise\/carrieres\/recherche\/","og_site_name":"Assent","article_publisher":"https:\/\/www.facebook.com\/AssentCompliance\/","article_modified_time":"2025-08-28T21:44:05+00:00","og_image":[{"width":924,"height":628,"url":"https:\/\/www.assent.com\/wp-content\/uploads\/2022\/02\/0408-due-dilligence.jpg","type":"image\/jpeg"}],"twitter_card":"summary_large_image","twitter_site":"@AssentGlobal","schema":{"@context":"https:\/\/schema.org","@graph":[{"@type":"WebPage","@id":"https:\/\/www.assent.com\/fr\/entreprise\/carrieres\/recherche\/","url":"https:\/\/www.assent.com\/fr\/entreprise\/carrieres\/recherche\/","name":"Recherche | Assent","isPartOf":{"@id":"https:\/\/www.assent.com\/fr\/#website"},"primaryImageOfPage":{"@id":"https:\/\/www.assent.com\/fr\/entreprise\/carrieres\/recherche\/#primaryimage"},"image":{"@id":"https:\/\/www.assent.com\/fr\/entreprise\/carrieres\/recherche\/#primaryimage"},"thumbnailUrl":"https:\/\/www.assent.com\/wp-content\/uploads\/2022\/02\/0408-due-dilligence.jpg","datePublished":"2022-02-23T21:58:30+00:00","dateModified":"2025-08-28T21:44:05+00:00","description":"D\u00e9couvrez les opportunit\u00e9s de carri\u00e8re chez Assent dans les domaines de la durabilit\u00e9 de la supply chain et de la conformit\u00e9 des produits.","breadcrumb":{"@id":"https:\/\/www.assent.com\/fr\/entreprise\/carrieres\/recherche\/#breadcrumb"},"inLanguage":"fr-FR","potentialAction":[{"@type":"ReadAction","target":["https:\/\/www.assent.com\/fr\/entreprise\/carrieres\/recherche\/"]}]},{"@type":"ImageObject","inLanguage":"fr-FR","@id":"https:\/\/www.assent.com\/fr\/entreprise\/carrieres\/recherche\/#primaryimage","url":"https:\/\/www.assent.com\/wp-content\/uploads\/2022\/02\/0408-due-dilligence.jpg","contentUrl":"https:\/\/www.assent.com\/wp-content\/uploads\/2022\/02\/0408-due-dilligence.jpg","width":924,"height":628},{"@type":"BreadcrumbList","@id":"https:\/\/www.assent.com\/fr\/entreprise\/carrieres\/recherche\/#breadcrumb","itemListElement":[{"@type":"ListItem","position":1,"name":"Home","item":"https:\/\/www.assent.com\/fr\/"},{"@type":"ListItem","position":2,"name":"Entreprise","item":"https:\/\/www.assent.com\/fr\/entreprise\/"},{"@type":"ListItem","position":3,"name":"Carri\u00e8res","item":"https:\/\/www.assent.com\/fr\/entreprise\/carrieres\/"},{"@type":"ListItem","position":4,"name":"Recherche"}]},{"@type":"WebSite","@id":"https:\/\/www.assent.com\/fr\/#website","url":"https:\/\/www.assent.com\/fr\/","name":"Assent","description":"","publisher":{"@id":"https:\/\/www.assent.com\/fr\/#organization"},"potentialAction":[{"@type":"SearchAction","target":{"@type":"EntryPoint","urlTemplate":"https:\/\/www.assent.com\/fr\/?s={search_term_string}"},"query-input":{"@type":"PropertyValueSpecification","valueRequired":true,"valueName":"search_term_string"}}],"inLanguage":"fr-FR"},{"@type":"Organization","@id":"https:\/\/www.assent.com\/fr\/#organization","name":"Assent","url":"https:\/\/www.assent.com\/fr\/","logo":{"@type":"ImageObject","inLanguage":"fr-FR","@id":"https:\/\/www.assent.com\/fr\/#\/schema\/logo\/image\/","url":"https:\/\/www.assent.com\/wp-content\/uploads\/2022\/01\/logo.svg","contentUrl":"https:\/\/www.assent.com\/wp-content\/uploads\/2022\/01\/logo.svg","width":1,"height":1,"caption":"Assent"},"image":{"@id":"https:\/\/www.assent.com\/fr\/#\/schema\/logo\/image\/"},"sameAs":["https:\/\/www.facebook.com\/AssentCompliance\/","https:\/\/x.com\/AssentGlobal","https:\/\/www.linkedin.com\/company\/assent-compliance-inc"]}]}},"_links":{"self":[{"href":"https:\/\/www.assent.com\/fr\/wp-json\/wp\/v2\/pages\/30652","targetHints":{"allow":["GET"]}}],"collection":[{"href":"https:\/\/www.assent.com\/fr\/wp-json\/wp\/v2\/pages"}],"about":[{"href":"https:\/\/www.assent.com\/fr\/wp-json\/wp\/v2\/types\/page"}],"author":[{"embeddable":true,"href":"https:\/\/www.assent.com\/fr\/wp-json\/wp\/v2\/users\/3"}],"replies":[{"embeddable":true,"href":"https:\/\/www.assent.com\/fr\/wp-json\/wp\/v2\/comments?post=30652"}],"version-history":[{"count":1,"href":"https:\/\/www.assent.com\/fr\/wp-json\/wp\/v2\/pages\/30652\/revisions"}],"predecessor-version":[{"id":96675,"href":"https:\/\/www.assent.com\/fr\/wp-json\/wp\/v2\/pages\/30652\/revisions\/96675"}],"up":[{"embeddable":true,"href":"https:\/\/www.assent.com\/fr\/wp-json\/wp\/v2\/pages\/30609"}],"wp:featuredmedia":[{"embeddable":true,"href":"https:\/\/www.assent.com\/fr\/wp-json\/wp\/v2\/media\/22040"}],"wp:attachment":[{"href":"https:\/\/www.assent.com\/fr\/wp-json\/wp\/v2\/media?parent=30652"}],"wp:term":[{"taxonomy":"category","embeddable":true,"href":"https:\/\/www.assent.com\/fr\/wp-json\/wp\/v2\/categories?post=30652"}],"curies":[{"name":"wp","href":"https:\/\/api.w.org\/{rel}","templated":true}]}}