{"id":30604,"date":"2022-01-26T22:03:56","date_gmt":"2022-01-27T03:03:56","guid":{"rendered":"https:\/\/www.assent.com\/compagnie\/alliances\/"},"modified":"2026-01-23T00:01:29","modified_gmt":"2026-01-23T05:01:29","slug":"alliances","status":"publish","type":"page","link":"https:\/\/www.assent.com\/fr\/entreprise\/alliances\/","title":{"rendered":"Alliances"},"content":{"rendered":"<!-- banner area part -->\n        <section class=\"generic-hero  blue-to-green-gradient   \" ><div class=\"gh-right-triangles\"><\/div><div class=\"row hero-wrap\">\n                <div class=\"cell-7 hero-left\"><div class=\"hero-left-inner d-flex align-items-center\"><div class=\"gh-content\"><h1 class=\"h1\">Nos alliances<\/h1><p>Gr\u00e2ce \u00e0 nos affiliations avec des organisations du secteur, nous aidons nos clients \u00e0 se maintenir \u00e0 la pointe de la durabilit\u00e9 de la supply chain.<\/p>\n<div class=\"btn-wrap\"><\/div><\/div><\/div>\n                <\/div><\/div>\n        <\/section>\n\n\n<div style=\"height:75px\" aria-hidden=\"true\" class=\"wp-block-spacer\"><\/div>\n\n\n<!-- Fifty Fifty Promo -->\n        <section class=\"fifty-fifty-promo elem-viewport \"><div class=\"container simple\"><div class=\"row \"><div class=\"cell-lg-6\"><div class=\"promo-media\"><div class=\"promo-image\">\n                                        <img decoding=\"async\" src=\"https:\/\/www.assent.com\/wp-content\/uploads\/2022\/02\/Assent_stockImage_SocialImpact-woman-armscrossed-\u2013-2.jpeg\" alt=\"\">\n                                    <\/div><\/div><\/div>\n                    <div class=\"cell-lg-6\"><div class=\"promo-content\"><h2 class=\"h2\">Une valeur ajout\u00e9e pour nos clients<\/h2><div class=\"promo-wysiwyg default\"><p>Assent comprend la valeur d&rsquo;une collaboration solide.<\/p>\n<p>Nous travaillons avec plus d&rsquo;une dizaine d&rsquo;associations, de conseillers, de cabinets d&rsquo;avocats et de leaders d&rsquo;opinion du secteur de la durabilit\u00e9 de la supply chain, ce qui nous permet de b\u00e9n\u00e9ficier d&rsquo;informations r\u00e9glementaires et d&rsquo;am\u00e9liorer notre offre de produits et de services.<\/p>\n<p>Qu&rsquo;est-ce que cela signifie pour nos clients ? Ils seront toujours les premiers \u00e0 \u00eatre au fait des modifications apport\u00e9es aux lois, \u00e0 b\u00e9n\u00e9ficier des derni\u00e8res actualit\u00e9s du secteur et \u00e0 recevoir du mat\u00e9riel p\u00e9dagogique pr\u00e9cieux provenant de sources s\u00fbres.<\/p>\n<\/div><\/div><\/div>\n                <\/div><\/div>\n        <\/section>\n\n\n<div style=\"height:75px\" aria-hidden=\"true\" class=\"wp-block-spacer\"><\/div>\n\n\n<!-- Fifty Fifty Promo -->\n        <section class=\"fifty-fifty-promo elem-viewport \"><div class=\"container simple\"><div class=\"row media-right\"><div class=\"cell-lg-6\"><div class=\"promo-media\"><div class=\"promo-image\">\n                                        <img decoding=\"async\" src=\"https:\/\/www.assent.com\/wp-content\/uploads\/2022\/02\/Assent_stockImage_CustomerImpact-business-worker-on-laptop.jpeg\" alt=\"\">\n                                    <\/div><\/div><\/div>\n                    <div class=\"cell-lg-6\"><div class=\"promo-content\"><h2 class=\"h2\">Notre contribution au secteur<\/h2><div class=\"promo-wysiwyg default\"><p>L&rsquo;\u00e9quipe d&rsquo;experts en r\u00e9glementation d&rsquo;Assent poss\u00e8de les comp\u00e9tences les plus diverses du secteur et compte plus de 100 ans d&rsquo;exp\u00e9rience collective en r\u00e9glementation et en conformit\u00e9.<\/p>\n<p>Nos experts font activement partie de plusieurs groupes et comit\u00e9s de d\u00e9veloppement des normes du secteur, tels que :<\/p>\n<ul>\n<li>Le groupe de travail 1 de l&rsquo;International Aerospace Environmental Group<\/li>\n<li>Le conseil de durabilit\u00e9 d&rsquo;AEM<\/li>\n<li>Le comit\u00e9 directeur de la r\u00e9glementation et de la conformit\u00e9 d&rsquo;AEM<\/li>\n<li>Le groupe de travail d&rsquo;AEM d\u00e9di\u00e9 \u00e0 la liste des substances d\u00e9clarables<\/li>\n<li>Le comit\u00e9 de d\u00e9veloppement de l&rsquo;IPC-1754<\/li>\n<li>Le comit\u00e9 de d\u00e9veloppement de l&rsquo;IPC-1752A<\/li>\n<li>Le comit\u00e9 de d\u00e9veloppement du TC 111<\/li>\n<\/ul>\n<\/div><\/div><\/div>\n                <\/div><\/div>\n        <\/section>\n\n\n<div style=\"height:75px\" aria-hidden=\"true\" class=\"wp-block-spacer\"><\/div>\n\n\n<!-- Logo Promo -->\n    <section class=\"logo-promo \">\n        <div class=\"container\">\n            <div class=\"sec-heading text-center\"><h2>Nos alliances<\/h2><div class=\"desc\"><p>Nous sommes fiers de travailler avec les organisations suivantes.<\/p>\n<\/div><\/div><div class=\"logo-promo-outer\"><div class=\"logo-promo-wrap\"><div class=\"logo-item\"><div class=\"logo-item-inner\"><img decoding=\"async\" src=\"https:\/\/www.assent.com\/wp-content\/uploads\/2022\/01\/Assent-Website-PartnersAffiliates-PartnerLogos-Hanza.png\" \n\t\t\t\t\t\t\t\t\t\t   width=\"500\"\n\t\t\t\t\t\t\t\t\t\t   height=\"194\"\n\t\t\t\t\t\t\t\t\t\t   loading=\"lazy\" \n\t\t\t\t\t\t\t\t\t\t   alt=\"logo-img\"><\/div><\/div><div class=\"logo-item\"><div class=\"logo-item-inner\"><img decoding=\"async\" src=\"https:\/\/www.assent.com\/wp-content\/uploads\/2022\/01\/Assent-Website-PartnersAffiliates-AffiliatesLogos-SLCP.png\" \n\t\t\t\t\t\t\t\t\t\t   width=\"424\"\n\t\t\t\t\t\t\t\t\t\t   height=\"103\"\n\t\t\t\t\t\t\t\t\t\t   loading=\"lazy\" \n\t\t\t\t\t\t\t\t\t\t   alt=\"logo-img\"><\/div><\/div><div class=\"logo-item\"><div class=\"logo-item-inner\"><img decoding=\"async\" src=\"https:\/\/www.assent.com\/wp-content\/uploads\/2022\/01\/Assent-Website-PartnersAffiliates-AffiliatesLogos-IAEG.png\" \n\t\t\t\t\t\t\t\t\t\t   width=\"318\"\n\t\t\t\t\t\t\t\t\t\t   height=\"103\"\n\t\t\t\t\t\t\t\t\t\t   loading=\"lazy\" \n\t\t\t\t\t\t\t\t\t\t   alt=\"logo-img\"><\/div><\/div><div class=\"logo-item\"><div class=\"logo-item-inner\"><img decoding=\"async\" src=\"https:\/\/www.assent.com\/wp-content\/uploads\/2022\/01\/Assent-Website-PartnersAffiliates-AffiliatesLogos-AIAG.png\" \n\t\t\t\t\t\t\t\t\t\t   width=\"272\"\n\t\t\t\t\t\t\t\t\t\t   height=\"62\"\n\t\t\t\t\t\t\t\t\t\t   loading=\"lazy\" \n\t\t\t\t\t\t\t\t\t\t   alt=\"logo-img\"><\/div><\/div><div class=\"logo-item\"><div class=\"logo-item-inner\"><img decoding=\"async\" src=\"https:\/\/www.assent.com\/wp-content\/uploads\/2022\/01\/Assent-Website-PartnersAffiliates-AffiliatesLogos-IPC.png\" \n\t\t\t\t\t\t\t\t\t\t   width=\"228\"\n\t\t\t\t\t\t\t\t\t\t   height=\"103\"\n\t\t\t\t\t\t\t\t\t\t   loading=\"lazy\" \n\t\t\t\t\t\t\t\t\t\t   alt=\"logo-img\"><\/div><\/div><div class=\"logo-item\"><div class=\"logo-item-inner\"><img decoding=\"async\" src=\"https:\/\/www.assent.com\/wp-content\/uploads\/2022\/01\/Assent-Website-PartnersAffiliates-PartnerLogos-PTC.png\" \n\t\t\t\t\t\t\t\t\t\t   width=\"500\"\n\t\t\t\t\t\t\t\t\t\t   height=\"194\"\n\t\t\t\t\t\t\t\t\t\t   loading=\"lazy\" \n\t\t\t\t\t\t\t\t\t\t   alt=\"logo-img\"><\/div><\/div><div class=\"logo-item\"><div class=\"logo-item-inner\"><img decoding=\"async\" src=\"https:\/\/www.assent.com\/wp-content\/uploads\/2022\/01\/Assent-Website-PartnersAffiliates-AffiliatesLogos-AIA.png\" \n\t\t\t\t\t\t\t\t\t\t   width=\"220\"\n\t\t\t\t\t\t\t\t\t\t   height=\"135\"\n\t\t\t\t\t\t\t\t\t\t   loading=\"lazy\" \n\t\t\t\t\t\t\t\t\t\t   alt=\"logo-img\"><\/div><\/div><div class=\"logo-item\"><div class=\"logo-item-inner\"><img decoding=\"async\" src=\"https:\/\/www.assent.com\/wp-content\/uploads\/2022\/01\/Assent-Website-PartnersAffiliates-AffiliatesLogos-NAM.png\" \n\t\t\t\t\t\t\t\t\t\t   width=\"188\"\n\t\t\t\t\t\t\t\t\t\t   height=\"135\"\n\t\t\t\t\t\t\t\t\t\t   loading=\"lazy\" \n\t\t\t\t\t\t\t\t\t\t   alt=\"logo-img\"><\/div><\/div><div class=\"logo-item\"><div class=\"logo-item-inner\"><img decoding=\"async\" src=\"https:\/\/www.assent.com\/wp-content\/uploads\/2022\/01\/Assent-Website-PartnersAffiliates-AffiliatesLogos-AEM.png\" \n\t\t\t\t\t\t\t\t\t\t   width=\"663\"\n\t\t\t\t\t\t\t\t\t\t   height=\"295\"\n\t\t\t\t\t\t\t\t\t\t   loading=\"lazy\" \n\t\t\t\t\t\t\t\t\t\t   alt=\"logo-img\"><\/div><\/div><div class=\"logo-item\"><div class=\"logo-item-inner\"><img decoding=\"async\" src=\"https:\/\/www.assent.com\/wp-content\/uploads\/2022\/01\/Assent-Website-PartnersAffiliates-PartnerLogos-Lorax.png\" \n\t\t\t\t\t\t\t\t\t\t   width=\"500\"\n\t\t\t\t\t\t\t\t\t\t   height=\"194\"\n\t\t\t\t\t\t\t\t\t\t   loading=\"lazy\" \n\t\t\t\t\t\t\t\t\t\t   alt=\"logo-img\"><\/div><\/div><div class=\"logo-item\"><div class=\"logo-item-inner\"><img decoding=\"async\" src=\"https:\/\/www.assent.com\/wp-content\/uploads\/2022\/01\/Assent-Website-PartnersAffiliates-AffiliatesLogos-MedTechUS.png\" \n\t\t\t\t\t\t\t\t\t\t   width=\"371\"\n\t\t\t\t\t\t\t\t\t\t   height=\"72\"\n\t\t\t\t\t\t\t\t\t\t   loading=\"lazy\" \n\t\t\t\t\t\t\t\t\t\t   alt=\"logo-img\"><\/div><\/div><div class=\"logo-item\"><div class=\"logo-item-inner\"><img decoding=\"async\" src=\"https:\/\/www.assent.com\/wp-content\/uploads\/2022\/01\/Assent-Website-PartnersAffiliates-PartnerLogos-GRC_logo.png\" \n\t\t\t\t\t\t\t\t\t\t   width=\"400\"\n\t\t\t\t\t\t\t\t\t\t   height=\"114\"\n\t\t\t\t\t\t\t\t\t\t   loading=\"lazy\" \n\t\t\t\t\t\t\t\t\t\t   alt=\"logo-img\"><\/div><\/div><div class=\"logo-item\"><div class=\"logo-item-inner\"><img decoding=\"async\" src=\"https:\/\/www.assent.com\/wp-content\/uploads\/2022\/01\/Assent-Website-PartnersAffiliates-PartnerLogos-HorivertATM.png\" \n\t\t\t\t\t\t\t\t\t\t   width=\"1154\"\n\t\t\t\t\t\t\t\t\t\t   height=\"181\"\n\t\t\t\t\t\t\t\t\t\t   loading=\"lazy\" \n\t\t\t\t\t\t\t\t\t\t   alt=\"logo-img\"><\/div><\/div><div class=\"logo-item\"><div class=\"logo-item-inner\"><img decoding=\"async\" src=\"https:\/\/www.assent.com\/wp-content\/uploads\/2022\/01\/Assent-Website-PartnersAffiliates-AffiliatesLogos-MedTechEU.png\" \n\t\t\t\t\t\t\t\t\t\t   width=\"396\"\n\t\t\t\t\t\t\t\t\t\t   height=\"66\"\n\t\t\t\t\t\t\t\t\t\t   loading=\"lazy\" \n\t\t\t\t\t\t\t\t\t\t   alt=\"logo-img\"><\/div><\/div><div class=\"logo-item\"><div class=\"logo-item-inner\"><img decoding=\"async\" src=\"https:\/\/www.assent.com\/wp-content\/uploads\/2022\/01\/Assent-Website-PartnersAffiliates-AffiliatesLogos-UNGC.png\" \n\t\t\t\t\t\t\t\t\t\t   width=\"368\"\n\t\t\t\t\t\t\t\t\t\t   height=\"103\"\n\t\t\t\t\t\t\t\t\t\t   loading=\"lazy\" \n\t\t\t\t\t\t\t\t\t\t   alt=\"logo-img\"><\/div><\/div><div class=\"logo-item\"><div class=\"logo-item-inner\"><img decoding=\"async\" src=\"https:\/\/www.assent.com\/wp-content\/uploads\/2022\/01\/Assent-Website-PartnersAffiliates-AffiliatesLogos-PPA.png\" \n\t\t\t\t\t\t\t\t\t\t   width=\"182\"\n\t\t\t\t\t\t\t\t\t\t   height=\"126\"\n\t\t\t\t\t\t\t\t\t\t   loading=\"lazy\" \n\t\t\t\t\t\t\t\t\t\t   alt=\"logo-img\"><\/div><\/div><div class=\"logo-item\"><div class=\"logo-item-inner\"><img decoding=\"async\" src=\"https:\/\/www.assent.com\/wp-content\/uploads\/2022\/01\/Assent-Website-PartnersAffiliates-AffiliatesLogos-GRI.png\" \n\t\t\t\t\t\t\t\t\t\t   width=\"126\"\n\t\t\t\t\t\t\t\t\t\t   height=\"135\"\n\t\t\t\t\t\t\t\t\t\t   loading=\"lazy\" \n\t\t\t\t\t\t\t\t\t\t   alt=\"logo-img\"><\/div><\/div><div class=\"logo-item\"><div class=\"logo-item-inner\"><img decoding=\"async\" src=\"https:\/\/www.assent.com\/wp-content\/uploads\/2022\/01\/Assent-Website-PartnersAffiliates-AffiliatesLogos-RMI.png\" \n\t\t\t\t\t\t\t\t\t\t   width=\"133\"\n\t\t\t\t\t\t\t\t\t\t   height=\"135\"\n\t\t\t\t\t\t\t\t\t\t   loading=\"lazy\" \n\t\t\t\t\t\t\t\t\t\t   alt=\"logo-img\"><\/div><\/div><\/div><\/div><\/div>\n    <\/section>\n\n\n<div style=\"height:75px\" aria-hidden=\"true\" class=\"wp-block-spacer\"><\/div>\n\n\n\r\n<!-- CTA Banner --><section class=\"cta-banner elem-viewport gradient3\">\r\n                <div class=\"container\">\r\n                    <div class=\"cta-banner-wrap\"  >\r\n                        <div class=\"row\">\r\n                            <div class=\"cell-lg-9\">\r\n                                <div class=\"cta-banner-content\"><h2 class=\"h2\">B\u00e9n\u00e9ficiez de nos informations r\u00e9glementaires<\/h2><p>Profitez d&rsquo;un acc\u00e8s \u00e0 toutes les informations que nous d\u00e9tenons. Travaillez avec Assent pour obtenir les derni\u00e8res actualit\u00e9s, des informations approfondies et des ressources provenant des leaders de votre secteur. Contactez-nous pour en savoir plus.<\/p>\n<\/div>\r\n                            <\/div>\r\n                            <div class=\"cell-lg-3 d-flex align-items-center justify-content-center\"><a href=\"https:\/\/www.assent.com\/fr\/entreprise\/nous-contacter\/\" class=\"btn -white \" target=\"\">Nous contacter<\/a><\/div>\r\n                        <\/div>\r\n                    <\/div>\r\n                <\/div>\r\n            <\/section>\r\n<style>\r\n    @media (max-width: 991px) {\r\n        .cta-banner.image-on-right {\r\n            text-align: center;\r\n        }\r\n\r\n        .cta-banner.gradient2 .align-items-center.justify-content-center {\r\n            justify-content: center;\r\n        }\r\n\r\n        .cta-banner.gradient3 .align-items-center.justify-content-center {\r\n            justify-content: center;\r\n        }\r\n    }\r\n<\/style>\n\n\n<div style=\"height:75px\" aria-hidden=\"true\" class=\"wp-block-spacer\"><\/div>\n","protected":false},"excerpt":{"rendered":"<p>Assent travaille avec des associations et des comit\u00e9s membres du secteur aussi divers que vari\u00e9s. D\u00e9couvrez comment notre place au sein du secteur peut vous aider \u00e0 renforcer vos programmes de durabilit\u00e9 de la supply chain.<\/p>\n","protected":false},"author":21,"featured_media":0,"parent":30602,"menu_order":0,"comment_status":"closed","ping_status":"closed","template":"","meta":{"_acf_changed":false,"footnotes":"","_links_to":"","_links_to_target":""},"categories":[],"class_list":["post-30604","page","type-page","status-publish","hentry"],"acf":[],"yoast_head":"<!-- This site is optimized with the Yoast SEO Premium plugin v26.6 (Yoast SEO v27.0) - https:\/\/yoast.com\/product\/yoast-seo-premium-wordpress\/ -->\n<title>Nos alliances | Assent<\/title>\n<meta name=\"description\" content=\"Assent travaille avec des associations et des comit\u00e9s membres du secteur aussi divers que vari\u00e9s. D\u00e9couvrez comment notre place au sein du secteur peut vous aider \u00e0 renforcer vos programmes de durabilit\u00e9 de la supply chain.\" \/>\n<meta name=\"robots\" content=\"index, follow, max-snippet:-1, max-image-preview:large, max-video-preview:-1\" \/>\n<link rel=\"canonical\" href=\"https:\/\/www.assent.com\/fr\/entreprise\/alliances\/\" \/>\n<meta property=\"og:locale\" content=\"fr_FR\" \/>\n<meta property=\"og:type\" content=\"article\" \/>\n<meta property=\"og:title\" content=\"Alliances\" \/>\n<meta property=\"og:description\" content=\"Assent travaille avec des associations et des comit\u00e9s membres du secteur aussi divers que vari\u00e9s. D\u00e9couvrez comment notre place au sein du secteur peut vous aider \u00e0 renforcer vos programmes de durabilit\u00e9 de la supply chain.\" \/>\n<meta property=\"og:url\" content=\"https:\/\/www.assent.com\/fr\/entreprise\/alliances\/\" \/>\n<meta property=\"og:site_name\" content=\"Assent\" \/>\n<meta property=\"article:publisher\" content=\"https:\/\/www.facebook.com\/AssentCompliance\/\" \/>\n<meta property=\"article:modified_time\" content=\"2026-01-23T05:01:29+00:00\" \/>\n<meta name=\"twitter:card\" content=\"summary_large_image\" \/>\n<meta name=\"twitter:site\" content=\"@AssentGlobal\" \/>\n<script type=\"application\/ld+json\" class=\"yoast-schema-graph\">{\"@context\":\"https:\/\/schema.org\",\"@graph\":[{\"@type\":\"WebPage\",\"@id\":\"https:\/\/www.assent.com\/fr\/entreprise\/alliances\/\",\"url\":\"https:\/\/www.assent.com\/fr\/entreprise\/alliances\/\",\"name\":\"Nos alliances | Assent\",\"isPartOf\":{\"@id\":\"https:\/\/www.assent.com\/fr\/#website\"},\"datePublished\":\"2022-01-27T03:03:56+00:00\",\"dateModified\":\"2026-01-23T05:01:29+00:00\",\"description\":\"Assent travaille avec des associations et des comit\u00e9s membres du secteur aussi divers que vari\u00e9s. D\u00e9couvrez comment notre place au sein du secteur peut vous aider \u00e0 renforcer vos programmes de durabilit\u00e9 de la supply chain.\",\"breadcrumb\":{\"@id\":\"https:\/\/www.assent.com\/fr\/entreprise\/alliances\/#breadcrumb\"},\"inLanguage\":\"fr-FR\",\"potentialAction\":[{\"@type\":\"ReadAction\",\"target\":[\"https:\/\/www.assent.com\/fr\/entreprise\/alliances\/\"]}]},{\"@type\":\"BreadcrumbList\",\"@id\":\"https:\/\/www.assent.com\/fr\/entreprise\/alliances\/#breadcrumb\",\"itemListElement\":[{\"@type\":\"ListItem\",\"position\":1,\"name\":\"Home\",\"item\":\"https:\/\/www.assent.com\/fr\/\"},{\"@type\":\"ListItem\",\"position\":2,\"name\":\"Entreprise\",\"item\":\"https:\/\/www.assent.com\/fr\/entreprise\/\"},{\"@type\":\"ListItem\",\"position\":3,\"name\":\"Alliances\"}]},{\"@type\":\"WebSite\",\"@id\":\"https:\/\/www.assent.com\/fr\/#website\",\"url\":\"https:\/\/www.assent.com\/fr\/\",\"name\":\"Assent\",\"description\":\"\",\"publisher\":{\"@id\":\"https:\/\/www.assent.com\/fr\/#organization\"},\"potentialAction\":[{\"@type\":\"SearchAction\",\"target\":{\"@type\":\"EntryPoint\",\"urlTemplate\":\"https:\/\/www.assent.com\/fr\/?s={search_term_string}\"},\"query-input\":{\"@type\":\"PropertyValueSpecification\",\"valueRequired\":true,\"valueName\":\"search_term_string\"}}],\"inLanguage\":\"fr-FR\"},{\"@type\":\"Organization\",\"@id\":\"https:\/\/www.assent.com\/fr\/#organization\",\"name\":\"Assent\",\"url\":\"https:\/\/www.assent.com\/fr\/\",\"logo\":{\"@type\":\"ImageObject\",\"inLanguage\":\"fr-FR\",\"@id\":\"https:\/\/www.assent.com\/fr\/#\/schema\/logo\/image\/\",\"url\":\"https:\/\/www.assent.com\/wp-content\/uploads\/2022\/01\/logo.svg\",\"contentUrl\":\"https:\/\/www.assent.com\/wp-content\/uploads\/2022\/01\/logo.svg\",\"width\":1,\"height\":1,\"caption\":\"Assent\"},\"image\":{\"@id\":\"https:\/\/www.assent.com\/fr\/#\/schema\/logo\/image\/\"},\"sameAs\":[\"https:\/\/www.facebook.com\/AssentCompliance\/\",\"https:\/\/x.com\/AssentGlobal\",\"https:\/\/www.linkedin.com\/company\/assent-compliance-inc\"]}]}<\/script>\n<!-- \/ Yoast SEO Premium plugin. -->","yoast_head_json":{"title":"Nos alliances | Assent","description":"Assent travaille avec des associations et des comit\u00e9s membres du secteur aussi divers que vari\u00e9s. D\u00e9couvrez comment notre place au sein du secteur peut vous aider \u00e0 renforcer vos programmes de durabilit\u00e9 de la supply chain.","robots":{"index":"index","follow":"follow","max-snippet":"max-snippet:-1","max-image-preview":"max-image-preview:large","max-video-preview":"max-video-preview:-1"},"canonical":"https:\/\/www.assent.com\/fr\/entreprise\/alliances\/","og_locale":"fr_FR","og_type":"article","og_title":"Alliances","og_description":"Assent travaille avec des associations et des comit\u00e9s membres du secteur aussi divers que vari\u00e9s. D\u00e9couvrez comment notre place au sein du secteur peut vous aider \u00e0 renforcer vos programmes de durabilit\u00e9 de la supply chain.","og_url":"https:\/\/www.assent.com\/fr\/entreprise\/alliances\/","og_site_name":"Assent","article_publisher":"https:\/\/www.facebook.com\/AssentCompliance\/","article_modified_time":"2026-01-23T05:01:29+00:00","twitter_card":"summary_large_image","twitter_site":"@AssentGlobal","schema":{"@context":"https:\/\/schema.org","@graph":[{"@type":"WebPage","@id":"https:\/\/www.assent.com\/fr\/entreprise\/alliances\/","url":"https:\/\/www.assent.com\/fr\/entreprise\/alliances\/","name":"Nos alliances | Assent","isPartOf":{"@id":"https:\/\/www.assent.com\/fr\/#website"},"datePublished":"2022-01-27T03:03:56+00:00","dateModified":"2026-01-23T05:01:29+00:00","description":"Assent travaille avec des associations et des comit\u00e9s membres du secteur aussi divers que vari\u00e9s. D\u00e9couvrez comment notre place au sein du secteur peut vous aider \u00e0 renforcer vos programmes de durabilit\u00e9 de la supply chain.","breadcrumb":{"@id":"https:\/\/www.assent.com\/fr\/entreprise\/alliances\/#breadcrumb"},"inLanguage":"fr-FR","potentialAction":[{"@type":"ReadAction","target":["https:\/\/www.assent.com\/fr\/entreprise\/alliances\/"]}]},{"@type":"BreadcrumbList","@id":"https:\/\/www.assent.com\/fr\/entreprise\/alliances\/#breadcrumb","itemListElement":[{"@type":"ListItem","position":1,"name":"Home","item":"https:\/\/www.assent.com\/fr\/"},{"@type":"ListItem","position":2,"name":"Entreprise","item":"https:\/\/www.assent.com\/fr\/entreprise\/"},{"@type":"ListItem","position":3,"name":"Alliances"}]},{"@type":"WebSite","@id":"https:\/\/www.assent.com\/fr\/#website","url":"https:\/\/www.assent.com\/fr\/","name":"Assent","description":"","publisher":{"@id":"https:\/\/www.assent.com\/fr\/#organization"},"potentialAction":[{"@type":"SearchAction","target":{"@type":"EntryPoint","urlTemplate":"https:\/\/www.assent.com\/fr\/?s={search_term_string}"},"query-input":{"@type":"PropertyValueSpecification","valueRequired":true,"valueName":"search_term_string"}}],"inLanguage":"fr-FR"},{"@type":"Organization","@id":"https:\/\/www.assent.com\/fr\/#organization","name":"Assent","url":"https:\/\/www.assent.com\/fr\/","logo":{"@type":"ImageObject","inLanguage":"fr-FR","@id":"https:\/\/www.assent.com\/fr\/#\/schema\/logo\/image\/","url":"https:\/\/www.assent.com\/wp-content\/uploads\/2022\/01\/logo.svg","contentUrl":"https:\/\/www.assent.com\/wp-content\/uploads\/2022\/01\/logo.svg","width":1,"height":1,"caption":"Assent"},"image":{"@id":"https:\/\/www.assent.com\/fr\/#\/schema\/logo\/image\/"},"sameAs":["https:\/\/www.facebook.com\/AssentCompliance\/","https:\/\/x.com\/AssentGlobal","https:\/\/www.linkedin.com\/company\/assent-compliance-inc"]}]}},"_links":{"self":[{"href":"https:\/\/www.assent.com\/fr\/wp-json\/wp\/v2\/pages\/30604","targetHints":{"allow":["GET"]}}],"collection":[{"href":"https:\/\/www.assent.com\/fr\/wp-json\/wp\/v2\/pages"}],"about":[{"href":"https:\/\/www.assent.com\/fr\/wp-json\/wp\/v2\/types\/page"}],"author":[{"embeddable":true,"href":"https:\/\/www.assent.com\/fr\/wp-json\/wp\/v2\/users\/21"}],"replies":[{"embeddable":true,"href":"https:\/\/www.assent.com\/fr\/wp-json\/wp\/v2\/comments?post=30604"}],"version-history":[{"count":1,"href":"https:\/\/www.assent.com\/fr\/wp-json\/wp\/v2\/pages\/30604\/revisions"}],"predecessor-version":[{"id":107862,"href":"https:\/\/www.assent.com\/fr\/wp-json\/wp\/v2\/pages\/30604\/revisions\/107862"}],"up":[{"embeddable":true,"href":"https:\/\/www.assent.com\/fr\/wp-json\/wp\/v2\/pages\/30602"}],"wp:attachment":[{"href":"https:\/\/www.assent.com\/fr\/wp-json\/wp\/v2\/media?parent=30604"}],"wp:term":[{"taxonomy":"category","embeddable":true,"href":"https:\/\/www.assent.com\/fr\/wp-json\/wp\/v2\/categories?post=30604"}],"curies":[{"name":"wp","href":"https:\/\/api.w.org\/{rel}","templated":true}]}}