{"id":30513,"date":"2022-01-27T18:09:11","date_gmt":"2022-01-27T23:09:11","guid":{"rendered":"https:\/\/www.assent.com\/solutions\/industry\/"},"modified":"2026-01-23T00:19:07","modified_gmt":"2026-01-23T05:19:07","slug":"secteur","status":"publish","type":"page","link":"https:\/\/www.assent.com\/fr\/solutions\/secteur\/","title":{"rendered":"Par secteur"},"content":{"rendered":"<!-- banner area part -->\n        <section class=\"generic-hero  navy   \" ><div class=\"gh-right-triangles\"><\/div><div class=\"row hero-wrap\">\n                <div class=\"cell-7 hero-left\"><div class=\"hero-left-inner d-flex align-items-center\"><div class=\"gh-content\"><h1 class=\"h1\">Solutions Assent par secteur<\/h1><p>D\u00e9couvrez comment nos solutions d\u00e9di\u00e9es \u00e0 la gestion automatis\u00e9e de la durabilit\u00e9 de la supply chain aident les fabricants complexes \u00e0 gagner en visibilit\u00e9, \u00e0 prendre de meilleures d\u00e9cisions et \u00e0 se d\u00e9velopper plus efficacement.<\/p>\n<div class=\"btn-wrap\"><\/div><\/div><\/div>\n                <\/div><\/div>\n        <\/section>\n\n\n<div style=\"height:75px\" aria-hidden=\"true\" class=\"wp-block-spacer\"><\/div>\n\n\n<!-- Fifty Fifty Promo -->\n        <section class=\"fifty-fifty-promo elem-viewport \"><div class=\"container simple\"><div class=\"row media-right\"><div class=\"cell-lg-6\"><div class=\"promo-media\"><div class=\"promo-image\">\n                                        <img decoding=\"async\" src=\"https:\/\/www.assent.com\/wp-content\/uploads\/2022\/02\/Assent_stockImage_CustomerImpact_medical-heart-monitors-machines-e1652375220418.jpg\" alt=\"File di dispositivi medici per il monitoraggio cardiaco\">\n                                    <\/div><\/div><\/div>\n                    <div class=\"cell-lg-6\"><div class=\"promo-content\"><div class=\"eyebrow-text\">Solution<\/div><h2 class=\"h2\">Secteur des dispositifs m\u00e9dicaux<\/h2><div class=\"promo-wysiwyg default\"><p>Le secteur des dispositifs m\u00e9dicaux fait face \u00e0 une surveillance accrue, c&rsquo;est pourquoi ses programmes de conformit\u00e9 et environnementaux, sociaux et de gouvernance (ESG) doivent \u00eatre approfondis et d\u00e9fendables.<\/p>\n<\/div><a href=\"https:\/\/www.assent.com\/fr\/solutions\/secteur\/supply-chain-dispositifs-medicaux\/\" target=\"\" class=\"btn\">D\u00e9couvrir nos solutions<\/a><\/div><\/div>\n                <\/div><\/div>\n        <\/section>\n\n\n<div style=\"height:75px\" aria-hidden=\"true\" class=\"wp-block-spacer\"><\/div>\n\n\n<!-- Fifty Fifty Promo -->\n        <section class=\"fifty-fifty-promo elem-viewport \"><div class=\"container simple\"><div class=\"row \"><div class=\"cell-lg-6\"><div class=\"promo-media\"><div class=\"promo-image\">\n                                        <img decoding=\"async\" src=\"https:\/\/www.assent.com\/wp-content\/uploads\/2022\/02\/Assent_stockImage_CustomerImpact_electronics-microchips-stacked-e1652375198760.jpg\" alt=\"File di microchip\">\n                                    <\/div><\/div><\/div>\n                    <div class=\"cell-lg-6\"><div class=\"promo-content\"><div class=\"eyebrow-text\">Solution<\/div><h2 class=\"h2\">Secteur de l&rsquo;\u00e9lectronique<\/h2><div class=\"promo-wysiwyg default\"><p>Les fabricants de produits \u00e9lectroniques doivent r\u00e9pondre \u00e0 des r\u00e9glementations tr\u00e8s strictes et vendent leurs articles dans toute une s\u00e9rie de secteurs. La solution de durabilit\u00e9 de la supply chain d&rsquo;Assent peut vous aider \u00e0 gagner en visibilit\u00e9 et \u00e0 d\u00e9velopper plus efficacement votre activit\u00e9.<\/p>\n<\/div><a href=\"https:\/\/www.assent.com\/fr\/solutions\/secteur\/supply-chain-electronique\/\" target=\"\" class=\"btn\">D\u00e9couvrir nos solutions<\/a><\/div><\/div>\n                <\/div><\/div>\n        <\/section>\n\n\n<div style=\"height:75px\" aria-hidden=\"true\" class=\"wp-block-spacer\"><\/div>\n\n\n<!-- Fifty Fifty Promo -->\n        <section class=\"fifty-fifty-promo elem-viewport \"><div class=\"container simple\"><div class=\"row media-right\"><div class=\"cell-lg-6\"><div class=\"promo-media\"><div class=\"promo-image\">\n                                        <img decoding=\"async\" src=\"https:\/\/www.assent.com\/wp-content\/uploads\/2022\/02\/Assent_stockImage_CustomerImpact-silver-rings.jpeg\" alt=\"Primo piano di una scatola di rondelle in argento\">\n                                    <\/div><\/div><\/div>\n                    <div class=\"cell-lg-6\"><div class=\"promo-content\"><div class=\"eyebrow-text\">Solution<\/div><h2 class=\"h2\">Secteur des \u00e9quipements industriels<\/h2><div class=\"promo-wysiwyg default\"><p>Bien que les supply chains soient complexes, la solution de durabilit\u00e9 pour la v\u00f4tre n&rsquo;a pas \u00e0 l&rsquo;\u00eatre. Assent vous aide \u00e0 gagner en visibilit\u00e9, \u00e0 prendre des d\u00e9cisions plus \u00e9clair\u00e9es et \u00e0 acc\u00e9l\u00e9rer votre d\u00e9veloppement.<\/p>\n<\/div><a href=\"https:\/\/www.assent.com\/fr\/solutions\/secteur\/solutions-supply-chain-industrielle\/\" target=\"\" class=\"btn\">D\u00e9couvrir nos solutions<\/a><\/div><\/div>\n                <\/div><\/div>\n        <\/section>\n\n\n<div style=\"height:75px\" aria-hidden=\"true\" class=\"wp-block-spacer\"><\/div>\n\n\n<!-- Fifty Fifty Promo -->\n        <section class=\"fifty-fifty-promo elem-viewport \"><div class=\"container simple\"><div class=\"row \"><div class=\"cell-lg-6\"><div class=\"promo-media\"><div class=\"promo-image\">\n                                        <img decoding=\"async\" src=\"https:\/\/www.assent.com\/wp-content\/uploads\/2022\/02\/Assent_stockImage_CustomerImpact-cars-parkinglot.jpeg\" alt=\"File di auto in un parcheggio\">\n                                    <\/div><\/div><\/div>\n                    <div class=\"cell-lg-6\"><div class=\"promo-content\"><div class=\"eyebrow-text\">Solution<\/div><h2 class=\"h2\">Secteur de l&rsquo;automobile<\/h2><div class=\"promo-wysiwyg default\"><p>La supply chain automobile est complexe. Assent aide les fabricants \u00e0 lui donner du sens afin de gagner en visibilit\u00e9, de prendre des d\u00e9cisions plus \u00e9clair\u00e9es et d&rsquo;acc\u00e9l\u00e9rer leur d\u00e9veloppement.<\/p>\n<\/div><a href=\"https:\/\/www.assent.com\/fr\/solutions\/secteur\/solutions-supply-chain-automobile\/\" target=\"\" class=\"btn\">D\u00e9couvrir nos solutions<\/a><\/div><\/div>\n                <\/div><\/div>\n        <\/section>\n\n\n<div style=\"height:75px\" aria-hidden=\"true\" class=\"wp-block-spacer\"><\/div>\n\n\n<!-- Fifty Fifty Promo -->\n        <section class=\"fifty-fifty-promo elem-viewport \"><div class=\"container simple\"><div class=\"row media-right\"><div class=\"cell-lg-6\"><div class=\"promo-media\"><div class=\"promo-image\">\n                                        <img decoding=\"async\" src=\"https:\/\/www.assent.com\/wp-content\/uploads\/2022\/02\/Assent_stockImage_CustomerImpact-propeller-closeup-\u2013-2.jpeg\" alt=\"Primo piano dell'elica di un aereo\">\n                                    <\/div><\/div><\/div>\n                    <div class=\"cell-lg-6\"><div class=\"promo-content\"><div class=\"eyebrow-text\">Solution<\/div><h2 class=\"h2\">Secteur de l&rsquo;a\u00e9rospatiale et de la d\u00e9fense<\/h2><div class=\"promo-wysiwyg default\"><p>Le secteur de l&rsquo;a\u00e9rospatiale et de la d\u00e9fense regorge de supply chains toutes plus complexes les unes que les autres. Sur le march\u00e9, Assent est le seul acteur \u00e0 \u00eatre en mesure de faire d\u00e9coller vos programmes de durabilit\u00e9 et de conformit\u00e9.<\/p>\n<\/div><a href=\"https:\/\/www.assent.com\/fr\/solutions\/secteur\/supply-chain-aerospatiale\/\" target=\"\" class=\"btn\">D\u00e9couvrir nos solutions<\/a><\/div><\/div>\n                <\/div><\/div>\n        <\/section>\n\n\n<div style=\"height:75px\" aria-hidden=\"true\" class=\"wp-block-spacer\"><\/div>\n","protected":false},"excerpt":{"rendered":"","protected":false},"author":21,"featured_media":0,"parent":30511,"menu_order":0,"comment_status":"closed","ping_status":"closed","template":"","meta":{"_acf_changed":false,"footnotes":"","_links_to":"","_links_to_target":""},"categories":[],"class_list":["post-30513","page","type-page","status-publish","hentry"],"acf":[],"yoast_head":"<!-- This site is optimized with the Yoast SEO Premium plugin v26.6 (Yoast SEO v27.0) - https:\/\/yoast.com\/product\/yoast-seo-premium-wordpress\/ -->\n<title>Par secteur | Assent<\/title>\n<meta name=\"description\" content=\"D\u00e9couvrez comment nos solutions d\u00e9di\u00e9es \u00e0 la gestion automatis\u00e9e de la durabilit\u00e9 de la supply chain aident les fabricants complexes \u00e0 gagner en visibilit\u00e9, \u00e0 prendre de meilleures d\u00e9cisions et \u00e0 se d\u00e9velopper plus efficacement.\" \/>\n<meta name=\"robots\" content=\"index, follow, max-snippet:-1, max-image-preview:large, max-video-preview:-1\" \/>\n<link rel=\"canonical\" href=\"https:\/\/www.assent.com\/fr\/solutions\/secteur\/\" \/>\n<meta property=\"og:locale\" content=\"fr_FR\" \/>\n<meta property=\"og:type\" content=\"article\" \/>\n<meta property=\"og:title\" content=\"Par secteur\" \/>\n<meta property=\"og:description\" content=\"D\u00e9couvrez comment nos solutions d\u00e9di\u00e9es \u00e0 la gestion automatis\u00e9e de la durabilit\u00e9 de la supply chain aident les fabricants complexes \u00e0 gagner en visibilit\u00e9, \u00e0 prendre de meilleures d\u00e9cisions et \u00e0 se d\u00e9velopper plus efficacement.\" \/>\n<meta property=\"og:url\" content=\"https:\/\/www.assent.com\/fr\/solutions\/secteur\/\" \/>\n<meta property=\"og:site_name\" content=\"Assent\" \/>\n<meta property=\"article:publisher\" content=\"https:\/\/www.facebook.com\/AssentCompliance\/\" \/>\n<meta property=\"article:modified_time\" content=\"2026-01-23T05:19:07+00:00\" \/>\n<meta name=\"twitter:card\" content=\"summary_large_image\" \/>\n<meta name=\"twitter:site\" content=\"@AssentGlobal\" \/>\n<script type=\"application\/ld+json\" class=\"yoast-schema-graph\">{\"@context\":\"https:\/\/schema.org\",\"@graph\":[{\"@type\":\"WebPage\",\"@id\":\"https:\/\/www.assent.com\/fr\/solutions\/secteur\/\",\"url\":\"https:\/\/www.assent.com\/fr\/solutions\/secteur\/\",\"name\":\"Par secteur | Assent\",\"isPartOf\":{\"@id\":\"https:\/\/www.assent.com\/fr\/#website\"},\"datePublished\":\"2022-01-27T23:09:11+00:00\",\"dateModified\":\"2026-01-23T05:19:07+00:00\",\"description\":\"D\u00e9couvrez comment nos solutions d\u00e9di\u00e9es \u00e0 la gestion automatis\u00e9e de la durabilit\u00e9 de la supply chain aident les fabricants complexes \u00e0 gagner en visibilit\u00e9, \u00e0 prendre de meilleures d\u00e9cisions et \u00e0 se d\u00e9velopper plus efficacement.\",\"breadcrumb\":{\"@id\":\"https:\/\/www.assent.com\/fr\/solutions\/secteur\/#breadcrumb\"},\"inLanguage\":\"fr-FR\",\"potentialAction\":[{\"@type\":\"ReadAction\",\"target\":[\"https:\/\/www.assent.com\/fr\/solutions\/secteur\/\"]}]},{\"@type\":\"BreadcrumbList\",\"@id\":\"https:\/\/www.assent.com\/fr\/solutions\/secteur\/#breadcrumb\",\"itemListElement\":[{\"@type\":\"ListItem\",\"position\":1,\"name\":\"Home\",\"item\":\"https:\/\/www.assent.com\/fr\/\"},{\"@type\":\"ListItem\",\"position\":2,\"name\":\"Solutions\",\"item\":\"https:\/\/www.assent.com\/fr\/solutions\/\"},{\"@type\":\"ListItem\",\"position\":3,\"name\":\"Par secteur\"}]},{\"@type\":\"WebSite\",\"@id\":\"https:\/\/www.assent.com\/fr\/#website\",\"url\":\"https:\/\/www.assent.com\/fr\/\",\"name\":\"Assent\",\"description\":\"\",\"publisher\":{\"@id\":\"https:\/\/www.assent.com\/fr\/#organization\"},\"potentialAction\":[{\"@type\":\"SearchAction\",\"target\":{\"@type\":\"EntryPoint\",\"urlTemplate\":\"https:\/\/www.assent.com\/fr\/?s={search_term_string}\"},\"query-input\":{\"@type\":\"PropertyValueSpecification\",\"valueRequired\":true,\"valueName\":\"search_term_string\"}}],\"inLanguage\":\"fr-FR\"},{\"@type\":\"Organization\",\"@id\":\"https:\/\/www.assent.com\/fr\/#organization\",\"name\":\"Assent\",\"url\":\"https:\/\/www.assent.com\/fr\/\",\"logo\":{\"@type\":\"ImageObject\",\"inLanguage\":\"fr-FR\",\"@id\":\"https:\/\/www.assent.com\/fr\/#\/schema\/logo\/image\/\",\"url\":\"https:\/\/www.assent.com\/wp-content\/uploads\/2022\/01\/logo.svg\",\"contentUrl\":\"https:\/\/www.assent.com\/wp-content\/uploads\/2022\/01\/logo.svg\",\"width\":1,\"height\":1,\"caption\":\"Assent\"},\"image\":{\"@id\":\"https:\/\/www.assent.com\/fr\/#\/schema\/logo\/image\/\"},\"sameAs\":[\"https:\/\/www.facebook.com\/AssentCompliance\/\",\"https:\/\/x.com\/AssentGlobal\",\"https:\/\/www.linkedin.com\/company\/assent-compliance-inc\"]}]}<\/script>\n<!-- \/ Yoast SEO Premium plugin. -->","yoast_head_json":{"title":"Par secteur | Assent","description":"D\u00e9couvrez comment nos solutions d\u00e9di\u00e9es \u00e0 la gestion automatis\u00e9e de la durabilit\u00e9 de la supply chain aident les fabricants complexes \u00e0 gagner en visibilit\u00e9, \u00e0 prendre de meilleures d\u00e9cisions et \u00e0 se d\u00e9velopper plus efficacement.","robots":{"index":"index","follow":"follow","max-snippet":"max-snippet:-1","max-image-preview":"max-image-preview:large","max-video-preview":"max-video-preview:-1"},"canonical":"https:\/\/www.assent.com\/fr\/solutions\/secteur\/","og_locale":"fr_FR","og_type":"article","og_title":"Par secteur","og_description":"D\u00e9couvrez comment nos solutions d\u00e9di\u00e9es \u00e0 la gestion automatis\u00e9e de la durabilit\u00e9 de la supply chain aident les fabricants complexes \u00e0 gagner en visibilit\u00e9, \u00e0 prendre de meilleures d\u00e9cisions et \u00e0 se d\u00e9velopper plus efficacement.","og_url":"https:\/\/www.assent.com\/fr\/solutions\/secteur\/","og_site_name":"Assent","article_publisher":"https:\/\/www.facebook.com\/AssentCompliance\/","article_modified_time":"2026-01-23T05:19:07+00:00","twitter_card":"summary_large_image","twitter_site":"@AssentGlobal","schema":{"@context":"https:\/\/schema.org","@graph":[{"@type":"WebPage","@id":"https:\/\/www.assent.com\/fr\/solutions\/secteur\/","url":"https:\/\/www.assent.com\/fr\/solutions\/secteur\/","name":"Par secteur | Assent","isPartOf":{"@id":"https:\/\/www.assent.com\/fr\/#website"},"datePublished":"2022-01-27T23:09:11+00:00","dateModified":"2026-01-23T05:19:07+00:00","description":"D\u00e9couvrez comment nos solutions d\u00e9di\u00e9es \u00e0 la gestion automatis\u00e9e de la durabilit\u00e9 de la supply chain aident les fabricants complexes \u00e0 gagner en visibilit\u00e9, \u00e0 prendre de meilleures d\u00e9cisions et \u00e0 se d\u00e9velopper plus efficacement.","breadcrumb":{"@id":"https:\/\/www.assent.com\/fr\/solutions\/secteur\/#breadcrumb"},"inLanguage":"fr-FR","potentialAction":[{"@type":"ReadAction","target":["https:\/\/www.assent.com\/fr\/solutions\/secteur\/"]}]},{"@type":"BreadcrumbList","@id":"https:\/\/www.assent.com\/fr\/solutions\/secteur\/#breadcrumb","itemListElement":[{"@type":"ListItem","position":1,"name":"Home","item":"https:\/\/www.assent.com\/fr\/"},{"@type":"ListItem","position":2,"name":"Solutions","item":"https:\/\/www.assent.com\/fr\/solutions\/"},{"@type":"ListItem","position":3,"name":"Par secteur"}]},{"@type":"WebSite","@id":"https:\/\/www.assent.com\/fr\/#website","url":"https:\/\/www.assent.com\/fr\/","name":"Assent","description":"","publisher":{"@id":"https:\/\/www.assent.com\/fr\/#organization"},"potentialAction":[{"@type":"SearchAction","target":{"@type":"EntryPoint","urlTemplate":"https:\/\/www.assent.com\/fr\/?s={search_term_string}"},"query-input":{"@type":"PropertyValueSpecification","valueRequired":true,"valueName":"search_term_string"}}],"inLanguage":"fr-FR"},{"@type":"Organization","@id":"https:\/\/www.assent.com\/fr\/#organization","name":"Assent","url":"https:\/\/www.assent.com\/fr\/","logo":{"@type":"ImageObject","inLanguage":"fr-FR","@id":"https:\/\/www.assent.com\/fr\/#\/schema\/logo\/image\/","url":"https:\/\/www.assent.com\/wp-content\/uploads\/2022\/01\/logo.svg","contentUrl":"https:\/\/www.assent.com\/wp-content\/uploads\/2022\/01\/logo.svg","width":1,"height":1,"caption":"Assent"},"image":{"@id":"https:\/\/www.assent.com\/fr\/#\/schema\/logo\/image\/"},"sameAs":["https:\/\/www.facebook.com\/AssentCompliance\/","https:\/\/x.com\/AssentGlobal","https:\/\/www.linkedin.com\/company\/assent-compliance-inc"]}]}},"_links":{"self":[{"href":"https:\/\/www.assent.com\/fr\/wp-json\/wp\/v2\/pages\/30513","targetHints":{"allow":["GET"]}}],"collection":[{"href":"https:\/\/www.assent.com\/fr\/wp-json\/wp\/v2\/pages"}],"about":[{"href":"https:\/\/www.assent.com\/fr\/wp-json\/wp\/v2\/types\/page"}],"author":[{"embeddable":true,"href":"https:\/\/www.assent.com\/fr\/wp-json\/wp\/v2\/users\/21"}],"replies":[{"embeddable":true,"href":"https:\/\/www.assent.com\/fr\/wp-json\/wp\/v2\/comments?post=30513"}],"version-history":[{"count":1,"href":"https:\/\/www.assent.com\/fr\/wp-json\/wp\/v2\/pages\/30513\/revisions"}],"predecessor-version":[{"id":107896,"href":"https:\/\/www.assent.com\/fr\/wp-json\/wp\/v2\/pages\/30513\/revisions\/107896"}],"up":[{"embeddable":true,"href":"https:\/\/www.assent.com\/fr\/wp-json\/wp\/v2\/pages\/30511"}],"wp:attachment":[{"href":"https:\/\/www.assent.com\/fr\/wp-json\/wp\/v2\/media?parent=30513"}],"wp:term":[{"taxonomy":"category","embeddable":true,"href":"https:\/\/www.assent.com\/fr\/wp-json\/wp\/v2\/categories?post=30513"}],"curies":[{"name":"wp","href":"https:\/\/api.w.org\/{rel}","templated":true}]}}