{"id":176774,"date":"2026-04-14T14:50:43","date_gmt":"2026-04-14T18:50:43","guid":{"rendered":"https:\/\/www.assent.com\/?page_id=176774"},"modified":"2026-04-14T14:50:46","modified_gmt":"2026-04-14T18:50:46","slug":"kyle-erickson","status":"publish","type":"page","link":"https:\/\/www.assent.com\/fr\/capacites\/expertise\/kyle-erickson\/","title":{"rendered":"Kyle Erickson"},"content":{"rendered":"\n<div style=\"height:75px\" aria-hidden=\"true\" class=\"wp-block-spacer\"><\/div>\n\n\n\r\n<!-- WYSIWYG -->\r\n        <section class=\"wysiwyg-section\">\r\n            <div class=\"container\"><h1>Kyle Erickson<\/h1>\n<h6>Expert r\u00e9glementaire senior<\/h6>\n<p><img decoding=\"async\" class=\"alignright wp-image-110548 size-medium\" src=\"https:\/\/www.assent.com\/wp-content\/uploads\/2026\/03\/Kyle-Erickson-300x300.webp\" alt=\"Kyle Erickson\" width=\"300\" height=\"300\" srcset=\"https:\/\/www.assent.com\/wp-content\/uploads\/2026\/03\/Kyle-Erickson-300x300.webp 300w, https:\/\/www.assent.com\/wp-content\/uploads\/2026\/03\/Kyle-Erickson-1024x1024.webp 1024w, https:\/\/www.assent.com\/wp-content\/uploads\/2026\/03\/Kyle-Erickson-150x150.webp 150w, https:\/\/www.assent.com\/wp-content\/uploads\/2026\/03\/Kyle-Erickson-768x768.webp 768w, https:\/\/www.assent.com\/wp-content\/uploads\/2026\/03\/Kyle-Erickson-1536x1536.webp 1536w, https:\/\/www.assent.com\/wp-content\/uploads\/2026\/03\/Kyle-Erickson-2048x2048.webp 2048w\" sizes=\"(max-width: 300px) 100vw, 300px\" \/><br \/>\nKyle apporte 17 ans d\u2019exp\u00e9rience dans les secteurs de l\u2019a\u00e9rospatiale, de l\u2019automobile, de la microbiologie et de la r\u00e9frig\u00e9ration commerciale. Fort d\u2019une d\u00e9cennie dans la gestion des produits et la conformit\u00e9 des mat\u00e9riaux, il met l\u2019accent sur des solutions pragmatiques et \u00e9volutives face \u00e0 l\u2019\u00e9volution rapide du paysage r\u00e9glementaire mondial. Des r\u00f4les compl\u00e9mentaires en R&amp;D, en fabrication et en HSE ont influenc\u00e9 sa perspective et son approche de la gestion responsable des produits. Il a mis en place des programmes mondiaux de gestion responsable des produits lors de plusieurs transformations commerciales li\u00e9es \u00e0 des fusions et acquisitions. Kyle est dipl\u00f4m\u00e9 du College of Biological Sciences de l\u2019Universit\u00e9 du Minnesota et a travaill\u00e9 chez 3M, Neogen et Refrigerated Solutions Group avant de rejoindre Assent.<\/p>\n<p><a href=\"https:\/\/www.linkedin.com\/in\/kyle-e-139b6456\/\">Se connecter avec Kyle sur LinkedIn <\/a><\/p>\n<p><a href=\"mailto:kyle.erickson@assent.com\">Contacter Kyle par e-mail<\/a><\/p>\n<\/div>    \r\n        <\/section>","protected":false},"excerpt":{"rendered":"<p>D\u00e9couvrez Kyle Erickson, expert en conformit\u00e9 r\u00e9glementaire, sp\u00e9cialis\u00e9 dans la gestion responsable des produits et la conformit\u00e9 des mat\u00e9riaux.<\/p>\n","protected":false},"author":57,"featured_media":110549,"parent":31083,"menu_order":0,"comment_status":"closed","ping_status":"closed","template":"","meta":{"_acf_changed":false,"footnotes":"","_links_to":"","_links_to_target":""},"categories":[],"class_list":["post-176774","page","type-page","status-publish","has-post-thumbnail","hentry"],"acf":[],"yoast_head":"<!-- This site is optimized with the Yoast SEO Premium plugin v26.6 (Yoast SEO v27.0) - https:\/\/yoast.com\/product\/yoast-seo-premium-wordpress\/ -->\n<title>Kyle Erickson | Expert r\u00e9glementaire senior | Assent<\/title>\n<meta name=\"description\" content=\"D\u00e9couvrez Kyle Erickson, expert en conformit\u00e9 r\u00e9glementaire, sp\u00e9cialis\u00e9 dans la gestion responsable des produits et la conformit\u00e9 des mat\u00e9riaux.\" \/>\n<meta name=\"robots\" content=\"index, follow, max-snippet:-1, max-image-preview:large, max-video-preview:-1\" \/>\n<link rel=\"canonical\" href=\"https:\/\/www.assent.com\/fr\/capacites\/expertise\/kyle-erickson\/\" \/>\n<meta property=\"og:locale\" content=\"fr_FR\" \/>\n<meta property=\"og:type\" content=\"article\" \/>\n<meta property=\"og:title\" content=\"Kyle Erickson\" \/>\n<meta property=\"og:description\" content=\"D\u00e9couvrez Kyle Erickson, expert en conformit\u00e9 r\u00e9glementaire, sp\u00e9cialis\u00e9 dans la gestion responsable des produits et la conformit\u00e9 des mat\u00e9riaux.\" \/>\n<meta property=\"og:url\" content=\"https:\/\/www.assent.com\/fr\/capacites\/expertise\/kyle-erickson\/\" \/>\n<meta property=\"og:site_name\" content=\"Assent\" \/>\n<meta property=\"article:publisher\" content=\"https:\/\/www.facebook.com\/AssentCompliance\/\" \/>\n<meta property=\"article:modified_time\" content=\"2026-04-14T18:50:46+00:00\" \/>\n<meta property=\"og:image\" content=\"https:\/\/www.assent.com\/wp-content\/uploads\/2026\/03\/Kyle-Erickson.webp\" \/>\n\t<meta property=\"og:image:width\" content=\"2700\" \/>\n\t<meta property=\"og:image:height\" content=\"2700\" \/>\n\t<meta property=\"og:image:type\" content=\"image\/webp\" \/>\n<meta name=\"twitter:card\" content=\"summary_large_image\" \/>\n<meta name=\"twitter:site\" content=\"@AssentGlobal\" \/>\n<script type=\"application\/ld+json\" class=\"yoast-schema-graph\">{\"@context\":\"https:\/\/schema.org\",\"@graph\":[{\"@type\":\"WebPage\",\"@id\":\"https:\/\/www.assent.com\/fr\/capacites\/expertise\/kyle-erickson\/\",\"url\":\"https:\/\/www.assent.com\/fr\/capacites\/expertise\/kyle-erickson\/\",\"name\":\"Kyle Erickson | Expert r\u00e9glementaire senior | Assent\",\"isPartOf\":{\"@id\":\"https:\/\/www.assent.com\/fr\/#website\"},\"primaryImageOfPage\":{\"@id\":\"https:\/\/www.assent.com\/fr\/capacites\/expertise\/kyle-erickson\/#primaryimage\"},\"image\":{\"@id\":\"https:\/\/www.assent.com\/fr\/capacites\/expertise\/kyle-erickson\/#primaryimage\"},\"thumbnailUrl\":\"https:\/\/www.assent.com\/wp-content\/uploads\/2026\/03\/Kyle-Erickson.webp\",\"datePublished\":\"2026-04-14T18:50:43+00:00\",\"dateModified\":\"2026-04-14T18:50:46+00:00\",\"description\":\"D\u00e9couvrez Kyle Erickson, expert en conformit\u00e9 r\u00e9glementaire, sp\u00e9cialis\u00e9 dans la gestion responsable des produits et la conformit\u00e9 des mat\u00e9riaux.\",\"breadcrumb\":{\"@id\":\"https:\/\/www.assent.com\/fr\/capacites\/expertise\/kyle-erickson\/#breadcrumb\"},\"inLanguage\":\"fr-FR\",\"potentialAction\":[{\"@type\":\"ReadAction\",\"target\":[\"https:\/\/www.assent.com\/fr\/capacites\/expertise\/kyle-erickson\/\"]}]},{\"@type\":\"ImageObject\",\"inLanguage\":\"fr-FR\",\"@id\":\"https:\/\/www.assent.com\/fr\/capacites\/expertise\/kyle-erickson\/#primaryimage\",\"url\":\"https:\/\/www.assent.com\/wp-content\/uploads\/2026\/03\/Kyle-Erickson.webp\",\"contentUrl\":\"https:\/\/www.assent.com\/wp-content\/uploads\/2026\/03\/Kyle-Erickson.webp\",\"width\":2700,\"height\":2700,\"caption\":\"Kyle Erickson\"},{\"@type\":\"BreadcrumbList\",\"@id\":\"https:\/\/www.assent.com\/fr\/capacites\/expertise\/kyle-erickson\/#breadcrumb\",\"itemListElement\":[{\"@type\":\"ListItem\",\"position\":1,\"name\":\"Home\",\"item\":\"https:\/\/www.assent.com\/fr\/\"},{\"@type\":\"ListItem\",\"position\":2,\"name\":\"Plateforme et Capacit\u00e9s\",\"item\":\"https:\/\/www.assent.com\/fr\/capacites\/\"},{\"@type\":\"ListItem\",\"position\":3,\"name\":\"Notre Expertise\",\"item\":\"https:\/\/www.assent.com\/fr\/capacites\/expertise\/\"},{\"@type\":\"ListItem\",\"position\":4,\"name\":\"Kyle Erickson\"}]},{\"@type\":\"WebSite\",\"@id\":\"https:\/\/www.assent.com\/fr\/#website\",\"url\":\"https:\/\/www.assent.com\/fr\/\",\"name\":\"Assent\",\"description\":\"\",\"publisher\":{\"@id\":\"https:\/\/www.assent.com\/fr\/#organization\"},\"potentialAction\":[{\"@type\":\"SearchAction\",\"target\":{\"@type\":\"EntryPoint\",\"urlTemplate\":\"https:\/\/www.assent.com\/fr\/?s={search_term_string}\"},\"query-input\":{\"@type\":\"PropertyValueSpecification\",\"valueRequired\":true,\"valueName\":\"search_term_string\"}}],\"inLanguage\":\"fr-FR\"},{\"@type\":\"Organization\",\"@id\":\"https:\/\/www.assent.com\/fr\/#organization\",\"name\":\"Assent\",\"url\":\"https:\/\/www.assent.com\/fr\/\",\"logo\":{\"@type\":\"ImageObject\",\"inLanguage\":\"fr-FR\",\"@id\":\"https:\/\/www.assent.com\/fr\/#\/schema\/logo\/image\/\",\"url\":\"https:\/\/www.assent.com\/wp-content\/uploads\/2022\/01\/logo.svg\",\"contentUrl\":\"https:\/\/www.assent.com\/wp-content\/uploads\/2022\/01\/logo.svg\",\"width\":1,\"height\":1,\"caption\":\"Assent\"},\"image\":{\"@id\":\"https:\/\/www.assent.com\/fr\/#\/schema\/logo\/image\/\"},\"sameAs\":[\"https:\/\/www.facebook.com\/AssentCompliance\/\",\"https:\/\/x.com\/AssentGlobal\",\"https:\/\/www.linkedin.com\/company\/assent-compliance-inc\"]}]}<\/script>\n<!-- \/ Yoast SEO Premium plugin. -->","yoast_head_json":{"title":"Kyle Erickson | Expert r\u00e9glementaire senior | Assent","description":"D\u00e9couvrez Kyle Erickson, expert en conformit\u00e9 r\u00e9glementaire, sp\u00e9cialis\u00e9 dans la gestion responsable des produits et la conformit\u00e9 des mat\u00e9riaux.","robots":{"index":"index","follow":"follow","max-snippet":"max-snippet:-1","max-image-preview":"max-image-preview:large","max-video-preview":"max-video-preview:-1"},"canonical":"https:\/\/www.assent.com\/fr\/capacites\/expertise\/kyle-erickson\/","og_locale":"fr_FR","og_type":"article","og_title":"Kyle Erickson","og_description":"D\u00e9couvrez Kyle Erickson, expert en conformit\u00e9 r\u00e9glementaire, sp\u00e9cialis\u00e9 dans la gestion responsable des produits et la conformit\u00e9 des mat\u00e9riaux.","og_url":"https:\/\/www.assent.com\/fr\/capacites\/expertise\/kyle-erickson\/","og_site_name":"Assent","article_publisher":"https:\/\/www.facebook.com\/AssentCompliance\/","article_modified_time":"2026-04-14T18:50:46+00:00","og_image":[{"width":2700,"height":2700,"url":"https:\/\/www.assent.com\/wp-content\/uploads\/2026\/03\/Kyle-Erickson.webp","type":"image\/webp"}],"twitter_card":"summary_large_image","twitter_site":"@AssentGlobal","schema":{"@context":"https:\/\/schema.org","@graph":[{"@type":"WebPage","@id":"https:\/\/www.assent.com\/fr\/capacites\/expertise\/kyle-erickson\/","url":"https:\/\/www.assent.com\/fr\/capacites\/expertise\/kyle-erickson\/","name":"Kyle Erickson | Expert r\u00e9glementaire senior | Assent","isPartOf":{"@id":"https:\/\/www.assent.com\/fr\/#website"},"primaryImageOfPage":{"@id":"https:\/\/www.assent.com\/fr\/capacites\/expertise\/kyle-erickson\/#primaryimage"},"image":{"@id":"https:\/\/www.assent.com\/fr\/capacites\/expertise\/kyle-erickson\/#primaryimage"},"thumbnailUrl":"https:\/\/www.assent.com\/wp-content\/uploads\/2026\/03\/Kyle-Erickson.webp","datePublished":"2026-04-14T18:50:43+00:00","dateModified":"2026-04-14T18:50:46+00:00","description":"D\u00e9couvrez Kyle Erickson, expert en conformit\u00e9 r\u00e9glementaire, sp\u00e9cialis\u00e9 dans la gestion responsable des produits et la conformit\u00e9 des mat\u00e9riaux.","breadcrumb":{"@id":"https:\/\/www.assent.com\/fr\/capacites\/expertise\/kyle-erickson\/#breadcrumb"},"inLanguage":"fr-FR","potentialAction":[{"@type":"ReadAction","target":["https:\/\/www.assent.com\/fr\/capacites\/expertise\/kyle-erickson\/"]}]},{"@type":"ImageObject","inLanguage":"fr-FR","@id":"https:\/\/www.assent.com\/fr\/capacites\/expertise\/kyle-erickson\/#primaryimage","url":"https:\/\/www.assent.com\/wp-content\/uploads\/2026\/03\/Kyle-Erickson.webp","contentUrl":"https:\/\/www.assent.com\/wp-content\/uploads\/2026\/03\/Kyle-Erickson.webp","width":2700,"height":2700,"caption":"Kyle Erickson"},{"@type":"BreadcrumbList","@id":"https:\/\/www.assent.com\/fr\/capacites\/expertise\/kyle-erickson\/#breadcrumb","itemListElement":[{"@type":"ListItem","position":1,"name":"Home","item":"https:\/\/www.assent.com\/fr\/"},{"@type":"ListItem","position":2,"name":"Plateforme et Capacit\u00e9s","item":"https:\/\/www.assent.com\/fr\/capacites\/"},{"@type":"ListItem","position":3,"name":"Notre Expertise","item":"https:\/\/www.assent.com\/fr\/capacites\/expertise\/"},{"@type":"ListItem","position":4,"name":"Kyle Erickson"}]},{"@type":"WebSite","@id":"https:\/\/www.assent.com\/fr\/#website","url":"https:\/\/www.assent.com\/fr\/","name":"Assent","description":"","publisher":{"@id":"https:\/\/www.assent.com\/fr\/#organization"},"potentialAction":[{"@type":"SearchAction","target":{"@type":"EntryPoint","urlTemplate":"https:\/\/www.assent.com\/fr\/?s={search_term_string}"},"query-input":{"@type":"PropertyValueSpecification","valueRequired":true,"valueName":"search_term_string"}}],"inLanguage":"fr-FR"},{"@type":"Organization","@id":"https:\/\/www.assent.com\/fr\/#organization","name":"Assent","url":"https:\/\/www.assent.com\/fr\/","logo":{"@type":"ImageObject","inLanguage":"fr-FR","@id":"https:\/\/www.assent.com\/fr\/#\/schema\/logo\/image\/","url":"https:\/\/www.assent.com\/wp-content\/uploads\/2022\/01\/logo.svg","contentUrl":"https:\/\/www.assent.com\/wp-content\/uploads\/2022\/01\/logo.svg","width":1,"height":1,"caption":"Assent"},"image":{"@id":"https:\/\/www.assent.com\/fr\/#\/schema\/logo\/image\/"},"sameAs":["https:\/\/www.facebook.com\/AssentCompliance\/","https:\/\/x.com\/AssentGlobal","https:\/\/www.linkedin.com\/company\/assent-compliance-inc"]}]}},"_links":{"self":[{"href":"https:\/\/www.assent.com\/fr\/wp-json\/wp\/v2\/pages\/176774","targetHints":{"allow":["GET"]}}],"collection":[{"href":"https:\/\/www.assent.com\/fr\/wp-json\/wp\/v2\/pages"}],"about":[{"href":"https:\/\/www.assent.com\/fr\/wp-json\/wp\/v2\/types\/page"}],"author":[{"embeddable":true,"href":"https:\/\/www.assent.com\/fr\/wp-json\/wp\/v2\/users\/57"}],"replies":[{"embeddable":true,"href":"https:\/\/www.assent.com\/fr\/wp-json\/wp\/v2\/comments?post=176774"}],"version-history":[{"count":2,"href":"https:\/\/www.assent.com\/fr\/wp-json\/wp\/v2\/pages\/176774\/revisions"}],"predecessor-version":[{"id":177044,"href":"https:\/\/www.assent.com\/fr\/wp-json\/wp\/v2\/pages\/176774\/revisions\/177044"}],"up":[{"embeddable":true,"href":"https:\/\/www.assent.com\/fr\/wp-json\/wp\/v2\/pages\/31083"}],"wp:featuredmedia":[{"embeddable":true,"href":"https:\/\/www.assent.com\/fr\/wp-json\/wp\/v2\/media\/110549"}],"wp:attachment":[{"href":"https:\/\/www.assent.com\/fr\/wp-json\/wp\/v2\/media?parent=176774"}],"wp:term":[{"taxonomy":"category","embeddable":true,"href":"https:\/\/www.assent.com\/fr\/wp-json\/wp\/v2\/categories?post=176774"}],"curies":[{"name":"wp","href":"https:\/\/api.w.org\/{rel}","templated":true}]}}