{"id":174524,"date":"2026-04-14T14:56:55","date_gmt":"2026-04-14T18:56:55","guid":{"rendered":"https:\/\/www.assent.com\/?page_id=174524"},"modified":"2026-04-14T14:56:57","modified_gmt":"2026-04-14T18:56:57","slug":"olivier-provoost","status":"publish","type":"page","link":"https:\/\/www.assent.com\/fr\/capacites\/expertise\/olivier-provoost\/","title":{"rendered":"Olivier Provoost"},"content":{"rendered":"\n<div style=\"height:75px\" aria-hidden=\"true\" class=\"wp-block-spacer\"><\/div>\n\n\n\r\n<!-- WYSIWYG -->\r\n        <section class=\"wysiwyg-section\">\r\n            <div class=\"container\"><h1>Olivier Provoost<\/h1>\n<h6>Expert en r\u00e9glementation<\/h6>\n<p><img decoding=\"async\" class=\"alignright size-medium wp-image-159144\" src=\"https:\/\/www.assent.com\/wp-content\/uploads\/2026\/04\/Olivier_Provoost_Headshot-300x300.webp\" alt=\"Olivier Provoost\" width=\"300\" height=\"300\" srcset=\"https:\/\/www.assent.com\/wp-content\/uploads\/2026\/04\/Olivier_Provoost_Headshot-300x300.webp 300w, https:\/\/www.assent.com\/wp-content\/uploads\/2026\/04\/Olivier_Provoost_Headshot-150x150.webp 150w, https:\/\/www.assent.com\/wp-content\/uploads\/2026\/04\/Olivier_Provoost_Headshot.webp 512w\" sizes=\"(max-width: 300px) 100vw, 300px\" \/><br \/>\nFort de plus de 20 ans d\u2019exp\u00e9rience pratique en mati\u00e8re de r\u00e9glementation dasn un large \u00e9ventail de secteur, Olivier traduit les concepts r\u00e9glementaires et techniques en mesures concr\u00e8tes que les clients peuvent entreprendre pour satisfaire \u00e0 leurs obligations. Il fournit des conseils sur les r\u00e9glementations et normes relatives aux produits chimiques telles que le REACH europ\u00e9en et britannique et le RoHS ; le Syst\u00e8me g\u00e9n\u00e9ral harmonis\u00e9 (SGH) et le r\u00e8glement sur la classification, l\u2019\u00e9tiquetage et l\u2019emballage (CLP) ; la directive europ\u00e9enne sur les \u00e9missions industrielles (IED) ; ainsi que sur la classification des mati\u00e8res et marchandises dangereuses. Il a beaucoup travaill\u00e9 sur les proc\u00e9dures de restriction et d\u2019autorisation dans le cadre du REACH et a particip\u00e9 aux consultations publiques concernant la proposition de restrictions PFAS en Europe (PFHxA, restrictions universelles PFAS, plan britannique sur les PFAS).<\/p>\n<p><a href=\"https:\/\/www.linkedin.com\/in\/olivier-provoost-9301696\/\">Se connecter avec Olivier sur LinkedIn <\/a><\/p>\n<p><a href=\"mailto:olivier.provoost@assent.com\">Contacter Olivier par e-mail<\/a><\/p>\n<\/div>    \r\n        <\/section>","protected":false},"excerpt":{"rendered":"<p>Voici Olivier Provoost, expert en conformit\u00e9 r\u00e9glementaire chez Assent<\/p>\n","protected":false},"author":57,"featured_media":159145,"parent":31083,"menu_order":0,"comment_status":"closed","ping_status":"closed","template":"","meta":{"_acf_changed":false,"footnotes":"","_links_to":"","_links_to_target":""},"categories":[],"class_list":["post-174524","page","type-page","status-publish","has-post-thumbnail","hentry"],"acf":[],"yoast_head":"<!-- This site is optimized with the Yoast SEO Premium plugin v26.6 (Yoast SEO v27.0) - https:\/\/yoast.com\/product\/yoast-seo-premium-wordpress\/ -->\n<title>Olivier Provoost | Expert en r\u00e9glementation | Assent<\/title>\n<meta name=\"description\" content=\"Voici Olivier Provoost, expert en conformit\u00e9 r\u00e9glementaire chez Assent\" \/>\n<meta name=\"robots\" content=\"index, follow, max-snippet:-1, max-image-preview:large, max-video-preview:-1\" \/>\n<link rel=\"canonical\" href=\"https:\/\/www.assent.com\/fr\/capacites\/expertise\/olivier-provoost\/\" \/>\n<meta property=\"og:locale\" content=\"fr_FR\" \/>\n<meta property=\"og:type\" content=\"article\" \/>\n<meta property=\"og:title\" content=\"Olivier Provoost\" \/>\n<meta property=\"og:description\" content=\"Voici Olivier Provoost, expert en conformit\u00e9 r\u00e9glementaire chez Assent\" \/>\n<meta property=\"og:url\" content=\"https:\/\/www.assent.com\/fr\/capacites\/expertise\/olivier-provoost\/\" \/>\n<meta property=\"og:site_name\" content=\"Assent\" \/>\n<meta property=\"article:publisher\" content=\"https:\/\/www.facebook.com\/AssentCompliance\/\" \/>\n<meta property=\"article:modified_time\" content=\"2026-04-14T18:56:57+00:00\" \/>\n<meta property=\"og:image\" content=\"https:\/\/www.assent.com\/wp-content\/uploads\/2026\/04\/Olivier_Provoost_Headshot.webp\" \/>\n\t<meta property=\"og:image:width\" content=\"512\" \/>\n\t<meta property=\"og:image:height\" content=\"512\" \/>\n\t<meta property=\"og:image:type\" content=\"image\/webp\" \/>\n<meta name=\"twitter:card\" content=\"summary_large_image\" \/>\n<meta name=\"twitter:site\" content=\"@AssentGlobal\" \/>\n<script type=\"application\/ld+json\" class=\"yoast-schema-graph\">{\"@context\":\"https:\/\/schema.org\",\"@graph\":[{\"@type\":\"WebPage\",\"@id\":\"https:\/\/www.assent.com\/fr\/capacites\/expertise\/olivier-provoost\/\",\"url\":\"https:\/\/www.assent.com\/fr\/capacites\/expertise\/olivier-provoost\/\",\"name\":\"Olivier Provoost | Expert en r\u00e9glementation | Assent\",\"isPartOf\":{\"@id\":\"https:\/\/www.assent.com\/fr\/#website\"},\"primaryImageOfPage\":{\"@id\":\"https:\/\/www.assent.com\/fr\/capacites\/expertise\/olivier-provoost\/#primaryimage\"},\"image\":{\"@id\":\"https:\/\/www.assent.com\/fr\/capacites\/expertise\/olivier-provoost\/#primaryimage\"},\"thumbnailUrl\":\"https:\/\/www.assent.com\/wp-content\/uploads\/2026\/04\/Olivier_Provoost_Headshot.webp\",\"datePublished\":\"2026-04-14T18:56:55+00:00\",\"dateModified\":\"2026-04-14T18:56:57+00:00\",\"description\":\"Voici Olivier Provoost, expert en conformit\u00e9 r\u00e9glementaire chez Assent\",\"breadcrumb\":{\"@id\":\"https:\/\/www.assent.com\/fr\/capacites\/expertise\/olivier-provoost\/#breadcrumb\"},\"inLanguage\":\"fr-FR\",\"potentialAction\":[{\"@type\":\"ReadAction\",\"target\":[\"https:\/\/www.assent.com\/fr\/capacites\/expertise\/olivier-provoost\/\"]}]},{\"@type\":\"ImageObject\",\"inLanguage\":\"fr-FR\",\"@id\":\"https:\/\/www.assent.com\/fr\/capacites\/expertise\/olivier-provoost\/#primaryimage\",\"url\":\"https:\/\/www.assent.com\/wp-content\/uploads\/2026\/04\/Olivier_Provoost_Headshot.webp\",\"contentUrl\":\"https:\/\/www.assent.com\/wp-content\/uploads\/2026\/04\/Olivier_Provoost_Headshot.webp\",\"width\":512,\"height\":512,\"caption\":\"Olivier Provoost\"},{\"@type\":\"BreadcrumbList\",\"@id\":\"https:\/\/www.assent.com\/fr\/capacites\/expertise\/olivier-provoost\/#breadcrumb\",\"itemListElement\":[{\"@type\":\"ListItem\",\"position\":1,\"name\":\"Home\",\"item\":\"https:\/\/www.assent.com\/fr\/\"},{\"@type\":\"ListItem\",\"position\":2,\"name\":\"Plateforme et Capacit\u00e9s\",\"item\":\"https:\/\/www.assent.com\/fr\/capacites\/\"},{\"@type\":\"ListItem\",\"position\":3,\"name\":\"Notre Expertise\",\"item\":\"https:\/\/www.assent.com\/fr\/capacites\/expertise\/\"},{\"@type\":\"ListItem\",\"position\":4,\"name\":\"Olivier Provoost\"}]},{\"@type\":\"WebSite\",\"@id\":\"https:\/\/www.assent.com\/fr\/#website\",\"url\":\"https:\/\/www.assent.com\/fr\/\",\"name\":\"Assent\",\"description\":\"\",\"publisher\":{\"@id\":\"https:\/\/www.assent.com\/fr\/#organization\"},\"potentialAction\":[{\"@type\":\"SearchAction\",\"target\":{\"@type\":\"EntryPoint\",\"urlTemplate\":\"https:\/\/www.assent.com\/fr\/?s={search_term_string}\"},\"query-input\":{\"@type\":\"PropertyValueSpecification\",\"valueRequired\":true,\"valueName\":\"search_term_string\"}}],\"inLanguage\":\"fr-FR\"},{\"@type\":\"Organization\",\"@id\":\"https:\/\/www.assent.com\/fr\/#organization\",\"name\":\"Assent\",\"url\":\"https:\/\/www.assent.com\/fr\/\",\"logo\":{\"@type\":\"ImageObject\",\"inLanguage\":\"fr-FR\",\"@id\":\"https:\/\/www.assent.com\/fr\/#\/schema\/logo\/image\/\",\"url\":\"https:\/\/www.assent.com\/wp-content\/uploads\/2022\/01\/logo.svg\",\"contentUrl\":\"https:\/\/www.assent.com\/wp-content\/uploads\/2022\/01\/logo.svg\",\"width\":1,\"height\":1,\"caption\":\"Assent\"},\"image\":{\"@id\":\"https:\/\/www.assent.com\/fr\/#\/schema\/logo\/image\/\"},\"sameAs\":[\"https:\/\/www.facebook.com\/AssentCompliance\/\",\"https:\/\/x.com\/AssentGlobal\",\"https:\/\/www.linkedin.com\/company\/assent-compliance-inc\"]}]}<\/script>\n<!-- \/ Yoast SEO Premium plugin. -->","yoast_head_json":{"title":"Olivier Provoost | Expert en r\u00e9glementation | Assent","description":"Voici Olivier Provoost, expert en conformit\u00e9 r\u00e9glementaire chez Assent","robots":{"index":"index","follow":"follow","max-snippet":"max-snippet:-1","max-image-preview":"max-image-preview:large","max-video-preview":"max-video-preview:-1"},"canonical":"https:\/\/www.assent.com\/fr\/capacites\/expertise\/olivier-provoost\/","og_locale":"fr_FR","og_type":"article","og_title":"Olivier Provoost","og_description":"Voici Olivier Provoost, expert en conformit\u00e9 r\u00e9glementaire chez Assent","og_url":"https:\/\/www.assent.com\/fr\/capacites\/expertise\/olivier-provoost\/","og_site_name":"Assent","article_publisher":"https:\/\/www.facebook.com\/AssentCompliance\/","article_modified_time":"2026-04-14T18:56:57+00:00","og_image":[{"width":512,"height":512,"url":"https:\/\/www.assent.com\/wp-content\/uploads\/2026\/04\/Olivier_Provoost_Headshot.webp","type":"image\/webp"}],"twitter_card":"summary_large_image","twitter_site":"@AssentGlobal","schema":{"@context":"https:\/\/schema.org","@graph":[{"@type":"WebPage","@id":"https:\/\/www.assent.com\/fr\/capacites\/expertise\/olivier-provoost\/","url":"https:\/\/www.assent.com\/fr\/capacites\/expertise\/olivier-provoost\/","name":"Olivier Provoost | Expert en r\u00e9glementation | Assent","isPartOf":{"@id":"https:\/\/www.assent.com\/fr\/#website"},"primaryImageOfPage":{"@id":"https:\/\/www.assent.com\/fr\/capacites\/expertise\/olivier-provoost\/#primaryimage"},"image":{"@id":"https:\/\/www.assent.com\/fr\/capacites\/expertise\/olivier-provoost\/#primaryimage"},"thumbnailUrl":"https:\/\/www.assent.com\/wp-content\/uploads\/2026\/04\/Olivier_Provoost_Headshot.webp","datePublished":"2026-04-14T18:56:55+00:00","dateModified":"2026-04-14T18:56:57+00:00","description":"Voici Olivier Provoost, expert en conformit\u00e9 r\u00e9glementaire chez Assent","breadcrumb":{"@id":"https:\/\/www.assent.com\/fr\/capacites\/expertise\/olivier-provoost\/#breadcrumb"},"inLanguage":"fr-FR","potentialAction":[{"@type":"ReadAction","target":["https:\/\/www.assent.com\/fr\/capacites\/expertise\/olivier-provoost\/"]}]},{"@type":"ImageObject","inLanguage":"fr-FR","@id":"https:\/\/www.assent.com\/fr\/capacites\/expertise\/olivier-provoost\/#primaryimage","url":"https:\/\/www.assent.com\/wp-content\/uploads\/2026\/04\/Olivier_Provoost_Headshot.webp","contentUrl":"https:\/\/www.assent.com\/wp-content\/uploads\/2026\/04\/Olivier_Provoost_Headshot.webp","width":512,"height":512,"caption":"Olivier Provoost"},{"@type":"BreadcrumbList","@id":"https:\/\/www.assent.com\/fr\/capacites\/expertise\/olivier-provoost\/#breadcrumb","itemListElement":[{"@type":"ListItem","position":1,"name":"Home","item":"https:\/\/www.assent.com\/fr\/"},{"@type":"ListItem","position":2,"name":"Plateforme et Capacit\u00e9s","item":"https:\/\/www.assent.com\/fr\/capacites\/"},{"@type":"ListItem","position":3,"name":"Notre Expertise","item":"https:\/\/www.assent.com\/fr\/capacites\/expertise\/"},{"@type":"ListItem","position":4,"name":"Olivier Provoost"}]},{"@type":"WebSite","@id":"https:\/\/www.assent.com\/fr\/#website","url":"https:\/\/www.assent.com\/fr\/","name":"Assent","description":"","publisher":{"@id":"https:\/\/www.assent.com\/fr\/#organization"},"potentialAction":[{"@type":"SearchAction","target":{"@type":"EntryPoint","urlTemplate":"https:\/\/www.assent.com\/fr\/?s={search_term_string}"},"query-input":{"@type":"PropertyValueSpecification","valueRequired":true,"valueName":"search_term_string"}}],"inLanguage":"fr-FR"},{"@type":"Organization","@id":"https:\/\/www.assent.com\/fr\/#organization","name":"Assent","url":"https:\/\/www.assent.com\/fr\/","logo":{"@type":"ImageObject","inLanguage":"fr-FR","@id":"https:\/\/www.assent.com\/fr\/#\/schema\/logo\/image\/","url":"https:\/\/www.assent.com\/wp-content\/uploads\/2022\/01\/logo.svg","contentUrl":"https:\/\/www.assent.com\/wp-content\/uploads\/2022\/01\/logo.svg","width":1,"height":1,"caption":"Assent"},"image":{"@id":"https:\/\/www.assent.com\/fr\/#\/schema\/logo\/image\/"},"sameAs":["https:\/\/www.facebook.com\/AssentCompliance\/","https:\/\/x.com\/AssentGlobal","https:\/\/www.linkedin.com\/company\/assent-compliance-inc"]}]}},"_links":{"self":[{"href":"https:\/\/www.assent.com\/fr\/wp-json\/wp\/v2\/pages\/174524","targetHints":{"allow":["GET"]}}],"collection":[{"href":"https:\/\/www.assent.com\/fr\/wp-json\/wp\/v2\/pages"}],"about":[{"href":"https:\/\/www.assent.com\/fr\/wp-json\/wp\/v2\/types\/page"}],"author":[{"embeddable":true,"href":"https:\/\/www.assent.com\/fr\/wp-json\/wp\/v2\/users\/57"}],"replies":[{"embeddable":true,"href":"https:\/\/www.assent.com\/fr\/wp-json\/wp\/v2\/comments?post=174524"}],"version-history":[{"count":2,"href":"https:\/\/www.assent.com\/fr\/wp-json\/wp\/v2\/pages\/174524\/revisions"}],"predecessor-version":[{"id":174530,"href":"https:\/\/www.assent.com\/fr\/wp-json\/wp\/v2\/pages\/174524\/revisions\/174530"}],"up":[{"embeddable":true,"href":"https:\/\/www.assent.com\/fr\/wp-json\/wp\/v2\/pages\/31083"}],"wp:featuredmedia":[{"embeddable":true,"href":"https:\/\/www.assent.com\/fr\/wp-json\/wp\/v2\/media\/159145"}],"wp:attachment":[{"href":"https:\/\/www.assent.com\/fr\/wp-json\/wp\/v2\/media?parent=174524"}],"wp:term":[{"taxonomy":"category","embeddable":true,"href":"https:\/\/www.assent.com\/fr\/wp-json\/wp\/v2\/categories?post=174524"}],"curies":[{"name":"wp","href":"https:\/\/api.w.org\/{rel}","templated":true}]}}