{"id":108826,"date":"2026-01-29T17:00:50","date_gmt":"2026-01-29T22:00:50","guid":{"rendered":"https:\/\/www.assent.com\/capacites\/expertise\/carrie-chambers\/"},"modified":"2026-02-04T16:58:58","modified_gmt":"2026-02-04T21:58:58","slug":"carrie-chambers","status":"publish","type":"page","link":"https:\/\/www.assent.com\/fr\/capacites\/expertise\/carrie-chambers\/","title":{"rendered":"Carrie Chambers"},"content":{"rendered":"\n<div style=\"height:75px\" aria-hidden=\"true\" class=\"wp-block-spacer\"><\/div>\n\n\n\r\n<!-- WYSIWYG -->\r\n        <section class=\"wysiwyg-section\" id=\"cally_edgren\">\r\n            <div class=\"container\"><h1>Carrie Chambers<\/h1>\n<h6>Experte r\u00e9glementaire senior<\/h6>\n<p><img decoding=\"async\" class=\"size-medium wp-image-43228 alignright\" src=\"https:\/\/www.assent.com\/wp-content\/uploads\/2026\/01\/Carrie-Chambers.webp\" alt=\"Carrie Chambers\" width=\"300\" height=\"300\" data-wp-editing=\"1\" \/><br \/>\nCarrie est une professionnelle de la strat\u00e9gie en conformit\u00e9 et en mati\u00e8re r\u00e9glementaire, dot\u00e9e d\u2019une solide exp\u00e9rience dans l\u2019accompagnement des organisations face \u00e0 des enjeux complexes li\u00e9s aux op\u00e9rations, \u00e0 la qualit\u00e9 et \u00e0 la gestion des risques. Son exp\u00e9rience comprend l\u2019\u00e9laboration et la mise en \u0153uvre de programmes de conformit\u00e9, le renforcement des cadres de gouvernance, ainsi que la traduction des obligations r\u00e9glementaires en solutions concr\u00e8tes, align\u00e9es sur les objectifs de l\u2019entreprise. Carrie poss\u00e8de une vaste exp\u00e9rience en mati\u00e8re de conformit\u00e9 chimique dans les secteurs industriel et de la fabrication de produits chimiques. Elle est titulaire d\u2019une ma\u00eetrise en biologie mol\u00e9culaire et d\u2019un MBA de l\u2019universit\u00e9 d\u2019\u00c9tat de Wichita.<\/p>\n<p><a href=\"https:\/\/www.linkedin.com\/in\/carrie-chambers-509740b2\/\" target=\"_blank\" rel=\"noopener\">Se connecter avec Carrie sur LinkedIn<\/a><\/p>\n<p><a href=\"mailto:carrie.chambers@assent.com\">Contacter Carrie par e-mail<\/a><\/p>\n<\/div>    \r\n        <\/section>","protected":false},"excerpt":{"rendered":"<p>Carrie est une professionnelle de la strat\u00e9gie en conformit\u00e9 et en mati\u00e8re r\u00e9glementaire, dot\u00e9e d\u2019une solide exp\u00e9rience dans l\u2019accompagnement des organisations face \u00e0 des enjeux complexes li\u00e9s aux op\u00e9rations, \u00e0 la qualit\u00e9 et \u00e0 la gestion des risques.<\/p>\n","protected":false},"author":52,"featured_media":110569,"parent":31083,"menu_order":0,"comment_status":"closed","ping_status":"closed","template":"","meta":{"_acf_changed":false,"footnotes":"","_links_to":"","_links_to_target":""},"categories":[],"class_list":["post-108826","page","type-page","status-publish","has-post-thumbnail","hentry"],"acf":[],"yoast_head":"<!-- This site is optimized with the Yoast SEO Premium plugin v26.6 (Yoast SEO v27.0) - https:\/\/yoast.com\/product\/yoast-seo-premium-wordpress\/ -->\n<title>Carrie Chambers | Experte r\u00e9glementaire senior | Assent<\/title>\n<meta name=\"description\" content=\"Carrie est une professionnelle de la strat\u00e9gie en conformit\u00e9 et en mati\u00e8re r\u00e9glementaire, dot\u00e9e d\u2019une solide exp\u00e9rience dans l\u2019accompagnement des organisations face \u00e0 des enjeux complexes li\u00e9s aux op\u00e9rations, \u00e0 la qualit\u00e9 et \u00e0 la gestion des risques.\" \/>\n<meta name=\"robots\" content=\"index, follow, max-snippet:-1, max-image-preview:large, max-video-preview:-1\" \/>\n<link rel=\"canonical\" href=\"https:\/\/www.assent.com\/fr\/capacites\/expertise\/carrie-chambers\/\" \/>\n<meta property=\"og:locale\" content=\"fr_FR\" \/>\n<meta property=\"og:type\" content=\"article\" \/>\n<meta property=\"og:title\" content=\"Carrie Chambers\" \/>\n<meta property=\"og:description\" content=\"Carrie est une professionnelle de la strat\u00e9gie en conformit\u00e9 et en mati\u00e8re r\u00e9glementaire, dot\u00e9e d\u2019une solide exp\u00e9rience dans l\u2019accompagnement des organisations face \u00e0 des enjeux complexes li\u00e9s aux op\u00e9rations, \u00e0 la qualit\u00e9 et \u00e0 la gestion des risques.\" \/>\n<meta property=\"og:url\" content=\"https:\/\/www.assent.com\/fr\/capacites\/expertise\/carrie-chambers\/\" \/>\n<meta property=\"og:site_name\" content=\"Assent\" \/>\n<meta property=\"article:publisher\" content=\"https:\/\/www.facebook.com\/AssentCompliance\/\" \/>\n<meta property=\"article:modified_time\" content=\"2026-02-04T21:58:58+00:00\" \/>\n<meta name=\"twitter:card\" content=\"summary_large_image\" \/>\n<meta name=\"twitter:site\" content=\"@AssentGlobal\" \/>\n<script type=\"application\/ld+json\" class=\"yoast-schema-graph\">{\"@context\":\"https:\/\/schema.org\",\"@graph\":[{\"@type\":\"WebPage\",\"@id\":\"https:\/\/www.assent.com\/fr\/capacites\/expertise\/carrie-chambers\/\",\"url\":\"https:\/\/www.assent.com\/fr\/capacites\/expertise\/carrie-chambers\/\",\"name\":\"Carrie Chambers | Experte r\u00e9glementaire senior | Assent\",\"isPartOf\":{\"@id\":\"https:\/\/www.assent.com\/fr\/#website\"},\"primaryImageOfPage\":{\"@id\":\"https:\/\/www.assent.com\/fr\/capacites\/expertise\/carrie-chambers\/#primaryimage\"},\"image\":{\"@id\":\"https:\/\/www.assent.com\/fr\/capacites\/expertise\/carrie-chambers\/#primaryimage\"},\"thumbnailUrl\":\"https:\/\/www.assent.com\/wp-content\/uploads\/2026\/03\/Carrie-Chambers-Headshot-NEW.png\",\"datePublished\":\"2026-01-29T22:00:50+00:00\",\"dateModified\":\"2026-02-04T21:58:58+00:00\",\"description\":\"Carrie est une professionnelle de la strat\u00e9gie en conformit\u00e9 et en mati\u00e8re r\u00e9glementaire, dot\u00e9e d\u2019une solide exp\u00e9rience dans l\u2019accompagnement des organisations face \u00e0 des enjeux complexes li\u00e9s aux op\u00e9rations, \u00e0 la qualit\u00e9 et \u00e0 la gestion des risques.\",\"breadcrumb\":{\"@id\":\"https:\/\/www.assent.com\/fr\/capacites\/expertise\/carrie-chambers\/#breadcrumb\"},\"inLanguage\":\"fr-FR\",\"potentialAction\":[{\"@type\":\"ReadAction\",\"target\":[\"https:\/\/www.assent.com\/fr\/capacites\/expertise\/carrie-chambers\/\"]}]},{\"@type\":\"ImageObject\",\"inLanguage\":\"fr-FR\",\"@id\":\"https:\/\/www.assent.com\/fr\/capacites\/expertise\/carrie-chambers\/#primaryimage\",\"url\":\"https:\/\/www.assent.com\/wp-content\/uploads\/2026\/03\/Carrie-Chambers-Headshot-NEW.png\",\"contentUrl\":\"https:\/\/www.assent.com\/wp-content\/uploads\/2026\/03\/Carrie-Chambers-Headshot-NEW.png\",\"width\":999,\"height\":999,\"caption\":\"Carrie Chambers, Assent supply chain risk management\"},{\"@type\":\"BreadcrumbList\",\"@id\":\"https:\/\/www.assent.com\/fr\/capacites\/expertise\/carrie-chambers\/#breadcrumb\",\"itemListElement\":[{\"@type\":\"ListItem\",\"position\":1,\"name\":\"Home\",\"item\":\"https:\/\/www.assent.com\/fr\/\"},{\"@type\":\"ListItem\",\"position\":2,\"name\":\"Plateforme et Capacit\u00e9s\",\"item\":\"https:\/\/www.assent.com\/fr\/capacites\/\"},{\"@type\":\"ListItem\",\"position\":3,\"name\":\"Notre Expertise\",\"item\":\"https:\/\/www.assent.com\/fr\/capacites\/expertise\/\"},{\"@type\":\"ListItem\",\"position\":4,\"name\":\"Carrie Chambers\"}]},{\"@type\":\"WebSite\",\"@id\":\"https:\/\/www.assent.com\/fr\/#website\",\"url\":\"https:\/\/www.assent.com\/fr\/\",\"name\":\"Assent\",\"description\":\"\",\"publisher\":{\"@id\":\"https:\/\/www.assent.com\/fr\/#organization\"},\"potentialAction\":[{\"@type\":\"SearchAction\",\"target\":{\"@type\":\"EntryPoint\",\"urlTemplate\":\"https:\/\/www.assent.com\/fr\/?s={search_term_string}\"},\"query-input\":{\"@type\":\"PropertyValueSpecification\",\"valueRequired\":true,\"valueName\":\"search_term_string\"}}],\"inLanguage\":\"fr-FR\"},{\"@type\":\"Organization\",\"@id\":\"https:\/\/www.assent.com\/fr\/#organization\",\"name\":\"Assent\",\"url\":\"https:\/\/www.assent.com\/fr\/\",\"logo\":{\"@type\":\"ImageObject\",\"inLanguage\":\"fr-FR\",\"@id\":\"https:\/\/www.assent.com\/fr\/#\/schema\/logo\/image\/\",\"url\":\"https:\/\/www.assent.com\/wp-content\/uploads\/2022\/01\/logo.svg\",\"contentUrl\":\"https:\/\/www.assent.com\/wp-content\/uploads\/2022\/01\/logo.svg\",\"width\":1,\"height\":1,\"caption\":\"Assent\"},\"image\":{\"@id\":\"https:\/\/www.assent.com\/fr\/#\/schema\/logo\/image\/\"},\"sameAs\":[\"https:\/\/www.facebook.com\/AssentCompliance\/\",\"https:\/\/x.com\/AssentGlobal\",\"https:\/\/www.linkedin.com\/company\/assent-compliance-inc\"]}]}<\/script>\n<!-- \/ Yoast SEO Premium plugin. -->","yoast_head_json":{"title":"Carrie Chambers | Experte r\u00e9glementaire senior | Assent","description":"Carrie est une professionnelle de la strat\u00e9gie en conformit\u00e9 et en mati\u00e8re r\u00e9glementaire, dot\u00e9e d\u2019une solide exp\u00e9rience dans l\u2019accompagnement des organisations face \u00e0 des enjeux complexes li\u00e9s aux op\u00e9rations, \u00e0 la qualit\u00e9 et \u00e0 la gestion des risques.","robots":{"index":"index","follow":"follow","max-snippet":"max-snippet:-1","max-image-preview":"max-image-preview:large","max-video-preview":"max-video-preview:-1"},"canonical":"https:\/\/www.assent.com\/fr\/capacites\/expertise\/carrie-chambers\/","og_locale":"fr_FR","og_type":"article","og_title":"Carrie Chambers","og_description":"Carrie est une professionnelle de la strat\u00e9gie en conformit\u00e9 et en mati\u00e8re r\u00e9glementaire, dot\u00e9e d\u2019une solide exp\u00e9rience dans l\u2019accompagnement des organisations face \u00e0 des enjeux complexes li\u00e9s aux op\u00e9rations, \u00e0 la qualit\u00e9 et \u00e0 la gestion des risques.","og_url":"https:\/\/www.assent.com\/fr\/capacites\/expertise\/carrie-chambers\/","og_site_name":"Assent","article_publisher":"https:\/\/www.facebook.com\/AssentCompliance\/","article_modified_time":"2026-02-04T21:58:58+00:00","twitter_card":"summary_large_image","twitter_site":"@AssentGlobal","schema":{"@context":"https:\/\/schema.org","@graph":[{"@type":"WebPage","@id":"https:\/\/www.assent.com\/fr\/capacites\/expertise\/carrie-chambers\/","url":"https:\/\/www.assent.com\/fr\/capacites\/expertise\/carrie-chambers\/","name":"Carrie Chambers | Experte r\u00e9glementaire senior | Assent","isPartOf":{"@id":"https:\/\/www.assent.com\/fr\/#website"},"primaryImageOfPage":{"@id":"https:\/\/www.assent.com\/fr\/capacites\/expertise\/carrie-chambers\/#primaryimage"},"image":{"@id":"https:\/\/www.assent.com\/fr\/capacites\/expertise\/carrie-chambers\/#primaryimage"},"thumbnailUrl":"https:\/\/www.assent.com\/wp-content\/uploads\/2026\/03\/Carrie-Chambers-Headshot-NEW.png","datePublished":"2026-01-29T22:00:50+00:00","dateModified":"2026-02-04T21:58:58+00:00","description":"Carrie est une professionnelle de la strat\u00e9gie en conformit\u00e9 et en mati\u00e8re r\u00e9glementaire, dot\u00e9e d\u2019une solide exp\u00e9rience dans l\u2019accompagnement des organisations face \u00e0 des enjeux complexes li\u00e9s aux op\u00e9rations, \u00e0 la qualit\u00e9 et \u00e0 la gestion des risques.","breadcrumb":{"@id":"https:\/\/www.assent.com\/fr\/capacites\/expertise\/carrie-chambers\/#breadcrumb"},"inLanguage":"fr-FR","potentialAction":[{"@type":"ReadAction","target":["https:\/\/www.assent.com\/fr\/capacites\/expertise\/carrie-chambers\/"]}]},{"@type":"ImageObject","inLanguage":"fr-FR","@id":"https:\/\/www.assent.com\/fr\/capacites\/expertise\/carrie-chambers\/#primaryimage","url":"https:\/\/www.assent.com\/wp-content\/uploads\/2026\/03\/Carrie-Chambers-Headshot-NEW.png","contentUrl":"https:\/\/www.assent.com\/wp-content\/uploads\/2026\/03\/Carrie-Chambers-Headshot-NEW.png","width":999,"height":999,"caption":"Carrie Chambers, Assent supply chain risk management"},{"@type":"BreadcrumbList","@id":"https:\/\/www.assent.com\/fr\/capacites\/expertise\/carrie-chambers\/#breadcrumb","itemListElement":[{"@type":"ListItem","position":1,"name":"Home","item":"https:\/\/www.assent.com\/fr\/"},{"@type":"ListItem","position":2,"name":"Plateforme et Capacit\u00e9s","item":"https:\/\/www.assent.com\/fr\/capacites\/"},{"@type":"ListItem","position":3,"name":"Notre Expertise","item":"https:\/\/www.assent.com\/fr\/capacites\/expertise\/"},{"@type":"ListItem","position":4,"name":"Carrie Chambers"}]},{"@type":"WebSite","@id":"https:\/\/www.assent.com\/fr\/#website","url":"https:\/\/www.assent.com\/fr\/","name":"Assent","description":"","publisher":{"@id":"https:\/\/www.assent.com\/fr\/#organization"},"potentialAction":[{"@type":"SearchAction","target":{"@type":"EntryPoint","urlTemplate":"https:\/\/www.assent.com\/fr\/?s={search_term_string}"},"query-input":{"@type":"PropertyValueSpecification","valueRequired":true,"valueName":"search_term_string"}}],"inLanguage":"fr-FR"},{"@type":"Organization","@id":"https:\/\/www.assent.com\/fr\/#organization","name":"Assent","url":"https:\/\/www.assent.com\/fr\/","logo":{"@type":"ImageObject","inLanguage":"fr-FR","@id":"https:\/\/www.assent.com\/fr\/#\/schema\/logo\/image\/","url":"https:\/\/www.assent.com\/wp-content\/uploads\/2022\/01\/logo.svg","contentUrl":"https:\/\/www.assent.com\/wp-content\/uploads\/2022\/01\/logo.svg","width":1,"height":1,"caption":"Assent"},"image":{"@id":"https:\/\/www.assent.com\/fr\/#\/schema\/logo\/image\/"},"sameAs":["https:\/\/www.facebook.com\/AssentCompliance\/","https:\/\/x.com\/AssentGlobal","https:\/\/www.linkedin.com\/company\/assent-compliance-inc"]}]}},"_links":{"self":[{"href":"https:\/\/www.assent.com\/fr\/wp-json\/wp\/v2\/pages\/108826","targetHints":{"allow":["GET"]}}],"collection":[{"href":"https:\/\/www.assent.com\/fr\/wp-json\/wp\/v2\/pages"}],"about":[{"href":"https:\/\/www.assent.com\/fr\/wp-json\/wp\/v2\/types\/page"}],"author":[{"embeddable":true,"href":"https:\/\/www.assent.com\/fr\/wp-json\/wp\/v2\/users\/52"}],"replies":[{"embeddable":true,"href":"https:\/\/www.assent.com\/fr\/wp-json\/wp\/v2\/comments?post=108826"}],"version-history":[{"count":1,"href":"https:\/\/www.assent.com\/fr\/wp-json\/wp\/v2\/pages\/108826\/revisions"}],"predecessor-version":[{"id":108830,"href":"https:\/\/www.assent.com\/fr\/wp-json\/wp\/v2\/pages\/108826\/revisions\/108830"}],"up":[{"embeddable":true,"href":"https:\/\/www.assent.com\/fr\/wp-json\/wp\/v2\/pages\/31083"}],"wp:featuredmedia":[{"embeddable":true,"href":"https:\/\/www.assent.com\/fr\/wp-json\/wp\/v2\/media\/110569"}],"wp:attachment":[{"href":"https:\/\/www.assent.com\/fr\/wp-json\/wp\/v2\/media?parent=108826"}],"wp:term":[{"taxonomy":"category","embeddable":true,"href":"https:\/\/www.assent.com\/fr\/wp-json\/wp\/v2\/categories?post=108826"}],"curies":[{"name":"wp","href":"https:\/\/api.w.org\/{rel}","templated":true}]}}