{"id":108525,"date":"2025-07-10T16:52:38","date_gmt":"2025-07-10T20:52:38","guid":{"rendered":"https:\/\/www.assent.com\/capacites\/expertise\/tanvi-patel\/"},"modified":"2026-01-29T17:22:31","modified_gmt":"2026-01-29T22:22:31","slug":"tanvi-patel","status":"publish","type":"page","link":"https:\/\/www.assent.com\/fr\/capacites\/expertise\/tanvi-patel\/","title":{"rendered":"Tanvi Patel"},"content":{"rendered":"\n<div style=\"height:82px\" aria-hidden=\"true\" class=\"wp-block-spacer\"><\/div>\n\n\n\r\n<!-- WYSIWYG -->\r\n        <section class=\"wysiwyg-section\">\r\n            <div class=\"container\"><h1>Tanvi Patel<\/h1>\n<p><img decoding=\"async\" class=\"alignright wp-image-93020 size-full\" style=\"max-width: 300px;\" src=\"https:\/\/www.assent.com\/wp-content\/uploads\/2025\/07\/Tanvi-Headshot.jpeg\" alt=\"Tanvi Patel\" width=\"400\" height=\"400\" srcset=\"https:\/\/www.assent.com\/wp-content\/uploads\/2025\/07\/Tanvi-Headshot.jpeg 400w, https:\/\/www.assent.com\/wp-content\/uploads\/2025\/07\/Tanvi-Headshot-300x300.jpeg 300w, https:\/\/www.assent.com\/wp-content\/uploads\/2025\/07\/Tanvi-Headshot-150x150.jpeg 150w\" sizes=\"(max-width: 400px) 100vw, 400px\" \/><\/p>\n<h6>Sp\u00e9cialiste durabilit\u00e9<\/h6>\n<p>Tanvi Patel est une experte en durabilit\u00e9 sp\u00e9cialis\u00e9e dans l\u2019am\u00e9lioration des strat\u00e9gies de reporting et de durabilit\u00e9 des supply chains au sein d\u2019entreprises mondiales complexes. Gr\u00e2ce \u00e0 son exp\u00e9rience en conception circulaire de produits et en analyses du cycle de vie (ACV), elle s\u2019appuie sur une approche \u00e9clair\u00e9e par des donn\u00e9es pour aider les entreprises \u00e0 s\u2019aligner sur des r\u00e9f\u00e9rentiels internationaux, tels que l\u2019ISSB\/SASB et les objectifs de d\u00e9veloppement durable des Nations unies. Tanvi a permis \u00e0 des marques mondiales d\u2019optimiser leurs op\u00e9rations autour de la durabilit\u00e9, en garantissant efficacit\u00e9 et r\u00e9silience. Son exp\u00e9rience dans les programmes strat\u00e9giques de supply chain aide les entreprises \u00e0 r\u00e9pondre aux exigences r\u00e9glementaires et aux attentes des consommateurs en constante \u00e9volution.<\/p>\n<p><a href=\"https:\/\/www.linkedin.com\/in\/tanvipatel97\/\" target=\"_blank\" rel=\"noopener\">Entrer en contact avec Tanvi sur LinkedIn<\/a><\/p>\n<p><a href=\"mailto:tanvi.patel@assent.com\">Contacter Tanvi par e-mail<\/a><\/p>\n<\/div>    \r\n        <\/section>\n\n\n<div style=\"height:85px\" aria-hidden=\"true\" class=\"wp-block-spacer\"><\/div>\n","protected":false},"excerpt":{"rendered":"<p>Tanvi Patel est une experte en durabilit\u00e9 sp\u00e9cialis\u00e9e dans l\u2019am\u00e9lioration des strat\u00e9gies de reporting et de durabilit\u00e9 des supply chains au sein d\u2019entreprises mondiales complexes.<\/p>\n","protected":false},"author":47,"featured_media":93021,"parent":31083,"menu_order":0,"comment_status":"closed","ping_status":"closed","template":"","meta":{"_acf_changed":false,"footnotes":"","_links_to":"","_links_to_target":""},"categories":[],"class_list":["post-108525","page","type-page","status-publish","has-post-thumbnail","hentry"],"acf":[],"yoast_head":"<!-- This site is optimized with the Yoast SEO Premium plugin v26.6 (Yoast SEO v27.0) - https:\/\/yoast.com\/product\/yoast-seo-premium-wordpress\/ -->\n<title>Tanvi Patel: Expert in Sustainable Strategies | Assent<\/title>\n<meta name=\"description\" content=\"Tanvi Patel est une experte en durabilit\u00e9 sp\u00e9cialis\u00e9e dans l\u2019am\u00e9lioration des strat\u00e9gies de reporting et de durabilit\u00e9 des supply chains au sein d\u2019entreprises mondiales complexes.\" \/>\n<meta name=\"robots\" content=\"index, follow, max-snippet:-1, max-image-preview:large, max-video-preview:-1\" \/>\n<link rel=\"canonical\" href=\"https:\/\/www.assent.com\/fr\/capacites\/expertise\/tanvi-patel\/\" \/>\n<meta property=\"og:locale\" content=\"fr_FR\" \/>\n<meta property=\"og:type\" content=\"article\" \/>\n<meta property=\"og:title\" content=\"Tanvi Patel\" \/>\n<meta property=\"og:description\" content=\"Tanvi Patel est une experte en durabilit\u00e9 sp\u00e9cialis\u00e9e dans l\u2019am\u00e9lioration des strat\u00e9gies de reporting et de durabilit\u00e9 des supply chains au sein d\u2019entreprises mondiales complexes.\" \/>\n<meta property=\"og:url\" content=\"https:\/\/www.assent.com\/fr\/capacites\/expertise\/tanvi-patel\/\" \/>\n<meta property=\"og:site_name\" content=\"Assent\" \/>\n<meta property=\"article:publisher\" content=\"https:\/\/www.facebook.com\/AssentCompliance\/\" \/>\n<meta property=\"article:modified_time\" content=\"2026-01-29T22:22:31+00:00\" \/>\n<meta property=\"og:image\" content=\"https:\/\/www.assent.com\/wp-content\/uploads\/2025\/07\/Tanvi-Headshot.jpeg\" \/>\n\t<meta property=\"og:image:width\" content=\"400\" \/>\n\t<meta property=\"og:image:height\" content=\"400\" \/>\n\t<meta property=\"og:image:type\" content=\"image\/jpeg\" \/>\n<meta name=\"twitter:card\" content=\"summary_large_image\" \/>\n<meta name=\"twitter:site\" content=\"@AssentGlobal\" \/>\n<script type=\"application\/ld+json\" class=\"yoast-schema-graph\">{\"@context\":\"https:\/\/schema.org\",\"@graph\":[{\"@type\":\"WebPage\",\"@id\":\"https:\/\/www.assent.com\/fr\/capacites\/expertise\/tanvi-patel\/\",\"url\":\"https:\/\/www.assent.com\/fr\/capacites\/expertise\/tanvi-patel\/\",\"name\":\"Tanvi Patel: Expert in Sustainable Strategies | Assent\",\"isPartOf\":{\"@id\":\"https:\/\/www.assent.com\/fr\/#website\"},\"primaryImageOfPage\":{\"@id\":\"https:\/\/www.assent.com\/fr\/capacites\/expertise\/tanvi-patel\/#primaryimage\"},\"image\":{\"@id\":\"https:\/\/www.assent.com\/fr\/capacites\/expertise\/tanvi-patel\/#primaryimage\"},\"thumbnailUrl\":\"https:\/\/www.assent.com\/wp-content\/uploads\/2025\/07\/Tanvi-Headshot.jpeg\",\"datePublished\":\"2025-07-10T20:52:38+00:00\",\"dateModified\":\"2026-01-29T22:22:31+00:00\",\"description\":\"Tanvi Patel est une experte en durabilit\u00e9 sp\u00e9cialis\u00e9e dans l\u2019am\u00e9lioration des strat\u00e9gies de reporting et de durabilit\u00e9 des supply chains au sein d\u2019entreprises mondiales complexes.\",\"breadcrumb\":{\"@id\":\"https:\/\/www.assent.com\/fr\/capacites\/expertise\/tanvi-patel\/#breadcrumb\"},\"inLanguage\":\"fr-FR\",\"potentialAction\":[{\"@type\":\"ReadAction\",\"target\":[\"https:\/\/www.assent.com\/fr\/capacites\/expertise\/tanvi-patel\/\"]}]},{\"@type\":\"ImageObject\",\"inLanguage\":\"fr-FR\",\"@id\":\"https:\/\/www.assent.com\/fr\/capacites\/expertise\/tanvi-patel\/#primaryimage\",\"url\":\"https:\/\/www.assent.com\/wp-content\/uploads\/2025\/07\/Tanvi-Headshot.jpeg\",\"contentUrl\":\"https:\/\/www.assent.com\/wp-content\/uploads\/2025\/07\/Tanvi-Headshot.jpeg\",\"width\":400,\"height\":400,\"caption\":\"Tanvi Patel\"},{\"@type\":\"BreadcrumbList\",\"@id\":\"https:\/\/www.assent.com\/fr\/capacites\/expertise\/tanvi-patel\/#breadcrumb\",\"itemListElement\":[{\"@type\":\"ListItem\",\"position\":1,\"name\":\"Home\",\"item\":\"https:\/\/www.assent.com\/fr\/\"},{\"@type\":\"ListItem\",\"position\":2,\"name\":\"Plateforme et Capacit\u00e9s\",\"item\":\"https:\/\/www.assent.com\/fr\/capacites\/\"},{\"@type\":\"ListItem\",\"position\":3,\"name\":\"Notre Expertise\",\"item\":\"https:\/\/www.assent.com\/fr\/capacites\/expertise\/\"},{\"@type\":\"ListItem\",\"position\":4,\"name\":\"Tanvi Patel\"}]},{\"@type\":\"WebSite\",\"@id\":\"https:\/\/www.assent.com\/fr\/#website\",\"url\":\"https:\/\/www.assent.com\/fr\/\",\"name\":\"Assent\",\"description\":\"\",\"publisher\":{\"@id\":\"https:\/\/www.assent.com\/fr\/#organization\"},\"potentialAction\":[{\"@type\":\"SearchAction\",\"target\":{\"@type\":\"EntryPoint\",\"urlTemplate\":\"https:\/\/www.assent.com\/fr\/?s={search_term_string}\"},\"query-input\":{\"@type\":\"PropertyValueSpecification\",\"valueRequired\":true,\"valueName\":\"search_term_string\"}}],\"inLanguage\":\"fr-FR\"},{\"@type\":\"Organization\",\"@id\":\"https:\/\/www.assent.com\/fr\/#organization\",\"name\":\"Assent\",\"url\":\"https:\/\/www.assent.com\/fr\/\",\"logo\":{\"@type\":\"ImageObject\",\"inLanguage\":\"fr-FR\",\"@id\":\"https:\/\/www.assent.com\/fr\/#\/schema\/logo\/image\/\",\"url\":\"https:\/\/www.assent.com\/wp-content\/uploads\/2022\/01\/logo.svg\",\"contentUrl\":\"https:\/\/www.assent.com\/wp-content\/uploads\/2022\/01\/logo.svg\",\"width\":1,\"height\":1,\"caption\":\"Assent\"},\"image\":{\"@id\":\"https:\/\/www.assent.com\/fr\/#\/schema\/logo\/image\/\"},\"sameAs\":[\"https:\/\/www.facebook.com\/AssentCompliance\/\",\"https:\/\/x.com\/AssentGlobal\",\"https:\/\/www.linkedin.com\/company\/assent-compliance-inc\"]}]}<\/script>\n<!-- \/ Yoast SEO Premium plugin. -->","yoast_head_json":{"title":"Tanvi Patel: Expert in Sustainable Strategies | Assent","description":"Tanvi Patel est une experte en durabilit\u00e9 sp\u00e9cialis\u00e9e dans l\u2019am\u00e9lioration des strat\u00e9gies de reporting et de durabilit\u00e9 des supply chains au sein d\u2019entreprises mondiales complexes.","robots":{"index":"index","follow":"follow","max-snippet":"max-snippet:-1","max-image-preview":"max-image-preview:large","max-video-preview":"max-video-preview:-1"},"canonical":"https:\/\/www.assent.com\/fr\/capacites\/expertise\/tanvi-patel\/","og_locale":"fr_FR","og_type":"article","og_title":"Tanvi Patel","og_description":"Tanvi Patel est une experte en durabilit\u00e9 sp\u00e9cialis\u00e9e dans l\u2019am\u00e9lioration des strat\u00e9gies de reporting et de durabilit\u00e9 des supply chains au sein d\u2019entreprises mondiales complexes.","og_url":"https:\/\/www.assent.com\/fr\/capacites\/expertise\/tanvi-patel\/","og_site_name":"Assent","article_publisher":"https:\/\/www.facebook.com\/AssentCompliance\/","article_modified_time":"2026-01-29T22:22:31+00:00","og_image":[{"width":400,"height":400,"url":"https:\/\/www.assent.com\/wp-content\/uploads\/2025\/07\/Tanvi-Headshot.jpeg","type":"image\/jpeg"}],"twitter_card":"summary_large_image","twitter_site":"@AssentGlobal","schema":{"@context":"https:\/\/schema.org","@graph":[{"@type":"WebPage","@id":"https:\/\/www.assent.com\/fr\/capacites\/expertise\/tanvi-patel\/","url":"https:\/\/www.assent.com\/fr\/capacites\/expertise\/tanvi-patel\/","name":"Tanvi Patel: Expert in Sustainable Strategies | Assent","isPartOf":{"@id":"https:\/\/www.assent.com\/fr\/#website"},"primaryImageOfPage":{"@id":"https:\/\/www.assent.com\/fr\/capacites\/expertise\/tanvi-patel\/#primaryimage"},"image":{"@id":"https:\/\/www.assent.com\/fr\/capacites\/expertise\/tanvi-patel\/#primaryimage"},"thumbnailUrl":"https:\/\/www.assent.com\/wp-content\/uploads\/2025\/07\/Tanvi-Headshot.jpeg","datePublished":"2025-07-10T20:52:38+00:00","dateModified":"2026-01-29T22:22:31+00:00","description":"Tanvi Patel est une experte en durabilit\u00e9 sp\u00e9cialis\u00e9e dans l\u2019am\u00e9lioration des strat\u00e9gies de reporting et de durabilit\u00e9 des supply chains au sein d\u2019entreprises mondiales complexes.","breadcrumb":{"@id":"https:\/\/www.assent.com\/fr\/capacites\/expertise\/tanvi-patel\/#breadcrumb"},"inLanguage":"fr-FR","potentialAction":[{"@type":"ReadAction","target":["https:\/\/www.assent.com\/fr\/capacites\/expertise\/tanvi-patel\/"]}]},{"@type":"ImageObject","inLanguage":"fr-FR","@id":"https:\/\/www.assent.com\/fr\/capacites\/expertise\/tanvi-patel\/#primaryimage","url":"https:\/\/www.assent.com\/wp-content\/uploads\/2025\/07\/Tanvi-Headshot.jpeg","contentUrl":"https:\/\/www.assent.com\/wp-content\/uploads\/2025\/07\/Tanvi-Headshot.jpeg","width":400,"height":400,"caption":"Tanvi Patel"},{"@type":"BreadcrumbList","@id":"https:\/\/www.assent.com\/fr\/capacites\/expertise\/tanvi-patel\/#breadcrumb","itemListElement":[{"@type":"ListItem","position":1,"name":"Home","item":"https:\/\/www.assent.com\/fr\/"},{"@type":"ListItem","position":2,"name":"Plateforme et Capacit\u00e9s","item":"https:\/\/www.assent.com\/fr\/capacites\/"},{"@type":"ListItem","position":3,"name":"Notre Expertise","item":"https:\/\/www.assent.com\/fr\/capacites\/expertise\/"},{"@type":"ListItem","position":4,"name":"Tanvi Patel"}]},{"@type":"WebSite","@id":"https:\/\/www.assent.com\/fr\/#website","url":"https:\/\/www.assent.com\/fr\/","name":"Assent","description":"","publisher":{"@id":"https:\/\/www.assent.com\/fr\/#organization"},"potentialAction":[{"@type":"SearchAction","target":{"@type":"EntryPoint","urlTemplate":"https:\/\/www.assent.com\/fr\/?s={search_term_string}"},"query-input":{"@type":"PropertyValueSpecification","valueRequired":true,"valueName":"search_term_string"}}],"inLanguage":"fr-FR"},{"@type":"Organization","@id":"https:\/\/www.assent.com\/fr\/#organization","name":"Assent","url":"https:\/\/www.assent.com\/fr\/","logo":{"@type":"ImageObject","inLanguage":"fr-FR","@id":"https:\/\/www.assent.com\/fr\/#\/schema\/logo\/image\/","url":"https:\/\/www.assent.com\/wp-content\/uploads\/2022\/01\/logo.svg","contentUrl":"https:\/\/www.assent.com\/wp-content\/uploads\/2022\/01\/logo.svg","width":1,"height":1,"caption":"Assent"},"image":{"@id":"https:\/\/www.assent.com\/fr\/#\/schema\/logo\/image\/"},"sameAs":["https:\/\/www.facebook.com\/AssentCompliance\/","https:\/\/x.com\/AssentGlobal","https:\/\/www.linkedin.com\/company\/assent-compliance-inc"]}]}},"_links":{"self":[{"href":"https:\/\/www.assent.com\/fr\/wp-json\/wp\/v2\/pages\/108525","targetHints":{"allow":["GET"]}}],"collection":[{"href":"https:\/\/www.assent.com\/fr\/wp-json\/wp\/v2\/pages"}],"about":[{"href":"https:\/\/www.assent.com\/fr\/wp-json\/wp\/v2\/types\/page"}],"author":[{"embeddable":true,"href":"https:\/\/www.assent.com\/fr\/wp-json\/wp\/v2\/users\/47"}],"replies":[{"embeddable":true,"href":"https:\/\/www.assent.com\/fr\/wp-json\/wp\/v2\/comments?post=108525"}],"version-history":[{"count":1,"href":"https:\/\/www.assent.com\/fr\/wp-json\/wp\/v2\/pages\/108525\/revisions"}],"predecessor-version":[{"id":108531,"href":"https:\/\/www.assent.com\/fr\/wp-json\/wp\/v2\/pages\/108525\/revisions\/108531"}],"up":[{"embeddable":true,"href":"https:\/\/www.assent.com\/fr\/wp-json\/wp\/v2\/pages\/31083"}],"wp:featuredmedia":[{"embeddable":true,"href":"https:\/\/www.assent.com\/fr\/wp-json\/wp\/v2\/media\/93021"}],"wp:attachment":[{"href":"https:\/\/www.assent.com\/fr\/wp-json\/wp\/v2\/media?parent=108525"}],"wp:term":[{"taxonomy":"category","embeddable":true,"href":"https:\/\/www.assent.com\/fr\/wp-json\/wp\/v2\/categories?post=108525"}],"curies":[{"name":"wp","href":"https:\/\/api.w.org\/{rel}","templated":true}]}}