{"id":108006,"date":"2025-12-23T18:41:53","date_gmt":"2025-12-23T23:41:53","guid":{"rendered":"https:\/\/www.assent.com\/capacites\/expertise\/sandesh-badhe\/"},"modified":"2026-02-06T10:10:25","modified_gmt":"2026-02-06T15:10:25","slug":"sandesh-badhe","status":"publish","type":"page","link":"https:\/\/www.assent.com\/fr\/capacites\/expertise\/sandesh-badhe\/","title":{"rendered":"Sandesh Badhe"},"content":{"rendered":"\n<div style=\"height:75px\" aria-hidden=\"true\" class=\"wp-block-spacer\"><\/div>\n\n\n\r\n<!-- WYSIWYG -->\r\n        <section class=\"wysiwyg-section\" id=\"cally_edgren\">\r\n            <div class=\"container\"><h1>Sandesh Badhe<\/h1>\n<h6>Sp\u00e9cialiste r\u00e9glementaire<\/h6>\n<p><img decoding=\"async\" class=\"size-medium wp-image-43228 alignright\" src=\"https:\/\/www.assent.com\/wp-content\/uploads\/2025\/12\/Sandesh-Badhe.webp\" alt=\"SANDESH\" width=\"300\" height=\"300\" data-wp-editing=\"1\" \/><br \/>\nSandesh poss\u00e8de plus de 12 ans d\u2019exp\u00e9rience dans l\u2019industrie manufacturi\u00e8re, ayant travaill\u00e9 au sein d\u2019organisations telles que Kohler, SPX Flow et Renishaw en tant qu\u2019ing\u00e9nieur en conformit\u00e9 des produits. Son expertise couvre un large \u00e9ventail de sujets li\u00e9s \u00e0 la conformit\u00e9 des mat\u00e9riaux, notamment RoHS, le REACH, la Proposition 65, les minerais de conflit (Conflict Minerals Reporting Template), la TSCA et la base de donn\u00e9es SCIP. Sandesh adopte une approche fortement ax\u00e9e sur le client dans son travail et s\u2019engage \u00e0 aider les entreprises \u00e0 atteindre leurs objectifs en mati\u00e8re de conformit\u00e9.<\/p>\n<p><a href=\"https:\/\/www.linkedin.com\/in\/sandesh-badhe\/\" target=\"_blank\" rel=\"noopener\">Entrer en contact avec Sandesh sur LinkedIn<\/a><\/p>\n<p><a href=\"mailto:sandesh.badhe@assent.com\">Contacter Sandesh par e-mail<\/a><\/p>\n<\/div>    \r\n        <\/section>","protected":false},"excerpt":{"rendered":"<p>Sandesh Badhe, sp\u00e9cialiste en r\u00e9glementation chez Assent. Il est sp\u00e9cialis\u00e9 dans la conformit\u00e9 des mat\u00e9riaux, RoHS, REACH, et la loi TSCA.<\/p>\n","protected":false},"author":52,"featured_media":0,"parent":31083,"menu_order":0,"comment_status":"closed","ping_status":"closed","template":"","meta":{"_acf_changed":false,"footnotes":"","_links_to":"","_links_to_target":""},"categories":[],"class_list":["post-108006","page","type-page","status-publish","hentry"],"acf":[],"yoast_head":"<!-- This site is optimized with the Yoast SEO Premium plugin v26.6 (Yoast SEO v27.0) - https:\/\/yoast.com\/product\/yoast-seo-premium-wordpress\/ -->\n<title>Sandesh Badhe | Sp\u00e9cialiste R\u00e9glementaire | Assent<\/title>\n<meta name=\"description\" content=\"Sandesh Badhe, sp\u00e9cialiste en r\u00e9glementation chez Assent. Il est sp\u00e9cialis\u00e9 dans la conformit\u00e9 des mat\u00e9riaux, RoHS, REACH, et la loi TSCA.\" \/>\n<meta name=\"robots\" content=\"index, follow, max-snippet:-1, max-image-preview:large, max-video-preview:-1\" \/>\n<link rel=\"canonical\" href=\"https:\/\/www.assent.com\/fr\/capacites\/expertise\/sandesh-badhe\/\" \/>\n<meta property=\"og:locale\" content=\"fr_FR\" \/>\n<meta property=\"og:type\" content=\"article\" \/>\n<meta property=\"og:title\" content=\"Sandesh Badhe\" \/>\n<meta property=\"og:description\" content=\"Sandesh Badhe, sp\u00e9cialiste en r\u00e9glementation chez Assent. Il est sp\u00e9cialis\u00e9 dans la conformit\u00e9 des mat\u00e9riaux, RoHS, REACH, et la loi TSCA.\" \/>\n<meta property=\"og:url\" content=\"https:\/\/www.assent.com\/fr\/capacites\/expertise\/sandesh-badhe\/\" \/>\n<meta property=\"og:site_name\" content=\"Assent\" \/>\n<meta property=\"article:publisher\" content=\"https:\/\/www.facebook.com\/AssentCompliance\/\" \/>\n<meta property=\"article:modified_time\" content=\"2026-02-06T15:10:25+00:00\" \/>\n<meta name=\"twitter:card\" content=\"summary_large_image\" \/>\n<meta name=\"twitter:site\" content=\"@AssentGlobal\" \/>\n<script type=\"application\/ld+json\" class=\"yoast-schema-graph\">{\"@context\":\"https:\/\/schema.org\",\"@graph\":[{\"@type\":\"WebPage\",\"@id\":\"https:\/\/www.assent.com\/fr\/capacites\/expertise\/sandesh-badhe\/\",\"url\":\"https:\/\/www.assent.com\/fr\/capacites\/expertise\/sandesh-badhe\/\",\"name\":\"Sandesh Badhe | Sp\u00e9cialiste R\u00e9glementaire | Assent\",\"isPartOf\":{\"@id\":\"https:\/\/www.assent.com\/fr\/#website\"},\"datePublished\":\"2025-12-23T23:41:53+00:00\",\"dateModified\":\"2026-02-06T15:10:25+00:00\",\"description\":\"Sandesh Badhe, sp\u00e9cialiste en r\u00e9glementation chez Assent. Il est sp\u00e9cialis\u00e9 dans la conformit\u00e9 des mat\u00e9riaux, RoHS, REACH, et la loi TSCA.\",\"breadcrumb\":{\"@id\":\"https:\/\/www.assent.com\/fr\/capacites\/expertise\/sandesh-badhe\/#breadcrumb\"},\"inLanguage\":\"fr-FR\",\"potentialAction\":[{\"@type\":\"ReadAction\",\"target\":[\"https:\/\/www.assent.com\/fr\/capacites\/expertise\/sandesh-badhe\/\"]}]},{\"@type\":\"BreadcrumbList\",\"@id\":\"https:\/\/www.assent.com\/fr\/capacites\/expertise\/sandesh-badhe\/#breadcrumb\",\"itemListElement\":[{\"@type\":\"ListItem\",\"position\":1,\"name\":\"Home\",\"item\":\"https:\/\/www.assent.com\/fr\/\"},{\"@type\":\"ListItem\",\"position\":2,\"name\":\"Plateforme et Capacit\u00e9s\",\"item\":\"https:\/\/www.assent.com\/fr\/capacites\/\"},{\"@type\":\"ListItem\",\"position\":3,\"name\":\"Notre Expertise\",\"item\":\"https:\/\/www.assent.com\/fr\/capacites\/expertise\/\"},{\"@type\":\"ListItem\",\"position\":4,\"name\":\"Sandesh Badhe\"}]},{\"@type\":\"WebSite\",\"@id\":\"https:\/\/www.assent.com\/fr\/#website\",\"url\":\"https:\/\/www.assent.com\/fr\/\",\"name\":\"Assent\",\"description\":\"\",\"publisher\":{\"@id\":\"https:\/\/www.assent.com\/fr\/#organization\"},\"potentialAction\":[{\"@type\":\"SearchAction\",\"target\":{\"@type\":\"EntryPoint\",\"urlTemplate\":\"https:\/\/www.assent.com\/fr\/?s={search_term_string}\"},\"query-input\":{\"@type\":\"PropertyValueSpecification\",\"valueRequired\":true,\"valueName\":\"search_term_string\"}}],\"inLanguage\":\"fr-FR\"},{\"@type\":\"Organization\",\"@id\":\"https:\/\/www.assent.com\/fr\/#organization\",\"name\":\"Assent\",\"url\":\"https:\/\/www.assent.com\/fr\/\",\"logo\":{\"@type\":\"ImageObject\",\"inLanguage\":\"fr-FR\",\"@id\":\"https:\/\/www.assent.com\/fr\/#\/schema\/logo\/image\/\",\"url\":\"https:\/\/www.assent.com\/wp-content\/uploads\/2022\/01\/logo.svg\",\"contentUrl\":\"https:\/\/www.assent.com\/wp-content\/uploads\/2022\/01\/logo.svg\",\"width\":1,\"height\":1,\"caption\":\"Assent\"},\"image\":{\"@id\":\"https:\/\/www.assent.com\/fr\/#\/schema\/logo\/image\/\"},\"sameAs\":[\"https:\/\/www.facebook.com\/AssentCompliance\/\",\"https:\/\/x.com\/AssentGlobal\",\"https:\/\/www.linkedin.com\/company\/assent-compliance-inc\"]}]}<\/script>\n<!-- \/ Yoast SEO Premium plugin. -->","yoast_head_json":{"title":"Sandesh Badhe | Sp\u00e9cialiste R\u00e9glementaire | Assent","description":"Sandesh Badhe, sp\u00e9cialiste en r\u00e9glementation chez Assent. Il est sp\u00e9cialis\u00e9 dans la conformit\u00e9 des mat\u00e9riaux, RoHS, REACH, et la loi TSCA.","robots":{"index":"index","follow":"follow","max-snippet":"max-snippet:-1","max-image-preview":"max-image-preview:large","max-video-preview":"max-video-preview:-1"},"canonical":"https:\/\/www.assent.com\/fr\/capacites\/expertise\/sandesh-badhe\/","og_locale":"fr_FR","og_type":"article","og_title":"Sandesh Badhe","og_description":"Sandesh Badhe, sp\u00e9cialiste en r\u00e9glementation chez Assent. Il est sp\u00e9cialis\u00e9 dans la conformit\u00e9 des mat\u00e9riaux, RoHS, REACH, et la loi TSCA.","og_url":"https:\/\/www.assent.com\/fr\/capacites\/expertise\/sandesh-badhe\/","og_site_name":"Assent","article_publisher":"https:\/\/www.facebook.com\/AssentCompliance\/","article_modified_time":"2026-02-06T15:10:25+00:00","twitter_card":"summary_large_image","twitter_site":"@AssentGlobal","schema":{"@context":"https:\/\/schema.org","@graph":[{"@type":"WebPage","@id":"https:\/\/www.assent.com\/fr\/capacites\/expertise\/sandesh-badhe\/","url":"https:\/\/www.assent.com\/fr\/capacites\/expertise\/sandesh-badhe\/","name":"Sandesh Badhe | Sp\u00e9cialiste R\u00e9glementaire | Assent","isPartOf":{"@id":"https:\/\/www.assent.com\/fr\/#website"},"datePublished":"2025-12-23T23:41:53+00:00","dateModified":"2026-02-06T15:10:25+00:00","description":"Sandesh Badhe, sp\u00e9cialiste en r\u00e9glementation chez Assent. Il est sp\u00e9cialis\u00e9 dans la conformit\u00e9 des mat\u00e9riaux, RoHS, REACH, et la loi TSCA.","breadcrumb":{"@id":"https:\/\/www.assent.com\/fr\/capacites\/expertise\/sandesh-badhe\/#breadcrumb"},"inLanguage":"fr-FR","potentialAction":[{"@type":"ReadAction","target":["https:\/\/www.assent.com\/fr\/capacites\/expertise\/sandesh-badhe\/"]}]},{"@type":"BreadcrumbList","@id":"https:\/\/www.assent.com\/fr\/capacites\/expertise\/sandesh-badhe\/#breadcrumb","itemListElement":[{"@type":"ListItem","position":1,"name":"Home","item":"https:\/\/www.assent.com\/fr\/"},{"@type":"ListItem","position":2,"name":"Plateforme et Capacit\u00e9s","item":"https:\/\/www.assent.com\/fr\/capacites\/"},{"@type":"ListItem","position":3,"name":"Notre Expertise","item":"https:\/\/www.assent.com\/fr\/capacites\/expertise\/"},{"@type":"ListItem","position":4,"name":"Sandesh Badhe"}]},{"@type":"WebSite","@id":"https:\/\/www.assent.com\/fr\/#website","url":"https:\/\/www.assent.com\/fr\/","name":"Assent","description":"","publisher":{"@id":"https:\/\/www.assent.com\/fr\/#organization"},"potentialAction":[{"@type":"SearchAction","target":{"@type":"EntryPoint","urlTemplate":"https:\/\/www.assent.com\/fr\/?s={search_term_string}"},"query-input":{"@type":"PropertyValueSpecification","valueRequired":true,"valueName":"search_term_string"}}],"inLanguage":"fr-FR"},{"@type":"Organization","@id":"https:\/\/www.assent.com\/fr\/#organization","name":"Assent","url":"https:\/\/www.assent.com\/fr\/","logo":{"@type":"ImageObject","inLanguage":"fr-FR","@id":"https:\/\/www.assent.com\/fr\/#\/schema\/logo\/image\/","url":"https:\/\/www.assent.com\/wp-content\/uploads\/2022\/01\/logo.svg","contentUrl":"https:\/\/www.assent.com\/wp-content\/uploads\/2022\/01\/logo.svg","width":1,"height":1,"caption":"Assent"},"image":{"@id":"https:\/\/www.assent.com\/fr\/#\/schema\/logo\/image\/"},"sameAs":["https:\/\/www.facebook.com\/AssentCompliance\/","https:\/\/x.com\/AssentGlobal","https:\/\/www.linkedin.com\/company\/assent-compliance-inc"]}]}},"_links":{"self":[{"href":"https:\/\/www.assent.com\/fr\/wp-json\/wp\/v2\/pages\/108006","targetHints":{"allow":["GET"]}}],"collection":[{"href":"https:\/\/www.assent.com\/fr\/wp-json\/wp\/v2\/pages"}],"about":[{"href":"https:\/\/www.assent.com\/fr\/wp-json\/wp\/v2\/types\/page"}],"author":[{"embeddable":true,"href":"https:\/\/www.assent.com\/fr\/wp-json\/wp\/v2\/users\/52"}],"replies":[{"embeddable":true,"href":"https:\/\/www.assent.com\/fr\/wp-json\/wp\/v2\/comments?post=108006"}],"version-history":[{"count":4,"href":"https:\/\/www.assent.com\/fr\/wp-json\/wp\/v2\/pages\/108006\/revisions"}],"predecessor-version":[{"id":108880,"href":"https:\/\/www.assent.com\/fr\/wp-json\/wp\/v2\/pages\/108006\/revisions\/108880"}],"up":[{"embeddable":true,"href":"https:\/\/www.assent.com\/fr\/wp-json\/wp\/v2\/pages\/31083"}],"wp:attachment":[{"href":"https:\/\/www.assent.com\/fr\/wp-json\/wp\/v2\/media?parent=108006"}],"wp:term":[{"taxonomy":"category","embeddable":true,"href":"https:\/\/www.assent.com\/fr\/wp-json\/wp\/v2\/categories?post=108006"}],"curies":[{"name":"wp","href":"https:\/\/api.w.org\/{rel}","templated":true}]}}