{"id":105142,"date":"2025-12-20T02:57:03","date_gmt":"2025-12-20T07:57:03","guid":{"rendered":"https:\/\/www.assent.com\/?page_id=105142"},"modified":"2025-12-20T02:57:05","modified_gmt":"2025-12-20T07:57:05","slug":"vikram-shinde","status":"publish","type":"page","link":"https:\/\/www.assent.com\/fr\/capacites\/expertise\/vikram-shinde\/","title":{"rendered":"Vikram Shinde"},"content":{"rendered":"\n<div style=\"height:75px\" aria-hidden=\"true\" class=\"wp-block-spacer\"><\/div>\n\n\n\r\n<!-- WYSIWYG -->\r\n        <section class=\"wysiwyg-section\" id=\"cally_edgren\">\r\n            <div class=\"container\"><h1>Vikram Shinde<\/h1>\n<p><img decoding=\"async\" class=\"wp-image-102037 size-medium alignright\" src=\"https:\/\/www.assent.com\/wp-content\/uploads\/2025\/10\/Vikram-Shinde-Edited-300x300.png\" alt=\"Vikram Shinde\" width=\"300\" height=\"300\" srcset=\"https:\/\/www.assent.com\/wp-content\/uploads\/2025\/10\/Vikram-Shinde-Edited-300x300.png 300w, https:\/\/www.assent.com\/wp-content\/uploads\/2025\/10\/Vikram-Shinde-Edited-150x150.png 150w, https:\/\/www.assent.com\/wp-content\/uploads\/2025\/10\/Vikram-Shinde-Edited.png 512w\" sizes=\"(max-width: 300px) 100vw, 300px\" \/><\/p>\n<h6>Sp\u00e9cialiste r\u00e9glementaire<\/h6>\n<p>Vikram est sp\u00e9cialis\u00e9 dans la conformit\u00e9 des mat\u00e9riaux utilis\u00e9s dans les produits et poss\u00e8de une exp\u00e9rience couvrant un large \u00e9ventail de r\u00e9glementations internationales. Il s\u2019int\u00e9resse particuli\u00e8rement aux PFAS et \u00e0 la responsabilit\u00e9 \u00e9largie des producteurs (EPR), et poss\u00e8de une connaissance pratique du syst\u00e8me international de donn\u00e9es sur les mat\u00e9riaux (IMDS). Vikram associe sa formation en ing\u00e9nierie m\u00e9canique \u00e0 son exp\u00e9rience dans les secteurs de l\u2019\u00e9lectronique, de l\u2019automobile et du m\u00e9dical afin d\u2019aider les clients \u00e0 r\u00e9pondre \u00e0 leurs exigences complexes en mati\u00e8re de conformit\u00e9.<\/p>\n<p><a href=\"https:\/\/www.linkedin.com\/in\/vikram-shinde-8b3955128\/\" target=\"_blank\" rel=\"noopener\">Connectez-vous avec Amanda sur LinkedIn<\/a><\/p>\n<p><a href=\"mailto:vikram.shinde@assent.com\">Email Vikram<\/a><\/p>\n<\/div>    \r\n        <\/section>\n\n\n<style>\n#bloomberg { display: none; }\n<\/style>\n\n\n\n<div style=\"height:75px\" aria-hidden=\"true\" class=\"wp-block-spacer\"><\/div>\n\n\n\n<p><\/p>\n","protected":false},"excerpt":{"rendered":"<p>Voici Vikram Shinde, expert en conformit\u00e9 r\u00e9glementaire chez Assent<\/p>\n","protected":false},"author":47,"featured_media":102038,"parent":31083,"menu_order":0,"comment_status":"closed","ping_status":"closed","template":"","meta":{"_acf_changed":false,"footnotes":"","_links_to":"","_links_to_target":""},"categories":[],"class_list":["post-105142","page","type-page","status-publish","has-post-thumbnail","hentry"],"acf":[],"yoast_head":"<!-- This site is optimized with the Yoast SEO Premium plugin v26.6 (Yoast SEO v27.0) - https:\/\/yoast.com\/product\/yoast-seo-premium-wordpress\/ -->\n<title>Vikram Shinde | Expert r\u00e9glementaire | Assent<\/title>\n<meta name=\"description\" content=\"Voici Vikram Shinde, expert en conformit\u00e9 r\u00e9glementaire chez Assent\" \/>\n<meta name=\"robots\" content=\"index, follow, max-snippet:-1, max-image-preview:large, max-video-preview:-1\" \/>\n<link rel=\"canonical\" href=\"https:\/\/www.assent.com\/fr\/capacites\/expertise\/vikram-shinde\/\" \/>\n<meta property=\"og:locale\" content=\"fr_FR\" \/>\n<meta property=\"og:type\" content=\"article\" \/>\n<meta property=\"og:title\" content=\"Vikram Shinde\" \/>\n<meta property=\"og:description\" content=\"Voici Vikram Shinde, expert en conformit\u00e9 r\u00e9glementaire chez Assent\" \/>\n<meta property=\"og:url\" content=\"https:\/\/www.assent.com\/fr\/capacites\/expertise\/vikram-shinde\/\" \/>\n<meta property=\"og:site_name\" content=\"Assent\" \/>\n<meta property=\"article:publisher\" content=\"https:\/\/www.facebook.com\/AssentCompliance\/\" \/>\n<meta property=\"article:modified_time\" content=\"2025-12-20T07:57:05+00:00\" \/>\n<meta property=\"og:image\" content=\"https:\/\/www.assent.com\/wp-content\/uploads\/2025\/10\/Vikram-Shinde-Edited.png\" \/>\n\t<meta property=\"og:image:width\" content=\"512\" \/>\n\t<meta property=\"og:image:height\" content=\"512\" \/>\n\t<meta property=\"og:image:type\" content=\"image\/png\" \/>\n<meta name=\"twitter:card\" content=\"summary_large_image\" \/>\n<meta name=\"twitter:site\" content=\"@AssentGlobal\" \/>\n<script type=\"application\/ld+json\" class=\"yoast-schema-graph\">{\"@context\":\"https:\/\/schema.org\",\"@graph\":[{\"@type\":\"WebPage\",\"@id\":\"https:\/\/www.assent.com\/fr\/capacites\/expertise\/vikram-shinde\/\",\"url\":\"https:\/\/www.assent.com\/fr\/capacites\/expertise\/vikram-shinde\/\",\"name\":\"Vikram Shinde | Expert r\u00e9glementaire | Assent\",\"isPartOf\":{\"@id\":\"https:\/\/www.assent.com\/fr\/#website\"},\"primaryImageOfPage\":{\"@id\":\"https:\/\/www.assent.com\/fr\/capacites\/expertise\/vikram-shinde\/#primaryimage\"},\"image\":{\"@id\":\"https:\/\/www.assent.com\/fr\/capacites\/expertise\/vikram-shinde\/#primaryimage\"},\"thumbnailUrl\":\"https:\/\/www.assent.com\/wp-content\/uploads\/2025\/10\/Vikram-Shinde-Edited.png\",\"datePublished\":\"2025-12-20T07:57:03+00:00\",\"dateModified\":\"2025-12-20T07:57:05+00:00\",\"description\":\"Voici Vikram Shinde, expert en conformit\u00e9 r\u00e9glementaire chez Assent\",\"breadcrumb\":{\"@id\":\"https:\/\/www.assent.com\/fr\/capacites\/expertise\/vikram-shinde\/#breadcrumb\"},\"inLanguage\":\"fr-FR\",\"potentialAction\":[{\"@type\":\"ReadAction\",\"target\":[\"https:\/\/www.assent.com\/fr\/capacites\/expertise\/vikram-shinde\/\"]}]},{\"@type\":\"ImageObject\",\"inLanguage\":\"fr-FR\",\"@id\":\"https:\/\/www.assent.com\/fr\/capacites\/expertise\/vikram-shinde\/#primaryimage\",\"url\":\"https:\/\/www.assent.com\/wp-content\/uploads\/2025\/10\/Vikram-Shinde-Edited.png\",\"contentUrl\":\"https:\/\/www.assent.com\/wp-content\/uploads\/2025\/10\/Vikram-Shinde-Edited.png\",\"width\":512,\"height\":512,\"caption\":\"Vikram Shinde\"},{\"@type\":\"BreadcrumbList\",\"@id\":\"https:\/\/www.assent.com\/fr\/capacites\/expertise\/vikram-shinde\/#breadcrumb\",\"itemListElement\":[{\"@type\":\"ListItem\",\"position\":1,\"name\":\"Home\",\"item\":\"https:\/\/www.assent.com\/fr\/\"},{\"@type\":\"ListItem\",\"position\":2,\"name\":\"Plateforme et Capacit\u00e9s\",\"item\":\"https:\/\/www.assent.com\/fr\/capacites\/\"},{\"@type\":\"ListItem\",\"position\":3,\"name\":\"Notre Expertise\",\"item\":\"https:\/\/www.assent.com\/fr\/capacites\/expertise\/\"},{\"@type\":\"ListItem\",\"position\":4,\"name\":\"Vikram Shinde\"}]},{\"@type\":\"WebSite\",\"@id\":\"https:\/\/www.assent.com\/fr\/#website\",\"url\":\"https:\/\/www.assent.com\/fr\/\",\"name\":\"Assent\",\"description\":\"\",\"publisher\":{\"@id\":\"https:\/\/www.assent.com\/fr\/#organization\"},\"potentialAction\":[{\"@type\":\"SearchAction\",\"target\":{\"@type\":\"EntryPoint\",\"urlTemplate\":\"https:\/\/www.assent.com\/fr\/?s={search_term_string}\"},\"query-input\":{\"@type\":\"PropertyValueSpecification\",\"valueRequired\":true,\"valueName\":\"search_term_string\"}}],\"inLanguage\":\"fr-FR\"},{\"@type\":\"Organization\",\"@id\":\"https:\/\/www.assent.com\/fr\/#organization\",\"name\":\"Assent\",\"url\":\"https:\/\/www.assent.com\/fr\/\",\"logo\":{\"@type\":\"ImageObject\",\"inLanguage\":\"fr-FR\",\"@id\":\"https:\/\/www.assent.com\/fr\/#\/schema\/logo\/image\/\",\"url\":\"https:\/\/www.assent.com\/wp-content\/uploads\/2022\/01\/logo.svg\",\"contentUrl\":\"https:\/\/www.assent.com\/wp-content\/uploads\/2022\/01\/logo.svg\",\"width\":1,\"height\":1,\"caption\":\"Assent\"},\"image\":{\"@id\":\"https:\/\/www.assent.com\/fr\/#\/schema\/logo\/image\/\"},\"sameAs\":[\"https:\/\/www.facebook.com\/AssentCompliance\/\",\"https:\/\/x.com\/AssentGlobal\",\"https:\/\/www.linkedin.com\/company\/assent-compliance-inc\"]}]}<\/script>\n<!-- \/ Yoast SEO Premium plugin. -->","yoast_head_json":{"title":"Vikram Shinde | Expert r\u00e9glementaire | Assent","description":"Voici Vikram Shinde, expert en conformit\u00e9 r\u00e9glementaire chez Assent","robots":{"index":"index","follow":"follow","max-snippet":"max-snippet:-1","max-image-preview":"max-image-preview:large","max-video-preview":"max-video-preview:-1"},"canonical":"https:\/\/www.assent.com\/fr\/capacites\/expertise\/vikram-shinde\/","og_locale":"fr_FR","og_type":"article","og_title":"Vikram Shinde","og_description":"Voici Vikram Shinde, expert en conformit\u00e9 r\u00e9glementaire chez Assent","og_url":"https:\/\/www.assent.com\/fr\/capacites\/expertise\/vikram-shinde\/","og_site_name":"Assent","article_publisher":"https:\/\/www.facebook.com\/AssentCompliance\/","article_modified_time":"2025-12-20T07:57:05+00:00","og_image":[{"width":512,"height":512,"url":"https:\/\/www.assent.com\/wp-content\/uploads\/2025\/10\/Vikram-Shinde-Edited.png","type":"image\/png"}],"twitter_card":"summary_large_image","twitter_site":"@AssentGlobal","schema":{"@context":"https:\/\/schema.org","@graph":[{"@type":"WebPage","@id":"https:\/\/www.assent.com\/fr\/capacites\/expertise\/vikram-shinde\/","url":"https:\/\/www.assent.com\/fr\/capacites\/expertise\/vikram-shinde\/","name":"Vikram Shinde | Expert r\u00e9glementaire | Assent","isPartOf":{"@id":"https:\/\/www.assent.com\/fr\/#website"},"primaryImageOfPage":{"@id":"https:\/\/www.assent.com\/fr\/capacites\/expertise\/vikram-shinde\/#primaryimage"},"image":{"@id":"https:\/\/www.assent.com\/fr\/capacites\/expertise\/vikram-shinde\/#primaryimage"},"thumbnailUrl":"https:\/\/www.assent.com\/wp-content\/uploads\/2025\/10\/Vikram-Shinde-Edited.png","datePublished":"2025-12-20T07:57:03+00:00","dateModified":"2025-12-20T07:57:05+00:00","description":"Voici Vikram Shinde, expert en conformit\u00e9 r\u00e9glementaire chez Assent","breadcrumb":{"@id":"https:\/\/www.assent.com\/fr\/capacites\/expertise\/vikram-shinde\/#breadcrumb"},"inLanguage":"fr-FR","potentialAction":[{"@type":"ReadAction","target":["https:\/\/www.assent.com\/fr\/capacites\/expertise\/vikram-shinde\/"]}]},{"@type":"ImageObject","inLanguage":"fr-FR","@id":"https:\/\/www.assent.com\/fr\/capacites\/expertise\/vikram-shinde\/#primaryimage","url":"https:\/\/www.assent.com\/wp-content\/uploads\/2025\/10\/Vikram-Shinde-Edited.png","contentUrl":"https:\/\/www.assent.com\/wp-content\/uploads\/2025\/10\/Vikram-Shinde-Edited.png","width":512,"height":512,"caption":"Vikram Shinde"},{"@type":"BreadcrumbList","@id":"https:\/\/www.assent.com\/fr\/capacites\/expertise\/vikram-shinde\/#breadcrumb","itemListElement":[{"@type":"ListItem","position":1,"name":"Home","item":"https:\/\/www.assent.com\/fr\/"},{"@type":"ListItem","position":2,"name":"Plateforme et Capacit\u00e9s","item":"https:\/\/www.assent.com\/fr\/capacites\/"},{"@type":"ListItem","position":3,"name":"Notre Expertise","item":"https:\/\/www.assent.com\/fr\/capacites\/expertise\/"},{"@type":"ListItem","position":4,"name":"Vikram Shinde"}]},{"@type":"WebSite","@id":"https:\/\/www.assent.com\/fr\/#website","url":"https:\/\/www.assent.com\/fr\/","name":"Assent","description":"","publisher":{"@id":"https:\/\/www.assent.com\/fr\/#organization"},"potentialAction":[{"@type":"SearchAction","target":{"@type":"EntryPoint","urlTemplate":"https:\/\/www.assent.com\/fr\/?s={search_term_string}"},"query-input":{"@type":"PropertyValueSpecification","valueRequired":true,"valueName":"search_term_string"}}],"inLanguage":"fr-FR"},{"@type":"Organization","@id":"https:\/\/www.assent.com\/fr\/#organization","name":"Assent","url":"https:\/\/www.assent.com\/fr\/","logo":{"@type":"ImageObject","inLanguage":"fr-FR","@id":"https:\/\/www.assent.com\/fr\/#\/schema\/logo\/image\/","url":"https:\/\/www.assent.com\/wp-content\/uploads\/2022\/01\/logo.svg","contentUrl":"https:\/\/www.assent.com\/wp-content\/uploads\/2022\/01\/logo.svg","width":1,"height":1,"caption":"Assent"},"image":{"@id":"https:\/\/www.assent.com\/fr\/#\/schema\/logo\/image\/"},"sameAs":["https:\/\/www.facebook.com\/AssentCompliance\/","https:\/\/x.com\/AssentGlobal","https:\/\/www.linkedin.com\/company\/assent-compliance-inc"]}]}},"_links":{"self":[{"href":"https:\/\/www.assent.com\/fr\/wp-json\/wp\/v2\/pages\/105142","targetHints":{"allow":["GET"]}}],"collection":[{"href":"https:\/\/www.assent.com\/fr\/wp-json\/wp\/v2\/pages"}],"about":[{"href":"https:\/\/www.assent.com\/fr\/wp-json\/wp\/v2\/types\/page"}],"author":[{"embeddable":true,"href":"https:\/\/www.assent.com\/fr\/wp-json\/wp\/v2\/users\/47"}],"replies":[{"embeddable":true,"href":"https:\/\/www.assent.com\/fr\/wp-json\/wp\/v2\/comments?post=105142"}],"version-history":[{"count":1,"href":"https:\/\/www.assent.com\/fr\/wp-json\/wp\/v2\/pages\/105142\/revisions"}],"predecessor-version":[{"id":105145,"href":"https:\/\/www.assent.com\/fr\/wp-json\/wp\/v2\/pages\/105142\/revisions\/105145"}],"up":[{"embeddable":true,"href":"https:\/\/www.assent.com\/fr\/wp-json\/wp\/v2\/pages\/31083"}],"wp:featuredmedia":[{"embeddable":true,"href":"https:\/\/www.assent.com\/fr\/wp-json\/wp\/v2\/media\/102038"}],"wp:attachment":[{"href":"https:\/\/www.assent.com\/fr\/wp-json\/wp\/v2\/media?parent=105142"}],"wp:term":[{"taxonomy":"category","embeddable":true,"href":"https:\/\/www.assent.com\/fr\/wp-json\/wp\/v2\/categories?post=105142"}],"curies":[{"name":"wp","href":"https:\/\/api.w.org\/{rel}","templated":true}]}}