{"id":105129,"date":"2025-12-20T02:36:44","date_gmt":"2025-12-20T07:36:44","guid":{"rendered":"https:\/\/www.assent.com\/?page_id=105129"},"modified":"2025-12-20T02:36:45","modified_gmt":"2025-12-20T07:36:45","slug":"amanda-stires","status":"publish","type":"page","link":"https:\/\/www.assent.com\/fr\/capacites\/expertise\/amanda-stires\/","title":{"rendered":"Amanda Stires"},"content":{"rendered":"\n<div style=\"height:75px\" aria-hidden=\"true\" class=\"wp-block-spacer\"><\/div>\n\n\n\r\n<!-- WYSIWYG -->\r\n        <section class=\"wysiwyg-section\" id=\"cally_edgren\">\r\n            <div class=\"container\"><h1>Amanda Stires<\/h1>\n<p><img decoding=\"async\" class=\"wp-image-102041 size-medium alignright\" src=\"https:\/\/www.assent.com\/wp-content\/uploads\/2025\/10\/Amanda-Stires-300x300.jpg\" alt=\"Amanda Stires\" width=\"300\" height=\"300\" srcset=\"https:\/\/www.assent.com\/wp-content\/uploads\/2025\/10\/Amanda-Stires-300x300.jpg 300w, https:\/\/www.assent.com\/wp-content\/uploads\/2025\/10\/Amanda-Stires-1024x1024.jpg 1024w, https:\/\/www.assent.com\/wp-content\/uploads\/2025\/10\/Amanda-Stires-150x150.jpg 150w, https:\/\/www.assent.com\/wp-content\/uploads\/2025\/10\/Amanda-Stires-768x768.jpg 768w, https:\/\/www.assent.com\/wp-content\/uploads\/2025\/10\/Amanda-Stires-1536x1536.jpg 1536w, https:\/\/www.assent.com\/wp-content\/uploads\/2025\/10\/Amanda-Stires.jpg 900w\" sizes=\"(max-width: 300px) 100vw, 300px\" \/><\/p>\n<h6>Sp\u00e9cialiste r\u00e9glementaire<\/h6>\n<p>Amanda combine sa passion pour la chimie et la durabilit\u00e9 et son travail en aidant les entreprises \u00e0 concevoir des produits plus s\u00fbrs, \u00e0 r\u00e9duire leur impact environnemental et \u00e0 satisfaire aux obligations r\u00e9glementaires mondiales. Actuellement, elle se consacre \u00e0 l\u2019accompagnement des clients dans des domaines r\u00e9glementaires cl\u00e9s tels que le TSCA, le REACH et les PFAS. Elle poss\u00e8de \u00e9galement une solide exp\u00e9rience dans la d\u00e9claration environnementale, l\u2019obtention d\u2019autorisations et la r\u00e9daction de fiches de donn\u00e9es de s\u00e9curit\u00e9 (FDS). Amanda est titulaire d\u2019un dipl\u00f4me en g\u00e9nie chimique et poss\u00e8de une vaste expertise en conformit\u00e9 environnementale et en affaires r\u00e9glementaires, en particulier dans le secteur de la fabrication de produits chimiques.<\/p>\n<p><a href=\"https:\/\/www.linkedin.com\/in\/amanda-stires-9a948a191\/\" target=\"_blank\" rel=\"noopener\">Connectez-vous avec Amanda sur LinkedIn<\/a><\/p>\n<p><a href=\"mailto:amanda.stires@assent.com\">Email Amanda<\/a><\/p>\n<\/div>    \r\n        <\/section>\n\n\n<style>\n#bloomberg { display: none; }\n<\/style>\n\n\n\n<div style=\"height:75px\" aria-hidden=\"true\" class=\"wp-block-spacer\"><\/div>\n\n\n\n<p><\/p>\n","protected":false},"excerpt":{"rendered":"","protected":false},"author":47,"featured_media":110577,"parent":31083,"menu_order":0,"comment_status":"closed","ping_status":"closed","template":"","meta":{"_acf_changed":false,"footnotes":"","_links_to":"","_links_to_target":""},"categories":[],"class_list":["post-105129","page","type-page","status-publish","has-post-thumbnail","hentry"],"acf":[],"yoast_head":"<!-- This site is optimized with the Yoast SEO Premium plugin v26.6 (Yoast SEO v27.0) - https:\/\/yoast.com\/product\/yoast-seo-premium-wordpress\/ -->\n<title>Amanda Stires | Assent<\/title>\n<meta name=\"robots\" content=\"index, follow, max-snippet:-1, max-image-preview:large, max-video-preview:-1\" \/>\n<link rel=\"canonical\" href=\"https:\/\/www.assent.com\/fr\/capacites\/expertise\/amanda-stires\/\" \/>\n<meta property=\"og:locale\" content=\"fr_FR\" \/>\n<meta property=\"og:type\" content=\"article\" \/>\n<meta property=\"og:title\" content=\"Amanda Stires\" \/>\n<meta property=\"og:url\" content=\"https:\/\/www.assent.com\/fr\/capacites\/expertise\/amanda-stires\/\" \/>\n<meta property=\"og:site_name\" content=\"Assent\" \/>\n<meta property=\"article:publisher\" content=\"https:\/\/www.facebook.com\/AssentCompliance\/\" \/>\n<meta property=\"article:modified_time\" content=\"2025-12-20T07:36:45+00:00\" \/>\n<meta property=\"og:image\" content=\"https:\/\/www.assent.com\/wp-content\/uploads\/2025\/10\/Amanda-Stires.jpg\" \/>\n\t<meta property=\"og:image:width\" content=\"2006\" \/>\n\t<meta property=\"og:image:height\" content=\"2007\" \/>\n\t<meta property=\"og:image:type\" content=\"image\/jpeg\" \/>\n<meta name=\"twitter:card\" content=\"summary_large_image\" \/>\n<meta name=\"twitter:site\" content=\"@AssentGlobal\" \/>\n<script type=\"application\/ld+json\" class=\"yoast-schema-graph\">{\"@context\":\"https:\/\/schema.org\",\"@graph\":[{\"@type\":\"WebPage\",\"@id\":\"https:\/\/www.assent.com\/fr\/capacites\/expertise\/amanda-stires\/\",\"url\":\"https:\/\/www.assent.com\/fr\/capacites\/expertise\/amanda-stires\/\",\"name\":\"Amanda Stires | Assent\",\"isPartOf\":{\"@id\":\"https:\/\/www.assent.com\/fr\/#website\"},\"primaryImageOfPage\":{\"@id\":\"https:\/\/www.assent.com\/fr\/capacites\/expertise\/amanda-stires\/#primaryimage\"},\"image\":{\"@id\":\"https:\/\/www.assent.com\/fr\/capacites\/expertise\/amanda-stires\/#primaryimage\"},\"thumbnailUrl\":\"https:\/\/www.assent.com\/wp-content\/uploads\/2026\/03\/Amanda-Stires-Headshot-NEW.png\",\"datePublished\":\"2025-12-20T07:36:44+00:00\",\"dateModified\":\"2025-12-20T07:36:45+00:00\",\"breadcrumb\":{\"@id\":\"https:\/\/www.assent.com\/fr\/capacites\/expertise\/amanda-stires\/#breadcrumb\"},\"inLanguage\":\"fr-FR\",\"potentialAction\":[{\"@type\":\"ReadAction\",\"target\":[\"https:\/\/www.assent.com\/fr\/capacites\/expertise\/amanda-stires\/\"]}]},{\"@type\":\"ImageObject\",\"inLanguage\":\"fr-FR\",\"@id\":\"https:\/\/www.assent.com\/fr\/capacites\/expertise\/amanda-stires\/#primaryimage\",\"url\":\"https:\/\/www.assent.com\/wp-content\/uploads\/2026\/03\/Amanda-Stires-Headshot-NEW.png\",\"contentUrl\":\"https:\/\/www.assent.com\/wp-content\/uploads\/2026\/03\/Amanda-Stires-Headshot-NEW.png\",\"width\":1124,\"height\":1124,\"caption\":\"Amanda Stires, Assent supply chain sustainability expert.\"},{\"@type\":\"BreadcrumbList\",\"@id\":\"https:\/\/www.assent.com\/fr\/capacites\/expertise\/amanda-stires\/#breadcrumb\",\"itemListElement\":[{\"@type\":\"ListItem\",\"position\":1,\"name\":\"Home\",\"item\":\"https:\/\/www.assent.com\/fr\/\"},{\"@type\":\"ListItem\",\"position\":2,\"name\":\"Plateforme et Capacit\u00e9s\",\"item\":\"https:\/\/www.assent.com\/fr\/capacites\/\"},{\"@type\":\"ListItem\",\"position\":3,\"name\":\"Notre Expertise\",\"item\":\"https:\/\/www.assent.com\/fr\/capacites\/expertise\/\"},{\"@type\":\"ListItem\",\"position\":4,\"name\":\"Amanda Stires\"}]},{\"@type\":\"WebSite\",\"@id\":\"https:\/\/www.assent.com\/fr\/#website\",\"url\":\"https:\/\/www.assent.com\/fr\/\",\"name\":\"Assent\",\"description\":\"\",\"publisher\":{\"@id\":\"https:\/\/www.assent.com\/fr\/#organization\"},\"potentialAction\":[{\"@type\":\"SearchAction\",\"target\":{\"@type\":\"EntryPoint\",\"urlTemplate\":\"https:\/\/www.assent.com\/fr\/?s={search_term_string}\"},\"query-input\":{\"@type\":\"PropertyValueSpecification\",\"valueRequired\":true,\"valueName\":\"search_term_string\"}}],\"inLanguage\":\"fr-FR\"},{\"@type\":\"Organization\",\"@id\":\"https:\/\/www.assent.com\/fr\/#organization\",\"name\":\"Assent\",\"url\":\"https:\/\/www.assent.com\/fr\/\",\"logo\":{\"@type\":\"ImageObject\",\"inLanguage\":\"fr-FR\",\"@id\":\"https:\/\/www.assent.com\/fr\/#\/schema\/logo\/image\/\",\"url\":\"https:\/\/www.assent.com\/wp-content\/uploads\/2022\/01\/logo.svg\",\"contentUrl\":\"https:\/\/www.assent.com\/wp-content\/uploads\/2022\/01\/logo.svg\",\"width\":1,\"height\":1,\"caption\":\"Assent\"},\"image\":{\"@id\":\"https:\/\/www.assent.com\/fr\/#\/schema\/logo\/image\/\"},\"sameAs\":[\"https:\/\/www.facebook.com\/AssentCompliance\/\",\"https:\/\/x.com\/AssentGlobal\",\"https:\/\/www.linkedin.com\/company\/assent-compliance-inc\"]}]}<\/script>\n<!-- \/ Yoast SEO Premium plugin. -->","yoast_head_json":{"title":"Amanda Stires | Assent","robots":{"index":"index","follow":"follow","max-snippet":"max-snippet:-1","max-image-preview":"max-image-preview:large","max-video-preview":"max-video-preview:-1"},"canonical":"https:\/\/www.assent.com\/fr\/capacites\/expertise\/amanda-stires\/","og_locale":"fr_FR","og_type":"article","og_title":"Amanda Stires","og_url":"https:\/\/www.assent.com\/fr\/capacites\/expertise\/amanda-stires\/","og_site_name":"Assent","article_publisher":"https:\/\/www.facebook.com\/AssentCompliance\/","article_modified_time":"2025-12-20T07:36:45+00:00","og_image":[{"width":2006,"height":2007,"url":"https:\/\/www.assent.com\/wp-content\/uploads\/2025\/10\/Amanda-Stires.jpg","type":"image\/jpeg"}],"twitter_card":"summary_large_image","twitter_site":"@AssentGlobal","schema":{"@context":"https:\/\/schema.org","@graph":[{"@type":"WebPage","@id":"https:\/\/www.assent.com\/fr\/capacites\/expertise\/amanda-stires\/","url":"https:\/\/www.assent.com\/fr\/capacites\/expertise\/amanda-stires\/","name":"Amanda Stires | Assent","isPartOf":{"@id":"https:\/\/www.assent.com\/fr\/#website"},"primaryImageOfPage":{"@id":"https:\/\/www.assent.com\/fr\/capacites\/expertise\/amanda-stires\/#primaryimage"},"image":{"@id":"https:\/\/www.assent.com\/fr\/capacites\/expertise\/amanda-stires\/#primaryimage"},"thumbnailUrl":"https:\/\/www.assent.com\/wp-content\/uploads\/2026\/03\/Amanda-Stires-Headshot-NEW.png","datePublished":"2025-12-20T07:36:44+00:00","dateModified":"2025-12-20T07:36:45+00:00","breadcrumb":{"@id":"https:\/\/www.assent.com\/fr\/capacites\/expertise\/amanda-stires\/#breadcrumb"},"inLanguage":"fr-FR","potentialAction":[{"@type":"ReadAction","target":["https:\/\/www.assent.com\/fr\/capacites\/expertise\/amanda-stires\/"]}]},{"@type":"ImageObject","inLanguage":"fr-FR","@id":"https:\/\/www.assent.com\/fr\/capacites\/expertise\/amanda-stires\/#primaryimage","url":"https:\/\/www.assent.com\/wp-content\/uploads\/2026\/03\/Amanda-Stires-Headshot-NEW.png","contentUrl":"https:\/\/www.assent.com\/wp-content\/uploads\/2026\/03\/Amanda-Stires-Headshot-NEW.png","width":1124,"height":1124,"caption":"Amanda Stires, Assent supply chain sustainability expert."},{"@type":"BreadcrumbList","@id":"https:\/\/www.assent.com\/fr\/capacites\/expertise\/amanda-stires\/#breadcrumb","itemListElement":[{"@type":"ListItem","position":1,"name":"Home","item":"https:\/\/www.assent.com\/fr\/"},{"@type":"ListItem","position":2,"name":"Plateforme et Capacit\u00e9s","item":"https:\/\/www.assent.com\/fr\/capacites\/"},{"@type":"ListItem","position":3,"name":"Notre Expertise","item":"https:\/\/www.assent.com\/fr\/capacites\/expertise\/"},{"@type":"ListItem","position":4,"name":"Amanda Stires"}]},{"@type":"WebSite","@id":"https:\/\/www.assent.com\/fr\/#website","url":"https:\/\/www.assent.com\/fr\/","name":"Assent","description":"","publisher":{"@id":"https:\/\/www.assent.com\/fr\/#organization"},"potentialAction":[{"@type":"SearchAction","target":{"@type":"EntryPoint","urlTemplate":"https:\/\/www.assent.com\/fr\/?s={search_term_string}"},"query-input":{"@type":"PropertyValueSpecification","valueRequired":true,"valueName":"search_term_string"}}],"inLanguage":"fr-FR"},{"@type":"Organization","@id":"https:\/\/www.assent.com\/fr\/#organization","name":"Assent","url":"https:\/\/www.assent.com\/fr\/","logo":{"@type":"ImageObject","inLanguage":"fr-FR","@id":"https:\/\/www.assent.com\/fr\/#\/schema\/logo\/image\/","url":"https:\/\/www.assent.com\/wp-content\/uploads\/2022\/01\/logo.svg","contentUrl":"https:\/\/www.assent.com\/wp-content\/uploads\/2022\/01\/logo.svg","width":1,"height":1,"caption":"Assent"},"image":{"@id":"https:\/\/www.assent.com\/fr\/#\/schema\/logo\/image\/"},"sameAs":["https:\/\/www.facebook.com\/AssentCompliance\/","https:\/\/x.com\/AssentGlobal","https:\/\/www.linkedin.com\/company\/assent-compliance-inc"]}]}},"_links":{"self":[{"href":"https:\/\/www.assent.com\/fr\/wp-json\/wp\/v2\/pages\/105129","targetHints":{"allow":["GET"]}}],"collection":[{"href":"https:\/\/www.assent.com\/fr\/wp-json\/wp\/v2\/pages"}],"about":[{"href":"https:\/\/www.assent.com\/fr\/wp-json\/wp\/v2\/types\/page"}],"author":[{"embeddable":true,"href":"https:\/\/www.assent.com\/fr\/wp-json\/wp\/v2\/users\/47"}],"replies":[{"embeddable":true,"href":"https:\/\/www.assent.com\/fr\/wp-json\/wp\/v2\/comments?post=105129"}],"version-history":[{"count":1,"href":"https:\/\/www.assent.com\/fr\/wp-json\/wp\/v2\/pages\/105129\/revisions"}],"predecessor-version":[{"id":105131,"href":"https:\/\/www.assent.com\/fr\/wp-json\/wp\/v2\/pages\/105129\/revisions\/105131"}],"up":[{"embeddable":true,"href":"https:\/\/www.assent.com\/fr\/wp-json\/wp\/v2\/pages\/31083"}],"wp:featuredmedia":[{"embeddable":true,"href":"https:\/\/www.assent.com\/fr\/wp-json\/wp\/v2\/media\/110577"}],"wp:attachment":[{"href":"https:\/\/www.assent.com\/fr\/wp-json\/wp\/v2\/media?parent=105129"}],"wp:term":[{"taxonomy":"category","embeddable":true,"href":"https:\/\/www.assent.com\/fr\/wp-json\/wp\/v2\/categories?post=105129"}],"curies":[{"name":"wp","href":"https:\/\/api.w.org\/{rel}","templated":true}]}}