{"id":101725,"date":"2025-07-10T16:49:50","date_gmt":"2025-07-10T20:49:50","guid":{"rendered":"https:\/\/www.assent.com\/entreprise\/equipe-direction\/dan-deng\/"},"modified":"2025-10-10T13:45:54","modified_gmt":"2025-10-10T17:45:54","slug":"dan-deng","status":"publish","type":"page","link":"https:\/\/www.assent.com\/fr\/entreprise\/equipe-direction\/dan-deng\/","title":{"rendered":"Dan Deng"},"content":{"rendered":"\n<div style=\"height:82px\" aria-hidden=\"true\" class=\"wp-block-spacer\"><\/div>\n\n\n\r\n<!-- WYSIWYG -->\r\n        <section class=\"wysiwyg-section\">\r\n            <div class=\"container\"><h1>Dan Deng<\/h1>\n<p><img decoding=\"async\" class=\"alignright wp-image-93016 size-full\" style=\"max-width: 300px;\" src=\"https:\/\/www.assent.com\/wp-content\/uploads\/2025\/07\/Dan-Headshot.jpg\" alt=\"\" width=\"480\" height=\"720\" srcset=\"https:\/\/www.assent.com\/wp-content\/uploads\/2025\/07\/Dan-Headshot.jpg 480w, https:\/\/www.assent.com\/wp-content\/uploads\/2025\/07\/Dan-Headshot-200x300.jpg 200w\" sizes=\"(max-width: 480px) 100vw, 480px\" \/><\/p>\n<h6>Expert r\u00e9glementaire<\/h6>\n<p>Dan Deng est sp\u00e9cialis\u00e9 dans la conformit\u00e9 et la gouvernance des supply chains, avec un accent particulier sur l\u2019approvisionnement responsable. Il poss\u00e8de une vaste exp\u00e9rience dans la direction de programmes de conformit\u00e9, notamment dans la gestion du reporting des minerais de conflit. Dan a supervis\u00e9 le d\u00e9veloppement complet de programmes d\u2019approvisionnement responsable en minerais, ainsi que de strat\u00e9gies d\u2019implication des fournisseurs et d\u2019att\u00e9nuation des risques dans des supply chains mondiales. Il apporte une expertise en gestion des risques r\u00e9glementaires, en diligence requise des fournisseurs et en strat\u00e9gies d\u2019approvisionnement \u00e9thique. Il est titulaire d\u2019un MBA de l\u2019Universit\u00e9 de Californie \u00e0 San Diego \u2013 Rady School of Management, et il se passionne pour l\u2019accompagnement des entreprises dans la construction de supply chains transparentes, r\u00e9silientes et pr\u00eates \u00e0 satisfaire aux exigences r\u00e9glementaires.<\/p>\n<p><a href=\"https:\/\/www.linkedin.com\/in\/dandeng1\/\" target=\"_blank\" rel=\"noopener\">Trouver Dan Deng sur LinkedIn<\/a><\/p>\n<p><a href=\"mailto:dan.deng@assent.com\">Envoyer un e-mail \u00e0 Dan<\/a><\/p>\n<\/div>    \r\n        <\/section>\n\n\n<div style=\"height:85px\" aria-hidden=\"true\" class=\"wp-block-spacer\"><\/div>\n\n\n\n<p><\/p>\n","protected":false},"excerpt":{"rendered":"<p>Dan Deng est sp\u00e9cialis\u00e9 dans la conformit\u00e9 et la gouvernance des supply chains, avec un accent particulier sur l\u2019approvisionnement responsable. Il poss\u00e8de une vaste exp\u00e9rience dans la direction de programmes de conformit\u00e9, notamment dans la gestion du reporting des minerais de conflit. Dan a supervis\u00e9 le d\u00e9veloppement complet de programmes d\u2019approvisionnement responsable en minerais, ainsi que de strat\u00e9gies d\u2019implication des fournisseurs et d\u2019att\u00e9nuation des risques dans des supply chains mondiales. Il apporte une expertise en gestion des risques r\u00e9glementaires, en diligence requise des fournisseurs et en strat\u00e9gies d\u2019approvisionnement \u00e9thique. Il est titulaire d\u2019un MBA de l\u2019Universit\u00e9 de Californie \u00e0 San Diego \u2013 Rady School of Management, et il se passionne pour l\u2019accompagnement des entreprises dans la construction de supply chains transparentes, r\u00e9silientes et pr\u00eates \u00e0 satisfaire aux exigences r\u00e9glementaires.<\/p>\n","protected":false},"author":47,"featured_media":93017,"parent":30757,"menu_order":0,"comment_status":"closed","ping_status":"closed","template":"","meta":{"_acf_changed":false,"footnotes":"","_links_to":"","_links_to_target":""},"categories":[],"class_list":["post-101725","page","type-page","status-publish","has-post-thumbnail","hentry"],"acf":[],"yoast_head":"<!-- This site is optimized with the Yoast SEO Premium plugin v26.6 (Yoast SEO v27.0) - https:\/\/yoast.com\/product\/yoast-seo-premium-wordpress\/ -->\n<title>Dan Deng | Assent<\/title>\n<meta name=\"description\" content=\"Dan Deng est sp\u00e9cialis\u00e9 dans la conformit\u00e9 et la gouvernance des supply chains, avec un accent particulier sur l\u2019approvisionnement responsable. Il poss\u00e8de une vaste exp\u00e9rience dans la direction de programmes de conformit\u00e9, notamment dans la gestion du reporting des minerais de conflit. Dan a supervis\u00e9 le d\u00e9veloppement complet de programmes d\u2019approvisionnement responsable en minerais, ainsi que de strat\u00e9gies d\u2019implication des fournisseurs et d\u2019att\u00e9nuation des risques dans des supply chains mondiales. Il apporte une expertise en gestion des risques r\u00e9glementaires, en diligence requise des fournisseurs et en strat\u00e9gies d\u2019approvisionnement \u00e9thique. Il est titulaire d\u2019un MBA de l\u2019Universit\u00e9 de Californie \u00e0 San Diego \u2013 Rady School of Management, et il se passionne pour l\u2019accompagnement des entreprises dans la construction de supply chains transparentes, r\u00e9silientes et pr\u00eates \u00e0 satisfaire aux exigences r\u00e9glementaires.\" \/>\n<meta name=\"robots\" content=\"index, follow, max-snippet:-1, max-image-preview:large, max-video-preview:-1\" \/>\n<link rel=\"canonical\" href=\"https:\/\/www.assent.com\/fr\/entreprise\/equipe-direction\/dan-deng\/\" \/>\n<meta property=\"og:locale\" content=\"fr_FR\" \/>\n<meta property=\"og:type\" content=\"article\" \/>\n<meta property=\"og:title\" content=\"Dan Deng\" \/>\n<meta property=\"og:description\" content=\"Dan Deng est sp\u00e9cialis\u00e9 dans la conformit\u00e9 et la gouvernance des supply chains, avec un accent particulier sur l\u2019approvisionnement responsable. Il poss\u00e8de une vaste exp\u00e9rience dans la direction de programmes de conformit\u00e9, notamment dans la gestion du reporting des minerais de conflit. Dan a supervis\u00e9 le d\u00e9veloppement complet de programmes d\u2019approvisionnement responsable en minerais, ainsi que de strat\u00e9gies d\u2019implication des fournisseurs et d\u2019att\u00e9nuation des risques dans des supply chains mondiales. Il apporte une expertise en gestion des risques r\u00e9glementaires, en diligence requise des fournisseurs et en strat\u00e9gies d\u2019approvisionnement \u00e9thique. Il est titulaire d\u2019un MBA de l\u2019Universit\u00e9 de Californie \u00e0 San Diego \u2013 Rady School of Management, et il se passionne pour l\u2019accompagnement des entreprises dans la construction de supply chains transparentes, r\u00e9silientes et pr\u00eates \u00e0 satisfaire aux exigences r\u00e9glementaires.\" \/>\n<meta property=\"og:url\" content=\"https:\/\/www.assent.com\/fr\/entreprise\/equipe-direction\/dan-deng\/\" \/>\n<meta property=\"og:site_name\" content=\"Assent\" \/>\n<meta property=\"article:publisher\" content=\"https:\/\/www.facebook.com\/AssentCompliance\/\" \/>\n<meta property=\"article:modified_time\" content=\"2025-10-10T17:45:54+00:00\" \/>\n<meta property=\"og:image\" content=\"https:\/\/www.assent.com\/wp-content\/uploads\/2025\/07\/Dan-Headshot.jpg\" \/>\n\t<meta property=\"og:image:width\" content=\"480\" \/>\n\t<meta property=\"og:image:height\" content=\"720\" \/>\n\t<meta property=\"og:image:type\" content=\"image\/png\" \/>\n<meta name=\"twitter:card\" content=\"summary_large_image\" \/>\n<meta name=\"twitter:site\" content=\"@AssentGlobal\" \/>\n<script type=\"application\/ld+json\" class=\"yoast-schema-graph\">{\"@context\":\"https:\/\/schema.org\",\"@graph\":[{\"@type\":\"WebPage\",\"@id\":\"https:\/\/www.assent.com\/fr\/entreprise\/equipe-direction\/dan-deng\/\",\"url\":\"https:\/\/www.assent.com\/fr\/entreprise\/equipe-direction\/dan-deng\/\",\"name\":\"Dan Deng | Assent\",\"isPartOf\":{\"@id\":\"https:\/\/www.assent.com\/fr\/#website\"},\"primaryImageOfPage\":{\"@id\":\"https:\/\/www.assent.com\/fr\/entreprise\/equipe-direction\/dan-deng\/#primaryimage\"},\"image\":{\"@id\":\"https:\/\/www.assent.com\/fr\/entreprise\/equipe-direction\/dan-deng\/#primaryimage\"},\"thumbnailUrl\":\"https:\/\/www.assent.com\/wp-content\/uploads\/2025\/07\/Dan-Headshot.jpg\",\"datePublished\":\"2025-07-10T20:49:50+00:00\",\"dateModified\":\"2025-10-10T17:45:54+00:00\",\"description\":\"Dan Deng est sp\u00e9cialis\u00e9 dans la conformit\u00e9 et la gouvernance des supply chains, avec un accent particulier sur l\u2019approvisionnement responsable. Il poss\u00e8de une vaste exp\u00e9rience dans la direction de programmes de conformit\u00e9, notamment dans la gestion du reporting des minerais de conflit. Dan a supervis\u00e9 le d\u00e9veloppement complet de programmes d\u2019approvisionnement responsable en minerais, ainsi que de strat\u00e9gies d\u2019implication des fournisseurs et d\u2019att\u00e9nuation des risques dans des supply chains mondiales. Il apporte une expertise en gestion des risques r\u00e9glementaires, en diligence requise des fournisseurs et en strat\u00e9gies d\u2019approvisionnement \u00e9thique. Il est titulaire d\u2019un MBA de l\u2019Universit\u00e9 de Californie \u00e0 San Diego \u2013 Rady School of Management, et il se passionne pour l\u2019accompagnement des entreprises dans la construction de supply chains transparentes, r\u00e9silientes et pr\u00eates \u00e0 satisfaire aux exigences r\u00e9glementaires.\",\"breadcrumb\":{\"@id\":\"https:\/\/www.assent.com\/fr\/entreprise\/equipe-direction\/dan-deng\/#breadcrumb\"},\"inLanguage\":\"fr-FR\",\"potentialAction\":[{\"@type\":\"ReadAction\",\"target\":[\"https:\/\/www.assent.com\/fr\/entreprise\/equipe-direction\/dan-deng\/\"]}]},{\"@type\":\"ImageObject\",\"inLanguage\":\"fr-FR\",\"@id\":\"https:\/\/www.assent.com\/fr\/entreprise\/equipe-direction\/dan-deng\/#primaryimage\",\"url\":\"https:\/\/www.assent.com\/wp-content\/uploads\/2025\/07\/Dan-Headshot.jpg\",\"contentUrl\":\"https:\/\/www.assent.com\/wp-content\/uploads\/2025\/07\/Dan-Headshot.jpg\",\"width\":480,\"height\":720,\"caption\":\"Dan Deng\"},{\"@type\":\"BreadcrumbList\",\"@id\":\"https:\/\/www.assent.com\/fr\/entreprise\/equipe-direction\/dan-deng\/#breadcrumb\",\"itemListElement\":[{\"@type\":\"ListItem\",\"position\":1,\"name\":\"Home\",\"item\":\"https:\/\/www.assent.com\/fr\/\"},{\"@type\":\"ListItem\",\"position\":2,\"name\":\"Entreprise\",\"item\":\"https:\/\/www.assent.com\/fr\/entreprise\/\"},{\"@type\":\"ListItem\",\"position\":3,\"name\":\"\u00c9quipe de direction\",\"item\":\"https:\/\/www.assent.com\/fr\/entreprise\/equipe-direction\/\"},{\"@type\":\"ListItem\",\"position\":4,\"name\":\"Dan Deng\"}]},{\"@type\":\"WebSite\",\"@id\":\"https:\/\/www.assent.com\/fr\/#website\",\"url\":\"https:\/\/www.assent.com\/fr\/\",\"name\":\"Assent\",\"description\":\"\",\"publisher\":{\"@id\":\"https:\/\/www.assent.com\/fr\/#organization\"},\"potentialAction\":[{\"@type\":\"SearchAction\",\"target\":{\"@type\":\"EntryPoint\",\"urlTemplate\":\"https:\/\/www.assent.com\/fr\/?s={search_term_string}\"},\"query-input\":{\"@type\":\"PropertyValueSpecification\",\"valueRequired\":true,\"valueName\":\"search_term_string\"}}],\"inLanguage\":\"fr-FR\"},{\"@type\":\"Organization\",\"@id\":\"https:\/\/www.assent.com\/fr\/#organization\",\"name\":\"Assent\",\"url\":\"https:\/\/www.assent.com\/fr\/\",\"logo\":{\"@type\":\"ImageObject\",\"inLanguage\":\"fr-FR\",\"@id\":\"https:\/\/www.assent.com\/fr\/#\/schema\/logo\/image\/\",\"url\":\"https:\/\/www.assent.com\/wp-content\/uploads\/2022\/01\/logo.svg\",\"contentUrl\":\"https:\/\/www.assent.com\/wp-content\/uploads\/2022\/01\/logo.svg\",\"width\":1,\"height\":1,\"caption\":\"Assent\"},\"image\":{\"@id\":\"https:\/\/www.assent.com\/fr\/#\/schema\/logo\/image\/\"},\"sameAs\":[\"https:\/\/www.facebook.com\/AssentCompliance\/\",\"https:\/\/x.com\/AssentGlobal\",\"https:\/\/www.linkedin.com\/company\/assent-compliance-inc\"]}]}<\/script>\n<!-- \/ Yoast SEO Premium plugin. -->","yoast_head_json":{"title":"Dan Deng | Assent","description":"Dan Deng est sp\u00e9cialis\u00e9 dans la conformit\u00e9 et la gouvernance des supply chains, avec un accent particulier sur l\u2019approvisionnement responsable. Il poss\u00e8de une vaste exp\u00e9rience dans la direction de programmes de conformit\u00e9, notamment dans la gestion du reporting des minerais de conflit. Dan a supervis\u00e9 le d\u00e9veloppement complet de programmes d\u2019approvisionnement responsable en minerais, ainsi que de strat\u00e9gies d\u2019implication des fournisseurs et d\u2019att\u00e9nuation des risques dans des supply chains mondiales. Il apporte une expertise en gestion des risques r\u00e9glementaires, en diligence requise des fournisseurs et en strat\u00e9gies d\u2019approvisionnement \u00e9thique. Il est titulaire d\u2019un MBA de l\u2019Universit\u00e9 de Californie \u00e0 San Diego \u2013 Rady School of Management, et il se passionne pour l\u2019accompagnement des entreprises dans la construction de supply chains transparentes, r\u00e9silientes et pr\u00eates \u00e0 satisfaire aux exigences r\u00e9glementaires.","robots":{"index":"index","follow":"follow","max-snippet":"max-snippet:-1","max-image-preview":"max-image-preview:large","max-video-preview":"max-video-preview:-1"},"canonical":"https:\/\/www.assent.com\/fr\/entreprise\/equipe-direction\/dan-deng\/","og_locale":"fr_FR","og_type":"article","og_title":"Dan Deng","og_description":"Dan Deng est sp\u00e9cialis\u00e9 dans la conformit\u00e9 et la gouvernance des supply chains, avec un accent particulier sur l\u2019approvisionnement responsable. Il poss\u00e8de une vaste exp\u00e9rience dans la direction de programmes de conformit\u00e9, notamment dans la gestion du reporting des minerais de conflit. Dan a supervis\u00e9 le d\u00e9veloppement complet de programmes d\u2019approvisionnement responsable en minerais, ainsi que de strat\u00e9gies d\u2019implication des fournisseurs et d\u2019att\u00e9nuation des risques dans des supply chains mondiales. Il apporte une expertise en gestion des risques r\u00e9glementaires, en diligence requise des fournisseurs et en strat\u00e9gies d\u2019approvisionnement \u00e9thique. Il est titulaire d\u2019un MBA de l\u2019Universit\u00e9 de Californie \u00e0 San Diego \u2013 Rady School of Management, et il se passionne pour l\u2019accompagnement des entreprises dans la construction de supply chains transparentes, r\u00e9silientes et pr\u00eates \u00e0 satisfaire aux exigences r\u00e9glementaires.","og_url":"https:\/\/www.assent.com\/fr\/entreprise\/equipe-direction\/dan-deng\/","og_site_name":"Assent","article_publisher":"https:\/\/www.facebook.com\/AssentCompliance\/","article_modified_time":"2025-10-10T17:45:54+00:00","og_image":[{"width":480,"height":720,"url":"https:\/\/www.assent.com\/wp-content\/uploads\/2025\/07\/Dan-Headshot.jpg","type":"image\/png"}],"twitter_card":"summary_large_image","twitter_site":"@AssentGlobal","schema":{"@context":"https:\/\/schema.org","@graph":[{"@type":"WebPage","@id":"https:\/\/www.assent.com\/fr\/entreprise\/equipe-direction\/dan-deng\/","url":"https:\/\/www.assent.com\/fr\/entreprise\/equipe-direction\/dan-deng\/","name":"Dan Deng | Assent","isPartOf":{"@id":"https:\/\/www.assent.com\/fr\/#website"},"primaryImageOfPage":{"@id":"https:\/\/www.assent.com\/fr\/entreprise\/equipe-direction\/dan-deng\/#primaryimage"},"image":{"@id":"https:\/\/www.assent.com\/fr\/entreprise\/equipe-direction\/dan-deng\/#primaryimage"},"thumbnailUrl":"https:\/\/www.assent.com\/wp-content\/uploads\/2025\/07\/Dan-Headshot.jpg","datePublished":"2025-07-10T20:49:50+00:00","dateModified":"2025-10-10T17:45:54+00:00","description":"Dan Deng est sp\u00e9cialis\u00e9 dans la conformit\u00e9 et la gouvernance des supply chains, avec un accent particulier sur l\u2019approvisionnement responsable. Il poss\u00e8de une vaste exp\u00e9rience dans la direction de programmes de conformit\u00e9, notamment dans la gestion du reporting des minerais de conflit. Dan a supervis\u00e9 le d\u00e9veloppement complet de programmes d\u2019approvisionnement responsable en minerais, ainsi que de strat\u00e9gies d\u2019implication des fournisseurs et d\u2019att\u00e9nuation des risques dans des supply chains mondiales. Il apporte une expertise en gestion des risques r\u00e9glementaires, en diligence requise des fournisseurs et en strat\u00e9gies d\u2019approvisionnement \u00e9thique. Il est titulaire d\u2019un MBA de l\u2019Universit\u00e9 de Californie \u00e0 San Diego \u2013 Rady School of Management, et il se passionne pour l\u2019accompagnement des entreprises dans la construction de supply chains transparentes, r\u00e9silientes et pr\u00eates \u00e0 satisfaire aux exigences r\u00e9glementaires.","breadcrumb":{"@id":"https:\/\/www.assent.com\/fr\/entreprise\/equipe-direction\/dan-deng\/#breadcrumb"},"inLanguage":"fr-FR","potentialAction":[{"@type":"ReadAction","target":["https:\/\/www.assent.com\/fr\/entreprise\/equipe-direction\/dan-deng\/"]}]},{"@type":"ImageObject","inLanguage":"fr-FR","@id":"https:\/\/www.assent.com\/fr\/entreprise\/equipe-direction\/dan-deng\/#primaryimage","url":"https:\/\/www.assent.com\/wp-content\/uploads\/2025\/07\/Dan-Headshot.jpg","contentUrl":"https:\/\/www.assent.com\/wp-content\/uploads\/2025\/07\/Dan-Headshot.jpg","width":480,"height":720,"caption":"Dan Deng"},{"@type":"BreadcrumbList","@id":"https:\/\/www.assent.com\/fr\/entreprise\/equipe-direction\/dan-deng\/#breadcrumb","itemListElement":[{"@type":"ListItem","position":1,"name":"Home","item":"https:\/\/www.assent.com\/fr\/"},{"@type":"ListItem","position":2,"name":"Entreprise","item":"https:\/\/www.assent.com\/fr\/entreprise\/"},{"@type":"ListItem","position":3,"name":"\u00c9quipe de direction","item":"https:\/\/www.assent.com\/fr\/entreprise\/equipe-direction\/"},{"@type":"ListItem","position":4,"name":"Dan Deng"}]},{"@type":"WebSite","@id":"https:\/\/www.assent.com\/fr\/#website","url":"https:\/\/www.assent.com\/fr\/","name":"Assent","description":"","publisher":{"@id":"https:\/\/www.assent.com\/fr\/#organization"},"potentialAction":[{"@type":"SearchAction","target":{"@type":"EntryPoint","urlTemplate":"https:\/\/www.assent.com\/fr\/?s={search_term_string}"},"query-input":{"@type":"PropertyValueSpecification","valueRequired":true,"valueName":"search_term_string"}}],"inLanguage":"fr-FR"},{"@type":"Organization","@id":"https:\/\/www.assent.com\/fr\/#organization","name":"Assent","url":"https:\/\/www.assent.com\/fr\/","logo":{"@type":"ImageObject","inLanguage":"fr-FR","@id":"https:\/\/www.assent.com\/fr\/#\/schema\/logo\/image\/","url":"https:\/\/www.assent.com\/wp-content\/uploads\/2022\/01\/logo.svg","contentUrl":"https:\/\/www.assent.com\/wp-content\/uploads\/2022\/01\/logo.svg","width":1,"height":1,"caption":"Assent"},"image":{"@id":"https:\/\/www.assent.com\/fr\/#\/schema\/logo\/image\/"},"sameAs":["https:\/\/www.facebook.com\/AssentCompliance\/","https:\/\/x.com\/AssentGlobal","https:\/\/www.linkedin.com\/company\/assent-compliance-inc"]}]}},"_links":{"self":[{"href":"https:\/\/www.assent.com\/fr\/wp-json\/wp\/v2\/pages\/101725","targetHints":{"allow":["GET"]}}],"collection":[{"href":"https:\/\/www.assent.com\/fr\/wp-json\/wp\/v2\/pages"}],"about":[{"href":"https:\/\/www.assent.com\/fr\/wp-json\/wp\/v2\/types\/page"}],"author":[{"embeddable":true,"href":"https:\/\/www.assent.com\/fr\/wp-json\/wp\/v2\/users\/47"}],"replies":[{"embeddable":true,"href":"https:\/\/www.assent.com\/fr\/wp-json\/wp\/v2\/comments?post=101725"}],"version-history":[{"count":3,"href":"https:\/\/www.assent.com\/fr\/wp-json\/wp\/v2\/pages\/101725\/revisions"}],"predecessor-version":[{"id":101735,"href":"https:\/\/www.assent.com\/fr\/wp-json\/wp\/v2\/pages\/101725\/revisions\/101735"}],"up":[{"embeddable":true,"href":"https:\/\/www.assent.com\/fr\/wp-json\/wp\/v2\/pages\/30757"}],"wp:featuredmedia":[{"embeddable":true,"href":"https:\/\/www.assent.com\/fr\/wp-json\/wp\/v2\/media\/93017"}],"wp:attachment":[{"href":"https:\/\/www.assent.com\/fr\/wp-json\/wp\/v2\/media?parent=101725"}],"wp:term":[{"taxonomy":"category","embeddable":true,"href":"https:\/\/www.assent.com\/fr\/wp-json\/wp\/v2\/categories?post=101725"}],"curies":[{"name":"wp","href":"https:\/\/api.w.org\/{rel}","templated":true}]}}