{"id":91744,"date":"2025-05-27T14:39:50","date_gmt":"2025-05-27T18:39:50","guid":{"rendered":"https:\/\/www.assent.com\/?page_id=91744"},"modified":"2025-07-22T17:46:11","modified_gmt":"2025-07-22T21:46:11","slug":"michael-southworth","status":"publish","type":"page","link":"https:\/\/www.assent.com\/de\/unternehmen\/fuehrungsteam\/michael-southworth\/","title":{"rendered":"Michael Southworth"},"content":{"rendered":"\n<section  class=\"team-bio-hero\">\n    <div class=\"team-bio-hero__wrapper\">\n    <div class=\"container\">\n        <div class=\"team-bio-hero__left\">\n            <div class=\"breadcrumbs\">\n                <ul>\n                                    <\/ul>\n            <\/div>\n            <div class=\"team-bio-hero__content\">\n                <div class=\"team-bio-hero__header\">\n                                            <h1 class=\"team-bio-hero__name\">\n                            Michael Southworth                        <\/h1>\n                    \n                                            <div>\n                            <a href=\"https:\/\/www.linkedin.com\/in\/michael-southworth-627408\/\" target=\"_blank\" rel=\"noopener noreferrer\" class=\"team-bio-hero__linkedin\">\n                                <svg xmlns=\"http:\/\/www.w3.org\/2000\/svg\" width=\"24\" height=\"24\" viewBox=\"0 0 24 24\" fill=\"none\">\n                                    <path d=\"M22.2283 0H1.77167C1.30179 0 0.851161 0.186657 0.518909 0.518909C0.186657 0.851161 0 1.30179 0 1.77167V22.2283C0 22.6982 0.186657 23.1488 0.518909 23.4811C0.851161 23.8133 1.30179 24 1.77167 24H22.2283C22.6982 24 23.1488 23.8133 23.4811 23.4811C23.8133 23.1488 24 22.6982 24 22.2283V1.77167C24 1.30179 23.8133 0.851161 23.4811 0.518909C23.1488 0.186657 22.6982 0 22.2283 0ZM7.15333 20.445H3.545V8.98333H7.15333V20.445ZM5.34667 7.395C4.93736 7.3927 4.53792 7.2692 4.19873 7.04009C3.85955 6.81098 3.59584 6.48653 3.44088 6.10769C3.28591 5.72885 3.24665 5.31259 3.32803 4.91145C3.40941 4.51032 3.6078 4.14228 3.89816 3.85378C4.18851 3.56529 4.55782 3.36927 4.95947 3.29046C5.36112 3.21165 5.77711 3.25359 6.15495 3.41099C6.53279 3.56838 6.85554 3.83417 7.08247 4.17481C7.30939 4.51546 7.43032 4.91569 7.43 5.325C7.43386 5.59903 7.38251 5.87104 7.27901 6.1248C7.17551 6.37857 7.02198 6.6089 6.82757 6.80207C6.63316 6.99523 6.40185 7.14728 6.14742 7.24915C5.893 7.35102 5.62067 7.40062 5.34667 7.395ZM20.4533 20.455H16.8467V14.1933C16.8467 12.3467 16.0617 11.7767 15.0483 11.7767C13.9783 11.7767 12.9283 12.5833 12.9283 14.24V20.455H9.32V8.99167H12.79V10.58H12.8367C13.185 9.875 14.405 8.67 16.2667 8.67C18.28 8.67 20.455 9.865 20.455 13.365L20.4533 20.455Z\" fill=\"currentColor\"\/>\n                                <\/svg>\n                            <\/a>\n                        <\/div>\n                                    <\/div>\n\n                                    <p class=\"team-bio-hero__title\">\n                        Chief Executive Officer                    <\/p>\n                            <\/div>\n        <\/div>\n        <div>\n            <img decoding=\"async\" src=\"https:\/\/www.assent.com\/wp-content\/uploads\/2025\/07\/Michael-Southworth_large.webp\" alt=\"Michael Southworth\" width=\"528\" height=\"574\">\n        <\/div>\n    <\/div>\n\n<\/div><\/section>\n\n\n\n\n<div style=\"height:42px\" aria-hidden=\"true\" class=\"wp-block-spacer\"><\/div>\n\n\n\r\n<!-- WYSIWYG -->\r\n        <section class=\"wysiwyg-section\">\r\n            <div class=\"container\"><p>Michael Southworth lebt f\u00fcr die Innovation. In seiner Karriere zeigt er unerm\u00fcdliches Engagement f\u00fcr Business Transformation, Teamentwicklung und Stakeholder Value. Als CEO von Assent bringt er mehr als 20\u00a0Jahre Erfahrung bei Technologieunternehmen ein, um damit das rapide Wachstum von Assent zu unterst\u00fctzen, eine leistungsorientierte Unternehmenskultur zu st\u00e4rken und ein internationales Team aus Supply-Chain-Experten aufzubauen.<\/p>\n<p>Bevor Michael zu Assent kam, war er CEO bei Babel Street, einem branchenf\u00fchrenden Unternehmen im Bereich KI-gest\u00fctzter Datenanalyse. Zudem hatte er F\u00fchrungspositionen bei verschiedenen erfolgreichen Technologieunternehmen inne. Als Vorsitzender von Transflo f\u00fchrte er ein digitales Transformationsprojekt durch, welches das Wachstum des Unternehmens im Bereich Transporttechnologie angetrieben hat. Als stellvertretender Vorsitzender und Gesch\u00e4ftsf\u00fchrer bei Verint Systems stand er der Gesch\u00e4ftseinheit vor, die L\u00f6sungen f\u00fcr dialogorientierte KI und moderne Analytik entwickelte.<\/p>\n<p>Seine Expertise hat er als Vorstandsmitglied auch in die gemeinn\u00fctzige Organisation Quality of Life Plus Program einflie\u00dfen lassen, die sich f\u00fcr versehrte Veteranen und Rettungskr\u00e4fte in den USA einsetzt.<\/p>\n<p><a href=\"mailto:Michael.Southworth@assent.com\">Schreiben Sie Michael eine E-Mail<\/a><\/p>\n<\/div>    \r\n        <\/section>\n\n\n<div style=\"height:84px\" aria-hidden=\"true\" class=\"wp-block-spacer\"><\/div>\n","protected":false},"excerpt":{"rendered":"<p>Michael Southworth lebt f\u00fcr die Innovation. In seiner Karriere zeigt er unerm\u00fcdliches Engagement f\u00fcr Business Transformation, Teamentwicklung und Stakeholder Value. Als CEO von Assent bringt er mehr als 20\u00a0Jahre Erfahrung bei Technologieunternehmen ein, um damit das rapide Wachstum von Assent zu unterst\u00fctzen, eine leistungsorientierte Unternehmenskultur zu st\u00e4rken und ein internationales Team aus Supply-Chain-Experten aufzubauen.<\/p>\n","protected":false},"author":47,"featured_media":91470,"parent":29528,"menu_order":0,"comment_status":"closed","ping_status":"closed","template":"","meta":{"_acf_changed":false,"footnotes":"","_links_to":"","_links_to_target":""},"categories":[],"class_list":["post-91744","page","type-page","status-publish","has-post-thumbnail","hentry"],"acf":[],"yoast_head":"<!-- This site is optimized with the Yoast SEO Premium plugin v26.6 (Yoast SEO v27.0) - https:\/\/yoast.com\/product\/yoast-seo-premium-wordpress\/ -->\n<title>Michael Southworth - DE | Assent<\/title>\n<meta name=\"description\" content=\"Michael Southworth lebt f\u00fcr die Innovation. In seiner Karriere zeigt er unerm\u00fcdliches Engagement f\u00fcr Business Transformation, Teamentwicklung und Stakeholder Value. Als CEO von Assent bringt er mehr als 20\u00a0Jahre Erfahrung bei Technologieunternehmen ein, um damit das rapide Wachstum von Assent zu unterst\u00fctzen, eine leistungsorientierte Unternehmenskultur zu st\u00e4rken und ein internationales Team aus Supply-Chain-Experten aufzubauen.\" \/>\n<meta name=\"robots\" content=\"index, follow, max-snippet:-1, max-image-preview:large, max-video-preview:-1\" \/>\n<link rel=\"canonical\" href=\"https:\/\/www.assent.com\/de\/unternehmen\/fuehrungsteam\/michael-southworth\/\" \/>\n<meta property=\"og:locale\" content=\"de_DE\" \/>\n<meta property=\"og:type\" content=\"article\" \/>\n<meta property=\"og:title\" content=\"Michael Southworth\" \/>\n<meta property=\"og:description\" content=\"Michael Southworth lebt f\u00fcr die Innovation. In seiner Karriere zeigt er unerm\u00fcdliches Engagement f\u00fcr Business Transformation, Teamentwicklung und Stakeholder Value. Als CEO von Assent bringt er mehr als 20\u00a0Jahre Erfahrung bei Technologieunternehmen ein, um damit das rapide Wachstum von Assent zu unterst\u00fctzen, eine leistungsorientierte Unternehmenskultur zu st\u00e4rken und ein internationales Team aus Supply-Chain-Experten aufzubauen.\" \/>\n<meta property=\"og:url\" content=\"https:\/\/www.assent.com\/de\/unternehmen\/fuehrungsteam\/michael-southworth\/\" \/>\n<meta property=\"og:site_name\" content=\"Assent\" \/>\n<meta property=\"article:publisher\" content=\"https:\/\/www.facebook.com\/AssentCompliance\/\" \/>\n<meta property=\"article:modified_time\" content=\"2025-07-22T21:46:11+00:00\" \/>\n<meta property=\"og:image\" content=\"https:\/\/www.assent.com\/wp-content\/uploads\/2025\/05\/Michael_Southworth-Headshot-250530.jpg\" \/>\n\t<meta property=\"og:image:width\" content=\"800\" \/>\n\t<meta property=\"og:image:height\" content=\"800\" \/>\n\t<meta property=\"og:image:type\" content=\"image\/jpeg\" \/>\n<meta name=\"twitter:card\" content=\"summary_large_image\" \/>\n<meta name=\"twitter:site\" content=\"@AssentGlobal\" \/>\n<script type=\"application\/ld+json\" class=\"yoast-schema-graph\">{\"@context\":\"https:\/\/schema.org\",\"@graph\":[{\"@type\":\"WebPage\",\"@id\":\"https:\/\/www.assent.com\/de\/unternehmen\/fuehrungsteam\/michael-southworth\/\",\"url\":\"https:\/\/www.assent.com\/de\/unternehmen\/fuehrungsteam\/michael-southworth\/\",\"name\":\"Michael Southworth - DE | Assent\",\"isPartOf\":{\"@id\":\"https:\/\/www.assent.com\/de\/#website\"},\"primaryImageOfPage\":{\"@id\":\"https:\/\/www.assent.com\/de\/unternehmen\/fuehrungsteam\/michael-southworth\/#primaryimage\"},\"image\":{\"@id\":\"https:\/\/www.assent.com\/de\/unternehmen\/fuehrungsteam\/michael-southworth\/#primaryimage\"},\"thumbnailUrl\":\"https:\/\/www.assent.com\/wp-content\/uploads\/2025\/05\/Michael_Southworth-Headshot-250530.jpg\",\"datePublished\":\"2025-05-27T18:39:50+00:00\",\"dateModified\":\"2025-07-22T21:46:11+00:00\",\"description\":\"Michael Southworth lebt f\u00fcr die Innovation. In seiner Karriere zeigt er unerm\u00fcdliches Engagement f\u00fcr Business Transformation, Teamentwicklung und Stakeholder Value. Als CEO von Assent bringt er mehr als 20\u00a0Jahre Erfahrung bei Technologieunternehmen ein, um damit das rapide Wachstum von Assent zu unterst\u00fctzen, eine leistungsorientierte Unternehmenskultur zu st\u00e4rken und ein internationales Team aus Supply-Chain-Experten aufzubauen.\",\"breadcrumb\":{\"@id\":\"https:\/\/www.assent.com\/de\/unternehmen\/fuehrungsteam\/michael-southworth\/#breadcrumb\"},\"inLanguage\":\"de\",\"potentialAction\":[{\"@type\":\"ReadAction\",\"target\":[\"https:\/\/www.assent.com\/de\/unternehmen\/fuehrungsteam\/michael-southworth\/\"]}]},{\"@type\":\"ImageObject\",\"inLanguage\":\"de\",\"@id\":\"https:\/\/www.assent.com\/de\/unternehmen\/fuehrungsteam\/michael-southworth\/#primaryimage\",\"url\":\"https:\/\/www.assent.com\/wp-content\/uploads\/2025\/05\/Michael_Southworth-Headshot-250530.jpg\",\"contentUrl\":\"https:\/\/www.assent.com\/wp-content\/uploads\/2025\/05\/Michael_Southworth-Headshot-250530.jpg\",\"width\":800,\"height\":800,\"caption\":\"Michael Southworth\"},{\"@type\":\"BreadcrumbList\",\"@id\":\"https:\/\/www.assent.com\/de\/unternehmen\/fuehrungsteam\/michael-southworth\/#breadcrumb\",\"itemListElement\":[{\"@type\":\"ListItem\",\"position\":1,\"name\":\"Home\",\"item\":\"https:\/\/www.assent.com\/de\/\"},{\"@type\":\"ListItem\",\"position\":2,\"name\":\"Unternehmen\",\"item\":\"https:\/\/www.assent.com\/de\/unternehmen\/\"},{\"@type\":\"ListItem\",\"position\":3,\"name\":\"F\u00fchrungsteam\",\"item\":\"https:\/\/www.assent.com\/de\/unternehmen\/fuehrungsteam\/\"},{\"@type\":\"ListItem\",\"position\":4,\"name\":\"Michael Southworth\"}]},{\"@type\":\"WebSite\",\"@id\":\"https:\/\/www.assent.com\/de\/#website\",\"url\":\"https:\/\/www.assent.com\/de\/\",\"name\":\"Assent\",\"description\":\"\",\"publisher\":{\"@id\":\"https:\/\/www.assent.com\/de\/#organization\"},\"potentialAction\":[{\"@type\":\"SearchAction\",\"target\":{\"@type\":\"EntryPoint\",\"urlTemplate\":\"https:\/\/www.assent.com\/de\/?s={search_term_string}\"},\"query-input\":{\"@type\":\"PropertyValueSpecification\",\"valueRequired\":true,\"valueName\":\"search_term_string\"}}],\"inLanguage\":\"de\"},{\"@type\":\"Organization\",\"@id\":\"https:\/\/www.assent.com\/de\/#organization\",\"name\":\"Assent\",\"url\":\"https:\/\/www.assent.com\/de\/\",\"logo\":{\"@type\":\"ImageObject\",\"inLanguage\":\"de\",\"@id\":\"https:\/\/www.assent.com\/de\/#\/schema\/logo\/image\/\",\"url\":\"https:\/\/www.assent.com\/wp-content\/uploads\/2022\/01\/logo.svg\",\"contentUrl\":\"https:\/\/www.assent.com\/wp-content\/uploads\/2022\/01\/logo.svg\",\"width\":1,\"height\":1,\"caption\":\"Assent\"},\"image\":{\"@id\":\"https:\/\/www.assent.com\/de\/#\/schema\/logo\/image\/\"},\"sameAs\":[\"https:\/\/www.facebook.com\/AssentCompliance\/\",\"https:\/\/x.com\/AssentGlobal\",\"https:\/\/www.linkedin.com\/company\/assent-compliance-inc\"]}]}<\/script>\n<!-- \/ Yoast SEO Premium plugin. -->","yoast_head_json":{"title":"Michael Southworth - DE | Assent","description":"Michael Southworth lebt f\u00fcr die Innovation. In seiner Karriere zeigt er unerm\u00fcdliches Engagement f\u00fcr Business Transformation, Teamentwicklung und Stakeholder Value. Als CEO von Assent bringt er mehr als 20\u00a0Jahre Erfahrung bei Technologieunternehmen ein, um damit das rapide Wachstum von Assent zu unterst\u00fctzen, eine leistungsorientierte Unternehmenskultur zu st\u00e4rken und ein internationales Team aus Supply-Chain-Experten aufzubauen.","robots":{"index":"index","follow":"follow","max-snippet":"max-snippet:-1","max-image-preview":"max-image-preview:large","max-video-preview":"max-video-preview:-1"},"canonical":"https:\/\/www.assent.com\/de\/unternehmen\/fuehrungsteam\/michael-southworth\/","og_locale":"de_DE","og_type":"article","og_title":"Michael Southworth","og_description":"Michael Southworth lebt f\u00fcr die Innovation. In seiner Karriere zeigt er unerm\u00fcdliches Engagement f\u00fcr Business Transformation, Teamentwicklung und Stakeholder Value. Als CEO von Assent bringt er mehr als 20\u00a0Jahre Erfahrung bei Technologieunternehmen ein, um damit das rapide Wachstum von Assent zu unterst\u00fctzen, eine leistungsorientierte Unternehmenskultur zu st\u00e4rken und ein internationales Team aus Supply-Chain-Experten aufzubauen.","og_url":"https:\/\/www.assent.com\/de\/unternehmen\/fuehrungsteam\/michael-southworth\/","og_site_name":"Assent","article_publisher":"https:\/\/www.facebook.com\/AssentCompliance\/","article_modified_time":"2025-07-22T21:46:11+00:00","og_image":[{"width":800,"height":800,"url":"https:\/\/www.assent.com\/wp-content\/uploads\/2025\/05\/Michael_Southworth-Headshot-250530.jpg","type":"image\/jpeg"}],"twitter_card":"summary_large_image","twitter_site":"@AssentGlobal","schema":{"@context":"https:\/\/schema.org","@graph":[{"@type":"WebPage","@id":"https:\/\/www.assent.com\/de\/unternehmen\/fuehrungsteam\/michael-southworth\/","url":"https:\/\/www.assent.com\/de\/unternehmen\/fuehrungsteam\/michael-southworth\/","name":"Michael Southworth - DE | Assent","isPartOf":{"@id":"https:\/\/www.assent.com\/de\/#website"},"primaryImageOfPage":{"@id":"https:\/\/www.assent.com\/de\/unternehmen\/fuehrungsteam\/michael-southworth\/#primaryimage"},"image":{"@id":"https:\/\/www.assent.com\/de\/unternehmen\/fuehrungsteam\/michael-southworth\/#primaryimage"},"thumbnailUrl":"https:\/\/www.assent.com\/wp-content\/uploads\/2025\/05\/Michael_Southworth-Headshot-250530.jpg","datePublished":"2025-05-27T18:39:50+00:00","dateModified":"2025-07-22T21:46:11+00:00","description":"Michael Southworth lebt f\u00fcr die Innovation. In seiner Karriere zeigt er unerm\u00fcdliches Engagement f\u00fcr Business Transformation, Teamentwicklung und Stakeholder Value. Als CEO von Assent bringt er mehr als 20\u00a0Jahre Erfahrung bei Technologieunternehmen ein, um damit das rapide Wachstum von Assent zu unterst\u00fctzen, eine leistungsorientierte Unternehmenskultur zu st\u00e4rken und ein internationales Team aus Supply-Chain-Experten aufzubauen.","breadcrumb":{"@id":"https:\/\/www.assent.com\/de\/unternehmen\/fuehrungsteam\/michael-southworth\/#breadcrumb"},"inLanguage":"de","potentialAction":[{"@type":"ReadAction","target":["https:\/\/www.assent.com\/de\/unternehmen\/fuehrungsteam\/michael-southworth\/"]}]},{"@type":"ImageObject","inLanguage":"de","@id":"https:\/\/www.assent.com\/de\/unternehmen\/fuehrungsteam\/michael-southworth\/#primaryimage","url":"https:\/\/www.assent.com\/wp-content\/uploads\/2025\/05\/Michael_Southworth-Headshot-250530.jpg","contentUrl":"https:\/\/www.assent.com\/wp-content\/uploads\/2025\/05\/Michael_Southworth-Headshot-250530.jpg","width":800,"height":800,"caption":"Michael Southworth"},{"@type":"BreadcrumbList","@id":"https:\/\/www.assent.com\/de\/unternehmen\/fuehrungsteam\/michael-southworth\/#breadcrumb","itemListElement":[{"@type":"ListItem","position":1,"name":"Home","item":"https:\/\/www.assent.com\/de\/"},{"@type":"ListItem","position":2,"name":"Unternehmen","item":"https:\/\/www.assent.com\/de\/unternehmen\/"},{"@type":"ListItem","position":3,"name":"F\u00fchrungsteam","item":"https:\/\/www.assent.com\/de\/unternehmen\/fuehrungsteam\/"},{"@type":"ListItem","position":4,"name":"Michael Southworth"}]},{"@type":"WebSite","@id":"https:\/\/www.assent.com\/de\/#website","url":"https:\/\/www.assent.com\/de\/","name":"Assent","description":"","publisher":{"@id":"https:\/\/www.assent.com\/de\/#organization"},"potentialAction":[{"@type":"SearchAction","target":{"@type":"EntryPoint","urlTemplate":"https:\/\/www.assent.com\/de\/?s={search_term_string}"},"query-input":{"@type":"PropertyValueSpecification","valueRequired":true,"valueName":"search_term_string"}}],"inLanguage":"de"},{"@type":"Organization","@id":"https:\/\/www.assent.com\/de\/#organization","name":"Assent","url":"https:\/\/www.assent.com\/de\/","logo":{"@type":"ImageObject","inLanguage":"de","@id":"https:\/\/www.assent.com\/de\/#\/schema\/logo\/image\/","url":"https:\/\/www.assent.com\/wp-content\/uploads\/2022\/01\/logo.svg","contentUrl":"https:\/\/www.assent.com\/wp-content\/uploads\/2022\/01\/logo.svg","width":1,"height":1,"caption":"Assent"},"image":{"@id":"https:\/\/www.assent.com\/de\/#\/schema\/logo\/image\/"},"sameAs":["https:\/\/www.facebook.com\/AssentCompliance\/","https:\/\/x.com\/AssentGlobal","https:\/\/www.linkedin.com\/company\/assent-compliance-inc"]}]}},"_links":{"self":[{"href":"https:\/\/www.assent.com\/de\/wp-json\/wp\/v2\/pages\/91744","targetHints":{"allow":["GET"]}}],"collection":[{"href":"https:\/\/www.assent.com\/de\/wp-json\/wp\/v2\/pages"}],"about":[{"href":"https:\/\/www.assent.com\/de\/wp-json\/wp\/v2\/types\/page"}],"author":[{"embeddable":true,"href":"https:\/\/www.assent.com\/de\/wp-json\/wp\/v2\/users\/47"}],"replies":[{"embeddable":true,"href":"https:\/\/www.assent.com\/de\/wp-json\/wp\/v2\/comments?post=91744"}],"version-history":[{"count":5,"href":"https:\/\/www.assent.com\/de\/wp-json\/wp\/v2\/pages\/91744\/revisions"}],"predecessor-version":[{"id":93699,"href":"https:\/\/www.assent.com\/de\/wp-json\/wp\/v2\/pages\/91744\/revisions\/93699"}],"up":[{"embeddable":true,"href":"https:\/\/www.assent.com\/de\/wp-json\/wp\/v2\/pages\/29528"}],"wp:featuredmedia":[{"embeddable":true,"href":"https:\/\/www.assent.com\/de\/wp-json\/wp\/v2\/media\/91470"}],"wp:attachment":[{"href":"https:\/\/www.assent.com\/de\/wp-json\/wp\/v2\/media?parent=91744"}],"wp:term":[{"taxonomy":"category","embeddable":true,"href":"https:\/\/www.assent.com\/de\/wp-json\/wp\/v2\/categories?post=91744"}],"curies":[{"name":"wp","href":"https:\/\/api.w.org\/{rel}","templated":true}]}}