{"id":78750,"date":"2024-10-24T04:51:41","date_gmt":"2024-10-24T08:51:41","guid":{"rendered":"https:\/\/www.assent.com\/?page_id=78750"},"modified":"2025-07-23T16:51:00","modified_gmt":"2025-07-23T20:51:00","slug":"roxy-swails","status":"publish","type":"page","link":"https:\/\/www.assent.com\/de\/funktionen\/expertise\/dr-roxy-swails\/","title":{"rendered":"Roxy Swails"},"content":{"rendered":"\n<div style=\"height:75px\" aria-hidden=\"true\" class=\"wp-block-spacer\"><\/div>\n\n\n\r\n<!-- WYSIWYG -->\r\n        <section class=\"wysiwyg-section\">\r\n            <div class=\"container\"><h1><b>Dr. Roxy Swails<\/b><\/h1>\n<h6>Senior Regulatory Expert<\/h6>\n<p><img decoding=\"async\" class=\"size-medium wp-image-43259 alignright\" src=\"https:\/\/www.assent.com\/wp-content\/uploads\/2024\/10\/Roxy-Swails-2024.jpg\" alt=\"\" width=\"300\" height=\"300\" \/><\/p>\n<p>Ihre praktische Erfahrung in der Leitung nachhaltiger Produktinitiativen und \u00fcber acht Jahre als Professorin f\u00fcr gr\u00fcne Chemie nutzt Roxy, um die Kunden von Assent dabei zu unterst\u00fctzen, ihre Compliance- und Nachhaltigkeitsprogramme zu verbessern. Sie ber\u00e4t Hersteller bei der Erf\u00fcllung von REACH, RoHS, der Proposition\u202f65 und TSCA. Als Expertin f\u00fcr globale Produktverantwortung und Nachhaltigkeit hat sie in ihrer Karriere Ma\u00dfnahmen zur Eliminierung von PFAS, Lebenszyklusanalysen und Risikomanagementprogramme geleitet. Roxy h\u00e4lt einen Doktortitel in metallorganischer Chemie der University of Florida.<\/p>\n<p><!--a href=\"https:\/\/www.linkedin.com\/in\/roxy-swails\" target=\"_blank\" rel=\"noopener\">Connect with Noah on LinkedIn<\/a>\n\n<a href=\"mailto:roxy.swails@assentcompliance.com\">Email Roxy<\/a--><\/p>\n<p>&nbsp;<\/p>\n<\/div>    \r\n        <\/section>\n\n\n<div style=\"height:100px\" aria-hidden=\"true\" class=\"wp-block-spacer\"><\/div>\n","protected":false},"excerpt":{"rendered":"<p>Lernen Sie Dr. Roxy Swails, Assents Expertin f\u00fcr die Einhaltung gesetzlicher Vorschriften, kennen.<\/p>\n","protected":false},"author":21,"featured_media":0,"parent":0,"menu_order":0,"comment_status":"closed","ping_status":"closed","template":"","meta":{"_acf_changed":false,"footnotes":"","_links_to":"","_links_to_target":""},"categories":[],"class_list":["post-78750","page","type-page","status-publish","hentry"],"acf":[],"yoast_head":"<!-- This site is optimized with the Yoast SEO Premium plugin v26.6 (Yoast SEO v27.0) - https:\/\/yoast.com\/product\/yoast-seo-premium-wordpress\/ -->\n<title>Dr. Roxy Swails - DE | Senior Regulatory Expert | Assent<\/title>\n<meta name=\"description\" content=\"Lernen Sie Dr. Roxy Swails, Assents Expertin f\u00fcr die Einhaltung gesetzlicher Vorschriften, kennen.\" \/>\n<meta name=\"robots\" content=\"index, follow, max-snippet:-1, max-image-preview:large, max-video-preview:-1\" \/>\n<link rel=\"canonical\" href=\"https:\/\/www.assent.com\/de\/funktionen\/expertise\/dr-roxy-swails\/\" \/>\n<meta property=\"og:locale\" content=\"de_DE\" \/>\n<meta property=\"og:type\" content=\"article\" \/>\n<meta property=\"og:title\" content=\"Roxy Swails\" \/>\n<meta property=\"og:description\" content=\"Lernen Sie Dr. Roxy Swails, Assents Expertin f\u00fcr die Einhaltung gesetzlicher Vorschriften, kennen.\" \/>\n<meta property=\"og:url\" content=\"https:\/\/www.assent.com\/de\/funktionen\/expertise\/dr-roxy-swails\/\" \/>\n<meta property=\"og:site_name\" content=\"Assent\" \/>\n<meta property=\"article:publisher\" content=\"https:\/\/www.facebook.com\/AssentCompliance\/\" \/>\n<meta property=\"article:modified_time\" content=\"2025-07-23T20:51:00+00:00\" \/>\n<meta name=\"twitter:card\" content=\"summary_large_image\" \/>\n<meta name=\"twitter:site\" content=\"@AssentGlobal\" \/>\n<script type=\"application\/ld+json\" class=\"yoast-schema-graph\">{\"@context\":\"https:\/\/schema.org\",\"@graph\":[{\"@type\":\"WebPage\",\"@id\":\"https:\/\/www.assent.com\/de\/funktionen\/expertise\/dr-roxy-swails\/\",\"url\":\"https:\/\/www.assent.com\/de\/funktionen\/expertise\/dr-roxy-swails\/\",\"name\":\"Dr. Roxy Swails - DE | Senior Regulatory Expert | Assent\",\"isPartOf\":{\"@id\":\"https:\/\/www.assent.com\/de\/#website\"},\"datePublished\":\"2024-10-24T08:51:41+00:00\",\"dateModified\":\"2025-07-23T20:51:00+00:00\",\"description\":\"Lernen Sie Dr. Roxy Swails, Assents Expertin f\u00fcr die Einhaltung gesetzlicher Vorschriften, kennen.\",\"breadcrumb\":{\"@id\":\"https:\/\/www.assent.com\/de\/funktionen\/expertise\/dr-roxy-swails\/#breadcrumb\"},\"inLanguage\":\"de\",\"potentialAction\":[{\"@type\":\"ReadAction\",\"target\":[\"https:\/\/www.assent.com\/de\/funktionen\/expertise\/dr-roxy-swails\/\"]}]},{\"@type\":\"BreadcrumbList\",\"@id\":\"https:\/\/www.assent.com\/de\/funktionen\/expertise\/dr-roxy-swails\/#breadcrumb\",\"itemListElement\":[{\"@type\":\"ListItem\",\"position\":1,\"name\":\"Home\",\"item\":\"https:\/\/www.assent.com\/de\/\"},{\"@type\":\"ListItem\",\"position\":2,\"name\":\"Roxy Swails\"}]},{\"@type\":\"WebSite\",\"@id\":\"https:\/\/www.assent.com\/de\/#website\",\"url\":\"https:\/\/www.assent.com\/de\/\",\"name\":\"Assent\",\"description\":\"\",\"publisher\":{\"@id\":\"https:\/\/www.assent.com\/de\/#organization\"},\"potentialAction\":[{\"@type\":\"SearchAction\",\"target\":{\"@type\":\"EntryPoint\",\"urlTemplate\":\"https:\/\/www.assent.com\/de\/?s={search_term_string}\"},\"query-input\":{\"@type\":\"PropertyValueSpecification\",\"valueRequired\":true,\"valueName\":\"search_term_string\"}}],\"inLanguage\":\"de\"},{\"@type\":\"Organization\",\"@id\":\"https:\/\/www.assent.com\/de\/#organization\",\"name\":\"Assent\",\"url\":\"https:\/\/www.assent.com\/de\/\",\"logo\":{\"@type\":\"ImageObject\",\"inLanguage\":\"de\",\"@id\":\"https:\/\/www.assent.com\/de\/#\/schema\/logo\/image\/\",\"url\":\"https:\/\/www.assent.com\/wp-content\/uploads\/2022\/01\/logo.svg\",\"contentUrl\":\"https:\/\/www.assent.com\/wp-content\/uploads\/2022\/01\/logo.svg\",\"width\":1,\"height\":1,\"caption\":\"Assent\"},\"image\":{\"@id\":\"https:\/\/www.assent.com\/de\/#\/schema\/logo\/image\/\"},\"sameAs\":[\"https:\/\/www.facebook.com\/AssentCompliance\/\",\"https:\/\/x.com\/AssentGlobal\",\"https:\/\/www.linkedin.com\/company\/assent-compliance-inc\"]}]}<\/script>\n<!-- \/ Yoast SEO Premium plugin. -->","yoast_head_json":{"title":"Dr. Roxy Swails - DE | Senior Regulatory Expert | Assent","description":"Lernen Sie Dr. Roxy Swails, Assents Expertin f\u00fcr die Einhaltung gesetzlicher Vorschriften, kennen.","robots":{"index":"index","follow":"follow","max-snippet":"max-snippet:-1","max-image-preview":"max-image-preview:large","max-video-preview":"max-video-preview:-1"},"canonical":"https:\/\/www.assent.com\/de\/funktionen\/expertise\/dr-roxy-swails\/","og_locale":"de_DE","og_type":"article","og_title":"Roxy Swails","og_description":"Lernen Sie Dr. Roxy Swails, Assents Expertin f\u00fcr die Einhaltung gesetzlicher Vorschriften, kennen.","og_url":"https:\/\/www.assent.com\/de\/funktionen\/expertise\/dr-roxy-swails\/","og_site_name":"Assent","article_publisher":"https:\/\/www.facebook.com\/AssentCompliance\/","article_modified_time":"2025-07-23T20:51:00+00:00","twitter_card":"summary_large_image","twitter_site":"@AssentGlobal","schema":{"@context":"https:\/\/schema.org","@graph":[{"@type":"WebPage","@id":"https:\/\/www.assent.com\/de\/funktionen\/expertise\/dr-roxy-swails\/","url":"https:\/\/www.assent.com\/de\/funktionen\/expertise\/dr-roxy-swails\/","name":"Dr. Roxy Swails - DE | Senior Regulatory Expert | Assent","isPartOf":{"@id":"https:\/\/www.assent.com\/de\/#website"},"datePublished":"2024-10-24T08:51:41+00:00","dateModified":"2025-07-23T20:51:00+00:00","description":"Lernen Sie Dr. Roxy Swails, Assents Expertin f\u00fcr die Einhaltung gesetzlicher Vorschriften, kennen.","breadcrumb":{"@id":"https:\/\/www.assent.com\/de\/funktionen\/expertise\/dr-roxy-swails\/#breadcrumb"},"inLanguage":"de","potentialAction":[{"@type":"ReadAction","target":["https:\/\/www.assent.com\/de\/funktionen\/expertise\/dr-roxy-swails\/"]}]},{"@type":"BreadcrumbList","@id":"https:\/\/www.assent.com\/de\/funktionen\/expertise\/dr-roxy-swails\/#breadcrumb","itemListElement":[{"@type":"ListItem","position":1,"name":"Home","item":"https:\/\/www.assent.com\/de\/"},{"@type":"ListItem","position":2,"name":"Roxy Swails"}]},{"@type":"WebSite","@id":"https:\/\/www.assent.com\/de\/#website","url":"https:\/\/www.assent.com\/de\/","name":"Assent","description":"","publisher":{"@id":"https:\/\/www.assent.com\/de\/#organization"},"potentialAction":[{"@type":"SearchAction","target":{"@type":"EntryPoint","urlTemplate":"https:\/\/www.assent.com\/de\/?s={search_term_string}"},"query-input":{"@type":"PropertyValueSpecification","valueRequired":true,"valueName":"search_term_string"}}],"inLanguage":"de"},{"@type":"Organization","@id":"https:\/\/www.assent.com\/de\/#organization","name":"Assent","url":"https:\/\/www.assent.com\/de\/","logo":{"@type":"ImageObject","inLanguage":"de","@id":"https:\/\/www.assent.com\/de\/#\/schema\/logo\/image\/","url":"https:\/\/www.assent.com\/wp-content\/uploads\/2022\/01\/logo.svg","contentUrl":"https:\/\/www.assent.com\/wp-content\/uploads\/2022\/01\/logo.svg","width":1,"height":1,"caption":"Assent"},"image":{"@id":"https:\/\/www.assent.com\/de\/#\/schema\/logo\/image\/"},"sameAs":["https:\/\/www.facebook.com\/AssentCompliance\/","https:\/\/x.com\/AssentGlobal","https:\/\/www.linkedin.com\/company\/assent-compliance-inc"]}]}},"_links":{"self":[{"href":"https:\/\/www.assent.com\/de\/wp-json\/wp\/v2\/pages\/78750","targetHints":{"allow":["GET"]}}],"collection":[{"href":"https:\/\/www.assent.com\/de\/wp-json\/wp\/v2\/pages"}],"about":[{"href":"https:\/\/www.assent.com\/de\/wp-json\/wp\/v2\/types\/page"}],"author":[{"embeddable":true,"href":"https:\/\/www.assent.com\/de\/wp-json\/wp\/v2\/users\/21"}],"replies":[{"embeddable":true,"href":"https:\/\/www.assent.com\/de\/wp-json\/wp\/v2\/comments?post=78750"}],"version-history":[{"count":3,"href":"https:\/\/www.assent.com\/de\/wp-json\/wp\/v2\/pages\/78750\/revisions"}],"predecessor-version":[{"id":94215,"href":"https:\/\/www.assent.com\/de\/wp-json\/wp\/v2\/pages\/78750\/revisions\/94215"}],"wp:attachment":[{"href":"https:\/\/www.assent.com\/de\/wp-json\/wp\/v2\/media?parent=78750"}],"wp:term":[{"taxonomy":"category","embeddable":true,"href":"https:\/\/www.assent.com\/de\/wp-json\/wp\/v2\/categories?post=78750"}],"curies":[{"name":"wp","href":"https:\/\/api.w.org\/{rel}","templated":true}]}}