{"id":59652,"date":"2022-11-13T05:04:02","date_gmt":"2022-11-13T10:04:02","guid":{"rendered":"https:\/\/www.assent.com\/devin-oherron\/"},"modified":"2025-04-11T10:14:39","modified_gmt":"2025-04-11T14:14:39","slug":"devin-oherron","status":"publish","type":"page","link":"https:\/\/www.assent.com\/de\/funktionen\/expertise\/devin-oherron\/","title":{"rendered":"Devin O\u2019Herron &#8211; DE"},"content":{"rendered":"\n<div style=\"height:64px\" aria-hidden=\"true\" class=\"wp-block-spacer\"><\/div>\n\n\n\r\n<!-- WYSIWYG -->\r\n        <section class=\"wysiwyg-section\">\r\n            <div class=\"container\"><h1>Devin O\u2019Herron<\/h1>\n<h6>Experte f\u00fcr Recht und Nachhaltigkeit, ESG und nachhaltiges Sourcing<\/h6>\n<p><span style=\"font-weight: 400;\"><img decoding=\"async\" class=\"size-medium wp-image-43219 alignright\" src=\"https:\/\/www.assent.com\/wp-content\/uploads\/2025\/03\/B0A3727.webp\" alt=\"\" width=\"300\" height=\"300\" \/>Devin ist Fachexperte mit Schwerpunkten auf Nachhaltigkeit in der Lieferkette und verantwortungsvollem Sourcing. Devin ist Teil des Teams f\u00fcr regulatorische Compliance von Assent und bringt mehr als 12 Jahre Erfahrung im Nachhaltigkeitsbereich aus verschiedenen Branchen und von verschiedenen Herstellern zu Assent und seinen Kunden. Er ist Alumnus des \u00e4ltesten Bachelorstudiengangs f\u00fcr nachhaltige Unternehmensf\u00fchrung in den USA. Sein Fokus liegt auf Beratung und Expertise zur verantwortungsvollen Beschaffung, Nachhaltigkeitsberichterstattung und Compliance in den Gebieten Umwelt und Soziales. Damit unterst\u00fctzt er Hersteller weltweit, mit neuen regulatorischen Vorgaben wie dem CBAM umzugehen, Risiken in der Lieferkette zu minimieren und Nachhaltigkeitsprinzipien zu nutzen, um bedeutende Programme aufzubauen, die einen echten gesch\u00e4ftlichen Mehrwert schaffen. <\/span><\/p>\n<p><a href=\"https:\/\/www.linkedin.com\/in\/devin-o-herron-3a366b48\" target=\"_blank\" rel=\"noopener\">Connect with Devin on LinkedIn<\/a><\/p>\n<p><a href=\"mailto:devin.oherron@assentcompliance.com\">Email Devin<\/a><\/p>\n<p>&nbsp;<\/p>\n<\/div>    \r\n        <\/section>\n\n\n<div style=\"height:100px\" aria-hidden=\"true\" class=\"wp-block-spacer\"><\/div>\n","protected":false},"excerpt":{"rendered":"<p>Meet Assent\u2019s regulatory compliance expert, Devin O\u2019Herron<\/p>\n","protected":false},"author":21,"featured_media":0,"parent":0,"menu_order":0,"comment_status":"closed","ping_status":"closed","template":"","meta":{"_acf_changed":false,"footnotes":"","_links_to":"","_links_to_target":""},"categories":[],"class_list":["post-59652","page","type-page","status-publish","hentry"],"acf":[],"yoast_head":"<!-- This site is optimized with the Yoast SEO Premium plugin v26.6 (Yoast SEO v27.0) - https:\/\/yoast.com\/product\/yoast-seo-premium-wordpress\/ -->\n<title>Devin O\u2019Herron | Fachexperte f\u00fcr regulatorische Compliance | Assent<\/title>\n<meta name=\"description\" content=\"Lernen Sie Devin O\u2019Herron kennen, den Fachexperten f\u00fcr regulatorische Compliance bei Assent\" \/>\n<meta name=\"robots\" content=\"index, follow, max-snippet:-1, max-image-preview:large, max-video-preview:-1\" \/>\n<link rel=\"canonical\" href=\"https:\/\/www.assent.com\/de\/funktionen\/expertise\/devin-oherron\/\" \/>\n<meta property=\"og:locale\" content=\"de_DE\" \/>\n<meta property=\"og:type\" content=\"article\" \/>\n<meta property=\"og:title\" content=\"Devin O\u2019Herron - DE\" \/>\n<meta property=\"og:description\" content=\"Lernen Sie Devin O\u2019Herron kennen, den Fachexperten f\u00fcr regulatorische Compliance bei Assent\" \/>\n<meta property=\"og:url\" content=\"https:\/\/www.assent.com\/de\/funktionen\/expertise\/devin-oherron\/\" \/>\n<meta property=\"og:site_name\" content=\"Assent\" \/>\n<meta property=\"article:publisher\" content=\"https:\/\/www.facebook.com\/AssentCompliance\/\" \/>\n<meta property=\"article:modified_time\" content=\"2025-04-11T14:14:39+00:00\" \/>\n<meta name=\"twitter:card\" content=\"summary_large_image\" \/>\n<meta name=\"twitter:site\" content=\"@AssentGlobal\" \/>\n<script type=\"application\/ld+json\" class=\"yoast-schema-graph\">{\"@context\":\"https:\/\/schema.org\",\"@graph\":[{\"@type\":\"WebPage\",\"@id\":\"https:\/\/www.assent.com\/de\/funktionen\/expertise\/devin-oherron\/\",\"url\":\"https:\/\/www.assent.com\/de\/funktionen\/expertise\/devin-oherron\/\",\"name\":\"Devin O\u2019Herron | Fachexperte f\u00fcr regulatorische Compliance | Assent\",\"isPartOf\":{\"@id\":\"https:\/\/www.assent.com\/de\/#website\"},\"datePublished\":\"2022-11-13T10:04:02+00:00\",\"dateModified\":\"2025-04-11T14:14:39+00:00\",\"description\":\"Lernen Sie Devin O\u2019Herron kennen, den Fachexperten f\u00fcr regulatorische Compliance bei Assent\",\"breadcrumb\":{\"@id\":\"https:\/\/www.assent.com\/de\/funktionen\/expertise\/devin-oherron\/#breadcrumb\"},\"inLanguage\":\"de\",\"potentialAction\":[{\"@type\":\"ReadAction\",\"target\":[\"https:\/\/www.assent.com\/de\/funktionen\/expertise\/devin-oherron\/\"]}]},{\"@type\":\"BreadcrumbList\",\"@id\":\"https:\/\/www.assent.com\/de\/funktionen\/expertise\/devin-oherron\/#breadcrumb\",\"itemListElement\":[{\"@type\":\"ListItem\",\"position\":1,\"name\":\"Home\",\"item\":\"https:\/\/www.assent.com\/de\/\"},{\"@type\":\"ListItem\",\"position\":2,\"name\":\"Devin O\u2019Herron &#8211; DE\"}]},{\"@type\":\"WebSite\",\"@id\":\"https:\/\/www.assent.com\/de\/#website\",\"url\":\"https:\/\/www.assent.com\/de\/\",\"name\":\"Assent\",\"description\":\"\",\"publisher\":{\"@id\":\"https:\/\/www.assent.com\/de\/#organization\"},\"potentialAction\":[{\"@type\":\"SearchAction\",\"target\":{\"@type\":\"EntryPoint\",\"urlTemplate\":\"https:\/\/www.assent.com\/de\/?s={search_term_string}\"},\"query-input\":{\"@type\":\"PropertyValueSpecification\",\"valueRequired\":true,\"valueName\":\"search_term_string\"}}],\"inLanguage\":\"de\"},{\"@type\":\"Organization\",\"@id\":\"https:\/\/www.assent.com\/de\/#organization\",\"name\":\"Assent\",\"url\":\"https:\/\/www.assent.com\/de\/\",\"logo\":{\"@type\":\"ImageObject\",\"inLanguage\":\"de\",\"@id\":\"https:\/\/www.assent.com\/de\/#\/schema\/logo\/image\/\",\"url\":\"https:\/\/www.assent.com\/wp-content\/uploads\/2022\/01\/logo.svg\",\"contentUrl\":\"https:\/\/www.assent.com\/wp-content\/uploads\/2022\/01\/logo.svg\",\"width\":1,\"height\":1,\"caption\":\"Assent\"},\"image\":{\"@id\":\"https:\/\/www.assent.com\/de\/#\/schema\/logo\/image\/\"},\"sameAs\":[\"https:\/\/www.facebook.com\/AssentCompliance\/\",\"https:\/\/x.com\/AssentGlobal\",\"https:\/\/www.linkedin.com\/company\/assent-compliance-inc\"]}]}<\/script>\n<!-- \/ Yoast SEO Premium plugin. -->","yoast_head_json":{"title":"Devin O\u2019Herron | Fachexperte f\u00fcr regulatorische Compliance | Assent","description":"Lernen Sie Devin O\u2019Herron kennen, den Fachexperten f\u00fcr regulatorische Compliance bei Assent","robots":{"index":"index","follow":"follow","max-snippet":"max-snippet:-1","max-image-preview":"max-image-preview:large","max-video-preview":"max-video-preview:-1"},"canonical":"https:\/\/www.assent.com\/de\/funktionen\/expertise\/devin-oherron\/","og_locale":"de_DE","og_type":"article","og_title":"Devin O\u2019Herron - DE","og_description":"Lernen Sie Devin O\u2019Herron kennen, den Fachexperten f\u00fcr regulatorische Compliance bei Assent","og_url":"https:\/\/www.assent.com\/de\/funktionen\/expertise\/devin-oherron\/","og_site_name":"Assent","article_publisher":"https:\/\/www.facebook.com\/AssentCompliance\/","article_modified_time":"2025-04-11T14:14:39+00:00","twitter_card":"summary_large_image","twitter_site":"@AssentGlobal","schema":{"@context":"https:\/\/schema.org","@graph":[{"@type":"WebPage","@id":"https:\/\/www.assent.com\/de\/funktionen\/expertise\/devin-oherron\/","url":"https:\/\/www.assent.com\/de\/funktionen\/expertise\/devin-oherron\/","name":"Devin O\u2019Herron | Fachexperte f\u00fcr regulatorische Compliance | Assent","isPartOf":{"@id":"https:\/\/www.assent.com\/de\/#website"},"datePublished":"2022-11-13T10:04:02+00:00","dateModified":"2025-04-11T14:14:39+00:00","description":"Lernen Sie Devin O\u2019Herron kennen, den Fachexperten f\u00fcr regulatorische Compliance bei Assent","breadcrumb":{"@id":"https:\/\/www.assent.com\/de\/funktionen\/expertise\/devin-oherron\/#breadcrumb"},"inLanguage":"de","potentialAction":[{"@type":"ReadAction","target":["https:\/\/www.assent.com\/de\/funktionen\/expertise\/devin-oherron\/"]}]},{"@type":"BreadcrumbList","@id":"https:\/\/www.assent.com\/de\/funktionen\/expertise\/devin-oherron\/#breadcrumb","itemListElement":[{"@type":"ListItem","position":1,"name":"Home","item":"https:\/\/www.assent.com\/de\/"},{"@type":"ListItem","position":2,"name":"Devin O\u2019Herron &#8211; DE"}]},{"@type":"WebSite","@id":"https:\/\/www.assent.com\/de\/#website","url":"https:\/\/www.assent.com\/de\/","name":"Assent","description":"","publisher":{"@id":"https:\/\/www.assent.com\/de\/#organization"},"potentialAction":[{"@type":"SearchAction","target":{"@type":"EntryPoint","urlTemplate":"https:\/\/www.assent.com\/de\/?s={search_term_string}"},"query-input":{"@type":"PropertyValueSpecification","valueRequired":true,"valueName":"search_term_string"}}],"inLanguage":"de"},{"@type":"Organization","@id":"https:\/\/www.assent.com\/de\/#organization","name":"Assent","url":"https:\/\/www.assent.com\/de\/","logo":{"@type":"ImageObject","inLanguage":"de","@id":"https:\/\/www.assent.com\/de\/#\/schema\/logo\/image\/","url":"https:\/\/www.assent.com\/wp-content\/uploads\/2022\/01\/logo.svg","contentUrl":"https:\/\/www.assent.com\/wp-content\/uploads\/2022\/01\/logo.svg","width":1,"height":1,"caption":"Assent"},"image":{"@id":"https:\/\/www.assent.com\/de\/#\/schema\/logo\/image\/"},"sameAs":["https:\/\/www.facebook.com\/AssentCompliance\/","https:\/\/x.com\/AssentGlobal","https:\/\/www.linkedin.com\/company\/assent-compliance-inc"]}]}},"_links":{"self":[{"href":"https:\/\/www.assent.com\/de\/wp-json\/wp\/v2\/pages\/59652","targetHints":{"allow":["GET"]}}],"collection":[{"href":"https:\/\/www.assent.com\/de\/wp-json\/wp\/v2\/pages"}],"about":[{"href":"https:\/\/www.assent.com\/de\/wp-json\/wp\/v2\/types\/page"}],"author":[{"embeddable":true,"href":"https:\/\/www.assent.com\/de\/wp-json\/wp\/v2\/users\/21"}],"replies":[{"embeddable":true,"href":"https:\/\/www.assent.com\/de\/wp-json\/wp\/v2\/comments?post=59652"}],"version-history":[{"count":2,"href":"https:\/\/www.assent.com\/de\/wp-json\/wp\/v2\/pages\/59652\/revisions"}],"predecessor-version":[{"id":87138,"href":"https:\/\/www.assent.com\/de\/wp-json\/wp\/v2\/pages\/59652\/revisions\/87138"}],"wp:attachment":[{"href":"https:\/\/www.assent.com\/de\/wp-json\/wp\/v2\/media?parent=59652"}],"wp:term":[{"taxonomy":"category","embeddable":true,"href":"https:\/\/www.assent.com\/de\/wp-json\/wp\/v2\/categories?post=59652"}],"curies":[{"name":"wp","href":"https:\/\/api.w.org\/{rel}","templated":true}]}}