{"id":43364,"date":"2022-11-23T23:44:21","date_gmt":"2022-11-24T04:44:21","guid":{"rendered":"https:\/\/www.assent.com\/?page_id=43364"},"modified":"2022-11-23T23:46:21","modified_gmt":"2022-11-24T04:46:21","slug":"jared-connors-newsroom-page","status":"publish","type":"page","link":"https:\/\/www.assent.com\/de\/jared-connors-newsroom-page\/","title":{"rendered":"Jared Connors"},"content":{"rendered":"\r\n<!-- WYSIWYG -->\r\n        <section class=\"wysiwyg-section\">\r\n            <div class=\"container\"><h1>Jared Connors<\/h1>\n<h6>Senior Subject Matter Expert, Corporate Social Responsibility<\/h6>\n<p>Jared Connors ist Senior Subject Matter Expert, der sich auf ESG in Compliance-Programmen spezialisiert hat.<\/p>\n<p><img decoding=\"async\" class=\"size-medium wp-image-43238 alignright\" src=\"https:\/\/www.assent.com\/wp-content\/uploads\/2022\/01\/Jared-Connors-300x300.jpeg\" alt=\"\" width=\"300\" height=\"300\" srcset=\"https:\/\/www.assent.com\/wp-content\/uploads\/2022\/01\/Jared-Connors-300x300.jpeg 300w, https:\/\/www.assent.com\/wp-content\/uploads\/2022\/01\/Jared-Connors-1024x1024.jpeg 1024w, https:\/\/www.assent.com\/wp-content\/uploads\/2022\/01\/Jared-Connors-150x150.jpeg 150w, https:\/\/www.assent.com\/wp-content\/uploads\/2022\/01\/Jared-Connors-768x768.jpeg 768w, https:\/\/www.assent.com\/wp-content\/uploads\/2022\/01\/Jared-Connors-1536x1536.jpeg 1536w, https:\/\/www.assent.com\/wp-content\/uploads\/2022\/01\/Jared-Connors-2048x2048.jpeg 2048w\" sizes=\"(max-width: 300px) 100vw, 300px\" \/><\/p>\n<p>Sprechen Sie mit ihm \u00fcber die folgenden Themen:<\/p>\n<ul>\n<li>Erreichen von ESG-Zielen durch Einblicke in potenzielle Risiken in der Lieferkette und Ergreifen von Eind\u00e4mmungsma\u00dfnahmen<\/li>\n<li>Der \u00dcbergang von CSR zu ESG, und wie Unternehmen einen ganzheitlichen Ansatz f\u00fcr ESG verfolgen k\u00f6nnen<\/li>\n<li>Vorschriften mit ESG-Bezug, z. B. zu Menschenhandel und Sklaverei, Konfliktmineralien sowie Bestechungs- und Korruptionsbek\u00e4mpfung<\/li>\n<\/ul>\n<p>&nbsp;<\/p>\n<p><a href=\"mailto:jared.connors@assent.com\">Email Jared<\/a><\/p>\n<\/div>    \r\n        <\/section>","protected":false},"excerpt":{"rendered":"","protected":false},"author":21,"featured_media":0,"parent":0,"menu_order":0,"comment_status":"closed","ping_status":"closed","template":"","meta":{"_acf_changed":false,"footnotes":"","_links_to":"","_links_to_target":""},"categories":[],"class_list":["post-43364","page","type-page","status-publish","hentry"],"acf":[],"yoast_head":"<!-- This site is optimized with the Yoast SEO Premium plugin v26.6 (Yoast SEO v27.0) - https:\/\/yoast.com\/product\/yoast-seo-premium-wordpress\/ -->\n<title>Jared Connors | Assent<\/title>\n<meta name=\"robots\" content=\"index, follow, max-snippet:-1, max-image-preview:large, max-video-preview:-1\" \/>\n<link rel=\"canonical\" href=\"https:\/\/www.assent.com\/de\/jared-connors-newsroom-page\/\" \/>\n<meta property=\"og:locale\" content=\"de_DE\" \/>\n<meta property=\"og:type\" content=\"article\" \/>\n<meta property=\"og:title\" content=\"Jared Connors\" \/>\n<meta property=\"og:url\" content=\"https:\/\/www.assent.com\/de\/jared-connors-newsroom-page\/\" \/>\n<meta property=\"og:site_name\" content=\"Assent\" \/>\n<meta property=\"article:publisher\" content=\"https:\/\/www.facebook.com\/AssentCompliance\/\" \/>\n<meta property=\"article:modified_time\" content=\"2022-11-24T04:46:21+00:00\" \/>\n<meta name=\"twitter:card\" content=\"summary_large_image\" \/>\n<meta name=\"twitter:site\" content=\"@AssentGlobal\" \/>\n<script type=\"application\/ld+json\" class=\"yoast-schema-graph\">{\"@context\":\"https:\/\/schema.org\",\"@graph\":[{\"@type\":\"WebPage\",\"@id\":\"https:\/\/www.assent.com\/de\/jared-connors-newsroom-page\/\",\"url\":\"https:\/\/www.assent.com\/de\/jared-connors-newsroom-page\/\",\"name\":\"Jared Connors | Assent\",\"isPartOf\":{\"@id\":\"https:\/\/www.assent.com\/de\/#website\"},\"datePublished\":\"2022-11-24T04:44:21+00:00\",\"dateModified\":\"2022-11-24T04:46:21+00:00\",\"breadcrumb\":{\"@id\":\"https:\/\/www.assent.com\/de\/jared-connors-newsroom-page\/#breadcrumb\"},\"inLanguage\":\"de\",\"potentialAction\":[{\"@type\":\"ReadAction\",\"target\":[\"https:\/\/www.assent.com\/de\/jared-connors-newsroom-page\/\"]}]},{\"@type\":\"BreadcrumbList\",\"@id\":\"https:\/\/www.assent.com\/de\/jared-connors-newsroom-page\/#breadcrumb\",\"itemListElement\":[{\"@type\":\"ListItem\",\"position\":1,\"name\":\"Home\",\"item\":\"https:\/\/www.assent.com\/de\/\"},{\"@type\":\"ListItem\",\"position\":2,\"name\":\"Jared Connors\"}]},{\"@type\":\"WebSite\",\"@id\":\"https:\/\/www.assent.com\/de\/#website\",\"url\":\"https:\/\/www.assent.com\/de\/\",\"name\":\"Assent\",\"description\":\"\",\"publisher\":{\"@id\":\"https:\/\/www.assent.com\/de\/#organization\"},\"potentialAction\":[{\"@type\":\"SearchAction\",\"target\":{\"@type\":\"EntryPoint\",\"urlTemplate\":\"https:\/\/www.assent.com\/de\/?s={search_term_string}\"},\"query-input\":{\"@type\":\"PropertyValueSpecification\",\"valueRequired\":true,\"valueName\":\"search_term_string\"}}],\"inLanguage\":\"de\"},{\"@type\":\"Organization\",\"@id\":\"https:\/\/www.assent.com\/de\/#organization\",\"name\":\"Assent\",\"url\":\"https:\/\/www.assent.com\/de\/\",\"logo\":{\"@type\":\"ImageObject\",\"inLanguage\":\"de\",\"@id\":\"https:\/\/www.assent.com\/de\/#\/schema\/logo\/image\/\",\"url\":\"https:\/\/www.assent.com\/wp-content\/uploads\/2022\/01\/logo.svg\",\"contentUrl\":\"https:\/\/www.assent.com\/wp-content\/uploads\/2022\/01\/logo.svg\",\"width\":1,\"height\":1,\"caption\":\"Assent\"},\"image\":{\"@id\":\"https:\/\/www.assent.com\/de\/#\/schema\/logo\/image\/\"},\"sameAs\":[\"https:\/\/www.facebook.com\/AssentCompliance\/\",\"https:\/\/x.com\/AssentGlobal\",\"https:\/\/www.linkedin.com\/company\/assent-compliance-inc\"]}]}<\/script>\n<!-- \/ Yoast SEO Premium plugin. -->","yoast_head_json":{"title":"Jared Connors | Assent","robots":{"index":"index","follow":"follow","max-snippet":"max-snippet:-1","max-image-preview":"max-image-preview:large","max-video-preview":"max-video-preview:-1"},"canonical":"https:\/\/www.assent.com\/de\/jared-connors-newsroom-page\/","og_locale":"de_DE","og_type":"article","og_title":"Jared Connors","og_url":"https:\/\/www.assent.com\/de\/jared-connors-newsroom-page\/","og_site_name":"Assent","article_publisher":"https:\/\/www.facebook.com\/AssentCompliance\/","article_modified_time":"2022-11-24T04:46:21+00:00","twitter_card":"summary_large_image","twitter_site":"@AssentGlobal","schema":{"@context":"https:\/\/schema.org","@graph":[{"@type":"WebPage","@id":"https:\/\/www.assent.com\/de\/jared-connors-newsroom-page\/","url":"https:\/\/www.assent.com\/de\/jared-connors-newsroom-page\/","name":"Jared Connors | Assent","isPartOf":{"@id":"https:\/\/www.assent.com\/de\/#website"},"datePublished":"2022-11-24T04:44:21+00:00","dateModified":"2022-11-24T04:46:21+00:00","breadcrumb":{"@id":"https:\/\/www.assent.com\/de\/jared-connors-newsroom-page\/#breadcrumb"},"inLanguage":"de","potentialAction":[{"@type":"ReadAction","target":["https:\/\/www.assent.com\/de\/jared-connors-newsroom-page\/"]}]},{"@type":"BreadcrumbList","@id":"https:\/\/www.assent.com\/de\/jared-connors-newsroom-page\/#breadcrumb","itemListElement":[{"@type":"ListItem","position":1,"name":"Home","item":"https:\/\/www.assent.com\/de\/"},{"@type":"ListItem","position":2,"name":"Jared Connors"}]},{"@type":"WebSite","@id":"https:\/\/www.assent.com\/de\/#website","url":"https:\/\/www.assent.com\/de\/","name":"Assent","description":"","publisher":{"@id":"https:\/\/www.assent.com\/de\/#organization"},"potentialAction":[{"@type":"SearchAction","target":{"@type":"EntryPoint","urlTemplate":"https:\/\/www.assent.com\/de\/?s={search_term_string}"},"query-input":{"@type":"PropertyValueSpecification","valueRequired":true,"valueName":"search_term_string"}}],"inLanguage":"de"},{"@type":"Organization","@id":"https:\/\/www.assent.com\/de\/#organization","name":"Assent","url":"https:\/\/www.assent.com\/de\/","logo":{"@type":"ImageObject","inLanguage":"de","@id":"https:\/\/www.assent.com\/de\/#\/schema\/logo\/image\/","url":"https:\/\/www.assent.com\/wp-content\/uploads\/2022\/01\/logo.svg","contentUrl":"https:\/\/www.assent.com\/wp-content\/uploads\/2022\/01\/logo.svg","width":1,"height":1,"caption":"Assent"},"image":{"@id":"https:\/\/www.assent.com\/de\/#\/schema\/logo\/image\/"},"sameAs":["https:\/\/www.facebook.com\/AssentCompliance\/","https:\/\/x.com\/AssentGlobal","https:\/\/www.linkedin.com\/company\/assent-compliance-inc"]}]}},"_links":{"self":[{"href":"https:\/\/www.assent.com\/de\/wp-json\/wp\/v2\/pages\/43364","targetHints":{"allow":["GET"]}}],"collection":[{"href":"https:\/\/www.assent.com\/de\/wp-json\/wp\/v2\/pages"}],"about":[{"href":"https:\/\/www.assent.com\/de\/wp-json\/wp\/v2\/types\/page"}],"author":[{"embeddable":true,"href":"https:\/\/www.assent.com\/de\/wp-json\/wp\/v2\/users\/21"}],"replies":[{"embeddable":true,"href":"https:\/\/www.assent.com\/de\/wp-json\/wp\/v2\/comments?post=43364"}],"version-history":[{"count":0,"href":"https:\/\/www.assent.com\/de\/wp-json\/wp\/v2\/pages\/43364\/revisions"}],"wp:attachment":[{"href":"https:\/\/www.assent.com\/de\/wp-json\/wp\/v2\/media?parent=43364"}],"wp:term":[{"taxonomy":"category","embeddable":true,"href":"https:\/\/www.assent.com\/de\/wp-json\/wp\/v2\/categories?post=43364"}],"curies":[{"name":"wp","href":"https:\/\/api.w.org\/{rel}","templated":true}]}}