{"id":39508,"date":"2022-09-14T11:06:27","date_gmt":"2022-09-14T15:06:27","guid":{"rendered":"https:\/\/www.assent.com\/?page_id=39508"},"modified":"2025-08-28T17:54:00","modified_gmt":"2025-08-28T21:54:00","slug":"personalisierte-live-demo-buchen","status":"publish","type":"page","link":"https:\/\/www.assent.com\/de\/personalisierte-live-demo-buchen\/","title":{"rendered":"Personalisierte Live-Demo buchen"},"content":{"rendered":"\n<div style=\"height:59px\" aria-hidden=\"true\" class=\"wp-block-spacer\"><\/div>\n\n\n\r\n<!-- WYSIWYG -->\r\n        <section class=\"wysiwyg-section\">\r\n            <div class=\"container\"><h1 style=\"text-align: center;\">Personalisierte Live-Demo buchen<\/h1>\n<\/div>    \r\n        <\/section>\n\n\t<section class=\"two-column-form elem-viewport default  blue  \" >\n\t\t\n\t\t\t\t\n\t\t<div class=\"container\">\n\t\t\t<div class=\"row\">\n\t\t\t\t<div class=\"cell-lg-7 mb-lg-0 mb-30\">\n\t\t\t\t\t<div class=\"tcf-content bullet-check pr-xxl-90 pr-lg-30\">\n\t\t\t\t\t\t\t\t\t\t\t\t<H2>Bereit f\u00fcr tiefgreifende Nachhaltigkeit? Sprechen Sie mit einem Experten.<\/H2>\t\t\t\t\t\t\t\t\t\t\t\t<div class=\"tcf-content-desc\"><p>Nehmen Sie Kontakt auf, um Ihre personalisierte Demo zur Nachhaltigkeitsl\u00f6sung f\u00fcr die Lieferkette zu vereinbaren. Sprechen Sie mit unseren Fachleuten \u00fcber die L\u00f6sungen f\u00fcr Produktkonformit\u00e4t, ESG und Handelskonformit\u00e4t von Assent.<\/p>\n<p>&nbsp;<\/p>\n<\/div>\t\t\t\t\t\t\t\t\t\t\t<\/div>\n\t\t\t\t<\/div>\n\t\t\t\t<div class=\"cell-lg-5 d-lg-flex align-items-center\"> \n\t\t\t\t\t<div class=\"tcf-wrap pl-xl-50\">\n\t\t\t\t\t\t\t\t\t\t\t\t<input type=\"hidden\" id=\"form_nonce\" name=\"form_nonce\" value=\"a93fe1220f\" \/><input type=\"hidden\" name=\"_wp_http_referer\" value=\"\/de\/wp-json\/wp\/v2\/pages\/39508\" \/><!-- General Demo -->\r\n<style>\r\n.form--wrap .form-field.city,\r\n.general-demo .form-field.city{\r\n   position:absolute; \r\n   left:-9999px; \r\n   top: -9999px; \r\n   display:none;\r\n}\r\n.form-title{text-align: center;}\r\n<\/style>\r\n\r\n<form name=\"demoForm\" action=\"\/form-handler\" class=\"form--wrap general-demo\" data-handler=\"pardotForm3\" method=\"post\" data-formtype=\"demo\" onsubmit = \"return demoFunction(this);\" class=\"general-demo\" id=\"generaldemo\">\r\n  <p class=\"form-field  first_name pd-text required half\">      \r\n    <label class=\"field-label\" for=\"FirstName\">Vorname*<\/label>\r\n    <input type=\"text\" name=\"FirstName\" id=\"pardot_firstname\" value=\"\" class=\"text\" size=\"30\" maxlength=\"40\" onchange=\"\" onfocus=\"\" required=\"\"> \r\n  <\/p>\r\n      \r\n  <p class=\"form-field  last_name pd-text required half\">\r\n    <label class=\"field-label\" for=\"LastName\">Nachname*<\/label>\r\n    <input type=\"text\" name=\"LastName\" id=\"pardot_lastname\" value=\"\" class=\"text\" size=\"30\" maxlength=\"80\" onchange=\"\" onfocus=\"\" required=\"\">\r\n  <\/p>\r\n\r\n  <p class=\"form-field  email pd-text required\">\r\n    <label class=\"field-label\" for=\"Email\">Gesch\u00e4ftliche E-Mail*<\/label>\r\n    <input type=\"email\" name=\"Email\" id=\"pardot_email\" value=\"\" class=\"text\" size=\"30\" maxlength=\"255\" onchange=\"\" onfocus=\"\" required=\"\">\r\n  <\/p>\r\n    \r\n  <p class=\"form-field  company pd-text required half\">\r\n    <label class=\"field-label\" for=\"Company\">Unternehmen*<\/label>\r\n    <input type=\"text\" name=\"Company\" id=\"pardot_company\" value=\"\" class=\"text\" size=\"30\" maxlength=\"255\" onchange=\"\" onfocus=\"\" required=\"\">\r\n  <\/p>\r\n\r\n  <p class=\"form-field phone pd-text half\">\r\n    <label class=\"field-label\" for=\"Phone\">Telefonnummer<\/label>\r\n    <input type=\"text\" name=\"Phone\" id=\"pardot_phone\" value=\"\" class=\"text\" size=\"30\" maxlength=\"255\" onchange=\"\" onfocus=\"\">\r\n  <\/p>\r\n\r\n  <p class=\"form-field  role pd-text required  half\">\r\n    <!-- <label class=\"field-label\" for=\"Job_Function\">Rolle<\/label> -->\r\n    <select name=\"Job_Level__c\" id=\"pardot_role\" required>\r\n      <option value=\"\" selected disabled>Rolle*<\/option>\r\n      <option value=\"Executive\">Exekutive<\/option>\r\n      <option value=\"C-Level\">C-Level<\/option>\r\n      <option value=\"VP-Level\">VP-Level<\/option>\r\n      <option value=\"Director\">Direktor<\/option>\r\n      <option value=\"Manager\">Manager<\/option>\r\n      <option value=\"Individual Contributor\">Einzelner Mitwirkender<\/option>\r\n      <option value=\"Other\">Sonstiges<\/option>\r\n      <option value=\"Non-Manager\">Kein Manager<\/option>\r\n    <\/select>\r\n  <\/p>\r\n\r\n  <p class=\"form-field  job_title pd-text required   half\">\r\n    <label class=\"field-label\" for=\"Title\">Stellenbezeichnung*<\/label>\r\n    <input type=\"text\" name=\"Title\" id=\"pardot_job_title\" value=\"\" class=\"text\" size=\"30\" maxlength=\"255\" onchange=\"\" onfocus=\"\" required=\"\">\r\n  <\/p>\r\n    \r\n  <p class=\"form-field  country pd-text form-field-primary\">\r\n    <!-- <label class=\"field-label\" for=\"Country_L\">Land<\/label> -->\r\n    <select name=\"Country\" id=\"pardot_country\" required>\r\n      <option value=\"\" selected disabled>Land*<\/option>\r\n      <option value='Afghanistan'>Afghanistan<\/option>\r\n      <option value='Algeria'>Algerien<\/option>\r\n      <option value='Angola'>Angola<\/option>\r\n      <option value='Argentina'>Argentinien<\/option>\r\n      <option value='Armenia'>Armenien<\/option>\r\n      <option value='Australia'>Australien<\/option>\r\n      <option value='Austria'>\u00d6sterreich<\/option>\r\n      <option value='Bahamas'>Bahamas<\/option>\r\n      <option value='Bangladesh'>Bangladesch<\/option>\r\n      <option value='Belgium'>Belgien<\/option>\r\n      <option value='Belize'>Belize<\/option>\r\n      <option value='Benin'>Benin<\/option>\r\n      <option value='Bermuda'>Bermuda<\/option>\r\n      <option value='Bolivia'>Bolivien<\/option>\r\n      <option value='Brazil'>Brasilien<\/option>\r\n      <option value='Bulgaria'>Bulgarien<\/option>\r\n      <option value='Cameroon'>Kamerun<\/option>\r\n      <option value='Canada'>Kanada<\/option>\r\n      <option value='Chile'>Chile<\/option>\r\n      <option value='China'>China<\/option>\r\n      <option value='Colombia'>Kolumbien<\/option>\r\n      <option value='Congo'>Kongo<\/option>\r\n      <option value='Costa Rica'>Costa Rica<\/option>\r\n      <option value='Croatia'>Kroatien<\/option>\r\n      <option value='Cuba'>Kuba<\/option>\r\n      <option value='Cyprus'>Zypern<\/option>\r\n      <option value='Czech Republic'>Tschechische Republik<\/option>\r\n      <option value='Czechia'>Tschechien<\/option>\r\n      <option value='Denmark'>D\u00e4nemark<\/option>\r\n      <option value='Ecuador'>Ecuador<\/option>\r\n      <option value='Egypt'>\u00c4gypten<\/option>\r\n      <option value='El Salvador'>El Salvador<\/option>\r\n      <option value='Estonia'>Estland<\/option>\r\n      <option value='Finland'>Finnland<\/option>\r\n      <option value='France'>Frankreich<\/option>\r\n      <option value='Germany'>Deutschland<\/option>\r\n      <option value='Ghana'>Ghana<\/option>\r\n      <option value='Greece'>Griechenland<\/option>\r\n      <option value='Guatemala'>Guatemala<\/option>\r\n      <option value='Haiti'>Haiti<\/option>\r\n      <option value='Hong Kong'>Hongkong<\/option>\r\n      <option value='Hungary'>Ungarn<\/option>\r\n      <option value='Iceland'>Island<\/option>\r\n      <option value='India'>Indien<\/option>\r\n      <option value='Indonesia'>Indonesien<\/option>\r\n      <option value='Iran'>Iran<\/option>\r\n      <option value='Ireland'>Irland<\/option>\r\n      <option value='Israel'>Israel<\/option>\r\n      <option value='Italy'>Italien<\/option>\r\n      <option value='Jamaica'>Jamaika<\/option>\r\n      <option value='Japan'>Japan<\/option>\r\n      <option value='Kazakhstan'>Kasachstan<\/option>\r\n      <option value='Kenya'>Kenia<\/option>\r\n      <option value='Kuala Lumpur'>Kuala Lumpur<\/option>\r\n      <option value='Kuwait'>Kuwait<\/option>\r\n      <option value='Latvia'>Lettland<\/option>\r\n      <option value='Lebanon'>Libanon<\/option>\r\n      <option value='Libya'>Libyen<\/option>\r\n      <option value='Liechtenstein'>Liechtenstein<\/option>\r\n      <option value='Lithuania'>Litauen<\/option>\r\n      <option value='London'>London<\/option>\r\n      <option value='Luxembourg'>Luxemburg<\/option>\r\n      <option value='Macao'>Macao<\/option>\r\n      <option value='Madagascar'>Madagaskar<\/option>\r\n      <option value='Malawi'>Malawi<\/option>\r\n      <option value='Malaysia'>Malaysia<\/option>\r\n      <option value='Mauritius'>Mauritius<\/option>\r\n      <option value='Mexico'>Mexiko<\/option>\r\n      <option value='Mongolia'>Mongolei<\/option>\r\n      <option value='Morocco'>Marokko<\/option>\r\n      <option value='Netherlands'>Niederlande<\/option>\r\n      <option value='New Zealand'>Neuseeland<\/option>\r\n      <option value='Nicaragua'>Nicaragua<\/option>\r\n      <option value='Nigeria'>Nigeria<\/option>\r\n      <option value='Norway'>Norwegen<\/option>\r\n      <option value='Oman'>Oman<\/option>\r\n      <option value='Pakistan'>Pakistan<\/option>\r\n      <option value='Panama'>Panama<\/option>\r\n      <option value='Papua New Guinea'>Papua-Neuguinea<\/option>\r\n      <option value='Paraguay'>Paraguay<\/option>\r\n      <option value='Peru'>Peru<\/option>\r\n      <option value='Philippines'>Philippinen<\/option>\r\n      <option value='Poland'>Polen<\/option>\r\n      <option value='Portugal'>Portugal<\/option>\r\n      <option value='Qatar'>Katar<\/option>\r\n      <option value='Romania'>Rum\u00e4nien<\/option>\r\n      <option value='Russia'>Russland<\/option>\r\n      <option value='Russian Federation'>Russische F\u00f6deration<\/option>\r\n      <option value='Saint Kitts and Nevis'>St. Kitts und Nevis<\/option>\r\n      <option value='Saudi Arabia'>Saudi Arabien<\/option>\r\n      <option value='Senegal'>Senegal<\/option>\r\n      <option value='Slovakia'>Slowakei<\/option>\r\n      <option value='Slovenia'>Slowenien<\/option>\r\n      <option value='South Africa'>S\u00fcdafrika<\/option>\r\n      <option value='South Korea'>S\u00fcdkorea<\/option>\r\n      <option value='Spain'>Spanien<\/option>\r\n      <option value='Sri Lanka'>Sri Lanka<\/option>\r\n      <option value='Suriname'>Surinam<\/option>\r\n      <option value='Sweden'> Schweden<\/option>\r\n      <option value='Switzerland'>Schweiz<\/option>\r\n      <option value='Syria'>Syrien<\/option>\r\n      <option value='Taiwan'>Taiwan<\/option>\r\n      <option value='Tanzania'>Tansania<\/option>\r\n      <option value='Thailand'>Thailand<\/option>\r\n      <option value='Trinidad and Tobago'>Trinidad und Tobago<\/option>\r\n      <option value='Tunisia'>Tunesien<\/option>\r\n      <option value='Turkey'>T\u00fcrkei<\/option>\r\n      <option value='Uganda'>Uganda<\/option>\r\n      <option value='Ukraine'>Ukraine<\/option>\r\n      <option value='United Arab Emirates'>Vereinigte Arabische Emirate<\/option>\r\n      <option value='United Kingdom'>Vereinigtes K\u00f6nigreich<\/option>\r\n      <option value='United States of America'>Vereinigte Staaten von Amerika<\/option>\r\n      <option value='Uzbekistan'>Usbekistan<\/option>\r\n      <option value='Vietnam'>Vietnam<\/option>\r\n      <option value='Zambia'>Sambia<\/option>\r\n      <option value='Zimbabwe'>Simbabwe<\/option>\r\n    <\/select>\r\n  <\/p>\r\n<p class=\"form-field city\">\r\n    <label class=\"field-label\" for=\"pardot_extra_field\">City<\/label>\r\n    <input class=\"text\" type=\"text\" id=\"pardot_extra_field\" name=\"pardot_extra_field\">\r\n<\/p>\r\n      \r\n  <p class=\"form-field  utm_campaign pd-hidden  hidden   \">\r\n    <input type=\"hidden\" name=\"utm_campaign\" id=\"pardot_utm_campaign\" value=\"\">\r\n  <\/p>\r\n      \r\n  <p class=\"form-field  utm_medium pd-hidden  hidden   \">\r\n    <input type=\"hidden\" name=\"utm_medium\" id=\"pardot_utm_medium\" value=\"\">\r\n  <\/p>\r\n      \r\n  <p class=\"form-field  utm_source pd-hidden  hidden   \">\r\n    <input type=\"hidden\" name=\"utm_source\" id=\"pardot_utm_source\" value=\"\">\r\n  <\/p>\r\n\r\n  <p class=\"form-field  utm_term pd-hidden  hidden   \">\r\n    <input type=\"hidden\" name=\"utm_term\" id=\"pardot_utm_term\" value=\"\">\r\n  <\/p>\r\n\r\n  <p class=\"form-field  utm_region pd-hidden  hidden   \">\r\n    <input type=\"hidden\" name=\"utm_region\" id=\"pardot_utm_region\" value=\"\">\r\n  <\/p>\r\n\r\n  <p class=\"form-field  utm_channel pd-hidden  hidden   \">\r\n    <input type=\"hidden\" name=\"utm_channel\" id=\"pardot_utm_channel\" value=\"\">\r\n  <\/p>\r\n\r\n  <p class=\"form-field  utm_content pd-hidden  hidden   \">\r\n    <input type=\"hidden\" name=\"utm_content\" id=\"pardot_utm_content\" value=\"\">\r\n  <\/p>\r\n\r\n  <p class=\"form-field  referring-page pd-hidden  hidden   \">\r\n    <input type=\"hidden\" name=\"ReferringPage\" id=\"pardot_referring_page\" value=\"\">\r\n  <\/p>\r\n\r\n  <p class=\"form-field consent-stmt\">\r\n    <span>Durch das Absenden dieses Formulars erkl\u00e4re ich mich damit einverstanden, von Assent kontaktiert zu werden. Dies schlie\u00dft auch den Erhalt des elektronischen Newsletters und anderer Werbenachrichten per E-Mail unter Ber\u00fccksichtigung der <a href=\"https:\/\/www.assent.com\/de\/datenschutz\/\" target=\"_blank\">Datenschutzrichtlinie von Assent mit ein<\/a>.<\/span>\r\n  <\/p>\r\n    \r\n  <!-- forces IE5-8 to correctly submit UTF8 content  -->\r\n  <input name=\"_utf8\" type=\"hidden\" value=\"\u2603\">\r\n  <p class=\"submit\">\r\n    <input type=\"submit\" accesskey=\"s\" value=\"Abschicken\" id =\"btn-submit\"> \r\n  <\/p>\r\n  \r\n<input type=\"hidden\" name=\"form_validation\" value=\"SkNSUzhhSUFjNlZmcEFaMU1meEx1ME9QNUhYaW9Hd1BZN0Q5UGVuTzBVSWJYYk16SElOcWdoNTh5amhzWUtjL3RkcEdNMWtWSVlTYVY5T0pmMlVSQkE9PTo6YeNuPMkwAtlDD+1OYOufrw==\" \/><input type=\"hidden\" id=\"form_nonce\" name=\"form_nonce\" value=\"a93fe1220f\" \/><input type=\"hidden\" name=\"_wp_http_referer\" value=\"\/de\/wp-json\/wp\/v2\/pages\/39508\" \/><\/form>\t\t\t\t\t<\/div> \n\t\t\t\t\t\n\t\t\t\t\t\t\t\t\t<\/div>\n\t\t\t<\/div>\n\t\t<\/div>\n\t<\/section>\n\n<script type=\"text\/javascript\">\n    (function() {\n        \/\/ Retrieve the form action URL parameter from the query string\n        const urlParams = new URLSearchParams(window.location.search);\n        const formActionParam = urlParams.get('form_action');\n        const form = document.querySelector('.two-column-form.book-a-demo');\n\n        \/\/ Update the action attribute of the forms on this page\n        if (form && formActionParam) {\n            const formHandler = form.querySelector('input[name=\"form_validation\"]');\n\n            if (formHandler) {\n                formHandler.value = formActionParam;\n            }\n        }\n    }());\n<\/script>\n","protected":false},"excerpt":{"rendered":"<p>Erhalten Sie eine pers\u00f6nliche live Demo der Lieferketten-Sorgfaltspflicht-Software von Assent und verbessern Sie Ihr Produkt-Compliance-Programm.<\/p>\n","protected":false},"author":21,"featured_media":0,"parent":0,"menu_order":0,"comment_status":"closed","ping_status":"closed","template":"","meta":{"_acf_changed":false,"footnotes":"","_links_to":"","_links_to_target":""},"categories":[],"class_list":["post-39508","page","type-page","status-publish","hentry"],"acf":[],"yoast_head":"<!-- This site is optimized with the Yoast SEO Premium plugin v26.6 (Yoast SEO v27.0) - https:\/\/yoast.com\/product\/yoast-seo-premium-wordpress\/ -->\n<title>Personalisierte Live-Demo buchen | Assent<\/title>\n<meta name=\"description\" content=\"Erhalten Sie eine pers\u00f6nliche live Demo der Lieferketten-Sorgfaltspflicht-Software von Assent und verbessern Sie Ihr Produkt-Compliance-Programm.\" \/>\n<meta name=\"robots\" content=\"index, follow, max-snippet:-1, max-image-preview:large, max-video-preview:-1\" \/>\n<link rel=\"canonical\" href=\"https:\/\/www.assent.com\/de\/personalisierte-live-demo-buchen\/\" \/>\n<meta property=\"og:locale\" content=\"de_DE\" \/>\n<meta property=\"og:type\" content=\"article\" \/>\n<meta property=\"og:title\" content=\"Personalisierte Live-Demo buchen\" \/>\n<meta property=\"og:description\" content=\"Erhalten Sie eine pers\u00f6nliche live Demo der Lieferketten-Sorgfaltspflicht-Software von Assent und verbessern Sie Ihr Produkt-Compliance-Programm.\" \/>\n<meta property=\"og:url\" content=\"https:\/\/www.assent.com\/de\/personalisierte-live-demo-buchen\/\" \/>\n<meta property=\"og:site_name\" content=\"Assent\" \/>\n<meta property=\"article:publisher\" content=\"https:\/\/www.facebook.com\/AssentCompliance\/\" \/>\n<meta property=\"article:modified_time\" content=\"2025-08-28T21:54:00+00:00\" \/>\n<meta name=\"twitter:card\" content=\"summary_large_image\" \/>\n<meta name=\"twitter:site\" content=\"@AssentGlobal\" \/>\n<script type=\"application\/ld+json\" class=\"yoast-schema-graph\">{\"@context\":\"https:\/\/schema.org\",\"@graph\":[{\"@type\":\"WebPage\",\"@id\":\"https:\/\/www.assent.com\/de\/personalisierte-live-demo-buchen\/\",\"url\":\"https:\/\/www.assent.com\/de\/personalisierte-live-demo-buchen\/\",\"name\":\"Personalisierte Live-Demo buchen | Assent\",\"isPartOf\":{\"@id\":\"https:\/\/www.assent.com\/de\/#website\"},\"datePublished\":\"2022-09-14T15:06:27+00:00\",\"dateModified\":\"2025-08-28T21:54:00+00:00\",\"description\":\"Erhalten Sie eine pers\u00f6nliche live Demo der Lieferketten-Sorgfaltspflicht-Software von Assent und verbessern Sie Ihr Produkt-Compliance-Programm.\",\"breadcrumb\":{\"@id\":\"https:\/\/www.assent.com\/de\/personalisierte-live-demo-buchen\/#breadcrumb\"},\"inLanguage\":\"de\",\"potentialAction\":[{\"@type\":\"ReadAction\",\"target\":[\"https:\/\/www.assent.com\/de\/personalisierte-live-demo-buchen\/\"]}]},{\"@type\":\"BreadcrumbList\",\"@id\":\"https:\/\/www.assent.com\/de\/personalisierte-live-demo-buchen\/#breadcrumb\",\"itemListElement\":[{\"@type\":\"ListItem\",\"position\":1,\"name\":\"Home\",\"item\":\"https:\/\/www.assent.com\/de\/\"},{\"@type\":\"ListItem\",\"position\":2,\"name\":\"Personalisierte Live-Demo buchen\"}]},{\"@type\":\"WebSite\",\"@id\":\"https:\/\/www.assent.com\/de\/#website\",\"url\":\"https:\/\/www.assent.com\/de\/\",\"name\":\"Assent\",\"description\":\"\",\"publisher\":{\"@id\":\"https:\/\/www.assent.com\/de\/#organization\"},\"potentialAction\":[{\"@type\":\"SearchAction\",\"target\":{\"@type\":\"EntryPoint\",\"urlTemplate\":\"https:\/\/www.assent.com\/de\/?s={search_term_string}\"},\"query-input\":{\"@type\":\"PropertyValueSpecification\",\"valueRequired\":true,\"valueName\":\"search_term_string\"}}],\"inLanguage\":\"de\"},{\"@type\":\"Organization\",\"@id\":\"https:\/\/www.assent.com\/de\/#organization\",\"name\":\"Assent\",\"url\":\"https:\/\/www.assent.com\/de\/\",\"logo\":{\"@type\":\"ImageObject\",\"inLanguage\":\"de\",\"@id\":\"https:\/\/www.assent.com\/de\/#\/schema\/logo\/image\/\",\"url\":\"https:\/\/www.assent.com\/wp-content\/uploads\/2022\/01\/logo.svg\",\"contentUrl\":\"https:\/\/www.assent.com\/wp-content\/uploads\/2022\/01\/logo.svg\",\"width\":1,\"height\":1,\"caption\":\"Assent\"},\"image\":{\"@id\":\"https:\/\/www.assent.com\/de\/#\/schema\/logo\/image\/\"},\"sameAs\":[\"https:\/\/www.facebook.com\/AssentCompliance\/\",\"https:\/\/x.com\/AssentGlobal\",\"https:\/\/www.linkedin.com\/company\/assent-compliance-inc\"]}]}<\/script>\n<!-- \/ Yoast SEO Premium plugin. -->","yoast_head_json":{"title":"Personalisierte Live-Demo buchen | Assent","description":"Erhalten Sie eine pers\u00f6nliche live Demo der Lieferketten-Sorgfaltspflicht-Software von Assent und verbessern Sie Ihr Produkt-Compliance-Programm.","robots":{"index":"index","follow":"follow","max-snippet":"max-snippet:-1","max-image-preview":"max-image-preview:large","max-video-preview":"max-video-preview:-1"},"canonical":"https:\/\/www.assent.com\/de\/personalisierte-live-demo-buchen\/","og_locale":"de_DE","og_type":"article","og_title":"Personalisierte Live-Demo buchen","og_description":"Erhalten Sie eine pers\u00f6nliche live Demo der Lieferketten-Sorgfaltspflicht-Software von Assent und verbessern Sie Ihr Produkt-Compliance-Programm.","og_url":"https:\/\/www.assent.com\/de\/personalisierte-live-demo-buchen\/","og_site_name":"Assent","article_publisher":"https:\/\/www.facebook.com\/AssentCompliance\/","article_modified_time":"2025-08-28T21:54:00+00:00","twitter_card":"summary_large_image","twitter_site":"@AssentGlobal","schema":{"@context":"https:\/\/schema.org","@graph":[{"@type":"WebPage","@id":"https:\/\/www.assent.com\/de\/personalisierte-live-demo-buchen\/","url":"https:\/\/www.assent.com\/de\/personalisierte-live-demo-buchen\/","name":"Personalisierte Live-Demo buchen | Assent","isPartOf":{"@id":"https:\/\/www.assent.com\/de\/#website"},"datePublished":"2022-09-14T15:06:27+00:00","dateModified":"2025-08-28T21:54:00+00:00","description":"Erhalten Sie eine pers\u00f6nliche live Demo der Lieferketten-Sorgfaltspflicht-Software von Assent und verbessern Sie Ihr Produkt-Compliance-Programm.","breadcrumb":{"@id":"https:\/\/www.assent.com\/de\/personalisierte-live-demo-buchen\/#breadcrumb"},"inLanguage":"de","potentialAction":[{"@type":"ReadAction","target":["https:\/\/www.assent.com\/de\/personalisierte-live-demo-buchen\/"]}]},{"@type":"BreadcrumbList","@id":"https:\/\/www.assent.com\/de\/personalisierte-live-demo-buchen\/#breadcrumb","itemListElement":[{"@type":"ListItem","position":1,"name":"Home","item":"https:\/\/www.assent.com\/de\/"},{"@type":"ListItem","position":2,"name":"Personalisierte Live-Demo buchen"}]},{"@type":"WebSite","@id":"https:\/\/www.assent.com\/de\/#website","url":"https:\/\/www.assent.com\/de\/","name":"Assent","description":"","publisher":{"@id":"https:\/\/www.assent.com\/de\/#organization"},"potentialAction":[{"@type":"SearchAction","target":{"@type":"EntryPoint","urlTemplate":"https:\/\/www.assent.com\/de\/?s={search_term_string}"},"query-input":{"@type":"PropertyValueSpecification","valueRequired":true,"valueName":"search_term_string"}}],"inLanguage":"de"},{"@type":"Organization","@id":"https:\/\/www.assent.com\/de\/#organization","name":"Assent","url":"https:\/\/www.assent.com\/de\/","logo":{"@type":"ImageObject","inLanguage":"de","@id":"https:\/\/www.assent.com\/de\/#\/schema\/logo\/image\/","url":"https:\/\/www.assent.com\/wp-content\/uploads\/2022\/01\/logo.svg","contentUrl":"https:\/\/www.assent.com\/wp-content\/uploads\/2022\/01\/logo.svg","width":1,"height":1,"caption":"Assent"},"image":{"@id":"https:\/\/www.assent.com\/de\/#\/schema\/logo\/image\/"},"sameAs":["https:\/\/www.facebook.com\/AssentCompliance\/","https:\/\/x.com\/AssentGlobal","https:\/\/www.linkedin.com\/company\/assent-compliance-inc"]}]}},"_links":{"self":[{"href":"https:\/\/www.assent.com\/de\/wp-json\/wp\/v2\/pages\/39508","targetHints":{"allow":["GET"]}}],"collection":[{"href":"https:\/\/www.assent.com\/de\/wp-json\/wp\/v2\/pages"}],"about":[{"href":"https:\/\/www.assent.com\/de\/wp-json\/wp\/v2\/types\/page"}],"author":[{"embeddable":true,"href":"https:\/\/www.assent.com\/de\/wp-json\/wp\/v2\/users\/21"}],"replies":[{"embeddable":true,"href":"https:\/\/www.assent.com\/de\/wp-json\/wp\/v2\/comments?post=39508"}],"version-history":[{"count":1,"href":"https:\/\/www.assent.com\/de\/wp-json\/wp\/v2\/pages\/39508\/revisions"}],"predecessor-version":[{"id":96689,"href":"https:\/\/www.assent.com\/de\/wp-json\/wp\/v2\/pages\/39508\/revisions\/96689"}],"wp:attachment":[{"href":"https:\/\/www.assent.com\/de\/wp-json\/wp\/v2\/media?parent=39508"}],"wp:term":[{"taxonomy":"category","embeddable":true,"href":"https:\/\/www.assent.com\/de\/wp-json\/wp\/v2\/categories?post=39508"}],"curies":[{"name":"wp","href":"https:\/\/api.w.org\/{rel}","templated":true}]}}