{"id":34718,"date":"2022-04-13T18:19:41","date_gmt":"2022-04-13T22:19:41","guid":{"rendered":"https:\/\/www.assent.com\/?page_id=34718"},"modified":"2022-07-18T15:37:24","modified_gmt":"2022-07-18T19:37:24","slug":"vielen-dank-fuer-ihre-registrierung","status":"publish","type":"page","link":"https:\/\/www.assent.com\/de\/veranstaltung-vielen-dank\/","title":{"rendered":"Vielen Dank f\u00fcr Ihre Registrierung"},"content":{"rendered":"<!-- banner area part -->\n        <section class=\"generic-hero  fog   \" ><div class=\"gh-right-triangles\"><\/div><div class=\"row hero-wrap\">\n                <div class=\"cell-7 hero-left\"><div class=\"hero-left-inner d-flex align-items-center\"><div class=\"gh-content\"><h1 class=\"h1\">Vielen Dank f\u00fcr Ihre Registrierung<\/h1><p>Sie erhalten in K\u00fcrze eine E-Mail von uns mit weiteren Informationen zur Teilnahme an der Veranstaltung.<\/p>\n<div class=\"btn-wrap\"><a href=\"\/de\" class=\"btn \" target=\"\">Zur\u00fcck zur Startseite<\/a><\/div><\/div><\/div>\n                <\/div><\/div>\n        <\/section>\n\n<section class=\"related-resource-comp classic\" >\n    <div class=\"container\">\n        <div class=\"sec-heading text-center\"><h2>Neueste Einblicke<\/h2><div class=\"desc\"><p>Die neuesten Informationen, Ressourcen und Webinare von unserem Team von Regulierungsexperten.<\/p>\n<\/div><\/div><div class=\"row-wrapper\"><div class=\"row justify-content-center\"><div class=\"cell-lg-4 cell-sm-6 resource\"><div class=\"resource-inner\"><figure><a href=\"https:\/\/www.assent.com\/de\/blog\/wissen-bevor-sie-kaufen-5-fragen-an-anbieter-von-lieferketten-software\/\" aria-label=\"Wissen, bevor Sie kaufen: 5\u00a0Fragen an Anbieter von Lieferketten-Software\"><img decoding=\"async\" src=\"https:\/\/www.assent.com\/wp-content\/uploads\/2024\/12\/Reduce-Your-Costs-Increase-Revenue.webp\" alt=\"A manufacturing executive evaluating supply chai software vendors and looking concerned. \"><\/a><\/figure><div class=\"desc\"><div class=\"desc-inner\"><div class=\"cat-and-name\"><span class=\"cat\"><a class=\"cat-link\" href=\"https:\/\/www.assent.com\/de\/category\/blog-de\/\">Blog<\/a><\/span><a href=\"https:\/\/www.assent.com\/de\/autor\/lori-zoellner\/\" class=\"author\" data-time=\"10\"><div class=\"img-wrap\"><img decoding=\"async\" src=\"https:\/\/www.assent.com\/wp-content\/uploads\/2023\/03\/image-2.png\" alt=\"Lori Zoellner\"><\/div><span>Lori Zoellner<\/span><\/a><\/div><h4><a href=\"https:\/\/www.assent.com\/de\/blog\/wissen-bevor-sie-kaufen-5-fragen-an-anbieter-von-lieferketten-software\/\">Wissen, bevor Sie kaufen: 5\u00a0Fragen an Anbieter von Lieferketten-Software<\/a><\/h4><p>Die Auswahl von Software f\u00fcr die Lieferkette erfordert strategisches Know-how. Entdecken Sie die wichtigsten Fragen, die Sie den Anbietern stellen sollten, um  &#8230;<\/p><\/div><div class=\"tag-wrap\"><a rel=\"nofollow\" class=\"tag-link\" href=\"?pager=1&#038;filter=1&#038;tag[]=product-compliance-de-2&#038;search_text=&#038;filter_order=\">Product Compliance<\/a><a rel=\"nofollow\" class=\"tag-link\" href=\"?pager=1&#038;filter=1&#038;tag[]=supply-chain-sustainability-de-2&#038;search_text=&#038;filter_order=\">Supply Chain Sustainability<\/a><\/div><\/div><\/div><\/div><div class=\"cell-lg-4 cell-sm-6 resource\"><div class=\"resource-inner\"><figure><a href=\"https:\/\/www.assent.com\/de\/blog-de\/verwandeln-sie-verzoegerungen-in-einen-wettbewerbsvorteil\/\" aria-label=\"Wenn Vorschriften ins Stocken geraten, sollten Sie aktiv werden: Verwandeln Sie Verz\u00f6gerungen in einen Wettbewerbsvorteil\"><img decoding=\"async\" src=\"https:\/\/www.assent.com\/wp-content\/uploads\/2025\/03\/1902082709-manufacturing-factory-worker-business-2000px.webp\" alt=\"Zwei Fachleute aus der Fertigungsbranche diskutieren dar\u00fcber, wie man den regulatorischen \u00c4nderungen immer einen Schritt voraus bleibt.\"><\/a><\/figure><div class=\"desc\"><div class=\"desc-inner\"><div class=\"cat-and-name\"><span class=\"cat\"><a class=\"cat-link\" href=\"https:\/\/www.assent.com\/de\/category\/blog-de\/\">Blog<\/a><\/span><a href=\"https:\/\/www.assent.com\/de\/author\/cally-edgren\/\" class=\"author\" data-time=\"8\"><div class=\"img-wrap\"><img decoding=\"async\" src=\"https:\/\/www.assent.com\/wp-content\/uploads\/2022\/04\/Cally-Headshot-500x500-1.png\" alt=\"Cally Edgren\"><\/div><span>Cally Edgren<\/span><\/a><\/div><h4><a href=\"https:\/\/www.assent.com\/de\/blog-de\/verwandeln-sie-verzoegerungen-in-einen-wettbewerbsvorteil\/\">Wenn Vorschriften ins Stocken geraten, sollten Sie aktiv werden: Verwandeln Sie Verz\u00f6gerungen in einen Wettbewerbsvorteil<\/a><\/h4><p>Regulatorische Verz\u00f6gerungen sind kein Stillstand, sondern ein Vorsprung. Erfahren Sie, wie proaktive Compliance globale Berichtspausen in einen Wettbewerbsvor &#8230;<\/p><\/div><div class=\"tag-wrap\"><a rel=\"nofollow\" class=\"tag-link\" href=\"?pager=1&#038;filter=1&#038;tag[]=eubr-de&#038;search_text=&#038;filter_order=\">EUBR<\/a><a rel=\"nofollow\" class=\"tag-link\" href=\"?pager=1&#038;filter=1&#038;tag[]=eudr-de&#038;search_text=&#038;filter_order=\">EUDR<\/a><a rel=\"nofollow\" class=\"tag-link\" href=\"?pager=1&#038;filter=1&#038;tag[]=supply-chain-sustainability-de-2&#038;search_text=&#038;filter_order=\">Supply Chain Sustainability<\/a><\/div><\/div><\/div><\/div><div class=\"cell-lg-4 cell-sm-6 resource\"><div class=\"resource-inner\"><figure><a href=\"https:\/\/www.assent.com\/de\/blog\/wie-die-epr-die-produktkonformitat-fur-us-hersteller-verandert\/\" aria-label=\"Wie die EPR die Produktkonformit\u00e4t f\u00fcr US- Hersteller ver\u00e4ndert\"><img decoding=\"async\" src=\"https:\/\/www.assent.com\/wp-content\/uploads\/2024\/06\/ContentHubThumbnail-The_CBAM_Scoping_Guide_Understand_Your_Risks_Requirements-ESG-GD-240612.jpg\" alt=\"A manufacturer who is smiling and proactive about the EPR requirements for his packaging. \"><\/a><\/figure><div class=\"desc\"><div class=\"desc-inner\"><div class=\"cat-and-name\"><span class=\"cat\"><a class=\"cat-link\" href=\"https:\/\/www.assent.com\/de\/category\/blog-de\/\">Blog<\/a><\/span><a href=\"https:\/\/www.assent.com\/de\/autor\/annie-calfo\/\" class=\"author\" data-time=\"5\"><div class=\"img-wrap\"><img decoding=\"async\" src=\"https:\/\/www.assent.com\/wp-content\/uploads\/2025\/10\/Annie-Calfo.avif\" alt=\"Annie Calfo\"><\/div><span>Annie Calfo<\/span><\/a><\/div><h4><a href=\"https:\/\/www.assent.com\/de\/blog\/wie-die-epr-die-produktkonformitat-fur-us-hersteller-verandert\/\">Wie die EPR die Produktkonformit\u00e4t f\u00fcr US- Hersteller ver\u00e4ndert<\/a><\/h4><p>Entdecken Sie, wie EPR-Gesetze und -L\u00f6sungen die US-amerikanische Produktkonformit\u00e4t ver\u00e4ndern. <\/p><\/div><div class=\"tag-wrap\"><a rel=\"nofollow\" class=\"tag-link\" href=\"?pager=1&#038;filter=1&#038;tag[]=cbam-de&#038;search_text=&#038;filter_order=\">CBAM<\/a><a rel=\"nofollow\" class=\"tag-link\" href=\"?pager=1&#038;filter=1&#038;tag[]=supply-chain-sustainability-de-2&#038;search_text=&#038;filter_order=\">Supply Chain Sustainability<\/a><\/div><\/div><\/div><\/div><\/div><\/div><\/div>\n<\/section>","protected":false},"excerpt":{"rendered":"","protected":false},"author":21,"featured_media":0,"parent":0,"menu_order":0,"comment_status":"closed","ping_status":"closed","template":"","meta":{"_acf_changed":false,"footnotes":"","_links_to":"","_links_to_target":""},"categories":[],"class_list":["post-34718","page","type-page","status-publish","hentry"],"acf":[],"yoast_head":"<!-- This site is optimized with the Yoast SEO Premium plugin v26.6 (Yoast SEO v27.0) - https:\/\/yoast.com\/product\/yoast-seo-premium-wordpress\/ -->\n<title>Vielen Dank f\u00fcr Ihre Registrierung | Assent<\/title>\n<meta name=\"robots\" content=\"index, follow, max-snippet:-1, max-image-preview:large, max-video-preview:-1\" \/>\n<link rel=\"canonical\" href=\"https:\/\/www.assent.com\/de\/veranstaltung-vielen-dank\/\" \/>\n<meta property=\"og:locale\" content=\"de_DE\" \/>\n<meta property=\"og:type\" content=\"article\" \/>\n<meta property=\"og:title\" content=\"Vielen Dank f\u00fcr Ihre Registrierung\" \/>\n<meta property=\"og:url\" content=\"https:\/\/www.assent.com\/de\/veranstaltung-vielen-dank\/\" \/>\n<meta property=\"og:site_name\" content=\"Assent\" \/>\n<meta property=\"article:publisher\" content=\"https:\/\/www.facebook.com\/AssentCompliance\/\" \/>\n<meta property=\"article:modified_time\" content=\"2022-07-18T19:37:24+00:00\" \/>\n<meta name=\"twitter:card\" content=\"summary_large_image\" \/>\n<meta name=\"twitter:site\" content=\"@AssentGlobal\" \/>\n<script type=\"application\/ld+json\" class=\"yoast-schema-graph\">{\"@context\":\"https:\/\/schema.org\",\"@graph\":[{\"@type\":\"WebPage\",\"@id\":\"https:\/\/www.assent.com\/de\/veranstaltung-vielen-dank\/\",\"url\":\"https:\/\/www.assent.com\/de\/veranstaltung-vielen-dank\/\",\"name\":\"Vielen Dank f\u00fcr Ihre Registrierung | Assent\",\"isPartOf\":{\"@id\":\"https:\/\/www.assent.com\/de\/#website\"},\"datePublished\":\"2022-04-13T22:19:41+00:00\",\"dateModified\":\"2022-07-18T19:37:24+00:00\",\"breadcrumb\":{\"@id\":\"https:\/\/www.assent.com\/de\/veranstaltung-vielen-dank\/#breadcrumb\"},\"inLanguage\":\"de\",\"potentialAction\":[{\"@type\":\"ReadAction\",\"target\":[\"https:\/\/www.assent.com\/de\/veranstaltung-vielen-dank\/\"]}]},{\"@type\":\"BreadcrumbList\",\"@id\":\"https:\/\/www.assent.com\/de\/veranstaltung-vielen-dank\/#breadcrumb\",\"itemListElement\":[{\"@type\":\"ListItem\",\"position\":1,\"name\":\"Home\",\"item\":\"https:\/\/www.assent.com\/de\/\"},{\"@type\":\"ListItem\",\"position\":2,\"name\":\"Vielen Dank f\u00fcr Ihre Registrierung\"}]},{\"@type\":\"WebSite\",\"@id\":\"https:\/\/www.assent.com\/de\/#website\",\"url\":\"https:\/\/www.assent.com\/de\/\",\"name\":\"Assent\",\"description\":\"\",\"publisher\":{\"@id\":\"https:\/\/www.assent.com\/de\/#organization\"},\"potentialAction\":[{\"@type\":\"SearchAction\",\"target\":{\"@type\":\"EntryPoint\",\"urlTemplate\":\"https:\/\/www.assent.com\/de\/?s={search_term_string}\"},\"query-input\":{\"@type\":\"PropertyValueSpecification\",\"valueRequired\":true,\"valueName\":\"search_term_string\"}}],\"inLanguage\":\"de\"},{\"@type\":\"Organization\",\"@id\":\"https:\/\/www.assent.com\/de\/#organization\",\"name\":\"Assent\",\"url\":\"https:\/\/www.assent.com\/de\/\",\"logo\":{\"@type\":\"ImageObject\",\"inLanguage\":\"de\",\"@id\":\"https:\/\/www.assent.com\/de\/#\/schema\/logo\/image\/\",\"url\":\"https:\/\/www.assent.com\/wp-content\/uploads\/2022\/01\/logo.svg\",\"contentUrl\":\"https:\/\/www.assent.com\/wp-content\/uploads\/2022\/01\/logo.svg\",\"width\":1,\"height\":1,\"caption\":\"Assent\"},\"image\":{\"@id\":\"https:\/\/www.assent.com\/de\/#\/schema\/logo\/image\/\"},\"sameAs\":[\"https:\/\/www.facebook.com\/AssentCompliance\/\",\"https:\/\/x.com\/AssentGlobal\",\"https:\/\/www.linkedin.com\/company\/assent-compliance-inc\"]}]}<\/script>\n<!-- \/ Yoast SEO Premium plugin. -->","yoast_head_json":{"title":"Vielen Dank f\u00fcr Ihre Registrierung | Assent","robots":{"index":"index","follow":"follow","max-snippet":"max-snippet:-1","max-image-preview":"max-image-preview:large","max-video-preview":"max-video-preview:-1"},"canonical":"https:\/\/www.assent.com\/de\/veranstaltung-vielen-dank\/","og_locale":"de_DE","og_type":"article","og_title":"Vielen Dank f\u00fcr Ihre Registrierung","og_url":"https:\/\/www.assent.com\/de\/veranstaltung-vielen-dank\/","og_site_name":"Assent","article_publisher":"https:\/\/www.facebook.com\/AssentCompliance\/","article_modified_time":"2022-07-18T19:37:24+00:00","twitter_card":"summary_large_image","twitter_site":"@AssentGlobal","schema":{"@context":"https:\/\/schema.org","@graph":[{"@type":"WebPage","@id":"https:\/\/www.assent.com\/de\/veranstaltung-vielen-dank\/","url":"https:\/\/www.assent.com\/de\/veranstaltung-vielen-dank\/","name":"Vielen Dank f\u00fcr Ihre Registrierung | Assent","isPartOf":{"@id":"https:\/\/www.assent.com\/de\/#website"},"datePublished":"2022-04-13T22:19:41+00:00","dateModified":"2022-07-18T19:37:24+00:00","breadcrumb":{"@id":"https:\/\/www.assent.com\/de\/veranstaltung-vielen-dank\/#breadcrumb"},"inLanguage":"de","potentialAction":[{"@type":"ReadAction","target":["https:\/\/www.assent.com\/de\/veranstaltung-vielen-dank\/"]}]},{"@type":"BreadcrumbList","@id":"https:\/\/www.assent.com\/de\/veranstaltung-vielen-dank\/#breadcrumb","itemListElement":[{"@type":"ListItem","position":1,"name":"Home","item":"https:\/\/www.assent.com\/de\/"},{"@type":"ListItem","position":2,"name":"Vielen Dank f\u00fcr Ihre Registrierung"}]},{"@type":"WebSite","@id":"https:\/\/www.assent.com\/de\/#website","url":"https:\/\/www.assent.com\/de\/","name":"Assent","description":"","publisher":{"@id":"https:\/\/www.assent.com\/de\/#organization"},"potentialAction":[{"@type":"SearchAction","target":{"@type":"EntryPoint","urlTemplate":"https:\/\/www.assent.com\/de\/?s={search_term_string}"},"query-input":{"@type":"PropertyValueSpecification","valueRequired":true,"valueName":"search_term_string"}}],"inLanguage":"de"},{"@type":"Organization","@id":"https:\/\/www.assent.com\/de\/#organization","name":"Assent","url":"https:\/\/www.assent.com\/de\/","logo":{"@type":"ImageObject","inLanguage":"de","@id":"https:\/\/www.assent.com\/de\/#\/schema\/logo\/image\/","url":"https:\/\/www.assent.com\/wp-content\/uploads\/2022\/01\/logo.svg","contentUrl":"https:\/\/www.assent.com\/wp-content\/uploads\/2022\/01\/logo.svg","width":1,"height":1,"caption":"Assent"},"image":{"@id":"https:\/\/www.assent.com\/de\/#\/schema\/logo\/image\/"},"sameAs":["https:\/\/www.facebook.com\/AssentCompliance\/","https:\/\/x.com\/AssentGlobal","https:\/\/www.linkedin.com\/company\/assent-compliance-inc"]}]}},"_links":{"self":[{"href":"https:\/\/www.assent.com\/de\/wp-json\/wp\/v2\/pages\/34718","targetHints":{"allow":["GET"]}}],"collection":[{"href":"https:\/\/www.assent.com\/de\/wp-json\/wp\/v2\/pages"}],"about":[{"href":"https:\/\/www.assent.com\/de\/wp-json\/wp\/v2\/types\/page"}],"author":[{"embeddable":true,"href":"https:\/\/www.assent.com\/de\/wp-json\/wp\/v2\/users\/21"}],"replies":[{"embeddable":true,"href":"https:\/\/www.assent.com\/de\/wp-json\/wp\/v2\/comments?post=34718"}],"version-history":[{"count":0,"href":"https:\/\/www.assent.com\/de\/wp-json\/wp\/v2\/pages\/34718\/revisions"}],"wp:attachment":[{"href":"https:\/\/www.assent.com\/de\/wp-json\/wp\/v2\/media?parent=34718"}],"wp:term":[{"taxonomy":"category","embeddable":true,"href":"https:\/\/www.assent.com\/de\/wp-json\/wp\/v2\/categories?post=34718"}],"curies":[{"name":"wp","href":"https:\/\/api.w.org\/{rel}","templated":true}]}}