{"id":29863,"date":"2022-01-28T19:40:02","date_gmt":"2022-01-29T00:40:02","guid":{"rendered":"https:\/\/www.assent.com\/plattform-faehigkeiten\/unsere-expertise\/valerie-kuntz\/"},"modified":"2025-07-22T18:00:58","modified_gmt":"2025-07-22T22:00:58","slug":"valerie-kuntz","status":"publish","type":"page","link":"https:\/\/www.assent.com\/de\/funktionen\/expertise\/valerie-kuntz\/","title":{"rendered":"Valerie Kuntz"},"content":{"rendered":"\n<div style=\"height:75px\" aria-hidden=\"true\" class=\"wp-block-spacer\"><\/div>\n\n\n\r\n<!-- WYSIWYG -->\r\n        <section class=\"wysiwyg-section\">\r\n            <div class=\"container\"><h1>Valerie Kuntz<\/h1>\n<h6>Lernen Sie Valerie Kuntz kennen \u2013 Expertin f\u00fcr regulatorische Compliance bei Assent<\/h6>\n<p><img decoding=\"async\" class=\"size-medium wp-image-1618 alignright\" src=\"https:\/\/assent.com\/wp-content\/uploads\/2022\/01\/Assent_TeamMember_ValerieKuntz_headshot2-300x300.jpeg\" alt=\"\" width=\"300\" height=\"300\" srcset=\"https:\/\/www.assent.com\/wp-content\/uploads\/2022\/01\/Assent_TeamMember_ValerieKuntz_headshot2-300x300.jpeg 300w, https:\/\/www.assent.com\/wp-content\/uploads\/2022\/01\/Assent_TeamMember_ValerieKuntz_headshot2-150x150.jpeg 150w, https:\/\/www.assent.com\/wp-content\/uploads\/2022\/01\/Assent_TeamMember_ValerieKuntz_headshot2.jpeg 660w\" sizes=\"(max-width: 300px) 100vw, 300px\" \/>Valerie ist spezialisiert auf Implementierungsprozesse zur Beschr\u00e4nkung gef\u00e4hrlicher Substanzen (RoHS), auf die Registrierung, Bewertung, Zulassung und Beschr\u00e4nkung chemischer Stoffe (REACH) in gro\u00dfen Unternehmen sowie auf die Bereiche erweiterte Herstellerverantwortung und Prozesse f\u00fcr Konfliktmineralien. Sie setzt sich f\u00fcr die Entwicklung und Verbesserung von Erkl\u00e4rungsstandards ein und leitete die Arbeitsgruppe f\u00fcr das Pilotprojekt \u201eDeclarable Substances List\u201c der International Aerospace Environmental Group (IAEG).<\/p>\n<p>Bevor sie zu Assent kam, war Valerie 20 Jahre lang bei Intel Corporation t\u00e4tig. Sie begann im Bereich Materialien und wurde schlie\u00dflich Programmmanagerin, wobei sie f\u00fcr das globale Materialkonformit\u00e4tsprogramm verantwortlich war.<\/p>\n<p>&nbsp;<\/p>\n<p><a href=\"https:\/\/www.linkedin.com\/in\/valerie-kuntz-b4539518\/\" target=\"_blank\" rel=\"noopener\">Mit Valerie Kuntz auf LinkedIn verbinden<\/a><\/p>\n<p><a href=\"mailto:valerie.kuntz@assent.com\">E-Mail an Valerie Kuntz senden<\/a><\/p>\n<\/div>    \r\n        <\/section>\n\n\n<div style=\"height:75px\" aria-hidden=\"true\" class=\"wp-block-spacer\"><\/div>\n\n\n\n<div style=\"height:75px\" aria-hidden=\"true\" class=\"wp-block-spacer\"><\/div>\n","protected":false},"excerpt":{"rendered":"<p>Lernen Sie Valerie Kuntz kennen \u2013 Expertin f\u00fcr regulatorische Compliance bei Assent<\/p>\n","protected":false},"author":21,"featured_media":0,"parent":29753,"menu_order":0,"comment_status":"closed","ping_status":"closed","template":"","meta":{"_acf_changed":false,"footnotes":"","_links_to":"","_links_to_target":""},"categories":[],"class_list":["post-29863","page","type-page","status-publish","hentry"],"acf":[],"yoast_head":"<!-- This site is optimized with the Yoast SEO Premium plugin v26.6 (Yoast SEO v27.0) - https:\/\/yoast.com\/product\/yoast-seo-premium-wordpress\/ -->\n<title>Valerie Kuntz - DE | Regulatory Expert | Assent<\/title>\n<meta name=\"description\" content=\"Lernen Sie Valerie Kuntz kennen \u2013 Expertin f\u00fcr regulatorische Compliance bei Assent\" \/>\n<meta name=\"robots\" content=\"index, follow, max-snippet:-1, max-image-preview:large, max-video-preview:-1\" \/>\n<link rel=\"canonical\" href=\"https:\/\/www.assent.com\/de\/funktionen\/expertise\/valerie-kuntz\/\" \/>\n<meta property=\"og:locale\" content=\"de_DE\" \/>\n<meta property=\"og:type\" content=\"article\" \/>\n<meta property=\"og:title\" content=\"Valerie Kuntz\" \/>\n<meta property=\"og:description\" content=\"Lernen Sie Valerie Kuntz kennen \u2013 Expertin f\u00fcr regulatorische Compliance bei Assent\" \/>\n<meta property=\"og:url\" content=\"https:\/\/www.assent.com\/de\/funktionen\/expertise\/valerie-kuntz\/\" \/>\n<meta property=\"og:site_name\" content=\"Assent\" \/>\n<meta property=\"article:publisher\" content=\"https:\/\/www.facebook.com\/AssentCompliance\/\" \/>\n<meta property=\"article:modified_time\" content=\"2025-07-22T22:00:58+00:00\" \/>\n<meta name=\"twitter:card\" content=\"summary_large_image\" \/>\n<meta name=\"twitter:site\" content=\"@AssentGlobal\" \/>\n<script type=\"application\/ld+json\" class=\"yoast-schema-graph\">{\"@context\":\"https:\/\/schema.org\",\"@graph\":[{\"@type\":\"WebPage\",\"@id\":\"https:\/\/www.assent.com\/de\/funktionen\/expertise\/valerie-kuntz\/\",\"url\":\"https:\/\/www.assent.com\/de\/funktionen\/expertise\/valerie-kuntz\/\",\"name\":\"Valerie Kuntz - DE | Regulatory Expert | Assent\",\"isPartOf\":{\"@id\":\"https:\/\/www.assent.com\/de\/#website\"},\"datePublished\":\"2022-01-29T00:40:02+00:00\",\"dateModified\":\"2025-07-22T22:00:58+00:00\",\"description\":\"Lernen Sie Valerie Kuntz kennen \u2013 Expertin f\u00fcr regulatorische Compliance bei Assent\",\"breadcrumb\":{\"@id\":\"https:\/\/www.assent.com\/de\/funktionen\/expertise\/valerie-kuntz\/#breadcrumb\"},\"inLanguage\":\"de\",\"potentialAction\":[{\"@type\":\"ReadAction\",\"target\":[\"https:\/\/www.assent.com\/de\/funktionen\/expertise\/valerie-kuntz\/\"]}]},{\"@type\":\"BreadcrumbList\",\"@id\":\"https:\/\/www.assent.com\/de\/funktionen\/expertise\/valerie-kuntz\/#breadcrumb\",\"itemListElement\":[{\"@type\":\"ListItem\",\"position\":1,\"name\":\"Home\",\"item\":\"https:\/\/www.assent.com\/de\/\"},{\"@type\":\"ListItem\",\"position\":2,\"name\":\"Unsere Plattform und Funktionen\",\"item\":\"https:\/\/www.assent.com\/de\/funktionen\/\"},{\"@type\":\"ListItem\",\"position\":3,\"name\":\"Unsere Expertise\",\"item\":\"https:\/\/www.assent.com\/de\/funktionen\/expertise\/\"},{\"@type\":\"ListItem\",\"position\":4,\"name\":\"Valerie Kuntz\"}]},{\"@type\":\"WebSite\",\"@id\":\"https:\/\/www.assent.com\/de\/#website\",\"url\":\"https:\/\/www.assent.com\/de\/\",\"name\":\"Assent\",\"description\":\"\",\"publisher\":{\"@id\":\"https:\/\/www.assent.com\/de\/#organization\"},\"potentialAction\":[{\"@type\":\"SearchAction\",\"target\":{\"@type\":\"EntryPoint\",\"urlTemplate\":\"https:\/\/www.assent.com\/de\/?s={search_term_string}\"},\"query-input\":{\"@type\":\"PropertyValueSpecification\",\"valueRequired\":true,\"valueName\":\"search_term_string\"}}],\"inLanguage\":\"de\"},{\"@type\":\"Organization\",\"@id\":\"https:\/\/www.assent.com\/de\/#organization\",\"name\":\"Assent\",\"url\":\"https:\/\/www.assent.com\/de\/\",\"logo\":{\"@type\":\"ImageObject\",\"inLanguage\":\"de\",\"@id\":\"https:\/\/www.assent.com\/de\/#\/schema\/logo\/image\/\",\"url\":\"https:\/\/www.assent.com\/wp-content\/uploads\/2022\/01\/logo.svg\",\"contentUrl\":\"https:\/\/www.assent.com\/wp-content\/uploads\/2022\/01\/logo.svg\",\"width\":1,\"height\":1,\"caption\":\"Assent\"},\"image\":{\"@id\":\"https:\/\/www.assent.com\/de\/#\/schema\/logo\/image\/\"},\"sameAs\":[\"https:\/\/www.facebook.com\/AssentCompliance\/\",\"https:\/\/x.com\/AssentGlobal\",\"https:\/\/www.linkedin.com\/company\/assent-compliance-inc\"]}]}<\/script>\n<!-- \/ Yoast SEO Premium plugin. -->","yoast_head_json":{"title":"Valerie Kuntz - DE | Regulatory Expert | Assent","description":"Lernen Sie Valerie Kuntz kennen \u2013 Expertin f\u00fcr regulatorische Compliance bei Assent","robots":{"index":"index","follow":"follow","max-snippet":"max-snippet:-1","max-image-preview":"max-image-preview:large","max-video-preview":"max-video-preview:-1"},"canonical":"https:\/\/www.assent.com\/de\/funktionen\/expertise\/valerie-kuntz\/","og_locale":"de_DE","og_type":"article","og_title":"Valerie Kuntz","og_description":"Lernen Sie Valerie Kuntz kennen \u2013 Expertin f\u00fcr regulatorische Compliance bei Assent","og_url":"https:\/\/www.assent.com\/de\/funktionen\/expertise\/valerie-kuntz\/","og_site_name":"Assent","article_publisher":"https:\/\/www.facebook.com\/AssentCompliance\/","article_modified_time":"2025-07-22T22:00:58+00:00","twitter_card":"summary_large_image","twitter_site":"@AssentGlobal","schema":{"@context":"https:\/\/schema.org","@graph":[{"@type":"WebPage","@id":"https:\/\/www.assent.com\/de\/funktionen\/expertise\/valerie-kuntz\/","url":"https:\/\/www.assent.com\/de\/funktionen\/expertise\/valerie-kuntz\/","name":"Valerie Kuntz - DE | Regulatory Expert | Assent","isPartOf":{"@id":"https:\/\/www.assent.com\/de\/#website"},"datePublished":"2022-01-29T00:40:02+00:00","dateModified":"2025-07-22T22:00:58+00:00","description":"Lernen Sie Valerie Kuntz kennen \u2013 Expertin f\u00fcr regulatorische Compliance bei Assent","breadcrumb":{"@id":"https:\/\/www.assent.com\/de\/funktionen\/expertise\/valerie-kuntz\/#breadcrumb"},"inLanguage":"de","potentialAction":[{"@type":"ReadAction","target":["https:\/\/www.assent.com\/de\/funktionen\/expertise\/valerie-kuntz\/"]}]},{"@type":"BreadcrumbList","@id":"https:\/\/www.assent.com\/de\/funktionen\/expertise\/valerie-kuntz\/#breadcrumb","itemListElement":[{"@type":"ListItem","position":1,"name":"Home","item":"https:\/\/www.assent.com\/de\/"},{"@type":"ListItem","position":2,"name":"Unsere Plattform und Funktionen","item":"https:\/\/www.assent.com\/de\/funktionen\/"},{"@type":"ListItem","position":3,"name":"Unsere Expertise","item":"https:\/\/www.assent.com\/de\/funktionen\/expertise\/"},{"@type":"ListItem","position":4,"name":"Valerie Kuntz"}]},{"@type":"WebSite","@id":"https:\/\/www.assent.com\/de\/#website","url":"https:\/\/www.assent.com\/de\/","name":"Assent","description":"","publisher":{"@id":"https:\/\/www.assent.com\/de\/#organization"},"potentialAction":[{"@type":"SearchAction","target":{"@type":"EntryPoint","urlTemplate":"https:\/\/www.assent.com\/de\/?s={search_term_string}"},"query-input":{"@type":"PropertyValueSpecification","valueRequired":true,"valueName":"search_term_string"}}],"inLanguage":"de"},{"@type":"Organization","@id":"https:\/\/www.assent.com\/de\/#organization","name":"Assent","url":"https:\/\/www.assent.com\/de\/","logo":{"@type":"ImageObject","inLanguage":"de","@id":"https:\/\/www.assent.com\/de\/#\/schema\/logo\/image\/","url":"https:\/\/www.assent.com\/wp-content\/uploads\/2022\/01\/logo.svg","contentUrl":"https:\/\/www.assent.com\/wp-content\/uploads\/2022\/01\/logo.svg","width":1,"height":1,"caption":"Assent"},"image":{"@id":"https:\/\/www.assent.com\/de\/#\/schema\/logo\/image\/"},"sameAs":["https:\/\/www.facebook.com\/AssentCompliance\/","https:\/\/x.com\/AssentGlobal","https:\/\/www.linkedin.com\/company\/assent-compliance-inc"]}]}},"_links":{"self":[{"href":"https:\/\/www.assent.com\/de\/wp-json\/wp\/v2\/pages\/29863","targetHints":{"allow":["GET"]}}],"collection":[{"href":"https:\/\/www.assent.com\/de\/wp-json\/wp\/v2\/pages"}],"about":[{"href":"https:\/\/www.assent.com\/de\/wp-json\/wp\/v2\/types\/page"}],"author":[{"embeddable":true,"href":"https:\/\/www.assent.com\/de\/wp-json\/wp\/v2\/users\/21"}],"replies":[{"embeddable":true,"href":"https:\/\/www.assent.com\/de\/wp-json\/wp\/v2\/comments?post=29863"}],"version-history":[{"count":1,"href":"https:\/\/www.assent.com\/de\/wp-json\/wp\/v2\/pages\/29863\/revisions"}],"predecessor-version":[{"id":94123,"href":"https:\/\/www.assent.com\/de\/wp-json\/wp\/v2\/pages\/29863\/revisions\/94123"}],"up":[{"embeddable":true,"href":"https:\/\/www.assent.com\/de\/wp-json\/wp\/v2\/pages\/29753"}],"wp:attachment":[{"href":"https:\/\/www.assent.com\/de\/wp-json\/wp\/v2\/media?parent=29863"}],"wp:term":[{"taxonomy":"category","embeddable":true,"href":"https:\/\/www.assent.com\/de\/wp-json\/wp\/v2\/categories?post=29863"}],"curies":[{"name":"wp","href":"https:\/\/api.w.org\/{rel}","templated":true}]}}