{"id":29852,"date":"2022-01-28T22:01:50","date_gmt":"2022-01-29T03:01:50","guid":{"rendered":"https:\/\/www.assent.com\/plattform-faehigkeiten\/unsere-expertise\/sue-fortunato-esbach\/"},"modified":"2023-11-09T22:42:06","modified_gmt":"2023-11-10T03:42:06","slug":"sue-fortunato-esbach","status":"publish","type":"page","link":"https:\/\/www.assent.com\/de\/funktionen\/expertise\/sue-fortunato-esbach\/","title":{"rendered":"Sue Fortunato-Esbach"},"content":{"rendered":"\n<div style=\"height:75px\" aria-hidden=\"true\" class=\"wp-block-spacer\"><\/div>\n\n\n\r\n<!-- WYSIWYG -->\r\n        <section class=\"wysiwyg-section\">\r\n            <div class=\"container\"><h1>Sue Fortunato-Esbach<\/h1>\n<h6>Managerin f\u00fcr Nachhaltigkeit<\/h6>\n<p><img decoding=\"async\" class=\"size-medium wp-image-1599 alignright\" src=\"https:\/\/www.assent.com\/wp-content\/uploads\/2022\/01\/Assent_TeamMember_Sue-Fortunato-Esbach_headshot-300x300.jpeg\" alt=\"\" width=\"300\" height=\"300\" srcset=\"https:\/\/www.assent.com\/wp-content\/uploads\/2022\/01\/Assent_TeamMember_Sue-Fortunato-Esbach_headshot-300x300.jpeg 300w, https:\/\/www.assent.com\/wp-content\/uploads\/2022\/01\/Assent_TeamMember_Sue-Fortunato-Esbach_headshot-150x150.jpeg 150w, https:\/\/www.assent.com\/wp-content\/uploads\/2022\/01\/Assent_TeamMember_Sue-Fortunato-Esbach_headshot.jpeg 400w\" sizes=\"(max-width: 300px) 100vw, 300px\" \/>Sue Fortunato-Esbach unterst\u00fctzt Unternehmen dabei, gesetzliche Vorgaben zu erf\u00fcllen und rechtliche Anforderungen in technische Effizienz zu verwandeln. Sie ist in Frankfurt am Main t\u00e4tig und verf\u00fcgt \u00fcber umfassende Erfahrung in der Elektronik- und industriellen Fertigungsindustrie. Fortunato-Esbach ist erfahrene Allrounderin in den Bereichen Produktkonformit\u00e4t sowie Sicherheit, Gesundheits- und Umweltschutz (Environmental, Health, and Safety; EHS). Au\u00dferdem hat sie umfassenden Kenntnisse \u00fcber die regulatorischen Anforderungen hinsichtlich der RoHS-Richtlinie (Beschr\u00e4nkung der Verwendung bestimmter gef\u00e4hrlicher Stoffe), der REACH-Verordnung (Registrierung, Bewertung, Zulassung und Beschr\u00e4nkung von Chemikalien), der WEEE-Richtlinie (Elektro- und Elektronikger\u00e4te-Abfall), der Niederspannungsrichtlinie (LVD) sowie in den Bereichen Verpackung und \u00d6kodesign. Vor ihrer T\u00e4tigkeit bei Assent war Fortunato-Esbach Leiterin des Produktkonformit\u00e4tsteams der Heraeus Noblelight GmbH.<\/p>\n<p><a href=\"https:\/\/www.linkedin.com\/in\/sue-fortunato-esbach-245b75a9\/\" target=\"_blank\" rel=\"noopener\">Mit Sue Fortunato-Esbach auf LinkedIn verbinden<\/a><\/p>\n<p><a href=\"mailto:sue.fortunato-esbach@assent.com\">E-Mail an Sue Fortunato-Esbach senden<\/a><\/p>\n<p>&nbsp;<\/p>\n<\/div>    \r\n        <\/section>\n\n\n<div style=\"height:75px\" aria-hidden=\"true\" class=\"wp-block-spacer\"><\/div>\n\n\n\n<div style=\"height:75px\" aria-hidden=\"true\" class=\"wp-block-spacer\"><\/div>\n","protected":false},"excerpt":{"rendered":"<p>Lernen Sie Sue Fortunato-Esbach kennen \u2013 Expertin f\u00fcr regulatorische Compliance bei Assent<\/p>\n","protected":false},"author":21,"featured_media":0,"parent":29753,"menu_order":0,"comment_status":"closed","ping_status":"closed","template":"","meta":{"_acf_changed":false,"footnotes":"","_links_to":"","_links_to_target":""},"categories":[],"class_list":["post-29852","page","type-page","status-publish","hentry"],"acf":[],"yoast_head":"<!-- This site is optimized with the Yoast SEO Premium plugin v26.6 (Yoast SEO v27.0) - https:\/\/yoast.com\/product\/yoast-seo-premium-wordpress\/ -->\n<title>Sue Fortunato-Esbach | Regulierungsexpertin | Assent<\/title>\n<meta name=\"description\" content=\"Lernen Sie Sue Fortunato-Esbach kennen \u2013 Expertin f\u00fcr regulatorische Compliance bei Assent\" \/>\n<meta name=\"robots\" content=\"index, follow, max-snippet:-1, max-image-preview:large, max-video-preview:-1\" \/>\n<link rel=\"canonical\" href=\"https:\/\/www.assent.com\/de\/funktionen\/expertise\/sue-fortunato-esbach\/\" \/>\n<meta property=\"og:locale\" content=\"de_DE\" \/>\n<meta property=\"og:type\" content=\"article\" \/>\n<meta property=\"og:title\" content=\"Sue Fortunato-Esbach\" \/>\n<meta property=\"og:description\" content=\"Lernen Sie Sue Fortunato-Esbach kennen \u2013 Expertin f\u00fcr regulatorische Compliance bei Assent\" \/>\n<meta property=\"og:url\" content=\"https:\/\/www.assent.com\/de\/funktionen\/expertise\/sue-fortunato-esbach\/\" \/>\n<meta property=\"og:site_name\" content=\"Assent\" \/>\n<meta property=\"article:publisher\" content=\"https:\/\/www.facebook.com\/AssentCompliance\/\" \/>\n<meta property=\"article:modified_time\" content=\"2023-11-10T03:42:06+00:00\" \/>\n<meta name=\"twitter:card\" content=\"summary_large_image\" \/>\n<meta name=\"twitter:site\" content=\"@AssentGlobal\" \/>\n<script type=\"application\/ld+json\" class=\"yoast-schema-graph\">{\"@context\":\"https:\/\/schema.org\",\"@graph\":[{\"@type\":\"WebPage\",\"@id\":\"https:\/\/www.assent.com\/de\/funktionen\/expertise\/sue-fortunato-esbach\/\",\"url\":\"https:\/\/www.assent.com\/de\/funktionen\/expertise\/sue-fortunato-esbach\/\",\"name\":\"Sue Fortunato-Esbach | Regulierungsexpertin | Assent\",\"isPartOf\":{\"@id\":\"https:\/\/www.assent.com\/de\/#website\"},\"datePublished\":\"2022-01-29T03:01:50+00:00\",\"dateModified\":\"2023-11-10T03:42:06+00:00\",\"description\":\"Lernen Sie Sue Fortunato-Esbach kennen \u2013 Expertin f\u00fcr regulatorische Compliance bei Assent\",\"breadcrumb\":{\"@id\":\"https:\/\/www.assent.com\/de\/funktionen\/expertise\/sue-fortunato-esbach\/#breadcrumb\"},\"inLanguage\":\"de\",\"potentialAction\":[{\"@type\":\"ReadAction\",\"target\":[\"https:\/\/www.assent.com\/de\/funktionen\/expertise\/sue-fortunato-esbach\/\"]}]},{\"@type\":\"BreadcrumbList\",\"@id\":\"https:\/\/www.assent.com\/de\/funktionen\/expertise\/sue-fortunato-esbach\/#breadcrumb\",\"itemListElement\":[{\"@type\":\"ListItem\",\"position\":1,\"name\":\"Home\",\"item\":\"https:\/\/www.assent.com\/de\/\"},{\"@type\":\"ListItem\",\"position\":2,\"name\":\"Unsere Plattform und Funktionen\",\"item\":\"https:\/\/www.assent.com\/de\/funktionen\/\"},{\"@type\":\"ListItem\",\"position\":3,\"name\":\"Unsere Expertise\",\"item\":\"https:\/\/www.assent.com\/de\/funktionen\/expertise\/\"},{\"@type\":\"ListItem\",\"position\":4,\"name\":\"Sue Fortunato-Esbach\"}]},{\"@type\":\"WebSite\",\"@id\":\"https:\/\/www.assent.com\/de\/#website\",\"url\":\"https:\/\/www.assent.com\/de\/\",\"name\":\"Assent\",\"description\":\"\",\"publisher\":{\"@id\":\"https:\/\/www.assent.com\/de\/#organization\"},\"potentialAction\":[{\"@type\":\"SearchAction\",\"target\":{\"@type\":\"EntryPoint\",\"urlTemplate\":\"https:\/\/www.assent.com\/de\/?s={search_term_string}\"},\"query-input\":{\"@type\":\"PropertyValueSpecification\",\"valueRequired\":true,\"valueName\":\"search_term_string\"}}],\"inLanguage\":\"de\"},{\"@type\":\"Organization\",\"@id\":\"https:\/\/www.assent.com\/de\/#organization\",\"name\":\"Assent\",\"url\":\"https:\/\/www.assent.com\/de\/\",\"logo\":{\"@type\":\"ImageObject\",\"inLanguage\":\"de\",\"@id\":\"https:\/\/www.assent.com\/de\/#\/schema\/logo\/image\/\",\"url\":\"https:\/\/www.assent.com\/wp-content\/uploads\/2022\/01\/logo.svg\",\"contentUrl\":\"https:\/\/www.assent.com\/wp-content\/uploads\/2022\/01\/logo.svg\",\"width\":1,\"height\":1,\"caption\":\"Assent\"},\"image\":{\"@id\":\"https:\/\/www.assent.com\/de\/#\/schema\/logo\/image\/\"},\"sameAs\":[\"https:\/\/www.facebook.com\/AssentCompliance\/\",\"https:\/\/x.com\/AssentGlobal\",\"https:\/\/www.linkedin.com\/company\/assent-compliance-inc\"]}]}<\/script>\n<!-- \/ Yoast SEO Premium plugin. -->","yoast_head_json":{"title":"Sue Fortunato-Esbach | Regulierungsexpertin | Assent","description":"Lernen Sie Sue Fortunato-Esbach kennen \u2013 Expertin f\u00fcr regulatorische Compliance bei Assent","robots":{"index":"index","follow":"follow","max-snippet":"max-snippet:-1","max-image-preview":"max-image-preview:large","max-video-preview":"max-video-preview:-1"},"canonical":"https:\/\/www.assent.com\/de\/funktionen\/expertise\/sue-fortunato-esbach\/","og_locale":"de_DE","og_type":"article","og_title":"Sue Fortunato-Esbach","og_description":"Lernen Sie Sue Fortunato-Esbach kennen \u2013 Expertin f\u00fcr regulatorische Compliance bei Assent","og_url":"https:\/\/www.assent.com\/de\/funktionen\/expertise\/sue-fortunato-esbach\/","og_site_name":"Assent","article_publisher":"https:\/\/www.facebook.com\/AssentCompliance\/","article_modified_time":"2023-11-10T03:42:06+00:00","twitter_card":"summary_large_image","twitter_site":"@AssentGlobal","schema":{"@context":"https:\/\/schema.org","@graph":[{"@type":"WebPage","@id":"https:\/\/www.assent.com\/de\/funktionen\/expertise\/sue-fortunato-esbach\/","url":"https:\/\/www.assent.com\/de\/funktionen\/expertise\/sue-fortunato-esbach\/","name":"Sue Fortunato-Esbach | Regulierungsexpertin | Assent","isPartOf":{"@id":"https:\/\/www.assent.com\/de\/#website"},"datePublished":"2022-01-29T03:01:50+00:00","dateModified":"2023-11-10T03:42:06+00:00","description":"Lernen Sie Sue Fortunato-Esbach kennen \u2013 Expertin f\u00fcr regulatorische Compliance bei Assent","breadcrumb":{"@id":"https:\/\/www.assent.com\/de\/funktionen\/expertise\/sue-fortunato-esbach\/#breadcrumb"},"inLanguage":"de","potentialAction":[{"@type":"ReadAction","target":["https:\/\/www.assent.com\/de\/funktionen\/expertise\/sue-fortunato-esbach\/"]}]},{"@type":"BreadcrumbList","@id":"https:\/\/www.assent.com\/de\/funktionen\/expertise\/sue-fortunato-esbach\/#breadcrumb","itemListElement":[{"@type":"ListItem","position":1,"name":"Home","item":"https:\/\/www.assent.com\/de\/"},{"@type":"ListItem","position":2,"name":"Unsere Plattform und Funktionen","item":"https:\/\/www.assent.com\/de\/funktionen\/"},{"@type":"ListItem","position":3,"name":"Unsere Expertise","item":"https:\/\/www.assent.com\/de\/funktionen\/expertise\/"},{"@type":"ListItem","position":4,"name":"Sue Fortunato-Esbach"}]},{"@type":"WebSite","@id":"https:\/\/www.assent.com\/de\/#website","url":"https:\/\/www.assent.com\/de\/","name":"Assent","description":"","publisher":{"@id":"https:\/\/www.assent.com\/de\/#organization"},"potentialAction":[{"@type":"SearchAction","target":{"@type":"EntryPoint","urlTemplate":"https:\/\/www.assent.com\/de\/?s={search_term_string}"},"query-input":{"@type":"PropertyValueSpecification","valueRequired":true,"valueName":"search_term_string"}}],"inLanguage":"de"},{"@type":"Organization","@id":"https:\/\/www.assent.com\/de\/#organization","name":"Assent","url":"https:\/\/www.assent.com\/de\/","logo":{"@type":"ImageObject","inLanguage":"de","@id":"https:\/\/www.assent.com\/de\/#\/schema\/logo\/image\/","url":"https:\/\/www.assent.com\/wp-content\/uploads\/2022\/01\/logo.svg","contentUrl":"https:\/\/www.assent.com\/wp-content\/uploads\/2022\/01\/logo.svg","width":1,"height":1,"caption":"Assent"},"image":{"@id":"https:\/\/www.assent.com\/de\/#\/schema\/logo\/image\/"},"sameAs":["https:\/\/www.facebook.com\/AssentCompliance\/","https:\/\/x.com\/AssentGlobal","https:\/\/www.linkedin.com\/company\/assent-compliance-inc"]}]}},"_links":{"self":[{"href":"https:\/\/www.assent.com\/de\/wp-json\/wp\/v2\/pages\/29852","targetHints":{"allow":["GET"]}}],"collection":[{"href":"https:\/\/www.assent.com\/de\/wp-json\/wp\/v2\/pages"}],"about":[{"href":"https:\/\/www.assent.com\/de\/wp-json\/wp\/v2\/types\/page"}],"author":[{"embeddable":true,"href":"https:\/\/www.assent.com\/de\/wp-json\/wp\/v2\/users\/21"}],"replies":[{"embeddable":true,"href":"https:\/\/www.assent.com\/de\/wp-json\/wp\/v2\/comments?post=29852"}],"version-history":[{"count":0,"href":"https:\/\/www.assent.com\/de\/wp-json\/wp\/v2\/pages\/29852\/revisions"}],"up":[{"embeddable":true,"href":"https:\/\/www.assent.com\/de\/wp-json\/wp\/v2\/pages\/29753"}],"wp:attachment":[{"href":"https:\/\/www.assent.com\/de\/wp-json\/wp\/v2\/media?parent=29852"}],"wp:term":[{"taxonomy":"category","embeddable":true,"href":"https:\/\/www.assent.com\/de\/wp-json\/wp\/v2\/categories?post=29852"}],"curies":[{"name":"wp","href":"https:\/\/api.w.org\/{rel}","templated":true}]}}