{"id":29797,"date":"2022-01-28T22:21:34","date_gmt":"2022-01-29T03:21:34","guid":{"rendered":"https:\/\/www.assent.com\/plattform-faehigkeiten\/unsere-expertise\/mark-schneider\/"},"modified":"2026-03-19T09:40:42","modified_gmt":"2026-03-19T13:40:42","slug":"mark-schneider","status":"publish","type":"page","link":"https:\/\/www.assent.com\/de\/funktionen\/expertise\/marcus-schneider\/","title":{"rendered":"Marcus Schneider"},"content":{"rendered":"\n<div style=\"height:75px\" aria-hidden=\"true\" class=\"wp-block-spacer\"><\/div>\n\n\n\r\n<!-- WYSIWYG -->\r\n        <section class=\"wysiwyg-section\">\r\n            <div class=\"container\"><h1>Marcus Schneider<\/h1>\n<h6>Senior Subject Matter Expert, Product Compliance<\/h6>\n<p><img decoding=\"async\" class=\"alignright size-medium wp-image-113847\" src=\"https:\/\/www.assent.com\/wp-content\/uploads\/2022\/01\/Faceshot-MarcusSchneider-300x300.webp\" alt=\"\" width=\"300\" height=\"300\" srcset=\"https:\/\/www.assent.com\/wp-content\/uploads\/2022\/01\/Faceshot-MarcusSchneider-300x300.webp 300w, https:\/\/www.assent.com\/wp-content\/uploads\/2022\/01\/Faceshot-MarcusSchneider-1024x1024.webp 1024w, https:\/\/www.assent.com\/wp-content\/uploads\/2022\/01\/Faceshot-MarcusSchneider-150x150.webp 150w, https:\/\/www.assent.com\/wp-content\/uploads\/2022\/01\/Faceshot-MarcusSchneider-768x768.webp 768w, https:\/\/www.assent.com\/wp-content\/uploads\/2022\/01\/Faceshot-MarcusSchneider-1536x1536.webp 1536w, https:\/\/www.assent.com\/wp-content\/uploads\/2022\/01\/Faceshot-MarcusSchneider.webp 1600w\" sizes=\"(max-width: 300px) 100vw, 300px\" \/>Marcus Schneider ist ein erfahrener Experte f\u00fcr Material Compliance und verf\u00fcgt \u00fcber umfassende technische Erfahrung mit Datenberichterstattungs- und Analyseprogrammen. Sein besonderes Anliegen ist, Unternehmen im Hinblick auf Datenverst\u00e4ndnis zu unterst\u00fctzen, sodass sie nicht nur die gesetzlichen Anforderungen erf\u00fcllen, sondern die Daten auch als strategische Ressource nutzen k\u00f6nnen, um ihr Gesch\u00e4ft zu verbessern. Bevor er zu Assent kam, baute Schneider bei DXC Technology als Senior Consultant ein robustes Compliance-Programm auf. Er war insgesamt mehr als 20 Jahre f\u00fcr Electronic Data Systems, Hewlett Packard Enterprise und DXC t\u00e4tig und unterst\u00fctzte Kunden bei der Digitalisierung der Prozesse im Bereich Material Compliance. Au\u00dferdem arbeitete er mit Normungsgremien wie IPC und anderen Branchenverb\u00e4nden zusammen.<\/p>\n<p><a href=\"https:\/\/www.linkedin.com\/in\/marcus-schneider-2a932860\/\" target=\"_blank\" rel=\"noopener\">Mit Marcus Schneider auf LinkedIn verbinden<\/a><\/p>\n<p><a href=\"mailto:marcus.schneider@assentcompliance.com\">E-Mail an Marcus Schneider senden<\/a><\/p>\n<\/div>    \r\n        <\/section>\n\n\n<div style=\"height:75px\" aria-hidden=\"true\" class=\"wp-block-spacer\"><\/div>\n\n\n\n<div style=\"height:75px\" aria-hidden=\"true\" class=\"wp-block-spacer\"><\/div>\n","protected":false},"excerpt":{"rendered":"<p>Meet Assent\u2019s Regulatory Compliance Expert Marcus Schneider, Senior Subject Matter Expert, Corporate Social Responsibility.<\/p>\n","protected":false},"author":21,"featured_media":0,"parent":29753,"menu_order":0,"comment_status":"closed","ping_status":"closed","template":"","meta":{"_acf_changed":false,"footnotes":"","_links_to":"","_links_to_target":""},"categories":[],"class_list":["post-29797","page","type-page","status-publish","hentry"],"acf":[],"yoast_head":"<!-- This site is optimized with the Yoast SEO Premium plugin v26.6 (Yoast SEO v27.0) - https:\/\/yoast.com\/product\/yoast-seo-premium-wordpress\/ -->\n<title>Marcus Schneider | Assent<\/title>\n<meta name=\"description\" content=\"Lernen sie Marcus Schneider kennen, Senior Subject Matter Expert, Corporate Social Responsibility.\" \/>\n<meta name=\"robots\" content=\"index, follow, max-snippet:-1, max-image-preview:large, max-video-preview:-1\" \/>\n<link rel=\"canonical\" href=\"https:\/\/www.assent.com\/de\/funktionen\/expertise\/marcus-schneider\/\" \/>\n<meta property=\"og:locale\" content=\"de_DE\" \/>\n<meta property=\"og:type\" content=\"article\" \/>\n<meta property=\"og:title\" content=\"Marcus Schneider\" \/>\n<meta property=\"og:description\" content=\"Lernen sie Marcus Schneider kennen, Senior Subject Matter Expert, Corporate Social Responsibility.\" \/>\n<meta property=\"og:url\" content=\"https:\/\/www.assent.com\/de\/funktionen\/expertise\/marcus-schneider\/\" \/>\n<meta property=\"og:site_name\" content=\"Assent\" \/>\n<meta property=\"article:publisher\" content=\"https:\/\/www.facebook.com\/AssentCompliance\/\" \/>\n<meta property=\"article:modified_time\" content=\"2026-03-19T13:40:42+00:00\" \/>\n<meta name=\"twitter:card\" content=\"summary_large_image\" \/>\n<meta name=\"twitter:site\" content=\"@AssentGlobal\" \/>\n<script type=\"application\/ld+json\" class=\"yoast-schema-graph\">{\"@context\":\"https:\/\/schema.org\",\"@graph\":[{\"@type\":\"WebPage\",\"@id\":\"https:\/\/www.assent.com\/de\/funktionen\/expertise\/marcus-schneider\/\",\"url\":\"https:\/\/www.assent.com\/de\/funktionen\/expertise\/marcus-schneider\/\",\"name\":\"Marcus Schneider | Assent\",\"isPartOf\":{\"@id\":\"https:\/\/www.assent.com\/de\/#website\"},\"datePublished\":\"2022-01-29T03:21:34+00:00\",\"dateModified\":\"2026-03-19T13:40:42+00:00\",\"description\":\"Lernen sie Marcus Schneider kennen, Senior Subject Matter Expert, Corporate Social Responsibility.\",\"breadcrumb\":{\"@id\":\"https:\/\/www.assent.com\/de\/funktionen\/expertise\/marcus-schneider\/#breadcrumb\"},\"inLanguage\":\"de\",\"potentialAction\":[{\"@type\":\"ReadAction\",\"target\":[\"https:\/\/www.assent.com\/de\/funktionen\/expertise\/marcus-schneider\/\"]}]},{\"@type\":\"BreadcrumbList\",\"@id\":\"https:\/\/www.assent.com\/de\/funktionen\/expertise\/marcus-schneider\/#breadcrumb\",\"itemListElement\":[{\"@type\":\"ListItem\",\"position\":1,\"name\":\"Home\",\"item\":\"https:\/\/www.assent.com\/de\/\"},{\"@type\":\"ListItem\",\"position\":2,\"name\":\"Unsere Plattform und Funktionen\",\"item\":\"https:\/\/www.assent.com\/de\/funktionen\/\"},{\"@type\":\"ListItem\",\"position\":3,\"name\":\"Unsere Expertise\",\"item\":\"https:\/\/www.assent.com\/de\/funktionen\/expertise\/\"},{\"@type\":\"ListItem\",\"position\":4,\"name\":\"Marcus Schneider\"}]},{\"@type\":\"WebSite\",\"@id\":\"https:\/\/www.assent.com\/de\/#website\",\"url\":\"https:\/\/www.assent.com\/de\/\",\"name\":\"Assent\",\"description\":\"\",\"publisher\":{\"@id\":\"https:\/\/www.assent.com\/de\/#organization\"},\"potentialAction\":[{\"@type\":\"SearchAction\",\"target\":{\"@type\":\"EntryPoint\",\"urlTemplate\":\"https:\/\/www.assent.com\/de\/?s={search_term_string}\"},\"query-input\":{\"@type\":\"PropertyValueSpecification\",\"valueRequired\":true,\"valueName\":\"search_term_string\"}}],\"inLanguage\":\"de\"},{\"@type\":\"Organization\",\"@id\":\"https:\/\/www.assent.com\/de\/#organization\",\"name\":\"Assent\",\"url\":\"https:\/\/www.assent.com\/de\/\",\"logo\":{\"@type\":\"ImageObject\",\"inLanguage\":\"de\",\"@id\":\"https:\/\/www.assent.com\/de\/#\/schema\/logo\/image\/\",\"url\":\"https:\/\/www.assent.com\/wp-content\/uploads\/2022\/01\/logo.svg\",\"contentUrl\":\"https:\/\/www.assent.com\/wp-content\/uploads\/2022\/01\/logo.svg\",\"width\":1,\"height\":1,\"caption\":\"Assent\"},\"image\":{\"@id\":\"https:\/\/www.assent.com\/de\/#\/schema\/logo\/image\/\"},\"sameAs\":[\"https:\/\/www.facebook.com\/AssentCompliance\/\",\"https:\/\/x.com\/AssentGlobal\",\"https:\/\/www.linkedin.com\/company\/assent-compliance-inc\"]}]}<\/script>\n<!-- \/ Yoast SEO Premium plugin. -->","yoast_head_json":{"title":"Marcus Schneider | Assent","description":"Lernen sie Marcus Schneider kennen, Senior Subject Matter Expert, Corporate Social Responsibility.","robots":{"index":"index","follow":"follow","max-snippet":"max-snippet:-1","max-image-preview":"max-image-preview:large","max-video-preview":"max-video-preview:-1"},"canonical":"https:\/\/www.assent.com\/de\/funktionen\/expertise\/marcus-schneider\/","og_locale":"de_DE","og_type":"article","og_title":"Marcus Schneider","og_description":"Lernen sie Marcus Schneider kennen, Senior Subject Matter Expert, Corporate Social Responsibility.","og_url":"https:\/\/www.assent.com\/de\/funktionen\/expertise\/marcus-schneider\/","og_site_name":"Assent","article_publisher":"https:\/\/www.facebook.com\/AssentCompliance\/","article_modified_time":"2026-03-19T13:40:42+00:00","twitter_card":"summary_large_image","twitter_site":"@AssentGlobal","schema":{"@context":"https:\/\/schema.org","@graph":[{"@type":"WebPage","@id":"https:\/\/www.assent.com\/de\/funktionen\/expertise\/marcus-schneider\/","url":"https:\/\/www.assent.com\/de\/funktionen\/expertise\/marcus-schneider\/","name":"Marcus Schneider | Assent","isPartOf":{"@id":"https:\/\/www.assent.com\/de\/#website"},"datePublished":"2022-01-29T03:21:34+00:00","dateModified":"2026-03-19T13:40:42+00:00","description":"Lernen sie Marcus Schneider kennen, Senior Subject Matter Expert, Corporate Social Responsibility.","breadcrumb":{"@id":"https:\/\/www.assent.com\/de\/funktionen\/expertise\/marcus-schneider\/#breadcrumb"},"inLanguage":"de","potentialAction":[{"@type":"ReadAction","target":["https:\/\/www.assent.com\/de\/funktionen\/expertise\/marcus-schneider\/"]}]},{"@type":"BreadcrumbList","@id":"https:\/\/www.assent.com\/de\/funktionen\/expertise\/marcus-schneider\/#breadcrumb","itemListElement":[{"@type":"ListItem","position":1,"name":"Home","item":"https:\/\/www.assent.com\/de\/"},{"@type":"ListItem","position":2,"name":"Unsere Plattform und Funktionen","item":"https:\/\/www.assent.com\/de\/funktionen\/"},{"@type":"ListItem","position":3,"name":"Unsere Expertise","item":"https:\/\/www.assent.com\/de\/funktionen\/expertise\/"},{"@type":"ListItem","position":4,"name":"Marcus Schneider"}]},{"@type":"WebSite","@id":"https:\/\/www.assent.com\/de\/#website","url":"https:\/\/www.assent.com\/de\/","name":"Assent","description":"","publisher":{"@id":"https:\/\/www.assent.com\/de\/#organization"},"potentialAction":[{"@type":"SearchAction","target":{"@type":"EntryPoint","urlTemplate":"https:\/\/www.assent.com\/de\/?s={search_term_string}"},"query-input":{"@type":"PropertyValueSpecification","valueRequired":true,"valueName":"search_term_string"}}],"inLanguage":"de"},{"@type":"Organization","@id":"https:\/\/www.assent.com\/de\/#organization","name":"Assent","url":"https:\/\/www.assent.com\/de\/","logo":{"@type":"ImageObject","inLanguage":"de","@id":"https:\/\/www.assent.com\/de\/#\/schema\/logo\/image\/","url":"https:\/\/www.assent.com\/wp-content\/uploads\/2022\/01\/logo.svg","contentUrl":"https:\/\/www.assent.com\/wp-content\/uploads\/2022\/01\/logo.svg","width":1,"height":1,"caption":"Assent"},"image":{"@id":"https:\/\/www.assent.com\/de\/#\/schema\/logo\/image\/"},"sameAs":["https:\/\/www.facebook.com\/AssentCompliance\/","https:\/\/x.com\/AssentGlobal","https:\/\/www.linkedin.com\/company\/assent-compliance-inc"]}]}},"_links":{"self":[{"href":"https:\/\/www.assent.com\/de\/wp-json\/wp\/v2\/pages\/29797","targetHints":{"allow":["GET"]}}],"collection":[{"href":"https:\/\/www.assent.com\/de\/wp-json\/wp\/v2\/pages"}],"about":[{"href":"https:\/\/www.assent.com\/de\/wp-json\/wp\/v2\/types\/page"}],"author":[{"embeddable":true,"href":"https:\/\/www.assent.com\/de\/wp-json\/wp\/v2\/users\/21"}],"replies":[{"embeddable":true,"href":"https:\/\/www.assent.com\/de\/wp-json\/wp\/v2\/comments?post=29797"}],"version-history":[{"count":2,"href":"https:\/\/www.assent.com\/de\/wp-json\/wp\/v2\/pages\/29797\/revisions"}],"predecessor-version":[{"id":113863,"href":"https:\/\/www.assent.com\/de\/wp-json\/wp\/v2\/pages\/29797\/revisions\/113863"}],"up":[{"embeddable":true,"href":"https:\/\/www.assent.com\/de\/wp-json\/wp\/v2\/pages\/29753"}],"wp:attachment":[{"href":"https:\/\/www.assent.com\/de\/wp-json\/wp\/v2\/media?parent=29797"}],"wp:term":[{"taxonomy":"category","embeddable":true,"href":"https:\/\/www.assent.com\/de\/wp-json\/wp\/v2\/categories?post=29797"}],"curies":[{"name":"wp","href":"https:\/\/api.w.org\/{rel}","templated":true}]}}