{"id":29776,"date":"2022-01-28T21:54:55","date_gmt":"2022-01-29T02:54:55","guid":{"rendered":"https:\/\/www.assent.com\/plattform-faehigkeiten\/unsere-expertise\/jamie-wallisch\/"},"modified":"2023-12-01T01:14:52","modified_gmt":"2023-12-01T06:14:52","slug":"jamie-wallisch","status":"publish","type":"page","link":"https:\/\/www.assent.com\/de\/funktionen\/expertise\/jamie-wallisch\/","title":{"rendered":"Jamie Wallisch"},"content":{"rendered":"\n<div style=\"height:75px\" aria-hidden=\"true\" class=\"wp-block-spacer\"><\/div>\n\n\n\r\n<!-- WYSIWYG -->\r\n        <section class=\"wysiwyg-section\">\r\n            <div class=\"container\"><h1>Jamie Wallisch<\/h1>\n<h6>Expertin f\u00fcr Recht und Nachhaltigkeit, ESG und nachhaltiges Sourcing<\/h6>\n<p><img decoding=\"async\" class=\"wp-image-53035 size-medium alignright\" src=\"https:\/\/www.assent.com\/wp-content\/uploads\/2023\/06\/1677785094712-300x300.jpg\" alt=\"\" width=\"300\" height=\"300\" srcset=\"https:\/\/www.assent.com\/wp-content\/uploads\/2023\/06\/1677785094712-300x300.jpg 300w, https:\/\/www.assent.com\/wp-content\/uploads\/2023\/06\/1677785094712-150x150.jpg 150w, https:\/\/www.assent.com\/wp-content\/uploads\/2023\/06\/1677785094712-768x768.jpg 768w, https:\/\/www.assent.com\/wp-content\/uploads\/2023\/06\/1677785094712.jpg 800w\" sizes=\"(max-width: 300px) 100vw, 300px\" \/>Jamie unterst\u00fctzt die Kunden von Assent bei der proaktiven Analyse ihrer Lieferkette, um Probleme mit der Nachhaltigkeit aufzusp\u00fcren. Sie f\u00fchrt erweiterte Zulieferer-Screenings durch, auf deren Basis sie Empfehlungen f\u00fcr regulatorische Compliance im ESG-Bereich ausspricht. Ihre tiefgreifende praktische Erfahrung im Bereich verantwortungsvoller Beschaffung umfasst auch die enge Zusammenarbeit mit dem Arbeitsministerium der USA. Diese Erfahrungen nutzt sie, um Einblicke in ESG-Themen wie Menschen- und Arbeitsrecht, Klimaauswirkungen, ethische Bedenken, verantwortungsvolle Beschaffung und Handelstrends zu geben. Im Rahmen ihrer T\u00e4tigkeit f\u00fcr Assent besuchte sie sogar selbst die Demokratische Republik Kongo, um zu verstehen, welche Auswirkungen die dortigen Bedingungen auf Kunden haben. Jamie war Finalistin des Next Generation Leadership Award des Manufacturing Leadership Council und ist stellvertretende Vorsitzende der Social Responsibility Alliance f\u00fcr das Jahr 2024.<\/p>\n<p><a href=\"https:\/\/www.linkedin.com\/in\/jamie-wallisch-2863051b2\/\" target=\"_blank\" rel=\"noopener\">Vernetzen Sie sich bei LinkedIn mit Jamie<\/a><\/p>\n<p><a href=\"mailto:jamie.wallisch@assentcompliance.com\">Jamie per E-Mail kontaktieren<\/a><\/p>\n<p>&nbsp;<\/p>\n<\/div>    \r\n        <\/section>\n\n\n<div style=\"height:75px\" aria-hidden=\"true\" class=\"wp-block-spacer\"><\/div>\n","protected":false},"excerpt":{"rendered":"<p>Meet Assent\u2019s regulatory compliance expert, Jamie Wallisch, Subject Matter Expert, Screening Solutions Analyst, CSR &#038; ESG.<\/p>\n","protected":false},"author":21,"featured_media":0,"parent":29753,"menu_order":0,"comment_status":"closed","ping_status":"closed","template":"","meta":{"_acf_changed":false,"footnotes":"","_links_to":"","_links_to_target":""},"categories":[],"class_list":["post-29776","page","type-page","status-publish","hentry"],"acf":[],"yoast_head":"<!-- This site is optimized with the Yoast SEO Premium plugin v26.6 (Yoast SEO v27.0) - https:\/\/yoast.com\/product\/yoast-seo-premium-wordpress\/ -->\n<title>Jamie Wallisch | Assent<\/title>\n<meta name=\"description\" content=\"Lernen sie Jamie Wallisch kennen, Subject Matter Expert, Screening Solutions Analyst, CSR &amp; ESG.\" \/>\n<meta name=\"robots\" content=\"index, follow, max-snippet:-1, max-image-preview:large, max-video-preview:-1\" \/>\n<link rel=\"canonical\" href=\"https:\/\/www.assent.com\/de\/funktionen\/expertise\/jamie-wallisch\/\" \/>\n<meta property=\"og:locale\" content=\"de_DE\" \/>\n<meta property=\"og:type\" content=\"article\" \/>\n<meta property=\"og:title\" content=\"Jamie Wallisch\" \/>\n<meta property=\"og:description\" content=\"Lernen sie Jamie Wallisch kennen, Subject Matter Expert, Screening Solutions Analyst, CSR &amp; ESG.\" \/>\n<meta property=\"og:url\" content=\"https:\/\/www.assent.com\/de\/funktionen\/expertise\/jamie-wallisch\/\" \/>\n<meta property=\"og:site_name\" content=\"Assent\" \/>\n<meta property=\"article:publisher\" content=\"https:\/\/www.facebook.com\/AssentCompliance\/\" \/>\n<meta property=\"article:modified_time\" content=\"2023-12-01T06:14:52+00:00\" \/>\n<meta name=\"twitter:card\" content=\"summary_large_image\" \/>\n<meta name=\"twitter:site\" content=\"@AssentGlobal\" \/>\n<script type=\"application\/ld+json\" class=\"yoast-schema-graph\">{\"@context\":\"https:\/\/schema.org\",\"@graph\":[{\"@type\":\"WebPage\",\"@id\":\"https:\/\/www.assent.com\/de\/funktionen\/expertise\/jamie-wallisch\/\",\"url\":\"https:\/\/www.assent.com\/de\/funktionen\/expertise\/jamie-wallisch\/\",\"name\":\"Jamie Wallisch | Assent\",\"isPartOf\":{\"@id\":\"https:\/\/www.assent.com\/de\/#website\"},\"datePublished\":\"2022-01-29T02:54:55+00:00\",\"dateModified\":\"2023-12-01T06:14:52+00:00\",\"description\":\"Lernen sie Jamie Wallisch kennen, Subject Matter Expert, Screening Solutions Analyst, CSR & ESG.\",\"breadcrumb\":{\"@id\":\"https:\/\/www.assent.com\/de\/funktionen\/expertise\/jamie-wallisch\/#breadcrumb\"},\"inLanguage\":\"de\",\"potentialAction\":[{\"@type\":\"ReadAction\",\"target\":[\"https:\/\/www.assent.com\/de\/funktionen\/expertise\/jamie-wallisch\/\"]}]},{\"@type\":\"BreadcrumbList\",\"@id\":\"https:\/\/www.assent.com\/de\/funktionen\/expertise\/jamie-wallisch\/#breadcrumb\",\"itemListElement\":[{\"@type\":\"ListItem\",\"position\":1,\"name\":\"Home\",\"item\":\"https:\/\/www.assent.com\/de\/\"},{\"@type\":\"ListItem\",\"position\":2,\"name\":\"Unsere Plattform und Funktionen\",\"item\":\"https:\/\/www.assent.com\/de\/funktionen\/\"},{\"@type\":\"ListItem\",\"position\":3,\"name\":\"Unsere Expertise\",\"item\":\"https:\/\/www.assent.com\/de\/funktionen\/expertise\/\"},{\"@type\":\"ListItem\",\"position\":4,\"name\":\"Jamie Wallisch\"}]},{\"@type\":\"WebSite\",\"@id\":\"https:\/\/www.assent.com\/de\/#website\",\"url\":\"https:\/\/www.assent.com\/de\/\",\"name\":\"Assent\",\"description\":\"\",\"publisher\":{\"@id\":\"https:\/\/www.assent.com\/de\/#organization\"},\"potentialAction\":[{\"@type\":\"SearchAction\",\"target\":{\"@type\":\"EntryPoint\",\"urlTemplate\":\"https:\/\/www.assent.com\/de\/?s={search_term_string}\"},\"query-input\":{\"@type\":\"PropertyValueSpecification\",\"valueRequired\":true,\"valueName\":\"search_term_string\"}}],\"inLanguage\":\"de\"},{\"@type\":\"Organization\",\"@id\":\"https:\/\/www.assent.com\/de\/#organization\",\"name\":\"Assent\",\"url\":\"https:\/\/www.assent.com\/de\/\",\"logo\":{\"@type\":\"ImageObject\",\"inLanguage\":\"de\",\"@id\":\"https:\/\/www.assent.com\/de\/#\/schema\/logo\/image\/\",\"url\":\"https:\/\/www.assent.com\/wp-content\/uploads\/2022\/01\/logo.svg\",\"contentUrl\":\"https:\/\/www.assent.com\/wp-content\/uploads\/2022\/01\/logo.svg\",\"width\":1,\"height\":1,\"caption\":\"Assent\"},\"image\":{\"@id\":\"https:\/\/www.assent.com\/de\/#\/schema\/logo\/image\/\"},\"sameAs\":[\"https:\/\/www.facebook.com\/AssentCompliance\/\",\"https:\/\/x.com\/AssentGlobal\",\"https:\/\/www.linkedin.com\/company\/assent-compliance-inc\"]}]}<\/script>\n<!-- \/ Yoast SEO Premium plugin. -->","yoast_head_json":{"title":"Jamie Wallisch | Assent","description":"Lernen sie Jamie Wallisch kennen, Subject Matter Expert, Screening Solutions Analyst, CSR & ESG.","robots":{"index":"index","follow":"follow","max-snippet":"max-snippet:-1","max-image-preview":"max-image-preview:large","max-video-preview":"max-video-preview:-1"},"canonical":"https:\/\/www.assent.com\/de\/funktionen\/expertise\/jamie-wallisch\/","og_locale":"de_DE","og_type":"article","og_title":"Jamie Wallisch","og_description":"Lernen sie Jamie Wallisch kennen, Subject Matter Expert, Screening Solutions Analyst, CSR & ESG.","og_url":"https:\/\/www.assent.com\/de\/funktionen\/expertise\/jamie-wallisch\/","og_site_name":"Assent","article_publisher":"https:\/\/www.facebook.com\/AssentCompliance\/","article_modified_time":"2023-12-01T06:14:52+00:00","twitter_card":"summary_large_image","twitter_site":"@AssentGlobal","schema":{"@context":"https:\/\/schema.org","@graph":[{"@type":"WebPage","@id":"https:\/\/www.assent.com\/de\/funktionen\/expertise\/jamie-wallisch\/","url":"https:\/\/www.assent.com\/de\/funktionen\/expertise\/jamie-wallisch\/","name":"Jamie Wallisch | Assent","isPartOf":{"@id":"https:\/\/www.assent.com\/de\/#website"},"datePublished":"2022-01-29T02:54:55+00:00","dateModified":"2023-12-01T06:14:52+00:00","description":"Lernen sie Jamie Wallisch kennen, Subject Matter Expert, Screening Solutions Analyst, CSR & ESG.","breadcrumb":{"@id":"https:\/\/www.assent.com\/de\/funktionen\/expertise\/jamie-wallisch\/#breadcrumb"},"inLanguage":"de","potentialAction":[{"@type":"ReadAction","target":["https:\/\/www.assent.com\/de\/funktionen\/expertise\/jamie-wallisch\/"]}]},{"@type":"BreadcrumbList","@id":"https:\/\/www.assent.com\/de\/funktionen\/expertise\/jamie-wallisch\/#breadcrumb","itemListElement":[{"@type":"ListItem","position":1,"name":"Home","item":"https:\/\/www.assent.com\/de\/"},{"@type":"ListItem","position":2,"name":"Unsere Plattform und Funktionen","item":"https:\/\/www.assent.com\/de\/funktionen\/"},{"@type":"ListItem","position":3,"name":"Unsere Expertise","item":"https:\/\/www.assent.com\/de\/funktionen\/expertise\/"},{"@type":"ListItem","position":4,"name":"Jamie Wallisch"}]},{"@type":"WebSite","@id":"https:\/\/www.assent.com\/de\/#website","url":"https:\/\/www.assent.com\/de\/","name":"Assent","description":"","publisher":{"@id":"https:\/\/www.assent.com\/de\/#organization"},"potentialAction":[{"@type":"SearchAction","target":{"@type":"EntryPoint","urlTemplate":"https:\/\/www.assent.com\/de\/?s={search_term_string}"},"query-input":{"@type":"PropertyValueSpecification","valueRequired":true,"valueName":"search_term_string"}}],"inLanguage":"de"},{"@type":"Organization","@id":"https:\/\/www.assent.com\/de\/#organization","name":"Assent","url":"https:\/\/www.assent.com\/de\/","logo":{"@type":"ImageObject","inLanguage":"de","@id":"https:\/\/www.assent.com\/de\/#\/schema\/logo\/image\/","url":"https:\/\/www.assent.com\/wp-content\/uploads\/2022\/01\/logo.svg","contentUrl":"https:\/\/www.assent.com\/wp-content\/uploads\/2022\/01\/logo.svg","width":1,"height":1,"caption":"Assent"},"image":{"@id":"https:\/\/www.assent.com\/de\/#\/schema\/logo\/image\/"},"sameAs":["https:\/\/www.facebook.com\/AssentCompliance\/","https:\/\/x.com\/AssentGlobal","https:\/\/www.linkedin.com\/company\/assent-compliance-inc"]}]}},"_links":{"self":[{"href":"https:\/\/www.assent.com\/de\/wp-json\/wp\/v2\/pages\/29776","targetHints":{"allow":["GET"]}}],"collection":[{"href":"https:\/\/www.assent.com\/de\/wp-json\/wp\/v2\/pages"}],"about":[{"href":"https:\/\/www.assent.com\/de\/wp-json\/wp\/v2\/types\/page"}],"author":[{"embeddable":true,"href":"https:\/\/www.assent.com\/de\/wp-json\/wp\/v2\/users\/21"}],"replies":[{"embeddable":true,"href":"https:\/\/www.assent.com\/de\/wp-json\/wp\/v2\/comments?post=29776"}],"version-history":[{"count":0,"href":"https:\/\/www.assent.com\/de\/wp-json\/wp\/v2\/pages\/29776\/revisions"}],"up":[{"embeddable":true,"href":"https:\/\/www.assent.com\/de\/wp-json\/wp\/v2\/pages\/29753"}],"wp:attachment":[{"href":"https:\/\/www.assent.com\/de\/wp-json\/wp\/v2\/media?parent=29776"}],"wp:term":[{"taxonomy":"category","embeddable":true,"href":"https:\/\/www.assent.com\/de\/wp-json\/wp\/v2\/categories?post=29776"}],"curies":[{"name":"wp","href":"https:\/\/api.w.org\/{rel}","templated":true}]}}