{"id":29576,"date":"2022-01-26T22:34:43","date_gmt":"2022-01-27T03:34:43","guid":{"rendered":"https:\/\/www.assent.com\/unternehmen\/fuehrungsteam\/shanti-atkins\/"},"modified":"2025-07-14T08:27:59","modified_gmt":"2025-07-14T12:27:59","slug":"shanti-atkins","status":"publish","type":"page","link":"https:\/\/www.assent.com\/de\/unternehmen\/fuehrungsteam\/shanti-atkins\/","title":{"rendered":"Shanti Atkins"},"content":{"rendered":"\n<section  class=\"team-bio-hero\">\n    <div class=\"team-bio-hero__wrapper\">\n    <div class=\"container\">\n        <div class=\"team-bio-hero__left\">\n            <div class=\"breadcrumbs\">\n                <ul>\n                                    <\/ul>\n            <\/div>\n            <div class=\"team-bio-hero__content\">\n                <div class=\"team-bio-hero__header\">\n                                            <h1 class=\"team-bio-hero__name\">\n                            Shanti Atkins                        <\/h1>\n                    \n                                            <div>\n                            <a href=\"https:\/\/www.linkedin.com\/in\/shanti-atkins-602b493\/\" target=\"_blank\" rel=\"noopener noreferrer\" class=\"team-bio-hero__linkedin\">\n                                <svg xmlns=\"http:\/\/www.w3.org\/2000\/svg\" width=\"24\" height=\"24\" viewBox=\"0 0 24 24\" fill=\"none\">\n                                    <path d=\"M22.2283 0H1.77167C1.30179 0 0.851161 0.186657 0.518909 0.518909C0.186657 0.851161 0 1.30179 0 1.77167V22.2283C0 22.6982 0.186657 23.1488 0.518909 23.4811C0.851161 23.8133 1.30179 24 1.77167 24H22.2283C22.6982 24 23.1488 23.8133 23.4811 23.4811C23.8133 23.1488 24 22.6982 24 22.2283V1.77167C24 1.30179 23.8133 0.851161 23.4811 0.518909C23.1488 0.186657 22.6982 0 22.2283 0ZM7.15333 20.445H3.545V8.98333H7.15333V20.445ZM5.34667 7.395C4.93736 7.3927 4.53792 7.2692 4.19873 7.04009C3.85955 6.81098 3.59584 6.48653 3.44088 6.10769C3.28591 5.72885 3.24665 5.31259 3.32803 4.91145C3.40941 4.51032 3.6078 4.14228 3.89816 3.85378C4.18851 3.56529 4.55782 3.36927 4.95947 3.29046C5.36112 3.21165 5.77711 3.25359 6.15495 3.41099C6.53279 3.56838 6.85554 3.83417 7.08247 4.17481C7.30939 4.51546 7.43032 4.91569 7.43 5.325C7.43386 5.59903 7.38251 5.87104 7.27901 6.1248C7.17551 6.37857 7.02198 6.6089 6.82757 6.80207C6.63316 6.99523 6.40185 7.14728 6.14742 7.24915C5.893 7.35102 5.62067 7.40062 5.34667 7.395ZM20.4533 20.455H16.8467V14.1933C16.8467 12.3467 16.0617 11.7767 15.0483 11.7767C13.9783 11.7767 12.9283 12.5833 12.9283 14.24V20.455H9.32V8.99167H12.79V10.58H12.8367C13.185 9.875 14.405 8.67 16.2667 8.67C18.28 8.67 20.455 9.865 20.455 13.365L20.4533 20.455Z\" fill=\"currentColor\"\/>\n                                <\/svg>\n                            <\/a>\n                        <\/div>\n                                    <\/div>\n\n                                    <p class=\"team-bio-hero__title\">\n                        Vorsitzende und Gr\u00fcnderin von NAVEX Global                    <\/p>\n                            <\/div>\n        <\/div>\n        <div>\n            <img decoding=\"async\" src=\"https:\/\/www.assent.com\/wp-content\/uploads\/2025\/07\/Shanti-Atkins_large.webp\" alt=\"Shanti Atkins\" width=\"528\" height=\"574\">\n        <\/div>\n    <\/div>\n\n<\/div><\/section>\n\n\n\n\n<div style=\"height:42px\" aria-hidden=\"true\" class=\"wp-block-spacer\"><\/div>\n\n\n\r\n<!-- WYSIWYG -->\r\n        <section class=\"wysiwyg-section\">\r\n            <div class=\"container\"><p>Shanti Atkins ist eine erfahrene Unternehmerin und Betreiberin mit mehr als 20 Jahren Erfahrung im Aufbau innovativer und schnell wachsender Organisationen. Angesichts der zunehmenden Bedeutung von Ethik und Risikomanagement f\u00fcr die Gesch\u00e4ftsleistung verleiht ihre Erfahrung in den Bereichen Risiko, Compliance und Unternehmensf\u00fchrung ihrer Vorstandsarbeit einen zus\u00e4tzlichen Wert. Sie hat einige der weltweit f\u00fchrenden Marken bei der F\u00f6rderung au\u00dfergew\u00f6hnlicher <span style=\"font-weight: 400;\">Unternehmenskulturen<\/span> beraten und wurde zu einer der 100 einflussreichsten Personen in der Gesch\u00e4ftsethik ernannt.<\/p>\n<p><a href=\"https:\/\/www.linkedin.com\/in\/shanti-atkins-602b493\/\" target=\"_blank\" rel=\"noopener\">Mit Shanti Atkins auf LinkedIn verbinden<\/a><\/p>\n<\/div>    \r\n        <\/section>\n\n\n<div style=\"height:84px\" aria-hidden=\"true\" class=\"wp-block-spacer\"><\/div>\n","protected":false},"excerpt":{"rendered":"<p>Meet Shanti Atkins, Chairman &#038; Founder of NAVEX Global.<\/p>\n","protected":false},"author":21,"featured_media":0,"parent":29528,"menu_order":0,"comment_status":"closed","ping_status":"closed","template":"","meta":{"_acf_changed":false,"footnotes":"","_links_to":"","_links_to_target":""},"categories":[],"class_list":["post-29576","page","type-page","status-publish","hentry"],"acf":[],"yoast_head":"<!-- This site is optimized with the Yoast SEO Premium plugin v26.6 (Yoast SEO v27.0) - https:\/\/yoast.com\/product\/yoast-seo-premium-wordpress\/ -->\n<title>Shanti Atkins | Assent<\/title>\n<meta name=\"description\" content=\"Lernen Sie Shanti Atkins kennen, Vorsitzende und Gr\u00fcnderin von NAVEX Global\" \/>\n<meta name=\"robots\" content=\"index, follow, max-snippet:-1, max-image-preview:large, max-video-preview:-1\" \/>\n<link rel=\"canonical\" href=\"https:\/\/www.assent.com\/de\/unternehmen\/fuehrungsteam\/shanti-atkins\/\" \/>\n<meta property=\"og:locale\" content=\"de_DE\" \/>\n<meta property=\"og:type\" content=\"article\" \/>\n<meta property=\"og:title\" content=\"Shanti Atkins\" \/>\n<meta property=\"og:description\" content=\"Lernen Sie Shanti Atkins kennen, Vorsitzende und Gr\u00fcnderin von NAVEX Global\" \/>\n<meta property=\"og:url\" content=\"https:\/\/www.assent.com\/de\/unternehmen\/fuehrungsteam\/shanti-atkins\/\" \/>\n<meta property=\"og:site_name\" content=\"Assent\" \/>\n<meta property=\"article:publisher\" content=\"https:\/\/www.facebook.com\/AssentCompliance\/\" \/>\n<meta property=\"article:modified_time\" content=\"2025-07-14T12:27:59+00:00\" \/>\n<meta name=\"twitter:card\" content=\"summary_large_image\" \/>\n<meta name=\"twitter:site\" content=\"@AssentGlobal\" \/>\n<script type=\"application\/ld+json\" class=\"yoast-schema-graph\">{\"@context\":\"https:\/\/schema.org\",\"@graph\":[{\"@type\":\"WebPage\",\"@id\":\"https:\/\/www.assent.com\/de\/unternehmen\/fuehrungsteam\/shanti-atkins\/\",\"url\":\"https:\/\/www.assent.com\/de\/unternehmen\/fuehrungsteam\/shanti-atkins\/\",\"name\":\"Shanti Atkins | Assent\",\"isPartOf\":{\"@id\":\"https:\/\/www.assent.com\/de\/#website\"},\"datePublished\":\"2022-01-27T03:34:43+00:00\",\"dateModified\":\"2025-07-14T12:27:59+00:00\",\"description\":\"Lernen Sie Shanti Atkins kennen, Vorsitzende und Gr\u00fcnderin von NAVEX Global\",\"breadcrumb\":{\"@id\":\"https:\/\/www.assent.com\/de\/unternehmen\/fuehrungsteam\/shanti-atkins\/#breadcrumb\"},\"inLanguage\":\"de\",\"potentialAction\":[{\"@type\":\"ReadAction\",\"target\":[\"https:\/\/www.assent.com\/de\/unternehmen\/fuehrungsteam\/shanti-atkins\/\"]}]},{\"@type\":\"BreadcrumbList\",\"@id\":\"https:\/\/www.assent.com\/de\/unternehmen\/fuehrungsteam\/shanti-atkins\/#breadcrumb\",\"itemListElement\":[{\"@type\":\"ListItem\",\"position\":1,\"name\":\"Home\",\"item\":\"https:\/\/www.assent.com\/de\/\"},{\"@type\":\"ListItem\",\"position\":2,\"name\":\"Unternehmen\",\"item\":\"https:\/\/www.assent.com\/de\/unternehmen\/\"},{\"@type\":\"ListItem\",\"position\":3,\"name\":\"F\u00fchrungsteam\",\"item\":\"https:\/\/www.assent.com\/de\/unternehmen\/fuehrungsteam\/\"},{\"@type\":\"ListItem\",\"position\":4,\"name\":\"Shanti Atkins\"}]},{\"@type\":\"WebSite\",\"@id\":\"https:\/\/www.assent.com\/de\/#website\",\"url\":\"https:\/\/www.assent.com\/de\/\",\"name\":\"Assent\",\"description\":\"\",\"publisher\":{\"@id\":\"https:\/\/www.assent.com\/de\/#organization\"},\"potentialAction\":[{\"@type\":\"SearchAction\",\"target\":{\"@type\":\"EntryPoint\",\"urlTemplate\":\"https:\/\/www.assent.com\/de\/?s={search_term_string}\"},\"query-input\":{\"@type\":\"PropertyValueSpecification\",\"valueRequired\":true,\"valueName\":\"search_term_string\"}}],\"inLanguage\":\"de\"},{\"@type\":\"Organization\",\"@id\":\"https:\/\/www.assent.com\/de\/#organization\",\"name\":\"Assent\",\"url\":\"https:\/\/www.assent.com\/de\/\",\"logo\":{\"@type\":\"ImageObject\",\"inLanguage\":\"de\",\"@id\":\"https:\/\/www.assent.com\/de\/#\/schema\/logo\/image\/\",\"url\":\"https:\/\/www.assent.com\/wp-content\/uploads\/2022\/01\/logo.svg\",\"contentUrl\":\"https:\/\/www.assent.com\/wp-content\/uploads\/2022\/01\/logo.svg\",\"width\":1,\"height\":1,\"caption\":\"Assent\"},\"image\":{\"@id\":\"https:\/\/www.assent.com\/de\/#\/schema\/logo\/image\/\"},\"sameAs\":[\"https:\/\/www.facebook.com\/AssentCompliance\/\",\"https:\/\/x.com\/AssentGlobal\",\"https:\/\/www.linkedin.com\/company\/assent-compliance-inc\"]}]}<\/script>\n<!-- \/ Yoast SEO Premium plugin. -->","yoast_head_json":{"title":"Shanti Atkins | Assent","description":"Lernen Sie Shanti Atkins kennen, Vorsitzende und Gr\u00fcnderin von NAVEX Global","robots":{"index":"index","follow":"follow","max-snippet":"max-snippet:-1","max-image-preview":"max-image-preview:large","max-video-preview":"max-video-preview:-1"},"canonical":"https:\/\/www.assent.com\/de\/unternehmen\/fuehrungsteam\/shanti-atkins\/","og_locale":"de_DE","og_type":"article","og_title":"Shanti Atkins","og_description":"Lernen Sie Shanti Atkins kennen, Vorsitzende und Gr\u00fcnderin von NAVEX Global","og_url":"https:\/\/www.assent.com\/de\/unternehmen\/fuehrungsteam\/shanti-atkins\/","og_site_name":"Assent","article_publisher":"https:\/\/www.facebook.com\/AssentCompliance\/","article_modified_time":"2025-07-14T12:27:59+00:00","twitter_card":"summary_large_image","twitter_site":"@AssentGlobal","schema":{"@context":"https:\/\/schema.org","@graph":[{"@type":"WebPage","@id":"https:\/\/www.assent.com\/de\/unternehmen\/fuehrungsteam\/shanti-atkins\/","url":"https:\/\/www.assent.com\/de\/unternehmen\/fuehrungsteam\/shanti-atkins\/","name":"Shanti Atkins | Assent","isPartOf":{"@id":"https:\/\/www.assent.com\/de\/#website"},"datePublished":"2022-01-27T03:34:43+00:00","dateModified":"2025-07-14T12:27:59+00:00","description":"Lernen Sie Shanti Atkins kennen, Vorsitzende und Gr\u00fcnderin von NAVEX Global","breadcrumb":{"@id":"https:\/\/www.assent.com\/de\/unternehmen\/fuehrungsteam\/shanti-atkins\/#breadcrumb"},"inLanguage":"de","potentialAction":[{"@type":"ReadAction","target":["https:\/\/www.assent.com\/de\/unternehmen\/fuehrungsteam\/shanti-atkins\/"]}]},{"@type":"BreadcrumbList","@id":"https:\/\/www.assent.com\/de\/unternehmen\/fuehrungsteam\/shanti-atkins\/#breadcrumb","itemListElement":[{"@type":"ListItem","position":1,"name":"Home","item":"https:\/\/www.assent.com\/de\/"},{"@type":"ListItem","position":2,"name":"Unternehmen","item":"https:\/\/www.assent.com\/de\/unternehmen\/"},{"@type":"ListItem","position":3,"name":"F\u00fchrungsteam","item":"https:\/\/www.assent.com\/de\/unternehmen\/fuehrungsteam\/"},{"@type":"ListItem","position":4,"name":"Shanti Atkins"}]},{"@type":"WebSite","@id":"https:\/\/www.assent.com\/de\/#website","url":"https:\/\/www.assent.com\/de\/","name":"Assent","description":"","publisher":{"@id":"https:\/\/www.assent.com\/de\/#organization"},"potentialAction":[{"@type":"SearchAction","target":{"@type":"EntryPoint","urlTemplate":"https:\/\/www.assent.com\/de\/?s={search_term_string}"},"query-input":{"@type":"PropertyValueSpecification","valueRequired":true,"valueName":"search_term_string"}}],"inLanguage":"de"},{"@type":"Organization","@id":"https:\/\/www.assent.com\/de\/#organization","name":"Assent","url":"https:\/\/www.assent.com\/de\/","logo":{"@type":"ImageObject","inLanguage":"de","@id":"https:\/\/www.assent.com\/de\/#\/schema\/logo\/image\/","url":"https:\/\/www.assent.com\/wp-content\/uploads\/2022\/01\/logo.svg","contentUrl":"https:\/\/www.assent.com\/wp-content\/uploads\/2022\/01\/logo.svg","width":1,"height":1,"caption":"Assent"},"image":{"@id":"https:\/\/www.assent.com\/de\/#\/schema\/logo\/image\/"},"sameAs":["https:\/\/www.facebook.com\/AssentCompliance\/","https:\/\/x.com\/AssentGlobal","https:\/\/www.linkedin.com\/company\/assent-compliance-inc"]}]}},"_links":{"self":[{"href":"https:\/\/www.assent.com\/de\/wp-json\/wp\/v2\/pages\/29576","targetHints":{"allow":["GET"]}}],"collection":[{"href":"https:\/\/www.assent.com\/de\/wp-json\/wp\/v2\/pages"}],"about":[{"href":"https:\/\/www.assent.com\/de\/wp-json\/wp\/v2\/types\/page"}],"author":[{"embeddable":true,"href":"https:\/\/www.assent.com\/de\/wp-json\/wp\/v2\/users\/21"}],"replies":[{"embeddable":true,"href":"https:\/\/www.assent.com\/de\/wp-json\/wp\/v2\/comments?post=29576"}],"version-history":[{"count":1,"href":"https:\/\/www.assent.com\/de\/wp-json\/wp\/v2\/pages\/29576\/revisions"}],"predecessor-version":[{"id":93654,"href":"https:\/\/www.assent.com\/de\/wp-json\/wp\/v2\/pages\/29576\/revisions\/93654"}],"up":[{"embeddable":true,"href":"https:\/\/www.assent.com\/de\/wp-json\/wp\/v2\/pages\/29528"}],"wp:attachment":[{"href":"https:\/\/www.assent.com\/de\/wp-json\/wp\/v2\/media?parent=29576"}],"wp:term":[{"taxonomy":"category","embeddable":true,"href":"https:\/\/www.assent.com\/de\/wp-json\/wp\/v2\/categories?post=29576"}],"curies":[{"name":"wp","href":"https:\/\/api.w.org\/{rel}","templated":true}]}}