{"id":29499,"date":"2022-01-26T22:03:56","date_gmt":"2022-01-27T03:03:56","guid":{"rendered":"https:\/\/www.assent.com\/unternehmen\/alliances\/"},"modified":"2026-01-23T00:02:11","modified_gmt":"2026-01-23T05:02:11","slug":"unsere-partnerschaften","status":"publish","type":"page","link":"https:\/\/www.assent.com\/de\/unternehmen\/partnerschaften\/","title":{"rendered":"Unsere Partnerschaften"},"content":{"rendered":"<!-- banner area part -->\n        <section class=\"generic-hero  blue-to-green-gradient   \" ><div class=\"gh-right-triangles\"><\/div><div class=\"row hero-wrap\">\n                <div class=\"cell-7 hero-left\"><div class=\"hero-left-inner d-flex align-items-center\"><div class=\"gh-content\"><h1 class=\"h1\">Unsere Partnerschaften<\/h1><p>Dank unserer Beziehungen zu branchenspezifischen Organisationen k\u00f6nnen wir sicherstellen, dass unsere Kunden auch in Zukunft eine Vorreiterrolle in Bezug auf die Nachhaltigkeit in der Lieferkette einnehmen.<\/p>\n<div class=\"btn-wrap\"><\/div><\/div><\/div>\n                <\/div><\/div>\n        <\/section>\n\n\n<div style=\"height:75px\" aria-hidden=\"true\" class=\"wp-block-spacer\"><\/div>\n\n\n<!-- Fifty Fifty Promo -->\n        <section class=\"fifty-fifty-promo elem-viewport \"><div class=\"container simple\"><div class=\"row \"><div class=\"cell-lg-6\"><div class=\"promo-media\"><div class=\"promo-image\">\n                                        <img decoding=\"async\" src=\"https:\/\/www.assent.com\/wp-content\/uploads\/2022\/02\/Assent_stockImage_SocialImpact-woman-armscrossed-\u2013-2.jpeg\" alt=\"\">\n                                    <\/div><\/div><\/div>\n                    <div class=\"cell-lg-6\"><div class=\"promo-content\"><h2 class=\"h2\">Unser Wertversprechen an Kunden<\/h2><div class=\"promo-wysiwyg default\"><p>Wir bei Assent wissen um die Bedeutung von intensiver Zusammenarbeit.<\/p>\n<p>Wir kooperieren mit mehr als einem Dutzend Handels- und Branchenverb\u00e4nden, Beratungsorganisationen, Rechtsunternehmen sowie Vordenkenden im Bereich Nachhaltigkeit in der Lieferkette. Diese Beziehungen er\u00f6ffnen uns Einblicke in das regulatorische Umfeld, die als Basis f\u00fcr Verbesserungen an unseren Produkt- und Serviceangeboten dienen.<\/p>\n<p>Was bedeutet das f\u00fcr unsere Kunden? Unsere Kunden profitieren von diesen Partnerschaften durch unmittelbaren Zugang zu Informationen aus erster Hand hinsichtlich rechtlichen \u00c4nderungen und Neuigkeiten in der Branche. Zudem erhalten sie Zugriff auf hilfreiche Schulungsmaterialien.<\/p>\n<\/div><\/div><\/div>\n                <\/div><\/div>\n        <\/section>\n\n\n<div style=\"height:75px\" aria-hidden=\"true\" class=\"wp-block-spacer\"><\/div>\n\n\n<!-- Fifty Fifty Promo -->\n        <section class=\"fifty-fifty-promo elem-viewport \"><div class=\"container simple\"><div class=\"row media-right\"><div class=\"cell-lg-6\"><div class=\"promo-media\"><div class=\"promo-image\">\n                                        <img decoding=\"async\" src=\"https:\/\/www.assent.com\/wp-content\/uploads\/2022\/02\/Assent_stockImage_CustomerImpact-business-worker-on-laptop.jpeg\" alt=\"\">\n                                    <\/div><\/div><\/div>\n                    <div class=\"cell-lg-6\"><div class=\"promo-content\"><h2 class=\"h2\">Unser Engagement in der Branche<\/h2><div class=\"promo-wysiwyg default\"><p>Die Regulierungsfachleute bei Assent bringen eine Vielzahl an F\u00e4higkeiten in unser Team ein \u2013 was uns f\u00fcr unsere Arbeit in der Branche besonders auszeichnet. Gemeinsam verf\u00fcgen unsere Fachkr\u00e4fte \u00fcber 100 Jahre Erfahrung im regulatorischen Umfeld bzw. im Bereich Compliance. <\/p>\n<p>Die Mitglieder unseres Teams sind in zahlreichen Branchengruppen und Aussch\u00fcssen f\u00fcr die Ausarbeitung von Standards vertreten, darunter etwa die folgenden:<\/p>\n<ul>\n<li>International Aerospace Environmental Group Working Group 1<\/li>\n<li>AEM Sustainability Council<\/li>\n<li>AEM Regulatory &#038; Compliance Steering Committee<\/li>\n<li>AEM Declarable Substance List Working Group<\/li>\n<li>IPC-1754 Development Committee<\/li>\n<li>IPC-1752A Development Committee<\/li>\n<li>TC 111 Development Committee<\/li>\n<\/ul>\n<\/div><\/div><\/div>\n                <\/div><\/div>\n        <\/section>\n\n\n<div style=\"height:75px\" aria-hidden=\"true\" class=\"wp-block-spacer\"><\/div>\n\n\n<!-- Logo Promo -->\n    <section class=\"logo-promo \">\n        <div class=\"container\">\n            <div class=\"sec-heading text-center\"><h2>Unsere Partnerschaften<\/h2><div class=\"desc\"><p>Wir sind stolz auf unsere Zusammenarbeit mit den folgenden Organisationen.<\/p>\n<\/div><\/div><div class=\"logo-promo-outer\"><div class=\"logo-promo-wrap\"><div class=\"logo-item\"><div class=\"logo-item-inner\"><img decoding=\"async\" src=\"https:\/\/www.assent.com\/wp-content\/uploads\/2022\/01\/Assent-Website-PartnersAffiliates-PartnerLogos-Hanza.png\" \n\t\t\t\t\t\t\t\t\t\t   width=\"500\"\n\t\t\t\t\t\t\t\t\t\t   height=\"194\"\n\t\t\t\t\t\t\t\t\t\t   loading=\"lazy\" \n\t\t\t\t\t\t\t\t\t\t   alt=\"logo-img\"><\/div><\/div><div class=\"logo-item\"><div class=\"logo-item-inner\"><img decoding=\"async\" src=\"https:\/\/www.assent.com\/wp-content\/uploads\/2022\/01\/Assent-Website-PartnersAffiliates-AffiliatesLogos-SLCP.png\" \n\t\t\t\t\t\t\t\t\t\t   width=\"424\"\n\t\t\t\t\t\t\t\t\t\t   height=\"103\"\n\t\t\t\t\t\t\t\t\t\t   loading=\"lazy\" \n\t\t\t\t\t\t\t\t\t\t   alt=\"logo-img\"><\/div><\/div><div class=\"logo-item\"><div class=\"logo-item-inner\"><img decoding=\"async\" src=\"https:\/\/www.assent.com\/wp-content\/uploads\/2022\/01\/Assent-Website-PartnersAffiliates-AffiliatesLogos-IAEG.png\" \n\t\t\t\t\t\t\t\t\t\t   width=\"318\"\n\t\t\t\t\t\t\t\t\t\t   height=\"103\"\n\t\t\t\t\t\t\t\t\t\t   loading=\"lazy\" \n\t\t\t\t\t\t\t\t\t\t   alt=\"logo-img\"><\/div><\/div><div class=\"logo-item\"><div class=\"logo-item-inner\"><img decoding=\"async\" src=\"https:\/\/www.assent.com\/wp-content\/uploads\/2022\/01\/Assent-Website-PartnersAffiliates-AffiliatesLogos-AIAG.png\" \n\t\t\t\t\t\t\t\t\t\t   width=\"272\"\n\t\t\t\t\t\t\t\t\t\t   height=\"62\"\n\t\t\t\t\t\t\t\t\t\t   loading=\"lazy\" \n\t\t\t\t\t\t\t\t\t\t   alt=\"logo-img\"><\/div><\/div><div class=\"logo-item\"><div class=\"logo-item-inner\"><img decoding=\"async\" src=\"https:\/\/www.assent.com\/wp-content\/uploads\/2022\/01\/Assent-Website-PartnersAffiliates-AffiliatesLogos-IPC.png\" \n\t\t\t\t\t\t\t\t\t\t   width=\"228\"\n\t\t\t\t\t\t\t\t\t\t   height=\"103\"\n\t\t\t\t\t\t\t\t\t\t   loading=\"lazy\" \n\t\t\t\t\t\t\t\t\t\t   alt=\"logo-img\"><\/div><\/div><div class=\"logo-item\"><div class=\"logo-item-inner\"><img decoding=\"async\" src=\"https:\/\/www.assent.com\/wp-content\/uploads\/2022\/01\/Assent-Website-PartnersAffiliates-PartnerLogos-PTC.png\" \n\t\t\t\t\t\t\t\t\t\t   width=\"500\"\n\t\t\t\t\t\t\t\t\t\t   height=\"194\"\n\t\t\t\t\t\t\t\t\t\t   loading=\"lazy\" \n\t\t\t\t\t\t\t\t\t\t   alt=\"logo-img\"><\/div><\/div><div class=\"logo-item\"><div class=\"logo-item-inner\"><img decoding=\"async\" src=\"https:\/\/www.assent.com\/wp-content\/uploads\/2022\/01\/Assent-Website-PartnersAffiliates-AffiliatesLogos-AIA.png\" \n\t\t\t\t\t\t\t\t\t\t   width=\"220\"\n\t\t\t\t\t\t\t\t\t\t   height=\"135\"\n\t\t\t\t\t\t\t\t\t\t   loading=\"lazy\" \n\t\t\t\t\t\t\t\t\t\t   alt=\"logo-img\"><\/div><\/div><div class=\"logo-item\"><div class=\"logo-item-inner\"><img decoding=\"async\" src=\"https:\/\/www.assent.com\/wp-content\/uploads\/2022\/01\/Assent-Website-PartnersAffiliates-AffiliatesLogos-NAM.png\" \n\t\t\t\t\t\t\t\t\t\t   width=\"188\"\n\t\t\t\t\t\t\t\t\t\t   height=\"135\"\n\t\t\t\t\t\t\t\t\t\t   loading=\"lazy\" \n\t\t\t\t\t\t\t\t\t\t   alt=\"logo-img\"><\/div><\/div><div class=\"logo-item\"><div class=\"logo-item-inner\"><img decoding=\"async\" src=\"https:\/\/www.assent.com\/wp-content\/uploads\/2022\/01\/Assent-Website-PartnersAffiliates-AffiliatesLogos-AEM.png\" \n\t\t\t\t\t\t\t\t\t\t   width=\"663\"\n\t\t\t\t\t\t\t\t\t\t   height=\"295\"\n\t\t\t\t\t\t\t\t\t\t   loading=\"lazy\" \n\t\t\t\t\t\t\t\t\t\t   alt=\"logo-img\"><\/div><\/div><div class=\"logo-item\"><div class=\"logo-item-inner\"><img decoding=\"async\" src=\"https:\/\/www.assent.com\/wp-content\/uploads\/2022\/01\/Assent-Website-PartnersAffiliates-PartnerLogos-Lorax.png\" \n\t\t\t\t\t\t\t\t\t\t   width=\"500\"\n\t\t\t\t\t\t\t\t\t\t   height=\"194\"\n\t\t\t\t\t\t\t\t\t\t   loading=\"lazy\" \n\t\t\t\t\t\t\t\t\t\t   alt=\"logo-img\"><\/div><\/div><div class=\"logo-item\"><div class=\"logo-item-inner\"><img decoding=\"async\" src=\"https:\/\/www.assent.com\/wp-content\/uploads\/2022\/01\/Assent-Website-PartnersAffiliates-AffiliatesLogos-MedTechUS.png\" \n\t\t\t\t\t\t\t\t\t\t   width=\"371\"\n\t\t\t\t\t\t\t\t\t\t   height=\"72\"\n\t\t\t\t\t\t\t\t\t\t   loading=\"lazy\" \n\t\t\t\t\t\t\t\t\t\t   alt=\"logo-img\"><\/div><\/div><div class=\"logo-item\"><div class=\"logo-item-inner\"><img decoding=\"async\" src=\"https:\/\/www.assent.com\/wp-content\/uploads\/2022\/01\/Assent-Website-PartnersAffiliates-PartnerLogos-GRC_logo.png\" \n\t\t\t\t\t\t\t\t\t\t   width=\"400\"\n\t\t\t\t\t\t\t\t\t\t   height=\"114\"\n\t\t\t\t\t\t\t\t\t\t   loading=\"lazy\" \n\t\t\t\t\t\t\t\t\t\t   alt=\"logo-img\"><\/div><\/div><div class=\"logo-item\"><div class=\"logo-item-inner\"><img decoding=\"async\" src=\"https:\/\/www.assent.com\/wp-content\/uploads\/2022\/01\/Assent-Website-PartnersAffiliates-PartnerLogos-HorivertATM.png\" \n\t\t\t\t\t\t\t\t\t\t   width=\"1154\"\n\t\t\t\t\t\t\t\t\t\t   height=\"181\"\n\t\t\t\t\t\t\t\t\t\t   loading=\"lazy\" \n\t\t\t\t\t\t\t\t\t\t   alt=\"logo-img\"><\/div><\/div><div class=\"logo-item\"><div class=\"logo-item-inner\"><img decoding=\"async\" src=\"https:\/\/www.assent.com\/wp-content\/uploads\/2022\/01\/Assent-Website-PartnersAffiliates-AffiliatesLogos-MedTechEU.png\" \n\t\t\t\t\t\t\t\t\t\t   width=\"396\"\n\t\t\t\t\t\t\t\t\t\t   height=\"66\"\n\t\t\t\t\t\t\t\t\t\t   loading=\"lazy\" \n\t\t\t\t\t\t\t\t\t\t   alt=\"logo-img\"><\/div><\/div><div class=\"logo-item\"><div class=\"logo-item-inner\"><img decoding=\"async\" src=\"https:\/\/www.assent.com\/wp-content\/uploads\/2022\/01\/Assent-Website-PartnersAffiliates-AffiliatesLogos-UNGC.png\" \n\t\t\t\t\t\t\t\t\t\t   width=\"368\"\n\t\t\t\t\t\t\t\t\t\t   height=\"103\"\n\t\t\t\t\t\t\t\t\t\t   loading=\"lazy\" \n\t\t\t\t\t\t\t\t\t\t   alt=\"logo-img\"><\/div><\/div><div class=\"logo-item\"><div class=\"logo-item-inner\"><img decoding=\"async\" src=\"https:\/\/www.assent.com\/wp-content\/uploads\/2022\/01\/Assent-Website-PartnersAffiliates-AffiliatesLogos-PPA.png\" \n\t\t\t\t\t\t\t\t\t\t   width=\"182\"\n\t\t\t\t\t\t\t\t\t\t   height=\"126\"\n\t\t\t\t\t\t\t\t\t\t   loading=\"lazy\" \n\t\t\t\t\t\t\t\t\t\t   alt=\"logo-img\"><\/div><\/div><div class=\"logo-item\"><div class=\"logo-item-inner\"><img decoding=\"async\" src=\"https:\/\/www.assent.com\/wp-content\/uploads\/2022\/01\/Assent-Website-PartnersAffiliates-AffiliatesLogos-GRI.png\" \n\t\t\t\t\t\t\t\t\t\t   width=\"126\"\n\t\t\t\t\t\t\t\t\t\t   height=\"135\"\n\t\t\t\t\t\t\t\t\t\t   loading=\"lazy\" \n\t\t\t\t\t\t\t\t\t\t   alt=\"logo-img\"><\/div><\/div><div class=\"logo-item\"><div class=\"logo-item-inner\"><img decoding=\"async\" src=\"https:\/\/www.assent.com\/wp-content\/uploads\/2022\/01\/Assent-Website-PartnersAffiliates-AffiliatesLogos-RMI.png\" \n\t\t\t\t\t\t\t\t\t\t   width=\"133\"\n\t\t\t\t\t\t\t\t\t\t   height=\"135\"\n\t\t\t\t\t\t\t\t\t\t   loading=\"lazy\" \n\t\t\t\t\t\t\t\t\t\t   alt=\"logo-img\"><\/div><\/div><\/div><\/div><\/div>\n    <\/section>\n\n\n<div style=\"height:75px\" aria-hidden=\"true\" class=\"wp-block-spacer\"><\/div>\n\n\n\r\n<!-- CTA Banner --><section class=\"cta-banner elem-viewport gradient3\">\r\n                <div class=\"container\">\r\n                    <div class=\"cta-banner-wrap\"  >\r\n                        <div class=\"row\">\r\n                            <div class=\"cell-lg-9\">\r\n                                <div class=\"cta-banner-content\"><h2 class=\"h2\">Zugang zu Einblicken in die regulatorische Landschaft<\/h2><p>Wir m\u00f6chten unser Wissen mit Ihnen teilen. Arbeiten Sie mit Assent zusammen, um die wichtigsten Neuigkeiten, tiefgreifende Einblicke sowie Ressourcen von f\u00fchrenden Vertretern Ihrer Branche zu erhalten. Kontaktieren Sie uns, um mehr zu erfahren.<\/p>\n<\/div>\r\n                            <\/div>\r\n                            <div class=\"cell-lg-3 d-flex align-items-center justify-content-center\"><a href=\"https:\/\/www.assent.com\/de\/unternehmen\/kontaktiere-sie-uns\/\" class=\"btn -white \" target=\"\">Kontakt<\/a><\/div>\r\n                        <\/div>\r\n                    <\/div>\r\n                <\/div>\r\n            <\/section>\r\n<style>\r\n    @media (max-width: 991px) {\r\n        .cta-banner.image-on-right {\r\n            text-align: center;\r\n        }\r\n\r\n        .cta-banner.gradient2 .align-items-center.justify-content-center {\r\n            justify-content: center;\r\n        }\r\n\r\n        .cta-banner.gradient3 .align-items-center.justify-content-center {\r\n            justify-content: center;\r\n        }\r\n    }\r\n<\/style>\n\n\n<div style=\"height:75px\" aria-hidden=\"true\" class=\"wp-block-spacer\"><\/div>\n","protected":false},"excerpt":{"rendered":"<p>Assent arbeitet mit einer Vielzahl an Branchenverb\u00e4nden und -aussch\u00fcssen zusammen. Erfahren Sie mehr dar\u00fcber, wie Ihr Programm zur Gew\u00e4hrleistung von Nachhaltigkeit in der Lieferkette von Ihrer Beteiligung an Brancheninitiativen profitieren kann.<\/p>\n","protected":false},"author":21,"featured_media":0,"parent":29488,"menu_order":0,"comment_status":"closed","ping_status":"closed","template":"","meta":{"_acf_changed":false,"footnotes":"","_links_to":"","_links_to_target":""},"categories":[],"class_list":["post-29499","page","type-page","status-publish","hentry"],"acf":[],"yoast_head":"<!-- This site is optimized with the Yoast SEO Premium plugin v26.6 (Yoast SEO v27.0) - https:\/\/yoast.com\/product\/yoast-seo-premium-wordpress\/ -->\n<title>Unsere Partnerschaften | Assent<\/title>\n<meta name=\"description\" content=\"Assent arbeitet mit einer Vielzahl an Branchenverb\u00e4nden und -aussch\u00fcssen zusammen. Erfahren Sie mehr dar\u00fcber, wie Ihr Programm zur Gew\u00e4hrleistung von Nachhaltigkeit in der Lieferkette von Ihrer Beteiligung an Brancheninitiativen profitieren kann.\" \/>\n<meta name=\"robots\" content=\"index, follow, max-snippet:-1, max-image-preview:large, max-video-preview:-1\" \/>\n<link rel=\"canonical\" href=\"https:\/\/www.assent.com\/de\/unternehmen\/partnerschaften\/\" \/>\n<meta property=\"og:locale\" content=\"de_DE\" \/>\n<meta property=\"og:type\" content=\"article\" \/>\n<meta property=\"og:title\" content=\"Unsere Partnerschaften\" \/>\n<meta property=\"og:description\" content=\"Assent arbeitet mit einer Vielzahl an Branchenverb\u00e4nden und -aussch\u00fcssen zusammen. Erfahren Sie mehr dar\u00fcber, wie Ihr Programm zur Gew\u00e4hrleistung von Nachhaltigkeit in der Lieferkette von Ihrer Beteiligung an Brancheninitiativen profitieren kann.\" \/>\n<meta property=\"og:url\" content=\"https:\/\/www.assent.com\/de\/unternehmen\/partnerschaften\/\" \/>\n<meta property=\"og:site_name\" content=\"Assent\" \/>\n<meta property=\"article:publisher\" content=\"https:\/\/www.facebook.com\/AssentCompliance\/\" \/>\n<meta property=\"article:modified_time\" content=\"2026-01-23T05:02:11+00:00\" \/>\n<meta name=\"twitter:card\" content=\"summary_large_image\" \/>\n<meta name=\"twitter:site\" content=\"@AssentGlobal\" \/>\n<script type=\"application\/ld+json\" class=\"yoast-schema-graph\">{\"@context\":\"https:\/\/schema.org\",\"@graph\":[{\"@type\":\"WebPage\",\"@id\":\"https:\/\/www.assent.com\/de\/unternehmen\/partnerschaften\/\",\"url\":\"https:\/\/www.assent.com\/de\/unternehmen\/partnerschaften\/\",\"name\":\"Unsere Partnerschaften | Assent\",\"isPartOf\":{\"@id\":\"https:\/\/www.assent.com\/de\/#website\"},\"datePublished\":\"2022-01-27T03:03:56+00:00\",\"dateModified\":\"2026-01-23T05:02:11+00:00\",\"description\":\"Assent arbeitet mit einer Vielzahl an Branchenverb\u00e4nden und -aussch\u00fcssen zusammen. Erfahren Sie mehr dar\u00fcber, wie Ihr Programm zur Gew\u00e4hrleistung von Nachhaltigkeit in der Lieferkette von Ihrer Beteiligung an Brancheninitiativen profitieren kann.\",\"breadcrumb\":{\"@id\":\"https:\/\/www.assent.com\/de\/unternehmen\/partnerschaften\/#breadcrumb\"},\"inLanguage\":\"de\",\"potentialAction\":[{\"@type\":\"ReadAction\",\"target\":[\"https:\/\/www.assent.com\/de\/unternehmen\/partnerschaften\/\"]}]},{\"@type\":\"BreadcrumbList\",\"@id\":\"https:\/\/www.assent.com\/de\/unternehmen\/partnerschaften\/#breadcrumb\",\"itemListElement\":[{\"@type\":\"ListItem\",\"position\":1,\"name\":\"Home\",\"item\":\"https:\/\/www.assent.com\/de\/\"},{\"@type\":\"ListItem\",\"position\":2,\"name\":\"Unternehmen\",\"item\":\"https:\/\/www.assent.com\/de\/unternehmen\/\"},{\"@type\":\"ListItem\",\"position\":3,\"name\":\"Unsere Partnerschaften\"}]},{\"@type\":\"WebSite\",\"@id\":\"https:\/\/www.assent.com\/de\/#website\",\"url\":\"https:\/\/www.assent.com\/de\/\",\"name\":\"Assent\",\"description\":\"\",\"publisher\":{\"@id\":\"https:\/\/www.assent.com\/de\/#organization\"},\"potentialAction\":[{\"@type\":\"SearchAction\",\"target\":{\"@type\":\"EntryPoint\",\"urlTemplate\":\"https:\/\/www.assent.com\/de\/?s={search_term_string}\"},\"query-input\":{\"@type\":\"PropertyValueSpecification\",\"valueRequired\":true,\"valueName\":\"search_term_string\"}}],\"inLanguage\":\"de\"},{\"@type\":\"Organization\",\"@id\":\"https:\/\/www.assent.com\/de\/#organization\",\"name\":\"Assent\",\"url\":\"https:\/\/www.assent.com\/de\/\",\"logo\":{\"@type\":\"ImageObject\",\"inLanguage\":\"de\",\"@id\":\"https:\/\/www.assent.com\/de\/#\/schema\/logo\/image\/\",\"url\":\"https:\/\/www.assent.com\/wp-content\/uploads\/2022\/01\/logo.svg\",\"contentUrl\":\"https:\/\/www.assent.com\/wp-content\/uploads\/2022\/01\/logo.svg\",\"width\":1,\"height\":1,\"caption\":\"Assent\"},\"image\":{\"@id\":\"https:\/\/www.assent.com\/de\/#\/schema\/logo\/image\/\"},\"sameAs\":[\"https:\/\/www.facebook.com\/AssentCompliance\/\",\"https:\/\/x.com\/AssentGlobal\",\"https:\/\/www.linkedin.com\/company\/assent-compliance-inc\"]}]}<\/script>\n<!-- \/ Yoast SEO Premium plugin. -->","yoast_head_json":{"title":"Unsere Partnerschaften | Assent","description":"Assent arbeitet mit einer Vielzahl an Branchenverb\u00e4nden und -aussch\u00fcssen zusammen. Erfahren Sie mehr dar\u00fcber, wie Ihr Programm zur Gew\u00e4hrleistung von Nachhaltigkeit in der Lieferkette von Ihrer Beteiligung an Brancheninitiativen profitieren kann.","robots":{"index":"index","follow":"follow","max-snippet":"max-snippet:-1","max-image-preview":"max-image-preview:large","max-video-preview":"max-video-preview:-1"},"canonical":"https:\/\/www.assent.com\/de\/unternehmen\/partnerschaften\/","og_locale":"de_DE","og_type":"article","og_title":"Unsere Partnerschaften","og_description":"Assent arbeitet mit einer Vielzahl an Branchenverb\u00e4nden und -aussch\u00fcssen zusammen. Erfahren Sie mehr dar\u00fcber, wie Ihr Programm zur Gew\u00e4hrleistung von Nachhaltigkeit in der Lieferkette von Ihrer Beteiligung an Brancheninitiativen profitieren kann.","og_url":"https:\/\/www.assent.com\/de\/unternehmen\/partnerschaften\/","og_site_name":"Assent","article_publisher":"https:\/\/www.facebook.com\/AssentCompliance\/","article_modified_time":"2026-01-23T05:02:11+00:00","twitter_card":"summary_large_image","twitter_site":"@AssentGlobal","schema":{"@context":"https:\/\/schema.org","@graph":[{"@type":"WebPage","@id":"https:\/\/www.assent.com\/de\/unternehmen\/partnerschaften\/","url":"https:\/\/www.assent.com\/de\/unternehmen\/partnerschaften\/","name":"Unsere Partnerschaften | Assent","isPartOf":{"@id":"https:\/\/www.assent.com\/de\/#website"},"datePublished":"2022-01-27T03:03:56+00:00","dateModified":"2026-01-23T05:02:11+00:00","description":"Assent arbeitet mit einer Vielzahl an Branchenverb\u00e4nden und -aussch\u00fcssen zusammen. Erfahren Sie mehr dar\u00fcber, wie Ihr Programm zur Gew\u00e4hrleistung von Nachhaltigkeit in der Lieferkette von Ihrer Beteiligung an Brancheninitiativen profitieren kann.","breadcrumb":{"@id":"https:\/\/www.assent.com\/de\/unternehmen\/partnerschaften\/#breadcrumb"},"inLanguage":"de","potentialAction":[{"@type":"ReadAction","target":["https:\/\/www.assent.com\/de\/unternehmen\/partnerschaften\/"]}]},{"@type":"BreadcrumbList","@id":"https:\/\/www.assent.com\/de\/unternehmen\/partnerschaften\/#breadcrumb","itemListElement":[{"@type":"ListItem","position":1,"name":"Home","item":"https:\/\/www.assent.com\/de\/"},{"@type":"ListItem","position":2,"name":"Unternehmen","item":"https:\/\/www.assent.com\/de\/unternehmen\/"},{"@type":"ListItem","position":3,"name":"Unsere Partnerschaften"}]},{"@type":"WebSite","@id":"https:\/\/www.assent.com\/de\/#website","url":"https:\/\/www.assent.com\/de\/","name":"Assent","description":"","publisher":{"@id":"https:\/\/www.assent.com\/de\/#organization"},"potentialAction":[{"@type":"SearchAction","target":{"@type":"EntryPoint","urlTemplate":"https:\/\/www.assent.com\/de\/?s={search_term_string}"},"query-input":{"@type":"PropertyValueSpecification","valueRequired":true,"valueName":"search_term_string"}}],"inLanguage":"de"},{"@type":"Organization","@id":"https:\/\/www.assent.com\/de\/#organization","name":"Assent","url":"https:\/\/www.assent.com\/de\/","logo":{"@type":"ImageObject","inLanguage":"de","@id":"https:\/\/www.assent.com\/de\/#\/schema\/logo\/image\/","url":"https:\/\/www.assent.com\/wp-content\/uploads\/2022\/01\/logo.svg","contentUrl":"https:\/\/www.assent.com\/wp-content\/uploads\/2022\/01\/logo.svg","width":1,"height":1,"caption":"Assent"},"image":{"@id":"https:\/\/www.assent.com\/de\/#\/schema\/logo\/image\/"},"sameAs":["https:\/\/www.facebook.com\/AssentCompliance\/","https:\/\/x.com\/AssentGlobal","https:\/\/www.linkedin.com\/company\/assent-compliance-inc"]}]}},"_links":{"self":[{"href":"https:\/\/www.assent.com\/de\/wp-json\/wp\/v2\/pages\/29499","targetHints":{"allow":["GET"]}}],"collection":[{"href":"https:\/\/www.assent.com\/de\/wp-json\/wp\/v2\/pages"}],"about":[{"href":"https:\/\/www.assent.com\/de\/wp-json\/wp\/v2\/types\/page"}],"author":[{"embeddable":true,"href":"https:\/\/www.assent.com\/de\/wp-json\/wp\/v2\/users\/21"}],"replies":[{"embeddable":true,"href":"https:\/\/www.assent.com\/de\/wp-json\/wp\/v2\/comments?post=29499"}],"version-history":[{"count":1,"href":"https:\/\/www.assent.com\/de\/wp-json\/wp\/v2\/pages\/29499\/revisions"}],"predecessor-version":[{"id":107864,"href":"https:\/\/www.assent.com\/de\/wp-json\/wp\/v2\/pages\/29499\/revisions\/107864"}],"up":[{"embeddable":true,"href":"https:\/\/www.assent.com\/de\/wp-json\/wp\/v2\/pages\/29488"}],"wp:attachment":[{"href":"https:\/\/www.assent.com\/de\/wp-json\/wp\/v2\/media?parent=29499"}],"wp:term":[{"taxonomy":"category","embeddable":true,"href":"https:\/\/www.assent.com\/de\/wp-json\/wp\/v2\/categories?post=29499"}],"curies":[{"name":"wp","href":"https:\/\/api.w.org\/{rel}","templated":true}]}}