{"id":29478,"date":"2022-02-21T22:25:56","date_gmt":"2022-02-22T03:25:56","guid":{"rendered":"https:\/\/www.assent.com\/training-courses\/"},"modified":"2026-01-23T00:06:45","modified_gmt":"2026-01-23T05:06:45","slug":"schulungen","status":"publish","type":"page","link":"https:\/\/www.assent.com\/de\/schulungen\/","title":{"rendered":"Trainingskurse"},"content":{"rendered":"<!-- banner area part -->\n        <section class=\"generic-hero  purple   \" ><div class=\"gh-right-triangles\"><\/div><div class=\"row hero-wrap\">\n                <div class=\"cell-7 hero-left\"><div class=\"hero-left-inner d-flex align-items-center\"><div class=\"gh-content\"><h1 class=\"h1\">\u00dcberblick \u00fcber Ihr Programm zum Management von Daten in der Lieferkette<\/h1><p>Sie erhalten Zugriff auf umfassende Schulungsressourcen, die Ihnen eingehende Informationen zu Ihren gesch\u00e4ftlichen und regulatorischen Anforderungen bieten. Zudem erfahren Sie mehr \u00fcber die M\u00f6glichkeiten zum Aufbau eines effektiven Programms, um Risiken in der Lieferkette zu minimieren.<\/p>\n<div class=\"btn-wrap\"><\/div><\/div><\/div>\n                <\/div><\/div>\n        <\/section>\n\n\n<div style=\"height:75px\" aria-hidden=\"true\" class=\"wp-block-spacer\"><\/div>\n\n\n<!-- Fifty Fifty Promo -->\n        <section class=\"fifty-fifty-promo elem-viewport \"><div class=\"container simple\"><div class=\"row \"><div class=\"cell-lg-6\"><div class=\"promo-media\"><div class=\"promo-image\">\n                                        <img decoding=\"async\" src=\"https:\/\/www.assent.com\/wp-content\/uploads\/2022\/02\/au-access-img@2x.png\" alt=\"\">\n                                    <\/div><\/div><\/div>\n                    <div class=\"cell-lg-6\"><div class=\"promo-content\"><h2 class=\"h2\">Assent University<\/h2><div class=\"promo-wysiwyg default\"><p>Bei der Assent University handelt es sich um die Lernplattform von Assent. Das Angebot an Schulungen und Lernpfaden richtet sich gleicherma\u00dfen an Kunden und ihre jeweiligen Zulieferer. Wir stellen sicher, dass Sie \u00fcber alle relevanten Informationen, Schulungsm\u00f6glichkeiten und Tools verf\u00fcgen, um Ihr Programm zur Datenverwaltung \u00fcber die Assent Compliance Plattform zu implementieren. Diese Kurse enthalten Demos zur optimalen Nutzung unseres Produkts, Erl\u00e4uterungen zu den Vorschriften, die Ihr Unternehmen betreffen, sowie wichtige Hinweise zur Umsetzung dieser regulatorischen Bestimmungen bzw. Anforderungen an Lieferkettendaten.<\/p>\n<p>Sie erhalten Ihre Zugangsdaten f\u00fcr die Assent-University-Lernplattform innerhalb von sieben Tagen nach der Aktivierung Ihres Assent-Kontos per E-Mail. Bei Bedarf k\u00f6nnen Sie diese Zugangsdaten allerdings jederzeit erneut von Ihrem Customer Success Manager anfordern.<\/p>\n<\/div><a href=\"https:\/\/learningportal.assentu.assentcompliance.com\/\" target=\"\" class=\"btn\">Assent University beitreten<\/a><\/div><\/div>\n                <\/div><\/div>\n        <\/section>\n\n\n<div style=\"height:75px\" aria-hidden=\"true\" class=\"wp-block-spacer\"><\/div>\n\n\n\r\n<!-- WYSIWYG -->\r\n        <section class=\"wysiwyg-section\">\r\n            <div class=\"container\"><h2 style=\"text-align: center;\">Auswahl eines pers\u00f6nlichen Lernpfads<\/h2>\n<p style=\"text-align: center;\">Sobald Sie Zugriff auf die Assent-University-Lernplattform haben, k\u00f6nnen Sie sich f\u00fcr den am besten auf Ihre Rolle zugeschnittenen Lernpfad entscheiden. Auf Basis Ihrer Auswahl k\u00f6nnen wir Ihnen ein relevantes und informatives Kursangebot unterbreiten, das perfekt auf Ihre Bed\u00fcrfnisse abgestimmt ist. Sollten Sie Ihre Zugangsdaten mehr als sieben Tage nach der Aktivierung des Assent-Kontos Ihres Unternehmens noch immer nicht erhalten haben, k\u00f6nnen Sie auch \u00fcber den oben stehenden Link Zugriff anfordern. Assent-Kunden k\u00f6nnen sich bei Fragen und Bedenken an ihren Customer Success Manager wenden.<\/p>\n<\/div>    \r\n        <\/section>\n\n<section class=\"tabbed-content \" >\n    <div class=\"container\"><div class=\"sec-heading text-center\"><h2> <\/h2><\/div><div class=\"tc-wrap\">\n            <div class=\"row\">\n                <div class=\"cell-md-6 pr-xl-50\"><div class=\"tc-links d-md-block d-none\"><div class=\"tc-tab-title d-flex flex-nowrap align-items-center\"><h5 class=\"h5\">Programmmanager f\u00fcr Daten<\/h5><\/div><div class=\"tc-tab-title d-flex flex-nowrap align-items-center\"><h5 class=\"h5\">Ressource f\u00fcr die Zuliefererbindung<\/h5><\/div><div class=\"tc-tab-title d-flex flex-nowrap align-items-center\"><h5 class=\"h5\">Engineer<\/h5><\/div><\/div><div class=\"tc-links-mobile d-md-none d-block\">\n                        <div class=\"tc-slider\"><div class=\"tc-tab-title d-flex flex-nowrap align-items-center\"><h5 class=\"h5\">Programmmanager f\u00fcr Daten<\/h5><\/div><div class=\"tc-tab-title d-flex flex-nowrap align-items-center\"><h5 class=\"h5\">Ressource f\u00fcr die Zuliefererbindung<\/h5><\/div><div class=\"tc-tab-title d-flex flex-nowrap align-items-center\"><h5 class=\"h5\">Engineer<\/h5><\/div><\/div>\n                    <\/div><\/div>\n                <div class=\"cell-md-6 pr-xl-50\"><div class=\"tc-right-wrap\"><div class=\"tc-right pl-xl-50\" id=\"tc-tab1\"><h4 class=\"h4\">Programmmanager f\u00fcr Daten<\/h4><div class=\"tc-content\"><p>Sie sind an der Verwaltung des Programms zur Datenerfassung in Ihrem Unternehmen beteiligt. Zu Ihrem Verantwortungsbereich z\u00e4hlt die Kommunikation mit Zulieferern, einschlie\u00dflich der Bearbeitung von Datenanfragen und der Auswertung von Reaktionsdaten f\u00fcr die Analyse der Programmergebnisse.<\/p>\n<p><strong>Kursinhalte<\/strong><\/p>\n<p>Der Lernpfad f\u00fcr Programmmanager f\u00fcr Daten bietet eine Einf\u00fchrung zum Assent Sustainability Manager. Sie erhalten zudem grundlegende Informationen und eine Demo zur optimalen Nutzung von Berichten, benutzerdefinierten Feldern und Gesch\u00e4ftsregeln. So k\u00f6nnen Verantwortliche ihr Programm im Hinblick auf Effizienz optimieren. Es werden zudem detaillierte Leitf\u00e4den in Bezug auf die Kontaktaufnahme mit Zulieferern, das Hochladen von Dokumenten, die Berichtsanalyse und viele weitere Aspekte bereitgestellt.<\/p>\n<p>Ca. 155\u2013205 Minuten<\/p>\n<p><strong>Weiterf\u00fchrende Ressourcen und Berichtsvorlagen<\/strong><\/p>\n<p>Wir bei Assent m\u00f6chten Sie auf Ihrem Weg zum Erfolg unterst\u00fctzen und stellen Ihnen daher ein breitgef\u00e4chertes Angebot an Ressourcen und Tools bereit. Dazu z\u00e4hlen etwa die Assent University sowie das Assent Materials Declarations Tool, das Ihnen die Erstellung und Bearbeitung von XML-Dateien gem\u00e4\u00df den Standards IPC-1752A sowie IPC-1754 erm\u00f6glicht. Weitere Informationen und Hinweise zu spezifischen Systemfunktionen in Form von Anleitungen und Hilfevideos finden Sie in unserem Hilfecenter f\u00fcr Kunden.<\/p>\n<\/div><a href=\"https:\/\/learningportal.assentu.assentcompliance.com\/\" class=\"btn \" target=\"_blank\">Erste Schritte<\/a><\/div><div class=\"tc-right pl-xl-50\" id=\"tc-tab2\"><h4 class=\"h4\">Ressource f\u00fcr die Zuliefererbindung<\/h4><div class=\"tc-content\"><p>Sie unterst\u00fctzen Zulieferer bei ihren Bem\u00fchungen, die von Ihrem Unternehmen angeforderten Unterlagen zur Verf\u00fcgung zu stellen, und sind der Hauptansprechpartner f\u00fcr ihre Fragen oder Bedenken.<\/p>\n<p><strong>Kursinhalte<\/strong><\/p>\n<p>Dieser Lernpfad macht Benutzer, die sich auf die Zuliefererbindung konzentrieren, mit dem Assent Sustainability Manager vertraut. Sie erhalten Anweisungen, wie Sie Ihre Berichte am besten herunterladen und konfigurieren, Feedback verfolgen, Unterlagen hochladen und Schulungsressourcen f\u00fcr Zulieferer bereitstellen.<\/p>\n<p>Ca. 145\u2013175 Minuten<\/p>\n<\/div><a href=\"https:\/\/learningportal.assentu.assentcompliance.com\/\" class=\"btn \" target=\"_blank\">Erste Schritte<\/a><\/div><div class=\"tc-right pl-xl-50\" id=\"tc-tab3\"><h4 class=\"h4\">Engineer<\/h4><div class=\"tc-content\"><p>Sie interpretieren die gesammelten Daten der Lieferkette, um Konstruktionsentscheidungen zu treffen. Sie ben\u00f6tigen schnellen Zugriff auf den Reaktionsstatus von Zulieferern oder Produkten und m\u00fcssen m\u00f6glicherweise die von Zulieferern bereitgestellten Belege \u00fcberpr\u00fcfen.<\/p>\n<p><strong>Kursinhalte<\/strong><\/p>\n<p>Dieser Pfad bietet wichtige Informationen zum Assent Sustainability Manager und zu den Funktionen, die die schnelle Analyse wichtiger Informationen erm\u00f6glichen. Erfahren Sie, wie Sie schnell und einfach nach Zuliefererstatus sowie Teil- oder Produktdetails suchen und Benachrichtigungen innerhalb des Managers erstellen. So k\u00f6nnen Sie umgehend auf eingehende Daten reagieren.<\/p>\n<p>Ca. 135\u2013175 Minuten<\/p>\n<\/div><a href=\"https:\/\/learningportal.assentu.assentcompliance.com\/\" class=\"btn \" target=\"_blank\">Erste Schritte<\/a><\/div><\/div><\/div>                \n            <\/div>                \n        <\/div>\n\n    <\/div>\n<\/section>\n\n\n<div style=\"height:75px\" aria-hidden=\"true\" class=\"wp-block-spacer\"><\/div>\n\n\n\r\n<!-- CTA Banner --><section class=\"cta-banner elem-viewport gradient3\">\r\n                <div class=\"container\">\r\n                    <div class=\"cta-banner-wrap\"  >\r\n                        <div class=\"row\">\r\n                            <div class=\"cell-lg-9\">\r\n                                <div class=\"cta-banner-content\"><h2 class=\"h2\">Pers\u00f6nliche Schulung buchen<\/h2><p>Erhalten Sie w\u00e4hrend einer gef\u00fchrten Schulung praktische Anweisungen von einem Assent-Mitarbeiter. Ein Mitglied unseres Expertenteams wird Sie durch verschiedene Prozesse f\u00fchren und Ihnen die Grundlagen vermitteln, die Sie ben\u00f6tigen, um hervorragende Leistungen zu erbringen.<\/p>\n<\/div>\r\n                            <\/div>\r\n                            <div class=\"cell-lg-3 d-flex align-items-center justify-content-center\"><a href=\"\/de\/unternehmen\/kontaktiere-sie-uns\/\" class=\"btn -white \" target=\"\">Pers\u00f6nliche Schulung buchen<\/a><\/div>\r\n                        <\/div>\r\n                    <\/div>\r\n                <\/div>\r\n            <\/section>\r\n<style>\r\n    @media (max-width: 991px) {\r\n        .cta-banner.image-on-right {\r\n            text-align: center;\r\n        }\r\n\r\n        .cta-banner.gradient2 .align-items-center.justify-content-center {\r\n            justify-content: center;\r\n        }\r\n\r\n        .cta-banner.gradient3 .align-items-center.justify-content-center {\r\n            justify-content: center;\r\n        }\r\n    }\r\n<\/style>\n\n\n<div style=\"height:75px\" aria-hidden=\"true\" class=\"wp-block-spacer\"><\/div>\n\n\n<!-- Fifty Fifty Promo -->\n        <section class=\"fifty-fifty-promo elem-viewport \"><div class=\"container simple\"><div class=\"row \"><div class=\"cell-lg-6\"><div class=\"promo-media\"><div class=\"promo-image\">\n                                        <img decoding=\"async\" src=\"https:\/\/www.assent.com\/wp-content\/uploads\/2022\/02\/help-center-img@2x.png\" alt=\"\">\n                                    <\/div><\/div><\/div>\n                    <div class=\"cell-lg-6\"><div class=\"promo-content\"><h2 class=\"h2\">Hilfecenter<\/h2><div class=\"promo-wysiwyg default\"><p>Assent bietet umfassenden Support sowohl f\u00fcr unsere Kunden als auch f\u00fcr deren Lieferanten. Besuchen Sie unser Hilfecenter, um Antworten auf h\u00e4ufig gestellte Fragen zu erhalten, auf weitere Lernmaterialien zuzugreifen oder ein Mitglied des Support-Teams zu kontaktieren.<\/p>\n<\/div><a href=\"https:\/\/www.assent.com\/de\/kundenbetreuung\" target=\"\" class=\"btn\">Assent Support<\/a><\/div><\/div>\n                <\/div><\/div>\n        <\/section>\n\n\n<div style=\"height:75px\" aria-hidden=\"true\" class=\"wp-block-spacer\"><\/div>\n","protected":false},"excerpt":{"rendered":"<p>Besuchen Sie die Assent University f\u00fcr Ingenieure, Compliance-Manager und Zulieferer, um die Nachhaltigkeit Ihrer Lieferkette zu verbessern.<\/p>\n","protected":false},"author":21,"featured_media":0,"parent":0,"menu_order":0,"comment_status":"closed","ping_status":"closed","template":"","meta":{"_acf_changed":false,"footnotes":"","_links_to":"","_links_to_target":""},"categories":[],"class_list":["post-29478","page","type-page","status-publish","hentry"],"acf":[],"yoast_head":"<!-- This site is optimized with the Yoast SEO Premium plugin v26.6 (Yoast SEO v27.0) - https:\/\/yoast.com\/product\/yoast-seo-premium-wordpress\/ -->\n<title>Trainingskurse | Assent<\/title>\n<meta name=\"description\" content=\"Besuchen Sie die Assent University f\u00fcr Ingenieure, Compliance-Manager und Zulieferer, um die Nachhaltigkeit Ihrer Lieferkette zu verbessern.\" \/>\n<meta name=\"robots\" content=\"index, follow, max-snippet:-1, max-image-preview:large, max-video-preview:-1\" \/>\n<link rel=\"canonical\" href=\"https:\/\/www.assent.com\/de\/schulungen\/\" \/>\n<meta property=\"og:locale\" content=\"de_DE\" \/>\n<meta property=\"og:type\" content=\"article\" \/>\n<meta property=\"og:title\" content=\"Trainingskurse\" \/>\n<meta property=\"og:description\" content=\"Besuchen Sie die Assent University f\u00fcr Ingenieure, Compliance-Manager und Zulieferer, um die Nachhaltigkeit Ihrer Lieferkette zu verbessern.\" \/>\n<meta property=\"og:url\" content=\"https:\/\/www.assent.com\/de\/schulungen\/\" \/>\n<meta property=\"og:site_name\" content=\"Assent\" \/>\n<meta property=\"article:publisher\" content=\"https:\/\/www.facebook.com\/AssentCompliance\/\" \/>\n<meta property=\"article:modified_time\" content=\"2026-01-23T05:06:45+00:00\" \/>\n<meta name=\"twitter:card\" content=\"summary_large_image\" \/>\n<meta name=\"twitter:site\" content=\"@AssentGlobal\" \/>\n<script type=\"application\/ld+json\" class=\"yoast-schema-graph\">{\"@context\":\"https:\/\/schema.org\",\"@graph\":[{\"@type\":\"WebPage\",\"@id\":\"https:\/\/www.assent.com\/de\/schulungen\/\",\"url\":\"https:\/\/www.assent.com\/de\/schulungen\/\",\"name\":\"Trainingskurse | Assent\",\"isPartOf\":{\"@id\":\"https:\/\/www.assent.com\/de\/#website\"},\"datePublished\":\"2022-02-22T03:25:56+00:00\",\"dateModified\":\"2026-01-23T05:06:45+00:00\",\"description\":\"Besuchen Sie die Assent University f\u00fcr Ingenieure, Compliance-Manager und Zulieferer, um die Nachhaltigkeit Ihrer Lieferkette zu verbessern.\",\"breadcrumb\":{\"@id\":\"https:\/\/www.assent.com\/de\/schulungen\/#breadcrumb\"},\"inLanguage\":\"de\",\"potentialAction\":[{\"@type\":\"ReadAction\",\"target\":[\"https:\/\/www.assent.com\/de\/schulungen\/\"]}]},{\"@type\":\"BreadcrumbList\",\"@id\":\"https:\/\/www.assent.com\/de\/schulungen\/#breadcrumb\",\"itemListElement\":[{\"@type\":\"ListItem\",\"position\":1,\"name\":\"Home\",\"item\":\"https:\/\/www.assent.com\/de\/\"},{\"@type\":\"ListItem\",\"position\":2,\"name\":\"Trainingskurse\"}]},{\"@type\":\"WebSite\",\"@id\":\"https:\/\/www.assent.com\/de\/#website\",\"url\":\"https:\/\/www.assent.com\/de\/\",\"name\":\"Assent\",\"description\":\"\",\"publisher\":{\"@id\":\"https:\/\/www.assent.com\/de\/#organization\"},\"potentialAction\":[{\"@type\":\"SearchAction\",\"target\":{\"@type\":\"EntryPoint\",\"urlTemplate\":\"https:\/\/www.assent.com\/de\/?s={search_term_string}\"},\"query-input\":{\"@type\":\"PropertyValueSpecification\",\"valueRequired\":true,\"valueName\":\"search_term_string\"}}],\"inLanguage\":\"de\"},{\"@type\":\"Organization\",\"@id\":\"https:\/\/www.assent.com\/de\/#organization\",\"name\":\"Assent\",\"url\":\"https:\/\/www.assent.com\/de\/\",\"logo\":{\"@type\":\"ImageObject\",\"inLanguage\":\"de\",\"@id\":\"https:\/\/www.assent.com\/de\/#\/schema\/logo\/image\/\",\"url\":\"https:\/\/www.assent.com\/wp-content\/uploads\/2022\/01\/logo.svg\",\"contentUrl\":\"https:\/\/www.assent.com\/wp-content\/uploads\/2022\/01\/logo.svg\",\"width\":1,\"height\":1,\"caption\":\"Assent\"},\"image\":{\"@id\":\"https:\/\/www.assent.com\/de\/#\/schema\/logo\/image\/\"},\"sameAs\":[\"https:\/\/www.facebook.com\/AssentCompliance\/\",\"https:\/\/x.com\/AssentGlobal\",\"https:\/\/www.linkedin.com\/company\/assent-compliance-inc\"]}]}<\/script>\n<!-- \/ Yoast SEO Premium plugin. -->","yoast_head_json":{"title":"Trainingskurse | Assent","description":"Besuchen Sie die Assent University f\u00fcr Ingenieure, Compliance-Manager und Zulieferer, um die Nachhaltigkeit Ihrer Lieferkette zu verbessern.","robots":{"index":"index","follow":"follow","max-snippet":"max-snippet:-1","max-image-preview":"max-image-preview:large","max-video-preview":"max-video-preview:-1"},"canonical":"https:\/\/www.assent.com\/de\/schulungen\/","og_locale":"de_DE","og_type":"article","og_title":"Trainingskurse","og_description":"Besuchen Sie die Assent University f\u00fcr Ingenieure, Compliance-Manager und Zulieferer, um die Nachhaltigkeit Ihrer Lieferkette zu verbessern.","og_url":"https:\/\/www.assent.com\/de\/schulungen\/","og_site_name":"Assent","article_publisher":"https:\/\/www.facebook.com\/AssentCompliance\/","article_modified_time":"2026-01-23T05:06:45+00:00","twitter_card":"summary_large_image","twitter_site":"@AssentGlobal","schema":{"@context":"https:\/\/schema.org","@graph":[{"@type":"WebPage","@id":"https:\/\/www.assent.com\/de\/schulungen\/","url":"https:\/\/www.assent.com\/de\/schulungen\/","name":"Trainingskurse | Assent","isPartOf":{"@id":"https:\/\/www.assent.com\/de\/#website"},"datePublished":"2022-02-22T03:25:56+00:00","dateModified":"2026-01-23T05:06:45+00:00","description":"Besuchen Sie die Assent University f\u00fcr Ingenieure, Compliance-Manager und Zulieferer, um die Nachhaltigkeit Ihrer Lieferkette zu verbessern.","breadcrumb":{"@id":"https:\/\/www.assent.com\/de\/schulungen\/#breadcrumb"},"inLanguage":"de","potentialAction":[{"@type":"ReadAction","target":["https:\/\/www.assent.com\/de\/schulungen\/"]}]},{"@type":"BreadcrumbList","@id":"https:\/\/www.assent.com\/de\/schulungen\/#breadcrumb","itemListElement":[{"@type":"ListItem","position":1,"name":"Home","item":"https:\/\/www.assent.com\/de\/"},{"@type":"ListItem","position":2,"name":"Trainingskurse"}]},{"@type":"WebSite","@id":"https:\/\/www.assent.com\/de\/#website","url":"https:\/\/www.assent.com\/de\/","name":"Assent","description":"","publisher":{"@id":"https:\/\/www.assent.com\/de\/#organization"},"potentialAction":[{"@type":"SearchAction","target":{"@type":"EntryPoint","urlTemplate":"https:\/\/www.assent.com\/de\/?s={search_term_string}"},"query-input":{"@type":"PropertyValueSpecification","valueRequired":true,"valueName":"search_term_string"}}],"inLanguage":"de"},{"@type":"Organization","@id":"https:\/\/www.assent.com\/de\/#organization","name":"Assent","url":"https:\/\/www.assent.com\/de\/","logo":{"@type":"ImageObject","inLanguage":"de","@id":"https:\/\/www.assent.com\/de\/#\/schema\/logo\/image\/","url":"https:\/\/www.assent.com\/wp-content\/uploads\/2022\/01\/logo.svg","contentUrl":"https:\/\/www.assent.com\/wp-content\/uploads\/2022\/01\/logo.svg","width":1,"height":1,"caption":"Assent"},"image":{"@id":"https:\/\/www.assent.com\/de\/#\/schema\/logo\/image\/"},"sameAs":["https:\/\/www.facebook.com\/AssentCompliance\/","https:\/\/x.com\/AssentGlobal","https:\/\/www.linkedin.com\/company\/assent-compliance-inc"]}]}},"_links":{"self":[{"href":"https:\/\/www.assent.com\/de\/wp-json\/wp\/v2\/pages\/29478","targetHints":{"allow":["GET"]}}],"collection":[{"href":"https:\/\/www.assent.com\/de\/wp-json\/wp\/v2\/pages"}],"about":[{"href":"https:\/\/www.assent.com\/de\/wp-json\/wp\/v2\/types\/page"}],"author":[{"embeddable":true,"href":"https:\/\/www.assent.com\/de\/wp-json\/wp\/v2\/users\/21"}],"replies":[{"embeddable":true,"href":"https:\/\/www.assent.com\/de\/wp-json\/wp\/v2\/comments?post=29478"}],"version-history":[{"count":2,"href":"https:\/\/www.assent.com\/de\/wp-json\/wp\/v2\/pages\/29478\/revisions"}],"predecessor-version":[{"id":107871,"href":"https:\/\/www.assent.com\/de\/wp-json\/wp\/v2\/pages\/29478\/revisions\/107871"}],"wp:attachment":[{"href":"https:\/\/www.assent.com\/de\/wp-json\/wp\/v2\/media?parent=29478"}],"wp:term":[{"taxonomy":"category","embeddable":true,"href":"https:\/\/www.assent.com\/de\/wp-json\/wp\/v2\/categories?post=29478"}],"curies":[{"name":"wp","href":"https:\/\/api.w.org\/{rel}","templated":true}]}}